{"id":1516,"date":"2024-12-23T05:50:37","date_gmt":"2024-12-23T05:50:37","guid":{"rendered":"https:\/\/fmp-components.com\/product\/professional-small-double-acting-snow-plow-hydraulic-cylinder\/"},"modified":"2024-12-23T06:10:51","modified_gmt":"2024-12-23T06:10:51","slug":"professional-small-double-acting-snow-plow-hydraulic-cylinder","status":"publish","type":"product","link":"https:\/\/fmp-components.com\/hu\/product\/professional-small-double-acting-snow-plow-hydraulic-cylinder\/","title":{"rendered":"Professzion\u00e1lis kism\u00e9ret\u0171, kett\u0151s m\u0171k\u00f6d\u00e9s\u0171 h\u00f3eke hidraulikus henger"},"content":{"rendered":"<h2>Professzion\u00e1lis kism\u00e9ret\u0171, kett\u0151s m\u0171k\u00f6d\u00e9s\u0171 h\u00f3eke hidraulikus henger<\/h2>\n<p>Bemutatkozik a professzion\u00e1lis, kism\u00e9ret\u0171, kett\u0151s m\u0171k\u00f6d\u00e9s\u0171 h\u00f3eke hidraulikus henger:<\/p>\n<p>A professzion\u00e1lis, kism\u00e9ret\u0171, kett\u0151s m\u0171k\u00f6d\u00e9s\u0171 h\u00f3eke hidraulikus henger egy kiv\u00e1l\u00f3 min\u0151s\u00e9g\u0171 hidraulikus henger, amelyet kifejezetten h\u00f3eke alkalmaz\u00e1sokhoz terveztek. Ez a henger a prec\u00edzi\u00f3t \u00e9s a tart\u00f3ss\u00e1got szem el\u0151tt tartva k\u00e9sz\u00fclt, \u00edgy t\u00f6k\u00e9letes v\u00e1laszt\u00e1s a h\u00f3eltakar\u00edt\u00f3 iparban dolgoz\u00f3 szakemberek sz\u00e1m\u00e1ra.<\/p>\n<p>Kett\u0151s m\u0171k\u00f6d\u00e9s\u0171 kialak\u00edt\u00e1s\u00e1nak k\u00f6sz\u00f6nhet\u0151en ez a hidraulikus henger lehet\u0151v\u00e9 teszi az eke peng\u00e9j\u00e9nek kiny\u00fajt\u00e1s\u00e1t \u00e9s visszah\u00faz\u00e1s\u00e1t is, \u00edgy hat\u00e9kony \u00e9s eredm\u00e9nyes h\u00f3eltakar\u00edt\u00e1st biztos\u00edt. A henger fejlett hidraulikus technol\u00f3gi\u00e1val van felszerelve, amely m\u00e9g a legzordabb t\u00e9li k\u00f6r\u00fclm\u00e9nyek k\u00f6z\u00f6tt is biztos\u00edtja a sima \u00e9s megb\u00edzhat\u00f3 m\u0171k\u00f6d\u00e9st.<\/p>\n<p>A professzion\u00e1lis, kism\u00e9ret\u0171, kett\u0151s m\u0171k\u00f6d\u00e9s\u0171 h\u00f3kotr\u00f3 hidraulikus henger pr\u00e9mium min\u0151s\u00e9g\u0171 anyagokb\u00f3l, t\u00f6bbek k\u00f6z\u00f6tt nagy szil\u00e1rds\u00e1g\u00fa ac\u00e9lb\u00f3l \u00e9s korr\u00f3zi\u00f3\u00e1ll\u00f3 bevonatokb\u00f3l k\u00e9sz\u00fclt. Ez biztos\u00edtja a hossz\u00fa \u00e9lettartam\u00e1t \u00e9s a nagy ig\u00e9nybev\u00e9telnek val\u00f3 ellen\u00e1ll\u00e1s\u00e1t, \u00edgy v\u00e9gs\u0151 soron id\u0151t \u00e9s p\u00e9nzt takar\u00edt meg a karbantart\u00e1son \u00e9s a cser\u00e9n.<\/p>\n<p>Kompakt \u00e9s \u00e1ramvonalas kialak\u00edt\u00e1s\u00e1nak k\u00f6sz\u00f6nhet\u0151en ez a hidraulikus henger k\u00f6nnyen telep\u00edthet\u0151, \u00e9s z\u00f6kken\u0151mentesen illeszkedik a k\u00fcl\u00f6nf\u00e9le h\u00f3eke-rendszerekbe. Sokoldal\u00fa r\u00f6gz\u00edt\u00e9si lehet\u0151s\u00e9gei lehet\u0151v\u00e9 teszik a k\u00e9nyelmes testreszab\u00e1st, alkalmazkodva a k\u00fcl\u00f6nb\u00f6z\u0151 h\u00f3eke-konfigur\u00e1ci\u00f3khoz \u00e9s k\u00f6vetelm\u00e9nyekhez.<\/p>\n<p>A biztons\u00e1g kiemelt fontoss\u00e1g\u00fa a Professional Small Dupla M\u0171k\u00f6d\u00e9s\u0171 H\u00f3eke Hidraulikus Munkahenger eset\u00e9ben. Be\u00e9p\u00edtett biztons\u00e1gi funkci\u00f3kkal, p\u00e9ld\u00e1ul nyom\u00e1scs\u00f6kkent\u0151 szelepekkel \u00e9s t\u00f6m\u00edt\u00e9sekkel van felszerelve, hogy megakad\u00e1lyozz\u00e1k a sziv\u00e1rg\u00e1sokat \u00e9s fenntarts\u00e1k az optim\u00e1lis teljes\u00edtm\u00e9nyt. Ez garant\u00e1lja mind a kezel\u0151, mind a berendez\u00e9s biztons\u00e1g\u00e1t.<\/p>\n<p>\u00d6sszefoglalva, a Professional Small Dupla M\u0171k\u00f6d\u00e9s\u0171 H\u00f3eke Hidraulikus Henger egy kiv\u00e9teles term\u00e9k, amely kiv\u00e9teles eredm\u00e9nyeket biztos\u00edt. Robusztus fel\u00e9p\u00edt\u00e9se, hat\u00e9kony m\u0171k\u00f6d\u00e9se \u00e9s felhaszn\u00e1l\u00f3bar\u00e1t kialak\u00edt\u00e1sa miatt ez a legjobb v\u00e1laszt\u00e1s azoknak a szakembereknek, akik megb\u00edzhat\u00f3 \u00e9s nagy teljes\u00edtm\u00e9ny\u0171 hidraulikus hengert keresnek h\u00f3eke alkalmaz\u00e1sokhoz. A Professional Small Dupla M\u0171k\u00f6d\u00e9s\u0171 H\u00f3eke Hidraulikus Henger egy \u00e9lvonalbeli eszk\u00f6z, amelyet a teljes\u00edtm\u00e9ny \u00e9s a tart\u00f3ss\u00e1g jegy\u00e9ben terveztek. Ez a sokoldal\u00fa eszk\u00f6z sz\u00e9les k\u00f6r\u0171 alkalmaz\u00e1sokhoz k\u00e9sz\u00fclt, bele\u00e9rtve a g\u00e9pjav\u00edt\u00f3 m\u0171helyeket, a mez\u0151gazdas\u00e1got, az energia- \u00e9s b\u00e1ny\u00e1szati \u200b\u200bipart, a g\u00e9pgy\u00e1rt\u00e1st \u00e9s a g\u00e9pgy\u00e1rakat.<img decoding=\"async\" title=\"H\u00f3eke hidraulikus henger\" src=\"https:\/\/hzpt.com\/wp-content\/uploads\/2023\/11\/Snow-Plow-Hydraulic-Cylinder-1.webp\" alt=\"H\u00f3eke hidraulikus henger\" \/><\/p>\n<h2>Kiemelked\u0151 term\u00e9kjellemz\u0151k<\/h2>\n<p>Ac\u00e9lb\u00f3l k\u00e9sz\u00fclt, ez a hidraulikus henger nagy ig\u00e9nybev\u00e9telre tervezett. Standard m\u00e9ret\u0171, dugatty\u00fas henger szerkezettel rendelkezik, \u00e9s hidraulikus er\u0151vel m\u0171k\u00f6dik. A hidraulikus henger maxim\u00e1lis tol\u00f3ereje 3000 tonna, maxim\u00e1lis h\u00faz\u00f3ereje pedig 20 tonna. Ez a mind\u00f6ssze 10 kg s\u00faly\u00fa henger t\u00f6k\u00e9letes a neh\u00e9z feladatok elv\u00e9gz\u00e9s\u00e9hez a teljes\u00edtm\u00e9ny fel\u00e1ldoz\u00e1sa n\u00e9lk\u00fcl.<\/p>\n<h3>Specifik\u00e1ci\u00f3k<\/h3>\n<ul>\n<li>Furatm\u00e9ret: 2-6 h\u00fcvelyk<\/li>\n<li>R\u00fadm\u00e9ret: 1,125-4 h\u00fcvelyk<\/li>\n<li>L\u00f6ketm\u00e9ret: 4-100 h\u00fcvelyk<\/li>\n<li>Csapm\u00e9ret: 0,5-2 h\u00fcvelyk<\/li>\n<li>Sz\u00edn: Fekete<\/li>\n<\/ul>\n<h2>Megb\u00edzhat\u00f3 \u00e9s hiteles<\/h2>\n<p>Professzion\u00e1lis, kism\u00e9ret\u0171, kett\u0151s m\u0171k\u00f6d\u00e9s\u0171 h\u00f3kotr\u00f3 hidraulikus henger\u00fcnk ISO9001:2000 tan\u00fas\u00edtv\u00e1nnyal rendelkezik. Ez egy 2023-as \u00faj term\u00e9k, amely naprak\u00e9sz kialak\u00edt\u00e1s\u00e1val \u00e9s technol\u00f3gi\u00e1j\u00e1val biztos\u00edtja a megnyugv\u00e1st. Egy \u00e9v garanci\u00e1val rendelkezik, amely biztos\u00edtja, hogy az olyan alapvet\u0151 alkatr\u00e9szek, mint a csap\u00e1gy \u00e9s a hidraulikus henger, garanci\u00e1val rendelkeznek.<\/p>\n<h2>Az \u00e1ll\u00edthat\u00f3 kengyeles hengerek el\u0151nyei<\/h2>\n<p>Az \u00e1ll\u00edthat\u00f3 kengyeles hengerek, m\u00e1s n\u00e9ven \u00e1ll\u00edthat\u00f3 kengyeles r\u00f6gz\u00edt\u00e9s\u0171 hengerek, olyan hidraulikus hengerek, amelyek sz\u00e1mos el\u0151nnyel j\u00e1rnak, \u00e9s \u00e9rt\u00e9kes alkatr\u00e9szei lehetnek sz\u00e1mos alkalmaz\u00e1sban. Ebben a cikkben megvizsg\u00e1ljuk ezeknek a hengereknek az el\u0151nyeit, \u00e9s azt, hogy mi\u00e9rt n\u00e9pszer\u0171ek az ipar\u00e1gban.<\/p>\n<h3>1. Fokozott rugalmass\u00e1g \u00e9s alkalmazkod\u00f3k\u00e9pess\u00e9g<\/h3>\n<p>Az \u00e1ll\u00edthat\u00f3 kengyeles hengerek egyik legfontosabb el\u0151nye a fokozott rugalmass\u00e1g \u00e9s alkalmazkod\u00f3k\u00e9pess\u00e9g. Ezek a hengerek kengyeles r\u00f6gz\u00edt\u00e9ssel rendelkeznek, amely lehet\u0151v\u00e9 teszi a r\u00f6gz\u00edt\u00e9si poz\u00edci\u00f3 egyszer\u0171 be\u00e1ll\u00edt\u00e1s\u00e1t \u00e9s finomhangol\u00e1s\u00e1t. Ez az \u00e1ll\u00edthat\u00f3s\u00e1g lehet\u0151v\u00e9 teszi a henger k\u00fcl\u00f6nb\u00f6z\u0151 alkalmaz\u00e1sokhoz \u00e9s r\u00f6gz\u00edt\u00e9si konfigur\u00e1ci\u00f3khoz val\u00f3 igaz\u00edt\u00e1s\u00e1t, nagyobb rugalmass\u00e1got biztos\u00edtva a telep\u00edt\u00e9s sor\u00e1n.<\/p>\n<p>Professzion\u00e1lis kism\u00e9ret\u0171, kett\u0151s m\u0171k\u00f6d\u00e9s\u0171 h\u00f3eke hidraulikus henger<\/p>\n<h3>2. Fokozott teljes\u00edtm\u00e9ny \u00e9s hat\u00e9konys\u00e1g<\/h3>\n<p>Az \u00e1ll\u00edthat\u00f3 kengyeles hengerek tov\u00e1bbi el\u0151nye a teljes\u00edtm\u00e9ny \u00e9s a hat\u00e9konys\u00e1g jav\u00edt\u00e1s\u00e1nak k\u00e9pess\u00e9ge. Ezeket a hengereket \u00fagy tervezt\u00e9k, hogy prec\u00edzen szab\u00e1lyozz\u00e1k a hidraulikus rendszer erej\u00e9t \u00e9s sebess\u00e9g\u00e9t. A be\u00e9p\u00edt\u00e9si helyzet be\u00e1ll\u00edt\u00e1s\u00e1val \u00e9s a henger l\u00f6kethossz\u00e1nak finomhangol\u00e1s\u00e1val a kezel\u0151k optimaliz\u00e1lhatj\u00e1k a rendszer teljes\u00edtm\u00e9ny\u00e9t \u00e9s nagyobb hat\u00e9konys\u00e1got \u00e9rhetnek el k\u00fcl\u00f6nb\u00f6z\u0151 alkalmaz\u00e1sokban.<\/p>\n<h3>3. Optim\u00e1lis be\u00e1ll\u00edt\u00e1s \u00e9s terhel\u00e9seloszt\u00e1s<\/h3>\n<p>Az \u00e1ll\u00edthat\u00f3 kengyeles hengerek k\u00fcl\u00f6n\u00f6sen el\u0151ny\u00f6sek az optim\u00e1lis be\u00e1ll\u00edt\u00e1s \u00e9s terhel\u00e9seloszt\u00e1s el\u00e9r\u00e9se szempontj\u00e1b\u00f3l. A kengyeles r\u00f6gz\u00edt\u00e9s lehet\u0151v\u00e9 teszi a k\u00f6nny\u0171 be\u00e1ll\u00edt\u00e1st, biztos\u00edtva, hogy a henger megfelel\u0151en illeszkedjen a terhel\u00e9shez \u00e9s a rendszer t\u00f6bbi alkatr\u00e9sz\u00e9hez. Ez az be\u00e1ll\u00edt\u00e1s seg\u00edt egyenletesen elosztani a terhel\u00e9st, minimaliz\u00e1lva a korai kop\u00e1s kock\u00e1zat\u00e1t \u00e9s n\u00f6velve a henger \u00e9lettartam\u00e1t.<\/p>\n<h3>4. Fokozott biztons\u00e1g \u00e9s megb\u00edzhat\u00f3s\u00e1g<\/h3>\n<p>A biztons\u00e1g \u00e9s a megb\u00edzhat\u00f3s\u00e1g szempontj\u00e1b\u00f3l az \u00e1ll\u00edthat\u00f3 kengyeles hengerek sz\u00e1mos el\u0151nnyel j\u00e1rnak. A r\u00f6gz\u00edt\u00e9si helyzet be\u00e1ll\u00edt\u00e1s\u00e1nak lehet\u0151s\u00e9ge biztos\u00edtja a henger biztons\u00e1gos r\u00f6gz\u00edt\u00e9s\u00e9t, cs\u00f6kkentve a v\u00e1ratlan elmozdul\u00e1s vagy lev\u00e1l\u00f3d\u00e1s kock\u00e1zat\u00e1t m\u0171k\u00f6d\u00e9s k\u00f6zben. Ezenk\u00edv\u00fcl ezeknek a hengereknek a finomhangol\u00e1si k\u00e9pess\u00e9gei lehet\u0151v\u00e9 teszik a rendszer pontos vez\u00e9rl\u00e9s\u00e9t, minimaliz\u00e1lva a t\u00falterhel\u00e9s vagy az alkatr\u00e9szek t\u00falzott terhel\u00e9s\u00e9nek es\u00e9ly\u00e9t, ez\u00e1ltal n\u00f6velve az \u00e1ltal\u00e1nos biztons\u00e1got \u00e9s megb\u00edzhat\u00f3s\u00e1got.<\/p>\n<h3>5. Sz\u00e9lesk\u00f6r\u0171 alkalmaz\u00e1sok<\/h3>\n<p>Az \u00e1ll\u00edthat\u00f3 kengyeles hengerek sz\u00e1mos ipar\u00e1gban \u00e9s szektorban alkalmazhat\u00f3k. Rugalmass\u00e1guk, alkalmazkod\u00f3k\u00e9pess\u00e9g\u00fck \u00e9s teljes\u00edtm\u00e9ny\u00fck alkalmass\u00e1 teszi \u0151ket sz\u00e1mos feladat elv\u00e9gz\u00e9s\u00e9re, bele\u00e9rtve, de nem kiz\u00e1r\u00f3lagosan a mez\u0151gazdas\u00e1gi g\u00e9peket, \u00e9p\u00edt\u0151ipari berendez\u00e9seket, anyagmozgat\u00f3 rendszereket \u00e9s ipari automatiz\u00e1l\u00e1st. Legyen sz\u00f3 tol\u00e1sr\u00f3l, h\u00faz\u00e1sr\u00f3l, emel\u00e9sr\u0151l vagy tart\u00e1sr\u00f3l, ezek a hengerek testreszabhat\u00f3k a k\u00fcl\u00f6nb\u00f6z\u0151 alkalmaz\u00e1sok speci\u00e1lis k\u00f6vetelm\u00e9nyeinek megfelel\u0151en.<\/p>\n<p>\u00d6sszefoglalva, az \u00e1ll\u00edthat\u00f3 kengyeles hengerek sz\u00e1mos el\u0151nnyel rendelkeznek, amelyek miatt sz\u00e1mos ipar\u00e1gban el\u0151nyben r\u00e9szes\u00edtik \u0151ket. Rugalmass\u00e1guk, teljes\u00edtm\u00e9ny\u00fck \u00e9s alkalmazkod\u00f3k\u00e9pess\u00e9g\u00fck, valamint az optim\u00e1lis be\u00e1ll\u00edt\u00e1s \u00e9s terhel\u00e9seloszt\u00e1s el\u00e9r\u00e9s\u00e9nek k\u00e9pess\u00e9ge hozz\u00e1j\u00e1rul a fokozott biztons\u00e1ghoz, megb\u00edzhat\u00f3s\u00e1ghoz \u00e9s hat\u00e9konys\u00e1ghoz. Sz\u00e9lesk\u00f6r\u0171 alkalmaz\u00e1si lehet\u0151s\u00e9g\u00fckkel \u00e9s a beszerel\u00e9si poz\u00edci\u00f3 finomhangol\u00e1s\u00e1nak lehet\u0151s\u00e9g\u00e9vel ezek a hengerek megb\u00edzhat\u00f3 \u00e9s hat\u00e9kony megold\u00e1st k\u00edn\u00e1lnak a k\u00fcl\u00f6nf\u00e9le hidraulikus rendszerk\u00f6vetelm\u00e9nyekre.<\/p>\n<h3>Az FMP-r\u0151l<\/h3>\n<p>Az FMP egy vezet\u0151 v\u00e1llalat, amely hidraulikus hengerek gy\u00e1rt\u00e1s\u00e1ra \u00e9s \u00e9rt\u00e9kes\u00edt\u00e9s\u00e9re specializ\u00e1l\u00f3dott. Olaszorsz\u00e1gi sz\u00e9khely\u00fcnkkel sz\u00e9lesk\u00f6r\u0171 ipar\u00e1gi tapasztalatra tett\u00fcnk szert, \u00e9s egy professzion\u00e1lis csapatot hoztunk l\u00e9tre, amely elk\u00f6telezett amellett, hogy kiv\u00e1l\u00f3 min\u0151s\u00e9g\u0171 \u00e9s megb\u00edzhat\u00f3 \u00e9p\u00edt\u0151ipari g\u00e9palkatr\u00e9szeket \u00e9s komplett g\u00e9pmegold\u00e1sokat biztos\u00edtson \u00fcgyfeleinknek.<\/p>\n<p><img decoding=\"async\" src=\"https:\/\/fmp-components.com\/wp-content\/uploads\/2024\/12\/Adjustable-Clevis-Type-Cylinders-6.webp\" alt=\"\u00c1ll\u00edthat\u00f3 kengyeles henger\" width=\"836\" title=\"\"><\/p>\n<p>\u00cdme term\u00e9keink \u00e9s v\u00e1llalatunk \u00f6t f\u0151 el\u0151nye:<\/p>\n<ol>\n<li>Sz\u00e9les term\u00e9kv\u00e1laszt\u00e9k: Sz\u00e9les v\u00e1laszt\u00e9kban k\u00edn\u00e1lunk hidraulikus hengereket, bele\u00e9rtve az \u00e1ll\u00edthat\u00f3 kengyeles hengereket is, amelyek alkalmasak k\u00fcl\u00f6nf\u00e9le \u00e9p\u00edt\u0151ipari g\u00e9pekhez.<\/li>\n<li>Szigor\u00fa min\u0151s\u00e9gi el\u0151\u00edr\u00e1sok: Hossz\u00fa t\u00e1v\u00fa \u00e9s stabil egy\u00fcttm\u0171k\u00f6d\u00e9si kapcsolatok kialak\u00edt\u00e1s\u00e1val kiv\u00e1l\u00f3 min\u0151s\u00e9g\u0171 belf\u00f6ldi \u00e9s nemzetk\u00f6zi besz\u00e1ll\u00edt\u00f3kkal biztos\u00edtjuk, hogy minden besz\u00e1ll\u00edtott alkatr\u00e9sz megfeleljen a szigor\u00fa min\u0151s\u00e9gi el\u0151\u00edr\u00e1soknak.<\/li>\n<li>Tapasztalt \u00e9rt\u00e9kes\u00edt\u00e9si csapat: \u00c9rt\u00e9kes\u00edt\u00e9si csapatunk m\u00e9lyrehat\u00f3 ismeretekkel rendelkezik az \u00e9p\u00edt\u0151ipari g\u00e9pipar fejl\u0151d\u00e9si trendjeir\u0151l \u00e9s az \u00fcgyfelek ig\u00e9nyeir\u0151l. Professzion\u00e1lis term\u00e9ktan\u00e1csad\u00e1st \u00e9s intelligens v\u00e1s\u00e1rl\u00e1si javaslatokat tudnak ny\u00fajtani.<\/li>\n<li>Hat\u00e9kony logisztikai eloszt\u00e1s: Hat\u00e9kony logisztikai eloszt\u00e1si rendszert vezett\u00fcnk be annak \u00e9rdek\u00e9ben, hogy \u00fcgyfeleink id\u0151ben \u00e9s pontosan megkapj\u00e1k a sz\u00fcks\u00e9ges alkatr\u00e9szeket.<\/li>\n<li>Kiv\u00e1l\u00f3 min\u0151s\u00e9g\u0171 tartoz\u00e9kok: A hidraulikus hengerek mellett sz\u00e1mos kiv\u00e1l\u00f3 min\u0151s\u00e9g\u0171 tartoz\u00e9kot is k\u00edn\u00e1lunk, amelyeket \u00fagy tervezt\u00fcnk, hogy t\u00f6k\u00e9letesen kieg\u00e9sz\u00edts\u00e9k term\u00e9keinket. Ezek a tartoz\u00e9kok tov\u00e1bb n\u00f6velik az \u00e9p\u00edt\u0151ipari g\u00e9pek teljes\u00edtm\u00e9ny\u00e9t \u00e9s hat\u00e9konys\u00e1g\u00e1t.<\/li>\n<\/ol>\n<p>V\u00e1lassza az FMP-t megb\u00edzhat\u00f3 partner\u00e9nek az \u00e9p\u00edt\u0151ipari g\u00e9piparban. L\u00e9pjen kapcsolatba vel\u00fcnk m\u00e9g ma, hogy megtudja, hogyan felelhetnek meg kiv\u00e1l\u00f3 min\u0151s\u00e9g\u0171 hidraulikus hengereink az \u00d6n egyedi ig\u00e9nyeinek, \u00e9s hogyan j\u00e1rulhatnak hozz\u00e1 projektjei siker\u00e9hez.<\/p>\n<h2>Gyakran ism\u00e9telt k\u00e9rd\u00e9sek<\/h2>\n<h3>K: Kereskedelmi v\u00e1llalat vagy gy\u00e1rt\u00f3?<\/h3>\n<p>V: Gy\u00e1rt\u00f3 vagyunk.<\/p>\n<h3>K: Mennyi a sz\u00e1ll\u00edt\u00e1si id\u0151?<\/h3>\n<p>V: \u00c1ltal\u00e1ban 25-35 nap.<\/p>\n<h3>K: Biztos\u00edtanak mint\u00e1kat? Ingyenes vagy k\u00fcl\u00f6n fizetend\u0151?<\/h3>\n<p>V: Igen, felaj\u00e1nlhatn\u00e1nk a mint\u00e1t, de ez nem ingyenes.<\/p>\n<p>&nbsp;<\/p>\n<p>Szerz\u0151: CX<\/p>","protected":false},"excerpt":{"rendered":"<p>Professzion\u00e1lis kism\u00e9ret\u0171, kett\u0151s m\u0171k\u00f6d\u00e9s\u0171 h\u00f3eke hidraulikus henger Bemutatjuk a professzion\u00e1lis kism\u00e9ret\u0171, kett\u0151s m\u0171k\u00f6d\u00e9s\u0171 h\u00f3eke hidraulikus hengert: A professzion\u00e1lis, kism\u00e9ret\u0171, kett\u0151s m\u0171k\u00f6d\u00e9s\u0171 h\u00f3eke hidraulikus henger egy kiv\u00e1l\u00f3 min\u0151s\u00e9g\u0171 hidraulikus henger, amelyet kifejezetten h\u00f3eke alkalmaz\u00e1sokhoz terveztek. Ez a henger a precizit\u00e1st \u00e9s a tart\u00f3ss\u00e1got szem el\u0151tt tartva k\u00e9sz\u00fclt, \u00edgy t\u00f6k\u00e9letes v\u00e1laszt\u00e1s a szakemberek sz\u00e1m\u00e1ra [\u2026]<\/p>","protected":false},"featured_media":1517,"comment_status":"closed","ping_status":"closed","template":"","meta":{"_et_pb_use_builder":"","_et_pb_old_content":"","_et_gb_content_width":""},"product_brand":[],"product_cat":[42],"product_tag":[34,44],"class_list":{"0":"post-1516","1":"product","2":"type-product","3":"status-publish","4":"has-post-thumbnail","6":"product_cat-snow-plow-hydraulic-cylinder","7":"product_tag-hydraulic-cylinder","8":"product_tag-snow-plow-hydraulic-cylinder","10":"first","11":"instock","12":"product-type-simple"},"_links":{"self":[{"href":"https:\/\/fmp-components.com\/hu\/wp-json\/wp\/v2\/product\/1516","targetHints":{"allow":["GET"]}}],"collection":[{"href":"https:\/\/fmp-components.com\/hu\/wp-json\/wp\/v2\/product"}],"about":[{"href":"https:\/\/fmp-components.com\/hu\/wp-json\/wp\/v2\/types\/product"}],"replies":[{"embeddable":true,"href":"https:\/\/fmp-components.com\/hu\/wp-json\/wp\/v2\/comments?post=1516"}],"wp:featuredmedia":[{"embeddable":true,"href":"https:\/\/fmp-components.com\/hu\/wp-json\/wp\/v2\/media\/1517"}],"wp:attachment":[{"href":"https:\/\/fmp-components.com\/hu\/wp-json\/wp\/v2\/media?parent=1516"}],"wp:term":[{"taxonomy":"product_brand","embeddable":true,"href":"https:\/\/fmp-components.com\/hu\/wp-json\/wp\/v2\/product_brand?post=1516"},{"taxonomy":"product_cat","embeddable":true,"href":"https:\/\/fmp-components.com\/hu\/wp-json\/wp\/v2\/product_cat?post=1516"},{"taxonomy":"product_tag","embeddable":true,"href":"https:\/\/fmp-components.com\/hu\/wp-json\/wp\/v2\/product_tag?post=1516"}],"curies":[{"name":"munkaf\u00fczet","href":"https:\/\/api.w.org\/{rel}","templated":true}]}}