{"id":1514,"date":"2024-12-23T05:50:37","date_gmt":"2024-12-23T05:50:37","guid":{"rendered":"https:\/\/fmp-components.com\/product\/factory-direct-sale-2-ton-double-effect-small-snow-plow-hydraulic-cylinder\/"},"modified":"2025-05-10T13:02:11","modified_gmt":"2025-05-10T13:02:11","slug":"factory-direct-sale-2-ton-double-effect-small-snow-plow-hydraulic-cylinder","status":"publish","type":"product","link":"https:\/\/fmp-components.com\/hu\/product\/factory-direct-sale-2-ton-double-effect-small-snow-plow-hydraulic-cylinder\/","title":{"rendered":"Gy\u00e1ri k\u00f6zvetlen \u00e9rt\u00e9kes\u00edt\u00e9s 2 tonn\u00e1s dupla hat\u00e1s\u00fa kis h\u00f3eke hidraulikus henger"},"content":{"rendered":"<h2>Bemutatkozik a gy\u00e1rilag k\u00f6zvetlen \u00e9rt\u00e9kes\u00edt\u00e9s\u0171 2 tonn\u00e1s, dupla hat\u00e1s\u00fa, kis h\u00f3eke hidraulikus henger<\/h2>\n<p>Ha megb\u00edzhat\u00f3 \u00e9s hat\u00e9kony h\u00f3eltakar\u00edt\u00f3 eszk\u00f6zre van sz\u00fcks\u00e9ge, ne keressen tov\u00e1bb, mint a h\u00f3eltakar\u00edt\u00f3 hidraulikus henger\u00fcnk. Kiv\u00e1l\u00f3 konstrukci\u00f3j\u00e1nak \u00e9s nagy kapacit\u00e1s\u00e1nak k\u00f6sz\u00f6nhet\u0151en ide\u00e1lis v\u00e1laszt\u00e1s azok sz\u00e1m\u00e1ra, akik els\u0151 oszt\u00e1ly\u00fa megold\u00e1st keresnek h\u00f3eltakar\u00edt\u00e1si ig\u00e9nyeikhez.<\/p>\n<h3>Term\u00e9kjellemz\u0151k<\/h3>\n<p>H\u00f3eke hidraulikus henger\u00fcnk egy vadonat\u00faj term\u00e9k, amely sz\u00e1mos leny\u0171g\u00f6z\u0151 funkci\u00f3val rendelkezik, amelyek kiemelik a versenyt\u00e1rsak k\u00f6z\u00fcl. Egy \u00e9v garanci\u00e1t \u00e9s 3000 Nm maxim\u00e1lis tol\u00f3er\u0151t k\u00edn\u00e1l. Ez a standard dugatty\u00fas henger hidraulikusan m\u0171k\u00f6dik, \u00e9s tart\u00f3s ac\u00e9lb\u00f3l k\u00e9sz\u00fclt a hossz\u00fa \u00e9lettartam biztos\u00edt\u00e1sa \u00e9rdek\u00e9ben.<\/p>\n<h3>Term\u00e9kspecifik\u00e1ci\u00f3k<\/h3>\n<p>A hidraulikus henger furat\u00e1tm\u00e9r\u0151je 2-6 h\u00fcvelyk, r\u00fadm\u00e9rete 1,125-4 h\u00fcvelyk, l\u00f6kethossza pedig 4-100 h\u00fcvelyk. A csap m\u00e9rete 0,5-2 h\u00fcvelyk, a maxim\u00e1lis h\u00faz\u00f3er\u0151 pedig 20 tonna. ISO9001:2000 tan\u00fas\u00edtv\u00e1nnyal rendelkezik, ami biztos\u00edtja a magas min\u0151s\u00e9get \u00e9s a megb\u00edzhat\u00f3 teljes\u00edtm\u00e9nyt.<\/p>\n<h3>Term\u00e9kkarbantart\u00e1s<\/h3>\n<p>H\u00f3eke hidraulikus henger\u00fcnk nemcsak k\u00f6nnyen telep\u00edthet\u0151, de k\u00f6nnyen karbantarthat\u00f3 is. Mind\u00f6ssze 10 kg-os s\u00faly\u00e1val a garancia az alapvet\u0151 alkatr\u00e9szekre vonatkozik, bele\u00e9rtve a csap\u00e1gyat \u00e9s mag\u00e1t a hidraulikus hengert is. Az \u00d6n k\u00e9nyelme \u00e9rdek\u00e9ben vide\u00f3s kimen\u0151 ellen\u0151rz\u00e9st \u00e9s g\u00e9pteszt-jelent\u00e9st is biztos\u00edtunk.<\/p>\n<h3>Alkalmazhat\u00f3 ipar\u00e1gak<\/h3>\n<p>H\u00f3eke hidraulikus henger\u00fcnk sokoldal\u00fa, sz\u00e1mos ipar\u00e1g sz\u00e1m\u00e1ra alkalmas, bele\u00e9rtve a g\u00e9pjav\u00edt\u00f3 m\u0171helyeket, a mez\u0151gazdas\u00e1got, az energia- \u00e9s b\u00e1ny\u00e1szatot, a g\u00e9pgy\u00e1rt\u00e1st \u00e9s a g\u00e9pgy\u00e1rakat. Nagy teljes\u00edtm\u00e9ny\u00e9nek \u00e9s tart\u00f3ss\u00e1g\u00e1nak k\u00f6sz\u00f6nhet\u0151en \u00e9rt\u00e9kes kieg\u00e9sz\u00edt\u0151je lehet b\u00e1rmely neh\u00e9zg\u00e9p-arzen\u00e1lnak.<\/p>\n<h2>Az \u00e1ll\u00edthat\u00f3 kengyeles hengerek el\u0151nyei<\/h2>\n<p><strong>Gy\u00e1ri k\u00f6zvetlen \u00e9rt\u00e9kes\u00edt\u00e9s 2 tonn\u00e1s dupla hat\u00e1s\u00fa kis h\u00f3eke hidraulikus henger<\/strong><\/p>\n<p>Az \u00e1ll\u00edthat\u00f3 kengyeles hengerek rendk\u00edv\u00fcl hat\u00e9kony \u00e9s sokoldal\u00fa hidraulikus alkatr\u00e9szek, amelyek sz\u00e1mos el\u0151nnyel j\u00e1rnak k\u00fcl\u00f6nf\u00e9le ipari alkalmaz\u00e1sokban. Ebben a cikkben megvizsg\u00e1ljuk az \u00e1ll\u00edthat\u00f3 kengyeles hengerek haszn\u00e1lat\u00e1nak f\u0151bb el\u0151nyeit, \u00e9s azt, hogy mi\u00e9rt r\u00e9szes\u00edtik el\u0151nyben \u0151ket a k\u00fcl\u00f6nb\u00f6z\u0151 hidraulikus rendszerekben.<\/p>\n<p><strong>1. Fokozott sokoldal\u00fas\u00e1g<\/strong><\/p>\n<p>Az \u00e1ll\u00edthat\u00f3 kengyeles hengerek egyik f\u0151 el\u0151nye a sokoldal\u00fas\u00e1guk. Ezeket a hengereket \u00e1ll\u00edthat\u00f3ra tervezt\u00e9k, \u00edgy k\u00f6nnyen testreszabhat\u00f3k \u00e9s alkalmazkodhatnak a k\u00fcl\u00f6nb\u00f6z\u0151 \u00fczemi k\u00f6vetelm\u00e9nyekhez. A kengyel helyzet\u00e9nek egyszer\u0171 be\u00e1ll\u00edt\u00e1s\u00e1val m\u00f3dos\u00edthat\u00f3 a henger l\u00f6ket\u00e9nek hossza, lehet\u0151v\u00e9 t\u00e9ve a hidraulikus rendszer teljes\u00edtm\u00e9ny\u00e9nek pontos szab\u00e1lyoz\u00e1s\u00e1t. Ez a sokoldal\u00fas\u00e1g teszi az \u00e1ll\u00edthat\u00f3 kengyeles hengereket sz\u00e9les k\u00f6r\u0171 alkalmaz\u00e1sokhoz alkalmass\u00e1, a h\u00f3eke rendszerekt\u0151l az anyagmozgat\u00f3 berendez\u00e9sekig.<\/p>\n<p><strong>2. Optim\u00e1lis teljes\u00edtm\u00e9ny<\/strong><\/p>\n<p>Az \u00e1ll\u00edthat\u00f3 kengyeles hengereket \u00fagy tervezt\u00e9k, hogy optim\u00e1lis teljes\u00edtm\u00e9nyt ny\u00fajtsanak a hidraulikus rendszerekben. Prec\u00edz be\u00e1ll\u00edt\u00e1suknak k\u00f6sz\u00f6nhet\u0151en ezek a hengerek lehet\u0151v\u00e9 teszik a kezel\u0151k sz\u00e1m\u00e1ra a hidraulikus er\u0151, a sebess\u00e9g \u00e9s a l\u00f6kethossz finomhangol\u00e1s\u00e1t, ez\u00e1ltal maximaliz\u00e1lva a hat\u00e9konys\u00e1got \u00e9s a termel\u00e9kenys\u00e9get. Ak\u00e1r neh\u00e9z terhek emel\u00e9s\u00e9r\u0151l, ak\u00e1r tol\u00f3-\/h\u00faz\u00f3m\u0171veletekr\u0151l van sz\u00f3, az \u00e1ll\u00edthat\u00f3 kengyeles hengerek kiv\u00e9teles teljes\u00edtm\u00e9nyt ny\u00fajtanak, biztos\u00edtva a sima \u00e9s megb\u00edzhat\u00f3 hidraulikus er\u0151\u00e1tvitelt.<\/p>\n<p><strong>3. Fokozott tart\u00f3ss\u00e1g<\/strong><\/p>\n<p>Az \u00e1ll\u00edthat\u00f3 kengyeles hengerek tov\u00e1bbi figyelemre m\u00e9lt\u00f3 el\u0151nye a robusztus konstrukci\u00f3 \u00e9s a tart\u00f3ss\u00e1g. Ezeket a hengereket nagy nyom\u00e1s\u00fa k\u00f6rnyezetnek \u00e9s neh\u00e9z alkalmaz\u00e1soknak val\u00f3 ellen\u00e1ll\u00e1sra tervezt\u00e9k. A kiv\u00e1l\u00f3 min\u0151s\u00e9g\u0171 anyagok haszn\u00e1lata, a fejlett gy\u00e1rt\u00e1si technik\u00e1k \u00e9s a szigor\u00fa min\u0151s\u00e9gellen\u0151rz\u00e9si folyamatok biztos\u00edtj\u00e1k, hogy a hengerek ellen\u00e1lljanak a sz\u00e9ls\u0151s\u00e9ges k\u00f6r\u00fclm\u00e9nyeknek, ellen\u00e1lljanak a kop\u00e1snak \u00e9s a szakad\u00e1snak, valamint hosszabb \u00e9lettartammal rendelkezzenek. Ez a tart\u00f3ss\u00e1g teszi az \u00e1ll\u00edthat\u00f3 kengyeles hengereket k\u00f6lts\u00e9ghat\u00e9kony megold\u00e1ss\u00e1, cs\u00f6kkentve a gyakori cser\u00e9k sz\u00fcks\u00e9gess\u00e9g\u00e9t \u00e9s minimaliz\u00e1lva az \u00e1ll\u00e1sid\u0151t.<\/p>\n<p><strong>4. Prec\u00edzi\u00f3s vez\u00e9rl\u00e9s<\/strong><\/p>\n<p>Az \u00e1ll\u00edthat\u00f3 kengyeles hengerek prec\u00edz vez\u00e9rl\u00e9st biztos\u00edtanak a hidraulikus rendszerek felett, \u00edgy ide\u00e1lisak olyan alkalmaz\u00e1sokhoz, amelyek pontos pozicion\u00e1l\u00e1st \u00e9s vez\u00e9rl\u00e9st ig\u00e9nyelnek. A l\u00f6kethossz be\u00e1ll\u00edt\u00e1s\u00e1nak lehet\u0151s\u00e9ge lehet\u0151v\u00e9 teszi a henger mozg\u00e1s\u00e1nak finomhangol\u00e1s\u00e1t, biztos\u00edtva a prec\u00edz \u00e9s megism\u00e9telhet\u0151 m\u0171k\u00f6d\u00e9st. Ez a szint\u0171 vez\u00e9rl\u00e9s kulcsfontoss\u00e1g\u00fa olyan ipar\u00e1gakban, mint az \u00e9p\u00edt\u0151ipar, a mez\u0151gazdas\u00e1g \u00e9s a gy\u00e1rt\u00e1s, ahol a prec\u00edz mozg\u00e1sok elengedhetetlenek az optim\u00e1lis eredm\u00e9nyek el\u00e9r\u00e9s\u00e9hez.<\/p>\n<p><strong>5. K\u00f6nny\u0171 telep\u00edt\u00e9s \u00e9s karbantart\u00e1s<\/strong><\/p>\n<p>Az \u00e1ll\u00edthat\u00f3 kengyeles hengerek telep\u00edt\u00e9se \u00e9s karbantart\u00e1sa viszonylag egyszer\u0171. Ezeket a hengereket a hidraulikus rendszerekbe val\u00f3 egyszer\u0171 integr\u00e1l\u00e1sra tervezt\u00e9k, szabv\u00e1nyos\u00edtott m\u00e9retekkel \u00e9s r\u00f6gz\u00edt\u00e9si lehet\u0151s\u00e9gekkel. Ezenk\u00edv\u00fcl minim\u00e1lis karbantart\u00e1st ig\u00e9nyelnek robusztus konstrukci\u00f3juknak \u00e9s kiv\u00e1l\u00f3 min\u0151s\u00e9g\u0171 alkatr\u00e9szeiknek k\u00f6sz\u00f6nhet\u0151en. A rendszeres ellen\u0151rz\u00e9sek \u00e9s ken\u00e9s \u00e1ltal\u00e1ban elegend\u0151ek ahhoz, hogy ezek a hengerek optim\u00e1lis \u00fczem\u00e1llapotban maradjanak, cs\u00f6kkentve a karbantart\u00e1si k\u00f6lts\u00e9geket \u00e9s az \u00e1ll\u00e1sid\u0151t.<\/p>\n<p>\u00d6sszess\u00e9g\u00e9ben az \u00e1ll\u00edthat\u00f3 kengyeles hengerek sz\u00e1mos el\u0151nnyel rendelkeznek a sokoldal\u00fas\u00e1g, a teljes\u00edtm\u00e9ny, a tart\u00f3ss\u00e1g, a prec\u00edzi\u00f3s vez\u00e9rl\u00e9s, valamint a k\u00f6nny\u0171 telep\u00edt\u00e9s \u00e9s karbantart\u00e1s tekintet\u00e9ben. \u00c1ll\u00edthat\u00f3 jelleg\u00fck \u00e9s a k\u00fcl\u00f6nf\u00e9le m\u0171k\u00f6d\u00e9si k\u00f6vetelm\u00e9nyeknek val\u00f3 megfelel\u00e9s\u00fck n\u00e9pszer\u0171 v\u00e1laszt\u00e1ss\u00e1 teszi \u0151ket a hidraulikus alkalmaz\u00e1sok sz\u00e9les k\u00f6r\u00e9ben. Legyen sz\u00f3 ak\u00e1r egy kis h\u00f3ek\u00e9r\u0151l, ak\u00e1r egy nagy teherb\u00edr\u00e1s\u00fa anyagmozgat\u00f3 rendszerr\u0151l, az \u00e1ll\u00edthat\u00f3 kengyeles hengerek biztos\u00edtj\u00e1k az optim\u00e1lis teljes\u00edtm\u00e9nyhez sz\u00fcks\u00e9ges megb\u00edzhat\u00f3s\u00e1got \u00e9s hat\u00e9konys\u00e1got.<\/p>\n<h3>Az FMP-r\u0151l<\/h3>\n<p>Az FMP egy vezet\u0151 v\u00e1llalat, amely hidraulikus hengerek gy\u00e1rt\u00e1s\u00e1ra \u00e9s \u00e9rt\u00e9kes\u00edt\u00e9s\u00e9re specializ\u00e1l\u00f3dott. Kiterjedt ipar\u00e1gi tapasztalatunkkal \u00e9s professzion\u00e1lis csapatunkkal elk\u00f6telezettek vagyunk amellett, hogy kiv\u00e1l\u00f3 min\u0151s\u00e9g\u0171 \u00e9s megb\u00edzhat\u00f3 hidraulikus hengereket biztos\u00edtsunk \u00fcgyfeleink sz\u00e1m\u00e1ra k\u00fcl\u00f6nf\u00e9le \u00e9p\u00edt\u0151ipari g\u00e9pek alkalmaz\u00e1saihoz.<\/p>\n<p><img decoding=\"async\" class=\"aligncenter\" src=\"https:\/\/fmp-components.com\/wp-content\/uploads\/2024\/12\/Adjustable-Clevis-Type-Cylinders-6.webp\" alt=\"\u00c1ll\u00edthat\u00f3 kengyeles henger\" width=\"835\" title=\"\"><\/p>\n<p>\u00cdme \u00f6t ok, ami\u00e9rt az FMP kiv\u00e1laszt\u00e1sa a helyes d\u00f6nt\u00e9s hidraulikus hengereihez:<\/p>\n<ol>\n<li><strong>Sz\u00e9les term\u00e9kv\u00e1laszt\u00e9k:<\/strong> Sz\u00e9les v\u00e1laszt\u00e9kban k\u00edn\u00e1lunk hidraulikus hengereket, amelyek alkalmasak k\u00fcl\u00f6nf\u00e9le alkalmaz\u00e1sokhoz az \u00e9p\u00edt\u0151ipari g\u00e9piparban. Ak\u00e1r mez\u0151gazdas\u00e1gi g\u00e9pekhez, ipari sebess\u00e9gv\u00e1lt\u00f3khoz vagy bolyg\u00f3kerekes sebess\u00e9gv\u00e1lt\u00f3khoz van sz\u00fcks\u00e9ge hengerekre, n\u00e1lunk mindent megtal\u00e1l.<\/li>\n<li><strong>Szigor\u00fa min\u0151s\u00e9gi szabv\u00e1nyok:<\/strong> Az FMP-n\u00e9l a min\u0151s\u00e9get helyezz\u00fck el\u0151t\u00e9rbe, \u00e9s biztos\u00edtjuk, hogy minden \u00e1ltalunk sz\u00e1ll\u00edtott hidraulikus henger megfeleljen a szigor\u00fa min\u0151s\u00e9gi el\u0151\u00edr\u00e1soknak. A kiv\u00e1l\u00f3 min\u0151s\u00e9g\u0171 besz\u00e1ll\u00edt\u00f3kkal k\u00f6t\u00f6tt hossz\u00fa t\u00e1v\u00fa \u00e9s stabil partners\u00e9gek r\u00e9v\u00e9n garant\u00e1ljuk term\u00e9keink megb\u00edzhat\u00f3s\u00e1g\u00e1t \u00e9s tart\u00f3ss\u00e1g\u00e1t.<\/li>\n<li><strong>Tapasztalt \u00e9rt\u00e9kes\u00edt\u00e9si csapat:<\/strong> Tapasztalt \u00e9rt\u00e9kes\u00edt\u00e9si csapatunk j\u00e1rtas az \u00e9p\u00edt\u0151ipari g\u00e9pipar leg\u00fajabb trendjeiben \u00e9s \u00fcgyf\u00e9lig\u00e9nyeiben. Professzion\u00e1lis term\u00e9ktan\u00e1csad\u00e1st tudnak ny\u00fajtani, seg\u00edtve \u00d6nt a megalapozott d\u00f6nt\u00e9sek meghozatal\u00e1ban \u00e9s az \u00d6n ig\u00e9nyeinek legink\u00e1bb megfelel\u0151 hidraulikus henger megtal\u00e1l\u00e1s\u00e1ban.<\/li>\n<li><strong>Hat\u00e9kony logisztikai disztrib\u00faci\u00f3:<\/strong> Meg\u00e9rtj\u00fck az id\u0151ben t\u00f6rt\u00e9n\u0151 sz\u00e1ll\u00edt\u00e1s fontoss\u00e1g\u00e1t. Hat\u00e9kony logisztikai eloszt\u00e1si rendszer\u00fcnk biztos\u00edtja, hogy a sz\u00fcks\u00e9ges hidraulikus hengereket gyorsan \u00e9s pontosan megkapja, minimaliz\u00e1lva az \u00e1ll\u00e1sid\u0151t \u00e9s biztos\u00edtva a m\u0171k\u00f6d\u00e9s z\u00f6kken\u0151mentes lebonyol\u00edt\u00e1s\u00e1t.<\/li>\n<li><strong>\u00c1tfog\u00f3 \u00e9rt\u00e9kes\u00edt\u00e9s ut\u00e1ni t\u00e1mogat\u00e1s:<\/strong> Az FMP-n\u00e9l nagy hangs\u00falyt fektet\u00fcnk az \u00fcgyfelek el\u00e9gedetts\u00e9g\u00e9re. Elk\u00f6telezett \u00fcgyf\u00e9lszolg\u00e1latunk mindig k\u00e9szen \u00e1ll, hogy seg\u00edtsen \u00d6nnek b\u00e1rmilyen k\u00e9rd\u00e9ssel vagy aggodalommal, \u00e9s \u00e1tfog\u00f3 \u00e9rt\u00e9kes\u00edt\u00e9s ut\u00e1ni t\u00e1mogat\u00e1st ny\u00fajt, hogy biztos\u00edtsa hidraulikus hengereinkkel val\u00f3 maxim\u00e1lis el\u00e9gedetts\u00e9g\u00e9t.<\/li>\n<\/ol>\n<p>Legyen partnere az FMP-nek m\u00e9g ma, \u00e9s tapasztalja meg hidraulikus hengereink min\u0151s\u00e9g\u00e9t, megb\u00edzhat\u00f3s\u00e1g\u00e1t \u00e9s kiv\u00e9teles teljes\u00edtm\u00e9ny\u00e9t. L\u00e9pjen kapcsolatba vel\u00fcnk most, hogy megbesz\u00e9lhess\u00fck az \u00d6n egyedi ig\u00e9nyeit \u00e9s elkezdhess\u00fck a gy\u00fcm\u00f6lcs\u00f6z\u0151 egy\u00fcttm\u0171k\u00f6d\u00e9st.<\/p>\n<h2>GYIK<\/h2>\n<p><img decoding=\"async\" class=\"aligncenter\" title=\"H\u00f3eke hidraulikus henger\" src=\"https:\/\/hzpt.com\/wp-content\/uploads\/2023\/11\/Snow-Plow-Hydraulic-Cylinder-1.webp\" alt=\"H\u00f3eke hidraulikus henger\" \/><\/p>\n<h3>K: Mennyi a hidraulikus hengerek sz\u00e1ll\u00edt\u00e1si ideje?<\/h3>\n<p>V: Az \u00e1ltal\u00e1nos sz\u00e1ll\u00edt\u00e1si id\u0151 25-35 nap.<\/p>\n<h3>K: K\u00e9rhetek egy mint\u00e1t a term\u00e9k\u00fckb\u0151l?<\/h3>\n<p>V: Igen, k\u00edn\u00e1lunk term\u00e9kmint\u00e1kat, de ezek nem ingyenesek.<\/p>\n<h3>K: Tudsz hidraulikus hengereket gy\u00e1rtani konkr\u00e9t mint\u00e1k vagy m\u0171szaki rajzok szerint?<\/h3>\n<p>V: Igen, a mint\u00e1k vagy m\u0171szaki rajzok alapj\u00e1n tudunk term\u00e9keket gy\u00e1rtani. A form\u00e1kat \u00e9s a szerelv\u00e9nyeket is elk\u00e9sz\u00edtj\u00fck.<\/p>\n<p>Szerz\u0151: CX<\/p>","protected":false},"excerpt":{"rendered":"<p>Introducing the Factory Direct Sale 2 Ton Double Effect Small Snow Plow Hydraulic Cylinder If you are in need of a reliable and efficient snow plowing tool, look no further than our Snow Plow Hydraulic Cylinder. With its excellent construction and high capacity, it is an ideal choice for those in need of a top-notch [&hellip;]<\/p>","protected":false},"featured_media":1515,"comment_status":"closed","ping_status":"closed","template":"","meta":{"_et_pb_use_builder":"","_et_pb_old_content":"","_et_gb_content_width":""},"product_brand":[],"product_cat":[42],"product_tag":[34,44],"class_list":{"0":"post-1514","1":"product","2":"type-product","3":"status-publish","4":"has-post-thumbnail","6":"product_cat-snow-plow-hydraulic-cylinder","7":"product_tag-hydraulic-cylinder","8":"product_tag-snow-plow-hydraulic-cylinder","10":"first","11":"instock","12":"product-type-simple"},"_links":{"self":[{"href":"https:\/\/fmp-components.com\/hu\/wp-json\/wp\/v2\/product\/1514","targetHints":{"allow":["GET"]}}],"collection":[{"href":"https:\/\/fmp-components.com\/hu\/wp-json\/wp\/v2\/product"}],"about":[{"href":"https:\/\/fmp-components.com\/hu\/wp-json\/wp\/v2\/types\/product"}],"replies":[{"embeddable":true,"href":"https:\/\/fmp-components.com\/hu\/wp-json\/wp\/v2\/comments?post=1514"}],"wp:featuredmedia":[{"embeddable":true,"href":"https:\/\/fmp-components.com\/hu\/wp-json\/wp\/v2\/media\/1515"}],"wp:attachment":[{"href":"https:\/\/fmp-components.com\/hu\/wp-json\/wp\/v2\/media?parent=1514"}],"wp:term":[{"taxonomy":"product_brand","embeddable":true,"href":"https:\/\/fmp-components.com\/hu\/wp-json\/wp\/v2\/product_brand?post=1514"},{"taxonomy":"product_cat","embeddable":true,"href":"https:\/\/fmp-components.com\/hu\/wp-json\/wp\/v2\/product_cat?post=1514"},{"taxonomy":"product_tag","embeddable":true,"href":"https:\/\/fmp-components.com\/hu\/wp-json\/wp\/v2\/product_tag?post=1514"}],"curies":[{"name":"munkaf\u00fczet","href":"https:\/\/api.w.org\/{rel}","templated":true}]}}