{"id":1512,"date":"2024-12-23T05:50:37","date_gmt":"2024-12-23T05:50:37","guid":{"rendered":"https:\/\/fmp-components.com\/product\/guaranteed-quality-small-hydraulic-cylinder-double-effect-hydraulic-cylinder-for-snow-plow\/"},"modified":"2024-12-23T06:24:04","modified_gmt":"2024-12-23T06:24:04","slug":"guaranteed-quality-small-hydraulic-cylinder-double-effect-hydraulic-cylinder-for-snow-plow","status":"publish","type":"product","link":"https:\/\/fmp-components.com\/hu\/product\/guaranteed-quality-small-hydraulic-cylinder-double-effect-hydraulic-cylinder-for-snow-plow\/","title":{"rendered":"Garant\u00e1lt min\u0151s\u00e9g\u0171 kis hidraulikus henger kett\u0151s hat\u00e1s\u00fa hidraulikus henger h\u00f3ek\u00e9hez"},"content":{"rendered":"<p>Garant\u00e1lt min\u0151s\u00e9g\u0171 kis hidraulikus henger, dupla hat\u00e1s\u00fa hidraulikus henger h\u00f3ek\u00e9hezBemutatkozik a garant\u00e1lt min\u0151s\u00e9g\u0171 kis hidraulikus henger, dupla hat\u00e1s\u00fa hidraulikus henger h\u00f3ek\u00e9hez!<\/p>\n<p>A precizit\u00e1st \u00e9s a min\u0151s\u00e9get szem el\u0151tt tartva tervezett hidraulikus henger t\u00f6k\u00e9letes kieg\u00e9sz\u00edt\u0151je b\u00e1rmely h\u00f3ek\u00e9nek. Kett\u0151s hat\u00e1smechanizmusa fokozott hat\u00e9konys\u00e1got \u00e9s teljes\u00edtm\u00e9nyt jelent, \u00edgy m\u00e9g a legnagyobb h\u00f3es\u00e9seket is k\u00f6nnyebb eltakar\u00edtani, mint valaha.<\/p>\n<p>Kiz\u00e1r\u00f3lag a legmagasabb min\u0151s\u00e9g\u0171 anyagokb\u00f3l k\u00e9sz\u00fclt, ez a hidraulikus henger \u00fagy van kialak\u00edtva, hogy m\u00e9g a legnehezebb k\u00f6r\u00fclm\u00e9nyeket is ellen\u00e1lljon. Kompakt m\u00e9rete lehet\u0151v\u00e9 teszi a k\u00f6nny\u0171 telep\u00edt\u00e9st, \u00edgy ide\u00e1lis v\u00e1laszt\u00e1s minden h\u00f3eke-kezel\u0151 sz\u00e1m\u00e1ra, aki maximaliz\u00e1lni szeretn\u00e9 h\u00f3eltakar\u00edt\u00e1si k\u00e9pess\u00e9geit.<\/p>\n<p><img decoding=\"async\" title=\"H\u00f3eke hidraulikus henger\" src=\"https:\/\/hzpt.com\/wp-content\/uploads\/2023\/11\/Snow-Plow-Hydraulic-Cylinder-3.webp\" alt=\"H\u00f3eke hidraulikus henger\" \/><\/p>\n<p>Garant\u00e1lt min\u0151s\u00e9ggel \u00e9s megb\u00edzhat\u00f3s\u00e1ggal ez a kism\u00e9ret\u0171 hidraulikus henger t\u00f6k\u00e9letes befektet\u00e9s minden h\u00f3eltakar\u00edt\u00f3 szakember sz\u00e1m\u00e1ra. Ne hagyja, hogy a t\u00e9li id\u0151j\u00e1r\u00e1s lelass\u00edtsa \u2013 v\u00e1lassza a Garant\u00e1lt Min\u0151s\u00e9g\u0171 Kism\u00e9ret\u0171 Hidraulikus Henger Kett\u0151s Hat\u00e1s\u00fa Hidraulikus Hengert h\u00f3ek\u00e9hez, \u00e9s v\u00e9gezze el a munk\u00e1t minden alkalommal megfelel\u0151en.<\/p>\n<h2>Az \u00e1ll\u00edthat\u00f3 kengyeles hengerek el\u0151nyei<\/h2>\n<p>Az \u00e1ll\u00edthat\u00f3 kengyeles hengerek, mint p\u00e9ld\u00e1ul a garant\u00e1lt min\u0151s\u00e9g\u0171 kis hidraulikus henger \u00e9s a h\u00f3ek\u00e9hez val\u00f3 kett\u0151s hat\u00e1s\u00fa hidraulikus henger, sz\u00e1mos el\u0151nnyel j\u00e1rnak, amelyek miatt a legk\u00fcl\u00f6nf\u00e9l\u00e9bb alkalmaz\u00e1sokban kedvelt v\u00e1laszt\u00e1snak sz\u00e1m\u00edtanak. Ebben a cikkben ezeket az el\u0151ny\u00f6ket r\u00e9szletesen megvizsg\u00e1ljuk.<\/p>\n<p>1. Fokozott rugalmass\u00e1g:<br \/>\nAz \u00e1ll\u00edthat\u00f3 kengyeles hengerek kiv\u00e1l\u00f3 rugalmass\u00e1got biztos\u00edtanak az \u00e1ll\u00edthat\u00f3 kengyeles r\u00f6gz\u00edt\u00e9seknek k\u00f6sz\u00f6nhet\u0151en. Ez a funkci\u00f3 lehet\u0151v\u00e9 teszi a k\u00f6nny\u0171 telep\u00edt\u00e9st \u00e9s be\u00e1ll\u00edt\u00e1st k\u00fcl\u00f6nb\u00f6z\u0151 poz\u00edci\u00f3kban, \u00edgy sz\u00e9les k\u00f6r\u0171 alkalmaz\u00e1sokhoz alkalmasak. Legyen sz\u00f3 h\u00f3ek\u00e9r\u0151l vagy b\u00e1rmilyen m\u00e1s berendez\u00e9sr\u0151l, a henger helyzet\u00e9nek be\u00e1ll\u00edt\u00e1si lehet\u0151s\u00e9ge biztos\u00edtja az optim\u00e1lis teljes\u00edtm\u00e9nyt.<\/p>\n<p>2. Prec\u00edz vez\u00e9rl\u00e9s:<br \/>\nEzek a hengerek prec\u00edz vez\u00e9rl\u00e9st k\u00edn\u00e1lnak a k\u00fcl\u00f6nf\u00e9le berendez\u00e9sek mozg\u00e1sa \u00e9s pozicion\u00e1l\u00e1sa felett. Az \u00e1ll\u00edthat\u00f3 l\u00f6kethosszakkal \u00e9s a prec\u00edz pozicion\u00e1l\u00e1si k\u00e9pess\u00e9gekkel lehet\u0151v\u00e9 teszik a m\u0171k\u00f6d\u00e9s finomhangol\u00e1s\u00e1t az adott k\u00f6vetelm\u00e9nyeknek megfelel\u0151en. Ez a szint\u0171 vez\u00e9rl\u00e9s kulcsfontoss\u00e1g\u00fa azokban az alkalmaz\u00e1sokban, ahol a pontoss\u00e1g kiemelked\u0151 fontoss\u00e1g\u00fa, p\u00e9ld\u00e1ul \u00e9p\u00edt\u0151iparban vagy ipari g\u00e9pekn\u00e9l.<\/p>\n<p>3. Tart\u00f3ss\u00e1g \u00e9s megb\u00edzhat\u00f3s\u00e1g:<br \/>\nA h\u00f3ek\u00e9khez val\u00f3, garant\u00e1lt min\u0151s\u00e9g\u0171 kis hidraulikus hengerek \u00e9s kett\u0151s hat\u00e1s\u00fa hidraulikus hengerek a neh\u00e9z k\u00f6r\u00fclm\u00e9nyek elvisel\u00e9s\u00e9re k\u00e9sz\u00fcltek. Kiv\u00e1l\u00f3 min\u0151s\u00e9g\u0171 anyagokb\u00f3l k\u00e9sz\u00fcltek \u00e9s nagy terhel\u00e9sek elvisel\u00e9s\u00e9re tervezt\u00e9k \u0151ket, \u00edgy ezek a hengerek kiv\u00e9teles tart\u00f3ss\u00e1got \u00e9s megb\u00edzhat\u00f3s\u00e1got biztos\u00edtanak. Ez biztos\u00edtja, hogy a legnehezebb feladatokat is k\u00e9pesek kezelni a teljes\u00edtm\u00e9ny fel\u00e1ldoz\u00e1sa n\u00e9lk\u00fcl.<\/p>\n<p>4. Hat\u00e9kony er\u0151\u00e1tvitel:<br \/>\nAz \u00e1ll\u00edthat\u00f3 kengyeles hengerek kialak\u00edt\u00e1sa optimaliz\u00e1lja az er\u0151\u00e1tvitelt, ami hat\u00e9kony m\u0171k\u00f6d\u00e9st eredm\u00e9nyez. A fejlett hidraulikus technol\u00f3gia haszn\u00e1lata sima \u00e9s egyenletes mozg\u00e1st tesz lehet\u0151v\u00e9, minimaliz\u00e1lva az energiavesztes\u00e9get. Ez a hat\u00e9konys\u00e1g nemcsak az \u00f6sszteljes\u00edtm\u00e9nyt n\u00f6veli, hanem hossz\u00fa t\u00e1von k\u00f6lts\u00e9gmegtakar\u00edt\u00e1shoz is hozz\u00e1j\u00e1rul.<\/p>\n<p>5. Sokoldal\u00fa alkalmaz\u00e1sok:<br \/>\nSokoldal\u00fa kialak\u00edt\u00e1suknak k\u00f6sz\u00f6nhet\u0151en az \u00e1ll\u00edthat\u00f3 kengyeles hengerek sz\u00e1mos ipar\u00e1gban alkalmazhat\u00f3k. A mez\u0151gazdas\u00e1gt\u00f3l az \u00e9p\u00edt\u0151iparon \u00e9s az anyagmozgat\u00e1son \u00e1t a sz\u00e1ll\u00edtm\u00e1nyoz\u00e1sig ezek a hengerek k\u00fcl\u00f6nf\u00e9le berendez\u00e9sekbe \u00e9s g\u00e9pekbe integr\u00e1lhat\u00f3k. Alkalmazkod\u00f3k\u00e9pess\u00e9g\u00fck k\u00f6lts\u00e9ghat\u00e9kony megold\u00e1st k\u00edn\u00e1l a k\u00fcl\u00f6nb\u00f6z\u0151 m\u0171k\u00f6d\u00e9si ig\u00e9nyekhez.<\/p>\n<p>\u00d6sszefoglalva, az \u00e1ll\u00edthat\u00f3 kengyeles hengerek, bele\u00e9rtve a garant\u00e1lt min\u0151s\u00e9g\u0171 kis hidraulikus hengert \u00e9s a h\u00f3ek\u00e9hez val\u00f3 kett\u0151s hat\u00e1s\u00fa hidraulikus hengert is, sz\u00e1mos el\u0151nnyel rendelkeznek. Rugalmass\u00e1guk, prec\u00edz vez\u00e9rl\u00e9s\u00fck, tart\u00f3ss\u00e1guk, hat\u00e9kony er\u0151\u00e1tvitel\u00fck \u00e9s sokoldal\u00fas\u00e1guk kiv\u00e1l\u00f3 v\u00e1laszt\u00e1ss\u00e1 teszi \u0151ket k\u00fcl\u00f6nf\u00e9le alkalmaz\u00e1sokhoz. Ezen hengerek berendez\u00e9sekbe vagy g\u00e9pekbe val\u00f3 be\u00e9p\u00edt\u00e9s\u00e9vel a v\u00e1llalkoz\u00e1sok optimaliz\u00e1lhatj\u00e1k a teljes\u00edtm\u00e9nyt, n\u00f6velhetik a termel\u00e9kenys\u00e9get \u00e9s hat\u00e9konyan el\u00e9rhetik m\u0171k\u00f6d\u00e9si c\u00e9ljaikat.<\/p>\n<h3>Az FMP-r\u0151l<\/h3>\n<p>Az FMP Olaszorsz\u00e1g vezet\u0151 v\u00e1llalata, amely \u00e9p\u00edt\u0151ipari g\u00e9palkatr\u00e9szek \u00e9s komplett g\u00e9pek \u00e9rt\u00e9kes\u00edt\u00e9s\u00e9re \u00e9s szervizel\u00e9s\u00e9re specializ\u00e1l\u00f3dott. Az ipar\u00e1gban szerzett sok\u00e9ves tapasztalattal \u00e9s szakemberg\u00e1rd\u00e1val kiv\u00e1l\u00f3 min\u0151s\u00e9g\u0171 \u00e9s megb\u00edzhat\u00f3 megold\u00e1sokat k\u00edn\u00e1lunk \u00fcgyfeleinknek.<\/p>\n<h3>Hidraulikus henger<\/h3>\n<p>Az egyik f\u0151 term\u00e9k\u00fcnk a hidraulikus henger. Hengereink kiv\u00e1l\u00f3 min\u0151s\u00e9g\u0171 anyagokb\u00f3l k\u00e9sz\u00fclnek, \u00e9s \u00fagy vannak kialak\u00edtva, hogy ellen\u00e1lljanak a sz\u00e9ls\u0151s\u00e9ges nyom\u00e1snak \u00e9s a nagy terhel\u00e9seknek. \u00cdme \u00f6t ok, ami\u00e9rt \u00e9rdemes az FMP hidraulikus hengert v\u00e1lasztania:<\/p>\n<ol>\n<li><strong>Kiv\u00e1l\u00f3 min\u0151s\u00e9g\u0171 anyagok:<\/strong> Hidraulikus hengereink kiv\u00e1l\u00f3 min\u0151s\u00e9g\u0171 anyagokb\u00f3l k\u00e9sz\u00fclnek, amelyek tart\u00f3ss\u00e1got \u00e9s hossz\u00fa t\u00e1v\u00fa teljes\u00edtm\u00e9nyt biztos\u00edtanak. Kiz\u00e1r\u00f3lag a legjobb anyagokat haszn\u00e1ljuk annak \u00e9rdek\u00e9ben, hogy hengereink a legmostoh\u00e1bb k\u00f6r\u00fclm\u00e9nyeknek is ellen\u00e1lljanak.<\/li>\n<li><strong>Testreszabhat\u00f3:<\/strong> Sz\u00e9les v\u00e1laszt\u00e9kban k\u00edn\u00e1lunk hidraulikus hengereket, amelyeket az \u00d6n egyedi ig\u00e9nyeihez igaz\u00edthatunk. Hengereink k\u00fcl\u00f6nb\u00f6z\u0151 m\u00e9retekben, form\u00e1kban \u00e9s kivitelekben kaphat\u00f3k, \u00e9s seg\u00edt\u00fcnk kiv\u00e1lasztani az \u00d6n alkalmaz\u00e1s\u00e1hoz legink\u00e1bb ill\u0151t.<\/li>\n<li><strong>Megb\u00edzhat\u00f3s\u00e1g:<\/strong> Hidraulikus hengereinket \u00fagy tervezt\u00fck, hogy m\u00e9g a legnehezebb k\u00f6r\u00fclm\u00e9nyek k\u00f6z\u00f6tt is megb\u00edzhat\u00f3 teljes\u00edtm\u00e9nyt ny\u00fajtsanak. Meg\u00e9rtj\u00fck a megb\u00edzhat\u00f3s\u00e1g fontoss\u00e1g\u00e1t, \u00e9s minden sz\u00fcks\u00e9ges int\u00e9zked\u00e9st megtesz\u00fcnk annak \u00e9rdek\u00e9ben, hogy hengereink megfeleljenek a feladatnak.<\/li>\n<li><strong>Szak\u00e9rt\u0151i konzult\u00e1ci\u00f3:<\/strong> \u00c9rt\u00e9kes\u00edt\u00e9si csapatunk az \u00e9p\u00edt\u0151ipari g\u00e9pipar szak\u00e9rt\u0151ib\u0151l \u00e1ll. Ismerik a leg\u00fajabb trendeket, \u00e9s professzion\u00e1lis tan\u00e1csokkal tudnak szolg\u00e1lni a megfelel\u0151 hidraulikus henger kiv\u00e1laszt\u00e1s\u00e1ban.<\/li>\n<li><strong>Hat\u00e9kony logisztika:<\/strong> Hat\u00e9kony logisztikai eloszt\u00e1si rendszer\u00fcnk biztos\u00edtja, hogy hidraulikus henger\u00e9t id\u0151ben \u00e9s pontosan megkapja. Meg\u00e9rtj\u00fck az id\u0151ben t\u00f6rt\u00e9n\u0151 sz\u00e1ll\u00edt\u00e1s fontoss\u00e1g\u00e1t, \u00e9s minden sz\u00fcks\u00e9ges int\u00e9zked\u00e9st megtesz\u00fcnk annak \u00e9rdek\u00e9ben, hogy megrendel\u00e9se id\u0151ben meg\u00e9rkezzen.<\/li>\n<\/ol>\n<p>Ha megb\u00edzhat\u00f3 \u00e9s kiv\u00e1l\u00f3 min\u0151s\u00e9g\u0171 hidraulikus hengert keres, az FMP a t\u00f6k\u00e9letes v\u00e1laszt\u00e1s. Rendelkez\u00fcnk a sz\u00fcks\u00e9ges tapasztalattal \u00e9s szak\u00e9rtelemmel, hogy az \u00d6n ig\u00e9nyeinek t\u00f6k\u00e9letes megold\u00e1st k\u00edn\u00e1ljuk.<\/p>\n<p><img decoding=\"async\" src=\"https:\/\/fmp-components.com\/wp-content\/uploads\/2024\/12\/Adjustable-Clevis-Type-Cylinders-6.webp\" alt=\"\u00c1ll\u00edthat\u00f3 kengyeles henger\" width=\"834\" title=\"\"><\/p>\n<h2>GYIK<\/h2>\n<h3>Kereskedelmi v\u00e1llalat vagy gy\u00e1rt\u00f3?<\/h3>\n<p>Saj\u00e1t gy\u00e1rral rendelkez\u0151 gy\u00e1rt\u00f3 vagyunk.<\/p>\n<h3>Mennyi a sz\u00e1ll\u00edt\u00e1si id\u0151?<\/h3>\n<p>Sz\u00e1ll\u00edt\u00e1si id\u0151nk \u00e1ltal\u00e1ban 25-35 nap.<\/p>\n<h3>Biztos\u00edtanak mint\u00e1kat? Ingyenes vagy k\u00fcl\u00f6n fizetend\u0151?<\/h3>\n<p>B\u00e1r biztos\u00edtunk mint\u00e1kat, ezek nem ingyenesek.<\/p>\n<p><img decoding=\"async\" title=\"H\u00f3eke hidraulikus henger\" src=\"https:\/\/hzpt.com\/wp-content\/uploads\/2023\/11\/Snow-Plow-Hydraulic-Cylinder-1.webp\" alt=\"H\u00f3eke hidraulikus henger\" \/><\/p>\n<p>Szerz\u0151: CX<\/p>","protected":false},"excerpt":{"rendered":"<p>Garant\u00e1lt min\u0151s\u00e9g\u0171 kis hidraulikus henger, dupla hat\u00e1s\u00fa hidraulikus henger h\u00f3ek\u00e9hezBemutatkozik a garant\u00e1lt min\u0151s\u00e9g\u0171 kis hidraulikus henger, dupla hat\u00e1s\u00fa hidraulikus henger h\u00f3ek\u00e9hez! A precizit\u00e1st \u00e9s a min\u0151s\u00e9get szem el\u0151tt tartva tervezett hidraulikus henger t\u00f6k\u00e9letes kieg\u00e9sz\u00edt\u0151je b\u00e1rmely h\u00f3ek\u00e9nek. Kett\u0151s hat\u00e1s\u00e1nak k\u00f6sz\u00f6nhet\u0151en megn\u00f6velt hat\u00e9konys\u00e1got \u00e9s teljes\u00edtm\u00e9nyt jelent, \u00edgy k\u00f6nnyebb [\u2026]<\/p>","protected":false},"featured_media":1513,"comment_status":"closed","ping_status":"closed","template":"","meta":{"_et_pb_use_builder":"","_et_pb_old_content":"","_et_gb_content_width":""},"product_brand":[],"product_cat":[42],"product_tag":[34,44],"class_list":{"0":"post-1512","1":"product","2":"type-product","3":"status-publish","4":"has-post-thumbnail","6":"product_cat-snow-plow-hydraulic-cylinder","7":"product_tag-hydraulic-cylinder","8":"product_tag-snow-plow-hydraulic-cylinder","10":"first","11":"instock","12":"product-type-simple"},"_links":{"self":[{"href":"https:\/\/fmp-components.com\/hu\/wp-json\/wp\/v2\/product\/1512","targetHints":{"allow":["GET"]}}],"collection":[{"href":"https:\/\/fmp-components.com\/hu\/wp-json\/wp\/v2\/product"}],"about":[{"href":"https:\/\/fmp-components.com\/hu\/wp-json\/wp\/v2\/types\/product"}],"replies":[{"embeddable":true,"href":"https:\/\/fmp-components.com\/hu\/wp-json\/wp\/v2\/comments?post=1512"}],"wp:featuredmedia":[{"embeddable":true,"href":"https:\/\/fmp-components.com\/hu\/wp-json\/wp\/v2\/media\/1513"}],"wp:attachment":[{"href":"https:\/\/fmp-components.com\/hu\/wp-json\/wp\/v2\/media?parent=1512"}],"wp:term":[{"taxonomy":"product_brand","embeddable":true,"href":"https:\/\/fmp-components.com\/hu\/wp-json\/wp\/v2\/product_brand?post=1512"},{"taxonomy":"product_cat","embeddable":true,"href":"https:\/\/fmp-components.com\/hu\/wp-json\/wp\/v2\/product_cat?post=1512"},{"taxonomy":"product_tag","embeddable":true,"href":"https:\/\/fmp-components.com\/hu\/wp-json\/wp\/v2\/product_tag?post=1512"}],"curies":[{"name":"munkaf\u00fczet","href":"https:\/\/api.w.org\/{rel}","templated":true}]}}