{"id":1508,"date":"2024-12-23T05:50:37","date_gmt":"2024-12-23T05:50:37","guid":{"rendered":"https:\/\/fmp-components.com\/product\/cost-effective-customized-stainless-steel-hydraulic-cylinder-double-acting-hydraulic-cylinder\/"},"modified":"2024-12-23T06:24:34","modified_gmt":"2024-12-23T06:24:34","slug":"cost-effective-customized-stainless-steel-hydraulic-cylinder-double-acting-hydraulic-cylinder","status":"publish","type":"product","link":"https:\/\/fmp-components.com\/hu\/product\/cost-effective-customized-stainless-steel-hydraulic-cylinder-double-acting-hydraulic-cylinder\/","title":{"rendered":"K\u00f6lts\u00e9ghat\u00e9kony, testreszabott rozsdamentes ac\u00e9l hidraulikus henger, kett\u0151s m\u0171k\u00f6d\u00e9s\u0171 hidraulikus henger"},"content":{"rendered":"<p>K\u00f6lts\u00e9ghat\u00e9kony, testreszabott rozsdamentes ac\u00e9l hidraulikus henger, kett\u0151s m\u0171k\u00f6d\u00e9s\u0171 hidraulikus henger A k\u00f6lts\u00e9ghat\u00e9kony, testreszabott rozsdamentes ac\u00e9l hidraulikus henger, kett\u0151s m\u0171k\u00f6d\u00e9s\u0171 hidraulikus henger egy kiv\u00e1l\u00f3 min\u0151s\u00e9g\u0171 hidraulikus henger, amelyet k\u00fcl\u00f6nf\u00e9le ipari ig\u00e9nyek kiel\u00e9g\u00edt\u00e9s\u00e9re terveztek. Ez a term\u00e9k rozsdamentes ac\u00e9lb\u00f3l k\u00e9sz\u00fclt, ami tart\u00f3ss\u00e1got \u00e9s korr\u00f3zi\u00f3\u00e1ll\u00f3s\u00e1got biztos\u00edt. Az \u00fcgyf\u00e9l egyedi ig\u00e9nyeinek kiel\u00e9g\u00edt\u00e9s\u00e9re is testreszabhat\u00f3.<\/p>\n<p>Ennek a hidraulikus hengernek az egyik legfigyelemrem\u00e9lt\u00f3bb tulajdons\u00e1ga, hogy kett\u0151s m\u0171k\u00f6d\u00e9s\u0171. Ez azt jelenti, hogy mindk\u00e9t ir\u00e1nyban k\u00e9pes er\u0151t kifejteni, ami hat\u00e9konyabb\u00e1 \u00e9s sokoldal\u00fabb\u00e1 teszi az egyszeres m\u0171k\u00f6d\u00e9s\u0171 hengerekhez k\u00e9pest. Sz\u00e1mos ipari alkalmaz\u00e1sra alkalmas, p\u00e9ld\u00e1ul \u00e9p\u00edt\u0151iparban, b\u00e1ny\u00e1szatban \u00e9s gy\u00e1rt\u00e1sban.<\/p>\n<p>A k\u00f6lts\u00e9ghat\u00e9kony, testreszabott rozsdamentes ac\u00e9l hidraulikus henger kett\u0151s m\u0171k\u00f6d\u00e9s\u0171 hidraulikus henger\u00e9t k\u00f6lts\u00e9ghat\u00e9konyra tervezt\u00e9k, ami azt jelenti, hogy kiv\u00e1l\u00f3 \u00e1r-\u00e9rt\u00e9k ar\u00e1nyt k\u00e9pvisel. Tart\u00f3sra tervezt\u00e9k, \u00e9s minim\u00e1lis karbantart\u00e1st ig\u00e9nyel, ami id\u0151vel seg\u00edt cs\u00f6kkenteni a k\u00f6lts\u00e9geket. Ezenk\u00edv\u00fcl testreszabott kialak\u00edt\u00e1sa azt jelenti, hogy az \u00fcgyf\u00e9l egyedi ig\u00e9nyeihez igazodik, ami seg\u00edt minimaliz\u00e1lni a hullad\u00e9kot \u00e9s optimaliz\u00e1lni a hat\u00e9konys\u00e1got.<\/p>\n<p>\u00d6sszefoglalva, a k\u00f6lts\u00e9ghat\u00e9kony, testreszabott rozsdamentes ac\u00e9l hidraulikus henger kett\u0151s m\u0171k\u00f6d\u00e9s\u0171 hidraulikus henger egy megb\u00edzhat\u00f3 \u00e9s sokoldal\u00fa hidraulikus henger, amelyet k\u00fcl\u00f6nf\u00e9le ipari ig\u00e9nyek kiel\u00e9g\u00edt\u00e9s\u00e9re terveztek. Rozsdamentes ac\u00e9l konstrukci\u00f3ja, kett\u0151s m\u0171k\u00f6d\u00e9s\u0171 tulajdons\u00e1ga \u00e9s testreszabhat\u00f3 kialak\u00edt\u00e1sa k\u00f6lts\u00e9ghat\u00e9kony megold\u00e1st k\u00edn\u00e1l azoknak az ipar\u00e1gaknak, amelyek kiv\u00e1l\u00f3 min\u0151s\u00e9g\u0171 hidraulikus hengereket ig\u00e9nyelnek.<\/p>\n<div>\n<h2>K\u00f6lts\u00e9ghat\u00e9kony, testreszabott rozsdamentes ac\u00e9l hidraulikus henger az \u00d6n hidraulikus ig\u00e9nyeihez<\/h2>\n<p>Bemutatjuk testreszabott rozsdamentes ac\u00e9l hidraulikus henger\u00fcnket, a kett\u0151s m\u0171k\u00f6d\u00e9s\u0171 hidraulikus hengert \u2013 a t\u00f6k\u00e9letes megold\u00e1st az \u00d6n hidraulikus ig\u00e9nyeire. Term\u00e9k\u00fcnket a precizit\u00e1s, a tart\u00f3ss\u00e1g \u00e9s a min\u0151s\u00e9g szem el\u0151tt tart\u00e1s\u00e1val tervezt\u00fck, \u00edgy t\u00f6k\u00e9letes v\u00e1laszt\u00e1s k\u00fcl\u00f6nf\u00e9le ipar\u00e1gak, p\u00e9ld\u00e1ul g\u00e9pjav\u00edt\u00f3 m\u0171helyek, mez\u0151gazdas\u00e1gi \u00fczemek, energia- \u00e9s b\u00e1ny\u00e1szat, g\u00e9pgy\u00e1rt\u00e1s \u00e9s g\u00e9pgy\u00e1rak sz\u00e1m\u00e1ra.<\/p>\n<p><img decoding=\"async\" title=\"H\u00f3eke hidraulikus henger\" src=\"https:\/\/hzpt.com\/wp-content\/uploads\/2023\/11\/Snow-Plow-Hydraulic-Cylinder-3.webp\" alt=\"H\u00f3eke hidraulikus henger\" \/><\/p>\n<h2>Term\u00e9kjellemz\u0151k<\/h2>\n<p>Hidraulikus henger\u00fcnk sz\u00e1mos olyan tulajdons\u00e1ggal b\u00fcszk\u00e9lkedhet, amelyek megk\u00fcl\u00f6nb\u00f6ztetik a versenyt\u00e1rsakt\u00f3l. Massz\u00edv rozsdamentes ac\u00e9lb\u00f3l k\u00e9sz\u00fclt, ami hossz\u00fa \u00e9lettartamot \u00e9s minim\u00e1lis karbantart\u00e1st biztos\u00edt. Testreszabhat\u00f3 is, \u00edgy az \u00d6n egyedi ig\u00e9nyeihez igaz\u00edthatja.<\/p>\n<ul>\n<li><b>\u00c1llapot:<\/b> \u00daj<\/li>\n<li><b>Garancia:<\/b> 1 \u00e9v<\/li>\n<li><b>Max. tol\u00f3er\u0151:<\/b> 3000<\/li>\n<li><b>Max. h\u00faz\u00f3er\u0151:<\/b> 20 tonna<\/li>\n<li><b>Tan\u00fas\u00edtv\u00e1ny:<\/b> ISO9001:2000<\/li>\n<li><b>Furatm\u00e9ret:<\/b> 2-6 h\u00fcvelyk<\/li>\n<li><b>R\u00fad m\u00e9rete:<\/b> 1,125-4 h\u00fcvelyk<\/li>\n<li><b>Ecsetvon\u00e1s m\u00e9rete:<\/b> 4-100 h\u00fcvelyk<\/li>\n<li><b>Csapm\u00e9ret:<\/b> 0,5-2 h\u00fcvelyk<\/li>\n<\/ul>\n<\/div>\n<h2>Az \u00e1ll\u00edthat\u00f3 kengyeles hengerek el\u0151nyei<\/h2>\n<p>Az \u00e1ll\u00edthat\u00f3 kengyeles hengerek a hidraulikus rendszerek alapvet\u0151 alkot\u00f3elemei. Ezeket a hengereket a hidraulikus energia mechanikai er\u0151v\u00e9 alak\u00edt\u00e1s\u00e1ra haszn\u00e1lj\u00e1k. Gyakran megtal\u00e1lhat\u00f3k k\u00fcl\u00f6nf\u00e9le alkalmaz\u00e1sokban, bele\u00e9rtve az \u00e9p\u00edt\u0151iparban, a gy\u00e1rt\u00e1sban \u00e9s a sz\u00e1ll\u00edt\u00e1sban. Ebben a cikkben az \u00e1ll\u00edthat\u00f3 kengyeles hengerek el\u0151nyeit t\u00e1rgyaljuk.<\/p>\n<p>1. <b>K\u00f6lts\u00e9ghat\u00e9kony<\/b><\/p>\n<p>Az \u00e1ll\u00edthat\u00f3 kengyeles hengerek egyik f\u0151 el\u0151nye a k\u00f6lts\u00e9ghat\u00e9konys\u00e1g. Tart\u00f3snak \u00e9s hossz\u00fa \u00e9lettartam\u00fanak tervezt\u00e9k \u0151ket, ami azt jelenti, hogy kevesebb karbantart\u00e1st \u00e9s jav\u00edt\u00e1st ig\u00e9nyelnek id\u0151vel. Ezenk\u00edv\u00fcl kiv\u00e1l\u00f3 min\u0151s\u00e9g\u0171 anyagokb\u00f3l, p\u00e9ld\u00e1ul rozsdamentes ac\u00e9lb\u00f3l k\u00e9sz\u00fclnek, ami hozz\u00e1j\u00e1rul a hossz\u00fa \u00e9lettartamukhoz \u00e9s megb\u00edzhat\u00f3s\u00e1gukhoz.<\/p>\n<p>2. <b>Testreszabhat\u00f3<\/b><\/p>\n<p>Az \u00e1ll\u00edthat\u00f3 kengyeles hengerek tov\u00e1bbi el\u0151nye, hogy testreszabhat\u00f3k az adott ipari vagy kereskedelmi k\u00f6vetelm\u00e9nyeknek megfelel\u0151en. A gy\u00e1rt\u00f3k m\u00f3dos\u00edthatj\u00e1k ezeknek a hengereknek a m\u00e9ret\u00e9t, alakj\u00e1t \u00e9s jellemz\u0151it, p\u00e9ld\u00e1ul csatlakoz\u00f3kat \u00e9s r\u00f6gz\u00edt\u00e9si lehet\u0151s\u00e9geket adhatnak hozz\u00e1, hogy megfeleljenek \u00fcgyfeleik ig\u00e9nyeinek. Ez a testreszab\u00e1s biztos\u00edtja, hogy a hengerek optimaliz\u00e1lva legyenek a tervezett alkalmaz\u00e1sokhoz, ami n\u00f6veli hat\u00e9konys\u00e1gukat \u00e9s eredm\u00e9nyess\u00e9g\u00fcket.<\/p>\n<p>3. <b>Rozsdamentes ac\u00e9l szerkezet<\/b><\/p>\n<p>Az \u00e1ll\u00edthat\u00f3 kengyeles hengereket gyakran rozsdamentes ac\u00e9lb\u00f3l gy\u00e1rtj\u00e1k, amely egy kiv\u00e1l\u00f3 tart\u00f3ss\u00e1got, korr\u00f3zi\u00f3\u00e1ll\u00f3s\u00e1got \u00e9s szil\u00e1rds\u00e1got biztos\u00edt\u00f3 anyag. A rozsdamentes ac\u00e9l felhaszn\u00e1l\u00e1s\u00e1nak k\u00f6sz\u00f6nhet\u0151en ezek a hengerek ellen\u00e1llnak a zord k\u00f6rnyezeti felt\u00e9teleknek, p\u00e9ld\u00e1ul a magas h\u0151m\u00e9rs\u00e9kletnek \u00e9s a vegyszereknek val\u00f3 kitetts\u00e9gnek. Ezenk\u00edv\u00fcl a rozsdamentes ac\u00e9l hengerek k\u00f6nnyen tiszt\u00edthat\u00f3k \u00e9s karbantarthat\u00f3k, ami seg\u00edthet meghosszabb\u00edtani \u00e9lettartamukat.<\/p>\n<p>4. <b>Kett\u0151s m\u0171k\u00f6d\u00e9s\u0171<\/b><\/p>\n<p>Az \u00e1ll\u00edthat\u00f3 kengyeles hengerek kett\u0151s m\u0171k\u00f6d\u00e9s\u0171 hengerk\u00e9nt is kialak\u00edthat\u00f3k, ami azt jelenti, hogy mindk\u00e9t ir\u00e1nyban k\u00e9pesek er\u0151t kifejteni. Ez a funkci\u00f3 olyan alkalmaz\u00e1sokban hasznos, ahol prec\u00edz vez\u00e9rl\u00e9sre \u00e9s mozg\u00e1sra van sz\u00fcks\u00e9g, p\u00e9ld\u00e1ul a gy\u00e1rt\u00e1sban \u00e9s az \u00e9p\u00edt\u0151iparban. A kett\u0151s m\u0171k\u00f6d\u00e9s\u0171 hengerek hat\u00e9konyabbak is, mint az egyszeres m\u0171k\u00f6d\u00e9s\u0171 hengerek, ami hozz\u00e1j\u00e1rulhat az \u00e1ltal\u00e1nos k\u00f6lts\u00e9gmegtakar\u00edt\u00e1shoz.<\/p>\n<p>\u00d6sszefoglalva, az \u00e1ll\u00edthat\u00f3 kengyeles hengerek sz\u00e1mos el\u0151nnyel rendelkeznek m\u00e1s t\u00edpus\u00fa hidraulikus hengerekkel szemben. K\u00f6lts\u00e9ghat\u00e9konyak, testreszabhat\u00f3k, rozsdamentes ac\u00e9lb\u00f3l k\u00e9sz\u00fclnek, \u00e9s kett\u0151s m\u0171k\u00f6d\u00e9s\u0171 hengerk\u00e9nt is kialak\u00edthat\u00f3k. Ezek a tulajdons\u00e1gok kiv\u00e1l\u00f3 v\u00e1laszt\u00e1ss\u00e1 teszik \u0151ket olyan ipari \u00e9s kereskedelmi alkalmaz\u00e1sokhoz, amelyek megb\u00edzhat\u00f3, hat\u00e9kony \u00e9s tart\u00f3s hidraulikus hengereket ig\u00e9nyelnek.<\/p>\n<h3>Az FMP-r\u0151l<\/h3>\n<p>Az FMP egy vezet\u0151 v\u00e1llalat, amely hidraulikus hengerek gy\u00e1rt\u00e1s\u00e1ra \u00e9s \u00e9rt\u00e9kes\u00edt\u00e9s\u00e9re specializ\u00e1l\u00f3dott. Kiterjedt ipar\u00e1gi tapasztalatunkkal \u00e9s professzion\u00e1lis csapatunkkal elk\u00f6telezettek vagyunk amellett, hogy \u00fcgyfeleinknek kiv\u00e1l\u00f3 min\u0151s\u00e9g\u0171 \u00e9s megb\u00edzhat\u00f3 hidraulikus henger megold\u00e1sokat ny\u00fajtsunk.<\/p>\n<p>\u00cdme term\u00e9keink \u00e9s c\u00e9g\u00fcnk 5 f\u0151 el\u0151nye:<\/p>\n<p>1. Sz\u00e9les term\u00e9kv\u00e1laszt\u00e9k: Sz\u00e9les hidraulikus hengerv\u00e1laszt\u00e9kot k\u00edn\u00e1lunk, bele\u00e9rtve az \u00e1ll\u00edthat\u00f3 kengyeles hengereket is, az al\u00e1bbiak szerint:<\/p>\n<p><img decoding=\"async\" src=\"https:\/\/fmp-components.com\/wp-content\/uploads\/2024\/12\/Adjustable-Clevis-Type-Cylinders-6.webp\" alt=\"\u00c1ll\u00edthat\u00f3 kengyeles henger\" width=\"832\" title=\"\"><\/p>\n<p>2. Kiv\u00e1l\u00f3 min\u0151s\u00e9g: Hossz\u00fa t\u00e1v\u00fa \u00e9s stabil egy\u00fcttm\u0171k\u00f6d\u00e9si kapcsolatokat \u00e9p\u00edtett\u00fcnk ki kiv\u00e1l\u00f3 min\u0151s\u00e9g\u0171 besz\u00e1ll\u00edt\u00f3kkal, biztos\u00edtva, hogy minden hidraulikus henger\u00fcnk megfeleljen a szigor\u00fa min\u0151s\u00e9gi el\u0151\u00edr\u00e1soknak. A min\u0151s\u00e9g ir\u00e1nti elk\u00f6telezetts\u00e9g\u00fcnk kiemel minket a versenyt\u00e1rsak k\u00f6z\u00fcl.<\/p>\n<p>3. Professzion\u00e1lis \u00e9rt\u00e9kes\u00edt\u00e9si csapat: Tapasztalt \u00e9s k\u00e9pzett \u00e9rt\u00e9kes\u00edt\u00e9si csapatunk j\u00f3l ismeri a hidraulikus henger ipar\u00e1g fejleszt\u00e9si trendjeit \u00e9s \u00fcgyf\u00e9lig\u00e9nyeit. Elk\u00f6telezettek a professzion\u00e1lis term\u00e9ktan\u00e1csad\u00e1s \u00e9s az intelligens v\u00e1s\u00e1rl\u00e1si javaslatok ir\u00e1nt.<\/p>\n<p>4. Hat\u00e9kony logisztikai eloszt\u00e1s: Meg\u00e9rtj\u00fck az id\u0151ben t\u00f6rt\u00e9n\u0151 \u00e9s pontos sz\u00e1ll\u00edt\u00e1sok fontoss\u00e1g\u00e1t. Hat\u00e9kony logisztikai eloszt\u00e1si rendszer\u00fcnkkel biztos\u00edtjuk, hogy \u00fcgyfeleink gyorsan megkapj\u00e1k a sz\u00fcks\u00e9ges hidraulikus hengereket.<\/p>\n<p>5. \u00c1tfog\u00f3 megold\u00e1sok: A hidraulikus hengerek mellett sz\u00e9les v\u00e1laszt\u00e9kban k\u00edn\u00e1lunk \u00e9p\u00edt\u0151ipari g\u00e9palkatr\u00e9szeket \u00e9s komplett g\u00e9pmegold\u00e1sokat. Ez lehet\u0151v\u00e9 teszi \u00fcgyfeleink sz\u00e1m\u00e1ra, hogy minden sz\u00fcks\u00e9ges alkatr\u00e9szt \u00e9s tartoz\u00e9kot egy helyen megtal\u00e1ljanak, id\u0151t \u00e9s energi\u00e1t takar\u00edtva meg.<\/p>\n<p>Szeretn\u00e9nk megh\u00edvni \u00d6nt, hogy legyen partner\u00fcnk, \u00e9s tapasztalja meg az FMP hidraulikus hengerek kiv\u00e1l\u00f3s\u00e1g\u00e1t. L\u00e9pjen kapcsolatba vel\u00fcnk m\u00e9g ma, hogy megbesz\u00e9lhess\u00fck az \u00d6n egyedi ig\u00e9nyeit, \u00e9s csapatunk seg\u00edtsen megtal\u00e1lni az \u00d6n ig\u00e9nyeinek legink\u00e1bb megfelel\u0151 hidraulikus henger megold\u00e1st.<\/p>\n<h2>GYIK<\/h2>\n<h3>K: Kereskedelmi v\u00e1llalat vagy gy\u00e1rt\u00f3?<\/h3>\n<p>V: Hidraulikus hengereket \u00e9s egy\u00e9b mez\u0151gazdas\u00e1gi g\u00e9palkatr\u00e9szeket gy\u00e1rt\u00f3 gy\u00e1r vagyunk.<\/p>\n<h3>K: Mennyi a sz\u00e1ll\u00edt\u00e1si id\u0151?<\/h3>\n<p>V: A standard sz\u00e1ll\u00edt\u00e1si id\u0151nk 25-35 nap.<\/p>\n<h3>K: Biztos\u00edtanak mint\u00e1kat? Ingyenesek vagy k\u00fcl\u00f6n kaphat\u00f3k?<\/h3>\n<p>V: Igen, biztos\u00edtunk mint\u00e1kat, de ezek nem ingyenesek.<\/p>\n<p>Szerz\u0151: CX<\/p>","protected":false},"excerpt":{"rendered":"<p>Cost Effective Customized Stainless Steel Hydraulic Cylinder Double Acting Hydraulic CylinderCost Effective Customized Stainless Steel Hydraulic Cylinder Double Acting Hydraulic Cylinder is a high-quality hydraulic cylinder designed to meet various industrial needs. This product is made of stainless steel, which ensures durability and resistance to corrosion. It is also customized to meet the specific requirements [&hellip;]<\/p>","protected":false},"featured_media":1509,"comment_status":"closed","ping_status":"closed","template":"","meta":{"_et_pb_use_builder":"","_et_pb_old_content":"","_et_gb_content_width":""},"product_brand":[],"product_cat":[42],"product_tag":[34,44],"class_list":{"0":"post-1508","1":"product","2":"type-product","3":"status-publish","4":"has-post-thumbnail","6":"product_cat-snow-plow-hydraulic-cylinder","7":"product_tag-hydraulic-cylinder","8":"product_tag-snow-plow-hydraulic-cylinder","10":"first","11":"instock","12":"product-type-simple"},"_links":{"self":[{"href":"https:\/\/fmp-components.com\/hu\/wp-json\/wp\/v2\/product\/1508","targetHints":{"allow":["GET"]}}],"collection":[{"href":"https:\/\/fmp-components.com\/hu\/wp-json\/wp\/v2\/product"}],"about":[{"href":"https:\/\/fmp-components.com\/hu\/wp-json\/wp\/v2\/types\/product"}],"replies":[{"embeddable":true,"href":"https:\/\/fmp-components.com\/hu\/wp-json\/wp\/v2\/comments?post=1508"}],"wp:featuredmedia":[{"embeddable":true,"href":"https:\/\/fmp-components.com\/hu\/wp-json\/wp\/v2\/media\/1509"}],"wp:attachment":[{"href":"https:\/\/fmp-components.com\/hu\/wp-json\/wp\/v2\/media?parent=1508"}],"wp:term":[{"taxonomy":"product_brand","embeddable":true,"href":"https:\/\/fmp-components.com\/hu\/wp-json\/wp\/v2\/product_brand?post=1508"},{"taxonomy":"product_cat","embeddable":true,"href":"https:\/\/fmp-components.com\/hu\/wp-json\/wp\/v2\/product_cat?post=1508"},{"taxonomy":"product_tag","embeddable":true,"href":"https:\/\/fmp-components.com\/hu\/wp-json\/wp\/v2\/product_tag?post=1508"}],"curies":[{"name":"munkaf\u00fczet","href":"https:\/\/api.w.org\/{rel}","templated":true}]}}