{"id":1506,"date":"2024-12-23T05:50:37","date_gmt":"2024-12-23T05:50:37","guid":{"rendered":"https:\/\/fmp-components.com\/product\/premium-quality-snow-plow-2-ton-hydraulic-cylinder-small-hydraulic-cylinder\/"},"modified":"2024-12-23T06:28:21","modified_gmt":"2024-12-23T06:28:21","slug":"premium-quality-snow-plow-2-ton-hydraulic-cylinder-small-hydraulic-cylinder","status":"publish","type":"product","link":"https:\/\/fmp-components.com\/hu\/product\/premium-quality-snow-plow-2-ton-hydraulic-cylinder-small-hydraulic-cylinder\/","title":{"rendered":"Pr\u00e9mium min\u0151s\u00e9g\u0171 h\u00f3eke 2 tonn\u00e1s hidraulikus hengerrel, kis hidraulikus hengerrel"},"content":{"rendered":"<p>Pr\u00e9mium min\u0151s\u00e9g\u0171 h\u00f3eke 2 tonn\u00e1s hidraulikus hengerrel, kis hidraulikus hengerrel Bemutatjuk a pr\u00e9mium min\u0151s\u00e9g\u0171 h\u00f3ek\u00e9t 2 tonn\u00e1s hidraulikus hengerrel \u00e9s kis hidraulikus hengerrel:<\/p>\n<p>A pr\u00e9mium min\u0151s\u00e9g\u0171 h\u00f3eke 2 tonn\u00e1s hidraulikus hengere \u00e9s a kis hidraulikus hengere a cs\u00facskateg\u00f3ri\u00e1s term\u00e9kek, amelyeket \u00fagy terveztek, hogy minden hidraulikus ig\u00e9nyt kiel\u00e9g\u00edtsenek. Kiv\u00e9teles teljes\u00edtm\u00e9ny\u00fckkel \u00e9s tart\u00f3ss\u00e1gukkal ezek a hengerek sz\u00e9les k\u00f6r\u0171 alkalmaz\u00e1sokhoz t\u00f6k\u00e9letesek.<\/p>\n<p>A 2 tonn\u00e1s h\u00f3kotr\u00f3 hidraulikus henger kifejezetten neh\u00e9z h\u00f3eltakar\u00edt\u00e1si feladatokhoz k\u00e9sz\u00fclt. Kiv\u00e1l\u00f3 min\u0151s\u00e9g\u0171 konstrukci\u00f3ja megb\u00edzhat\u00f3 teljes\u00edtm\u00e9nyt biztos\u00edt m\u00e9g zord id\u0151j\u00e1r\u00e1si k\u00f6r\u00fclm\u00e9nyek k\u00f6z\u00f6tt is. Ez a henger nagy teljes\u00edtm\u00e9ny\u0171 hidraulikus er\u0151t k\u00edn\u00e1l, amely lehet\u0151v\u00e9 teszi, hogy k\u00f6nnyed\u00e9n eltakar\u00edtsa a havat \u00e9s a jeget a kocsifelhajt\u00f3r\u00f3l, parkol\u00f3kb\u00f3l vagy b\u00e1rmely m\u00e1s olyan ter\u00fcletr\u0151l, amelyet meg kell tiszt\u00edtani a h\u00f3 felhalmoz\u00f3d\u00e1s\u00e1t\u00f3l.<\/p>\n<p>M\u00e1sr\u00e9szr\u0151l a kis hidraulikus henger sokoldal\u00fa \u00e9s kompakt megold\u00e1st k\u00edn\u00e1l k\u00fcl\u00f6nf\u00e9le alkalmaz\u00e1sokhoz. Kompakt m\u00e9rete ide\u00e1liss\u00e1 teszi sz\u0171k helyekre, ahol a nagyobb hengerek nem f\u00e9rnek el. Kis m\u00e9rete ellen\u00e9re ez a hidraulikus henger leny\u0171g\u00f6z\u0151 teljes\u00edtm\u00e9nyt ny\u00fajt, \u00edgy alkalmas olyan feladatokra, mint az emel\u0151- \u00e9s pozicion\u00e1l\u00f3 berendez\u00e9sek, g\u00e9pek m\u0171k\u00f6dtet\u00e9se, vagy ak\u00e1r aut\u00f3ipari alkalmaz\u00e1sok.<\/p>\n<p>Mindk\u00e9t henger prec\u00edzen tervezett \u00e9s tart\u00f3s. Pr\u00e9mium min\u0151s\u00e9g\u0171 anyagokb\u00f3l k\u00e9sz\u00fclnek, amelyek hossz\u00fa t\u00e1v\u00fa tart\u00f3ss\u00e1got \u00e9s megb\u00edzhat\u00f3 teljes\u00edtm\u00e9nyt biztos\u00edtanak. Ezeket a hengereket \u00fagy tervezt\u00e9k, hogy ellen\u00e1lljanak a nagy terhel\u00e9seknek \u00e9s a sz\u00e9ls\u0151s\u00e9ges \u00fczemi k\u00f6r\u00fclm\u00e9nyeknek, \u00edgy megb\u00edzhat\u00f3 v\u00e1laszt\u00e1st jelentenek mind a szakemberek, mind a rajong\u00f3k sz\u00e1m\u00e1ra.<\/p>\n<p>\u00d6sszefoglalva, a pr\u00e9mium min\u0151s\u00e9g\u0171 h\u00f3eke 2 tonn\u00e1s hidraulikus hengerrel \u00e9s a kis hidraulikus hengerrel n\u00e9lk\u00fcl\u00f6zhetetlen eszk\u00f6z\u00f6k, amelyek kiv\u00e9teles teljes\u00edtm\u00e9nyt \u00e9s megb\u00edzhat\u00f3s\u00e1got k\u00edn\u00e1lnak. Ak\u00e1r h\u00f3eltakar\u00edt\u00e1sra van sz\u00fcks\u00e9ge, ak\u00e1r kompakt hidraulikus megold\u00e1sra, ezek a hengerek a t\u00f6k\u00e9letes v\u00e1laszt\u00e1s. Fektessen be ezekbe a kiv\u00e1l\u00f3 min\u0151s\u00e9g\u0171 term\u00e9kekbe, \u00e9s tapasztalja meg az \u00e1ltaluk ny\u00fajtott teljes\u00edtm\u00e9nyt \u00e9s megb\u00edzhat\u00f3s\u00e1got.<\/p>\n<h2>Fedezze fel a 2 tonn\u00e1s hidraulikus hengeres h\u00f3ek\u00e9t<\/h2>\n<p>A 2 tonn\u00e1s hidraulikus hengeres h\u00f3eke egy kiv\u00e9teles term\u00e9k, amely robusztus \u00e9s megb\u00edzhat\u00f3, \u00edgy t\u00f6k\u00e9letes a neh\u00e9z ig\u00e9nybev\u00e9telhez. Pr\u00e9mium min\u0151s\u00e9g\u0171 fel\u00e9p\u00edt\u00e9s\u00e9nek k\u00f6sz\u00f6nhet\u0151en 1 \u00e9v garanci\u00e1val rendelkezik, amely biztos\u00edtja a tart\u00f3s teljes\u00edtm\u00e9nyt \u00e9s min\u0151s\u00e9get.<\/p>\n<h2>Term\u00e9kjellemz\u0151k<\/h2>\n<p>Ez a hidraulikus henger ig\u00e9nyes alkalmaz\u00e1sokhoz k\u00e9sz\u00fclt, maxim\u00e1lis tol\u00f3ereje 3000 tonna, maxim\u00e1lis h\u00faz\u00f3ereje pedig 20 tonna. A teste tart\u00f3s ac\u00e9lb\u00f3l k\u00e9sz\u00fclt, \u00edgy ellen\u00e1ll a zord ig\u00e9nybev\u00e9telnek. Figyelemre m\u00e9lt\u00f3 jellemz\u0151i a k\u00f6vetkez\u0151k:<\/p>\n<ul>\n<li>Standard dugatty\u00fas henger kialak\u00edt\u00e1s<\/li>\n<li>Hidraulikus er\u0151rendszer<\/li>\n<li>Sz\u00e1mos ipar\u00e1gban alkalmazhat\u00f3, p\u00e9ld\u00e1ul g\u00e9pjav\u00edt\u00f3 m\u0171helyekben, mez\u0151gazdas\u00e1gban, energia- \u00e9s b\u00e1ny\u00e1szatban, g\u00e9pgy\u00e1rt\u00e1sban \u00e9s g\u00e9pgy\u00e1rakban<\/li>\n<li>ISO9001:2000 tan\u00fas\u00edtv\u00e1nnyal<\/li>\n<li>Furatm\u00e9ret: 2-6 h\u00fcvelyk<\/li>\n<li>R\u00fadm\u00e9ret: 1,125-4 h\u00fcvelyk<\/li>\n<li>L\u00f6ketm\u00e9ret: 4-100 h\u00fcvelyk<\/li>\n<li>Csapm\u00e9ret: 0,5-2 h\u00fcvelyk<\/li>\n<li>Fekete sz\u00ednben kaphat\u00f3<\/li>\n<\/ul>\n<p><img decoding=\"async\" title=\"H\u00f3eke hidraulikus henger\" src=\"https:\/\/hzpt.com\/wp-content\/uploads\/2023\/11\/Snow-Plow-Hydraulic-Cylinder-1.webp\" alt=\"H\u00f3eke hidraulikus henger\" \/><\/p>\n<h2>Term\u00e9kkarbantart\u00e1s<\/h2>\n<p>A h\u00f3kotr\u00f3 hidraulikus henger\u00e9nek hossz\u00fa t\u00e1v\u00fa hat\u00e9konys\u00e1g\u00e1nak biztos\u00edt\u00e1s\u00e1hoz elengedhetetlen a rendszeres karbantart\u00e1s. A f\u0151 alkatr\u00e9szekre, nevezetesen a csap\u00e1gyra \u00e9s a hidraulikus hengerre 1 \u00e9v garancia vonatkozik, ami t\u00fckr\u00f6zi a gy\u00e1rt\u00e1si min\u0151s\u00e9gbe \u00e9s tart\u00f3ss\u00e1gba vetett bizalmat.<\/p>\n<h2>Alkalmaz\u00e1sok<\/h2>\n<p>A h\u00f3kotr\u00f3 hidraulikus henger k\u00fcl\u00f6n\u00f6sen alkalmas g\u00e9pjav\u00edt\u00f3 m\u0171helyek, mez\u0151gazdas\u00e1gi \u00fczemek, energia- \u00e9s b\u00e1ny\u00e1szat, g\u00e9pgy\u00e1rt\u00e1s \u00e9s g\u00e9pgy\u00e1rak sz\u00e1m\u00e1ra. Kompakt m\u00e9rete \u00e9s 2 tonn\u00e1s teherb\u00edr\u00e1sa ide\u00e1lis v\u00e1laszt\u00e1ss\u00e1 teszi kis \u00e9s k\u00f6zepes m\u00e9ret\u0171 alkalmaz\u00e1sokhoz.<\/p>\n<h2>Az \u00e1ll\u00edthat\u00f3 kengyeles hengerek el\u0151nyei<\/h2>\n<p>Az \u00e1ll\u00edthat\u00f3 kengyeles hengerek, mint p\u00e9ld\u00e1ul a pr\u00e9mium min\u0151s\u00e9g\u0171 h\u00f3eke 2 tonn\u00e1s hidraulikus hengere \u00e9s a kis hidraulikus henger, sz\u00e1mos el\u0151nnyel rendelkeznek, amelyek n\u00e9pszer\u0171v\u00e9 teszik \u0151ket a k\u00fcl\u00f6nb\u00f6z\u0151 ipar\u00e1gakban. Ezeket a hengereket a precizit\u00e1s \u00e9s a hat\u00e9konys\u00e1g szem el\u0151tt tart\u00e1s\u00e1val tervezt\u00e9k, \u00edgy fokozott teljes\u00edtm\u00e9nyt \u00e9s megb\u00edzhat\u00f3s\u00e1got biztos\u00edtanak a felhaszn\u00e1l\u00f3knak. Ebben a cikkben megvizsg\u00e1ljuk az \u00e1ll\u00edthat\u00f3 kengyeles hengerek el\u0151nyeit, \u00e9s kiemelj\u00fck, hogy mi\u00e9rt el\u0151ny\u00f6sek sz\u00e1mos alkalmaz\u00e1shoz.<\/p>\n<h3>1. Fokozott rugalmass\u00e1g<\/h3>\n<p>Az \u00e1ll\u00edthat\u00f3 kengyeles hengerek egyik legfontosabb el\u0151nye a fokozott rugalmass\u00e1g. Ezek a hengerek kengyeles r\u00f6gz\u00edt\u00e9ssel rendelkeznek a r\u00fad v\u00e9g\u00e9n, ami lehet\u0151v\u00e9 teszi a k\u00f6nny\u0171 be\u00e1ll\u00edt\u00e1st \u00e9s pozicion\u00e1l\u00e1st. Ez a rugalmass\u00e1g lehet\u0151v\u00e9 teszi a felhaszn\u00e1l\u00f3k sz\u00e1m\u00e1ra, hogy a henger l\u00f6kethossz\u00e1t az adott ig\u00e9nyeknek megfelel\u0151en testre szabj\u00e1k, \u00edgy sz\u00e9les k\u00f6r\u0171 alkalmaz\u00e1sokhoz alkalmazhat\u00f3. Ak\u00e1r \u00e9p\u00edt\u0151iparban, mez\u0151gazdas\u00e1gban vagy anyagmozgat\u00e1sban van sz\u00f3, az \u00e1ll\u00edthat\u00f3 kengyeles henger biztos\u00edtja a sz\u00fcks\u00e9ges sokoldal\u00fas\u00e1got a k\u00fcl\u00f6nf\u00e9le feladatok hat\u00e9kony elv\u00e9gz\u00e9s\u00e9hez.<\/p>\n<h3>2. Prec\u00edz vez\u00e9rl\u00e9s<\/h3>\n<p>Az \u00e1ll\u00edthat\u00f3 kengyeles hengerek egy m\u00e1sik figyelemre m\u00e9lt\u00f3 el\u0151nye a prec\u00edz vez\u00e9rl\u00e9s k\u00e9pess\u00e9ge. Ezeket a hengereket pontos \u00e9s szab\u00e1lyozott mozg\u00e1s biztos\u00edt\u00e1s\u00e1ra tervezt\u00e9k, biztos\u00edtva a sima \u00e9s hat\u00e9kony m\u0171k\u00f6d\u00e9st. Az \u00e1ll\u00edthat\u00f3 l\u00f6kethossznak k\u00f6sz\u00f6nhet\u0151en a felhaszn\u00e1l\u00f3k finomhangolhatj\u00e1k a henger mozg\u00e1s\u00e1t a k\u00edv\u00e1nt pontoss\u00e1gi szint el\u00e9r\u00e9se \u00e9rdek\u00e9ben. Ez a vez\u00e9rl\u00e9si szint k\u00fcl\u00f6n\u00f6sen fontos azokban az alkalmaz\u00e1sokban, ahol a pontoss\u00e1g kiemelked\u0151 fontoss\u00e1g\u00fa, p\u00e9ld\u00e1ul a robotik\u00e1ban, az automatiz\u00e1l\u00e1sban \u00e9s a gy\u00e1rt\u00e1si folyamatokban.<\/p>\n<h3>3. Tart\u00f3ss\u00e1g \u00e9s megb\u00edzhat\u00f3s\u00e1g<\/h3>\n<p>A pr\u00e9mium min\u0151s\u00e9g\u0171, 2 tonn\u00e1s h\u00f3kotr\u00f3 hidraulikus henger \u00e9s a kis hidraulikus henger, mindkett\u0151 \u00e1ll\u00edthat\u00f3 kengyeles henger, \u00fagy lett kialak\u00edtva, hogy ellen\u00e1lljon a neh\u00e9z k\u00f6rnyezeti felt\u00e9teleknek \u00e9s a nagy ig\u00e9nybev\u00e9tel\u0171 haszn\u00e1latnak. Ezek a hengerek kiv\u00e1l\u00f3 min\u0151s\u00e9g\u0171 anyagokb\u00f3l k\u00e9sz\u00fclnek, \u00edgy tart\u00f3ss\u00e1got \u00e9s megb\u00edzhat\u00f3s\u00e1got biztos\u00edtanak m\u00e9g extr\u00e9m k\u00f6r\u00fclm\u00e9nyek k\u00f6z\u00f6tt is. \u00dagy tervezt\u00e9k \u0151ket, hogy ellen\u00e1lljanak a korr\u00f3zi\u00f3nak, a kop\u00e1snak \u00e9s a kop\u00e1snak, \u00edgy alkalmasak a hossz\u00fa t\u00e1v\u00fa haszn\u00e1latra zord k\u00f6rnyezetben. Az \u00e1ll\u00edthat\u00f3 kengyeles hengerek \u00fagy vannak kialak\u00edtva, hogy \u00e1lland\u00f3 teljes\u00edtm\u00e9nyt biztos\u00edtsanak, cs\u00f6kkents\u00e9k az \u00e1ll\u00e1sid\u0151t \u00e9s n\u00f6velj\u00e9k az \u00e1ltal\u00e1nos termel\u00e9kenys\u00e9get.<\/p>\n<h3>4. K\u00f6nny\u0171 karbantart\u00e1s<\/h3>\n<p>Az \u00e1ll\u00edthat\u00f3 kengyeles hengereket a k\u00f6nny\u0171 karbantart\u00e1s szem el\u0151tt tart\u00e1s\u00e1val tervezt\u00e9k. Ezek a hengerek k\u00f6nnyen hozz\u00e1f\u00e9rhet\u0151 alkatr\u00e9szekkel rendelkeznek, ami megk\u00f6nny\u00edti az ellen\u0151rz\u00e9st \u00e9s a szervizel\u00e9st. Megfelel\u0151 karbantart\u00e1s mellett a hengerek hosszabb ideig optim\u00e1lis hat\u00e9konys\u00e1ggal m\u0171k\u00f6dhetnek, minimaliz\u00e1lva a gyakori jav\u00edt\u00e1sok vagy cser\u00e9k sz\u00fcks\u00e9gess\u00e9g\u00e9t. Az \u00e1ll\u00edthat\u00f3 kengyeles hengerek karbantart\u00e1s\u00e1nak egyszer\u0171s\u00e9ge k\u00f6lts\u00e9ghat\u00e9kony v\u00e1laszt\u00e1ss\u00e1 teszi \u0151ket a v\u00e1llalkoz\u00e1sok sz\u00e1m\u00e1ra, mivel hosszabb \u00e9lettartamot \u00e9rhetnek el minim\u00e1lis \u00e1ll\u00e1sid\u0151vel.<\/p>\n<h3>5. Sz\u00e9lesk\u00f6r\u0171 lehet\u0151s\u00e9gek<\/h3>\n<p>Az \u00e1ll\u00edthat\u00f3 kengyeles hengerek sz\u00e9les m\u00e9ret-, konfigur\u00e1ci\u00f3- \u00e9s specifik\u00e1ci\u00f3v\u00e1laszt\u00e9kban kaphat\u00f3k, \u00edgy a felhaszn\u00e1l\u00f3k b\u0151s\u00e9ges v\u00e1laszt\u00e9kot tal\u00e1lnak. Ak\u00e1r egy kis hidraulikus hengerr\u0151l van sz\u00f3 kompakt g\u00e9pekhez, ak\u00e1r egy nagyobbr\u00f3l neh\u00e9zg\u00e9pekhez, mindenhol megtal\u00e1lhat\u00f3 a megfelel\u0151 \u00e1ll\u00edthat\u00f3 kengyeles henger. Ez a sokf\u00e9le opci\u00f3 lehet\u0151v\u00e9 teszi a felhaszn\u00e1l\u00f3k sz\u00e1m\u00e1ra, hogy olyan hengereket v\u00e1lasszanak, amelyek a legjobban megfelelnek az adott ig\u00e9nyeknek, biztos\u00edtva az optim\u00e1lis teljes\u00edtm\u00e9nyt \u00e9s hat\u00e9konys\u00e1got alkalmaz\u00e1saik sor\u00e1n.<\/p>\n<p>\u00d6sszefoglalva, az \u00e1ll\u00edthat\u00f3 kengyeles hengerek, mint p\u00e9ld\u00e1ul a pr\u00e9mium min\u0151s\u00e9g\u0171 h\u00f3eke 2 tonn\u00e1s hidraulikus henger \u00e9s a kis hidraulikus henger, sz\u00e1mos el\u0151nnyel rendelkeznek, amelyek miatt kedvelt v\u00e1laszt\u00e1snak sz\u00e1m\u00edtanak a k\u00fcl\u00f6nb\u00f6z\u0151 ipar\u00e1gakban. Fokozott rugalmass\u00e1gukkal, prec\u00edz vez\u00e9rl\u00e9s\u00fckkel, tart\u00f3ss\u00e1gukkal, egyszer\u0171 karbantart\u00e1sukkal \u00e9s sz\u00e9lesk\u00f6r\u0171 opci\u00f3ikkal ezek a hengerek biztos\u00edtj\u00e1k a felhaszn\u00e1l\u00f3k sz\u00e1m\u00e1ra a sz\u00fcks\u00e9ges teljes\u00edtm\u00e9nyt \u00e9s megb\u00edzhat\u00f3s\u00e1got. Ak\u00e1r \u00e9p\u00edt\u0151iparban, mez\u0151gazdas\u00e1gban vagy anyagmozgat\u00e1sban van sz\u00f3, az \u00e1ll\u00edthat\u00f3 kengyeles hengerek n\u00e9lk\u00fcl\u00f6zhetetlen eszk\u00f6z\u00f6knek bizonyulnak a feladatok hat\u00e9kony \u00e9s eredm\u00e9nyes elv\u00e9gz\u00e9s\u00e9hez.<\/p>\n<h3>Az FMP hidraulikus henger\u00e9r\u0151l<\/h3>\n<p>Az FMP elk\u00f6telezett a kiv\u00e1l\u00f3 min\u0151s\u00e9g\u0171 \u00e9s megb\u00edzhat\u00f3 \u00e9p\u00edt\u0151ipari g\u00e9palkatr\u00e9szek \u00e9s komplett g\u00e9pmegold\u00e1sok biztos\u00edt\u00e1sa ir\u00e1nt. Hidraulikus henger\u00fcnk az egyik legn\u00e9pszer\u0171bb term\u00e9k a k\u00edn\u00e1latunkban. \u00cdme \u00f6t ok, ami\u00e9rt \u00e9rdemes az FMP hidraulikus henger\u00e9t v\u00e1lasztania:<\/p>\n<ol>\n<li><strong>Kiv\u00e1l\u00f3 min\u0151s\u00e9g:<\/strong> Hidraulikus henger\u00fcnk kiv\u00e1l\u00f3 min\u0151s\u00e9g\u0171 anyagokb\u00f3l k\u00e9sz\u00fcl, ami biztos\u00edtja a tart\u00f3ss\u00e1g\u00e1t \u00e9s a hossz\u00fa \u00e9lettartam\u00e1t. Prec\u00edz tervez\u00e9ssel \u00e9s gy\u00e1rt\u00e1ssal k\u00e9sz\u00fclt, hogy megfeleljen a szigor\u00fa min\u0151s\u00e9gi el\u0151\u00edr\u00e1soknak, biztos\u00edtva, hogy ellen\u00e1lljon a zord munkak\u00f6r\u00fclm\u00e9nyeknek.<\/li>\n<li><strong>Testreszabhat\u00f3:<\/strong> Hidraulikus henger\u00fcnk testreszabhat\u00f3, hogy megfeleljen az \u00d6n egyedi ig\u00e9nyeinek. Sz\u00e9les v\u00e1laszt\u00e9kot k\u00edn\u00e1lunk, bele\u00e9rtve a furatm\u00e9reteket, l\u00f6kethosszakat \u00e9s r\u00f6gz\u00edt\u00e9si m\u00f3dokat. Szak\u00e9rt\u0151i csapatunk professzion\u00e1lis term\u00e9ktan\u00e1csad\u00e1ssal \u00e9s intelligens v\u00e1s\u00e1rl\u00e1si javaslatokkal seg\u00edt kiv\u00e1lasztani az \u00d6n ig\u00e9nyeinek megfelel\u0151 hidraulikus hengert.<\/li>\n<li><strong>K\u00f6nny\u0171 telep\u00edt\u00e9s:<\/strong> Hidraulikus henger\u00fcnket \u00fagy tervezt\u00fck, hogy k\u00f6nnyen telep\u00edthet\u0151 legyen, cs\u00f6kkentve az \u00e1ll\u00e1sid\u0151t \u00e9s n\u00f6velve a termel\u00e9kenys\u00e9get. Sz\u00e9les k\u00f6r\u0171 r\u00f6gz\u00edt\u00e9si lehet\u0151s\u00e9gekkel rendelkezik, amelyek k\u00f6nnyen felszerelhet\u0151k a berendez\u00e9s\u00e9re.<\/li>\n<li><strong>Versenyk\u00e9pes \u00e1r:<\/strong> Versenyk\u00e9pes \u00e1rakat k\u00edn\u00e1lunk a min\u0151s\u00e9g fel\u00e1ldoz\u00e1sa n\u00e9lk\u00fcl. Hossz\u00fa t\u00e1v\u00fa \u00e9s stabil egy\u00fcttm\u0171k\u00f6d\u00e9si kapcsolatokat \u00e9p\u00edt\u00fcnk ki sz\u00e1mos kiv\u00e1l\u00f3 min\u0151s\u00e9g\u0171 belf\u00f6ldi \u00e9s k\u00fclf\u00f6ldi besz\u00e1ll\u00edt\u00f3val, \u00edgy biztos\u00edtjuk, hogy minden besz\u00e1ll\u00edtott alkatr\u00e9sz megfeleljen a szigor\u00fa min\u0151s\u00e9gi el\u0151\u00edr\u00e1soknak.<\/li>\n<li><strong>Hat\u00e9kony logisztikai eloszt\u00e1si rendszer:<\/strong> Hat\u00e9kony logisztikai eloszt\u00e1si rendszerrel rendelkez\u00fcnk annak \u00e9rdek\u00e9ben, hogy \u00fcgyfeleink id\u0151ben \u00e9s pontosan megkapj\u00e1k a sz\u00fcks\u00e9ges alkatr\u00e9szeket. Szorosan egy\u00fcttm\u0171k\u00f6d\u00fcnk logisztikai partnereinkkel, hogy gyors \u00e9s megb\u00edzhat\u00f3 sz\u00e1ll\u00edt\u00e1si szolg\u00e1ltat\u00e1sokat ny\u00fajtsunk \u00fcgyfeleinknek vil\u00e1gszerte.<\/li>\n<\/ol>\n<p><img decoding=\"async\" src=\"https:\/\/fmp-components.com\/wp-content\/uploads\/2024\/12\/Adjustable-Clevis-Type-Cylinders-6.webp\" alt=\"\u00c1ll\u00edthat\u00f3 kengyeles henger\" width=\"831\" title=\"\"><\/p>\n<p>Az FMP hidraulikus henger\u00e9vel biztos lehet benne, hogy kiv\u00e1l\u00f3 min\u0151s\u00e9get, testreszabhat\u00f3s\u00e1got, egyszer\u0171 telep\u00edt\u00e9st, versenyk\u00e9pes \u00e1rakat \u00e9s hat\u00e9kony logisztikai eloszt\u00e1st k\u00edn\u00e1lunk. L\u00e9pjen kapcsolatba vel\u00fcnk m\u00e9g ma, hogy t\u00f6bbet megtudjon term\u00e9keinkr\u0151l \u00e9s szolg\u00e1ltat\u00e1sainkr\u00f3l, \u00e9s seg\u00edts\u00fcnk megtal\u00e1lni az \u00d6n ig\u00e9nyeinek megfelel\u0151 hidraulikus hengert.<\/p>\n<h2>Gyakran ism\u00e9telt k\u00e9rd\u00e9sek<\/h2>\n<h3>K: Kereskedelmi v\u00e1llalat vagy gy\u00e1rt\u00f3?<\/h3>\n<p>V: Mi egy gy\u00e1r vagyunk.<\/p>\n<h3>K: Mennyi a sz\u00e1ll\u00edt\u00e1si id\u0151?<\/h3>\n<p>V: \u00c1ltal\u00e1ban 25-35 nap.<\/p>\n<h3>K: Biztos\u00edtanak mint\u00e1kat? Ingyenes vagy k\u00fcl\u00f6n fizetend\u0151?<\/h3>\n<p>V: Igen, felaj\u00e1nlhatn\u00e1nk a mint\u00e1t, de nem ingyenes.<\/p>\n<p><img decoding=\"async\" title=\"H\u00f3eke hidraulikus henger\" src=\"https:\/\/hzpt.com\/wp-content\/uploads\/2023\/11\/Snow-Plow-Hydraulic-Cylinder-3.webp\" alt=\"H\u00f3eke hidraulikus henger\" \/><\/p>\n<p>Szerz\u0151: CX<\/p>","protected":false},"excerpt":{"rendered":"<p>Premium Quality Snow Plow 2 Ton Hydraulic Cylinder Small Hydraulic CylinderIntroducing the Premium Quality Snow Plow 2 Ton Hydraulic Cylinder and Small Hydraulic Cylinder: The Premium Quality Snow Plow 2 Ton Hydraulic Cylinder and Small Hydraulic Cylinder are top-of-the-line products designed to meet all your hydraulic needs. With their exceptional performance and durability, these cylinders [&hellip;]<\/p>","protected":false},"featured_media":1507,"comment_status":"closed","ping_status":"closed","template":"","meta":{"_et_pb_use_builder":"","_et_pb_old_content":"","_et_gb_content_width":""},"product_brand":[],"product_cat":[42],"product_tag":[34,44],"class_list":{"0":"post-1506","1":"product","2":"type-product","3":"status-publish","4":"has-post-thumbnail","6":"product_cat-snow-plow-hydraulic-cylinder","7":"product_tag-hydraulic-cylinder","8":"product_tag-snow-plow-hydraulic-cylinder","10":"first","11":"instock","12":"product-type-simple"},"_links":{"self":[{"href":"https:\/\/fmp-components.com\/hu\/wp-json\/wp\/v2\/product\/1506","targetHints":{"allow":["GET"]}}],"collection":[{"href":"https:\/\/fmp-components.com\/hu\/wp-json\/wp\/v2\/product"}],"about":[{"href":"https:\/\/fmp-components.com\/hu\/wp-json\/wp\/v2\/types\/product"}],"replies":[{"embeddable":true,"href":"https:\/\/fmp-components.com\/hu\/wp-json\/wp\/v2\/comments?post=1506"}],"wp:featuredmedia":[{"embeddable":true,"href":"https:\/\/fmp-components.com\/hu\/wp-json\/wp\/v2\/media\/1507"}],"wp:attachment":[{"href":"https:\/\/fmp-components.com\/hu\/wp-json\/wp\/v2\/media?parent=1506"}],"wp:term":[{"taxonomy":"product_brand","embeddable":true,"href":"https:\/\/fmp-components.com\/hu\/wp-json\/wp\/v2\/product_brand?post=1506"},{"taxonomy":"product_cat","embeddable":true,"href":"https:\/\/fmp-components.com\/hu\/wp-json\/wp\/v2\/product_cat?post=1506"},{"taxonomy":"product_tag","embeddable":true,"href":"https:\/\/fmp-components.com\/hu\/wp-json\/wp\/v2\/product_tag?post=1506"}],"curies":[{"name":"munkaf\u00fczet","href":"https:\/\/api.w.org\/{rel}","templated":true}]}}