{"id":1504,"date":"2024-12-23T05:50:37","date_gmt":"2024-12-23T05:50:37","guid":{"rendered":"https:\/\/fmp-components.com\/product\/professional-craftsmanship-small-2-ton-double-acting-snow-plow-hydraulic-cylinder\/"},"modified":"2024-12-23T06:13:08","modified_gmt":"2024-12-23T06:13:08","slug":"professional-craftsmanship-small-2-ton-double-acting-snow-plow-hydraulic-cylinder","status":"publish","type":"product","link":"https:\/\/fmp-components.com\/hu\/product\/professional-craftsmanship-small-2-ton-double-acting-snow-plow-hydraulic-cylinder\/","title":{"rendered":"Professzion\u00e1lis k\u00e9zm\u0171ves kism\u00e9ret\u0171, 2 tonn\u00e1s, kett\u0151s m\u0171k\u00f6d\u00e9s\u0171 h\u00f3eke hidraulikus hengerrel"},"content":{"rendered":"<h2>Professzion\u00e1lis k\u00e9zm\u0171ves kism\u00e9ret\u0171, 2 tonn\u00e1s, kett\u0151s m\u0171k\u00f6d\u00e9s\u0171 h\u00f3eke hidraulikus hengerrel<\/h2>\n<p>Bemutatjuk a Professional Craftsmanship kism\u00e9ret\u0171, 2 tonn\u00e1s, kett\u0151s m\u0171k\u00f6d\u00e9s\u0171 h\u00f3eke hidraulikus henger\u00e9t \u2013 a t\u00f6k\u00e9letes kieg\u00e9sz\u00edt\u0151t h\u00f3eke felszerel\u00e9s\u00e9hez. Kiv\u00e1l\u00f3 anyagokb\u00f3l \u00e9s szak\u00e9rt\u0151i kivitelez\u00e9ssel k\u00e9sz\u00fclt, ez a hidraulikus henger \u00fagy lett kialak\u00edtva, hogy m\u00e9g a legmostoh\u00e1bb t\u00e9li k\u00f6r\u00fclm\u00e9nyeknek is ellen\u00e1lljon.<\/p>\n<p>2 tonn\u00e1s kapacit\u00e1s\u00e1val \u00e9s kett\u0151s m\u0171k\u00f6d\u00e9s\u0171 funkcionalit\u00e1s\u00e1val ez a henger er\u0151teljes \u00e9s hat\u00e9kony teljes\u00edtm\u00e9nyt ny\u00fajt, lehet\u0151v\u00e9 t\u00e9ve a h\u00f3 k\u00f6nny\u0171 eltakar\u00edt\u00e1s\u00e1t. A henger emellett rendk\u00edv\u00fcl tart\u00f3s is, korr\u00f3zi\u00f3\u00e1ll\u00f3 bevonattal \u00e9s massz\u00edv konstrukci\u00f3val rendelkezik, amely biztos\u00edtja, hogy \u00e9vekig kitartson.<\/p>\n<p>De ami igaz\u00e1n megk\u00fcl\u00f6nb\u00f6zteti ezt a hidraulikus hengert, az a professzion\u00e1lis kivitelez\u00e9s. Minden r\u00e9szletet gondosan \u00e1tgondoltak \u00e9s kiviteleztek a lehet\u0151 legmagasabb min\u0151s\u00e9g biztos\u00edt\u00e1sa \u00e9rdek\u00e9ben. A prec\u00edz m\u00e9rn\u00f6ki munk\u00e1t\u00f3l a hib\u00e1tlan kidolgoz\u00e1sig ez a henger a gy\u00e1rt\u00f3i szak\u00e9rtelm\u00e9nek \u00e9s elk\u00f6telezetts\u00e9g\u00e9nek a bizony\u00edt\u00e9ka.<\/p>\n<p><img decoding=\"async\" title=\"H\u00f3eke hidraulikus henger\" src=\"https:\/\/hzpt.com\/wp-content\/uploads\/2023\/11\/Snow-Plow-Hydraulic-Cylinder-3.webp\" alt=\"H\u00f3eke hidraulikus henger\" \/><\/p>\n<p>Teh\u00e1t, ha megb\u00edzhat\u00f3 \u00e9s nagy teljes\u00edtm\u00e9ny\u0171 hidraulikus hengert keres h\u00f3ek\u00e9j\u00e9hez, ne keressen tov\u00e1bb, mint a Professional Craftsmanship kism\u00e9ret\u0171, 2 tonn\u00e1s, kett\u0151s m\u0171k\u00f6d\u00e9s\u0171 h\u00f3eke hidraulikus henger. Kiv\u00e1l\u00f3 konstrukci\u00f3j\u00e1val \u00e9s verhetetlen teljes\u00edtm\u00e9ny\u00e9vel biztosan n\u00e9lk\u00fcl\u00f6zhetetlen eszk\u00f6zz\u00e9 v\u00e1lik t\u00e9li arzen\u00e1lj\u00e1ban. Bemutatjuk a Professional Craftsmanship kism\u00e9ret\u0171, 2 tonn\u00e1s, kett\u0151s m\u0171k\u00f6d\u00e9s\u0171 h\u00f3eke hidraulikus henger\u00e9t, a hidraulikus hengerek vil\u00e1g\u00e1ban a professzion\u00e1lis k\u00e9zm\u0171vess\u00e9g megtestes\u00edt\u0151j\u00e9t. Ez az \u00faj \u00e9s innovat\u00edv term\u00e9k a k\u00fcl\u00f6nf\u00e9le ipar\u00e1gak, p\u00e9ld\u00e1ul g\u00e9pjav\u00edt\u00f3 m\u0171helyek, mez\u0151gazdas\u00e1gi \u00fczemek, energia- \u00e9s b\u00e1ny\u00e1szat, g\u00e9pgy\u00e1rt\u00e1s \u00e9s g\u00e9pgy\u00e1rak ig\u00e9nyeinek kiel\u00e9g\u00edt\u00e9s\u00e9re szolg\u00e1l.<\/p>\n<h2>Jellemz\u0151k \u00e9s specifik\u00e1ci\u00f3k<\/h2>\n<table style=\"width: 100%;\" border=\"1\" width=\"100%\" cellspacing=\"0\" cellpadding=\"0\">\n<tbody>\n<tr>\n<th>Term\u00e9k neve<\/th>\n<td>H\u00f3eke hidraulikus henger<\/td>\n<\/tr>\n<tr>\n<th>T\u00edpus<\/th>\n<td>Standard dugatty\u00fas henger<\/td>\n<\/tr>\n<tr>\n<th>\u00c1ramforr\u00e1s<\/th>\n<td>Hidraulikus energia<\/td>\n<\/tr>\n<tr>\n<th>Test anyaga<\/th>\n<td>Tart\u00f3s ac\u00e9l<\/td>\n<\/tr>\n<tr>\n<th>Max. tol\u00f3er\u0151<\/th>\n<td>3000<\/td>\n<\/tr>\n<tr>\n<th>Max. h\u00faz\u00f3er\u0151<\/th>\n<td>20 tonna<\/td>\n<\/tr>\n<tr>\n<th>Furatm\u00e9ret<\/th>\n<td>2\u20136 h\u00fcvelyk<\/td>\n<\/tr>\n<tr>\n<th>R\u00fad m\u00e9rete<\/th>\n<td>1,125 \u2013 4 h\u00fcvelyk<\/td>\n<\/tr>\n<tr>\n<th>Ecsetvon\u00e1s m\u00e9rete<\/th>\n<td>4\u2013100 h\u00fcvelyk<\/td>\n<\/tr>\n<tr>\n<th>Cs\u00edp\u0151m\u00e9ret<\/th>\n<td>0,5 \u2013 2 h\u00fcvelyk<\/td>\n<\/tr>\n<tr>\n<th>Tan\u00fas\u00edtv\u00e1ny<\/th>\n<td>ISO 9001:2000<\/td>\n<\/tr>\n<tr>\n<th>Min\u0151s\u00e9gbiztos\u00edt\u00e1s<\/th>\n<td>Megb\u00edzhat\u00f3 \u00e9s kiv\u00e1l\u00f3 min\u0151s\u00e9g\u0171<\/td>\n<\/tr>\n<\/tbody>\n<\/table>\n<h2>Az \u00e1ll\u00edthat\u00f3 kengyeles hengerek el\u0151nyei<\/h2>\n<p>Az \u00e1ll\u00edthat\u00f3 kengyeles hengerek, m\u00e1s n\u00e9ven h\u00f3eke hidraulikus hengerek, kulcsfontoss\u00e1g\u00fa alkatr\u00e9szek a k\u00fcl\u00f6nf\u00e9le neh\u00e9zg\u00e9pekben \u00e9s berendez\u00e9sekben. Sz\u00e1mos el\u0151nnyel rendelkeznek, amelyek rendk\u00edv\u00fcl keresettekk\u00e9 teszik \u0151ket az ipar\u00e1gban. Ebben a cikkben r\u00e9szletesen megvizsg\u00e1ljuk ezen hengerek el\u0151nyeit, kiemelve professzion\u00e1lis kidolgoz\u00e1sukat, kiv\u00e1l\u00f3 teljes\u00edtm\u00e9ny\u00fcket \u00e9s kis, 2 tonn\u00e1s kett\u0151s m\u0171k\u00f6d\u00e9s\u0171 k\u00e9pess\u00e9g\u00fcket.<\/p>\n<p>1. Professzion\u00e1lis szak\u00e9rtelem:<br \/>\nAz \u00e1ll\u00edthat\u00f3 kengyeles hengerek apr\u00f3l\u00e9kosan, kiv\u00e1l\u00f3 min\u0151s\u00e9g\u0171 anyagokb\u00f3l \u00e9s fejlett gy\u00e1rt\u00e1si technik\u00e1kkal k\u00e9sz\u00fclnek. Ezeket a hengereket \u00fagy tervezt\u00e9k, hogy ellen\u00e1lljanak a sz\u00e9ls\u0151s\u00e9ges k\u00f6r\u00fclm\u00e9nyeknek \u00e9s a nagy terhel\u00e9seknek, biztos\u00edtva az optim\u00e1lis teljes\u00edtm\u00e9nyt \u00e9s tart\u00f3ss\u00e1got. A r\u00e9szletekre val\u00f3 odafigyel\u00e9s a konstrukci\u00f3jukban garant\u00e1lja a megb\u00edzhat\u00f3 \u00e9s hossz\u00fa \u00e9lettartam\u00fa m\u0171k\u00f6d\u00e9st, \u00edgy a terepen dolgoz\u00f3 szakemberek kedvelt v\u00e1laszt\u00e1s\u00e1v\u00e1 v\u00e1lnak.<\/p>\n<p>2. Kis, 2 tonn\u00e1s, kett\u0151s m\u0171k\u00f6d\u00e9s\u0171 k\u00e9pess\u00e9g:<br \/>\nAz \u00e1ll\u00edthat\u00f3 kengyeles hengerek egyik legfontosabb el\u0151nye a kis m\u00e9ret\u00fck, amely a 2 tonn\u00e1s kett\u0151s m\u0171k\u00f6d\u00e9s\u0171 k\u00e9pess\u00e9ggel p\u00e1rosul. Ez a kompakt kialak\u00edt\u00e1s lehet\u0151v\u00e9 teszi a k\u00f6nny\u0171 telep\u00edt\u00e9st \u00e9s integr\u00e1l\u00e1st k\u00fcl\u00f6nf\u00e9le hidraulikus rendszerekbe, ahol korl\u00e1tozott a hely. Kis m\u00e9ret\u00fck ellen\u00e9re ezek a hengerek kiv\u00e9teles szil\u00e1rds\u00e1ggal \u00e9s teljes\u00edtm\u00e9nnyel rendelkeznek, \u00edgy hat\u00e9konyan tudj\u00e1k kezelni a neh\u00e9z terheket. Kett\u0151s m\u0171k\u00f6d\u00e9s\u00fckkel nyom\u00f3- \u00e9s h\u00faz\u00f3er\u0151t is biztos\u00edtanak, n\u00f6velve a sokoldal\u00fas\u00e1got \u00e9s a termel\u00e9kenys\u00e9get sz\u00e1mos alkalmaz\u00e1si ter\u00fcleten.<\/p>\n<p>3. Fokozott teljes\u00edtm\u00e9ny:<br \/>\nAz \u00e1ll\u00edthat\u00f3 kengyeles munkahengerek kiv\u00e1l\u00f3 teljes\u00edtm\u00e9nyt ny\u00fajtanak prec\u00edz m\u00e9rn\u00f6ki munk\u00e1juknak \u00e9s innovat\u00edv kialak\u00edt\u00e1suknak k\u00f6sz\u00f6nhet\u0151en. Ezeket a munkahengereket \u00fagy tervezt\u00e9k, hogy sima \u00e9s kontroll\u00e1lt mozg\u00e1sokat biztos\u00edtsanak, biztos\u00edtva a tartoz\u00e9kok vagy munkaeszk\u00f6z\u00f6k pontos pozicion\u00e1l\u00e1s\u00e1t. A kengyeles r\u00f6gz\u00edt\u00e9s \u00e1ll\u00edthat\u00f3s\u00e1ga lehet\u0151v\u00e9 teszi a finomhangol\u00e1st \u00e9s a testreszab\u00e1st az adott ig\u00e9nyeknek megfelel\u0151en, jav\u00edtva az \u00e1ltal\u00e1nos hat\u00e9konys\u00e1got \u00e9s eredm\u00e9nyess\u00e9get. Ak\u00e1r emel\u00e9sr\u0151l, tol\u00e1sr\u00f3l vagy h\u00faz\u00e1sr\u00f3l van sz\u00f3, ezek a munkahengerek optim\u00e1lis er\u0151\u00e1tvitelt \u00e9s \u00e1lland\u00f3 teljes\u00edtm\u00e9nyt k\u00edn\u00e1lnak.<\/p>\n<p>4. Fokozott sokoldal\u00fas\u00e1g:<br \/>\nAz \u00e1ll\u00edthat\u00f3 kengyeles r\u00f6gz\u00edt\u00e9s lehet\u0151v\u00e9 teszi a k\u00fcl\u00f6nf\u00e9le munkag\u00e9pek egyszer\u0171 csatlakoztat\u00e1s\u00e1t \u00e9s lev\u00e1laszt\u00e1s\u00e1t, \u00edgy rendk\u00edv\u00fcl sokoldal\u00faak. Haszn\u00e1lhat\u00f3k olyan alkalmaz\u00e1sokban, mint a h\u00f3ek\u00e9k, homlokrakod\u00f3k, mez\u0151gazdas\u00e1gi g\u00e9pek \u00e9s egyebek. A munkahengerek \u00e1ltal k\u00edn\u00e1lt rugalmass\u00e1g lehet\u0151v\u00e9 teszi a kezel\u0151k sz\u00e1m\u00e1ra, hogy alkalmazkodjanak a k\u00fcl\u00f6nb\u00f6z\u0151 feladatokhoz \u00e9s k\u00f6r\u00fclm\u00e9nyekhez, n\u00f6velve az \u00e1ltal\u00e1nos termel\u00e9kenys\u00e9get \u00e9s cs\u00f6kkentve az \u00e1ll\u00e1sid\u0151t. A k\u00fcl\u00f6nb\u00f6z\u0151 terhek kezel\u00e9s\u00e9re \u00e9s v\u00e1ltozatos k\u00f6rnyezetekben val\u00f3 munkav\u00e9gz\u00e9sre val\u00f3 k\u00e9pess\u00e9g\u00fckkel az \u00e1ll\u00edthat\u00f3 kengyeles t\u00edpus\u00fa munkahengerek felbecs\u00fclhetetlen \u00e9rt\u00e9k\u0171 eszk\u00f6zt jelentenek a k\u00fcl\u00f6nb\u00f6z\u0151 ipar\u00e1gakban dolgoz\u00f3 szakemberek sz\u00e1m\u00e1ra.<\/p>\n<p>\u00d6sszefoglalva, az \u00e1ll\u00edthat\u00f3 kengyeles hengerek sz\u00e1mos el\u0151nnyel rendelkeznek, \u00edgy a szakemberek kedvelt v\u00e1laszt\u00e1s\u00e1v\u00e1 v\u00e1lnak. Professzion\u00e1lis kidolgoz\u00e1suk, kis, 2 tonn\u00e1s, kett\u0151s m\u0171k\u00f6d\u00e9s\u0171 k\u00e9pess\u00e9g\u00fck, fokozott teljes\u00edtm\u00e9ny\u00fck \u00e9s megn\u00f6vekedett sokoldal\u00fas\u00e1guk megb\u00edzhat\u00f3 \u00e9s hat\u00e9kony megold\u00e1st k\u00edn\u00e1lnak nagy ig\u00e9nybev\u00e9tel\u0171 alkalmaz\u00e1sokhoz. Legyen sz\u00f3 ak\u00e1r a prec\u00edz mozg\u00e1sokr\u00f3l, a zord k\u00f6r\u00fclm\u00e9nyeknek val\u00f3 ellen\u00e1ll\u00e1sr\u00f3l vagy a hidraulikus rendszerekbe val\u00f3 egyszer\u0171 integr\u00e1lhat\u00f3s\u00e1gr\u00f3l, ezek a hengerek optim\u00e1lis teljes\u00edtm\u00e9nyt ny\u00fajtanak.<\/p>\n<h3>Az FMP hidraulikus hengerr\u0151l<\/h3>\n<p>Az FMP egy olyan v\u00e1llalat, amely kiv\u00e1l\u00f3 min\u0151s\u00e9g\u0171 \u00e9p\u00edt\u0151ipari g\u00e9palkatr\u00e9szek \u00e9s komplett g\u00e9pek sz\u00e1ll\u00edt\u00e1s\u00e1ra specializ\u00e1l\u00f3dott. B\u00fcszk\u00e9k vagyunk arra, hogy sz\u00e9les term\u00e9kv\u00e1laszt\u00e9kot k\u00edn\u00e1lunk, bele\u00e9rtve a hidraulikus hengereket is, amelyeket \u00fcgyfeleink ig\u00e9nyeinek kiel\u00e9g\u00edt\u00e9s\u00e9re tervezt\u00fcnk. Sok \u00e9ves ipar\u00e1gi tapasztalattal \u00e9s professzion\u00e1lis csapattal b\u00edzunk benne, hogy a legjobb term\u00e9keket \u00e9s szolg\u00e1ltat\u00e1sokat tudjuk ny\u00fajtani \u00d6nnek.<\/p>\n<p>\u00cdme n\u00e9h\u00e1ny ok, ami\u00e9rt \u00e9rdemes az FMP hidraulikus hengert v\u00e1lasztania:<\/p>\n<ol>\n<li><strong>Kiv\u00e1l\u00f3 min\u0151s\u00e9g\u0171 anyagok:<\/strong> Hidraulikus hengereink gy\u00e1rt\u00e1s\u00e1hoz kiv\u00e1l\u00f3 min\u0151s\u00e9g\u0171 anyagokat haszn\u00e1lunk, \u00edgy biztos\u00edtva azok tart\u00f3ss\u00e1g\u00e1t \u00e9s hossz\u00fa \u00e9lettartam\u00e1t.<\/li>\n<li><strong>Testreszabhat\u00f3 megold\u00e1sok:<\/strong> Testreszabott megold\u00e1sokat k\u00edn\u00e1lunk \u00fcgyfeleink egyedi ig\u00e9nyeinek kiel\u00e9g\u00edt\u00e9s\u00e9re. Hidraulikus hengereink k\u00fcl\u00f6nf\u00e9le m\u00e9retekben \u00e9s konfigur\u00e1ci\u00f3kban kaphat\u00f3k.<\/li>\n<li><strong>Szak\u00e9rt\u0151i konzult\u00e1ci\u00f3:<\/strong> Tapasztalt \u00e9rt\u00e9kes\u00edt\u00e9si csapatunk mindig k\u00e9szen \u00e1ll, hogy professzion\u00e1lis tan\u00e1csad\u00e1ssal \u00e9s okos v\u00e1s\u00e1rl\u00e1si javaslatokkal szolg\u00e1ljon. Meg\u00e9rtj\u00fck az \u00e9p\u00edt\u0151ipari g\u00e9pipar fejl\u0151d\u00e9si trendjeit \u00e9s \u00fcgyf\u00e9lig\u00e9nyeit, \u00e9s seg\u00edthet\u00fcnk \u00d6nnek megalapozott d\u00f6nt\u00e9seket hozni.<\/li>\n<li><strong>Hat\u00e9kony logisztika:<\/strong> Hat\u00e9kony logisztikai eloszt\u00e1si rendszerrel rendelkez\u00fcnk, amely biztos\u00edtja, hogy a sz\u00fcks\u00e9ges alkatr\u00e9szeket id\u0151ben \u00e9s pontosan megkapja.<\/li>\n<li><strong>Sz\u00e9les term\u00e9kv\u00e1laszt\u00e9k:<\/strong> A hidraulikus hengerek mellett sz\u00e1mos \u00e9p\u00edt\u0151ipari g\u00e9palkatr\u00e9szt is k\u00edn\u00e1lunk, p\u00e9ld\u00e1ul mez\u0151gazdas\u00e1gi g\u00e9pek sebess\u00e9gv\u00e1lt\u00f3it, bolyg\u00f3kerekes sebess\u00e9gv\u00e1lt\u00f3kat \u00e9s ipari sebess\u00e9gv\u00e1lt\u00f3kat, valamint a hozz\u00e1juk ill\u0151 cs\u00facskateg\u00f3ri\u00e1s tartoz\u00e9kokat.<\/li>\n<\/ol>\n<p>Az FMP-n\u00e9l elk\u00f6telezettek vagyunk amellett, hogy \u00fcgyfeleinknek a legjobb term\u00e9keket \u00e9s szolg\u00e1ltat\u00e1sokat ny\u00fajtsuk. Hidraulikus hengereinket a legmagasabb min\u0151s\u00e9gi szabv\u00e1nyoknak megfelel\u0151en tervezz\u00fck, \u00e9s b\u00fcszk\u00e9k vagyunk arra, hogy minden \u00e1ltalunk sz\u00e1ll\u00edtott alkatr\u00e9sz szigor\u00fa min\u0151s\u00e9gi el\u0151\u00edr\u00e1soknak felel meg. Hissz\u00fck, hogy szak\u00e9rtelm\u00fcnk \u00e9s a min\u0151s\u00e9g ir\u00e1nti elk\u00f6telezetts\u00e9g\u00fcnk ide\u00e1lis partnerr\u00e9 tesz minket \u00e9p\u00edt\u0151ipari g\u00e9pekkel kapcsolatos ig\u00e9nyeihez.<\/p>\n<p><img decoding=\"async\" src=\"https:\/\/fmp-components.com\/wp-content\/uploads\/2024\/12\/Adjustable-Clevis-Type-Cylinders-6.webp\" alt=\"\u00c1ll\u00edthat\u00f3 kengyeles henger\" width=\"830\" title=\"\"><\/p>\n<h2>GYIK<\/h2>\n<p><strong>K: Kereskedelmi v\u00e1llalat vagy gy\u00e1rt\u00f3?<\/strong><\/p>\n<p>V: Gy\u00e1rk\u00e9nt kiv\u00e1l\u00f3 min\u0151s\u00e9g\u0171 hidraulikus hengereket \u00e9s egy\u00e9b mez\u0151gazdas\u00e1gi g\u00e9palkatr\u00e9szeket gy\u00e1rtunk.<\/p>\n<p><strong>K: Mennyi a h\u00f3kotr\u00f3 hidraulikus henger sz\u00e1ll\u00edt\u00e1si ideje?<\/strong><\/p>\n<p>V: \u00c1ltal\u00e1ban a sz\u00e1ll\u00edt\u00e1s k\u00f6r\u00fclbel\u00fcl 25-35 napot vesz ig\u00e9nybe.<\/p>\n<p><strong>K: Tudsz-e a mint\u00e1k szerint gy\u00e1rtani?<\/strong><\/p>\n<p>V: Igen, a mint\u00e1k vagy m\u0171szaki rajzok alapj\u00e1n tudunk legy\u00e1rtani. El tudjuk k\u00e9sz\u00edteni a form\u00e1kat \u00e9s a szerelv\u00e9nyeket.<\/p>\n<p><img decoding=\"async\" src=\"https:\/\/hzpt.com\/wp-content\/uploads\/2023\/11\/Snow-Plow-Hydraulic-Cylinder-4Factory.webp\" alt=\"H\u00f3eke hidraulikus hengergy\u00e1r\" title=\"\"><\/p>\n<p>Szerz\u0151: CX<\/p>","protected":false},"excerpt":{"rendered":"<p>Professional Craftsmanship Small 2 Ton Double Acting Snow Plow Hydraulic Cylinder Introducing the Professional Craftsmanship Small 2 Ton Double Acting Snow Plow Hydraulic Cylinder &#8211; the perfect addition to your snow plow equipment. Built with superior materials and expert craftsmanship, this hydraulic cylinder is designed to withstand even the toughest winter conditions. With a 2 [&hellip;]<\/p>","protected":false},"featured_media":1505,"comment_status":"closed","ping_status":"closed","template":"","meta":{"_et_pb_use_builder":"","_et_pb_old_content":"","_et_gb_content_width":""},"product_brand":[],"product_cat":[42],"product_tag":[34,44],"class_list":{"0":"post-1504","1":"product","2":"type-product","3":"status-publish","4":"has-post-thumbnail","6":"product_cat-snow-plow-hydraulic-cylinder","7":"product_tag-hydraulic-cylinder","8":"product_tag-snow-plow-hydraulic-cylinder","10":"first","11":"instock","12":"product-type-simple"},"_links":{"self":[{"href":"https:\/\/fmp-components.com\/hu\/wp-json\/wp\/v2\/product\/1504","targetHints":{"allow":["GET"]}}],"collection":[{"href":"https:\/\/fmp-components.com\/hu\/wp-json\/wp\/v2\/product"}],"about":[{"href":"https:\/\/fmp-components.com\/hu\/wp-json\/wp\/v2\/types\/product"}],"replies":[{"embeddable":true,"href":"https:\/\/fmp-components.com\/hu\/wp-json\/wp\/v2\/comments?post=1504"}],"wp:featuredmedia":[{"embeddable":true,"href":"https:\/\/fmp-components.com\/hu\/wp-json\/wp\/v2\/media\/1505"}],"wp:attachment":[{"href":"https:\/\/fmp-components.com\/hu\/wp-json\/wp\/v2\/media?parent=1504"}],"wp:term":[{"taxonomy":"product_brand","embeddable":true,"href":"https:\/\/fmp-components.com\/hu\/wp-json\/wp\/v2\/product_brand?post=1504"},{"taxonomy":"product_cat","embeddable":true,"href":"https:\/\/fmp-components.com\/hu\/wp-json\/wp\/v2\/product_cat?post=1504"},{"taxonomy":"product_tag","embeddable":true,"href":"https:\/\/fmp-components.com\/hu\/wp-json\/wp\/v2\/product_tag?post=1504"}],"curies":[{"name":"munkaf\u00fczet","href":"https:\/\/api.w.org\/{rel}","templated":true}]}}