{"id":1502,"date":"2024-12-23T05:50:37","date_gmt":"2024-12-23T05:50:37","guid":{"rendered":"https:\/\/fmp-components.com\/product\/high-quality-customized-snow-plow-hydraulic-piston-cylinder\/"},"modified":"2024-12-23T06:26:31","modified_gmt":"2024-12-23T06:26:31","slug":"high-quality-customized-snow-plow-hydraulic-piston-cylinder","status":"publish","type":"product","link":"https:\/\/fmp-components.com\/hu\/product\/high-quality-customized-snow-plow-hydraulic-piston-cylinder\/","title":{"rendered":"Kiv\u00e1l\u00f3 min\u0151s\u00e9g\u0171, testreszabott h\u00f3eke hidraulikus dugatty\u00fas henger"},"content":{"rendered":"<p>Kiv\u00e1l\u00f3 min\u0151s\u00e9g\u0171, egyedi h\u00f3kotr\u00f3 hidraulikus dugatty\u00fas hengerA kiv\u00e1l\u00f3 min\u0151s\u00e9g\u0171, egyedi h\u00f3kotr\u00f3 hidraulikus dugatty\u00fas henger k\u00f6telez\u0151 darab mindenkinek, aki z\u00f6kken\u0151mentes \u00e9s hat\u00e9kony h\u00f3eltakar\u00edt\u00e1si \u00e9lm\u00e9nyt szeretne. Ez a term\u00e9k \u00fagy lett kialak\u00edtva, hogy a legmagasabb szint\u0171 teljes\u00edtm\u00e9nyt \u00e9s megb\u00edzhat\u00f3s\u00e1got ny\u00fajtsa m\u00e9g a legmostoh\u00e1bb k\u00f6r\u00fclm\u00e9nyek k\u00f6z\u00f6tt is.<\/p>\n<p>A legkiv\u00e1l\u00f3bb anyagokb\u00f3l k\u00e9sz\u00fclt \u00e9s tart\u00f3s kialak\u00edt\u00e1s\u00fa, ez a hidraulikus dugatty\u00fas henger tart\u00f3s \u00e9s megb\u00edzhat\u00f3 is. K\u00e9pes nagy terheket kezelni \u00e9s k\u00f6nnyen ellen\u00e1ll a sz\u00e9ls\u0151s\u00e9ges h\u0151m\u00e9rs\u00e9kleteknek, \u00edgy t\u00f6k\u00e9letes v\u00e1laszt\u00e1s mindazok sz\u00e1m\u00e1ra, akiknek kiv\u00e1l\u00f3 min\u0151s\u00e9g\u0171, hossz\u00fa \u00e9lettartam\u00fa h\u00f3eke hidraulikus dugatty\u00fas hengerre van sz\u00fcks\u00e9g\u00fck.<\/p>\n<p>Ezenk\u00edv\u00fcl ez a term\u00e9k testreszabhat\u00f3, hogy megfeleljen az egyes \u00fcgyfelek egyedi ig\u00e9nyeinek, biztos\u00edtva, hogy t\u00f6k\u00e9letesen illeszkedjen az adott k\u00f6vetelm\u00e9nyekhez. Ak\u00e1r nagyobb vagy kisebb dugatty\u00fas hengerre van sz\u00fcks\u00e9ge, ak\u00e1r egy adott t\u00edpus\u00fa h\u00f3ek\u00e9hez tervezettre, ez a term\u00e9k az \u00d6n ig\u00e9nyeinek megfelel\u0151en testreszabhat\u00f3.<\/p>\n<p>\u00d6sszess\u00e9g\u00e9ben, ha kiv\u00e1l\u00f3 min\u0151s\u00e9g\u0171, tart\u00f3s \u00e9s megb\u00edzhat\u00f3 h\u00f3eke hidraulikus dugatty\u00fas hengerre van sz\u00fcks\u00e9ge, ne keressen tov\u00e1bb, mint a Kiv\u00e1l\u00f3 Min\u0151s\u00e9g\u0171, Testreszabott H\u00f3eke Hidraulikus Dugatty\u00fas Henger. Kiv\u00e1l\u00f3 teljes\u00edtm\u00e9ny\u00e9vel \u00e9s testreszabhat\u00f3 kialak\u00edt\u00e1s\u00e1val ez a term\u00e9k biztosan biztos\u00edtja a sz\u00fcks\u00e9ges eredm\u00e9nyeket. Bemutatjuk Kiv\u00e1l\u00f3 Min\u0151s\u00e9g\u0171, Testreszabott H\u00f3eke Hidraulikus Dugatty\u00fas Henger\u00fcnket, egy \u00faj, \u00e9lvonalbeli term\u00e9ket, amelyet arra terveztek, hogy forradalmas\u00edtsa g\u00e9pjav\u00edt\u00f3 m\u0171helyeit, gazdas\u00e1gait, energia- \u00e9s b\u00e1ny\u00e1szati \u200b\u200bm\u0171veleteit, g\u00e9pgy\u00e1rt\u00e1s\u00e1t \u00e9s m\u00e1s vonatkoz\u00f3 ipar\u00e1gait. A prec\u00edzi\u00f3san megmunk\u00e1lt h\u00f3eke hidraulikus dugatty\u00fas henger garant\u00e1lja a robusztuss\u00e1got, a megb\u00edzhat\u00f3s\u00e1got \u00e9s a figyelemre m\u00e9lt\u00f3 teljes\u00edtm\u00e9nyt.<\/p>\n<p><img decoding=\"async\" title=\"H\u00f3eke hidraulikus henger\" src=\"https:\/\/hzpt.com\/wp-content\/uploads\/2023\/11\/Snow-Plow-Hydraulic-Cylinder-1.webp\" alt=\"H\u00f3eke hidraulikus henger\" \/><\/p>\n<h2>A hidraulikus dugatty\u00fas henger jellemz\u0151i<\/h2>\n<p>H\u00f3eke hidraulikus dugatty\u00fas henger\u00fcnket kiv\u00e9teles tulajdons\u00e1gai jellemzik, amelyek a k\u00f6vetkez\u0151k:<\/p>\n<ul>\n<li>Egy \u00e9v garancia, amely garant\u00e1lja a min\u0151s\u00e9get \u00e9s a tart\u00f3ss\u00e1got.<\/li>\n<li>ISO 9001:2000 min\u0151s\u00edt\u00e9s, ami a gy\u00e1rt\u00e1s magas sz\u00ednvonal\u00e1nak bizony\u00edt\u00e9ka.<\/li>\n<li>Standard kialak\u00edt\u00e1s \u00e9s dugatty\u00fas henger szerkezet, amely biztos\u00edtja a kompatibilit\u00e1st a legt\u00f6bb g\u00e9ppel.<\/li>\n<li>Ac\u00e9lb\u00f3l k\u00e9sz\u00fclt, robusztuss\u00e1got \u00e9s hossz\u00fa \u00e9lettartamot \u00edg\u00e9r.<\/li>\n<li>A maxim\u00e1lis tol\u00f3er\u0151 3000 tonna, a maxim\u00e1lis h\u00faz\u00f3er\u0151 pedig 20 tonna, ami nagy teljes\u00edtm\u00e9nyt garant\u00e1l.<\/li>\n<li>K\u00fcl\u00f6nb\u00f6z\u0151 m\u00e9retv\u00e1laszt\u00e9kok furathoz, r\u00fadhoz, l\u00f6kethez \u00e9s csaphoz, hogy megfeleljenek az \u00d6n egyedi ig\u00e9nyeinek.<\/li>\n<li>G\/SAE\/NPT\/M csatlakoz\u00f3kkal kaphat\u00f3.<\/li>\n<li>Eleg\u00e1ns fekete sz\u00edne fokozza professzion\u00e1lis megjelen\u00e9s\u00e9t.<\/li>\n<\/ul>\n<h2>A hidraulikus dugatty\u00fas henger karbantart\u00e1sa \u00e9s alkalmaz\u00e1sai<\/h2>\n<p>H\u00f3eke hidraulikus dugatty\u00fas henger\u00fcnk karbantart\u00e1sa egyszer\u0171 \u00e9s k\u00f6nny\u0171, ami biztos\u00edtja a term\u00e9k hossz\u00fa \u00e9lettartam\u00e1t \u00e9s optim\u00e1lis teljes\u00edtm\u00e9ny\u00e9t. Az alapvet\u0151 alkatr\u00e9szekre, bele\u00e9rtve a csap\u00e1gyat \u00e9s a hidraulikus hengert, egy\u00e9ves garanci\u00e1val term\u00e9k\u00fcnk megb\u00edzhat\u00f3s\u00e1got \u00e9s robusztuss\u00e1got \u00edg\u00e9r. Alkalmaz\u00e1si ter\u00fcletei sz\u00e9lesk\u00f6r\u0171ek \u00e9s v\u00e1ltozatosak, a g\u00e9pjav\u00edt\u00f3 m\u0171helyekt\u0151l kezdve a gazdas\u00e1gokon, az energia- \u00e9s b\u00e1ny\u00e1szaton \u00e1t a g\u00e9pgy\u00e1rt\u00e1sig \u00e9s egyebekig, \u00edgy sokoldal\u00fa \u00e9s n\u00e9lk\u00fcl\u00f6zhetetlen eszk\u00f6zz\u00e9 v\u00e1lik sz\u00e1mos ipar\u00e1gban.<img decoding=\"async\" title=\"H\u00f3eke hidraulikus henger\" src=\"https:\/\/hzpt.com\/wp-content\/uploads\/2023\/11\/Snow-Plow-Hydraulic-Cylinder-3.webp\" alt=\"H\u00f3eke hidraulikus henger\" \/><\/p>\n<h2>Az \u00e1ll\u00edthat\u00f3 kengyeles hengerek el\u0151nyei<\/h2>\n<p>Az \u00e1ll\u00edthat\u00f3 kengyeles hengerek, mint p\u00e9ld\u00e1ul a kiv\u00e1l\u00f3 min\u0151s\u00e9g\u0171, egyedi h\u00f3eke hidraulikus dugatty\u00fas hengerek, sz\u00e1mos k\u00fcl\u00f6n\u00e1ll\u00f3 el\u0151nyt k\u00edn\u00e1lnak a k\u00fcl\u00f6nf\u00e9le alkalmaz\u00e1sokban. Ezeket a hengereket olyan speci\u00e1lis jellemz\u0151kkel tervezt\u00e9k, amelyek jav\u00edtj\u00e1k funkcionalit\u00e1sukat \u00e9s teljes\u00edtm\u00e9ny\u00fcket, \u00edgy n\u00e9pszer\u0171 v\u00e1laszt\u00e1ss\u00e1 v\u00e1lnak sz\u00e1mos ipar\u00e1gban. Az al\u00e1bbiakban az \u00e1ll\u00edthat\u00f3 kengyeles hengerek n\u00e9h\u00e1ny f\u0151 el\u0151ny\u00e9t ismertetj\u00fck:<\/p>\n<p>1. Fokozott rugalmass\u00e1g: Az \u00e1ll\u00edthat\u00f3 kengyeles hengerek nagyfok\u00fa rugalmass\u00e1got biztos\u00edtanak a r\u00f6gz\u00edt\u00e9si lehet\u0151s\u00e9gek tekintet\u00e9ben. Az \u00e1ll\u00edthat\u00f3 kengyeles kialak\u00edt\u00e1s lehet\u0151v\u00e9 teszi a k\u00f6nny\u0171 r\u00f6gz\u00edt\u00e9st k\u00fcl\u00f6nb\u00f6z\u0151 berendez\u00e9sekhez vagy g\u00e9pekhez, \u00edgy sokoldal\u00fa megold\u00e1st k\u00edn\u00e1l a k\u00fcl\u00f6nf\u00e9le alkalmaz\u00e1sokhoz. Ez a rugalmass\u00e1g kik\u00fcsz\u00f6b\u00f6li az egyedi r\u00f6gz\u00edt\u0151konzolok sz\u00fcks\u00e9gess\u00e9g\u00e9t, \u00edgy id\u0151t \u00e9s k\u00f6lts\u00e9geket takar\u00edt meg a telep\u00edt\u00e9s sor\u00e1n.<\/p>\n<p>2. Pontos hossz\u00e1ll\u00edt\u00e1s: Az \u00e1ll\u00edthat\u00f3 kengyeles hengerek egyik figyelemre m\u00e9lt\u00f3 el\u0151nye, hogy a henger hossz\u00e1t az adott ig\u00e9nyeknek megfelel\u0151en lehet be\u00e1ll\u00edtani. Ez a funkci\u00f3 lehet\u0151v\u00e9 teszi a prec\u00edz pozicion\u00e1l\u00e1st, biztos\u00edtva az optim\u00e1lis teljes\u00edtm\u00e9nyt \u00e9s funkcionalit\u00e1st. A hossz egyszer\u0171 be\u00e1ll\u00edt\u00e1s\u00e1val a henger alkalmazkodik a k\u00fcl\u00f6nb\u00f6z\u0151 l\u00f6kethosszakhoz, \u00edgy sz\u00e9les k\u00f6r\u0171 feladatokhoz alkalmas.<\/p>\n<p>3. Optimaliz\u00e1lt teljes\u00edtm\u00e9ny: Az \u00e1ll\u00edthat\u00f3 kengyeles hengerek \u00fagy lettek kialak\u00edtva, hogy magas sz\u00ednvonal\u00fa teljes\u00edtm\u00e9nyt ny\u00fajtsanak ig\u00e9nyes k\u00f6r\u00fclm\u00e9nyek k\u00f6z\u00f6tt is. Ezek a hengerek fejlett t\u00f6m\u00edt\u00e9stechnol\u00f3gi\u00e1val k\u00e9sz\u00fcltek, amely megb\u00edzhat\u00f3 \u00e9s hat\u00e9kony m\u0171k\u00f6d\u00e9st biztos\u00edt m\u00e9g zord k\u00f6rnyezetben is. A prec\u00edz gy\u00e1rt\u00e1s \u00e9s a kiv\u00e1l\u00f3 min\u0151s\u00e9g\u0171 anyagok felhaszn\u00e1l\u00e1sa hozz\u00e1j\u00e1rul ezeknek a hengereknek a tart\u00f3ss\u00e1g\u00e1hoz \u00e9s hossz\u00fa \u00e9lettartam\u00e1hoz.<\/p>\n<p>4. Megn\u00f6velt teherb\u00edr\u00e1s: Az \u00e1ll\u00edthat\u00f3 kengyeles hengerek haszn\u00e1lat\u00e1nak tov\u00e1bbi el\u0151nye, hogy k\u00e9pesek nagy terheket kezelni. Ezeket a hengereket robusztus emel\u00e9si \u00e9s tol\u00f3k\u00e9pess\u00e9gre tervezt\u00e9k, \u00edgy alkalmasak olyan alkalmaz\u00e1sokhoz, amelyek jelent\u0151s er\u0151t ig\u00e9nyelnek. A massz\u00edv konstrukci\u00f3 \u00e9s a prec\u00edz tervez\u00e9s lehet\u0151v\u00e9 teszi, hogy a hengerek ellen\u00e1lljanak a nagy terheknek a teljes\u00edtm\u00e9ny vagy a biztons\u00e1g fel\u00e1ldoz\u00e1sa n\u00e9lk\u00fcl.<\/p>\n<p>5. Tov\u00e1bbfejlesztett biztons\u00e1gi funkci\u00f3k: Az \u00e1ll\u00edthat\u00f3 kengyeles hengerek a biztons\u00e1got helyezik el\u0151t\u00e9rbe az\u00e1ltal, hogy k\u00fcl\u00f6nf\u00e9le funkci\u00f3kat \u00e9p\u00edtenek be a balesetek vagy s\u00e9r\u00fcl\u00e9sek megel\u0151z\u00e9se \u00e9rdek\u00e9ben. Ezek a hengerek gyakran be\u00e9p\u00edtett biztons\u00e1gi z\u00e1rakkal vagy mechanizmusokkal rendelkeznek a biztons\u00e1gos r\u00f6gz\u00edt\u00e9s biztos\u00edt\u00e1sa \u00e9s a v\u00e9letlen elmozdul\u00e1s megakad\u00e1lyoz\u00e1sa \u00e9rdek\u00e9ben. Ezenk\u00edv\u00fcl egyes modellek t\u00falterhel\u00e9s elleni v\u00e9delmi rendszerekkel vagy nyom\u00e1scs\u00f6kkent\u0151 szelepekkel is rendelkezhetnek a t\u00falzott er\u0151 vagy nyom\u00e1s elleni v\u00e9delem \u00e9rdek\u00e9ben.<\/p>\n<p>\u00d6sszefoglalva, az \u00e1ll\u00edthat\u00f3 kengyeles hengerek, mint p\u00e9ld\u00e1ul a kiv\u00e1l\u00f3 min\u0151s\u00e9g\u0171, egyedi h\u00f3eke hidraulikus dugatty\u00fas hengerek, sz\u00e1mos el\u0151nnyel rendelkeznek, amelyek miatt sz\u00e1mos alkalmaz\u00e1sban el\u0151nyben r\u00e9szes\u00edtik \u0151ket. A r\u00f6gz\u00edt\u00e9si lehet\u0151s\u00e9gek rugalmass\u00e1ga, a pontos hossz\u00e1ll\u00edt\u00e1s, az optimaliz\u00e1lt teljes\u00edtm\u00e9ny, a megn\u00f6velt teherb\u00edr\u00e1s \u00e9s a tov\u00e1bbfejlesztett biztons\u00e1gi funkci\u00f3k hozz\u00e1j\u00e1rulnak n\u00e9pszer\u0171s\u00e9g\u00fckh\u00f6z. Ak\u00e1r h\u00f3ek\u00e9kben, \u00e9p\u00edt\u0151ipari berendez\u00e9sekben vagy m\u00e1s ipari g\u00e9pekben haszn\u00e1lj\u00e1k \u0151ket, ezek a hengerek megb\u00edzhat\u00f3 \u00e9s hat\u00e9kony hidraulikus teljes\u00edtm\u00e9nyt ny\u00fajtanak a k\u00fcl\u00f6nf\u00e9le feladatokhoz.<\/p>\n<h3>Az FMP hidraulikus hengerr\u0151l<\/h3>\n<p>Az FMP egy olyan v\u00e1llalat, amely kiv\u00e1l\u00f3 min\u0151s\u00e9g\u0171 \u00e9s megb\u00edzhat\u00f3 hidraulikus hengereket \u00e9s komplett g\u00e9pi megold\u00e1sokat k\u00edn\u00e1l \u00fcgyfeleinek. Hidraulikus hengereinket sz\u00e9les k\u00f6rben haszn\u00e1lj\u00e1k k\u00fcl\u00f6nf\u00e9le \u00e9p\u00edt\u0151ipari g\u00e9pekben, bele\u00e9rtve a mez\u0151gazdas\u00e1gi g\u00e9pek sebess\u00e9gv\u00e1lt\u00f3it, bolyg\u00f3kerekes sebess\u00e9gv\u00e1lt\u00f3kat, ipari sebess\u00e9gv\u00e1lt\u00f3kat \u00e9s mez\u0151gazdas\u00e1gi g\u00e9palkatr\u00e9szeket. \u00cdme 5 ok, ami\u00e9rt az FMP-t kellene v\u00e1lasztania:<\/p>\n<p>1. Magas min\u0151s\u00e9gi szabv\u00e1nyok: Az FMP-n\u00e9l hossz\u00fa t\u00e1v\u00fa \u00e9s stabil egy\u00fcttm\u0171k\u00f6d\u00e9si kapcsolatokat \u00e9p\u00edt\u00fcnk ki sz\u00e1mos kiv\u00e1l\u00f3 min\u0151s\u00e9g\u0171 besz\u00e1ll\u00edt\u00f3val belf\u00f6ld\u00f6n \u00e9s k\u00fclf\u00f6ld\u00f6n, biztos\u00edtva, hogy minden sz\u00e1ll\u00edtott hidraulikus henger megfeleljen a szigor\u00fa min\u0151s\u00e9gi el\u0151\u00edr\u00e1soknak. Hidraulikus hengereink tart\u00f3sak, hat\u00e9konyak \u00e9s hossz\u00fa \u00e9lettartam\u00faak, ami karbantart\u00e1si \u00e9s jav\u00edt\u00e1si k\u00f6lts\u00e9geket takar\u00edthat meg \u00fcgyfeleink sz\u00e1m\u00e1ra.<\/p>\n<p>2. Professzion\u00e1lis csapat: Az FMP tapasztalt \u00e9s k\u00e9pzett \u00e9rt\u00e9kes\u00edt\u00e9si csapattal rendelkezik, amely ismeri az \u00e9p\u00edt\u0151ipari g\u00e9pipar fejleszt\u00e9si trendjeit \u00e9s \u00fcgyf\u00e9lig\u00e9nyeit. Professzion\u00e1lis term\u00e9ktan\u00e1csad\u00e1st \u00e9s intelligens v\u00e1s\u00e1rl\u00e1si javaslatokat tudnak ny\u00fajtani, seg\u00edtve az \u00fcgyfeleket a g\u00e9peikhez legmegfelel\u0151bb hidraulikus hengerek kiv\u00e1laszt\u00e1s\u00e1ban.<\/p>\n<p>3. Sz\u00e9les term\u00e9kv\u00e1laszt\u00e9k: Az FMP term\u00e9kk\u00edn\u00e1lata sz\u00e9les, bele\u00e9rtve a k\u00fcl\u00f6nf\u00e9le t\u00edpus\u00fa hidraulikus hengereket, p\u00e9ld\u00e1ul az \u00e1ll\u00edthat\u00f3 kengyeles hengereket, a teleszk\u00f3pos hengereket \u00e9s a hegesztett hidraulikus hengereket. Emellett sz\u00e1mos, ezekhez illeszked\u0151, cs\u00facskateg\u00f3ri\u00e1s tartoz\u00e9kot is k\u00edn\u00e1lunk, p\u00e9ld\u00e1ul hidraulikus szivatty\u00fakat, szelepeket \u00e9s sz\u0171r\u0151ket, hogy kiel\u00e9g\u00edts\u00fck az \u00fcgyfelek elt\u00e9r\u0151 ig\u00e9nyeit.<\/p>\n<p>4. Hat\u00e9kony logisztikai eloszt\u00e1s: Az FMP hat\u00e9kony logisztikai eloszt\u00e1si rendszerrel rendelkezik, amely biztos\u00edtja, hogy az \u00fcgyfelek id\u0151ben \u00e9s pontosan megkapj\u00e1k a sz\u00fcks\u00e9ges hidraulikus hengereket. Gyors \u00e9s megb\u00edzhat\u00f3 sz\u00e1ll\u00edt\u00e1si szolg\u00e1ltat\u00e1sokat ny\u00fajtunk, hogy id\u0151t takar\u00edtsunk meg \u00fcgyfeleinknek \u00e9s elker\u00fclj\u00fck a k\u00e9sedelmek okozta vesztes\u00e9geket.<\/p>\n<p>5. Professzion\u00e1lis \u00e9rt\u00e9kes\u00edt\u00e9s ut\u00e1ni szolg\u00e1ltat\u00e1s: Az FMP elk\u00f6telezett amellett, hogy professzion\u00e1lis \u00e9rt\u00e9kes\u00edt\u00e9s ut\u00e1ni szolg\u00e1ltat\u00e1st ny\u00fajtson \u00fcgyfeleinek. Ha az \u00fcgyfeleknek b\u00e1rmilyen k\u00e9rd\u00e9se vagy probl\u00e9m\u00e1ja mer\u00fcl fel hidraulikus hengereink haszn\u00e1lata sor\u00e1n, \u00e9rt\u00e9kes\u00edt\u00e9s ut\u00e1ni csapatunk id\u0151ben \u00e9s hat\u00e9kony megold\u00e1sokat k\u00edn\u00e1l annak \u00e9rdek\u00e9ben, hogy az \u00fcgyfelek g\u00e9pei z\u00f6kken\u0151mentesen m\u0171k\u00f6djenek.<\/p>\n<p><img decoding=\"async\" src=\"https:\/\/fmp-components.com\/wp-content\/uploads\/2024\/12\/Adjustable-Clevis-Type-Cylinders-6.webp\" alt=\"\u00c1ll\u00edthat\u00f3 kengyeles henger\" width=\"829\" title=\"\"><\/p>\n<p>V\u00e1lassza az FMP-t, v\u00e1lasszon kiv\u00e1l\u00f3 min\u0151s\u00e9g\u0171 \u00e9s megb\u00edzhat\u00f3 hidraulikus hengereket \u00e9p\u00edt\u0151ipari g\u00e9peihez.<\/p>\n<h2>GYIK<\/h2>\n<h3>K: Kereskedelmi v\u00e1llalat vagy gy\u00e1rt\u00f3?<\/h3>\n<p>V: Gy\u00e1rt\u00f3 vagyunk.<\/p>\n<h3>K: Mennyi a sz\u00e1ll\u00edt\u00e1si id\u0151?<\/h3>\n<p>V: \u00c1ltal\u00e1ban a sz\u00e1ll\u00edt\u00e1si id\u0151nk 25-35 nap.<\/p>\n<h3>K: Biztos\u00edtanak mint\u00e1kat? Ingyenes vagy k\u00fcl\u00f6n fizetend\u0151?<\/h3>\n<p>V: Igen, biztos\u00edtunk mint\u00e1kat, de ezek nem ingyenesek.<\/p>\n<p>Szerz\u0151: CX<\/p>","protected":false},"excerpt":{"rendered":"<p>High Quality Customized Snow Plow Hydraulic Piston CylinderHigh Quality Customized Snow Plow Hydraulic Piston Cylinder is a must-have for anyone who wants to ensure a smooth and efficient snow plowing experience. This product is designed to provide the highest level of performance and reliability in even the harshest conditions. Crafted from the finest materials and [&hellip;]<\/p>","protected":false},"featured_media":1503,"comment_status":"closed","ping_status":"closed","template":"","meta":{"_et_pb_use_builder":"","_et_pb_old_content":"","_et_gb_content_width":""},"product_brand":[],"product_cat":[42],"product_tag":[34,44],"class_list":{"0":"post-1502","1":"product","2":"type-product","3":"status-publish","4":"has-post-thumbnail","6":"product_cat-snow-plow-hydraulic-cylinder","7":"product_tag-hydraulic-cylinder","8":"product_tag-snow-plow-hydraulic-cylinder","10":"first","11":"instock","12":"product-type-simple"},"_links":{"self":[{"href":"https:\/\/fmp-components.com\/hu\/wp-json\/wp\/v2\/product\/1502","targetHints":{"allow":["GET"]}}],"collection":[{"href":"https:\/\/fmp-components.com\/hu\/wp-json\/wp\/v2\/product"}],"about":[{"href":"https:\/\/fmp-components.com\/hu\/wp-json\/wp\/v2\/types\/product"}],"replies":[{"embeddable":true,"href":"https:\/\/fmp-components.com\/hu\/wp-json\/wp\/v2\/comments?post=1502"}],"wp:featuredmedia":[{"embeddable":true,"href":"https:\/\/fmp-components.com\/hu\/wp-json\/wp\/v2\/media\/1503"}],"wp:attachment":[{"href":"https:\/\/fmp-components.com\/hu\/wp-json\/wp\/v2\/media?parent=1502"}],"wp:term":[{"taxonomy":"product_brand","embeddable":true,"href":"https:\/\/fmp-components.com\/hu\/wp-json\/wp\/v2\/product_brand?post=1502"},{"taxonomy":"product_cat","embeddable":true,"href":"https:\/\/fmp-components.com\/hu\/wp-json\/wp\/v2\/product_cat?post=1502"},{"taxonomy":"product_tag","embeddable":true,"href":"https:\/\/fmp-components.com\/hu\/wp-json\/wp\/v2\/product_tag?post=1502"}],"curies":[{"name":"munkaf\u00fczet","href":"https:\/\/api.w.org\/{rel}","templated":true}]}}