{"id":1500,"date":"2024-12-23T05:50:37","date_gmt":"2024-12-23T05:50:37","guid":{"rendered":"https:\/\/fmp-components.com\/product\/new-model-snow-plow-stainless-steel-hydraulic-cylinder-double-acting\/"},"modified":"2024-12-23T06:22:27","modified_gmt":"2024-12-23T06:22:27","slug":"new-model-snow-plow-stainless-steel-hydraulic-cylinder-double-acting","status":"publish","type":"product","link":"https:\/\/fmp-components.com\/hu\/product\/new-model-snow-plow-stainless-steel-hydraulic-cylinder-double-acting\/","title":{"rendered":"\u00daj modell h\u00f3eke rozsdamentes ac\u00e9l hidraulikus henger kett\u0151s m\u0171k\u00f6d\u00e9s\u0171"},"content":{"rendered":"<h2>\u00daj modell h\u00f3eke rozsdamentes ac\u00e9l hidraulikus henger kett\u0151s m\u0171k\u00f6d\u00e9s\u0171<\/h2>\n<p>Bemutatkozik az \u00faj, rozsdamentes ac\u00e9l hidraulikus hengerrel ell\u00e1tott h\u00f3eke modell, amely kett\u0151s m\u0171k\u00f6d\u00e9s\u0171:<\/p>\n<p>Az \u00faj modell\u0171, kett\u0151s m\u0171k\u00f6d\u00e9s\u0171, rozsdamentes ac\u00e9l hidraulikus hengeres h\u00f3eke egy kiv\u00e1l\u00f3 min\u0151s\u00e9g\u0171 term\u00e9k, amelyet kifejezetten h\u00f3ek\u00e9z\u00e9si alkalmaz\u00e1sokhoz terveztek. Ez a henger rozsdamentes ac\u00e9lb\u00f3l k\u00e9sz\u00fclt, \u00edgy tart\u00f3s \u00e9s korr\u00f3zi\u00f3\u00e1ll\u00f3 m\u00e9g zord id\u0151j\u00e1r\u00e1si k\u00f6r\u00fclm\u00e9nyek k\u00f6z\u00f6tt is.<\/p>\n<p>Kett\u0151s m\u0171k\u00f6d\u00e9s\u00e9nek k\u00f6sz\u00f6nhet\u0151en ez a hidraulikus henger fokozott hat\u00e9konys\u00e1got \u00e9s teljes\u00edtm\u00e9nyt k\u00edn\u00e1l. K\u00e9pes mind tol\u00f3er\u0151t, mind h\u00faz\u00f3er\u0151t kifejteni, biztos\u00edtva a sz\u00fcks\u00e9ges er\u0151t a h\u00f3 \u00e9s egy\u00e9b t\u00f6rmel\u00e9k hat\u00e9kony mozgat\u00e1s\u00e1hoz. A kett\u0151s m\u0171k\u00f6d\u00e9s\u0171 funkci\u00f3 gyorsabb \u00e9s pontosabb be\u00e1ll\u00edt\u00e1sokat tesz lehet\u0151v\u00e9, \u00edgy ide\u00e1lis a h\u00f3eke-kezel\u0151k sz\u00e1m\u00e1ra, akiknek hat\u00e9konyan kell dolgozniuk kih\u00edv\u00e1st jelent\u0151 k\u00f6rnyezetben.<\/p>\n<p>Ez a hidraulikus henger kiv\u00e9teles teljes\u00edtm\u00e9nyt \u00e9s megb\u00edzhat\u00f3s\u00e1got biztos\u00edt. Fejlett t\u00f6m\u00edt\u00e9stechnol\u00f3gi\u00e1val van felszerelve, amely biztos\u00edtja a sziv\u00e1rg\u00e1smentes m\u0171k\u00f6d\u00e9st \u00e9s meghosszabb\u00edtja a henger \u00e9lettartam\u00e1t. A rozsdamentes ac\u00e9l konstrukci\u00f3 n\u00f6veli a tart\u00f3ss\u00e1g\u00e1t, \u00edgy hosszabb ideig k\u00e9pes ellen\u00e1llni a nagy ig\u00e9nybev\u00e9tel\u0171 haszn\u00e1latnak.<\/p>\n<p>Az \u00faj modell\u0171, rozsdamentes ac\u00e9lb\u00f3l k\u00e9sz\u00fclt, kett\u0151s m\u0171k\u00f6d\u00e9s\u0171 h\u00f3kotr\u00f3 hidraulikus henger k\u00f6nnyen telep\u00edthet\u0151 \u00e9s kompatibilis a k\u00fcl\u00f6nf\u00e9le h\u00f3kotr\u00f3 rendszerekkel. Kompakt kialak\u00edt\u00e1sa z\u00f6kken\u0151mentes integr\u00e1ci\u00f3t tesz lehet\u0151v\u00e9, biztos\u00edtva a sima m\u0171k\u00f6d\u00e9st \u00e9s a minim\u00e1lis \u00e1ll\u00e1sid\u0151t. Ak\u00e1r profi h\u00f3kotr\u00f3-kezel\u0151, ak\u00e1r h\u00e1ztulajdonos, aki a kocsifelhajt\u00f3j\u00e1t tiszt\u00edtja, ez a hidraulikus henger megb\u00edzhat\u00f3 v\u00e1laszt\u00e1s.<\/p>\n<p><img decoding=\"async\" title=\"H\u00f3eke hidraulikus henger\" src=\"https:\/\/hzpt.com\/wp-content\/uploads\/2023\/11\/Snow-Plow-Hydraulic-Cylinder-2.webp\" alt=\"H\u00f3eke hidraulikus henger\" \/><\/p>\n<p>F\u0151bb jellemz\u0151k:<br \/>\n\u2013 Rozsdamentes ac\u00e9lb\u00f3l k\u00e9sz\u00fclt a tart\u00f3ss\u00e1g \u00e9s a korr\u00f3zi\u00f3\u00e1ll\u00f3s\u00e1g \u00e9rdek\u00e9ben<br \/>\n\u2013 Kett\u0151s m\u0171k\u00f6d\u00e9s\u0171 kialak\u00edt\u00e1s a fokozott hat\u00e9konys\u00e1g \u00e9s teljes\u00edtm\u00e9ny \u00e9rdek\u00e9ben<br \/>\n\u2013 Fejlett t\u00f6m\u00edt\u00e9stechnol\u00f3gia a sziv\u00e1rg\u00e1smentes m\u0171k\u00f6d\u00e9s\u00e9rt<br \/>\n\u2013 K\u00f6nny\u0171 telep\u00edt\u00e9s \u00e9s kompatibilit\u00e1s k\u00fcl\u00f6nf\u00e9le h\u00f3kotr\u00f3 rendszerekkel<br \/>\n\u2013 Kompakt kialak\u00edt\u00e1s a z\u00f6kken\u0151mentes integr\u00e1ci\u00f3 \u00e9s a sima m\u0171k\u00f6d\u00e9s \u00e9rdek\u00e9ben<\/p>\n<p>\u00d6sszefoglalva, az \u00faj modell h\u00f3eke rozsdamentes ac\u00e9l hidraulikus hengerrel, kett\u0151s m\u0171k\u00f6d\u00e9s\u0171, egy cs\u00facskateg\u00f3ri\u00e1s term\u00e9k, amely kiv\u00e9teles teljes\u00edtm\u00e9nyt \u00e9s megb\u00edzhat\u00f3s\u00e1got k\u00edn\u00e1l. Rozsdamentes ac\u00e9l konstrukci\u00f3ja, kett\u0151s m\u0171k\u00f6d\u00e9s\u0171 kialak\u00edt\u00e1sa \u00e9s fejlett t\u00f6m\u00edt\u00e9stechnol\u00f3gi\u00e1ja megb\u00edzhat\u00f3 v\u00e1laszt\u00e1ss\u00e1 teszi h\u00f3eke alkalmaz\u00e1sokhoz. Fektessen be ebbe a hidraulikus hengerbe, hogy jav\u00edtsa h\u00f3eltakar\u00edt\u00e1s\u00e1nak hat\u00e9konys\u00e1g\u00e1t, \u00e9s k\u00f6nnyed\u00e9n megbirk\u00f3zzon a kih\u00edv\u00e1st jelent\u0151 t\u00e9li k\u00f6r\u00fclm\u00e9nyekkel. Bemutatjuk leg\u00fajabb hidraulikus technol\u00f3giai aj\u00e1nlatunkat \u2013 az \u00faj modell h\u00f3eke rozsdamentes ac\u00e9l hidraulikus hengerrel, kett\u0151s m\u0171k\u00f6d\u00e9s\u0171. Ez a vadonat\u00faj, korszer\u0171 hidraulikus henger nemcsak robusztus \u00e9s tart\u00f3s, hanem kett\u0151s m\u0171k\u00f6d\u00e9s\u0171 mechanizmussal is rendelkezik, ami fokozza sokoldal\u00fas\u00e1g\u00e1t \u00e9s teljes\u00edtm\u00e9ny\u00e9t a k\u00fcl\u00f6nf\u00e9le ipari alkalmaz\u00e1sokban.<\/p>\n<h2>Term\u00e9kjellemz\u0151k<\/h2>\n<p>Ez az \u00faj modell hidraulikus henger maxim\u00e1lis tol\u00f3er\u0151 3000 tonn\u00e1s \u00e9s maxim\u00e1lis h\u00faz\u00f3er\u0151 lead\u00e1s\u00e1ra szolg\u00e1l. Standard dugatty\u00fas hengerszerkezettel rendelkezik, \u00e9s hidraulikus er\u0151vel m\u0171k\u00f6dik. Az ac\u00e9lb\u00f3l k\u00e9sz\u00fclt testnek k\u00f6sz\u00f6nhet\u0151en ez a henger hossz\u00fa \u00e9lettartamot \u00e9s kop\u00e1s\u00e1ll\u00f3s\u00e1got garant\u00e1l.<\/p>\n<h3>Specifik\u00e1ci\u00f3k<\/h3>\n<ol>\n<li>Furatm\u00e9ret: 2-6 h\u00fcvelyk<\/li>\n<li>R\u00fadm\u00e9ret: 1,125-4 h\u00fcvelyk<\/li>\n<li>L\u00f6ketm\u00e9ret: 4-100 h\u00fcvelyk<\/li>\n<li>Csapm\u00e9ret: 0,5-2 h\u00fcvelyk<\/li>\n<li>Csatlakoz\u00e1sok: G\/SAE\/NPT\/M<\/li>\n<\/ol>\n<h2>Karbantart\u00e1s \u00e9s gondoz\u00e1s<\/h2>\n<p>Ez a hidraulikus henger neh\u00e9z k\u00f6r\u00fclm\u00e9nyekre k\u00e9sz\u00fclt, azonban a rendszeres karbantart\u00e1s kulcsfontoss\u00e1g\u00fa a legjobb m\u0171k\u00f6d\u00e9s biztos\u00edt\u00e1s\u00e1hoz. Javasoljuk a rendszeres ellen\u0151rz\u00e9st \u00e9s tiszt\u00edt\u00e1st az esetleges k\u00e1rok vagy teljes\u00edtm\u00e9nyprobl\u00e9m\u00e1k megel\u0151z\u00e9se \u00e9rdek\u00e9ben. Ezenk\u00edv\u00fcl az alapvet\u0151 alkatr\u00e9szekre vonatkoz\u00f3 1 \u00e9v garanci\u00e1val biztos lehet benne, hogy elk\u00f6telezettek vagyunk a min\u0151s\u00e9g \u00e9s az \u00fcgyfelek el\u00e9gedetts\u00e9ge ir\u00e1nt.<\/p>\n<h2>Az \u00e1ll\u00edthat\u00f3 kengyeles hengerek el\u0151nyei<\/h2>\n<p>Az \u00e1ll\u00edthat\u00f3 kengyeles hengerek egy olyan hidraulikus hengert\u00edpus, amely sz\u00e1mos el\u0151nnyel j\u00e1r a k\u00fcl\u00f6nb\u00f6z\u0151 alkalmaz\u00e1sokban. Ezek a hengerek egyedi kengyeles r\u00f6gz\u00edt\u00e9ssel vannak ell\u00e1tva, amely lehet\u0151v\u00e9 teszi a k\u00f6nny\u0171 be\u00e1ll\u00edt\u00e1st \u00e9s a sokoldal\u00fas\u00e1got. Ebben a cikkben r\u00e9szletesen megvizsg\u00e1ljuk az \u00e1ll\u00edthat\u00f3 kengyeles hengerek el\u0151nyeit.<\/p>\n<h3>1. Tov\u00e1bbfejlesztett testreszabhat\u00f3s\u00e1g<\/h3>\n<p>Az \u00e1ll\u00edthat\u00f3 kengyeles hengerek egyik jelent\u0151s el\u0151nye, hogy az adott ig\u00e9nyeknek megfelel\u0151en testreszabhat\u00f3k. Az \u00e1ll\u00edthat\u00f3 kengyeles r\u00f6gz\u00edt\u00e9s lehet\u0151v\u00e9 teszi a henger l\u00f6kethossz\u00e1nak egyszer\u0171 be\u00e1ll\u00edt\u00e1s\u00e1t, lehet\u0151v\u00e9 t\u00e9ve a hidraulikus rendszer mozg\u00e1s\u00e1nak pontos szab\u00e1lyoz\u00e1s\u00e1t. Ez a tov\u00e1bbfejlesztett testreszab\u00e1si lehet\u0151s\u00e9g optim\u00e1lis teljes\u00edtm\u00e9nyt \u00e9s hat\u00e9konys\u00e1got biztos\u00edt a k\u00fcl\u00f6nb\u00f6z\u0151 alkalmaz\u00e1sokban.<\/p>\n<h3>2. Fokozott tart\u00f3ss\u00e1g<\/h3>\n<p>Az \u00e1ll\u00edthat\u00f3 kengyeles hengerek zord k\u00f6r\u00fclm\u00e9nyek \u00e9s nagy ig\u00e9nybev\u00e9tel\u0171 alkalmaz\u00e1sok elvisel\u00e9s\u00e9re k\u00e9sz\u00fcltek. Ezek a hengerek kiv\u00e1l\u00f3 min\u0151s\u00e9g\u0171 anyagokb\u00f3l, p\u00e9ld\u00e1ul rozsdamentes ac\u00e9lb\u00f3l k\u00e9sz\u00fclnek, amely kiv\u00e1l\u00f3an ellen\u00e1ll a korr\u00f3zi\u00f3nak \u00e9s a kop\u00e1snak. A rozsdamentes ac\u00e9l haszn\u00e1lata ezeknek a hengereknek a gy\u00e1rt\u00e1s\u00e1ban biztos\u00edtja a hossz\u00fa \u00e9lettartamukat \u00e9s tart\u00f3ss\u00e1gukat, \u00edgy ide\u00e1lisak ig\u00e9nyes k\u00f6rnyezetekhez.<\/p>\n<h3>3. Megn\u00f6velt hat\u00e9konys\u00e1g<\/h3>\n<p>Az \u00e1ll\u00edthat\u00f3 kengyeles hengerek tov\u00e1bbi el\u0151nye, hogy k\u00e9pesek n\u00f6velni a hidraulikus rendszerek \u00e1ltal\u00e1nos hat\u00e9konys\u00e1g\u00e1t. Az \u00e1ll\u00edthat\u00f3 kengyeles r\u00f6gz\u00edt\u00e9s lehet\u0151v\u00e9 teszi a henger prec\u00edz pozicion\u00e1l\u00e1s\u00e1t, ami optim\u00e1lis er\u0151\u00e1tvitelt \u00e9s jobb teherkezel\u00e9si k\u00e9pess\u00e9geket tesz lehet\u0151v\u00e9. Ez a megn\u00f6vekedett hat\u00e9konys\u00e1g alacsonyabb energiafogyaszt\u00e1shoz \u00e9s jobb termel\u00e9kenys\u00e9ghez vezet a k\u00fcl\u00f6nf\u00e9le ipari folyamatokban.<\/p>\n<h3>4. Sokoldal\u00fa alkalmaz\u00e1s<\/h3>\n<p>Az \u00e1ll\u00edthat\u00f3 kengyeles hengerek sz\u00e1mos ipar\u00e1gban \u00e9s szektorban alkalmazhat\u00f3k. Sokoldal\u00fas\u00e1guk alkalmass\u00e1 teszi \u0151ket k\u00fcl\u00f6nf\u00e9le feladatokra, bele\u00e9rtve az anyagmozgat\u00e1st, az \u00e9p\u00edt\u0151ipari berendez\u00e9seket, a h\u00f3eke rendszereket \u00e9s egyebeket. Ezek a hengerek k\u00f6nnyen integr\u00e1lhat\u00f3k a megl\u00e9v\u0151 hidraulikus rendszerekbe, z\u00f6kken\u0151mentes m\u0171k\u00f6d\u00e9st \u00e9s kompatibilit\u00e1st biztos\u00edtva.<\/p>\n<h3>5. Kett\u0151s m\u0171k\u00f6d\u00e9s\u0171 k\u00e9pess\u00e9g<\/h3>\n<p>Az \u00e1ll\u00edthat\u00f3 kengyeles hengerek egyik legfontosabb jellemz\u0151je a kett\u0151s m\u0171k\u00f6d\u00e9s\u00fck. Ez azt jelenti, hogy ezek a hengerek mindk\u00e9t ir\u00e1nyban k\u00e9pesek er\u0151t kifejteni, ami nagyobb rugalmass\u00e1got biztos\u00edt a hidraulikus rendszer kialak\u00edt\u00e1s\u00e1ban. Ezen hengerek kett\u0151s m\u0171k\u00f6d\u00e9se lehet\u0151v\u00e9 teszi a hidraulikus alkatr\u00e9szek mozg\u00e1s\u00e1nak \u00e9s pozicion\u00e1l\u00e1s\u00e1nak prec\u00edz vez\u00e9rl\u00e9s\u00e9t, biztos\u00edtva az optim\u00e1lis teljes\u00edtm\u00e9nyt \u00e9s pontoss\u00e1got.<\/p>\n<p>Az \u00e1ll\u00edthat\u00f3 kengyeles hengerek sz\u00e1mos el\u0151nnyel rendelkeznek a testreszabhat\u00f3s\u00e1g, a tart\u00f3ss\u00e1g, a hat\u00e9konys\u00e1g, a sokoldal\u00fas\u00e1g \u00e9s a kett\u0151s m\u0171k\u00f6d\u00e9s tekintet\u00e9ben. Ezek a hengerek \u00e9rt\u00e9kes kieg\u00e9sz\u00edt\u0151i a k\u00fcl\u00f6nb\u00f6z\u0151 ipar\u00e1gak hidraulikus rendszereinek, fokozott teljes\u00edtm\u00e9nyt \u00e9s megb\u00edzhat\u00f3s\u00e1got biztos\u00edtva. Egyedi tulajdons\u00e1gaiknak \u00e9s el\u0151nyeiknek k\u00f6sz\u00f6nhet\u0151en az \u00e1ll\u00edthat\u00f3 kengyeles hengerek tov\u00e1bbra is el\u0151nyben r\u00e9szes\u00edtett v\u00e1laszt\u00e1snak sz\u00e1m\u00edtanak a prec\u00edz vez\u00e9rl\u00e9st \u00e9s sokoldal\u00fas\u00e1got ig\u00e9nyl\u0151 alkalmaz\u00e1sokhoz.<\/p>\n<h3>Az FMP-r\u0151l \u2013 Hidraulikus hengerek professzion\u00e1lis \u00e9rt\u00e9kes\u00edt\u00e9se \u00e9s szervizel\u00e9se<\/h3>\n<p>Az FMP egy j\u00f3l ismert olaszorsz\u00e1gi v\u00e1llalat, amely \u00e9p\u00edt\u0151ipari g\u00e9pek alkatr\u00e9szeinek \u00e9s komplett g\u00e9peinek \u00e9rt\u00e9kes\u00edt\u00e9s\u00e9re \u00e9s szervizel\u00e9s\u00e9re specializ\u00e1l\u00f3dott. Az ipar\u00e1gban szerzett sok\u00e9ves tapasztalattal \u00e9s k\u00e9pzett szakemberekb\u0151l \u00e1ll\u00f3 csapatunkkal kiv\u00e1l\u00f3 min\u0151s\u00e9g\u0171 \u00e9s megb\u00edzhat\u00f3 hidraulikus hengereket \u00e9s komplett g\u00e9pmegold\u00e1sokat k\u00edn\u00e1lunk \u00fcgyfeleinknek.<\/p>\n<p>\u00cdme \u00f6t ok, ami\u00e9rt az FMP-t kellene v\u00e1lasztania hidraulikus hengereihez:<\/p>\n<p>1. Sz\u00e9les term\u00e9kv\u00e1laszt\u00e9k: Az FMP sz\u00e9les v\u00e1laszt\u00e9kban k\u00edn\u00e1l hidraulikus hengereket, bele\u00e9rtve az \u00e1ll\u00edthat\u00f3 kengyeles hengereket is, mint p\u00e9ld\u00e1ul <img decoding=\"async\" src=\"https:\/\/fmp-components.com\/wp-content\/uploads\/2024\/12\/Adjustable-Clevis-Type-Cylinders-6.webp\" alt=\"\u00c1ll\u00edthat\u00f3 kengyeles henger\" width=\"828\" title=\"\">, valamint \u00f6sszek\u00f6t\u0151rudakat \u00e9s hegesztett hengereket. Emellett egyedi ig\u00e9nyek kiel\u00e9g\u00edt\u00e9s\u00e9re egyedi szolg\u00e1ltat\u00e1sokat is k\u00edn\u00e1lunk.<\/p>\n<p>2. Kiv\u00e1l\u00f3 min\u0151s\u00e9g\u0171 alkatr\u00e9szek: Hossz\u00fa t\u00e1v\u00fa \u00e9s stabil egy\u00fcttm\u0171k\u00f6d\u00e9si kapcsolatokat \u00e9p\u00edtett\u00fcnk ki sz\u00e1mos kiv\u00e1l\u00f3 min\u0151s\u00e9g\u0171 besz\u00e1ll\u00edt\u00f3val belf\u00f6ld\u00f6n \u00e9s k\u00fclf\u00f6ld\u00f6n egyar\u00e1nt, biztos\u00edtva, hogy minden besz\u00e1ll\u00edtott alkatr\u00e9sz megfeleljen a szigor\u00fa min\u0151s\u00e9gi el\u0151\u00edr\u00e1soknak.<\/p>\n<p>3. Tapasztalt \u00e9rt\u00e9kes\u00edt\u00e9si csapat: \u00c9rt\u00e9kes\u00edt\u00e9si csapatunk j\u00e1rtas az \u00e9p\u00edt\u0151ipari g\u00e9pipar fejleszt\u00e9si trendjeiben \u00e9s \u00fcgyf\u00e9lig\u00e9nyeiben. Professzion\u00e1lis term\u00e9ktan\u00e1csad\u00e1st \u00e9s intelligens v\u00e1s\u00e1rl\u00e1si javaslatokat tudnak ny\u00fajtani, hogy seg\u00edtsenek \u00d6nnek a legjobb d\u00f6nt\u00e9s meghozatal\u00e1ban.<\/p>\n<p>4. Hat\u00e9kony logisztikai eloszt\u00e1s: Hat\u00e9kony logisztikai eloszt\u00e1si rendszerrel rendelkez\u00fcnk, amely biztos\u00edtja, hogy \u00fcgyfeleink id\u0151ben \u00e9s pontosan megkapj\u00e1k a sz\u00fcks\u00e9ges alkatr\u00e9szeket.<\/p>\n<p>5. Professzion\u00e1lis \u00e9rt\u00e9kes\u00edt\u00e9s ut\u00e1ni szolg\u00e1ltat\u00e1s: Az FMP professzion\u00e1lis \u00e9rt\u00e9kes\u00edt\u00e9s ut\u00e1ni szolg\u00e1ltat\u00e1st ny\u00fajt annak \u00e9rdek\u00e9ben, hogy \u00fcgyfeleink gondtalan \u00e9lm\u00e9nyben r\u00e9szes\u00fcljenek term\u00e9keinkkel.<\/p>\n<p>Ha az FMP-t v\u00e1lasztja hidraulikus henger besz\u00e1ll\u00edt\u00f3j\u00e1nak, biztos lehet benne, hogy min\u0151s\u00e9gi term\u00e9keket, professzion\u00e1lis szolg\u00e1ltat\u00e1st \u00e9s megb\u00edzhat\u00f3 partnert kap sikere \u00e9rdek\u00e9ben. L\u00e9pjen kapcsolatba vel\u00fcnk m\u00e9g ma, hogy megtudja, hogyan seg\u00edthet\u00fcnk hidraulikus hengerekkel kapcsolatos ig\u00e9nyeinek kiel\u00e9g\u00edt\u00e9s\u00e9ben.<\/p>\n<h2>Gyakran ism\u00e9telt k\u00e9rd\u00e9sek<\/h2>\n<ol>\n<li>K: Kereskedelmi v\u00e1llalat vagy gy\u00e1rt\u00f3?<br \/>\nV: Mi egy gy\u00e1r vagyunk.<\/li>\n<li>K: Mennyi a sz\u00e1ll\u00edt\u00e1si id\u0151?<br \/>\nV: \u00c1ltal\u00e1ban 25-35 nap.<\/li>\n<li>K: Biztos\u00edtanak mint\u00e1kat? Ingyenes vagy k\u00fcl\u00f6n fizetend\u0151?<br \/>\nV: Igen, felaj\u00e1nlhatn\u00e1nk a mint\u00e1t, de ez nem ingyenes.<\/li>\n<\/ol>\n<p>Szerz\u0151: CX<\/p>","protected":false},"excerpt":{"rendered":"<p>New Model Snow Plow Stainless Steel Hydraulic Cylinder Double Acting Introducing the New Model Snow Plow Stainless Steel Hydraulic Cylinder Double Acting: The New Model Snow Plow Stainless Steel Hydraulic Cylinder Double Acting is a high-quality product designed specifically for snow plow applications. This cylinder is made from stainless steel, ensuring durability and resistance to [&hellip;]<\/p>","protected":false},"featured_media":1501,"comment_status":"closed","ping_status":"closed","template":"","meta":{"_et_pb_use_builder":"","_et_pb_old_content":"","_et_gb_content_width":""},"product_brand":[],"product_cat":[42],"product_tag":[34,44],"class_list":{"0":"post-1500","1":"product","2":"type-product","3":"status-publish","4":"has-post-thumbnail","6":"product_cat-snow-plow-hydraulic-cylinder","7":"product_tag-hydraulic-cylinder","8":"product_tag-snow-plow-hydraulic-cylinder","10":"first","11":"instock","12":"product-type-simple"},"_links":{"self":[{"href":"https:\/\/fmp-components.com\/hu\/wp-json\/wp\/v2\/product\/1500","targetHints":{"allow":["GET"]}}],"collection":[{"href":"https:\/\/fmp-components.com\/hu\/wp-json\/wp\/v2\/product"}],"about":[{"href":"https:\/\/fmp-components.com\/hu\/wp-json\/wp\/v2\/types\/product"}],"replies":[{"embeddable":true,"href":"https:\/\/fmp-components.com\/hu\/wp-json\/wp\/v2\/comments?post=1500"}],"wp:featuredmedia":[{"embeddable":true,"href":"https:\/\/fmp-components.com\/hu\/wp-json\/wp\/v2\/media\/1501"}],"wp:attachment":[{"href":"https:\/\/fmp-components.com\/hu\/wp-json\/wp\/v2\/media?parent=1500"}],"wp:term":[{"taxonomy":"product_brand","embeddable":true,"href":"https:\/\/fmp-components.com\/hu\/wp-json\/wp\/v2\/product_brand?post=1500"},{"taxonomy":"product_cat","embeddable":true,"href":"https:\/\/fmp-components.com\/hu\/wp-json\/wp\/v2\/product_cat?post=1500"},{"taxonomy":"product_tag","embeddable":true,"href":"https:\/\/fmp-components.com\/hu\/wp-json\/wp\/v2\/product_tag?post=1500"}],"curies":[{"name":"munkaf\u00fczet","href":"https:\/\/api.w.org\/{rel}","templated":true}]}}