{"id":1496,"date":"2024-12-23T05:50:37","date_gmt":"2024-12-23T05:50:37","guid":{"rendered":"https:\/\/fmp-components.com\/product\/premium-quality-welded-small-double-acting-hydraulic-cylinder\/"},"modified":"2025-05-10T13:03:08","modified_gmt":"2025-05-10T13:03:08","slug":"premium-quality-welded-small-double-acting-hydraulic-cylinder","status":"publish","type":"product","link":"https:\/\/fmp-components.com\/hu\/product\/premium-quality-welded-small-double-acting-hydraulic-cylinder\/","title":{"rendered":"Pr\u00e9mium min\u0151s\u00e9g\u0171 hegesztett kism\u00e9ret\u0171, kett\u0151s m\u0171k\u00f6d\u00e9s\u0171 hidraulikus henger"},"content":{"rendered":"<h2>Az \u00faj \u00e9s robusztus h\u00f3eke hidraulikus henger<\/h2>\n<p>Bemutatjuk az \u00faj \u00e9s robusztus h\u00f3kotr\u00f3 hidraulikus hengert, egy szabv\u00e1nyos dugatty\u00fas hengert, amelyet hidraulikus er\u0151 hajt. Prec\u00edzen tervezt\u00e9k, hogy megfeleljen a g\u00e9pjav\u00edt\u00f3 m\u0171helyek, mez\u0151gazdas\u00e1gi \u00fczemek, energia- \u00e9s b\u00e1ny\u00e1szati \u200b\u200bipar, valamint g\u00e9pgy\u00e1rt\u00f3 \u00fczemek magas k\u00f6vetelm\u00e9nyeinek.<\/p>\n<h3>Term\u00e9kjellemz\u0151k<\/h3>\n<ul>\n<li>Vadonat\u00faj, 1 \u00e9v garanci\u00e1val.<\/li>\n<li>Furatm\u00e9ret: 2-6 h\u00fcvelyk<\/li>\n<li>R\u00fad m\u00e9rete: 1,125-4 h\u00fcvelyk<\/li>\n<li>L\u00f6ketm\u00e9ret: 4-100 h\u00fcvelyk<\/li>\n<li>Cs\u00edp\u0151m\u00e9ret: 0,5-2 h\u00fcvelyk<\/li>\n<li>Maxim\u00e1lis tol\u00f3er\u0151: 3000<\/li>\n<li>Maxim\u00e1lis h\u00faz\u00f3er\u0151: 20 tonna<\/li>\n<li>Tan\u00fas\u00edtv\u00e1ny: ISO9001:2000<\/li>\n<li>S\u00faly: 4 KG<\/li>\n<\/ul>\n<h3>Kiv\u00e1l\u00f3 min\u0151s\u00e9g \u00e9s teljes\u00edtm\u00e9ny<\/h3>\n<p>Hidraulikus hengereink ac\u00e9l testtel k\u00e9sz\u00fclnek a maxim\u00e1lis tart\u00f3ss\u00e1g \u00e9s hossz\u00fa \u00e9lettartam \u00e9rdek\u00e9ben. \u00dagy tervezt\u00e9k \u0151ket, hogy ellen\u00e1lljanak a legnehezebb k\u00f6r\u00fclm\u00e9nyeknek, \u00edgy megb\u00edzhat\u00f3 v\u00e1laszt\u00e1st jelentenek g\u00e9pei ig\u00e9nyeihez. Term\u00e9keink szigor\u00fa tesztel\u00e9sen esnek \u00e1t, \u00e9s vide\u00f3s kimen\u0151 ellen\u0151rz\u00e9ssel, valamint g\u00e9pteszt-jelent\u00e9ssel rendelkeznek az \u00d6n nyugalma \u00e9rdek\u00e9ben.<\/p>\n<h2>Az \u00e1ll\u00edthat\u00f3 kengyeles hengerek el\u0151nyei<\/h2>\n<p>Az \u00e1ll\u00edthat\u00f3 kengyeles hengerek, m\u00e1s n\u00e9ven pr\u00e9mium min\u0151s\u00e9g\u0171 hegesztett kism\u00e9ret\u0171, kett\u0151s m\u0171k\u00f6d\u00e9s\u0171 hidraulikus hengerek, sz\u00e1mos el\u0151nnyel rendelkeznek k\u00fcl\u00f6nf\u00e9le alkalmaz\u00e1sokban. Ezeket a hengereket hat\u00e9kony \u00e9s megb\u00edzhat\u00f3 teljes\u00edtm\u00e9ny biztos\u00edt\u00e1s\u00e1ra tervezt\u00e9k, \u00edgy n\u00e9pszer\u0171 v\u00e1laszt\u00e1snak sz\u00e1m\u00edtanak olyan ipar\u00e1gakban, mint az \u00e9p\u00edt\u0151ipar, a gy\u00e1rt\u00e1s \u00e9s a mez\u0151gazdas\u00e1g. Ebben a cikkben az \u00e1ll\u00edthat\u00f3 kengyeles hengerek legfontosabb el\u0151nyeit vizsg\u00e1ljuk meg.<\/p>\n<p><strong>1. Fokozott rugalmass\u00e1g \u00e9s sokoldal\u00fas\u00e1g<\/strong><\/p>\n<p>Az \u00e1ll\u00edthat\u00f3 kengyeles hengerek rendk\u00edv\u00fcl sokoldal\u00faak, lehet\u0151v\u00e9 t\u00e9ve a k\u00f6nny\u0171 testreszab\u00e1st \u00e9s alkalmazkod\u00e1st a k\u00fcl\u00f6nb\u00f6z\u0151 alkalmaz\u00e1sokhoz. A kengyeles funkci\u00f3 lehet\u0151v\u00e9 teszi k\u00fcl\u00f6nf\u00e9le tartoz\u00e9kok \u00e9s r\u00f6gz\u00edt\u00e9si lehet\u0151s\u00e9gek r\u00f6gz\u00edt\u00e9s\u00e9t, nagyobb rugalmass\u00e1got biztos\u00edtva a henger m\u00e1s alkatr\u00e9szekhez vagy szerkezetekhez val\u00f3 csatlakoztat\u00e1s\u00e1ban. Ez a sokoldal\u00fas\u00e1g biztos\u00edtja, hogy a henger az adott k\u00f6vetelm\u00e9nyekhez igaz\u00edthat\u00f3, n\u00f6velve az \u00e1ltal\u00e1nos teljes\u00edtm\u00e9ny\u00e9t.<\/p>\n<p><strong>2. Kiv\u00e1l\u00f3 teherb\u00edr\u00e1s<\/strong><\/p>\n<p>Ezek a munkahengerek \u00fagy vannak kialak\u00edtva, hogy k\u00f6nnyed\u00e9n kezelj\u00e9k a neh\u00e9z terheket. A pr\u00e9mium min\u0151s\u00e9g\u0171 hegesztett konstrukci\u00f3 kiv\u00e9teles szil\u00e1rds\u00e1got \u00e9s tart\u00f3ss\u00e1got biztos\u00edt, lehet\u0151v\u00e9 t\u00e9ve a munkahenger sz\u00e1m\u00e1ra, hogy ellen\u00e1lljon a nagy nyom\u00e1snak \u00e9s a neh\u00e9z ig\u00e9nybev\u00e9telnek. Robusztus teherb\u00edr\u00e1suknak k\u00f6sz\u00f6nhet\u0151en az \u00e1ll\u00edthat\u00f3 kengyeles munkahengerek ide\u00e1lisak olyan ig\u00e9nyes feladatokhoz, mint a neh\u00e9z t\u00e1rgyak emel\u00e9se, tol\u00e1sa vagy h\u00faz\u00e1sa.<\/p>\n<p><strong>3. Prec\u00edz vez\u00e9rl\u00e9s \u00e9s pozicion\u00e1l\u00e1s<\/strong><\/p>\n<p>Az \u00e1ll\u00edthat\u00f3 kengyeles hengerek egyik legfontosabb el\u0151nye a prec\u00edz vez\u00e9rl\u00e9s \u00e9s pozicion\u00e1l\u00e1s k\u00e9pess\u00e9ge. A kett\u0151s m\u0171k\u00f6d\u00e9s\u0171 kialak\u00edt\u00e1s lehet\u0151v\u00e9 teszi a dugatty\u00fa kiny\u00fal\u00e1s\u00e1t \u00e9s visszah\u00faz\u00e1s\u00e1t is, \u00edgy pontos \u00e9s szab\u00e1lyozott mozg\u00e1st tesz lehet\u0151v\u00e9. Ez a vez\u00e9rl\u00e9si szint k\u00fcl\u00f6n\u00f6sen el\u0151ny\u00f6s azokban az alkalmaz\u00e1sokban, amelyek prec\u00edz pozicion\u00e1l\u00e1st vagy ism\u00e9tl\u0151d\u0151 feladatokat ig\u00e9nyelnek, biztos\u00edtva az optim\u00e1lis teljes\u00edtm\u00e9nyt \u00e9s hat\u00e9konys\u00e1got.<\/p>\n<p><strong>4. Hat\u00e9kony energia\u00e1talak\u00edt\u00e1s<\/strong><\/p>\n<p>Az \u00e1ll\u00edthat\u00f3 kengyeles hengerek c\u00e9lja az energia\u00e1talak\u00edt\u00e1s optimaliz\u00e1l\u00e1sa, ami jav\u00edtja az \u00e1ltal\u00e1nos hat\u00e1sfokot. A hidraulikus rendszer hat\u00e9konyan alak\u00edtja \u00e1t a hidraulikus energi\u00e1t mechanikai er\u0151v\u00e9, lehet\u0151v\u00e9 t\u00e9ve a henger sz\u00e1m\u00e1ra, hogy minim\u00e1lis energiabevitel mellett jelent\u0151s teljes\u00edtm\u00e9nyt gener\u00e1ljon. Ez a hat\u00e9konys\u00e1g biztos\u00edtja a k\u00f6lts\u00e9ghat\u00e9konys\u00e1got \u00e9s cs\u00f6kkenti a t\u00falzott energiafogyaszt\u00e1ssal j\u00e1r\u00f3 k\u00f6rnyezeti hat\u00e1sokat.<\/p>\n<p><strong>5. Megb\u00edzhat\u00f3 \u00e9s alacsony karbantart\u00e1si ig\u00e9ny\u0171<\/strong><\/p>\n<p>Pr\u00e9mium min\u0151s\u00e9g\u0171 konstrukci\u00f3jukkal \u00e9s robusztus kialak\u00edt\u00e1sukkal az \u00e1ll\u00edthat\u00f3 kengyeles hengerek kiv\u00e9teles megb\u00edzhat\u00f3s\u00e1got \u00e9s tart\u00f3ss\u00e1got k\u00edn\u00e1lnak. Ezeket a hengereket \u00fagy tervezt\u00e9k, hogy ellen\u00e1lljanak a zord \u00fczemi k\u00f6r\u00fclm\u00e9nyeknek, bele\u00e9rtve a sz\u00e9ls\u0151s\u00e9ges h\u0151m\u00e9rs\u00e9kleteket, a magas nyom\u00e1st \u00e9s a nagy terhel\u00e9seket. Ezenk\u00edv\u00fcl minim\u00e1lis karbantart\u00e1st ig\u00e9nyelnek, cs\u00f6kkentve az \u00e1ll\u00e1sid\u0151t \u00e9s a kapcsol\u00f3d\u00f3 k\u00f6lts\u00e9geket. Ez a megb\u00edzhat\u00f3s\u00e1g \u00e9s az alacsony karbantart\u00e1si ig\u00e9ny k\u00f6lts\u00e9ghat\u00e9kony v\u00e1laszt\u00e1ss\u00e1 teszi az \u00e1ll\u00edthat\u00f3 kengyeles hengereket hossz\u00fa t\u00e1v\u00fa haszn\u00e1latra.<\/p>\n<p>\u00d6sszefoglalva, az \u00e1ll\u00edthat\u00f3 kengyeles hengerek sz\u00e1mos el\u0151nnyel rendelkeznek a k\u00fcl\u00f6nf\u00e9le alkalmaz\u00e1sokban. Fokozott rugalmass\u00e1guk, kiv\u00e1l\u00f3 teherb\u00edr\u00e1suk, prec\u00edz vez\u00e9rl\u00e9s\u00fck \u00e9s pozicion\u00e1l\u00e1suk, hat\u00e9kony energia\u00e1talak\u00edt\u00e1suk \u00e9s megb\u00edzhat\u00f3 teljes\u00edtm\u00e9ny\u00fck miatt sz\u00e1mos ipar\u00e1gban el\u0151nyben r\u00e9szes\u00edtik \u0151ket. Ak\u00e1r neh\u00e9z t\u00e1rgyak emel\u00e9s\u00e9r\u0151l, mozg\u00e1sok vez\u00e9rl\u00e9s\u00e9r\u0151l vagy az energiahat\u00e9konys\u00e1g optimaliz\u00e1l\u00e1s\u00e1r\u00f3l van sz\u00f3, ezek a hengerek kiv\u00e9teles teljes\u00edtm\u00e9nyt ny\u00fajtanak, \u00e9s hozz\u00e1j\u00e1rulnak a hidraulikus rendszerek \u00e1ltal\u00e1nos siker\u00e9hez.<\/p>\n<h3>Az FMP-r\u0151l<\/h3>\n<p>Az FMP egy hidraulikus hengerek gy\u00e1rt\u00e1s\u00e1ra \u00e9s \u00e9rt\u00e9kes\u00edt\u00e9s\u00e9re szakosodott v\u00e1llalat. Az \u00e9p\u00edt\u0151ipari g\u00e9pipar vezet\u0151 v\u00e1llalatak\u00e9nt elk\u00f6telezettek vagyunk amellett, hogy kiv\u00e1l\u00f3 min\u0151s\u00e9g\u0171 \u00e9s megb\u00edzhat\u00f3 hidraulikus henger megold\u00e1sokat ny\u00fajtsunk \u00fcgyfeleinknek.<\/p>\n<p><img decoding=\"async\" class=\"aligncenter\" src=\"https:\/\/fmp-components.com\/wp-content\/uploads\/2024\/12\/Adjustable-Clevis-Type-Cylinders-6.webp\" alt=\"\u00c1ll\u00edthat\u00f3 kengyeles henger\" width=\"826\" title=\"\"><\/p>\n<p>\u00cdme hidraulikus hengereink \u00f6t f\u0151 el\u0151nye:<\/p>\n<ol>\n<li>Tart\u00f3s \u00e9s robusztus: Hidraulikus hengereinket \u00fagy tervezt\u00fck, hogy ellen\u00e1lljanak a neh\u00e9z alkalmaz\u00e1soknak \u00e9s a zord munkak\u00f6rnyezetnek. Kiv\u00e1l\u00f3 min\u0151s\u00e9g\u0171 anyagokb\u00f3l k\u00e9sz\u00fclnek, \u00e9s hossz\u00fa t\u00e1v\u00fa teljes\u00edtm\u00e9nyt biztos\u00edtanak.<\/li>\n<li>Prec\u00edzi\u00f3 \u00e9s hat\u00e9konys\u00e1g: Hidraulikus hengereinket a prec\u00edzi\u00f3 \u00e9s a hat\u00e9konys\u00e1g szem el\u0151tt tart\u00e1s\u00e1val tervezt\u00fck. Sima \u00e9s prec\u00edz mozg\u00e1st biztos\u00edtanak, lehet\u0151v\u00e9 t\u00e9ve az optim\u00e1lis vez\u00e9rl\u00e9st \u00e9s m\u0171k\u00f6d\u00e9st.<\/li>\n<li>Sz\u00e9lesk\u00f6r\u0171 opci\u00f3k: Sz\u00e9les v\u00e1laszt\u00e9kban k\u00edn\u00e1lunk hidraulikus hengereket a k\u00fcl\u00f6nb\u00f6z\u0151 ig\u00e9nyek kiel\u00e9g\u00edt\u00e9s\u00e9re. Az \u00e1ll\u00edthat\u00f3 kengyeles hengerekt\u0151l a kett\u0151s m\u0171k\u00f6d\u00e9s\u0171 teleszk\u00f3pos hengerekig, sz\u00e1mos alkalmaz\u00e1shoz k\u00edn\u00e1lunk megfelel\u0151 megold\u00e1st.<\/li>\n<li>Szigor\u00fa min\u0151s\u00e9gi szabv\u00e1nyok: Az FMP-n\u00e9l hossz\u00fa t\u00e1v\u00fa partners\u00e9geket alak\u00edtottunk ki j\u00f3 h\u00edr\u0171 besz\u00e1ll\u00edt\u00f3kkal annak biztos\u00edt\u00e1sa \u00e9rdek\u00e9ben, hogy minden hidraulikus henger\u00fcnk megfeleljen a szigor\u00fa min\u0151s\u00e9gi el\u0151\u00edr\u00e1soknak. A min\u0151s\u00e9g ir\u00e1nti elk\u00f6telezetts\u00e9g\u00fcnk garant\u00e1lja term\u00e9keink megb\u00edzhat\u00f3s\u00e1g\u00e1t \u00e9s teljes\u00edtm\u00e9ny\u00e9t.<\/li>\n<li>Szak\u00e9rt\u0151i tan\u00e1csad\u00e1s \u00e9s t\u00e1mogat\u00e1s: Tapasztalt \u00e9rt\u00e9kes\u00edt\u00e9si csapatunk j\u00e1rtas az \u00e9p\u00edt\u0151ipari g\u00e9piparban. Alapos ismeretekkel rendelkeznek a hidraulikus hengerek ter\u00e9n, \u00e9s professzion\u00e1lis tan\u00e1csad\u00e1st tudnak ny\u00fajtani, hogy seg\u00edtsenek kiv\u00e1lasztani az \u00d6n ig\u00e9nyeinek megfelel\u0151 term\u00e9ket.<\/li>\n<\/ol>\n<p>Az FMP-vel biztos lehet benne, hogy kiv\u00e1l\u00f3 min\u0151s\u00e9g\u0171 hidraulikus munkahengereket kap, amelyek kiv\u00e9teles teljes\u00edtm\u00e9nyt \u00e9s megb\u00edzhat\u00f3s\u00e1got ny\u00fajtanak. L\u00e9pjen kapcsolatba vel\u00fcnk m\u00e9g ma, hogy megbesz\u00e9lhess\u00fck hidraulikus munkahengerekkel kapcsolatos ig\u00e9nyeit, \u00e9s legy\u00fcnk megb\u00edzhat\u00f3 partnere az \u00e9p\u00edt\u0151ipari g\u00e9piparban.<\/p>\n<h2>GYIK<\/h2>\n<p><strong>K: Mennyi a h\u00f3kotr\u00f3 hidraulikus hengerek sz\u00e1ll\u00edt\u00e1si ideje?<\/strong><\/p>\n<p>V: Az \u00e1ltal\u00e1nos sz\u00e1ll\u00edt\u00e1si id\u0151 25-35 nap.<\/p>\n<p><strong>K: Biztos\u00edtanak mint\u00e1kat a h\u00f3eke hidraulikus hengereir\u0151l?<\/strong><\/p>\n<p>V: Igen, k\u00edn\u00e1lunk mint\u00e1kat, de ezek nem ingyenesek.<\/p>\n<p><strong>K: Tudsz-e a mint\u00e1k szerint gy\u00e1rtani?<\/strong><\/p>\n<p>V: Igen, a mint\u00e1k vagy m\u0171szaki rajzok alapj\u00e1n tudunk term\u00e9keket gy\u00e1rtani. A form\u00e1kat \u00e9s a szerelv\u00e9nyeket is elk\u00e9sz\u00edtj\u00fck.<\/p>\n<p><img decoding=\"async\" class=\"aligncenter\" title=\"H\u00f3eke hidraulikus henger\" src=\"https:\/\/hzpt.com\/wp-content\/uploads\/2023\/11\/Snow-Plow-Hydraulic-Cylinder-1.webp\" alt=\"H\u00f3eke hidraulikus henger\" \/><\/p>\n<p>Szerz\u0151: CX<\/p>","protected":false},"excerpt":{"rendered":"<p>The New and Robust Snow Plow Hydraulic Cylinder Introducing the new and robust Snow Plow Hydraulic Cylinder, a standard piston cylinder powered by hydraulic force. It is engineered with precision to meet the high standards of machinery repair shops, farms, energy and mining industries, and machinery manufacturing factories. Product Features Brand new with a 1-year [&hellip;]<\/p>","protected":false},"featured_media":1497,"comment_status":"closed","ping_status":"closed","template":"","meta":{"_et_pb_use_builder":"","_et_pb_old_content":"","_et_gb_content_width":""},"product_brand":[],"product_cat":[42],"product_tag":[34,44],"class_list":{"0":"post-1496","1":"product","2":"type-product","3":"status-publish","4":"has-post-thumbnail","6":"product_cat-snow-plow-hydraulic-cylinder","7":"product_tag-hydraulic-cylinder","8":"product_tag-snow-plow-hydraulic-cylinder","10":"first","11":"instock","12":"product-type-simple"},"_links":{"self":[{"href":"https:\/\/fmp-components.com\/hu\/wp-json\/wp\/v2\/product\/1496","targetHints":{"allow":["GET"]}}],"collection":[{"href":"https:\/\/fmp-components.com\/hu\/wp-json\/wp\/v2\/product"}],"about":[{"href":"https:\/\/fmp-components.com\/hu\/wp-json\/wp\/v2\/types\/product"}],"replies":[{"embeddable":true,"href":"https:\/\/fmp-components.com\/hu\/wp-json\/wp\/v2\/comments?post=1496"}],"wp:featuredmedia":[{"embeddable":true,"href":"https:\/\/fmp-components.com\/hu\/wp-json\/wp\/v2\/media\/1497"}],"wp:attachment":[{"href":"https:\/\/fmp-components.com\/hu\/wp-json\/wp\/v2\/media?parent=1496"}],"wp:term":[{"taxonomy":"product_brand","embeddable":true,"href":"https:\/\/fmp-components.com\/hu\/wp-json\/wp\/v2\/product_brand?post=1496"},{"taxonomy":"product_cat","embeddable":true,"href":"https:\/\/fmp-components.com\/hu\/wp-json\/wp\/v2\/product_cat?post=1496"},{"taxonomy":"product_tag","embeddable":true,"href":"https:\/\/fmp-components.com\/hu\/wp-json\/wp\/v2\/product_tag?post=1496"}],"curies":[{"name":"munkaf\u00fczet","href":"https:\/\/api.w.org\/{rel}","templated":true}]}}