{"id":1494,"date":"2024-12-23T05:50:37","date_gmt":"2024-12-23T05:50:37","guid":{"rendered":"https:\/\/fmp-components.com\/product\/hot-sale-hydraulic-piston-cylinder-snow-plow-hydraulic-cylinder\/"},"modified":"2024-12-23T06:20:58","modified_gmt":"2024-12-23T06:20:58","slug":"hot-sale-hydraulic-piston-cylinder-snow-plow-hydraulic-cylinder","status":"publish","type":"product","link":"https:\/\/fmp-components.com\/hu\/product\/hot-sale-hydraulic-piston-cylinder-snow-plow-hydraulic-cylinder\/","title":{"rendered":"Forr\u00f3 elad\u00f3 hidraulikus dugatty\u00fas henger h\u00f3eke hidraulikus henger"},"content":{"rendered":"<p>Akci\u00f3s hidraulikus dugatty\u00fas hengeres h\u00f3eke hidraulikus henger Akci\u00f3s hidraulikus dugatty\u00fas hengeres h\u00f3eke hidraulikus henger egy els\u0151rang\u00fa term\u00e9k, amelyet a nagy teherb\u00edr\u00e1s\u00fa h\u00f3eltakar\u00edt\u00e1s ig\u00e9nyeinek kiel\u00e9g\u00edt\u00e9s\u00e9re terveztek. Ez a hidraulikus henger kifejezetten \u00fagy lett tervezve, hogy optim\u00e1lis teljes\u00edtm\u00e9nyt \u00e9s hat\u00e9konys\u00e1got biztos\u00edtson a h\u00f3 eltakar\u00edt\u00e1s\u00e1ban az utakr\u00f3l, kocsifelhajt\u00f3kr\u00f3l \u00e9s egy\u00e9b fel\u00fcletekr\u0151l.<\/p>\n<p>Kiv\u00e1l\u00f3 min\u0151s\u00e9g\u0171 konstrukci\u00f3j\u00e1nak \u00e9s tart\u00f3s anyagainak k\u00f6sz\u00f6nhet\u0151en ez a hidraulikus dugatty\u00fas henger hossz\u00fa t\u00e1v\u00fa teljes\u00edtm\u00e9nyt biztos\u00edt m\u00e9g zord t\u00e9li k\u00f6r\u00fclm\u00e9nyek k\u00f6z\u00f6tt is. \u00dagy tervezt\u00e9k, hogy ellen\u00e1lljon a sz\u00e9ls\u0151s\u00e9ges h\u0151m\u00e9rs\u00e9kleteknek, \u00e9s hat\u00e9konyan kezelje a nagy h\u00f3terhel\u00e9s nyom\u00e1s\u00e1t.<\/p>\n<p>A n\u00e9pszer\u0171 hidraulikus dugatty\u00fas hengeres h\u00f3eke hidraulikus henger kiv\u00e1l\u00f3 emel\u00e9si \u00e9s tol\u00f3k\u00e9pess\u00e9get k\u00edn\u00e1l, lehet\u0151v\u00e9 t\u00e9ve a hat\u00e9kony \u00e9s eredm\u00e9nyes h\u00f3eltakar\u00edt\u00e1st. \u00dagy tervezt\u00e9k, hogy z\u00f6kken\u0151mentesen illeszkedjen a h\u00f3eke rendszerekhez, sima m\u0171k\u00f6d\u00e9st \u00e9s prec\u00edz vez\u00e9rl\u00e9st biztos\u00edtva.<\/p>\n<p>Ez a hidraulikus henger megb\u00edzhat\u00f3s\u00e1g\u00e1r\u00f3l \u00e9s k\u00f6nny\u0171 haszn\u00e1lat\u00e1r\u00f3l ismert. Felhaszn\u00e1l\u00f3bar\u00e1t kialak\u00edt\u00e1s\u00e1nak k\u00f6sz\u00f6nhet\u0151en gyors \u00e9s probl\u00e9mamentesen telep\u00edthet\u0151. Kompakt m\u00e9rete biztos\u00edtja a h\u00f3ek\u00e9k sz\u00e9les v\u00e1laszt\u00e9k\u00e1val val\u00f3 kompatibilit\u00e1st, \u00edgy sokoldal\u00fa v\u00e1laszt\u00e1st k\u00edn\u00e1l k\u00fcl\u00f6nf\u00e9le alkalmaz\u00e1sokhoz.<\/p>\n<p>Kiv\u00e9teles teljes\u00edtm\u00e9nye mellett ez a hidraulikus henger alacsony karbantart\u00e1si ig\u00e9ny\u0171 kialak\u00edt\u00e1ssal is b\u00fcszk\u00e9lkedhet, ami cs\u00f6kkenti a gyakori jav\u00edt\u00e1sok \u00e9s cser\u00e9k sz\u00fcks\u00e9gess\u00e9g\u00e9t. Ez nemcsak id\u0151t \u00e9s energi\u00e1t takar\u00edt meg, hanem minimaliz\u00e1lja az \u00e1ll\u00e1sid\u0151t a h\u00f3eltakar\u00edt\u00e1si m\u0171veletek sor\u00e1n.<\/p>\n<p>Ak\u00e1r professzion\u00e1lis h\u00f3eltakar\u00edt\u00f3 szolg\u00e1ltat\u00f3, ak\u00e1r h\u00e1ztulajdonos, aki heves havaz\u00e1ssal k\u00fczd, a Hot Sale hidraulikus dugatty\u00fas hengeres h\u00f3eke hidraulikus hengere megb\u00edzhat\u00f3 \u00e9s hat\u00e9kony megold\u00e1s. Garant\u00e1lja a kiv\u00e1l\u00f3 teljes\u00edtm\u00e9nyt, tart\u00f3ss\u00e1got \u00e9s k\u00f6nny\u0171 haszn\u00e1latot, \u00edgy ide\u00e1lis v\u00e1laszt\u00e1s minden h\u00f3eltakar\u00edt\u00e1si ig\u00e9ny\u00e9hez. K\u00f6zeledik a t\u00e9l, \u00e9s itt az ideje felk\u00e9sz\u00fclni a h\u00f3eltakar\u00edt\u00e1sra. Ebben a tekintetben a hidraulikus dugatty\u00fas hengeres h\u00f3eke hidraulikus hengere kiv\u00e1l\u00f3 v\u00e1laszt\u00e1s a megb\u00edzhat\u00f3 \u00e9s hat\u00e9kony h\u00f3eltakar\u00edt\u00f3 berendez\u00e9sekhez. Ez a cs\u00facskateg\u00f3ri\u00e1s term\u00e9k t\u00f6k\u00e9letes k\u00fcl\u00f6nf\u00e9le ipar\u00e1gak sz\u00e1m\u00e1ra, bele\u00e9rtve a g\u00e9pjav\u00edt\u00f3 m\u0171helyeket, a mez\u0151gazdas\u00e1got, az energia- \u00e9s b\u00e1ny\u00e1szatot, a g\u00e9pgy\u00e1rt\u00e1st \u00e9s a g\u00e9pgy\u00e1rakat.<\/p>\n<table style=\"width: 100%;\" border=\"1\" width=\"100%\" cellspacing=\"0\" cellpadding=\"0\">\n<tbody>\n<tr>\n<th>Term\u00e9k neve<\/th>\n<td>Hidraulikus dugatty\u00fas henger h\u00f3ek\u00e9hez<\/td>\n<\/tr>\n<tr>\n<th>Anyag<\/th>\n<td>Tart\u00f3s ac\u00e9l<\/td>\n<\/tr>\n<tr>\n<th>\u00c1ramforr\u00e1s<\/th>\n<td>Hidraulikus er\u0151<\/td>\n<\/tr>\n<tr>\n<th>Garancia<\/th>\n<td>1 \u00e9v<\/td>\n<\/tr>\n<tr>\n<th>S\u00faly (KG)<\/th>\n<td>6.4<\/td>\n<\/tr>\n<tr>\n<th>Max. tol\u00f3er\u0151<\/th>\n<td>3000<\/td>\n<\/tr>\n<tr>\n<th>Max. h\u00faz\u00f3er\u0151<\/th>\n<td>20 tonna<\/td>\n<\/tr>\n<tr>\n<th>Tan\u00fas\u00edtv\u00e1ny<\/th>\n<td>ISO 9001:2000<\/td>\n<\/tr>\n<tr>\n<th>Sz\u00edn<\/th>\n<td>Eleg\u00e1ns fekete<\/td>\n<\/tr>\n<tr>\n<th>Furatm\u00e9ret<\/th>\n<td>2\u20136 h\u00fcvelyk<\/td>\n<\/tr>\n<tr>\n<th>R\u00fad m\u00e9rete<\/th>\n<td>1,125 \u2013 4 h\u00fcvelyk<\/td>\n<\/tr>\n<tr>\n<th>Ecsetvon\u00e1s m\u00e9rete<\/th>\n<td>4\u2013100 h\u00fcvelyk<\/td>\n<\/tr>\n<tr>\n<th>Cs\u00edp\u0151m\u00e9ret<\/th>\n<td>0,5 \u2013 2 h\u00fcvelyk<\/td>\n<\/tr>\n<\/tbody>\n<\/table>\n<h2>Az \u00e1ll\u00edthat\u00f3 kengyeles hengerek el\u0151nyei<\/h2>\n<p>Az \u00e1ll\u00edthat\u00f3 kengyeles hengerek, mint p\u00e9ld\u00e1ul a n\u00e9pszer\u0171 hidraulikus dugatty\u00fas hengeres h\u00f3eke hidraulikus henger, sz\u00e1mos el\u0151nnyel j\u00e1rnak k\u00fcl\u00f6nf\u00e9le alkalmaz\u00e1sokban. Ezeket a hengereket prec\u00edzen tervezt\u00e9k, \u00e9s innovat\u00edv funkci\u00f3kkal rendelkeznek, amelyek n\u00f6velik teljes\u00edtm\u00e9ny\u00fcket \u00e9s megb\u00edzhat\u00f3s\u00e1gukat. Ebben a cikkben az \u00e1ll\u00edthat\u00f3 kengyeles hengerek legfontosabb el\u0151nyeit vizsg\u00e1ljuk meg.<\/p>\n<h3>1. Fokozott rugalmass\u00e1g \u00e9s alkalmazkod\u00f3k\u00e9pess\u00e9g<\/h3>\n<p>Az \u00e1ll\u00edthat\u00f3 kengyeles hengerek egyik jelent\u0151s el\u0151nye, hogy fokozott rugalmass\u00e1got \u00e9s alkalmazkod\u00f3k\u00e9pess\u00e9get biztos\u00edtanak k\u00fcl\u00f6nb\u00f6z\u0151 \u00fczemi k\u00f6r\u00fclm\u00e9nyek k\u00f6z\u00f6tt. Ezek a hengerek \u00e1ll\u00edthat\u00f3 r\u00f6gz\u00edt\u00e9si lehet\u0151s\u00e9geket k\u00edn\u00e1lnak, ami lehet\u0151v\u00e9 teszi a k\u00f6nny\u0171 telep\u00edt\u00e9st \u00e9s a t\u00f6bbi alkatr\u00e9szhez val\u00f3 igaz\u00edt\u00e1st. Az \u00e1ll\u00edthat\u00f3 kengyeles kialak\u00edt\u00e1s lehet\u0151v\u00e9 teszi a felhaszn\u00e1l\u00f3k sz\u00e1m\u00e1ra, hogy pontosan be\u00e1ll\u00edts\u00e1k a henger r\u00f6gz\u00edt\u00e9si helyzet\u00e9t, ami kulcsfontoss\u00e1g\u00fa az optim\u00e1lis teljes\u00edtm\u00e9ny \u00e9s hat\u00e9konys\u00e1g el\u00e9r\u00e9s\u00e9hez.<\/p>\n<h3>2. Kiv\u00e1l\u00f3 teherb\u00edr\u00e1s<\/h3>\n<p>Az \u00e1ll\u00edthat\u00f3 kengyeles hengereket kifejezetten a neh\u00e9z terhek hat\u00e9kony kezel\u00e9s\u00e9re tervezt\u00e9k. Robusztus konstrukci\u00f3juknak \u00e9s fejlett t\u00f6m\u00edt\u0151rendszer\u00fcknek k\u00f6sz\u00f6nhet\u0151en ezek a hengerek ellen\u00e1llnak a nagynyom\u00e1s\u00fa alkalmaz\u00e1soknak, \u00e9s kiv\u00e1l\u00f3 teherb\u00edr\u00e1st biztos\u00edtanak. A kiv\u00e1l\u00f3 min\u0151s\u00e9g\u0171 anyagok \u00e9s a prec\u00edz gy\u00e1rt\u00e1si folyamatok biztos\u00edtj\u00e1k ezeknek a hengereknek a tart\u00f3ss\u00e1g\u00e1t \u00e9s hossz\u00fa \u00e9lettartam\u00e1t, m\u00e9g ig\u00e9nyes k\u00f6rnyezetben is.<\/p>\n<h3>3. Jav\u00edtott \u00fct\u00e9svez\u00e9rl\u00e9s<\/h3>\n<p>Az \u00e1ll\u00edthat\u00f3 kengyeles hengerek tov\u00e1bbi el\u0151nye a jobb l\u00f6ketvez\u00e9rl\u00e9s. Ezek a hengerek \u00e1ll\u00edthat\u00f3 csillap\u00edt\u00f3 opci\u00f3kkal rendelkeznek, amelyek lehet\u0151v\u00e9 teszik a felhaszn\u00e1l\u00f3k sz\u00e1m\u00e1ra a henger kiny\u00fal\u00e1si \u00e9s visszah\u00faz\u00e1si sebess\u00e9g\u00e9nek szab\u00e1lyoz\u00e1s\u00e1t. A csillap\u00edt\u00f3 be\u00e1ll\u00edt\u00e1sok finomhangol\u00e1s\u00e1val a kezel\u0151k prec\u00edzen szab\u00e1lyozhatj\u00e1k a henger mozg\u00e1s\u00e1t, minimaliz\u00e1lva az \u00fct\u0151er\u0151ket \u00e9s optimaliz\u00e1lva a rendszer \u00e1ltal\u00e1nos teljes\u00edtm\u00e9ny\u00e9t.<\/p>\n<h3>4. Fokozott \u00fczembiztons\u00e1g<\/h3>\n<p>Az \u00e1ll\u00edthat\u00f3 kengyeles hengerek innovat\u00edv kialak\u00edt\u00e1suknak k\u00f6sz\u00f6nhet\u0151en a m\u0171k\u00f6d\u00e9si biztons\u00e1got helyezik el\u0151t\u00e9rbe. Ezek a hengerek be\u00e9p\u00edtett biztons\u00e1gi mechanizmusokkal, p\u00e9ld\u00e1ul biztons\u00e1gi reteszel\u0151rendszerekkel vannak felszerelve, hogy megakad\u00e1lyozz\u00e1k a henger v\u00e9letlen elmozdul\u00e1s\u00e1t vagy jogosulatlan be\u00e1ll\u00edt\u00e1s\u00e1t. Ezenk\u00edv\u00fcl az \u00e1ll\u00edthat\u00f3 kengyeles kialak\u00edt\u00e1s biztos\u00edtja a henger biztons\u00e1gos \u00e9s pontos pozicion\u00e1l\u00e1s\u00e1t, cs\u00f6kkentve a m\u0171k\u00f6d\u00e9s k\u00f6zbeni elmozdul\u00e1s vagy instabilit\u00e1s kock\u00e1zat\u00e1t.<\/p>\n<h3>5. Fokozott hat\u00e9konys\u00e1g \u00e9s termel\u00e9kenys\u00e9g<\/h3>\n<p>Az \u00e1ll\u00edthat\u00f3 kengyeles hengerek k\u00fcl\u00f6nf\u00e9le alkalmaz\u00e1sokba val\u00f3 be\u00e9p\u00edt\u00e9s\u00e9vel a felhaszn\u00e1l\u00f3k fokozott hat\u00e9konys\u00e1got \u00e9s termel\u00e9kenys\u00e9get tapasztalhatnak. Ezek a hengerek prec\u00edz \u00e9s szab\u00e1lyozott mozg\u00e1st biztos\u00edtanak, lehet\u0151v\u00e9 t\u00e9ve a kezel\u0151k sz\u00e1m\u00e1ra, hogy pontosabban \u00e9s gyorsabban v\u00e9gezz\u00e9k el a feladataikat. A henger beszerel\u00e9si helyzet\u00e9nek \u00e9s l\u00f6ketszab\u00e1lyoz\u00e1s\u00e1nak finombe\u00e1ll\u00edt\u00e1s\u00e1nak lehet\u0151s\u00e9ge tov\u00e1bb n\u00f6veli a m\u0171k\u00f6d\u00e9si hat\u00e9konys\u00e1got, ami jobb termel\u00e9kenys\u00e9get \u00e9s cs\u00f6kkentett \u00e1ll\u00e1sid\u0151t eredm\u00e9nyez.<\/p>\n<p>Az \u00e1ll\u00edthat\u00f3 kengyeles hengerek, mint p\u00e9ld\u00e1ul a n\u00e9pszer\u0171 hidraulikus dugatty\u00fas hengeres h\u00f3eke hidraulikus hengerek, sz\u00e1mos el\u0151nnyel rendelkeznek, amelyek kiv\u00e1l\u00f3 v\u00e1laszt\u00e1ss\u00e1 teszik \u0151ket k\u00fcl\u00f6nf\u00e9le alkalmaz\u00e1sokhoz. Fokozott rugalmass\u00e1guk, kiv\u00e1l\u00f3 teherb\u00edr\u00e1suk, jobb l\u00f6ketszab\u00e1lyoz\u00e1suk, fokozott biztons\u00e1gi jellemz\u0151ik \u00e9s megn\u00f6vekedett hat\u00e9konys\u00e1guk hozz\u00e1j\u00e1rulnak n\u00e9pszer\u0171s\u00e9g\u00fckh\u00f6z a k\u00fcl\u00f6nb\u00f6z\u0151 ipar\u00e1gakban. Ak\u00e1r neh\u00e9zg\u00e9pekr\u0151l, ipari berendez\u00e9sekr\u0151l vagy m\u00e1s hidraulikus rendszerekr\u0151l van sz\u00f3, az \u00e1ll\u00edthat\u00f3 kengyeles hengerek megb\u00edzhat\u00f3 teljes\u00edtm\u00e9nyt ny\u00fajtanak, \u00e9s hozz\u00e1j\u00e1rulnak a m\u0171velet \u00e1ltal\u00e1nos siker\u00e9hez.<\/p>\n<h3>Az FMP-r\u0151l<\/h3>\n<p>Az FMP egy vezet\u0151 v\u00e1llalat, amely hidraulikus hengerek gy\u00e1rt\u00e1s\u00e1ra \u00e9s \u00e9rt\u00e9kes\u00edt\u00e9s\u00e9re specializ\u00e1l\u00f3dott. Olaszorsz\u00e1gi sz\u00e9khely\u00fcnkkel elk\u00f6telezettek vagyunk amellett, hogy \u00fcgyfeleinknek kiv\u00e1l\u00f3 min\u0151s\u00e9g\u0171 \u00e9s megb\u00edzhat\u00f3 hidraulikus hengereket biztos\u00edtsunk, amelyet sok\u00e9ves ipar\u00e1gi tapasztalatunk \u00e9s professzion\u00e1lis csapatunk t\u00e1mogat.<\/p>\n<p><img decoding=\"async\" src=\"https:\/\/fmp-components.com\/wp-content\/uploads\/2024\/12\/Adjustable-Clevis-Type-Cylinders-6.webp\" alt=\"\u00c1ll\u00edthat\u00f3 kengyeles henger\" width=\"825\" title=\"\"><\/p>\n<p>B\u00fcszk\u00e9k vagyunk arra, hogy sz\u00e9les v\u00e1laszt\u00e9kban k\u00edn\u00e1lunk kiv\u00e1l\u00f3 min\u0151s\u00e9g\u0171 hidraulikus hengereket \u00e9s a hozz\u00e1juk tartoz\u00f3 tartoz\u00e9kokat, hogy kiel\u00e9g\u00edts\u00fck az \u00e9p\u00edt\u0151ipari g\u00e9pipar k\u00fcl\u00f6nf\u00e9le ig\u00e9nyeit. \u00cdme term\u00e9keink \u00e9s v\u00e1llalatunk \u00f6t f\u0151 el\u0151nye \u00e9s jellemz\u0151je:<\/p>\n<ol>\n<li>Kiv\u00e9teles min\u0151s\u00e9g: Hidraulikus hengereinket prec\u00edzi\u00f3s gy\u00e1rt\u00e1ssal, a legkiv\u00e1l\u00f3bb anyagok felhaszn\u00e1l\u00e1s\u00e1val gy\u00e1rtjuk a tart\u00f3ss\u00e1g \u00e9s a teljes\u00edtm\u00e9ny biztos\u00edt\u00e1sa \u00e9rdek\u00e9ben.<\/li>\n<li>Kiterjedt term\u00e9kv\u00e1laszt\u00e9k: \u00c1tfog\u00f3 hidraulikus hengerv\u00e1laszt\u00e9kot k\u00edn\u00e1lunk, bele\u00e9rtve az \u00e1ll\u00edthat\u00f3 kengyeles hengereket, \u00f6sszek\u00f6t\u0151rudas hengereket, teleszk\u00f3pos hengereket \u00e9s egyebeket, megold\u00e1st k\u00edn\u00e1lva a k\u00fcl\u00f6nf\u00e9le alkalmaz\u00e1sokhoz.<\/li>\n<li>Megb\u00edzhat\u00f3 besz\u00e1ll\u00edt\u00f3i h\u00e1l\u00f3zat: Hossz\u00fa t\u00e1v\u00fa partners\u00e9geink r\u00e9v\u00e9n elismert belf\u00f6ldi \u00e9s nemzetk\u00f6zi besz\u00e1ll\u00edt\u00f3kkal garant\u00e1ljuk a legkiv\u00e1l\u00f3bb min\u0151s\u00e9g\u0171 alkatr\u00e9szek beszerz\u00e9s\u00e9t, amelyek megfelelnek a szigor\u00fa min\u0151s\u00e9gi el\u0151\u00edr\u00e1soknak.<\/li>\n<li>Szak\u00e9rt\u0151 \u00e9rt\u00e9kes\u00edt\u00e9si csapat: Tapasztalt \u00e9rt\u00e9kes\u00edt\u00e9si csapatunk m\u00e9lyrehat\u00f3 ismeretekkel rendelkezik az \u00e9p\u00edt\u0151ipari g\u00e9piparban, \u00edgy professzion\u00e1lis term\u00e9ktan\u00e1csad\u00e1st \u00e9s \u00e9rt\u00e9kes v\u00e1s\u00e1rl\u00e1si aj\u00e1nl\u00e1sokat tudnak ny\u00fajtani, amelyek \u00fcgyfeleink egyedi ig\u00e9nyeire szabottak.<\/li>\n<li>Hat\u00e9kony logisztika: L\u00e9trehoztunk egy hat\u00e9kony logisztikai eloszt\u00e1si rendszert, amely biztos\u00edtja a sz\u00fcks\u00e9ges hidraulikus hengerek gyors \u00e9s pontos kisz\u00e1ll\u00edt\u00e1s\u00e1t k\u00f6zvetlen\u00fcl \u00fcgyfeleinkhez, minimaliz\u00e1lva az \u00e1ll\u00e1sid\u0151t \u00e9s maximaliz\u00e1lva a termel\u00e9kenys\u00e9get.<\/li>\n<\/ol>\n<p>V\u00e1lassza az FMP-t megb\u00edzhat\u00f3 partnerk\u00e9nt minden hidraulikus hengerrel kapcsolatos ig\u00e9ny\u00e9hez. L\u00e9pjen kapcsolatba vel\u00fcnk m\u00e9g ma, hogy megbesz\u00e9lhess\u00fck, hogyan tudjuk t\u00e1mogatni \u00e9p\u00edt\u0151ipari g\u00e9pekkel kapcsolatos projektjeit.<\/p>\n<p>Szerz\u0151: CX<\/p>","protected":false},"excerpt":{"rendered":"<p>Hot Sale Hydraulic Piston Cylinder Snow Plow Hydraulic CylinderHot Sale Hydraulic Piston Cylinder Snow Plow Hydraulic Cylinder is a top-notch product that is designed to meet the demands of heavy-duty snow plowing. This hydraulic cylinder is specifically engineered to provide optimal power and efficiency in clearing snow from roads, driveways, and other surfaces. With its [&hellip;]<\/p>","protected":false},"featured_media":1495,"comment_status":"closed","ping_status":"closed","template":"","meta":{"_et_pb_use_builder":"","_et_pb_old_content":"","_et_gb_content_width":""},"product_brand":[],"product_cat":[42],"product_tag":[34,44],"class_list":{"0":"post-1494","1":"product","2":"type-product","3":"status-publish","4":"has-post-thumbnail","6":"product_cat-snow-plow-hydraulic-cylinder","7":"product_tag-hydraulic-cylinder","8":"product_tag-snow-plow-hydraulic-cylinder","10":"first","11":"instock","12":"product-type-simple"},"_links":{"self":[{"href":"https:\/\/fmp-components.com\/hu\/wp-json\/wp\/v2\/product\/1494","targetHints":{"allow":["GET"]}}],"collection":[{"href":"https:\/\/fmp-components.com\/hu\/wp-json\/wp\/v2\/product"}],"about":[{"href":"https:\/\/fmp-components.com\/hu\/wp-json\/wp\/v2\/types\/product"}],"replies":[{"embeddable":true,"href":"https:\/\/fmp-components.com\/hu\/wp-json\/wp\/v2\/comments?post=1494"}],"wp:featuredmedia":[{"embeddable":true,"href":"https:\/\/fmp-components.com\/hu\/wp-json\/wp\/v2\/media\/1495"}],"wp:attachment":[{"href":"https:\/\/fmp-components.com\/hu\/wp-json\/wp\/v2\/media?parent=1494"}],"wp:term":[{"taxonomy":"product_brand","embeddable":true,"href":"https:\/\/fmp-components.com\/hu\/wp-json\/wp\/v2\/product_brand?post=1494"},{"taxonomy":"product_cat","embeddable":true,"href":"https:\/\/fmp-components.com\/hu\/wp-json\/wp\/v2\/product_cat?post=1494"},{"taxonomy":"product_tag","embeddable":true,"href":"https:\/\/fmp-components.com\/hu\/wp-json\/wp\/v2\/product_tag?post=1494"}],"curies":[{"name":"munkaf\u00fczet","href":"https:\/\/api.w.org\/{rel}","templated":true}]}}