{"id":1492,"date":"2024-12-23T05:50:37","date_gmt":"2024-12-23T05:50:37","guid":{"rendered":"https:\/\/fmp-components.com\/product\/new-arrival-snow-plow-stainless-steel-hydraulic-oil-cylinder\/"},"modified":"2024-12-23T06:27:49","modified_gmt":"2024-12-23T06:27:49","slug":"new-arrival-snow-plow-stainless-steel-hydraulic-oil-cylinder","status":"publish","type":"product","link":"https:\/\/fmp-components.com\/hu\/product\/new-arrival-snow-plow-stainless-steel-hydraulic-oil-cylinder\/","title":{"rendered":"\u00daj \u00e9rkez\u00e9s\u0171 h\u00f3eke rozsdamentes ac\u00e9l hidraulikus olajhenger"},"content":{"rendered":"<h2>\u00daj \u00e9rkez\u00e9s\u0171 h\u00f3eke rozsdamentes ac\u00e9l hidraulikus olajhenger<\/h2>\n<p>Az \u00faj h\u00f3kotr\u00f3 rozsdamentes ac\u00e9l hidraulikus olajhenger egy \u00e9lvonalbeli term\u00e9k, amelyet kifejezetten h\u00f3kotr\u00f3khoz terveztek. Kiv\u00e1l\u00f3 min\u0151s\u00e9g\u0171 rozsdamentes ac\u00e9lb\u00f3l k\u00e9sz\u00fclt, ez a hidraulikus olajhenger kiv\u00e9teles tart\u00f3ss\u00e1got \u00e9s hossz\u00fa \u00e9lettartamot k\u00edn\u00e1l, biztos\u00edtva, hogy m\u00e9g a legzordabb t\u00e9li k\u00f6r\u00fclm\u00e9nyeknek is ellen\u00e1lljon.<\/p>\n<p>Fejlett hidraulikus technol\u00f3gi\u00e1val felszerelt, ez az olajhenger nagy teljes\u00edtm\u00e9nyt \u00e9s megb\u00edzhat\u00f3 teljes\u00edtm\u00e9nyt ny\u00fajt, lehet\u0151v\u00e9 t\u00e9ve a hat\u00e9kony \u00e9s eredm\u00e9nyes h\u00f3eltakar\u00edt\u00e1st. Hidraulikus rendszere sima \u00e9s prec\u00edz m\u0171k\u00f6d\u00e9st tesz lehet\u0151v\u00e9, lehet\u0151v\u00e9 t\u00e9ve a felhaszn\u00e1l\u00f3k sz\u00e1m\u00e1ra az eke k\u00f6nny\u0171 \u00e9s prec\u00edz ir\u00e1ny\u00edt\u00e1s\u00e1t.<\/p>\n<p>Ennek az olajpalacknak \u200b\u200ba rozsdamentes ac\u00e9l szerkezete kiv\u00e1l\u00f3an ellen\u00e1ll a korr\u00f3zi\u00f3nak, a rozsd\u00e1nak \u00e9s a kop\u00e1snak, \u00edgy ide\u00e1lis havas \u00e9s jeges k\u00f6rnyezetben val\u00f3 haszn\u00e1latra. Ez biztos\u00edtja, hogy a palack optim\u00e1lis \u00e1llapotban maradjon \u00e9lettartama alatt, \u00edgy \u00e9vr\u0151l \u00e9vre k\u00f6vetkezetes \u00e9s megb\u00edzhat\u00f3 teljes\u00edtm\u00e9nyt ny\u00fajt.<\/p>\n<p>A felhaszn\u00e1l\u00f3 ig\u00e9nyeit szem el\u0151tt tartva tervezett, \u00faj h\u00f3kotr\u00f3 rozsdamentes ac\u00e9l hidraulikus olajhenger k\u00f6nnyen telep\u00edthet\u0151 \u00e9s kezelhet\u0151. Kompakt \u00e9s k\u00f6nny\u0171 kialak\u00edt\u00e1sa gondtalan telep\u00edt\u00e9st tesz lehet\u0151v\u00e9, felhaszn\u00e1l\u00f3bar\u00e1t kezel\u0151szervei pedig egyszer\u0171v\u00e9 \u00e9s k\u00f6nny\u0171v\u00e9 teszik a kezel\u00e9st.<\/p>\n<p>Kiv\u00e1l\u00f3 min\u0151s\u00e9g\u00e9nek \u00e9s teljes\u00edtm\u00e9ny\u00e9nek k\u00f6sz\u00f6nhet\u0151en az \u00faj, rozsdamentes ac\u00e9lb\u00f3l k\u00e9sz\u00fclt h\u00f3kotr\u00f3 hidraulikus olajhenger n\u00e9lk\u00fcl\u00f6zhetetlen kell\u00e9k minden h\u00f3kotr\u00f3-kezel\u0151 sz\u00e1m\u00e1ra. Ak\u00e1r szakember, ak\u00e1r h\u00e1ztulajdonos, aki a kocsifelhajt\u00f3j\u00e1r\u00f3l szeretne havat takar\u00edtani, ez a term\u00e9k fel\u00fclm\u00falja az elv\u00e1r\u00e1sait, \u00e9s gyerekj\u00e1t\u00e9kk\u00e1 teszi a h\u00f3eltakar\u00edt\u00e1st.<\/p>\n<p>Fektessen be m\u00e9g ma az \u00faj h\u00f3kotr\u00f3 rozsdamentes ac\u00e9l hidraulikus olajhenger\u00e9be, \u00e9s tapasztalja meg a k\u00fcl\u00f6nbs\u00e9get, amit h\u00f3eltakar\u00edt\u00e1si munk\u00e1j\u00e1ban tud el\u00e9rni. \u00d3vja meg mag\u00e1t a t\u00e9li id\u0151j\u00e1r\u00e1st\u00f3l, \u00e9s tartsa tiszt\u00e1n \u00e9s biztons\u00e1gban k\u00f6rnyezet\u00e9t ezzel a cs\u00facskateg\u00f3ri\u00e1s hidraulikus olajhengerrel.<\/p>\n<div>\n<h2>Bemutatkozik a h\u00f3eke rozsdamentes ac\u00e9l hidraulikus olajhenger<\/h2>\n<p>A h\u00f3kotr\u00f3 rozsdamentes ac\u00e9l hidraulikus olajhenger egy innovat\u00edv eszk\u00f6z, amely \u00e1talak\u00edtja a h\u00f3eltakar\u00edt\u00e1si feladatok kezel\u00e9s\u00e9nek m\u00f3dj\u00e1t. Ez egy cs\u00facskateg\u00f3ri\u00e1s hidraulikus olajhenger, amelyet a hat\u00e9konys\u00e1g, a tart\u00f3ss\u00e1g \u00e9s a kiv\u00e1l\u00f3 teljes\u00edtm\u00e9ny biztos\u00edt\u00e1s\u00e1ra terveztek. Ez az eszk\u00f6z nem csup\u00e1n egy \u00fajabb berendez\u00e9s, hanem egy befektet\u00e9s, amely egyszer\u0171v\u00e9 \u00e9s hat\u00e9konny\u00e1 teszi a h\u00f3eltakar\u00edt\u00e1si feladatokat.<\/p>\n<h2>Term\u00e9kjellemz\u0151k<\/h2>\n<ul>\n<li>Kiv\u00e1l\u00f3 min\u0151s\u00e9g\u0171, szabv\u00e1nym\u00e9ret\u0171 dugatty\u00fas henger, amely hidraulikus er\u0151vel m\u0171k\u00f6dik<\/li>\n<li>Ac\u00e9l test anyag a tart\u00f3ss\u00e1g \u00e9s a hossz\u00fa t\u00e1v\u00fa teljes\u00edtm\u00e9ny \u00e9rdek\u00e9ben<\/li>\n<li>Maxim\u00e1lis tol\u00f3er\u0151 3000 \u00e9s maxim\u00e1lis h\u00faz\u00f3er\u0151 20 tonna a legig\u00e9nyesebb h\u00f3eltakar\u00edt\u00e1si feladatokhoz<\/li>\n<li>A furatm\u00e9ret 2-6 h\u00fcvelyk, a r\u00fadm\u00e9ret 1,125-4 h\u00fcvelyk, a l\u00f6ketm\u00e9ret pedig 4-100 h\u00fcvelyk k\u00f6z\u00f6tt mozog.<\/li>\n<li>0,5-2 h\u00fcvelyk k\u00f6z\u00f6tti t\u0171m\u00e9ret a k\u00f6nny\u0171 telep\u00edt\u00e9s, haszn\u00e1lat \u00e9s karbantart\u00e1s \u00e9rdek\u00e9ben<\/li>\n<li>A mag csap\u00e1gyaz\u00e1ssal \u00e9s hidraulikus hengerrel rendelkezik, amelyekre 1 \u00e9v garancia vonatkozik.<\/li>\n<\/ul>\n<\/div>\n<h2>Az \u00e1ll\u00edthat\u00f3 kengyeles hengerek el\u0151nyei<\/h2>\n<ul>\n<li style=\"list-style-type: none;\">\n<ul>\n<li><strong>Testreszab\u00e1s:<\/strong> Az \u00e1ll\u00edthat\u00f3 kengyeles hengerek egyik legfontosabb el\u0151nye, hogy testreszabhat\u00f3k az adott hidraulikus alkalmaz\u00e1sokhoz. \u00c1ll\u00edthat\u00f3 kengyeles kialak\u00edt\u00e1suknak k\u00f6sz\u00f6nhet\u0151en k\u00f6nnyen adapt\u00e1lhat\u00f3k k\u00fcl\u00f6nb\u00f6z\u0151 r\u00f6gz\u00edt\u00e9si konfigur\u00e1ci\u00f3khoz, \u00edgy sokoldal\u00faak \u00e9s sz\u00e9les k\u00f6r\u0171 alkalmaz\u00e1sokhoz alkalmasak.<\/li>\n<\/ul>\n<\/li>\n<\/ul>\n<p>P\u00e9ld\u00e1ul az \u00faj h\u00f3ek\u00e9k rozsdamentes ac\u00e9l hidraulikus olajhengere nagyszer\u0171 p\u00e9lda az \u00e1ll\u00edthat\u00f3 kengyeles hengerekre, amelyeket h\u00f3ek\u00e9khez terveztek. Rozsdamentes ac\u00e9l szerkezet\u00e9nek k\u00f6sz\u00f6nhet\u0151en rendk\u00edv\u00fcl ellen\u00e1ll\u00f3 a korr\u00f3zi\u00f3val szemben, \u00e9s \u00fagy tervezt\u00e9k, hogy ellen\u00e1lljon a zord t\u00e9li k\u00f6r\u00fclm\u00e9nyeknek. \u00c1ll\u00edthat\u00f3 kengyeles kialak\u00edt\u00e1sa lehet\u0151v\u00e9 teszi a k\u00f6nny\u0171 felszerel\u00e9st k\u00fcl\u00f6nb\u00f6z\u0151 t\u00edpus\u00fa h\u00f3ek\u00e9kre, \u00edgy sokoldal\u00fa megold\u00e1st k\u00edn\u00e1l a h\u00f3eltakar\u00edt\u00e1shoz.<\/p>\n<ul>\n<li style=\"list-style-type: none;\">\n<ul>\n<li><strong>Rendk\u00edv\u00fcl hat\u00e9kony:<\/strong> Az \u00e1ll\u00edthat\u00f3 kengyeles hengerek tov\u00e1bbi el\u0151nye a magas hat\u00e1sfok. Prec\u00edz m\u00e9rn\u00f6ki munk\u00e1juknak \u00e9s kiv\u00e1l\u00f3 min\u0151s\u00e9g\u0171 anyagaiknak k\u00f6sz\u00f6nhet\u0151en k\u00e9pesek k\u00f6vetkezetes \u00e9s megb\u00edzhat\u00f3 teljes\u00edtm\u00e9nyt ny\u00fajtani, m\u00e9g ig\u00e9nyes alkalmaz\u00e1sokban is.<\/li>\n<\/ul>\n<\/li>\n<\/ul>\n<p>Az \u00faj h\u00f3kotr\u00f3 rozsdamentes ac\u00e9l hidraulikus olajhenger\u00e9t p\u00e9ld\u00e1ul \u00fagy tervezt\u00e9k, hogy minim\u00e1lis er\u0151fesz\u00edt\u00e9ssel maxim\u00e1lis emel\u0151er\u0151t biztos\u00edtson. Nagynyom\u00e1s\u00fa hidraulikus rendszere biztos\u00edtja, hogy a neh\u00e9z h\u00f3kotr\u00f3kat is k\u00f6nnyed\u00e9n felemelje, m\u00edg az \u00e1ll\u00edthat\u00f3 kengyeles kialak\u00edt\u00e1s lehet\u0151v\u00e9 teszi az ekelap\u00e1t sz\u00f6g\u00e9nek \u00e9s helyzet\u00e9nek pontos szab\u00e1lyoz\u00e1s\u00e1t, biztos\u00edtva az optim\u00e1lis h\u00f3eltakar\u00edt\u00e1si teljes\u00edtm\u00e9nyt.<\/p>\n<ul>\n<li style=\"list-style-type: none;\">\n<ul>\n<li><strong>Tart\u00f3s:<\/strong> Az \u00e1ll\u00edthat\u00f3 kengyeles hengerek tart\u00f3ss\u00e1gukr\u00f3l \u00e9s hossz\u00fa \u00e9lettartamukr\u00f3l is ismertek. \u00dagy tervezt\u00e9k \u0151ket, hogy ellen\u00e1lljanak a zord k\u00f6rnyezeti felt\u00e9teleknek, a sz\u00e9ls\u0151s\u00e9ges h\u0151m\u00e9rs\u00e9kleteknek \u00e9s a nagy terhel\u00e9seknek, \u00edgy ide\u00e1lisak k\u00fcl\u00f6nf\u00e9le ipari alkalmaz\u00e1sokhoz.<\/li>\n<\/ul>\n<\/li>\n<\/ul>\n<p>Az \u00faj h\u00f3kotr\u00f3 rozsdamentes ac\u00e9l hidraulikus olajhenger kiv\u00e1l\u00f3 min\u0151s\u00e9g\u0171 rozsdamentes ac\u00e9lb\u00f3l k\u00e9sz\u00fclt, amely nemcsak rendk\u00edv\u00fcl ellen\u00e1ll\u00f3 a korr\u00f3zi\u00f3val szemben, hanem kiv\u00e1l\u00f3 szil\u00e1rds\u00e1got \u00e9s tart\u00f3ss\u00e1got is biztos\u00edt. Ezenk\u00edv\u00fcl a prec\u00edzi\u00f3s m\u00e9rn\u00f6ki munka \u00e9s a kiv\u00e1l\u00f3 min\u0151s\u00e9g\u0171 anyagok biztos\u00edtj\u00e1k, hogy ellen\u00e1lljon a sz\u00e9ls\u0151s\u00e9ges h\u0151m\u00e9rs\u00e9kleteknek \u00e9s a nagy terhel\u00e9seknek, \u00edgy megb\u00edzhat\u00f3 \u00e9s tart\u00f3s megold\u00e1st k\u00edn\u00e1l a h\u00f3eltakar\u00edt\u00e1shoz.<\/p>\n<ul>\n<li style=\"list-style-type: none;\">\n<ul>\n<li><strong>K\u00f6nny\u0171 karbantart\u00e1s:<\/strong> V\u00e9g\u00fcl, az \u00e1ll\u00edthat\u00f3 kengyeles hengereket a k\u00f6nny\u0171 karbantart\u00e1s jegy\u00e9ben tervezt\u00e9k. Egyszer\u0171, m\u00e9gis robusztus kialak\u00edt\u00e1suknak k\u00f6sz\u00f6nhet\u0151en k\u00f6nnyen sz\u00e9tszerelhet\u0151k \u00e9s szervizelhet\u0151k, \u00edgy gyors \u00e9s hat\u00e9kony jav\u00edt\u00e1sokat \u00e9s karbantart\u00e1st tesznek lehet\u0151v\u00e9.<\/li>\n<\/ul>\n<\/li>\n<\/ul>\n<p>Az \u00faj, rozsdamentes ac\u00e9l hidraulikus olajhengeres h\u00f3eke p\u00e9ld\u00e1ul modul\u00e1ris fel\u00e9p\u00edt\u00e9s\u0171, \u00edgy k\u00f6nnyen sz\u00e9tszerelhet\u0151 \u00e9s cser\u00e9lhet\u0151. Kiv\u00e1l\u00f3 min\u0151s\u00e9g\u0171 anyagai minim\u00e1lis karbantart\u00e1st ig\u00e9nyelnek, \u00edgy k\u00f6lts\u00e9ghat\u00e9kony megold\u00e1st jelentenek a h\u00f3eltakar\u00edt\u00e1sra.<\/p>\n<p>\u00d6sszefoglalva, az \u00e1ll\u00edthat\u00f3 kengyeles hengerek sz\u00e1mos el\u0151nnyel j\u00e1rnak, bele\u00e9rtve a testreszabhat\u00f3s\u00e1got, a hat\u00e9konys\u00e1got, a tart\u00f3ss\u00e1got \u00e9s a k\u00f6nny\u0171 karbantart\u00e1st. Az \u00faj h\u00f3ek\u00e9k rozsdamentes ac\u00e9l hidraulikus olajhengere nagyszer\u0171 p\u00e9lda az \u00e1ll\u00edthat\u00f3 kengyeles hengerekre, amelyeket h\u00f3ek\u00e9khez val\u00f3 haszn\u00e1latra szabtak, \u00e9s kiv\u00e9teles teljes\u00edtm\u00e9nyt \u00e9s megb\u00edzhat\u00f3s\u00e1got k\u00edn\u00e1lnak zord t\u00e9li k\u00f6r\u00fclm\u00e9nyek k\u00f6z\u00f6tt.<\/p>\n<h3>Az FMP-r\u0151l \u2013 Professzion\u00e1lis hidraulikus henger gy\u00e1rt\u00f3 \u00e9s sz\u00e1ll\u00edt\u00f3<\/h3>\n<p>Az FMP egy olyan v\u00e1llalat, amely kiv\u00e1l\u00f3 min\u0151s\u00e9g\u0171 \u00e9s megb\u00edzhat\u00f3 \u00e9p\u00edt\u0151ipari g\u00e9palkatr\u00e9szek \u00e9s komplett g\u00e9pek gy\u00e1rt\u00e1s\u00e1ra \u00e9s \u00e9rt\u00e9kes\u00edt\u00e9s\u00e9re specializ\u00e1l\u00f3dott. Sok \u00e9ves ipar\u00e1gi tapasztalattal \u00e9s professzion\u00e1lis csapattal rendelkez\u00fcnk, amely biztos\u00edtja \u00fcgyfeleink sz\u00e1m\u00e1ra a legjobb term\u00e9keket \u00e9s szolg\u00e1ltat\u00e1sokat.<\/p>\n<p>Hidraulikus henger\u00fcnk az egyik legn\u00e9pszer\u0171bb term\u00e9k\u00fcnk, \u00e9s j\u00f3 okkal. \u00cdme n\u00e9h\u00e1ny ok, ami\u00e9rt \u00e9rdemes az FMP-t v\u00e1lasztania hidraulikus henger besz\u00e1ll\u00edt\u00f3j\u00e1nak:<\/p>\n<p>1. Kiv\u00e1l\u00f3 min\u0151s\u00e9g\u0171 anyagok \u2013 Hidraulikus hengereink gy\u00e1rt\u00e1s\u00e1hoz kiz\u00e1r\u00f3lag a legkiv\u00e1l\u00f3bb min\u0151s\u00e9g\u0171 anyagokat haszn\u00e1ljuk. Ez biztos\u00edtja azok tart\u00f3ss\u00e1g\u00e1t, megb\u00edzhat\u00f3s\u00e1g\u00e1t \u00e9s hossz\u00fa \u00e9lettartam\u00e1t.<\/p>\n<p>2. Sz\u00e9les v\u00e1laszt\u00e9k \u2013 Sz\u00e9les v\u00e1laszt\u00e9kban k\u00edn\u00e1lunk hidraulikus hengereket, bele\u00e9rtve az \u00e1ll\u00edthat\u00f3 kengyeles hengereket, a kett\u0151s m\u0171k\u00f6d\u00e9s\u0171 hidraulikus hengereket \u00e9s a hegesztett hidraulikus hengereket. Ez lehet\u0151v\u00e9 teszi \u00fcgyfeleink sz\u00e1m\u00e1ra, hogy kiv\u00e1lassz\u00e1k az ig\u00e9nyeiknek legink\u00e1bb megfelel\u0151 hengert.<\/p>\n<p>3. Testreszab\u00e1s \u2013 Meg\u00e9rtj\u00fck, hogy minden \u00fcgyf\u00e9lnek egyedi ig\u00e9nyei vannak, ez\u00e9rt k\u00edn\u00e1lunk egyedi ig\u00e9nyekre szabott hidraulikus hengereket.<\/p>\n<p>4. Professzion\u00e1lis \u00e9rt\u00e9kes\u00edt\u00e9si csapat \u2013 Tapasztalt \u00e9s k\u00e9pzett \u00e9rt\u00e9kes\u00edt\u00e9si csapatunk mindig k\u00e9szen \u00e1ll arra, hogy professzion\u00e1lis term\u00e9ktan\u00e1csad\u00e1st ny\u00fajtson \u00e9s intelligens v\u00e1s\u00e1rl\u00e1si javaslatokat tegyen \u00fcgyfeleinknek.<\/p>\n<p>5. Hat\u00e9kony logisztikai eloszt\u00f3rendszer \u2013 Hat\u00e9kony logisztikai eloszt\u00f3rendszerrel rendelkez\u00fcnk, amely biztos\u00edtja, hogy \u00fcgyfeleink id\u0151ben \u00e9s pontosan megkapj\u00e1k a sz\u00fcks\u00e9ges hidraulikus hengereket.<\/p>\n<p><img decoding=\"async\" src=\"https:\/\/fmp-components.com\/wp-content\/uploads\/2024\/12\/Adjustable-Clevis-Type-Cylinders-6.webp\" alt=\"\u00c1ll\u00edthat\u00f3 kengyeles henger\" width=\"824\" title=\"\"><\/p>\n<p>Ezen el\u0151ny\u00f6k mellett az FMP elk\u00f6telezett amellett, hogy hossz\u00fa t\u00e1v\u00fa \u00e9s stabil egy\u00fcttm\u0171k\u00f6d\u00e9si kapcsolatokat \u00e9p\u00edtsen ki kiv\u00e1l\u00f3 min\u0151s\u00e9g\u0171 belf\u00f6ldi \u00e9s k\u00fclf\u00f6ldi besz\u00e1ll\u00edt\u00f3kkal annak biztos\u00edt\u00e1sa \u00e9rdek\u00e9ben, hogy minden besz\u00e1ll\u00edtott alkatr\u00e9sz megfeleljen a szigor\u00fa min\u0151s\u00e9gi el\u0151\u00edr\u00e1soknak. Ez\u00e9rt garant\u00e1ljuk, hogy hidraulikus hengereink a legmagasabb min\u0151s\u00e9g\u0171ek \u00e9s megfelelnek az \u00d6n ig\u00e9nyeinek.<\/p>\n<p>V\u00e1lassza az FMP-t hidraulikus henger gy\u00e1rt\u00f3j\u00e1nak \u00e9s besz\u00e1ll\u00edt\u00f3j\u00e1nak. L\u00e9pjen kapcsolatba vel\u00fcnk m\u00e9g ma, hogy t\u00f6bbet megtudjon term\u00e9keinkr\u0151l \u00e9s szolg\u00e1ltat\u00e1sainkr\u00f3l.<\/p>\n<h2>GYIK<\/h2>\n<h3>K: Kereskedelmi v\u00e1llalat vagy gy\u00e1rt\u00f3?<\/h3>\n<p>V: Mi egy gy\u00e1r vagyunk, amely gy\u00e1rtja a term\u00e9keinket.<\/p>\n<h3>K: Mennyi a sz\u00e1ll\u00edt\u00e1si id\u0151?<\/h3>\n<p>V: \u00c1ltal\u00e1ban a sz\u00e1ll\u00edt\u00e1si id\u0151nk 25-35 nap.<\/p>\n<h3>K: Mint\u00e1kat is biztos\u00edtanak?<\/h3>\n<p>V: Igen, biztos\u00edtunk mint\u00e1kat, de ezek nem ingyenesek.<\/p>\n<p><img decoding=\"async\" title=\"H\u00f3eke hidraulikus henger\" src=\"https:\/\/hzpt.com\/wp-content\/uploads\/2023\/11\/Snow-Plow-Hydraulic-Cylinder-3.webp\" alt=\"H\u00f3eke hidraulikus henger\" \/><\/p>\n<p>Szerz\u0151: CX<\/p>","protected":false},"excerpt":{"rendered":"<p>New Arrival Snow Plow Stainless Steel Hydraulic Oil Cylinder The New Arrival Snow Plow Stainless Steel Hydraulic Oil Cylinder is a cutting-edge product designed specifically for snow plows. Made from high-quality stainless steel, this hydraulic oil cylinder offers exceptional durability and longevity, ensuring it can withstand even the harshest winter conditions. Equipped with advanced hydraulic [&hellip;]<\/p>","protected":false},"featured_media":1493,"comment_status":"closed","ping_status":"closed","template":"","meta":{"_et_pb_use_builder":"","_et_pb_old_content":"","_et_gb_content_width":""},"product_brand":[],"product_cat":[42],"product_tag":[34,44],"class_list":{"0":"post-1492","1":"product","2":"type-product","3":"status-publish","4":"has-post-thumbnail","6":"product_cat-snow-plow-hydraulic-cylinder","7":"product_tag-hydraulic-cylinder","8":"product_tag-snow-plow-hydraulic-cylinder","10":"first","11":"instock","12":"product-type-simple"},"_links":{"self":[{"href":"https:\/\/fmp-components.com\/hu\/wp-json\/wp\/v2\/product\/1492","targetHints":{"allow":["GET"]}}],"collection":[{"href":"https:\/\/fmp-components.com\/hu\/wp-json\/wp\/v2\/product"}],"about":[{"href":"https:\/\/fmp-components.com\/hu\/wp-json\/wp\/v2\/types\/product"}],"replies":[{"embeddable":true,"href":"https:\/\/fmp-components.com\/hu\/wp-json\/wp\/v2\/comments?post=1492"}],"wp:featuredmedia":[{"embeddable":true,"href":"https:\/\/fmp-components.com\/hu\/wp-json\/wp\/v2\/media\/1493"}],"wp:attachment":[{"href":"https:\/\/fmp-components.com\/hu\/wp-json\/wp\/v2\/media?parent=1492"}],"wp:term":[{"taxonomy":"product_brand","embeddable":true,"href":"https:\/\/fmp-components.com\/hu\/wp-json\/wp\/v2\/product_brand?post=1492"},{"taxonomy":"product_cat","embeddable":true,"href":"https:\/\/fmp-components.com\/hu\/wp-json\/wp\/v2\/product_cat?post=1492"},{"taxonomy":"product_tag","embeddable":true,"href":"https:\/\/fmp-components.com\/hu\/wp-json\/wp\/v2\/product_tag?post=1492"}],"curies":[{"name":"munkaf\u00fczet","href":"https:\/\/api.w.org\/{rel}","templated":true}]}}