{"id":1490,"date":"2024-12-23T05:50:37","date_gmt":"2024-12-23T05:50:37","guid":{"rendered":"https:\/\/fmp-components.com\/product\/competitive-price-piston-hydraulic-cylinder-double-acting\/"},"modified":"2024-12-23T06:14:10","modified_gmt":"2024-12-23T06:14:10","slug":"competitive-price-piston-hydraulic-cylinder-double-acting","status":"publish","type":"product","link":"https:\/\/fmp-components.com\/hu\/product\/competitive-price-piston-hydraulic-cylinder-double-acting\/","title":{"rendered":"Versenyk\u00e9pes \u00e1r\u00fa dugatty\u00fas hidraulikus henger kett\u0151s m\u0171k\u00f6d\u00e9s\u0171"},"content":{"rendered":"<h2>Bemutatkozik a versenyk\u00e9pes \u00e1r\u00fa dugatty\u00fas hidraulikus henger kett\u0151s m\u0171k\u00f6d\u00e9s\u0171:<\/h2>\n<p>A versenyk\u00e9pes \u00e1r\u00fa, kett\u0151s m\u0171k\u00f6d\u00e9s\u0171 dugatty\u00fas hidraulikus henger egy kiv\u00e1l\u00f3 min\u0151s\u00e9g\u0171 term\u00e9k, amelyet k\u00fcl\u00f6nf\u00e9le ipari alkalmaz\u00e1sokhoz terveztek. Ez a hidraulikus henger fejlett technol\u00f3gi\u00e1val \u00e9s pr\u00e9mium anyagokb\u00f3l k\u00e9sz\u00fcl, biztos\u00edtva a tart\u00f3ss\u00e1got \u00e9s a megb\u00edzhat\u00f3s\u00e1got.<\/p>\n<p>Dugatty\u00fas kialak\u00edt\u00e1s\u00e1nak k\u00f6sz\u00f6nhet\u0151en ez a hidraulikus henger sima \u00e9s prec\u00edz mozg\u00e1st biztos\u00edt, lehet\u0151v\u00e9 t\u00e9ve a hat\u00e9kony \u00e9s eredm\u00e9nyes m\u0171k\u00f6d\u00e9st. Kett\u0151s m\u0171k\u00f6d\u00e9s\u0171 funkci\u00f3ra tervezt\u00e9k, \u00edgy mindk\u00e9t ir\u00e1nyban k\u00e9pes er\u0151t kifejteni, n\u00f6velve a termel\u00e9kenys\u00e9get \u00e9s a sokoldal\u00fas\u00e1got.<\/p>\n<p>Versenyk\u00e9pes \u00e1r\u00e1val ez a hidraulikus henger kiv\u00e1l\u00f3 \u00e1r-\u00e9rt\u00e9k ar\u00e1nyt k\u00e9pvisel. Kiv\u00e1l\u00f3 teljes\u00edtm\u00e9nyt \u00e9s tart\u00f3ss\u00e1got k\u00edn\u00e1l, \u00edgy k\u00f6lts\u00e9ghat\u00e9kony v\u00e1laszt\u00e1s minden m\u00e9ret\u0171 v\u00e1llalkoz\u00e1s sz\u00e1m\u00e1ra. Ak\u00e1r \u00e9p\u00edt\u0151iparban, mez\u0151gazdas\u00e1gban vagy gy\u00e1rt\u00e1sban haszn\u00e1lj\u00e1k, ez a hidraulikus henger a neh\u00e9z k\u00f6r\u00fclm\u00e9nyeknek is ellen\u00e1ll, \u00e9s kiv\u00e9teles eredm\u00e9nyeket biztos\u00edt.<\/p>\n<p><img decoding=\"async\" title=\"H\u00f3eke hidraulikus henger\" src=\"https:\/\/hzpt.com\/wp-content\/uploads\/2023\/11\/Snow-Plow-Hydraulic-Cylinder-2.webp\" alt=\"H\u00f3eke hidraulikus henger\" \/><\/p>\n<p>A versenyk\u00e9pes \u00e1r\u00fa, kett\u0151s m\u0171k\u00f6d\u00e9s\u0171 dugatty\u00fas hidraulikus munkahenger k\u00f6nnyen telep\u00edthet\u0151 \u00e9s karbantarthat\u00f3, minimaliz\u00e1lva az \u00e1ll\u00e1sid\u0151t \u00e9s maximaliz\u00e1lva a termel\u00e9kenys\u00e9get. Kompatibilis a k\u00fcl\u00f6nf\u00e9le hidraulikus rendszerekkel, \u00e9s z\u00f6kken\u0151mentesen integr\u00e1lhat\u00f3 a megl\u00e9v\u0151 berendez\u00e9sekbe.<\/p>\n<p>\u00d6sszefoglalva, a Versenyk\u00e9pes \u00c1r\u00fa Dugatty\u00fas Hidraulikus Henger Kett\u0151s M\u0171k\u00f6d\u00e9s\u0171 Megb\u00edzhat\u00f3 \u00e9s Hat\u00e9kony Megold\u00e1st K\u00edn\u00e1lunk a Hidraulikus Ig\u00e9nyeire. Versenyk\u00e9pes \u00c1ra, Kiv\u00e1l\u00f3 Min\u0151s\u00e9g\u0171 Kivitelez\u00e9s\u00e9vel \u00e9s Teljes\u00edtm\u00e9ny\u00e9vel Kiv\u00e1ll\u00f3 V\u00e1laszt\u00e1st Ny\u00fajtson Be ebbe a Hidraulikus Hengerbe M\u00e9g Ma, \u00c9s Tapasztalja Meg a Megn\u00f6vekedett Termel\u00e9kenys\u00e9get \u00e9s K\u00f6lts\u00e9ghat\u00e9konys\u00e1got. Ha Tart\u00f3s \u00e9s Hat\u00e9kony Dugatty\u00fas Hidraulikus Hengert Keres, Ne Keressen T\u00f6bbet. ez a kett\u0151s m\u0171k\u00f6d\u00e9s\u0171 henger versenyk\u00e9pes \u00e1ron kaphat\u00f3, \u00edgy biztos lehet benne, hogy a legjobb \u00e1r-\u00e9rt\u00e9k ar\u00e1nyt kapja. Egyedi kialak\u00edt\u00e1s\u00e1nak \u00e9s kivitelez\u00e9s\u00e9nek k\u00f6sz\u00f6nhet\u0151en sz\u00e1mos ter\u00fcleten alkalmazhat\u00f3, bele\u00e9rtve a G\u00e9pjav\u00edt\u00f3 M\u0171helyeket, Mez\u0151gazdas\u00e1got, Energiaipart \u00e9s B\u00e1ny\u00e1szatot, valamint a G\u00e9pgy\u00e1rt\u00e1st \u00e9s Gy\u00e1rakat.<\/p>\n<h2>Term\u00e9kspecifik\u00e1ci\u00f3k<\/h2>\n<p>Ez az \u00faj dugatty\u00fas hidraulikus henger egy \u00e9v garanci\u00e1val rendelkezik, megb\u00edzhat\u00f3 teljes\u00edtm\u00e9nyt \u00e9s tart\u00f3ss\u00e1got \u00edg\u00e9rve. A henger szabv\u00e1nyos szerkezet\u0171, hidraulikusan meghajtott \u00e9s robusztus ac\u00e9l testtel k\u00e9sz\u00fclt. Ez biztos\u00edtja, hogy ellen\u00e1lljon a neh\u00e9z ig\u00e9nybev\u00e9telnek an\u00e9lk\u00fcl, hogy a hat\u00e9konys\u00e1ga \u00e9s a hossz\u00fa \u00e9lettartama fel\u00e1ldoz\u00f3dna.<\/p>\n<h3>Alapvet\u0151 \u00f6sszetev\u0151k<\/h3>\n<p>Ennek a hidraulikus hengernek a f\u0151 alkot\u00f3elemei a csap\u00e1gy \u00e9s maga a hidraulikus henger. Ezek kulcsfontoss\u00e1g\u00fa alkatr\u00e9szek, amelyek jelent\u0151s szerepet j\u00e1tszanak a berendez\u00e9s \u00e1ltal\u00e1nos m\u0171k\u00f6d\u00e9s\u00e9ben \u00e9s hat\u00e9konys\u00e1g\u00e1ban.<\/p>\n<h3>Teljes\u00edtm\u00e9ny \u00e9s kapacit\u00e1s<\/h3>\n<p>A hidraulikus henger maxim\u00e1lis tol\u00f3ereje 3000 tonna, maxim\u00e1lis h\u00faz\u00f3ereje pedig 20 tonna, \u00edgy k\u00f6nnyed\u00e9n kezeli a neh\u00e9z terheket. H\u00f3eke hidraulikus hengerk\u00e9nt is haszn\u00e1lhat\u00f3, \u00edgy sokoldal\u00fa eszk\u00f6z sz\u00e1mos alkalmaz\u00e1shoz.<\/p>\n<h3>M\u00e9ret \u00e9s kialak\u00edt\u00e1s<\/h3>\n<p>A henger furat\u00e1tm\u00e9r\u0151je 2-6 h\u00fcvelyk, r\u00fad\u00e1tm\u00e9r\u0151je 1,125-4 h\u00fcvelyk, l\u00f6kethossza 4-100 h\u00fcvelyk, csapm\u00e9rete pedig 0,5-2 h\u00fcvelyk. G\/SAE\/NPT\/M csatlakoz\u00f3kkal rendelkezik, \u00e9s eleg\u00e1ns fekete sz\u00ednben kaphat\u00f3.<\/p>\n<h2>Az \u00e1ll\u00edthat\u00f3 kengyeles hengerek el\u0151nyei<\/h2>\n<p>Az \u00e1ll\u00edthat\u00f3 kengyeles hengerek, mint p\u00e9ld\u00e1ul a versenyk\u00e9pes \u00e1r\u00fa dugatty\u00fas hidraulikus hengerek, sz\u00e1mos k\u00fcl\u00f6n\u00e1ll\u00f3 el\u0151nyt k\u00edn\u00e1lnak k\u00fcl\u00f6nf\u00e9le alkalmaz\u00e1sokban. Ezeket a hengereket a prec\u00edzi\u00f3 \u00e9s a hat\u00e9konys\u00e1g szem el\u0151tt tart\u00e1s\u00e1val tervezt\u00e9k, lehet\u0151v\u00e9 t\u00e9ve az optim\u00e1lis teljes\u00edtm\u00e9nyt \u00e9s sokoldal\u00fas\u00e1got. Az al\u00e1bbiakban az \u00e1ll\u00edthat\u00f3 kengyeles hengerek haszn\u00e1lat\u00e1nak n\u00e9h\u00e1ny f\u0151 el\u0151ny\u00e9t ismertetj\u00fck:<\/p>\n<h3>1. Fokozott rugalmass\u00e1g<\/h3>\n<p>Az \u00e1ll\u00edthat\u00f3 kengyeles hengerek egyik f\u0151 el\u0151nye, hogy fokozott rugalmass\u00e1got biztos\u00edtanak a k\u00fcl\u00f6nb\u00f6z\u0151 \u00fczemi k\u00f6r\u00fclm\u00e9nyek k\u00f6z\u00f6tt. Az \u00e1ll\u00edthat\u00f3 kengyeles kialak\u00edt\u00e1s lehet\u0151v\u00e9 teszi a l\u00f6kethossz egyszer\u0171 testreszab\u00e1s\u00e1t \u00e9s be\u00e1ll\u00edt\u00e1s\u00e1t, \u00edgy a henger alkalmazkodik az adott ig\u00e9nyekhez. Ez a rugalmass\u00e1g biztos\u00edtja, hogy a henger sz\u00e9les k\u00f6rben haszn\u00e1lhat\u00f3 legyen, \u00edgy sokoldal\u00fa v\u00e1laszt\u00e1st k\u00edn\u00e1l a k\u00fcl\u00f6nb\u00f6z\u0151 ipar\u00e1gak sz\u00e1m\u00e1ra.<\/p>\n<h3>2. Kiv\u00e1l\u00f3 teherb\u00edr\u00e1s<\/h3>\n<p>Az \u00e1ll\u00edthat\u00f3 kengyeles hengerek egy m\u00e1sik figyelemre m\u00e9lt\u00f3 el\u0151nye a kiv\u00e1l\u00f3 teherb\u00edr\u00e1suk. Ezeket a hengereket neh\u00e9z terhek kezel\u00e9s\u00e9re \u00e9s kiv\u00e9teles er\u0151kifejt\u00e9sre tervezt\u00e9k. A versenyk\u00e9pes \u00e1r\u00fa, kett\u0151s m\u0171k\u00f6d\u00e9s\u0171 dugatty\u00fas hidraulikus henger k\u00fcl\u00f6n\u00f6sen nagy er\u0151ket k\u00e9pes gener\u00e1lni mind a kitol\u00e1si, mind a visszah\u00faz\u00e1si l\u00f6ketben, \u00edgy ide\u00e1lis olyan alkalmaz\u00e1sokhoz, amelyek jelent\u0151s teljes\u00edtm\u00e9nyt \u00e9s hat\u00e9konys\u00e1got ig\u00e9nyelnek.<\/p>\n<h3>3. Pontos pozicion\u00e1l\u00e1s<\/h3>\n<p>Az \u00e1ll\u00edthat\u00f3 kengyeles hengerek prec\u00edz pozicion\u00e1l\u00e1si k\u00e9pess\u00e9geikr\u0151l ismertek. A fejlett hidraulikus technol\u00f3gia haszn\u00e1lata lehet\u0151v\u00e9 teszi a pontos \u00e9s szab\u00e1lyozott mozg\u00e1sokat, biztos\u00edtva, hogy a henger prec\u00edz line\u00e1ris mozg\u00e1st \u00e9rjen el. Ez a pontoss\u00e1gi szint kulcsfontoss\u00e1g\u00fa azokban az alkalmaz\u00e1sokban, ahol pontos pozicion\u00e1l\u00e1sra van sz\u00fcks\u00e9g, p\u00e9ld\u00e1ul a robotik\u00e1ban, az automatiz\u00e1l\u00e1sban \u00e9s az anyagmozgat\u00f3 rendszerekben.<\/p>\n<h3>4. Tart\u00f3ss\u00e1g \u00e9s hossz\u00fa \u00e9lettartam<\/h3>\n<p>Az \u00e1ll\u00edthat\u00f3 kengyeles hengerek kiv\u00e1l\u00f3 min\u0151s\u00e9g\u0171 anyagokb\u00f3l k\u00e9sz\u00fclnek, \u00e9s szigor\u00fa tesztel\u00e9sen esnek \u00e1t a tart\u00f3ss\u00e1g \u00e9s a hossz\u00fa \u00e9lettartam biztos\u00edt\u00e1sa \u00e9rdek\u00e9ben. A versenyk\u00e9pes \u00e1r\u00fa, kett\u0151s m\u0171k\u00f6d\u00e9s\u0171 dugatty\u00fas hidraulikus hengert \u00fagy tervezt\u00e9k, hogy ellen\u00e1lljon a zord \u00fczemi k\u00f6r\u00fclm\u00e9nyeknek \u00e9s a nagy ig\u00e9nybev\u00e9tel\u0171 alkalmaz\u00e1soknak. A henger robusztus konstrukci\u00f3ja \u00e9s megb\u00edzhat\u00f3 t\u00f6m\u00edt\u0151rendszere hozz\u00e1j\u00e1rul a hosszabb \u00e9lettartamhoz, cs\u00f6kkentve a karbantart\u00e1si ig\u00e9nyt \u00e9s az \u00f6sszk\u00f6lts\u00e9geket.<\/p>\n<h3>5. Hat\u00e9kony energiafogyaszt\u00e1s<\/h3>\n<p>A hat\u00e9kony energiafogyaszt\u00e1s az \u00e1ll\u00edthat\u00f3 kengyeles hengerek egyik legfontosabb el\u0151nye. Ezeket a hengereket az energiavesztes\u00e9g minimaliz\u00e1l\u00e1s\u00e1ra \u00e9s az energiafelhaszn\u00e1l\u00e1s optimaliz\u00e1l\u00e1s\u00e1ra tervezt\u00e9k, ami jobb \u00f6sszhat\u00e1sfokot eredm\u00e9nyez. A versenyk\u00e9pes \u00e1r\u00fa, kett\u0151s m\u0171k\u00f6d\u00e9s\u0171 dugatty\u00fas hidraulikus henger fejlett hidraulikus kialak\u00edt\u00e1sa \u00e9s prec\u00edz vez\u00e9rl\u0151mechanizmusai hozz\u00e1j\u00e1rulnak energiatakar\u00e9kos k\u00e9pess\u00e9geihez, \u00edgy k\u00f6lts\u00e9ghat\u00e9kony v\u00e1laszt\u00e1st jelentenek a hossz\u00fa t\u00e1v\u00fa haszn\u00e1latra.<\/p>\n<h3>6. K\u00f6nny\u0171 telep\u00edt\u00e9s \u00e9s karbantart\u00e1s<\/h3>\n<p>Az \u00e1ll\u00edthat\u00f3 kengyeles hengereket a k\u00f6nny\u0171 telep\u00edt\u00e9s \u00e9s karbantart\u00e1s \u00e9rdek\u00e9ben tervezt\u00e9k. Kompakt kialak\u00edt\u00e1suk \u00e9s szabv\u00e1nyos\u00edtott r\u00f6gz\u00edt\u00e9si lehet\u0151s\u00e9geik leegyszer\u0171s\u00edtik a telep\u00edt\u00e9si folyamatot \u00e9s cs\u00f6kkentik az \u00e1ll\u00e1sid\u0151t. Ezenk\u00edv\u00fcl a henger modul\u00e1ris fel\u00e9p\u00edt\u00e9se lehet\u0151v\u00e9 teszi a bels\u0151 alkatr\u00e9szekhez val\u00f3 k\u00f6nny\u0171 hozz\u00e1f\u00e9r\u00e9st, ami gyors \u00e9s probl\u00e9mamentes karbantart\u00e1st tesz lehet\u0151v\u00e9.<\/p>\n<p>\u00d6sszefoglalva, az \u00e1ll\u00edthat\u00f3 kengyeles hengerek, mint p\u00e9ld\u00e1ul a versenyk\u00e9pes \u00e1r\u00fa, kett\u0151s m\u0171k\u00f6d\u00e9s\u0171 dugatty\u00fas hidraulikus hengerek, sz\u00e1mos el\u0151nnyel rendelkeznek sz\u00e9les alkalmaz\u00e1si k\u00f6rben. Fokozott rugalmass\u00e1guk, kiv\u00e1l\u00f3 teherb\u00edr\u00e1suk, prec\u00edz pozicion\u00e1l\u00e1si k\u00e9pess\u00e9g\u00fck, tart\u00f3ss\u00e1guk, hat\u00e9kony energiafogyaszt\u00e1suk, valamint az egyszer\u0171 telep\u00edt\u00e9s \u00e9s karbantart\u00e1s k\u00edv\u00e1natos v\u00e1laszt\u00e1ss\u00e1 teszi \u0151ket a megb\u00edzhat\u00f3 \u00e9s nagy teljes\u00edtm\u00e9ny\u0171 hidraulikus megold\u00e1sokat keres\u0151 ipar\u00e1gak sz\u00e1m\u00e1ra.<\/p>\n<h3>Az FMP hidraulikus hengerr\u0151l<\/h3>\n<p>Az FMP Olaszorsz\u00e1g vezet\u0151 v\u00e1llalata, amely \u00e9p\u00edt\u0151ipari g\u00e9palkatr\u00e9szek \u00e9s komplett g\u00e9pek \u00e9rt\u00e9kes\u00edt\u00e9s\u00e9re \u00e9s szervizel\u00e9s\u00e9re specializ\u00e1l\u00f3dott. Hidraulikus henger\u00fcnk az egyik legkelend\u0151bb term\u00e9k\u00fcnk, \u00e9s b\u00fcszk\u00e9k vagyunk kiv\u00e1l\u00f3 min\u0151s\u00e9g\u00e9re \u00e9s funkcionalit\u00e1s\u00e1ra. \u00cdme \u00f6t ok, ami\u00e9rt \u00e9rdemes az FMP hidraulikus hengert v\u00e1lasztania:<\/p>\n<ol>\n<li><strong>Pr\u00e9mium min\u0151s\u00e9g:<\/strong> Az FMP hidraulikus henger kiv\u00e1l\u00f3 min\u0151s\u00e9g\u0171 anyagokb\u00f3l k\u00e9sz\u00fcl, amelyek garant\u00e1lj\u00e1k a tart\u00f3ss\u00e1got \u00e9s a megb\u00edzhat\u00f3s\u00e1got. Anyagainkat megb\u00edzhat\u00f3 besz\u00e1ll\u00edt\u00f3kt\u00f3l szerezz\u00fck be, akik megfelelnek szigor\u00fa min\u0151s\u00e9gi el\u0151\u00edr\u00e1sainknak, biztos\u00edtva ezzel term\u00e9keink legmagasabb min\u0151s\u00e9g\u00e9t.<\/li>\n<li><strong>K\u00fcl\u00f6nb\u00f6z\u0151 specifik\u00e1ci\u00f3k:<\/strong> Hidraulikus hengereink k\u00fcl\u00f6nb\u00f6z\u0151 m\u00e9retekben \u00e9s specifik\u00e1ci\u00f3kban kaphat\u00f3k, hogy megfeleljenek az \u00d6n egyedi ig\u00e9nyeinek. Sz\u00e9les term\u00e9kv\u00e1laszt\u00e9kot k\u00edn\u00e1lunk, bele\u00e9rtve az \u00e1ll\u00edthat\u00f3 kengyeles hengereket, a h\u00faz\u00f3rudas \u00e9s a hegesztett hidraulikus hengereket.<\/li>\n<li><strong>Szakmai konzult\u00e1ci\u00f3:<\/strong> Tapasztalt \u00e9rt\u00e9kes\u00edt\u00e9si csapatunk j\u00e1rtas az \u00e9p\u00edt\u0151ipari g\u00e9piparban, \u00e9s professzion\u00e1lis term\u00e9ktan\u00e1csad\u00e1st tud ny\u00fajtani \u00d6nnek. Seg\u00edt\u00fcnk meghat\u00e1rozni, hogy melyik hidraulikus henger alkalmas az \u00d6n projektj\u00e9hez, biztos\u00edtva, hogy megalapozott d\u00f6nt\u00e9st hozhasson.<\/li>\n<li><strong>Hat\u00e9kony logisztika:<\/strong> Meg\u00e9rtj\u00fck, hogy az id\u0151 s\u00fcrget, ez\u00e9rt hat\u00e9kony logisztikai eloszt\u00e1si rendszerrel rendelkez\u00fcnk. Gondoskodunk arr\u00f3l, hogy a hidraulikus henger id\u0151ben \u00e9s pontosan meg\u00e9rkezzen \u00d6nh\u00f6z.<\/li>\n<li><strong>Kiv\u00e1l\u00f3 \u00fcgyf\u00e9lszolg\u00e1lat:<\/strong> Az FMP-n\u00e9l nagyra \u00e9rt\u00e9kelj\u00fck \u00fcgyfeleinket, \u00e9s kiv\u00e1l\u00f3 \u00fcgyf\u00e9lszolg\u00e1latra t\u00f6reksz\u00fcnk. Elk\u00f6telezettek vagyunk az elv\u00e1r\u00e1sai teljes\u00edt\u00e9se \u00e9s t\u00falsz\u00e1rnyal\u00e1sa ir\u00e1nt, \u00e9s mindig k\u00e9szen \u00e1llunk, hogy seg\u00edts\u00fcnk b\u00e1rmilyen k\u00e9rd\u00e9s vagy agg\u00e1ly eset\u00e9n.<\/li>\n<\/ol>\n<p>Az FMP-n\u00e9l b\u00fcszk\u00e9k vagyunk arra, hogy \u00fcgyfeleinknek kiv\u00e1l\u00f3 min\u0151s\u00e9g\u0171 \u00e9s megb\u00edzhat\u00f3 hidraulikus henger megold\u00e1sokat k\u00edn\u00e1lunk. Term\u00e9keinket \u00e9s szolg\u00e1ltat\u00e1sainkat t\u00f6bb \u00e9ves ipar\u00e1gi tapasztalat \u00e9s professzion\u00e1lis csapat t\u00e1mogatja. V\u00e1lassza az FMP hidraulikus hengert a k\u00f6vetkez\u0151 projektj\u00e9hez, \u00e9s tapasztalja meg a k\u00fcl\u00f6nbs\u00e9get.<\/p>\n<p><img decoding=\"async\" src=\"https:\/\/fmp-components.com\/wp-content\/uploads\/2024\/12\/Adjustable-Clevis-Type-Cylinders-6.webp\" alt=\"\u00c1ll\u00edthat\u00f3 kengyeles henger\" width=\"823\" title=\"\"><\/p>\n<h2>Mi\u00e9rt v\u00e1lassza dugatty\u00fas hidraulikus henger\u00fcnket?<\/h2>\n<p>Kett\u0151s m\u0171k\u00f6d\u00e9s\u0171 dugatty\u00fas hidraulikus henger\u00fcnk versenyk\u00e9pes \u00e1rat k\u00edn\u00e1l a term\u00e9k min\u0151s\u00e9g\u00e9nek \u00e9s megb\u00edzhat\u00f3s\u00e1g\u00e1nak fel\u00e1ldoz\u00e1sa n\u00e9lk\u00fcl. Elk\u00f6telezettek vagyunk \u00fcgyfeleink ig\u00e9nyeinek kiel\u00e9g\u00edt\u00e9se ir\u00e1nt, tart\u00f3s, hat\u00e9kony \u00e9s megb\u00edzhat\u00f3 term\u00e9keket biztos\u00edtva sz\u00e1mukra.<\/p>\n<p>Javasoljuk, hogy fedezze fel term\u00e9k\u00fcnket, \u00e9s gy\u0151z\u0151dj\u00f6n meg r\u00f3la saj\u00e1t szem\u00e9vel, milyen v\u00e1ltoz\u00e1st hozhat m\u0171k\u00f6d\u00e9s\u00e9ben. Versenyk\u00e9pes \u00e1rainkkal \u00e9s kiv\u00e1l\u00f3 min\u0151s\u00e9g\u0171 term\u00e9keinkkel biztosak vagyunk benne, hogy megtal\u00e1lja az \u00d6n \u00e1ltal keresett \u00e9rt\u00e9ket \u00e9s teljes\u00edtm\u00e9nyt.<\/p>\n<h2>Gyakran ism\u00e9telt k\u00e9rd\u00e9sek<\/h2>\n<h3>K: Mennyi a sz\u00e1ll\u00edt\u00e1si id\u0151?<\/h3>\n<p>V: A tipikus sz\u00e1ll\u00edt\u00e1si id\u0151 25-35 nap.<\/p>\n<h3>K: Biztos\u00edtanak mint\u00e1kat? Ingyenes vagy k\u00fcl\u00f6n fizetend\u0151?<\/h3>\n<p>V: Igen, biztos\u00edtunk mint\u00e1kat, de nem ingyenesek.<\/p>\n<h3>K: Tudsz-e a mint\u00e1k szerint gy\u00e1rtani?<\/h3>\n<p>V: Igen, a mint\u00e1k vagy m\u0171szaki rajzok alapj\u00e1n tudunk gy\u00e1rtani. \u00d6nt\u0151form\u00e1k \u00e9s szerelv\u00e9nyek gy\u00e1rt\u00e1s\u00e1ra is k\u00e9pesek vagyunk.<\/p>\n<p><img decoding=\"async\" title=\"H\u00f3eke hidraulikus henger\" src=\"https:\/\/hzpt.com\/wp-content\/uploads\/2023\/11\/Snow-Plow-Hydraulic-Cylinder-3.webp\" alt=\"H\u00f3eke hidraulikus henger\" \/><\/p>\n<p>Szerz\u0151: CX<\/p>","protected":false},"excerpt":{"rendered":"<p>Introducing Competitive Price Piston Hydraulic Cylinder Double Acting: The Competitive Price Piston Hydraulic Cylinder Double Acting is a high-quality product designed for various industrial applications. This hydraulic cylinder is manufactured using advanced technology and premium materials, ensuring durability and reliability. Featuring a piston design, this hydraulic cylinder offers smooth and precise movement, allowing for efficient [&hellip;]<\/p>","protected":false},"featured_media":1491,"comment_status":"closed","ping_status":"closed","template":"","meta":{"_et_pb_use_builder":"","_et_pb_old_content":"","_et_gb_content_width":""},"product_brand":[],"product_cat":[42],"product_tag":[34,44],"class_list":{"0":"post-1490","1":"product","2":"type-product","3":"status-publish","4":"has-post-thumbnail","6":"product_cat-snow-plow-hydraulic-cylinder","7":"product_tag-hydraulic-cylinder","8":"product_tag-snow-plow-hydraulic-cylinder","10":"first","11":"instock","12":"product-type-simple"},"_links":{"self":[{"href":"https:\/\/fmp-components.com\/hu\/wp-json\/wp\/v2\/product\/1490","targetHints":{"allow":["GET"]}}],"collection":[{"href":"https:\/\/fmp-components.com\/hu\/wp-json\/wp\/v2\/product"}],"about":[{"href":"https:\/\/fmp-components.com\/hu\/wp-json\/wp\/v2\/types\/product"}],"replies":[{"embeddable":true,"href":"https:\/\/fmp-components.com\/hu\/wp-json\/wp\/v2\/comments?post=1490"}],"wp:featuredmedia":[{"embeddable":true,"href":"https:\/\/fmp-components.com\/hu\/wp-json\/wp\/v2\/media\/1491"}],"wp:attachment":[{"href":"https:\/\/fmp-components.com\/hu\/wp-json\/wp\/v2\/media?parent=1490"}],"wp:term":[{"taxonomy":"product_brand","embeddable":true,"href":"https:\/\/fmp-components.com\/hu\/wp-json\/wp\/v2\/product_brand?post=1490"},{"taxonomy":"product_cat","embeddable":true,"href":"https:\/\/fmp-components.com\/hu\/wp-json\/wp\/v2\/product_cat?post=1490"},{"taxonomy":"product_tag","embeddable":true,"href":"https:\/\/fmp-components.com\/hu\/wp-json\/wp\/v2\/product_tag?post=1490"}],"curies":[{"name":"munkaf\u00fczet","href":"https:\/\/api.w.org\/{rel}","templated":true}]}}