{"id":1488,"date":"2024-12-23T05:50:37","date_gmt":"2024-12-23T05:50:37","guid":{"rendered":"https:\/\/fmp-components.com\/product\/customized-double-effect-stainless-steel-hydraulic-ram-cylinder\/"},"modified":"2025-05-10T12:28:50","modified_gmt":"2025-05-10T12:28:50","slug":"customized-double-effect-stainless-steel-hydraulic-ram-cylinder","status":"publish","type":"product","link":"https:\/\/fmp-components.com\/hu\/product\/customized-double-effect-stainless-steel-hydraulic-ram-cylinder\/","title":{"rendered":"Testreszabott kett\u0151s hat\u00e1s\u00fa rozsdamentes ac\u00e9l hidraulikus henger"},"content":{"rendered":"<h2>Testreszabott kett\u0151s hat\u00e1s\u00fa rozsdamentes ac\u00e9l hidraulikus henger<\/h2>\n<p>Bemutatkozik a testreszabott kett\u0151s hat\u00e1s\u00fa rozsdamentes ac\u00e9l hidraulikus dugatty\u00fas henger:<\/p>\n<p>A testreszabott, kett\u0151s hat\u00e1s\u00fa rozsdamentes ac\u00e9l hidraulikus dugatty\u00fas henger egy kiv\u00e1l\u00f3 min\u0151s\u00e9g\u0171 term\u00e9k, amelyet optim\u00e1lis teljes\u00edtm\u00e9nyre terveztek k\u00fcl\u00f6nf\u00e9le ipari alkalmaz\u00e1sokban. Ez a hidraulikus dugatty\u00fas henger tart\u00f3s rozsdamentes ac\u00e9lb\u00f3l k\u00e9sz\u00fclt, ami biztos\u00edtja a hossz\u00fa \u00e9lettartam\u00e1t \u00e9s a korr\u00f3zi\u00f3\u00e1ll\u00f3s\u00e1g\u00e1t.<\/p>\n<p>Kett\u0151s hat\u00e1smechanizmus\u00e1nak k\u00f6sz\u00f6nhet\u0151en ez a henger hat\u00e9kony \u00e9s megb\u00edzhat\u00f3 m\u0171k\u00f6d\u00e9st biztos\u00edt. A kett\u0151s m\u0171k\u00f6d\u00e9s\u0171 funkci\u00f3 lehet\u0151v\u00e9 teszi a dugatty\u00fa kiny\u00fal\u00e1s\u00e1t \u00e9s visszah\u00faz\u00e1s\u00e1t is, n\u00f6velve a termel\u00e9kenys\u00e9get \u00e9s cs\u00f6kkentve az \u00e1ll\u00e1sid\u0151t. Ez ide\u00e1lis v\u00e1laszt\u00e1ss\u00e1 teszi az ig\u00e9nyes feladatokhoz, amelyek prec\u00edz vez\u00e9rl\u00e9st \u00e9s sima m\u0171k\u00f6d\u00e9st ig\u00e9nyelnek.<\/p>\n<p>A testreszabott, kett\u0151s hat\u00e1s\u00fa, rozsdamentes ac\u00e9l hidraulikus dugatty\u00fas munkahengert \u00fagy tervezt\u00e9k, hogy kiv\u00e9teles teljes\u00edtm\u00e9nyt ny\u00fajtson nagy nyom\u00e1s alatt. Robusztus konstrukci\u00f3ja \u00e9s fejlett t\u00f6m\u00edt\u00e9stechnol\u00f3gi\u00e1ja minim\u00e1lis sziv\u00e1rg\u00e1st \u00e9s fokozott biztons\u00e1got biztos\u00edt m\u0171k\u00f6d\u00e9s k\u00f6zben.<\/p>\n<p>Ez a hidraulikus munkahenger nagym\u00e9rt\u00e9kben testreszabhat\u00f3, hogy megfeleljen az adott ig\u00e9nyeknek. K\u00fcl\u00f6nb\u00f6z\u0151 m\u00e9retekben \u00e9s l\u00f6kethosszakban kaphat\u00f3, \u00edgy k\u00f6nnyen integr\u00e1lhat\u00f3 k\u00fcl\u00f6nb\u00f6z\u0151 hidraulikus rendszerekbe. Ezenk\u00edv\u00fcl testreszabhat\u00f3, hogy megfeleljen az adott nyom\u00e1s- \u00e9s h\u0151m\u00e9rs\u00e9klet-tartom\u00e1nyoknak, \u00edgy sz\u00e9les k\u00f6r\u0171 alkalmaz\u00e1sokhoz alkalmas az ipar\u00e1gakban.<\/p>\n<p>\u00d6sszefoglalva, a testreszabott kett\u0151s hat\u00e1s\u00fa rozsdamentes ac\u00e9l hidraulikus dugatty\u00fas munkahenger tart\u00f3ss\u00e1got, hat\u00e9konys\u00e1got \u00e9s sokoldal\u00fas\u00e1got k\u00edn\u00e1l. Kiv\u00e1l\u00f3 teljes\u00edtm\u00e9nye \u00e9s testreszabhat\u00f3 tulajdons\u00e1gai ide\u00e1lis v\u00e1laszt\u00e1ss\u00e1 teszik olyan ipari alkalmaz\u00e1sokhoz, ahol a megb\u00edzhat\u00f3s\u00e1g \u00e9s a pontoss\u00e1g kiemelked\u0151 fontoss\u00e1g\u00fa.<\/p>\n<h2>Testreszabott kett\u0151s hat\u00e1s\u00fa rozsdamentes ac\u00e9l hidraulikus dugatty\u00fas henger neh\u00e9zg\u00e9pekhez<\/h2>\n<p>Bemutatjuk az \u00faj \u00e9s fejlett, testreszabott, kett\u0151s hat\u00e1s\u00fa rozsdamentes ac\u00e9l hidraulikus dugatty\u00fas munkahengert, amely a legjobb megold\u00e1s a neh\u00e9zg\u00e9pek ig\u00e9nyeihez. Ez a cs\u00facstechnol\u00f3gi\u00e1s hidraulikus henger kiv\u00e1l\u00f3 min\u0151s\u00e9g\u0171 ac\u00e9lb\u00f3l k\u00e9sz\u00fclt, biztos\u00edtva a maxim\u00e1lis tart\u00f3ss\u00e1got \u00e9s hat\u00e9konys\u00e1got. Kett\u0151s hat\u00e1s\u00e1nak k\u00f6sz\u00f6nhet\u0151en z\u00f6kken\u0151mentes m\u0171k\u00f6d\u00e9st biztos\u00edt g\u00e9pjav\u00edt\u00f3 m\u0171helyekben, mez\u0151gazdas\u00e1gi \u00fczemekben, energia- \u00e9s b\u00e1ny\u00e1szati \u200b\u200bszektorokban, g\u00e9pgy\u00e1rt\u00e1sban \u00e9s gy\u00e1rakban.<\/p>\n<h2>Term\u00e9k kiemelt jellemz\u0151i<\/h2>\n<ul>\n<li>\u00c1llapot: \u00daj<\/li>\n<li>Garancia: 1 \u00e9v<\/li>\n<li>S\u00faly: 11 kg<\/li>\n<li>Max. tol\u00f3er\u0151: 3000<\/li>\n<li>T\u00edpus: H\u00f3eke hidraulikus hengerek<\/li>\n<li>Max. h\u00faz\u00f3er\u0151: 20 tonna<\/li>\n<li>Tan\u00fas\u00edtv\u00e1ny: ISO9001:2000<\/li>\n<li>Sz\u00edn: Fekete<\/li>\n<\/ul>\n<h2>P\u00e1ratlan min\u0151s\u00e9g \u00e9s hat\u00e9konys\u00e1g<\/h2>\n<p>Testreszabott, kett\u0151s hat\u00e1s\u00fa, rozsdamentes ac\u00e9l hidraulikus dugatty\u00fas henger\u00fcnkre leny\u0171g\u00f6z\u0151 1 \u00e9v garanci\u00e1t v\u00e1llalunk, \u00edgy biztos\u00edtva, hogy a lehet\u0151 legjobb \u00e1r-\u00e9rt\u00e9k ar\u00e1nyt kapja. F\u0151 alkot\u00f3elemei egy csap\u00e1gy \u00e9s egy hidraulikus henger, \u00edgy szabv\u00e1nyos dugatty\u00fas henger szerkezettel rendelkezik. Ez a term\u00e9k maxim\u00e1lis tol\u00f3ereje 3000, \u00edgy megb\u00edzhat\u00f3 v\u00e1laszt\u00e1s nagy ig\u00e9nybev\u00e9tel\u0171 m\u0171veletekhez.<\/p>\n<h2>Az \u00e1ll\u00edthat\u00f3 kengyeles hengerek el\u0151nyei<\/h2>\n<p>Az \u00e1ll\u00edthat\u00f3 kengyeles hengerek, m\u00e1s n\u00e9ven hidraulikus dugatty\u00fas hengerek, kulcsfontoss\u00e1g\u00fa alkatr\u00e9szek a neh\u00e9zg\u00e9peket \u00e9s berendez\u00e9seket haszn\u00e1l\u00f3 ipar\u00e1gakban. Ezek a hengerek sz\u00e1mos el\u0151nnyel rendelkeznek m\u00e1s t\u00edpus\u00fa hengerekkel szemben, \u00edgy n\u00e9pszer\u0171 v\u00e1laszt\u00e1snak bizonyulnak sz\u00e1mos alkalmaz\u00e1sban. Ebben a blogbejegyz\u00e9sben r\u00e9szletesen megvizsg\u00e1ljuk az \u00e1ll\u00edthat\u00f3 kengyeles hengerek el\u0151nyeit.<\/p>\n<h3>1. Fokozott rugalmass\u00e1g \u00e9s testreszabhat\u00f3s\u00e1g<\/h3>\n<p>Az \u00e1ll\u00edthat\u00f3 kengyeles hengerek egyik legfontosabb el\u0151nye a fokozott rugalmass\u00e1g \u00e9s a testreszab\u00e1si lehet\u0151s\u00e9gek. Ezeket a hengereket \u00fagy tervezt\u00e9k, hogy \u00e1ll\u00edthat\u00f3ak legyenek, lehet\u0151v\u00e9 t\u00e9ve a prec\u00edz pozicion\u00e1l\u00e1st \u00e9s be\u00e1ll\u00edt\u00e1st k\u00fcl\u00f6nb\u00f6z\u0151 alkalmaz\u00e1sokban. Ez az \u00e1ll\u00edthat\u00f3s\u00e1gi funkci\u00f3 lehet\u0151v\u00e9 teszi a kezel\u0151k sz\u00e1m\u00e1ra, hogy optimaliz\u00e1lj\u00e1k az \u00e1ltaluk haszn\u00e1lt g\u00e9pek teljes\u00edtm\u00e9ny\u00e9t \u00e9s hat\u00e9konys\u00e1g\u00e1t, ami jobb termel\u00e9kenys\u00e9get \u00e9s cs\u00f6kkentett \u00e1ll\u00e1sid\u0151t eredm\u00e9nyez.<\/p>\n<p>Az \u00e1ll\u00edthat\u00f3 kengyeles hengerek tov\u00e1bbi jelent\u0151s el\u0151nye a testreszabhat\u00f3s\u00e1g. Ezek a hengerek testreszabhat\u00f3k az olyan speci\u00e1lis k\u00f6vetelm\u00e9nyeknek megfelel\u0151en, mint a m\u00e9ret, a l\u00f6kethossz \u00e9s a r\u00f6gz\u00edt\u00e9si lehet\u0151s\u00e9gek. A henger testreszabhat\u00f3s\u00e1ga biztos\u00edtja a kompatibilit\u00e1st a k\u00fcl\u00f6nb\u00f6z\u0151 berendez\u00e9sekkel \u00e9s rendszerekkel, \u00edgy sokoldal\u00fa v\u00e1laszt\u00e1si lehet\u0151s\u00e9get k\u00edn\u00e1l a k\u00fcl\u00f6nb\u00f6z\u0151 ipar\u00e1gak sz\u00e1m\u00e1ra.<\/p>\n<h3>2. Kett\u0151s hat\u00e1s\u00fa kialak\u00edt\u00e1s a hat\u00e9kony m\u0171k\u00f6d\u00e9s \u00e9rdek\u00e9ben<\/h3>\n<p>Az \u00e1ll\u00edthat\u00f3 kengyeles hengerek jellemz\u0151en kett\u0151s hat\u00e1smechanizmussal vannak ell\u00e1tva, ami hat\u00e9kony m\u0171k\u00f6d\u00e9st \u00e9s jobb teljes\u00edtm\u00e9nyt tesz lehet\u0151v\u00e9. Ez a kialak\u00edt\u00e1s lehet\u0151v\u00e9 teszi a henger mind a kiny\u00fajt\u00e1s\u00e1t, mind a visszah\u00faz\u00e1s\u00e1t, biztos\u00edtva a kiegyens\u00falyozott \u00e9s szab\u00e1lyozott mozg\u00e1st. A kett\u0151s hat\u00e1s\u00fa kialak\u00edt\u00e1s kik\u00fcsz\u00f6b\u00f6li a k\u00fcls\u0151 er\u0151k vagy a k\u00e9zi be\u00e1ll\u00edt\u00e1sok sz\u00fcks\u00e9gess\u00e9g\u00e9t, \u00edgy a henger megb\u00edzhat\u00f3bb \u00e9s k\u00f6nnyebben kezelhet\u0151.<\/p>\n<p>Ezenk\u00edv\u00fcl ezeknek a hengereknek a kett\u0151s hat\u00e1s\u00fa kialak\u00edt\u00e1sa nagyobb er\u0151kifejt\u00e9st biztos\u00edt az egyhat\u00e1s\u00fa hengerekhez k\u00e9pest. Ez a megn\u00f6velt er\u0151 alkalmass\u00e1 teszi az \u00e1ll\u00edthat\u00f3 kengyeles hengereket nagy ig\u00e9nybev\u00e9tel\u0171 alkalmaz\u00e1sokhoz, amelyek jelent\u0151s terhek emel\u00e9s\u00e9t vagy tol\u00e1s\u00e1t ig\u00e9nylik. Ezeknek a hengereknek a hat\u00e9kony m\u0171k\u00f6d\u00e9se n\u00f6veli az \u00e1ltal\u00e1nos termel\u00e9kenys\u00e9get, \u00e9s biztos\u00edtja a neh\u00e9z feladatok sikeres elv\u00e9gz\u00e9s\u00e9t.<\/p>\n<h3>3. Kiv\u00e1l\u00f3 min\u0151s\u00e9g\u0171 rozsdamentes ac\u00e9l konstrukci\u00f3<\/h3>\n<p>Az \u00e1ll\u00edthat\u00f3 kengyeles hengerek kiv\u00e1l\u00f3 min\u0151s\u00e9g\u0171 rozsdamentes ac\u00e9l anyagokb\u00f3l k\u00e9sz\u00fclnek, amelyek sz\u00e1mos el\u0151nnyel j\u00e1rnak a tart\u00f3ss\u00e1g \u00e9s a korr\u00f3zi\u00f3\u00e1ll\u00f3s\u00e1g tekintet\u00e9ben. A rozsdamentes ac\u00e9l kiv\u00e9teles szil\u00e1rds\u00e1g\u00e1r\u00f3l \u00e9s kop\u00e1s\u00e1ll\u00f3s\u00e1g\u00e1r\u00f3l ismert, \u00edgy ide\u00e1lis a kih\u00edv\u00e1st jelent\u0151 munkak\u00f6rnyezetekhez.<\/p>\n<p>Az \u00e1ll\u00edthat\u00f3 kengyeles hengerek gy\u00e1rt\u00e1s\u00e1ban rozsdamentes ac\u00e9l felhaszn\u00e1l\u00e1s\u00e1val a gy\u00e1rt\u00f3k biztos\u00edtj\u00e1k, hogy ezek a hengerek ellen\u00e1lljanak a zord k\u00f6r\u00fclm\u00e9nyeknek, p\u00e9ld\u00e1ul a sz\u00e9ls\u0151s\u00e9ges h\u0151m\u00e9rs\u00e9kleteknek, a vegyszereknek val\u00f3 kitetts\u00e9gnek \u00e9s az er\u0151s rezg\u00e9seknek. Ez a tart\u00f3ss\u00e1g meghosszabb\u00edtja a hengerek \u00e9lettartam\u00e1t \u00e9s cs\u00f6kkenti a karbantart\u00e1si ig\u00e9nyt, ami k\u00f6lts\u00e9gmegtakar\u00edt\u00e1st eredm\u00e9nyez a kezel\u0151k sz\u00e1m\u00e1ra.<\/p>\n<h3>4. Fokozott biztons\u00e1g \u00e9s megb\u00edzhat\u00f3s\u00e1g<\/h3>\n<p>Az \u00e1ll\u00edthat\u00f3 kengyeles hengerek a biztons\u00e1got \u00e9s a megb\u00edzhat\u00f3s\u00e1got helyezik el\u0151t\u00e9rbe, \u00edgy kritikus alkalmaz\u00e1sokban el\u0151nyben r\u00e9szes\u00edtik \u0151ket. Ezeket a hengereket fejlett biztons\u00e1gi funkci\u00f3kkal, p\u00e9ld\u00e1ul t\u00falterhel\u00e9sv\u00e9delemmel \u00e9s v\u00e9szle\u00e1ll\u00edt\u00f3 mechanizmusokkal tervezt\u00e9k, hogy megel\u0151zz\u00e9k a baleseteket \u00e9s a berendez\u00e9s k\u00e1rosod\u00e1s\u00e1t.<\/p>\n<p>Tov\u00e1bb\u00e1 az \u00e1ll\u00edthat\u00f3 kengyeles hengerek \u00e1ltal k\u00edn\u00e1lt prec\u00edz vez\u00e9rl\u00e9s \u00e9s pozicion\u00e1l\u00e1s hozz\u00e1j\u00e1rul a g\u00e9p \u00e1ltal\u00e1nos biztons\u00e1g\u00e1hoz. A kezel\u0151k pontosan be\u00e1ll\u00edthatj\u00e1k a henger l\u00f6kethossz\u00e1t \u00e9s sebess\u00e9g\u00e9t, biztos\u00edtva a sima \u00e9s kontroll\u00e1lt mozg\u00e1sokat. Ez a szint\u0171 vez\u00e9rl\u00e9s minimaliz\u00e1lja a hirtelen r\u00e1ngat\u00e1sok vagy v\u00e1ratlan mozg\u00e1sok kock\u00e1zat\u00e1t, amelyek vesz\u00e9lyeztethetik a kezel\u0151k \u00e9s a k\u00f6rnyez\u0151 szem\u00e9lyzet biztons\u00e1g\u00e1t.<\/p>\n<p>\u00d6sszefoglalva, az \u00e1ll\u00edthat\u00f3 kengyeles hengerek el\u0151nyei kiv\u00e1l\u00f3 v\u00e1laszt\u00e1ss\u00e1 teszik \u0151ket sz\u00e1mos ipar\u00e1g sz\u00e1m\u00e1ra. A rugalmass\u00e1g, a testreszab\u00e1si lehet\u0151s\u00e9gek, a hat\u00e9kony m\u0171k\u00f6d\u00e9s, a kiv\u00e1l\u00f3 min\u0151s\u00e9g\u0171 konstrukci\u00f3 \u00e9s a fokozott biztons\u00e1g, amelyet k\u00edn\u00e1lnak, hozz\u00e1j\u00e1rulnak a berendez\u00e9sek teljes\u00edtm\u00e9ny\u00e9nek, termel\u00e9kenys\u00e9g\u00e9nek \u00e9s \u00e1ltal\u00e1nos m\u0171k\u00f6d\u00e9si hat\u00e9konys\u00e1g\u00e1nak javul\u00e1s\u00e1hoz. Egyedi tulajdons\u00e1gaiknak \u00e9s k\u00e9pess\u00e9geiknek k\u00f6sz\u00f6nhet\u0151en az \u00e1ll\u00edthat\u00f3 kengyeles hengerek \u00e9rt\u00e9kes elemei a modern ipari k\u00f6rnyezetnek.<\/p>\n<h3>Az FMP hidraulikus hengerr\u0151l<\/h3>\n<p>Az FMP a kiv\u00e1l\u00f3 min\u0151s\u00e9g\u0171 hidraulikus hengerek vezet\u0151 sz\u00e1ll\u00edt\u00f3ja \u00e9p\u00edt\u0151ipari g\u00e9pekhez. Term\u00e9keink tart\u00f3ss\u00e1gukr\u00f3l, megb\u00edzhat\u00f3s\u00e1gukr\u00f3l \u00e9s kiv\u00e1l\u00f3 teljes\u00edtm\u00e9ny\u00fckr\u0151l ismertek. \u00cdme n\u00e9h\u00e1ny ok, ami\u00e9rt az FMP hidraulikus hengert kellene v\u00e1lasztania \u00e9p\u00edt\u0151ipari g\u00e9peihez:<\/p>\n<p>1. Min\u0151s\u00e9g: Hidraulikus hengereink kiv\u00e1l\u00f3 min\u0151s\u00e9g\u0171 anyagokb\u00f3l k\u00e9sz\u00fclnek, amelyek biztos\u00edtj\u00e1k a hossz\u00fa t\u00e1v\u00fa tart\u00f3ss\u00e1gukat \u00e9s a kiv\u00e1l\u00f3 teljes\u00edtm\u00e9ny\u00fcket.<\/p>\n<p>2. Sz\u00e9les term\u00e9kv\u00e1laszt\u00e9k: Az FMP k\u00fcl\u00f6nf\u00e9le hidraulikus hengereket k\u00edn\u00e1l k\u00fcl\u00f6nb\u00f6z\u0151 t\u00edpus\u00fa \u00e9p\u00edt\u0151ipari g\u00e9pekhez, bele\u00e9rtve az \u00e1ll\u00edthat\u00f3 kengyeles hengereket (l\u00e1sd az al\u00e1bbi k\u00e9pet), a rudas hengereket, a hegesztett hengereket \u00e9s sok m\u00e1st.<\/p>\n<p><img decoding=\"async\" src=\"https:\/\/fmp-components.com\/wp-content\/uploads\/2024\/12\/Adjustable-Clevis-Type-Cylinders-6.webp\" alt=\"\u00c1ll\u00edthat\u00f3 kengyeles henger\" width=\"822\" title=\"\"><\/p>\n<p>3. Versenyk\u00e9pes \u00e1rak: Az FMP rendk\u00edv\u00fcl versenyk\u00e9pes \u00e1ron k\u00edn\u00e1lja term\u00e9keit, \u00edgy azok sz\u00e9les \u00fcgyf\u00e9lk\u00f6r sz\u00e1m\u00e1ra el\u00e9rhet\u0151ek.<\/p>\n<p>4. Professzion\u00e1lis csapat: Tapasztalt \u00e9rt\u00e9kes\u00edt\u00e9si csapatunk j\u00e1rtas az \u00e9p\u00edt\u0151ipari g\u00e9piparban, \u00e9s szak\u00e9rt\u0151i tan\u00e1csokkal, valamint t\u00e1mogat\u00e1ssal tud szolg\u00e1lni az \u00fcgyfelek sz\u00e1m\u00e1ra.<\/p>\n<p>5. Hat\u00e9kony logisztika: J\u00f3l ki\u00e9p\u00edtett logisztikai eloszt\u00e1si rendszerrel rendelkez\u00fcnk, amely biztos\u00edtja a term\u00e9kek id\u0151ben \u00e9s pontos kisz\u00e1ll\u00edt\u00e1s\u00e1t az \u00fcgyfelekhez.<\/p>\n<p>\u00d6sszefoglalva, az FMP hidraulikus henger megb\u00edzhat\u00f3 \u00e9s hiteles v\u00e1laszt\u00e1s minden \u00e9p\u00edt\u0151ipari g\u00e9pig\u00e9ny\u00e9hez. L\u00e9pjen kapcsolatba vel\u00fcnk m\u00e9g ma, hogy t\u00f6bbet megtudjon term\u00e9keinkr\u0151l \u00e9s szolg\u00e1ltat\u00e1sainkr\u00f3l.<\/p>\n<h2>GYIK<\/h2>\n<h3>K: Kereskedelmi v\u00e1llalat vagy gy\u00e1rt\u00f3?<\/h3>\n<p>V: Gy\u00e1r vagyunk, amely hidraulikus hengerek \u00e9s mez\u0151gazdas\u00e1gi g\u00e9pek alkatr\u00e9szeinek gy\u00e1rt\u00e1s\u00e1ra szakosodott.<\/p>\n<h3>K: Mennyi a sz\u00e1ll\u00edt\u00e1si id\u0151?<\/h3>\n<p>V: \u00c1ltal\u00e1ban a sz\u00e1ll\u00edt\u00e1si id\u0151nk 25-35 nap k\u00f6z\u00f6tt van.<\/p>\n<h3>K: Mint\u00e1kat is biztos\u00edtanak?<\/h3>\n<p>V: Igen, biztos\u00edtunk mint\u00e1kat, de ezek nem ingyenesek.<\/p>\n<p>Szerz\u0151: CX<\/p>","protected":false},"excerpt":{"rendered":"<p>Testreszabott, kett\u0151s hat\u00e1s\u00fa, rozsdamentes ac\u00e9l hidraulikus dugatty\u00fas henger Bemutatjuk a testreszabott, kett\u0151s hat\u00e1s\u00fa, rozsdamentes ac\u00e9l hidraulikus dugatty\u00fas hengert: A testreszabott, kett\u0151s hat\u00e1s\u00fa, rozsdamentes ac\u00e9l hidraulikus dugatty\u00fas henger egy kiv\u00e1l\u00f3 min\u0151s\u00e9g\u0171 term\u00e9k, amelyet az optim\u00e1lis teljes\u00edtm\u00e9nyre terveztek k\u00fcl\u00f6nf\u00e9le ipari alkalmaz\u00e1sokban. Ez a hidraulikus dugatty\u00fas henger tart\u00f3s rozsdamentes ac\u00e9lb\u00f3l k\u00e9sz\u00fcl, ami biztos\u00edtja a hossz\u00fa \u00e9lettartam\u00e1t \u00e9s az ellen\u00e1ll\u00e1s\u00e1t [\u2026]<\/p>","protected":false},"featured_media":1489,"comment_status":"closed","ping_status":"closed","template":"","meta":{"_et_pb_use_builder":"","_et_pb_old_content":"","_et_gb_content_width":""},"product_brand":[],"product_cat":[42],"product_tag":[34,44],"class_list":{"0":"post-1488","1":"product","2":"type-product","3":"status-publish","4":"has-post-thumbnail","6":"product_cat-snow-plow-hydraulic-cylinder","7":"product_tag-hydraulic-cylinder","8":"product_tag-snow-plow-hydraulic-cylinder","10":"first","11":"instock","12":"product-type-simple"},"_links":{"self":[{"href":"https:\/\/fmp-components.com\/hu\/wp-json\/wp\/v2\/product\/1488","targetHints":{"allow":["GET"]}}],"collection":[{"href":"https:\/\/fmp-components.com\/hu\/wp-json\/wp\/v2\/product"}],"about":[{"href":"https:\/\/fmp-components.com\/hu\/wp-json\/wp\/v2\/types\/product"}],"replies":[{"embeddable":true,"href":"https:\/\/fmp-components.com\/hu\/wp-json\/wp\/v2\/comments?post=1488"}],"wp:featuredmedia":[{"embeddable":true,"href":"https:\/\/fmp-components.com\/hu\/wp-json\/wp\/v2\/media\/1489"}],"wp:attachment":[{"href":"https:\/\/fmp-components.com\/hu\/wp-json\/wp\/v2\/media?parent=1488"}],"wp:term":[{"taxonomy":"product_brand","embeddable":true,"href":"https:\/\/fmp-components.com\/hu\/wp-json\/wp\/v2\/product_brand?post=1488"},{"taxonomy":"product_cat","embeddable":true,"href":"https:\/\/fmp-components.com\/hu\/wp-json\/wp\/v2\/product_cat?post=1488"},{"taxonomy":"product_tag","embeddable":true,"href":"https:\/\/fmp-components.com\/hu\/wp-json\/wp\/v2\/product_tag?post=1488"}],"curies":[{"name":"munkaf\u00fczet","href":"https:\/\/api.w.org\/{rel}","templated":true}]}}