{"id":1484,"date":"2024-12-23T05:50:37","date_gmt":"2024-12-23T05:50:37","guid":{"rendered":"https:\/\/fmp-components.com\/product\/factory-price-2-ton-small-double-acting-hydraulic-cylinder\/"},"modified":"2025-03-18T02:09:32","modified_gmt":"2025-03-18T02:09:32","slug":"factory-price-2-ton-small-double-acting-hydraulic-cylinder","status":"publish","type":"product","link":"https:\/\/fmp-components.com\/hu\/product\/factory-price-2-ton-small-double-acting-hydraulic-cylinder\/","title":{"rendered":"Gy\u00e1ri \u00e1r 2 tonn\u00e1s kis kett\u0151s m\u0171k\u00f6d\u00e9s\u0171 hidraulikus henger"},"content":{"rendered":"<h2>Gy\u00e1ri \u00e1r 2 tonn\u00e1s kis kett\u0151s m\u0171k\u00f6d\u00e9s\u0171 hidraulikus henger<\/h2>\n<p>A gy\u00e1ri \u00e1r\u00fa, 2 tonn\u00e1s, kism\u00e9ret\u0171, kett\u0151s m\u0171k\u00f6d\u00e9s\u0171 hidraulikus henger egy kiv\u00e1l\u00f3 min\u0151s\u00e9g\u0171 term\u00e9k, amelyet k\u00fcl\u00f6nf\u00e9le ipar\u00e1gak ig\u00e9nyeinek kiel\u00e9g\u00edt\u00e9s\u00e9re terveztek. Kompakt m\u00e9ret\u00e9vel \u00e9s hat\u00e9kony kialak\u00edt\u00e1s\u00e1val ez a hidraulikus henger optim\u00e1lis teljes\u00edtm\u00e9nyt \u00e9s megb\u00edzhat\u00f3s\u00e1got biztos\u00edt.<\/p>\n<p>Kett\u0151s m\u0171k\u00f6d\u00e9s\u0171 mechanizmus\u00e1nak k\u00f6sz\u00f6nhet\u0151en ez a hidraulikus henger lehet\u0151v\u00e9 teszi a dugatty\u00fa kiny\u00fajt\u00e1s\u00e1t \u00e9s visszah\u00faz\u00e1s\u00e1t is, \u00edgy prec\u00edz vez\u00e9rl\u00e9st \u00e9s sima m\u0171k\u00f6d\u00e9st biztos\u00edt. Ak\u00e1r neh\u00e9z terhek emel\u00e9s\u00e9r\u0151l, ak\u00e1r tol\u00e1sr\u00f3l vagy h\u00faz\u00e1sr\u00f3l van sz\u00f3, ez a henger \u00e1lland\u00f3 \u00e9s er\u0151teljes er\u0151t biztos\u00edt.<\/p>\n<p>Tart\u00f3s anyagokb\u00f3l k\u00e9sz\u00fclt, ez a hidraulikus henger kiv\u00e9teles szil\u00e1rds\u00e1got \u00e9s hossz\u00fa \u00e9lettartamot k\u00edn\u00e1l. \u00dagy tervezt\u00e9k, hogy ellen\u00e1lljon a neh\u00e9z haszn\u00e1latnak \u00e9s a zord munkak\u00f6r\u00fclm\u00e9nyeknek, biztos\u00edtva a megb\u00edzhat\u00f3 teljes\u00edtm\u00e9nyt m\u00e9g ig\u00e9nyes alkalmaz\u00e1sokban is.<\/p>\n<p>A gy\u00e1ri \u00e1r\u00fa, 2 tonn\u00e1s, kism\u00e9ret\u0171, kett\u0151s m\u0171k\u00f6d\u00e9s\u0171 hidraulikus henger k\u00f6nnyen telep\u00edthet\u0151 \u00e9s karbantarthat\u00f3. \u00dagy tervezt\u00e9k, hogy probl\u00e9mamentesen m\u0171k\u00f6dj\u00f6n, cs\u00f6kkentse az \u00e1ll\u00e1sid\u0151t \u00e9s n\u00f6velje a termel\u00e9kenys\u00e9get. Kompakt m\u00e9rete alkalmass\u00e1 teszi sz\u0171k helyeken val\u00f3 haszn\u00e1latra, rugalmas telep\u00edt\u00e9si lehet\u0151s\u00e9geket biztos\u00edtva.<\/p>\n<p>Versenyk\u00e9pes gy\u00e1ri \u00e1r\u00e1val ez a hidraulikus henger kiv\u00e1l\u00f3 \u00e1r-\u00e9rt\u00e9k ar\u00e1nyt k\u00e9pvisel. K\u00f6lts\u00e9ghat\u00e9kony megold\u00e1st k\u00edn\u00e1l a min\u0151s\u00e9g vagy a teljes\u00edtm\u00e9ny fel\u00e1ldoz\u00e1sa n\u00e9lk\u00fcl.<\/p>\n<p>\u00d6sszefoglalva, a gy\u00e1ri \u00e1r\u00fa, 2 tonn\u00e1s, kism\u00e9ret\u0171, kett\u0151s m\u0171k\u00f6d\u00e9s\u0171 hidraulikus henger ide\u00e1lis v\u00e1laszt\u00e1s azoknak az ipar\u00e1gaknak, amelyek hat\u00e9kony \u00e9s megb\u00edzhat\u00f3 hidraulikus rendszereket ig\u00e9nyelnek. Kompakt m\u00e9rete, tart\u00f3ss\u00e1ga \u00e9s versenyk\u00e9pes \u00e1ra \u00e9rt\u00e9kes eszk\u00f6zz\u00e9 teszi k\u00fcl\u00f6nf\u00e9le alkalmaz\u00e1sokban.<img decoding=\"async\" title=\"H\u00f3eke hidraulikus henger\" src=\"https:\/\/hzpt.com\/wp-content\/uploads\/2023\/11\/Snow-Plow-Hydraulic-Cylinder-1.webp\" alt=\"H\u00f3eke hidraulikus henger\" \/><\/p>\n<h2>Term\u00e9kjellemz\u0151k \u00e9s karbantart\u00e1s<\/h2>\n<p>Ac\u00e9l testtel k\u00e9sz\u00fclt hidraulikus henger\u00fcnk tart\u00f3ss\u00e1got \u00e9s szil\u00e1rds\u00e1got garant\u00e1l. Hidraulikus rendszerrel m\u0171k\u00f6dik, \u00e9s szabv\u00e1nyos dugatty\u00fas henger szerkezettel tervezt\u00e9k. A henger ISO9001:2000 tan\u00fas\u00edtv\u00e1nnyal rendelkezik, amely biztos\u00edtja, hogy megfeleljen a nemzetk\u00f6zi min\u0151s\u00e9gi szabv\u00e1nyoknak. Emellett maxim\u00e1lisan 3000 tol\u00f3er\u0151t \u00e9s maxim\u00e1lisan 20 tonn\u00e1s h\u00faz\u00f3er\u0151t is elb\u00edr.<\/p>\n<p>Hidraulikus henger\u00fcnk k\u00f6nnyen karbantarthat\u00f3 \u00e9s 1 \u00e9v garanci\u00e1val rendelkezik, \u00edgy biztos\u00edtva, hogy a lehet\u0151 legjobb \u00e1r-\u00e9rt\u00e9k ar\u00e1nyt kapja. A garancia az alapvet\u0151 alkatr\u00e9szekre, bele\u00e9rtve a csap\u00e1gyat \u00e9s a hidraulikus hengert is, vonatkozik.<\/p>\n<h3>Gyakori alkalmaz\u00e1sok<\/h3>\n<p>Ez a hidraulikus henger sokoldal\u00fa, \u00e9s sz\u00e1mos alkalmaz\u00e1si ter\u00fcleten haszn\u00e1lhat\u00f3. Leggyakrabban h\u00f3ek\u00e9k hidraulikus rendszereiben haszn\u00e1lj\u00e1k, \u00edgy a t\u00e9li h\u00f3napokban kritikus alkatr\u00e9sz. Csatlakoz\u00e1sai kompatibilisek a G\/SAE\/NPT\/M szabv\u00e1nyokkal, \u00edgy rendk\u00edv\u00fcl j\u00f3l adapt\u00e1lhat\u00f3 k\u00fcl\u00f6nf\u00e9le rendszerekhez.<\/p>\n<h2>Az \u00e1ll\u00edthat\u00f3 kengyeles hengerek el\u0151nyei<\/h2>\n<p>Az \u00e1ll\u00edthat\u00f3 kengyeles hengerek, m\u00e1s n\u00e9ven hidraulikus hengerek, sokoldal\u00fa funkcionalit\u00e1suk \u00e9s sz\u00e1mos el\u0151ny\u00fck miatt kulcsfontoss\u00e1g\u00fa alkatr\u00e9szek sz\u00e1mos ipar\u00e1gban. Ebben a cikkben megvizsg\u00e1ljuk ezen hengerek f\u0151bb el\u0151nyeit, \u00e9s azt, hogy hogyan n\u00f6velhetik a hat\u00e9konys\u00e1got \u00e9s a termel\u00e9kenys\u00e9get k\u00fcl\u00f6nb\u00f6z\u0151 alkalmaz\u00e1sokban.<\/p>\n<h3>1. Fokozott rugalmass\u00e1g<\/h3>\n<p>Az \u00e1ll\u00edthat\u00f3 kengyeles hengerek egyik f\u0151 el\u0151nye, hogy fokozott rugalmass\u00e1got k\u00edn\u00e1lnak a k\u00fcl\u00f6nf\u00e9le hidraulikus rendszerekben. Ezeket a hengereket \u00e1ll\u00edthat\u00f3ra tervezt\u00e9k, lehet\u0151v\u00e9 t\u00e9ve a felhaszn\u00e1l\u00f3k sz\u00e1m\u00e1ra, hogy a hosszukat, l\u00f6ket\u00fcket \u00e9s be\u00e9p\u00edt\u00e9si helyzet\u00fcket az adott ig\u00e9nyeknek megfelel\u0151en m\u00f3dos\u00edts\u00e1k. Ez a sokoldal\u00fas\u00e1g lehet\u0151v\u00e9 teszi sz\u00e1mukra, hogy alkalmazkodjanak a k\u00fcl\u00f6nb\u00f6z\u0151 \u00fczemi k\u00f6r\u00fclm\u00e9nyekhez \u00e9s optimaliz\u00e1lj\u00e1k a teljes\u00edtm\u00e9nyt a k\u00fcl\u00f6nf\u00e9le alkalmaz\u00e1sokban, n\u00f6velve a rendszer \u00e1ltal\u00e1nos rugalmass\u00e1g\u00e1t.<\/p>\n<h3>2. Jav\u00edtott rakom\u00e1nykezel\u00e9s<\/h3>\n<p>Az \u00e1ll\u00edthat\u00f3 kengyeles hengereket \u00fagy tervezt\u00e9k, hogy ellen\u00e1lljanak a nagy terhel\u00e9seknek \u00e9s hat\u00e9kony teherkezel\u00e9si k\u00e9pess\u00e9geket biztos\u00edtsanak. Kett\u0151s m\u0171k\u00f6d\u00e9s\u00fcknek k\u00f6sz\u00f6nhet\u0151en ezek a hengerek mind a kitol\u00e1si, mind a visszah\u00faz\u00e1si l\u00f6ketben k\u00e9pesek er\u0151t kifejteni, \u00edgy rendk\u00edv\u00fcl hat\u00e9konny\u00e1 teszik \u0151ket a neh\u00e9z t\u00e1rgyak mozgat\u00e1s\u00e1ban \u00e9s kezel\u00e9s\u00e9ben. Ez a kiv\u00e1l\u00f3 teherkezel\u00e9si k\u00e9pess\u00e9g biztos\u00edtja a sima \u00e9s prec\u00edz m\u0171k\u00f6d\u00e9st, minimaliz\u00e1lja az \u00e1ll\u00e1sid\u0151t \u00e9s maximaliz\u00e1lja a termel\u00e9kenys\u00e9get.<\/p>\n<h3>3. Prec\u00edz vez\u00e9rl\u00e9s<\/h3>\n<p>A pontoss\u00e1g \u00e9s a prec\u00edz szab\u00e1lyoz\u00e1s sz\u00e1mos ipari folyamatban kulcsfontoss\u00e1g\u00fa t\u00e9nyez\u0151. Az \u00e1ll\u00edthat\u00f3 kengyeles hengerek ebben a tekintetben kiemelked\u0151ek, mivel prec\u00edz szab\u00e1lyoz\u00e1st biztos\u00edtanak a terhek mozg\u00e1sa \u00e9s pozicion\u00e1l\u00e1sa felett. Ezek a hengerek finoman be\u00e1ll\u00edthat\u00f3k a k\u00edv\u00e1nt sebess\u00e9g, er\u0151 \u00e9s poz\u00edci\u00f3 el\u00e9r\u00e9s\u00e9hez, biztos\u00edtva az optim\u00e1lis teljes\u00edtm\u00e9nyt sz\u00e9les alkalmaz\u00e1si k\u00f6rben. Ez a szab\u00e1lyoz\u00e1si szint nemcsak a termel\u00e9kenys\u00e9get jav\u00edtja, hanem fokozza a biztons\u00e1got, \u00e9s cs\u00f6kkenti a hib\u00e1k vagy balesetek kock\u00e1zat\u00e1t.<\/p>\n<h3>4. Tart\u00f3ss\u00e1g \u00e9s megb\u00edzhat\u00f3s\u00e1g<\/h3>\n<p>Az \u00e1ll\u00edthat\u00f3 kengyeles hengerek \u00fagy vannak kialak\u00edtva, hogy ellen\u00e1lljanak a kih\u00edv\u00e1st jelent\u0151 \u00fczemi k\u00f6r\u00fclm\u00e9nyeknek \u00e9s hossz\u00fa \u00e9lettartamot biztos\u00edtsanak. Kiv\u00e1l\u00f3 min\u0151s\u00e9g\u0171 anyagokb\u00f3l k\u00e9sz\u00fclnek, \u00e9s szigor\u00fa tesztel\u00e9sen esnek \u00e1t a megb\u00edzhat\u00f3s\u00e1guk \u00e9s teljes\u00edtm\u00e9ny\u00fck biztos\u00edt\u00e1sa \u00e9rdek\u00e9ben. Ezeket a hengereket \u00fagy tervezt\u00e9k, hogy ellen\u00e1lljanak a magas nyom\u00e1snak, a sz\u00e9ls\u0151s\u00e9ges h\u0151m\u00e9rs\u00e9kleteknek \u00e9s a zord k\u00f6rnyezetnek, \u00edgy alkalmasak a k\u00fcl\u00f6nf\u00e9le ipar\u00e1gakban tal\u00e1lhat\u00f3 ig\u00e9nyes alkalmaz\u00e1sokhoz.<\/p>\n<h3>5. K\u00f6lts\u00e9ghat\u00e9konys\u00e1g<\/h3>\n<p>Az \u00e1ll\u00edthat\u00f3 kengyeles hengerek tov\u00e1bbi jelent\u0151s el\u0151nye a k\u00f6lts\u00e9ghat\u00e9konys\u00e1guk. Ezek a hengerek megb\u00edzhat\u00f3 \u00e9s hat\u00e9kony megold\u00e1st k\u00edn\u00e1lnak k\u00fcl\u00f6nf\u00e9le feladatokra, cs\u00f6kkentve a k\u00e9zi munkaer\u0151 sz\u00fcks\u00e9gess\u00e9g\u00e9t \u00e9s korszer\u0171s\u00edtve a m\u0171veleteket. A termel\u00e9kenys\u00e9g maximaliz\u00e1l\u00e1s\u00e1val \u00e9s az \u00e1ll\u00e1sid\u0151 minimaliz\u00e1l\u00e1s\u00e1val hossz\u00fa t\u00e1von jelent\u0151s k\u00f6lts\u00e9gmegtakar\u00edt\u00e1st eredm\u00e9nyezhetnek. Ezenk\u00edv\u00fcl tart\u00f3ss\u00e1guk \u00e9s alacsony karbantart\u00e1si ig\u00e9ny\u00fck tov\u00e1bb n\u00f6velik k\u00f6lts\u00e9ghat\u00e9konys\u00e1gukat, \u00edgy kiv\u00e1l\u00f3 befektet\u00e9st jelentenek a v\u00e1llalkoz\u00e1sok sz\u00e1m\u00e1ra.<\/p>\n<p>Az \u00e1ll\u00edthat\u00f3 kengyeles hengerek sz\u00e1mos el\u0151nnyel rendelkeznek, amelyek nagyban hozz\u00e1j\u00e1rulhatnak a k\u00fcl\u00f6nb\u00f6z\u0151 ipar\u00e1gak siker\u00e9hez. Fokozott rugalmass\u00e1guknak, jobb teherb\u00edr\u00e1suknak, prec\u00edz vez\u00e9rl\u00e9s\u00fcknek, tart\u00f3ss\u00e1guknak \u00e9s k\u00f6lts\u00e9ghat\u00e9konys\u00e1guknak k\u00f6sz\u00f6nhet\u0151en ezek a hengerek n\u00e9lk\u00fcl\u00f6zhetetlen alkot\u00f3elemeiv\u00e9 v\u00e1ltak a hidraulikus rendszereknek. Ak\u00e1r gy\u00e1rt\u00e1sr\u00f3l, \u00e9p\u00edt\u0151iparr\u00f3l, ak\u00e1r b\u00e1rmely m\u00e1s, hidraulikus energi\u00e1ra t\u00e1maszkod\u00f3 ipar\u00e1gr\u00f3l van sz\u00f3, az \u00e1ll\u00edthat\u00f3 kengyeles hengerek megb\u00edzhat\u00f3 \u00e9s hat\u00e9kony megold\u00e1st k\u00edn\u00e1lnak, amely n\u00f6velheti a termel\u00e9kenys\u00e9get \u00e9s optimaliz\u00e1lhatja a m\u0171k\u00f6d\u00e9st.<\/p>\n<h3>Az FMP-r\u0151l \u2013 Hidraulikus henger<\/h3>\n<p>Az FMP egy vezet\u0151 v\u00e1llalat, amely \u00e9p\u00edt\u0151ipari g\u00e9palkatr\u00e9szek \u00e9s komplett g\u00e9pek \u00e9rt\u00e9kes\u00edt\u00e9s\u00e9re \u00e9s szervizel\u00e9s\u00e9re specializ\u00e1l\u00f3dott. Kiv\u00e1l\u00f3 min\u0151s\u00e9g\u0171 \u00e9s megb\u00edzhat\u00f3 \u00e9p\u00edt\u0151ipari g\u00e9palkatr\u00e9szeket \u00e9s komplett g\u00e9pmegold\u00e1sokat k\u00edn\u00e1lunk sok\u00e9ves ipar\u00e1gi tapasztalattal \u00e9s professzion\u00e1lis csapattal, Olaszorsz\u00e1gban. C\u00e9g\u00fcnk sz\u00e9les term\u00e9kv\u00e1laszt\u00e9kot k\u00edn\u00e1l, bele\u00e9rtve t\u00f6bbek k\u00f6z\u00f6tt mez\u0151gazdas\u00e1gi g\u00e9pek sebess\u00e9gv\u00e1lt\u00f3it, bolyg\u00f3kerekes sebess\u00e9gv\u00e1lt\u00f3kat, ipari sebess\u00e9gv\u00e1lt\u00f3kat \u00e9s k\u00fcl\u00f6nf\u00e9le \u00e9p\u00edt\u0151ipari g\u00e9palkatr\u00e9szeket.<\/p>\n<p>\u00cdme n\u00e9h\u00e1ny el\u0151nye \u00e9s jellemz\u0151je a hidraulikus henger\u00fcnknek:<\/p>\n<p>1. Kiv\u00e1l\u00f3 min\u0151s\u00e9g\u0171 anyagok: Hidraulikus hengereink kiv\u00e1l\u00f3 min\u0151s\u00e9g\u0171, er\u0151s, tart\u00f3s \u00e9s hossz\u00fa \u00e9lettartam\u00fa anyagokb\u00f3l k\u00e9sz\u00fclnek. Biztos\u00edtjuk, hogy term\u00e9keink megfeleljenek a szigor\u00fa min\u0151s\u00e9gi el\u0151\u00edr\u00e1soknak, \u00e9s \u00fagy tervezt\u00fck \u0151ket, hogy optim\u00e1lis teljes\u00edtm\u00e9nyt ny\u00fajtsanak \u00fcgyfeleinknek.<\/p>\n<p>2. Testreszabhat\u00f3: Testreszabhat\u00f3 hidraulikus hengereket k\u00edn\u00e1lunk, amelyek az \u00fcgyfeleink egyedi ig\u00e9nyeihez igaz\u00edthat\u00f3k. Kiv\u00e1laszthatja az alkalmaz\u00e1s\u00e1nak megfelel\u0151 m\u00e9retet, l\u00f6ketet \u00e9s furat\u00e1tm\u00e9r\u0151t.<\/p>\n<p>3. Sz\u00e9lesk\u00f6r\u0171 alkalmaz\u00e1sok: Hidraulikus henger\u00fcnk sz\u00e1mos alkalmaz\u00e1sban haszn\u00e1lhat\u00f3, bele\u00e9rtve a mez\u0151gazdas\u00e1gi g\u00e9peket, az \u00e9p\u00edt\u0151ipari g\u00e9peket \u00e9s az ipari g\u00e9peket.<\/p>\n<p>4. Okos v\u00e1s\u00e1rl\u00e1si javaslatok: Tapasztalt \u00e9rt\u00e9kes\u00edt\u00e9si csapatunk ismeri az \u00e9p\u00edt\u0151ipari g\u00e9pipar fejl\u0151d\u00e9si trendjeit \u00e9s \u00fcgyf\u00e9lig\u00e9nyeit. Professzion\u00e1lis term\u00e9ktan\u00e1csad\u00e1st \u00e9s intelligens v\u00e1s\u00e1rl\u00e1si javaslatokat tudnak ny\u00fajtani.<\/p>\n<p>5. Hat\u00e9kony logisztika: Hat\u00e9kony logisztikai eloszt\u00e1si rendszerrel rendelkez\u00fcnk annak biztos\u00edt\u00e1s\u00e1ra, hogy \u00fcgyfeleink id\u0151ben \u00e9s pontosan megkapj\u00e1k a sz\u00fcks\u00e9ges alkatr\u00e9szeket.<\/p>\n<p>Az FMP-n\u00e9l elk\u00f6telezettek vagyunk amellett, hogy kiv\u00e1l\u00f3 min\u0151s\u00e9g\u0171, megb\u00edzhat\u00f3 \u00e9s testreszabott hidraulikus hengereket sz\u00e1ll\u00edtsunk, amelyek megfelelnek \u00fcgyfeleink speci\u00e1lis ig\u00e9nyeinek. Csapatunk mindig k\u00e9szen \u00e1ll arra, hogy professzion\u00e1lis \u00e9s hat\u00e9kony szolg\u00e1ltat\u00e1sokat ny\u00fajtson \u00d6nnek. V\u00e1lassza az FMP-t hidraulikus henger besz\u00e1ll\u00edt\u00f3j\u00e1nak, \u00e9s mi a legjobb term\u00e9keket \u00e9s szolg\u00e1ltat\u00e1sokat ny\u00fajtjuk \u00d6nnek.<\/p>\n<p><img decoding=\"async\" src=\"https:\/\/fmp-components.com\/wp-content\/uploads\/2024\/12\/Adjustable-Clevis-Type-Cylinders-6.webp\" alt=\"\u00c1ll\u00edthat\u00f3 kengyeles henger\" width=\"820\" title=\"\"><\/p>\n<h2>Gyakran ism\u00e9telt k\u00e9rd\u00e9sek<\/h2>\n<h3>K: Kereskedelmi v\u00e1llalat vagy gy\u00e1rt\u00f3?<\/h3>\n<p>V: Mi egy gy\u00e1r vagyunk.<\/p>\n<h3>K: Mennyi a sz\u00e1ll\u00edt\u00e1si id\u0151?<\/h3>\n<p>V: \u00c1ltal\u00e1ban 25-35 nap.<\/p>\n<h3>K: Biztos\u00edtanak mint\u00e1kat? Ingyenes vagy k\u00fcl\u00f6n fizetend\u0151?<\/h3>\n<p>V: Igen, felaj\u00e1nlhatn\u00e1nk a mint\u00e1t, de ez nem ingyenes.<\/p>\n<p>Szerz\u0151: CX<\/p>","protected":false},"excerpt":{"rendered":"<p>Factory Price 2 Ton Small Double Acting Hydraulic Cylinder The Factory Price 2 Ton Small Double Acting Hydraulic Cylinder is a high-quality product designed to meet the needs of various industries. With its compact size and efficient design, this hydraulic cylinder ensures optimal performance and reliability. Featuring a double-acting mechanism, this hydraulic cylinder allows for [&hellip;]<\/p>","protected":false},"featured_media":1485,"comment_status":"closed","ping_status":"closed","template":"","meta":{"_et_pb_use_builder":"","_et_pb_old_content":"","_et_gb_content_width":""},"product_brand":[],"product_cat":[42],"product_tag":[34,44],"class_list":{"0":"post-1484","1":"product","2":"type-product","3":"status-publish","4":"has-post-thumbnail","6":"product_cat-snow-plow-hydraulic-cylinder","7":"product_tag-hydraulic-cylinder","8":"product_tag-snow-plow-hydraulic-cylinder","10":"first","11":"instock","12":"product-type-simple"},"_links":{"self":[{"href":"https:\/\/fmp-components.com\/hu\/wp-json\/wp\/v2\/product\/1484","targetHints":{"allow":["GET"]}}],"collection":[{"href":"https:\/\/fmp-components.com\/hu\/wp-json\/wp\/v2\/product"}],"about":[{"href":"https:\/\/fmp-components.com\/hu\/wp-json\/wp\/v2\/types\/product"}],"replies":[{"embeddable":true,"href":"https:\/\/fmp-components.com\/hu\/wp-json\/wp\/v2\/comments?post=1484"}],"wp:featuredmedia":[{"embeddable":true,"href":"https:\/\/fmp-components.com\/hu\/wp-json\/wp\/v2\/media\/1485"}],"wp:attachment":[{"href":"https:\/\/fmp-components.com\/hu\/wp-json\/wp\/v2\/media?parent=1484"}],"wp:term":[{"taxonomy":"product_brand","embeddable":true,"href":"https:\/\/fmp-components.com\/hu\/wp-json\/wp\/v2\/product_brand?post=1484"},{"taxonomy":"product_cat","embeddable":true,"href":"https:\/\/fmp-components.com\/hu\/wp-json\/wp\/v2\/product_cat?post=1484"},{"taxonomy":"product_tag","embeddable":true,"href":"https:\/\/fmp-components.com\/hu\/wp-json\/wp\/v2\/product_tag?post=1484"}],"curies":[{"name":"munkaf\u00fczet","href":"https:\/\/api.w.org\/{rel}","templated":true}]}}