{"id":1480,"date":"2024-12-23T05:49:26","date_gmt":"2024-12-23T05:49:26","guid":{"rendered":"https:\/\/fmp-components.com\/product\/premium-quality-stainless-steel-hydraulic-oil-cylinder-hydraulic-piston-cylinder\/"},"modified":"2024-12-23T06:45:09","modified_gmt":"2024-12-23T06:45:09","slug":"premium-quality-stainless-steel-hydraulic-oil-cylinder-hydraulic-piston-cylinder","status":"publish","type":"product","link":"https:\/\/fmp-components.com\/hu\/product\/premium-quality-stainless-steel-hydraulic-oil-cylinder-hydraulic-piston-cylinder\/","title":{"rendered":"Pr\u00e9mium min\u0151s\u00e9g\u0171 rozsdamentes ac\u00e9l hidraulikaolaj-henger hidraulikus dugatty\u00fas henger"},"content":{"rendered":"<h2>Pr\u00e9mium min\u0151s\u00e9g\u0171 rozsdamentes ac\u00e9l hidraulikaolaj-henger hidraulikus dugatty\u00fas henger<\/h2>\n<p>A pr\u00e9mium min\u0151s\u00e9g\u0171 rozsdamentes ac\u00e9l hidraulikaolaj-henger hidraulikus dugatty\u00fas henger egy nagy teljes\u00edtm\u00e9ny\u0171 hidraulikus henger, amelyet k\u00fcl\u00f6nf\u00e9le ipari alkalmaz\u00e1sokhoz terveztek. Ez a henger pr\u00e9mium min\u0151s\u00e9g\u0171 rozsdamentes ac\u00e9lb\u00f3l k\u00e9sz\u00fclt, ami n\u00f6veli a tart\u00f3ss\u00e1g\u00e1t \u00e9s a korr\u00f3zi\u00f3\u00e1ll\u00f3s\u00e1g\u00e1t.<\/p>\n<p>Fejlett hidraulikus dugatty\u00fas kialak\u00edt\u00e1s\u00e1nak k\u00f6sz\u00f6nhet\u0151en ez a henger sima \u00e9s hat\u00e9kony m\u0171k\u00f6d\u00e9st biztos\u00edt. Nagy hidraulikus er\u0151 el\u0151\u00e1ll\u00edt\u00e1s\u00e1ra k\u00e9pes, \u00edgy alkalmass\u00e1 teszi neh\u00e9z feladatokhoz. Ak\u00e1r emel\u00e9sr\u0151l, tol\u00e1sr\u00f3l vagy h\u00faz\u00e1sr\u00f3l van sz\u00f3, ez a hidraulikus henger megb\u00edzhat\u00f3 \u00e9s k\u00f6vetkezetes teljes\u00edtm\u00e9nyt ny\u00fajt.<\/p>\n<p>A henger rozsdamentes ac\u00e9l konstrukci\u00f3ja ide\u00e1liss\u00e1 teszi a neh\u00e9z k\u00f6rnyezetben val\u00f3 haszn\u00e1latra, bele\u00e9rtve a zord vegyszereknek vagy sz\u00e9ls\u0151s\u00e9ges h\u0151m\u00e9rs\u00e9kleteknek kitett helyeket is. Kiv\u00e1l\u00f3 korr\u00f3zi\u00f3\u00e1ll\u00f3s\u00e1got biztos\u00edt, \u00edgy hosszabb \u00e9lettartamot \u00e9s cs\u00f6kkentett karbantart\u00e1si ig\u00e9nyt biztos\u00edt.<\/p>\n<p>Fejlett t\u00f6m\u00edt\u00e9stechnol\u00f3gi\u00e1val felszerelve, ez a hidraulikus henger minimaliz\u00e1lja a sziv\u00e1rg\u00e1s kock\u00e1zat\u00e1t \u00e9s n\u00f6veli az \u00e1ltal\u00e1nos hat\u00e9konys\u00e1got. Prec\u00edz megmunk\u00e1l\u00e1ssal \u00e9s t\u00f6m\u00f6r t\u00f6m\u00edt\u00e9ssel rendelkezik, \u00edgy megb\u00edzhat\u00f3 \u00e9s sziv\u00e1rg\u00e1smentes m\u0171k\u00f6d\u00e9st biztos\u00edt m\u00e9g nagy nyom\u00e1s alatt is.<\/p>\n<p>Tov\u00e1bb\u00e1 ez a hidraulikus henger testreszabhat\u00f3 az adott ig\u00e9nyeknek megfelel\u0151en. K\u00fcl\u00f6nb\u00f6z\u0151 m\u00e9retekben, l\u00f6kethosszakkal \u00e9s r\u00f6gz\u00edt\u00e9si lehet\u0151s\u00e9gekkel kaphat\u00f3, \u00edgy k\u00f6nnyen integr\u00e1lhat\u00f3 k\u00fcl\u00f6nf\u00e9le hidraulikus rendszerekbe. A henger sokoldal\u00fas\u00e1ga alkalmass\u00e1 teszi sz\u00e1mos ipar\u00e1g sz\u00e1m\u00e1ra, bele\u00e9rtve az \u00e9p\u00edt\u0151ipart, a gy\u00e1rt\u00e1st, a mez\u0151gazdas\u00e1got \u00e9s egyebeket.<\/p>\n<p>\u00d6sszefoglalva, a pr\u00e9mium min\u0151s\u00e9g\u0171 rozsdamentes ac\u00e9l hidraulikaolaj-henger hidraulikus dugatty\u00fas henger egy kiv\u00e1l\u00f3 min\u0151s\u00e9g\u0171 hidraulikus henger, amely kiv\u00e9teles teljes\u00edtm\u00e9nyt \u00e9s tart\u00f3ss\u00e1got k\u00edn\u00e1l. Rozsdamentes ac\u00e9l konstrukci\u00f3ja, fejlett hidraulikus kialak\u00edt\u00e1sa \u00e9s testreszabhat\u00f3 opci\u00f3i kiv\u00e1l\u00f3 v\u00e1laszt\u00e1ss\u00e1 teszik k\u00fcl\u00f6nf\u00e9le ipari alkalmaz\u00e1sokhoz.<\/p>\n<h2>Friss\u00edtse g\u00e9peit kiv\u00e1l\u00f3 min\u0151s\u00e9g\u0171 rozsdamentes ac\u00e9l hidraulikaolaj-hengerrel Hidraulikus dugatty\u00fas hengerrel<\/h2>\n<p>N\u00f6velje g\u00e9pei teljes\u00edtm\u00e9ny\u00e9t \u00e9s teljes\u00edtm\u00e9ny\u00e9t pr\u00e9mium min\u0151s\u00e9g\u0171 rozsdamentes ac\u00e9l hidraulikaolaj-henger\u00fcnkkel, hidraulikus dugatty\u00fas henger\u00fcnkkel. Ez a nagy ig\u00e9nybev\u00e9telre tervezett hidraulikus henger megb\u00edzhat\u00f3 \u00e9s hat\u00e9kony m\u0171k\u00f6d\u00e9st biztos\u00edt m\u00e9g a legmostoh\u00e1bb k\u00f6r\u00fclm\u00e9nyek k\u00f6z\u00f6tt is.<\/p>\n<p><img decoding=\"async\" title=\"H\u00f3eke hidraulikus henger\" src=\"https:\/\/hzpt.com\/wp-content\/uploads\/2023\/11\/Snow-Plow-Hydraulic-Cylinder-3.webp\" alt=\"H\u00f3eke hidraulikus henger\" \/><\/p>\n<h2>Term\u00e9kjellemz\u0151k<\/h2>\n<p>Kiv\u00e1l\u00f3 min\u0151s\u00e9g\u0171 rozsdamentes ac\u00e9lb\u00f3l k\u00e9sz\u00fclt hidraulikaolaj-henger\u00fcnk hidraulikus dugatty\u00fas henger\u00fcnk tart\u00f3ss\u00e1got \u00e9s hossz\u00fa \u00e9lettartamot garant\u00e1l. Egy \u00e9v garanci\u00e1val rendelkezik, \u00e9s k\u00fcl\u00f6nf\u00e9le ipar\u00e1gakban, p\u00e9ld\u00e1ul g\u00e9pjav\u00edt\u00f3 m\u0171helyekben, mez\u0151gazdas\u00e1gban, energia- \u00e9s b\u00e1ny\u00e1szatban, g\u00e9pgy\u00e1rt\u00e1sban \u00e9s egyebekben haszn\u00e1lhat\u00f3.<\/p>\n<ul>\n<li style=\"list-style-type: none;\">\n<ul>\n<li>\u00c1llapot: \u00daj<\/li>\n<li>Garancia: 1 \u00e9v<\/li>\n<li>S\u00faly (KG): 6<\/li>\n<\/ul>\n<\/li>\n<\/ul>\n<ul>\n<li>Standard: Standard<\/li>\n<li>Szerkezet: Dugatty\u00fas henger<\/li>\n<li>Teljes\u00edtm\u00e9ny: Hidraulikus<\/li>\n<li>Test anyaga: Ac\u00e9l<\/li>\n<li>Max. tol\u00f3er\u0151: 3000<\/li>\n<li>T\u00edpus: H\u00f3eke hidraulikus hengerek<\/li>\n<li>Max. h\u00faz\u00f3er\u0151: 20 tonna<\/li>\n<li>Tan\u00fas\u00edtv\u00e1ny: ISO9001:2000<\/li>\n<\/ul>\n<h2>Karbantart\u00e1s \u00e9s gondoz\u00e1s<\/h2>\n<p>Rozsdamentes ac\u00e9l hidraulikaolaj-henger\u00fcnk hidraulikus dugatty\u00fas henger\u00e9t \u00fagy tervezt\u00fck, hogy kev\u00e9s karbantart\u00e1st ig\u00e9nyeljen \u00e9s k\u00f6nnyen kezelhet\u0151 legyen. A rendszeres tiszt\u00edt\u00e1s \u00e9s a kop\u00e1s, illetve elhaszn\u00e1l\u00f3d\u00e1s jeleinek ellen\u0151rz\u00e9se biztos\u00edthatja a term\u00e9k optim\u00e1lis teljes\u00edtm\u00e9ny\u00e9t. A z\u00f6kken\u0151mentes m\u0171k\u00f6d\u00e9s \u00e9s a hossz\u00fa \u00e9lettartam biztos\u00edt\u00e1sa \u00e9rdek\u00e9ben elengedhetetlen a gy\u00e1rt\u00f3 \u00e1ltal aj\u00e1nlott hidraulikaolaj haszn\u00e1lata is.<\/p>\n<h2>Gyakori alkalmaz\u00e1sok<\/h2>\n<p>Hidraulikus hengereinket sz\u00e9les k\u00f6rben haszn\u00e1lj\u00e1k mez\u0151gazdas\u00e1gi g\u00e9palkatr\u00e9szekben, p\u00e9ld\u00e1ul kard\u00e1ntengelyekben, mez\u0151gazdas\u00e1gi kard\u00e1nhajt\u00e1sokban, mez\u0151gazdas\u00e1gi sz\u00edjt\u00e1rcs\u00e1kban \u00e9s egyebekben. Sz\u00e9les k\u00f6rben haszn\u00e1lj\u00e1k h\u00f3ek\u00e9k hidraulikus hengereiben is, megb\u00edzhat\u00f3 \u00e9s sima m\u0171k\u00f6d\u00e9st biztos\u00edtva.<\/p>\n<h2>Az \u00e1ll\u00edthat\u00f3 kengyeles hengerek el\u0151nyei<\/h2>\n<p>Az \u00e1ll\u00edthat\u00f3 kengyeles hengerek egyfajta hidraulikus dugatty\u00fas hengerek, amelyek sz\u00e1mos kulcsfontoss\u00e1g\u00fa el\u0151nnyel rendelkeznek m\u00e1s hengerkialak\u00edt\u00e1sokkal szemben. Ezek a hengerek pr\u00e9mium min\u0151s\u00e9g\u0171 rozsdamentes ac\u00e9lb\u00f3l k\u00e9sz\u00fclnek, ami biztos\u00edtja tart\u00f3ss\u00e1gukat \u00e9s megb\u00edzhat\u00f3s\u00e1gukat k\u00fcl\u00f6nf\u00e9le alkalmaz\u00e1sokban. Ebben a cikkben r\u00e9szletesen megvizsg\u00e1ljuk az \u00e1ll\u00edthat\u00f3 kengyeles hengerek el\u0151nyeit.<\/p>\n<h3>1. Fokozott rugalmass\u00e1g<\/h3>\n<p>Az \u00e1ll\u00edthat\u00f3 kengyeles hengerek egyik f\u0151 el\u0151nye a fokozott rugalmass\u00e1g. Ezek a hengerek kengyeles r\u00f6gz\u00edt\u00e9ssel rendelkeznek, amely lehet\u0151v\u00e9 teszi a dugatty\u00far\u00fad helyzet\u00e9nek egyszer\u0171 be\u00e1ll\u00edt\u00e1s\u00e1t. Ez a rugalmass\u00e1g lehet\u0151v\u00e9 teszi, hogy a henger k\u00fcl\u00f6nb\u00f6z\u0151 r\u00f6gz\u00edt\u00e9si konfigur\u00e1ci\u00f3khoz alkalmazkodjon, \u00edgy sz\u00e9les k\u00f6r\u0171 alkalmaz\u00e1sokhoz alkalmas.<\/p>\n<h3>2. Pontos pozicion\u00e1l\u00e1s<\/h3>\n<p>Az \u00e1ll\u00edthat\u00f3 kengyeles hengerek kiv\u00e1l\u00f3an alkalmasak a prec\u00edz pozicion\u00e1l\u00e1st ig\u00e9nyl\u0151 alkalmaz\u00e1sokhoz. A dugatty\u00far\u00fad helyzet\u00e9nek be\u00e1ll\u00edt\u00e1si lehet\u0151s\u00e9ge lehet\u0151v\u00e9 teszi a henger kiny\u00fal\u00e1s\u00e1nak \u00e9s visszah\u00faz\u00e1s\u00e1nak finomhangol\u00e1s\u00e1t \u00e9s pontos szab\u00e1lyoz\u00e1s\u00e1t. Ez a precizit\u00e1si szint kulcsfontoss\u00e1g\u00fa olyan alkalmaz\u00e1sokban, mint az ipari automatiz\u00e1l\u00e1s, ahol prec\u00edz mozg\u00e1sokra van sz\u00fcks\u00e9g.<\/p>\n<p><img decoding=\"async\" title=\"H\u00f3eke hidraulikus henger\" src=\"https:\/\/hzpt.com\/wp-content\/uploads\/2023\/11\/Snow-Plow-Hydraulic-Cylinder-1.webp\" alt=\"H\u00f3eke hidraulikus henger\" \/><\/p>\n<h3>3. Megn\u00f6velt l\u00f6kethossz<\/h3>\n<p>M\u00e1s hengerkialak\u00edt\u00e1sokhoz k\u00e9pest az \u00e1ll\u00edthat\u00f3 kengyeles hengerek nagyobb l\u00f6kethosszt k\u00edn\u00e1lnak. Az \u00e1ll\u00edthat\u00f3 kengyeles r\u00f6gz\u00edt\u00e9s nagyobb mozg\u00e1startom\u00e1nyt tesz lehet\u0151v\u00e9, lehet\u0151v\u00e9 t\u00e9ve a dugatty\u00far\u00fad hosszabb t\u00e1vols\u00e1gra t\u00f6rt\u00e9n\u0151 kiny\u00fal\u00e1s\u00e1t \u00e9s visszah\u00faz\u00e1s\u00e1t. Ez a hosszabb l\u00f6kethossz el\u0151ny\u00f6s azokban az alkalmaz\u00e1sokban, amelyek nagyobb munkatartom\u00e1nyt ig\u00e9nyelnek.<\/p>\n<h3>4. Optim\u00e1lis terhel\u00e9seloszt\u00e1s<\/h3>\n<p>Az \u00e1ll\u00edthat\u00f3 kengyeles hengerek tov\u00e1bbi el\u0151nye, hogy egyenletesebben tudj\u00e1k elosztani a terhel\u00e9st. A kengyeles r\u00f6gz\u00edt\u00e9s stabil \u00e9s biztons\u00e1gos kapcsolatot biztos\u00edt a henger \u00e9s a teher k\u00f6z\u00f6tt, biztos\u00edtva az er\u0151k egyenletes eloszl\u00e1s\u00e1t. Ez az egyenletes terhel\u00e9seloszt\u00e1s minimaliz\u00e1lja a hengerre nehezed\u0151 terhel\u00e9st \u00e9s terhel\u00e9st, ami jobb teljes\u00edtm\u00e9nyt \u00e9s hosszabb \u00e9lettartamot eredm\u00e9nyez.<\/p>\n<h3>5. K\u00f6nny\u0171 karbantart\u00e1s<\/h3>\n<p>Az \u00e1ll\u00edthat\u00f3 kengyeles hengereket a k\u00f6nny\u0171 karbantart\u00e1s \u00e9rdek\u00e9ben tervezt\u00e9k. A kengyeles r\u00f6gz\u00edt\u00e9s lehet\u0151v\u00e9 teszi a henger gyors \u00e9s probl\u00e9mamentes sz\u00e9tszerel\u00e9s\u00e9t \u00e9s \u00f6sszeszerel\u00e9s\u00e9t. Ez az egyszer\u0171 karbantart\u00e1s cs\u00f6kkenti az \u00e1ll\u00e1sid\u0151t \u00e9s n\u00f6veli a rendszer \u00e1ltal\u00e1nos hat\u00e9konys\u00e1g\u00e1t.<\/p>\n<p>\u00d6sszefoglalva, az \u00e1ll\u00edthat\u00f3 kengyeles hengerek sz\u00e1mos el\u0151nnyel rendelkeznek, amelyek sz\u00e1mos alkalmaz\u00e1sban el\u0151nyben r\u00e9szes\u00edtik \u0151ket. Fokozott rugalmass\u00e1guk, prec\u00edz pozicion\u00e1l\u00e1suk, megn\u00f6velt l\u00f6kethosszuk, optim\u00e1lis terhel\u00e9seloszt\u00e1suk \u00e9s egyszer\u0171 karbantart\u00e1suk megb\u00edzhat\u00f3 \u00e9s hat\u00e9kony hidraulikus dugatty\u00fas hengerr\u00e9 teszik \u0151ket. A pr\u00e9mium min\u0151s\u00e9g\u0171 rozsdamentes ac\u00e9l felhaszn\u00e1l\u00e1s\u00e1nak k\u00f6sz\u00f6nhet\u0151en ezek a hengerek hossz\u00fa t\u00e1v\u00fa teljes\u00edtm\u00e9nyt \u00e9s tart\u00f3ss\u00e1got biztos\u00edtanak. Ak\u00e1r ipari automatiz\u00e1l\u00e1sr\u00f3l, \u00e9p\u00edt\u0151iparr\u00f3l, ak\u00e1r b\u00e1rmilyen m\u00e1s olyan ter\u00fcletr\u0151l van sz\u00f3, amely hidraulikus teljes\u00edtm\u00e9nyt ig\u00e9nyel, az \u00e1ll\u00edthat\u00f3 kengyeles hengerek sokoldal\u00fas\u00e1got \u00e9s teljes\u00edtm\u00e9nyt biztos\u00edtanak a k\u00fcl\u00f6nf\u00e9le alkalmaz\u00e1sok ig\u00e9nyeinek kiel\u00e9g\u00edt\u00e9s\u00e9hez.<\/p>\n<h3>Az FMP-r\u0151l<\/h3>\n<p>Az FMP egy hidraulikus hengerek gy\u00e1rt\u00e1s\u00e1ra \u00e9s \u00e9rt\u00e9kes\u00edt\u00e9s\u00e9re szakosodott v\u00e1llalat. Olaszorsz\u00e1gban tal\u00e1lhat\u00f3 sz\u00e9khely\u00fcnkkel sok\u00e9ves tapasztalattal rendelkez\u00fcnk az \u00e9p\u00edt\u0151ipari g\u00e9piparban, \u00e9s professzion\u00e1lis csapatunk elk\u00f6telezett a kiv\u00e1l\u00f3 min\u0151s\u00e9g\u0171 \u00e9s megb\u00edzhat\u00f3 term\u00e9kek \u00e9s szolg\u00e1ltat\u00e1sok ny\u00fajt\u00e1sa ir\u00e1nt.<\/p>\n<p><img decoding=\"async\" src=\"https:\/\/fmp-components.com\/wp-content\/uploads\/2024\/12\/Adjustable-Clevis-Type-Cylinders-6.webp\" alt=\"\u00c1ll\u00edthat\u00f3 kengyeles henger\" width=\"818\" title=\"\"><\/p>\n<p>\u00cdme \u00f6t ok, ami\u00e9rt az FMP-t kellene v\u00e1lasztania hidraulikus hengereihez:<\/p>\n<ol>\n<li>Sz\u00e9les term\u00e9kv\u00e1laszt\u00e9k: \u00c1tfog\u00f3 hidraulikus hengerv\u00e1laszt\u00e9kot k\u00edn\u00e1lunk, bele\u00e9rtve az \u00e1ll\u00edthat\u00f3 kengyeles hengereket, \u00f6sszek\u00f6t\u0151rudas hengereket, hegesztett hengereket \u00e9s egyebeket. B\u00e1rmilyen egyedi ig\u00e9nye is legyen, n\u00e1lunk megtal\u00e1lja az \u00d6nnek megfelel\u0151 hengert.<\/li>\n<li>Kiv\u00e9teles min\u0151s\u00e9g: Minden hidraulikus henger\u00fcnket kiv\u00e1l\u00f3 min\u0151s\u00e9g\u0171 anyagokb\u00f3l \u00e9s \u00e9lvonalbeli technol\u00f3gi\u00e1val gy\u00e1rtjuk. Szigor\u00fa min\u0151s\u00e9gi szabv\u00e1nyokat k\u00f6vet\u00fcnk annak biztos\u00edt\u00e1sa \u00e9rdek\u00e9ben, hogy term\u00e9keink megfeleljenek, vagy meghaladj\u00e1k az \u00fcgyfelek elv\u00e1r\u00e1sait.<\/li>\n<li>Megb\u00edzhat\u00f3 teljes\u00edtm\u00e9ny: Hidraulikus hengereinket \u00fagy tervezt\u00fck, hogy megb\u00edzhat\u00f3 \u00e9s k\u00f6vetkezetes teljes\u00edtm\u00e9nyt ny\u00fajtsanak m\u00e9g neh\u00e9z k\u00f6r\u00fclm\u00e9nyek k\u00f6z\u00f6tt is. \u00dagy tervezt\u00e9k \u0151ket, hogy ellen\u00e1lljanak a nagy terhel\u00e9seknek, \u00e9s biztos\u00edts\u00e1k a z\u00f6kken\u0151mentes \u00e9s hat\u00e9kony m\u0171k\u00f6d\u00e9st.<\/li>\n<li>Szak\u00e9rt\u0151i tan\u00e1csad\u00e1s: Tapasztalt \u00e9rt\u00e9kes\u00edt\u00e9si csapatunk j\u00e1rtas az \u00e9p\u00edt\u0151ipari g\u00e9piparban. Ismerik a leg\u00fajabb trendeket \u00e9s az \u00fcgyfelek ig\u00e9nyeit, \u00e9s professzion\u00e1lis term\u00e9ktan\u00e1csad\u00e1st tudnak ny\u00fajtani, hogy seg\u00edtsenek \u00d6nnek a projektjeihez ill\u0151 v\u00e1laszt\u00e1sban.<\/li>\n<li>Hat\u00e9kony sz\u00e1ll\u00edt\u00e1s: Meg\u00e9rtj\u00fck az id\u0151ben t\u00f6rt\u00e9n\u0151 sz\u00e1ll\u00edt\u00e1s fontoss\u00e1g\u00e1t. Hat\u00e9kony logisztikai eloszt\u00e1si rendszer\u00fcnkkel biztos\u00edtjuk, hogy a sz\u00fcks\u00e9ges hidraulikus hengerek id\u0151ben \u00e9s pontosan meg\u00e9rkezzenek, minimaliz\u00e1lva az \u00e1ll\u00e1sid\u0151t \u00e9s biztos\u00edtva a projektek folyamatoss\u00e1g\u00e1t.<\/li>\n<\/ol>\n<p>Hidraulikus hengerekkel kapcsolatos ig\u00e9nyeid kiel\u00e9g\u00edt\u00e9se \u00e9rdek\u00e9ben az FMP partnere, \u00e9s tapasztald meg a k\u00fcl\u00f6nbs\u00e9get! L\u00e9pj vel\u00fcnk kapcsolatba m\u00e9g ma, hogy megbesz\u00e9lhess\u00fck ig\u00e9nyeidet, \u00e9s megtal\u00e1ljuk a t\u00f6k\u00e9letes megold\u00e1st \u00e9p\u00edt\u0151ipari g\u00e9peidhez.<\/p>\n<p>Szerz\u0151: CX<\/p>","protected":false},"excerpt":{"rendered":"<p>Premium Quality Stainless Steel Hydraulic Oil Cylinder Hydraulic Piston Cylinder The Premium Quality Stainless Steel Hydraulic Oil Cylinder Hydraulic Piston Cylinder is a high-performance hydraulic cylinder designed for various industrial applications. This cylinder is made from premium quality stainless steel, which enhances its durability and resistance to corrosion. With its advanced hydraulic piston design, this [&hellip;]<\/p>","protected":false},"featured_media":1481,"comment_status":"closed","ping_status":"closed","template":"","meta":{"_et_pb_use_builder":"","_et_pb_old_content":"","_et_gb_content_width":""},"product_brand":[],"product_cat":[42],"product_tag":[34,44],"class_list":{"0":"post-1480","1":"product","2":"type-product","3":"status-publish","4":"has-post-thumbnail","6":"product_cat-snow-plow-hydraulic-cylinder","7":"product_tag-hydraulic-cylinder","8":"product_tag-snow-plow-hydraulic-cylinder","10":"first","11":"instock","12":"product-type-simple"},"_links":{"self":[{"href":"https:\/\/fmp-components.com\/hu\/wp-json\/wp\/v2\/product\/1480","targetHints":{"allow":["GET"]}}],"collection":[{"href":"https:\/\/fmp-components.com\/hu\/wp-json\/wp\/v2\/product"}],"about":[{"href":"https:\/\/fmp-components.com\/hu\/wp-json\/wp\/v2\/types\/product"}],"replies":[{"embeddable":true,"href":"https:\/\/fmp-components.com\/hu\/wp-json\/wp\/v2\/comments?post=1480"}],"wp:featuredmedia":[{"embeddable":true,"href":"https:\/\/fmp-components.com\/hu\/wp-json\/wp\/v2\/media\/1481"}],"wp:attachment":[{"href":"https:\/\/fmp-components.com\/hu\/wp-json\/wp\/v2\/media?parent=1480"}],"wp:term":[{"taxonomy":"product_brand","embeddable":true,"href":"https:\/\/fmp-components.com\/hu\/wp-json\/wp\/v2\/product_brand?post=1480"},{"taxonomy":"product_cat","embeddable":true,"href":"https:\/\/fmp-components.com\/hu\/wp-json\/wp\/v2\/product_cat?post=1480"},{"taxonomy":"product_tag","embeddable":true,"href":"https:\/\/fmp-components.com\/hu\/wp-json\/wp\/v2\/product_tag?post=1480"}],"curies":[{"name":"munkaf\u00fczet","href":"https:\/\/api.w.org\/{rel}","templated":true}]}}