{"id":1476,"date":"2024-12-23T05:49:26","date_gmt":"2024-12-23T05:49:26","guid":{"rendered":"https:\/\/fmp-components.com\/product\/superior-quality-small-welded-hydraulic-oil-cylinder\/"},"modified":"2024-12-23T06:35:24","modified_gmt":"2024-12-23T06:35:24","slug":"superior-quality-small-welded-hydraulic-oil-cylinder","status":"publish","type":"product","link":"https:\/\/fmp-components.com\/hu\/product\/superior-quality-small-welded-hydraulic-oil-cylinder\/","title":{"rendered":"Kiv\u00e1l\u00f3 min\u0151s\u00e9g\u0171 kis hegesztett hidraulikus olajhenger"},"content":{"rendered":"<h2>Kiv\u00e1l\u00f3 min\u0151s\u00e9g\u0171 kis hegesztett hidraulikus olajhenger<\/h2>\n<p>Bemutatjuk a kiv\u00e1l\u00f3 min\u0151s\u00e9g\u0171 kis hegesztett hidraulikaolaj-hengert:<\/p>\n<p>A kiv\u00e1l\u00f3 min\u0151s\u00e9g\u0171, kism\u00e9ret\u0171 hegesztett hidraulikus olajhenger egy rendk\u00edv\u00fcl megb\u00edzhat\u00f3 \u00e9s hat\u00e9kony term\u00e9k, amelyet k\u00fcl\u00f6nf\u00e9le ipari alkalmaz\u00e1sokhoz terveztek. Fejlett technol\u00f3gi\u00e1j\u00e1nak \u00e9s els\u0151 oszt\u00e1ly\u00fa kivitelez\u00e9s\u00e9nek k\u00f6sz\u00f6nhet\u0151en ez a hidraulikus henger kiv\u00e9teles teljes\u00edtm\u00e9nyt \u00e9s hossz\u00fa \u00e9lettartamot biztos\u00edt.<\/p>\n<p>Ez a hidraulikus olajhenger szak\u00e9rt\u0151k \u00e1ltal, kiv\u00e1l\u00f3 min\u0151s\u00e9g\u0171 anyagokb\u00f3l k\u00e9sz\u00fclt, \u00edgy tart\u00f3s \u00e9s kop\u00e1s\u00e1ll\u00f3. Hegesztett kialak\u00edt\u00e1sa kiv\u00e1l\u00f3 szil\u00e1rds\u00e1got \u00e9s stabilit\u00e1st biztos\u00edt, \u00edgy m\u00e9g a legig\u00e9nyesebb hidraulikus rendszerekhez is alkalmas.<\/p>\n<p>A legmodernebb hidraulikus technol\u00f3gi\u00e1val felszerelt henger prec\u00edz vez\u00e9rl\u00e9st \u00e9s sima m\u0171k\u00f6d\u00e9st k\u00edn\u00e1l. Hat\u00e9kony er\u0151\u00e1tvitelt biztos\u00edt, lehet\u0151v\u00e9 t\u00e9ve a z\u00f6kken\u0151mentes mozg\u00e1st \u00e9s az optim\u00e1lis teljes\u00edtm\u00e9nyt a hidraulikus g\u00e9pekben.<\/p>\n<p>A kiv\u00e1l\u00f3 min\u0151s\u00e9g\u0171, kism\u00e9ret\u0171 hegesztett hidraulikaolaj-henger leny\u0171g\u00f6z\u0151 teherb\u00edr\u00e1s\u00e1r\u00f3l \u00e9s nagy nyom\u00e1ssal szembeni ellen\u00e1ll\u00e1s\u00e1r\u00f3l ismert. Ez ide\u00e1liss\u00e1 teszi nagy ig\u00e9nybev\u00e9tel\u0171 alkalmaz\u00e1sokhoz, amelyek megb\u00edzhat\u00f3 \u00e9s robusztus hidraulikus rendszert ig\u00e9nyelnek.<\/p>\n<p>Tov\u00e1bb\u00e1, ezt a hidraulikus hengert apr\u00f3l\u00e9kosan tesztelik \u00e9s ellen\u0151rzik, hogy megfeleljen a legmagasabb min\u0151s\u00e9gi szabv\u00e1nyoknak. Szigor\u00fa teljes\u00edtm\u00e9ny\u00e9rt\u00e9kel\u00e9seken esik \u00e1t, hogy biztos\u00edts\u00e1k a m\u0171k\u00f6d\u00e9s\u00e9t \u00e9s megb\u00edzhat\u00f3s\u00e1g\u00e1t k\u00fcl\u00f6nb\u00f6z\u0151 \u00fczemi k\u00f6r\u00fclm\u00e9nyek k\u00f6z\u00f6tt.<\/p>\n<p>\u00d6sszefoglalva, a Kiv\u00e1l\u00f3 Min\u0151s\u00e9g\u0171 Kism\u00e9ret\u0171 Hegesztett Hidraulikus Olajhenger egy cs\u00facskateg\u00f3ri\u00e1s term\u00e9k, amelyet kiv\u00e9teles teljes\u00edtm\u00e9ny \u00e9s tart\u00f3ss\u00e1g biztos\u00edt\u00e1s\u00e1ra terveztek. Fejlett technol\u00f3gi\u00e1j\u00e1nak, prec\u00edz vez\u00e9rl\u00e9s\u00e9nek \u00e9s kiemelked\u0151 szil\u00e1rds\u00e1g\u00e1nak k\u00f6sz\u00f6nhet\u0151en kiv\u00e1l\u00f3 v\u00e1laszt\u00e1s olyan ipari alkalmaz\u00e1sokhoz, amelyek megb\u00edzhat\u00f3 hidraulikus rendszereket ig\u00e9nyelnek.<\/p>\n<p><img decoding=\"async\" title=\"H\u00f3eke hidraulikus henger\" src=\"https:\/\/hzpt.com\/wp-content\/uploads\/2023\/11\/Snow-Plow-Hydraulic-Cylinder-3.webp\" alt=\"H\u00f3eke hidraulikus henger\" \/><\/p>\n<h2>Bemutatjuk a kiv\u00e1l\u00f3 min\u0151s\u00e9g\u0171, kism\u00e9ret\u0171 hegesztett hidraulikus olajhengert<\/h2>\n<p>Bemutatjuk a kiv\u00e1l\u00f3 min\u0151s\u00e9g\u0171, kism\u00e9ret\u0171 hegesztett hidraulikus olajhengert, egy cs\u00facskateg\u00f3ri\u00e1s g\u00e9palkatr\u00e9szt, amelyet sz\u00e1mos ipar\u00e1g szigor\u00fa ig\u00e9nyeinek kiel\u00e9g\u00edt\u00e9s\u00e9re terveztek. Ez a hidraulikus henger \u00faj, rendk\u00edv\u00fcl megb\u00edzhat\u00f3, \u00e9s egy \u00e9v garanci\u00e1val rendelkezik, ami a min\u0151s\u00e9g \u00e9s a megb\u00edzhat\u00f3s\u00e1g ir\u00e1nti elk\u00f6telezetts\u00e9g\u00fcnk bizony\u00edt\u00e9ka.<\/p>\n<h2>Term\u00e9kjellemz\u0151k<\/h2>\n<p>A hidraulikus olajhenger robusztus ac\u00e9lb\u00f3l k\u00e9sz\u00fclt, \u00e9s szabv\u00e1nyos dugatty\u00fas henger szerkezettel rendelkezik, amely ide\u00e1lis g\u00e9pjav\u00edt\u00f3 m\u0171helyek, mez\u0151gazdas\u00e1gi \u00fczemek, energia- \u00e9s b\u00e1ny\u00e1szat, g\u00e9pgy\u00e1rt\u00e1s \u00e9s gy\u00e1rak sz\u00e1m\u00e1ra. 12 kg-os s\u00faly\u00e1val ez a hidraulikus henger k\u00f6nnyen kezelhet\u0151. F\u0151 alkot\u00f3elemei a csap\u00e1gy \u00e9s a hidraulikus henger, amelyekre egy \u00e9v garancia vonatkozik. A henger hidraulikus er\u0151vel m\u0171k\u00f6dik, \u00e9s maxim\u00e1lisan 3000 tonna tol\u00f3er\u0151t \u00e9s maxim\u00e1lisan 20 tonna h\u00faz\u00f3er\u0151t b\u00edr el, \u00edgy robusztus \u00e9s megb\u00edzhat\u00f3 v\u00e1laszt\u00e1s a nagynyom\u00e1s\u00fa m\u0171veleteket v\u00e9gz\u0151 ipar\u00e1gak sz\u00e1m\u00e1ra.<\/p>\n<h2>M\u0171szaki adatok<\/h2>\n<ul>\n<li>Standard vagy nem szabv\u00e1nyos: Standard<\/li>\n<li>Szerkezet: Dugatty\u00fas henger<\/li>\n<li>Teljes\u00edtm\u00e9ny: Hidraulikus<\/li>\n<li>Test anyaga: Ac\u00e9l<\/li>\n<li>Max. tol\u00f3er\u0151: 3000<\/li>\n<li>Max. h\u00faz\u00f3er\u0151: 20 tonna<\/li>\n<li>Csatlakoz\u00e1sok: G\/SAE\/NPT\/M<\/li>\n<li>Furatm\u00e9ret: 2-6 h\u00fcvelyk<\/li>\n<li>R\u00fadm\u00e9ret: 1,125-4 h\u00fcvelyk<\/li>\n<li>L\u00f6ketm\u00e9ret: 4-100 h\u00fcvelyk<\/li>\n<li>Csapm\u00e9ret: 0,5-2 h\u00fcvelyk<\/li>\n<\/ul>\n<h2>Az \u00e1ll\u00edthat\u00f3 kengyeles hengerek el\u0151nyei<\/h2>\n<p>Az \u00e1ll\u00edthat\u00f3 kengyeles hengerek egyre n\u00e9pszer\u0171bbek a k\u00fcl\u00f6nf\u00e9le ipari alkalmaz\u00e1sokban sz\u00e1mos el\u0151ny\u00fck miatt. Ebben a cikkben megvizsg\u00e1ljuk ezeknek a hengereknek az el\u0151nyeit, \u00e9s azt, hogy mi\u00e9rt jobbak m\u00e1s t\u00edpus\u00fa hidraulikus hengerekkel szemben.<\/p>\n<h3>1. Sokoldal\u00fas\u00e1g<\/h3>\n<p>Az \u00e1ll\u00edthat\u00f3 kengyeles hengerek egyik f\u0151 el\u0151nye a sokoldal\u00fas\u00e1guk. Ezek a hengerek sz\u00e9les k\u00f6rben haszn\u00e1lhat\u00f3k, az \u00e9p\u00edt\u0151ipari berendez\u00e9sekt\u0151l a mez\u0151gazdas\u00e1gi g\u00e9pekig. Ez a sokoldal\u00fas\u00e1g annak k\u00f6sz\u00f6nhet\u0151, hogy k\u00f6nnyen be\u00e1ll\u00edthat\u00f3k az adott ig\u00e9nyekhez, \u00edgy ide\u00e1lis v\u00e1laszt\u00e1st jelentenek azokban az alkalmaz\u00e1sokban, ahol a rugalmass\u00e1g kulcsfontoss\u00e1g\u00fa.<\/p>\n<h3>2. Pontoss\u00e1g<\/h3>\n<p>Az \u00e1ll\u00edthat\u00f3 kengyeles hengerek tov\u00e1bbi el\u0151nye a pontoss\u00e1guk. Ezeket a hengereket pontos \u00e9s megb\u00edzhat\u00f3 vez\u00e9rl\u00e9sre tervezt\u00e9k, \u00edgy ide\u00e1lisak olyan alkalmaz\u00e1sokhoz, ahol prec\u00edz mozg\u00e1sra van sz\u00fcks\u00e9g. Ezt a pontoss\u00e1got kiv\u00e1l\u00f3 min\u0151s\u00e9g\u0171 anyagok \u00e9s fejlett gy\u00e1rt\u00e1si technik\u00e1k alkalmaz\u00e1s\u00e1val \u00e9rik el, ami kiv\u00e1l\u00f3 min\u0151s\u00e9g\u0171, kism\u00e9ret\u0171 hegesztett hidraulikaolaj-hengereket eredm\u00e9nyez.<\/p>\n<h3>3. Tart\u00f3ss\u00e1g<\/h3>\n<p>Az \u00e1ll\u00edthat\u00f3 kengyeles hengerek tart\u00f3ss\u00e1gukr\u00f3l is ismertek. Ezeket a hengereket \u00fagy tervezt\u00e9k, hogy m\u00e9g a legmostoh\u00e1bb k\u00f6rnyezeti felt\u00e9teleknek \u00e9s k\u00f6r\u00fclm\u00e9nyeknek is ellen\u00e1lljanak, \u00edgy ide\u00e1lisak nagy ig\u00e9nybev\u00e9tel\u0171 alkalmaz\u00e1sokhoz. Ez a tart\u00f3ss\u00e1g a kiv\u00e1l\u00f3 min\u0151s\u00e9g\u0171 anyagok \u00e9s a fejlett gy\u00e1rt\u00e1si technik\u00e1k haszn\u00e1lat\u00e1nak k\u00f6sz\u00f6nhet\u0151, amelyek biztos\u00edtj\u00e1k a hengerek tart\u00f3ss\u00e1g\u00e1t.<\/p>\n<h3>4. Hat\u00e9konys\u00e1g<\/h3>\n<p>A hat\u00e9konys\u00e1g az \u00e1ll\u00edthat\u00f3 kengyeles hengerek tov\u00e1bbi el\u0151nye. Ezeket a hengereket \u00fagy tervezt\u00e9k, hogy maxim\u00e1lis teljes\u00edtm\u00e9nyt ny\u00fajtsanak minim\u00e1lis energiafogyaszt\u00e1s mellett, \u00edgy energiahat\u00e9kony megold\u00e1st k\u00edn\u00e1lnak sz\u00e9les k\u00f6r\u0171 alkalmaz\u00e1sokhoz. Ezt a hat\u00e9konys\u00e1got fejlett hidraulikus rendszerek \u00e9s egy\u00e9b tervez\u00e9si jellemz\u0151k haszn\u00e1lat\u00e1val \u00e9rik el, amelyek optimaliz\u00e1lj\u00e1k a teljes\u00edtm\u00e9nyt \u00e9s minimaliz\u00e1lj\u00e1k az energiapazarl\u00e1st.<\/p>\n<h3>5. Testreszab\u00e1s<\/h3>\n<p>V\u00e9g\u00fcl, az \u00e1ll\u00edthat\u00f3 kengyeles hengerek nagyfok\u00fa testreszabhat\u00f3s\u00e1got k\u00edn\u00e1lnak. Ezek a hengerek k\u00f6nnyen m\u00f3dos\u00edthat\u00f3k az adott k\u00f6vetelm\u00e9nyeknek megfelel\u0151en, \u00edgy ide\u00e1lis v\u00e1laszt\u00e1st jelentenek olyan alkalmaz\u00e1sokhoz, ahol testreszab\u00e1s sz\u00fcks\u00e9ges. Ez a testreszab\u00e1s mag\u00e1ban foglalhatja a henger furat\u00e1nak, l\u00f6kethossz\u00e1nak \u00e9s r\u00f6gz\u00edt\u00e9si lehet\u0151s\u00e9geinek m\u00f3dos\u00edt\u00e1s\u00e1t, t\u00f6bbek k\u00f6z\u00f6tt, biztos\u00edtva, hogy a henger pontosan megfeleljen az alkalmaz\u00e1s ig\u00e9nyeinek.<\/p>\n<p>\u00d6sszefoglalva, az \u00e1ll\u00edthat\u00f3 kengyeles hengerek sz\u00e1mos el\u0151nnyel rendelkeznek, amelyek ide\u00e1lis v\u00e1laszt\u00e1ss\u00e1 teszik \u0151ket k\u00fcl\u00f6nf\u00e9le ipari alkalmaz\u00e1sokhoz. Sokoldal\u00fas\u00e1gukt\u00f3l \u00e9s pontoss\u00e1gukt\u00f3l kezdve a tart\u00f3ss\u00e1gukon, hat\u00e9konys\u00e1gukon \u00e9s testreszab\u00e1si lehet\u0151s\u00e9geiken \u00e1t ezek a hengerek kiv\u00e1l\u00f3 teljes\u00edtm\u00e9nyt \u00e9s megb\u00edzhat\u00f3s\u00e1got biztos\u00edtanak, \u00edgy az ipar\u00e1gban kedvelt v\u00e1laszt\u00e1snak sz\u00e1m\u00edtanak.<\/p>\n<h3>Az FMP-r\u0151l<\/h3>\n<p>Az FMP egy olyan v\u00e1llalat, amely hidraulikus hengerek gy\u00e1rt\u00e1s\u00e1ra \u00e9s \u00e9rt\u00e9kes\u00edt\u00e9s\u00e9re specializ\u00e1l\u00f3dott. Sok\u00e9ves ipar\u00e1gi tapasztalatunkkal \u00e9s professzion\u00e1lis csapatunkkal kiv\u00e1l\u00f3 min\u0151s\u00e9g\u0171 \u00e9s megb\u00edzhat\u00f3 hidraulikus hengereket biztos\u00edtunk \u00e9p\u00edt\u0151ipari g\u00e9pekhez.<\/p>\n<p><img decoding=\"async\" src=\"https:\/\/fmp-components.com\/wp-content\/uploads\/2024\/12\/Adjustable-Clevis-Type-Cylinders-6.webp\" alt=\"\u00c1ll\u00edthat\u00f3 kengyeles henger\" width=\"816\" title=\"\"><\/p>\n<p>\u00cdme \u00f6t ok, ami\u00e9rt \u00e9rdemes hidraulikus munkahengereinket v\u00e1lasztania:<\/p>\n<ol>\n<li>Sz\u00e9les v\u00e1laszt\u00e9k: \u00c1tfog\u00f3 hidraulikus hengerv\u00e1laszt\u00e9kot k\u00edn\u00e1lunk, bele\u00e9rtve az \u00e1ll\u00edthat\u00f3 kengyeles hengereket, \u00f6sszek\u00f6t\u0151rudas hengereket, hegesztett hengereket, teleszk\u00f3pos hengereket \u00e9s kompakt hengereket. B\u00e1rmilyen \u00e9p\u00edt\u0151ipari g\u00e9pig\u00e9nyre is van sz\u00fcks\u00e9ge, n\u00e1lunk megtal\u00e1lja az \u00d6nnek t\u00f6k\u00e9letes hengert.<\/li>\n<li>Kiv\u00e1l\u00f3 min\u0151s\u00e9g: Minden hidraulikus henger\u00fcnket kiv\u00e1l\u00f3 min\u0151s\u00e9g\u0171 anyagokb\u00f3l gy\u00e1rtjuk, \u00e9s szigor\u00fa min\u0151s\u00e9gellen\u0151rz\u00e9sen es\u00fcnk \u00e1t. Biztos\u00edtjuk, hogy minden henger megfeleljen a szigor\u00fa ipar\u00e1gi szabv\u00e1nyoknak, \u00edgy megb\u00edzhat\u00f3 \u00e9s tart\u00f3s teljes\u00edtm\u00e9nyt ny\u00fajtva.<\/li>\n<li>Testreszab\u00e1s: Meg\u00e9rtj\u00fck, hogy minden \u00e9p\u00edt\u00e9si projektnek egyedi k\u00f6vetelm\u00e9nyei vannak. Ez\u00e9rt k\u00edn\u00e1lunk testreszab\u00e1si lehet\u0151s\u00e9geket hidraulikus hengereinkhez. Legyen sz\u00f3 m\u00e9retr\u0151l, r\u00f6gz\u00edt\u00e9si m\u00f3dr\u00f3l vagy nyom\u00e1sbesorol\u00e1sr\u00f3l, a hengert az \u00d6n egyedi ig\u00e9nyeihez tudjuk igaz\u00edtani.<\/li>\n<li>Szak\u00e9rt\u0151i tan\u00e1csad\u00e1s: Tapasztalt \u00e9rt\u00e9kes\u00edt\u00e9si csapatunk j\u00e1rtas az \u00e9p\u00edt\u0151ipari g\u00e9piparban. Professzion\u00e1lis term\u00e9ktan\u00e1csad\u00e1st tudnak ny\u00fajtani, seg\u00edtve a berendez\u00e9s\u00e9hez megfelel\u0151 hidraulikus henger kiv\u00e1laszt\u00e1s\u00e1t. Elk\u00f6telezettek vagyunk az ir\u00e1nt, hogy megtal\u00e1ljuk \u00fcgyfeleink sz\u00e1m\u00e1ra a legjobb megold\u00e1sokat.<\/li>\n<li>Hat\u00e9kony eloszt\u00e1s: Hat\u00e9kony logisztikai eloszt\u00e1si rendszerrel rendelkez\u00fcnk, amely biztos\u00edtja, hogy hidraulikus hengereit id\u0151ben \u00e9s pontosan megkapja. B\u00edzhat benne, hogy a sz\u00fcks\u00e9ges alkatr\u00e9szeket akkor sz\u00e1ll\u00edtjuk, amikor sz\u00fcks\u00e9ge van r\u00e1juk, minimaliz\u00e1lva ezzel a g\u00e9pei \u00e1ll\u00e1sidej\u00e9t.<\/li>\n<\/ol>\n<p>V\u00e1lassza az FMP-t hidraulikus hengerei ig\u00e9nyeihez, \u00e9s tapasztalja meg a k\u00fcl\u00f6nbs\u00e9get. L\u00e9pjen kapcsolatba vel\u00fcnk m\u00e9g ma, hogy megbesz\u00e9lhess\u00fck, hogyan tudjuk kiel\u00e9g\u00edteni \u00e9p\u00edt\u0151ipari g\u00e9pekkel kapcsolatos ig\u00e9nyeit.<\/p>\n<h2>GYIK<\/h2>\n<h3>K: Kereskedelmi v\u00e1llalat vagy gy\u00e1rt\u00f3?<\/h3>\n<p>V: Gy\u00e1r vagyunk, \u00e9s mi gy\u00e1rtjuk a term\u00e9keinket.<\/p>\n<h3>K: Mennyi a sz\u00e1ll\u00edt\u00e1si id\u0151?<\/h3>\n<p>V: \u00c1ltal\u00e1ban a sz\u00e1ll\u00edt\u00e1si id\u0151nk 25-35 nap.<\/p>\n<h3>K: Tudsz-e a mint\u00e1k szerint gy\u00e1rtani?<\/h3>\n<p>V: Igen, a mint\u00e1k vagy m\u0171szaki rajzok alapj\u00e1n tudunk legy\u00e1rtani. El tudjuk k\u00e9sz\u00edteni a form\u00e1kat \u00e9s a szerelv\u00e9nyeket.<\/p>\n<p><img decoding=\"async\" src=\"https:\/\/hzpt.com\/wp-content\/uploads\/2023\/11\/Snow-Plow-Hydraulic-Cylinder-4Factory.webp\" alt=\"Ever-Power er\u0151\u00e1tviteli gy\u00e1r\" title=\"\"><\/p>\n<p>Szerz\u0151: CX<\/p>","protected":false},"excerpt":{"rendered":"<p>Superior Quality Small Welded Hydraulic Oil Cylinder Introducing the Superior Quality Small Welded Hydraulic Oil Cylinder: The Superior Quality Small Welded Hydraulic Oil Cylinder is a highly reliable and efficient product designed for various industrial applications. With its advanced technology and top-notch craftsmanship, this hydraulic cylinder is built to deliver exceptional performance and longevity. This [&hellip;]<\/p>","protected":false},"featured_media":1477,"comment_status":"closed","ping_status":"closed","template":"","meta":{"_et_pb_use_builder":"","_et_pb_old_content":"","_et_gb_content_width":""},"product_brand":[],"product_cat":[42],"product_tag":[34,44],"class_list":{"0":"post-1476","1":"product","2":"type-product","3":"status-publish","4":"has-post-thumbnail","6":"product_cat-snow-plow-hydraulic-cylinder","7":"product_tag-hydraulic-cylinder","8":"product_tag-snow-plow-hydraulic-cylinder","10":"first","11":"instock","12":"product-type-simple"},"_links":{"self":[{"href":"https:\/\/fmp-components.com\/hu\/wp-json\/wp\/v2\/product\/1476","targetHints":{"allow":["GET"]}}],"collection":[{"href":"https:\/\/fmp-components.com\/hu\/wp-json\/wp\/v2\/product"}],"about":[{"href":"https:\/\/fmp-components.com\/hu\/wp-json\/wp\/v2\/types\/product"}],"replies":[{"embeddable":true,"href":"https:\/\/fmp-components.com\/hu\/wp-json\/wp\/v2\/comments?post=1476"}],"wp:featuredmedia":[{"embeddable":true,"href":"https:\/\/fmp-components.com\/hu\/wp-json\/wp\/v2\/media\/1477"}],"wp:attachment":[{"href":"https:\/\/fmp-components.com\/hu\/wp-json\/wp\/v2\/media?parent=1476"}],"wp:term":[{"taxonomy":"product_brand","embeddable":true,"href":"https:\/\/fmp-components.com\/hu\/wp-json\/wp\/v2\/product_brand?post=1476"},{"taxonomy":"product_cat","embeddable":true,"href":"https:\/\/fmp-components.com\/hu\/wp-json\/wp\/v2\/product_cat?post=1476"},{"taxonomy":"product_tag","embeddable":true,"href":"https:\/\/fmp-components.com\/hu\/wp-json\/wp\/v2\/product_tag?post=1476"}],"curies":[{"name":"munkaf\u00fczet","href":"https:\/\/api.w.org\/{rel}","templated":true}]}}