{"id":1474,"date":"2024-12-23T05:49:26","date_gmt":"2024-12-23T05:49:26","guid":{"rendered":"https:\/\/fmp-components.com\/product\/new-model-double-acting-small-hydraulic-piston-cylinder\/"},"modified":"2024-12-23T06:33:50","modified_gmt":"2024-12-23T06:33:50","slug":"new-model-double-acting-small-hydraulic-piston-cylinder","status":"publish","type":"product","link":"https:\/\/fmp-components.com\/hu\/product\/new-model-double-acting-small-hydraulic-piston-cylinder\/","title":{"rendered":"\u00daj modell kett\u0151s m\u0171k\u00f6d\u00e9s\u0171 kis hidraulikus dugatty\u00fas henger"},"content":{"rendered":"<h2>\u00daj modell kett\u0151s m\u0171k\u00f6d\u00e9s\u0171 kis hidraulikus dugatty\u00fas henger<\/h2>\n<p>Bemutatkozik az \u00faj modell, a kett\u0151s m\u0171k\u00f6d\u00e9s\u0171 kis hidraulikus dugatty\u00fas henger:<\/p>\n<p>Az \u00faj modell\u0171, kett\u0151s m\u0171k\u00f6d\u00e9s\u0171, kism\u00e9ret\u0171 hidraulikus dugatty\u00fas henger egy forradalmian \u00faj term\u00e9k, amelyet hat\u00e9kony \u00e9s megb\u00edzhat\u00f3 hidraulikus teljes\u00edtm\u00e9ny biztos\u00edt\u00e1s\u00e1ra terveztek. Kompakt m\u00e9ret\u00e9nek \u00e9s kiv\u00e9teles teljes\u00edtm\u00e9ny\u00e9nek k\u00f6sz\u00f6nhet\u0151en ez a henger t\u00f6k\u00e9letes sz\u00e9les k\u00f6r\u0171 ipari alkalmaz\u00e1sokhoz.<\/p>\n<p>Kett\u0151s m\u0171k\u00f6d\u00e9s\u0171 kialak\u00edt\u00e1s\u00e1nak k\u00f6sz\u00f6nhet\u0151en ez a hidraulikus dugatty\u00fas henger k\u00e9pes mind kiny\u00falni, mind visszah\u00faz\u00f3dni, \u00edgy prec\u00edz vez\u00e9rl\u00e9st \u00e9s rugalmass\u00e1got biztos\u00edt a k\u00fcl\u00f6nf\u00e9le m\u0171veletek sor\u00e1n. Kis m\u00e9rete ide\u00e1liss\u00e1 teszi sz\u0171k helyeken val\u00f3 haszn\u00e1latra, ahol a nagyobb hengerek nem felt\u00e9tlen\u00fcl alkalmasak.<\/p>\n<p>A legmagasabb min\u0151s\u00e9g\u0171 anyagokb\u00f3l k\u00e9sz\u00fclt dugatty\u00fas henger nagy ig\u00e9nybev\u00e9telnek is ellen\u00e1ll, \u00e9s \u00e1lland\u00f3 teljes\u00edtm\u00e9nyt ny\u00fajt. Robusztus konstrukci\u00f3ja hossz\u00fa \u00e9lettartamot biztos\u00edt, minimaliz\u00e1lva a karbantart\u00e1st \u00e9s az \u00e1ll\u00e1sid\u0151t.<\/p>\n<p>Fejlett hidraulikus technol\u00f3gi\u00e1val felszerelve, ez a henger sima \u00e9s megb\u00edzhat\u00f3 m\u0171k\u00f6d\u00e9st biztos\u00edt, prec\u00edz sebess\u00e9g- \u00e9s er\u0151szab\u00e1lyoz\u00e1ssal. Ez optim\u00e1lis teljes\u00edtm\u00e9nyt \u00e9s fokozott termel\u00e9kenys\u00e9get biztos\u00edt b\u00e1rmilyen alkalmaz\u00e1sban.<\/p>\n<p>Az \u00faj modell kett\u0151s m\u0171k\u00f6d\u00e9s\u0171, kis hidraulikus dugatty\u00fas hengere k\u00f6nnyen telep\u00edthet\u0151 \u00e9s a legt\u00f6bb hidraulikus rendszerrel kompatibilis. Sokoldal\u00fa kialak\u00edt\u00e1sa lehet\u0151v\u00e9 teszi a z\u00f6kken\u0151mentes integr\u00e1ci\u00f3t a megl\u00e9v\u0151 rendszerekbe, k\u00f6lts\u00e9ghat\u00e9kony megold\u00e1st k\u00edn\u00e1lva a hidraulikus k\u00e9pess\u00e9gek korszer\u0171s\u00edt\u00e9s\u00e9re vagy b\u0151v\u00edt\u00e9s\u00e9re.<\/p>\n<p>Ak\u00e1r g\u00e9peket kell hajtania, neh\u00e9z terheket kell ir\u00e1ny\u00edtania, vagy prec\u00edzi\u00f3s mozg\u00e1sokat kell v\u00e9geznie, az \u00faj modell\u0171 kett\u0151s m\u0171k\u00f6d\u00e9s\u0171 kis hidraulikus dugatty\u00fas henger a legjobb v\u00e1laszt\u00e1s. B\u00edzzon kiv\u00e9teles teljes\u00edtm\u00e9ny\u00e9ben \u00e9s tart\u00f3ss\u00e1g\u00e1ban, hogy k\u00f6nnyed\u00e9n kiel\u00e9g\u00edti hidraulikus energiaig\u00e9ny\u00e9t.<\/p>\n<p>V\u00e1lassza az \u00faj modell\u0171, kett\u0151s m\u0171k\u00f6d\u00e9s\u0171, kis hidraulikus dugatty\u00fas hengert, \u00e9s tapasztalja meg a hidraulikus technol\u00f3gia erej\u00e9t a legjav\u00e1b\u00f3l. Friss\u00edtse berendez\u00e9s\u00e9t, \u00e9s t\u00e1rjon fel \u00faj lehet\u0151s\u00e9geket ezzel az innovat\u00edv term\u00e9kkel. Bemutatjuk az \u00faj modell\u0171, kett\u0151s m\u0171k\u00f6d\u00e9s\u0171, kis hidraulikus dugatty\u00fas hengert, a modern g\u00e9p\u00e9szet csod\u00e1j\u00e1t. Ez a term\u00e9k innovat\u00edv technol\u00f3gi\u00e1val \u00e9s kiv\u00e1l\u00f3 anyagokkal k\u00e9sz\u00fclt az optim\u00e1lis teljes\u00edtm\u00e9ny \u00e9s tart\u00f3ss\u00e1g \u00e9rdek\u00e9ben. T\u00f6k\u00e9letes g\u00e9pjav\u00edt\u00f3 m\u0171helyek, mez\u0151gazdas\u00e1gi \u00fczemek, energia- \u00e9s b\u00e1ny\u00e1szati \u200b\u200bipar\u00e1gak, valamint g\u00e9pgy\u00e1rt\u00f3 \u00fczemek sz\u00e1m\u00e1ra, ez a hidraulikus dugatty\u00fas henger elengedhetetlen a neh\u00e9z feladatokhoz.<\/p>\n<p><img decoding=\"async\" title=\"H\u00f3eke hidraulikus henger\" src=\"https:\/\/hzpt.com\/wp-content\/uploads\/2023\/11\/Snow-Plow-Hydraulic-Cylinder-2.webp\" alt=\"H\u00f3eke hidraulikus henger\" \/><\/p>\n<h2>Kiemelt jellemz\u0151k<\/h2>\n<p>A hidraulikus dugatty\u00fas hengerre egy \u00e9v garanci\u00e1t v\u00e1llalunk, \u00edgy \u00fcgyfeleink nyugodtak lehetnek. Standard fel\u00e9p\u00edt\u00e9s\u0171 \u00e9s hidraulikus energi\u00e1val m\u0171k\u00f6dik. A test anyaga massz\u00edv ac\u00e9l, amely extr\u00e9m k\u00f6r\u00fclm\u00e9nyeknek is ellen\u00e1ll. Maxim\u00e1lis tol\u00f3ereje 3000 tonna, maxim\u00e1lis h\u00faz\u00f3ereje pedig 20 tonna, \u00edgy ez a g\u00e9p val\u00f3ban er\u0151teljes. Ez egyfajta h\u00f3eke hidraulikus henger G\/SAE\/NPT\/M csatlakoz\u00f3kkal. ISO9001:2000 tan\u00fas\u00edtv\u00e1nnyal rendelkezik, amely biztos\u00edtja a min\u0151s\u00e9g\u00e9t \u00e9s megb\u00edzhat\u00f3s\u00e1g\u00e1t.<\/p>\n<p><img decoding=\"async\" title=\"H\u00f3eke hidraulikus henger\" src=\"https:\/\/hzpt.com\/wp-content\/uploads\/2023\/11\/Snow-Plow-Hydraulic-Cylinder-3.webp\" alt=\"H\u00f3eke hidraulikus henger\" \/><\/p>\n<h3>Tov\u00e1bbi specifik\u00e1ci\u00f3k<\/h3>\n<ul>\n<li>Furatm\u00e9ret: 2-6 h\u00fcvelyk<\/li>\n<li>R\u00fadm\u00e9ret: 1,125-4 h\u00fcvelyk<\/li>\n<li>L\u00f6ketm\u00e9ret: 4-100 h\u00fcvelyk<\/li>\n<li>Csapm\u00e9ret: 0,5-2 h\u00fcvelyk<\/li>\n<li>Sz\u00edn: Fekete<\/li>\n<\/ul>\n<p><img decoding=\"async\" src=\"https:\/\/hzpt.com\/wp-content\/uploads\/2023\/11\/Snow-Plow-Hydraulic-Cylinder-4Factory.webp\" alt=\"Gy\u00e1ri k\u00e9p\" title=\"\"><\/p>\n<h2>Az \u00e1ll\u00edthat\u00f3 kengyeles hengerek el\u0151nyei<\/h2>\n<p>Az \u00e1ll\u00edthat\u00f3 kengyeles hengerek n\u00e9pszer\u0171 v\u00e1laszt\u00e1snak bizonyulnak sz\u00e1mos ipari \u00e9s \u00e9p\u00edt\u0151ipari alkalmaz\u00e1sban. Ezek a hengerek sz\u00e1mos el\u0151nnyel rendelkeznek m\u00e1s t\u00edpus\u00fa hengerekkel szemben. Ebben a cikkben az \u00e1ll\u00edthat\u00f3 kengyeles hengerek n\u00e9h\u00e1ny el\u0151ny\u00e9t t\u00e1rgyaljuk, bele\u00e9rtve a tart\u00f3ss\u00e1gukat, sokoldal\u00fas\u00e1gukat \u00e9s hat\u00e9konys\u00e1gukat.<\/p>\n<h3>Tart\u00f3ss\u00e1g<\/h3>\n<p>Az \u00e1ll\u00edthat\u00f3 kengyeles hengerek egyik f\u0151 el\u0151nye a tart\u00f3ss\u00e1guk. Ezeket a hengereket \u00fagy tervezt\u00e9k, hogy ellen\u00e1lljanak a nagy terhel\u00e9seknek \u00e9s a sz\u00e9ls\u0151s\u00e9ges \u00fczemi k\u00f6r\u00fclm\u00e9nyeknek. A kiv\u00e1l\u00f3 min\u0151s\u00e9g\u0171 anyagok, p\u00e9ld\u00e1ul ac\u00e9l \u00e9s alum\u00ednium\u00f6tv\u00f6zetek haszn\u00e1lata biztos\u00edtja, hogy ezek a hengerek ellen\u00e1lljanak a mindennapi haszn\u00e1lat kop\u00e1s\u00e1nak \u00e9s elhaszn\u00e1l\u00f3d\u00e1s\u00e1nak.<\/p>\n<p>Ezenk\u00edv\u00fcl az \u00e1ll\u00edthat\u00f3 kengyeles hengerek \u00fagy vannak kialak\u00edtva, hogy ellen\u00e1lljanak a korr\u00f3zi\u00f3nak \u00e9s a zord k\u00f6rnyezeti hat\u00e1sokb\u00f3l ered\u0151 egy\u00e9b k\u00e1roknak. Ez ide\u00e1lis v\u00e1laszt\u00e1ss\u00e1 teszi \u0151ket k\u00fclt\u00e9ri alkalmaz\u00e1sokhoz, ahol a hengerek nedvess\u00e9gnek, s\u00f3nak \u00e9s m\u00e1s korroz\u00edv anyagoknak lehetnek kit\u00e9ve.<\/p>\n<h3>Sokoldal\u00fas\u00e1g<\/h3>\n<p>Az \u00e1ll\u00edthat\u00f3 kengyeles hengerek tov\u00e1bbi el\u0151nye a sokoldal\u00fas\u00e1guk. Ezek a hengerek sz\u00e9les k\u00f6rben haszn\u00e1lhat\u00f3k, bele\u00e9rtve a mez\u0151gazdas\u00e1got, az \u00e9p\u00edt\u0151ipart, a b\u00e1ny\u00e1szatot \u00e9s a gy\u00e1rt\u00e1st. K\u00fcl\u00f6nb\u00f6z\u0151 t\u00edpus\u00fa g\u00e9pekhez \u00e9s berendez\u00e9sekhez adapt\u00e1lhat\u00f3k, \u00edgy rendk\u00edv\u00fcl sokoldal\u00fa v\u00e1laszt\u00e1st jelentenek.<\/p>\n<p>Ezeknek a hengereknek az \u00e1ll\u00edthat\u00f3 kengyeles kialak\u00edt\u00e1sa lehet\u0151v\u00e9 teszi a k\u00f6nny\u0171 telep\u00edt\u00e9st \u00e9s be\u00e1ll\u00edt\u00e1st, \u00edgy sz\u00e1mos alkalmaz\u00e1shoz k\u00e9nyelmes v\u00e1laszt\u00e1st jelentenek. Ezenk\u00edv\u00fcl a henger hossz\u00e1nak \u00e1ll\u00edthat\u00f3s\u00e1ga nagyobb rugalmass\u00e1got biztos\u00edt a berendez\u00e9s tervez\u00e9s\u00e9ben \u00e9s m\u0171k\u00f6dtet\u00e9s\u00e9ben.<\/p>\n<h3>Hat\u00e9konys\u00e1g<\/h3>\n<p>Az \u00e1ll\u00edthat\u00f3 kengyeles hengerek szint\u00e9n rendk\u00edv\u00fcl hat\u00e9konyak. A fejlett hidraulikus rendszerek, mint p\u00e9ld\u00e1ul az \u00faj modell\u0171 kett\u0151s m\u0171k\u00f6d\u00e9s\u0171 kis hidraulikus dugatty\u00fas henger, biztos\u00edtj\u00e1k, hogy ezek a hengerek maxim\u00e1lis hat\u00e9konys\u00e1ggal m\u0171k\u00f6djenek.<\/p>\n<p>Ezeknek a hengereknek a kett\u0151s m\u0171k\u00f6d\u00e9s\u0171 kialak\u00edt\u00e1sa nagyobb kontrollt biztos\u00edt a berendez\u00e9s mozg\u00e1sa felett, ami sim\u00e1bb \u00e9s pontosabb m\u0171k\u00f6d\u00e9st eredm\u00e9nyez. Ezenk\u00edv\u00fcl ezeknek a hengereknek az \u00e1ll\u00edthat\u00f3 kengyeles kialak\u00edt\u00e1sa lehet\u0151v\u00e9 teszi a berendez\u00e9s sebess\u00e9g\u00e9nek nagyobb kontrollj\u00e1t, ami nagyobb hat\u00e9konys\u00e1got \u00e9s termel\u00e9kenys\u00e9get eredm\u00e9nyez.<\/p>\n<p>\u00d6sszefoglalva, az \u00e1ll\u00edthat\u00f3 kengyeles hengerek sz\u00e1mos el\u0151nnyel rendelkeznek m\u00e1s t\u00edpus\u00fa hengerekkel szemben. Tart\u00f3ss\u00e1guk, sokoldal\u00fas\u00e1guk \u00e9s hat\u00e9konys\u00e1guk ide\u00e1lis v\u00e1laszt\u00e1ss\u00e1 teszi \u0151ket sz\u00e1mos ipari \u00e9s \u00e9p\u00edt\u0151ipari alkalmaz\u00e1shoz. Fejlett hidraulikus rendszer\u00fckkel \u00e9s innovat\u00edv kialak\u00edt\u00e1sukkal ezek a hengerek biztosan l\u00e9tfontoss\u00e1g\u00fa szerepet j\u00e1tszanak a g\u00e9pek \u00e9s berendez\u00e9sek m\u0171k\u00f6d\u00e9s\u00e9ben az elk\u00f6vetkez\u0151 \u00e9vekben is.<\/p>\n<h3>Az FMP-r\u0151l<\/h3>\n<p>Az FMP egy vezet\u0151 v\u00e1llalat, amely hidraulikus hengerek gy\u00e1rt\u00e1s\u00e1ra \u00e9s \u00e9rt\u00e9kes\u00edt\u00e9s\u00e9re specializ\u00e1l\u00f3dott. Olaszorsz\u00e1gi k\u00f6zpontunkkal sz\u00e9les v\u00e1laszt\u00e9kban k\u00edn\u00e1lunk kiv\u00e1l\u00f3 min\u0151s\u00e9g\u0171 \u00e9s megb\u00edzhat\u00f3 hidraulikus henger megold\u00e1sokat \u00fcgyfeleinknek, sz\u00e9lesk\u00f6r\u0171 ipar\u00e1gi tapasztalatunkra \u00e9s professzion\u00e1lis csapatunkra t\u00e1maszkodva.<\/p>\n<p><strong>1. V\u00e1ltozatos term\u00e9kk\u00edn\u00e1lat:<\/strong> Term\u00e9kk\u00edn\u00e1latunkban k\u00fcl\u00f6nf\u00e9le alkalmaz\u00e1sokhoz tervezett hidraulikus munkahengerek sz\u00e9les v\u00e1laszt\u00e9ka tal\u00e1lhat\u00f3, \u00edgy biztos\u00edtva, hogy \u00fcgyfeleink egyedi ig\u00e9nyeit is ki tudjuk el\u00e9g\u00edteni.<\/p>\n<p><strong>2. Kiv\u00e1l\u00f3 min\u0151s\u00e9g:<\/strong> Az FMP-n\u00e9l a min\u0151s\u00e9get helyezz\u00fck el\u0151t\u00e9rbe, \u00e9s biztos\u00edtjuk, hogy minden hidraulikus henger\u00fcnk megfeleljen a szigor\u00fa min\u0151s\u00e9gi el\u0151\u00edr\u00e1soknak. Hossz\u00fa t\u00e1v\u00fa \u00e9s stabil kapcsolatokat \u00e9p\u00edtett\u00fcnk ki kiv\u00e1l\u00f3 min\u0151s\u00e9g\u0171 besz\u00e1ll\u00edt\u00f3kkal, mind belf\u00f6ld\u00f6n, mind nemzetk\u00f6zi szinten, hogy garant\u00e1ljuk term\u00e9keink kiv\u00e1l\u00f3s\u00e1g\u00e1t.<\/p>\n<p><strong>3. Szak\u00e9rt\u0151 \u00e9rt\u00e9kes\u00edt\u00e9si csapat:<\/strong> Tapasztalt \u00e9s k\u00e9pzett \u00e9rt\u00e9kes\u00edt\u00e9si csapatunk m\u00e9lyrehat\u00f3 ismeretekkel rendelkezik az \u00e9p\u00edt\u0151ipari g\u00e9piparban. Naprak\u00e9szek a leg\u00fajabb trendekkel kapcsolatban, \u00e9s meg\u00e9rtik az \u00fcgyfelek ig\u00e9nyeit, \u00edgy professzion\u00e1lis term\u00e9ktan\u00e1csad\u00e1st \u00e9s intelligens v\u00e1s\u00e1rl\u00e1si javaslatokat tudnak ny\u00fajtani.<\/p>\n<p><strong>4. Hat\u00e9kony logisztikai disztrib\u00faci\u00f3:<\/strong> Hat\u00e9kony logisztikai eloszt\u00e1si rendszert vezett\u00fcnk be, hogy biztos\u00edtsuk a sz\u00fcks\u00e9ges hidraulikus hengerek id\u0151ben \u00e9s pontosan t\u00f6rt\u00e9n\u0151 kisz\u00e1ll\u00edt\u00e1s\u00e1t \u00fcgyfeleink sz\u00e1m\u00e1ra, cs\u00f6kkentve az \u00e1ll\u00e1sid\u0151t \u00e9s n\u00f6velve a termel\u00e9kenys\u00e9get.<\/p>\n<p><strong>5. Elk\u00f6telezetts\u00e9g az \u00fcgyf\u00e9l-el\u00e9gedetts\u00e9g ir\u00e1nt:<\/strong> Az FMP-n\u00e9l az \u00fcgyfelek el\u00e9gedetts\u00e9g\u00e9t helyezz\u00fck el\u0151t\u00e9rbe. Hossz\u00fa t\u00e1v\u00fa kapcsolatok ki\u00e9p\u00edt\u00e9s\u00e9re t\u00f6reksz\u00fcnk \u00fcgyfeleinkkel kiv\u00e9teles term\u00e9kek sz\u00e1ll\u00edt\u00e1s\u00e1val \u00e9s kiv\u00e1l\u00f3 \u00e9rt\u00e9kes\u00edt\u00e9s ut\u00e1ni t\u00e1mogat\u00e1s ny\u00fajt\u00e1s\u00e1val.<\/p>\n<p><img decoding=\"async\" src=\"https:\/\/fmp-components.com\/wp-content\/uploads\/2024\/12\/Adjustable-Clevis-Type-Cylinders-6.webp\" alt=\"\u00c1ll\u00edthat\u00f3 kengyeles henger\" width=\"815\" title=\"\"><\/p>\n<h2>GYIK<\/h2>\n<ol>\n<li style=\"list-style-type: none;\">\n<ol>\n<li>K: Kereskedelmi v\u00e1llalat vagy gy\u00e1rt\u00f3? V: Gy\u00e1r vagyunk.<\/li>\n<li>K: Mennyi a sz\u00e1ll\u00edt\u00e1si id\u0151? V: \u00c1ltal\u00e1ban 25-35 nap.<\/li>\n<li>K: Biztos\u00edtanak mint\u00e1kat? Ingyenes vagy k\u00fcl\u00f6n fizetend\u0151? V: Igen, felaj\u00e1nlhatn\u00e1nk a mint\u00e1t, de nem ingyenes.<\/li>\n<\/ol>\n<\/li>\n<\/ol>\n<p>Szerz\u0151: CX<\/p>","protected":false},"excerpt":{"rendered":"<p>New Model Double Acting Small Hydraulic Piston Cylinder Introducing the New Model Double Acting Small Hydraulic Piston Cylinder: The New Model Double Acting Small Hydraulic Piston Cylinder is a revolutionary product designed to provide efficient and reliable hydraulic power. With its compact size and exceptional performance, this cylinder is perfect for a wide range of [&hellip;]<\/p>","protected":false},"featured_media":1475,"comment_status":"closed","ping_status":"closed","template":"","meta":{"_et_pb_use_builder":"","_et_pb_old_content":"","_et_gb_content_width":""},"product_brand":[],"product_cat":[42],"product_tag":[34,44],"class_list":{"0":"post-1474","1":"product","2":"type-product","3":"status-publish","4":"has-post-thumbnail","6":"product_cat-snow-plow-hydraulic-cylinder","7":"product_tag-hydraulic-cylinder","8":"product_tag-snow-plow-hydraulic-cylinder","10":"first","11":"instock","12":"product-type-simple"},"_links":{"self":[{"href":"https:\/\/fmp-components.com\/hu\/wp-json\/wp\/v2\/product\/1474","targetHints":{"allow":["GET"]}}],"collection":[{"href":"https:\/\/fmp-components.com\/hu\/wp-json\/wp\/v2\/product"}],"about":[{"href":"https:\/\/fmp-components.com\/hu\/wp-json\/wp\/v2\/types\/product"}],"replies":[{"embeddable":true,"href":"https:\/\/fmp-components.com\/hu\/wp-json\/wp\/v2\/comments?post=1474"}],"wp:featuredmedia":[{"embeddable":true,"href":"https:\/\/fmp-components.com\/hu\/wp-json\/wp\/v2\/media\/1475"}],"wp:attachment":[{"href":"https:\/\/fmp-components.com\/hu\/wp-json\/wp\/v2\/media?parent=1474"}],"wp:term":[{"taxonomy":"product_brand","embeddable":true,"href":"https:\/\/fmp-components.com\/hu\/wp-json\/wp\/v2\/product_brand?post=1474"},{"taxonomy":"product_cat","embeddable":true,"href":"https:\/\/fmp-components.com\/hu\/wp-json\/wp\/v2\/product_cat?post=1474"},{"taxonomy":"product_tag","embeddable":true,"href":"https:\/\/fmp-components.com\/hu\/wp-json\/wp\/v2\/product_tag?post=1474"}],"curies":[{"name":"munkaf\u00fczet","href":"https:\/\/api.w.org\/{rel}","templated":true}]}}