{"id":1468,"date":"2024-12-23T05:49:26","date_gmt":"2024-12-23T05:49:26","guid":{"rendered":"https:\/\/fmp-components.com\/product\/new-arrival-small-stainless-steel-double-acting-hydraulic-cylinder\/"},"modified":"2024-12-23T06:36:32","modified_gmt":"2024-12-23T06:36:32","slug":"new-arrival-small-stainless-steel-double-acting-hydraulic-cylinder","status":"publish","type":"product","link":"https:\/\/fmp-components.com\/hu\/product\/new-arrival-small-stainless-steel-double-acting-hydraulic-cylinder\/","title":{"rendered":"\u00daj \u00e9rkez\u00e9s\u0171 kis rozsdamentes ac\u00e9l kett\u0151s m\u0171k\u00f6d\u00e9s\u0171 hidraulikus henger"},"content":{"rendered":"<h2>\u00daj \u00e9rkez\u00e9s\u0171 kis rozsdamentes ac\u00e9l kett\u0151s m\u0171k\u00f6d\u00e9s\u0171 hidraulikus henger<\/h2>\n<p>Bemutatkozik az \u00faj, kis m\u00e9ret\u0171, rozsdamentes ac\u00e9lb\u00f3l k\u00e9sz\u00fclt, kett\u0151s m\u0171k\u00f6d\u00e9s\u0171 hidraulikus henger<\/p>\n<p>A kis rozsdamentes ac\u00e9l kett\u0151s m\u0171k\u00f6d\u00e9s\u0171 hidraulikus henger a leg\u00fajabb term\u00e9k, amely csatlakozott k\u00e9szlet\u00fcnkh\u00f6z. \u00dagy tervezt\u00e9k, hogy nagy teljes\u00edtm\u00e9nyt \u00e9s tart\u00f3ss\u00e1got biztos\u00edtson kompakt \u00e9s k\u00f6nny\u0171 csomagol\u00e1sban.<\/p>\n<p>Kiv\u00e1l\u00f3 min\u0151s\u00e9g\u0171 rozsdamentes ac\u00e9lb\u00f3l k\u00e9sz\u00fclt, ez a hidraulikus henger korr\u00f3zi\u00f3\u00e1ll\u00f3, \u00e9s ellen\u00e1ll a magas nyom\u00e1snak \u00e9s a sz\u00e9ls\u0151s\u00e9ges h\u0151m\u00e9rs\u00e9kleteknek. Kett\u0151s m\u0171k\u00f6d\u00e9s\u0171 technol\u00f3gi\u00e1val k\u00e9sz\u00fclt, amely mindk\u00e9t ir\u00e1nyban sima \u00e9s k\u00f6vetkezetes m\u0171k\u00f6d\u00e9st tesz lehet\u0151v\u00e9.<\/p>\n<p>Ez a hidraulikus henger sz\u00e9les k\u00f6rben alkalmazhat\u00f3, bele\u00e9rtve az ipari g\u00e9peket, mez\u0151gazdas\u00e1gi berendez\u00e9seket \u00e9s \u00e9p\u00edt\u0151ipari j\u00e1rm\u0171veket. Kis m\u00e9rete \u00e9s egyszer\u0171 telep\u00edt\u00e9se ide\u00e1liss\u00e1 teszi sz\u0171k helyeken \u00e9s mobil berendez\u00e9sekben val\u00f3 haszn\u00e1latra.<\/p>\n<p>A kiv\u00e1l\u00f3 teljes\u00edtm\u00e9ny mellett a kis rozsdamentes ac\u00e9l kett\u0151s m\u0171k\u00f6d\u00e9s\u0171 hidraulikus hengert a k\u00f6nny\u0171 karbantart\u00e1s \u00e9s a hossz\u00fa \u00e9lettartam jegy\u00e9ben tervezt\u00e9k. Egy \u00e9v garanci\u00e1val rendelkezik a nagyobb nyugalom \u00e9rdek\u00e9ben.<\/p>\n<p>\u00d6sszess\u00e9g\u00e9ben a kis rozsdamentes ac\u00e9l kett\u0151s m\u0171k\u00f6d\u00e9s\u0171 hidraulikus henger megb\u00edzhat\u00f3 \u00e9s hat\u00e9kony megold\u00e1s b\u00e1rmilyen hidraulikus rendszerhez. Rendelje meg m\u00e9g ma, \u00e9s gy\u0151z\u0151dj\u00f6n meg r\u00f3la, milyen k\u00fcl\u00f6nbs\u00e9get jelent a m\u0171k\u00f6d\u00e9s\u00e9ben. Bemutatjuk leg\u00fajabb term\u00e9k\u00fcnket \u2013 a kis rozsdamentes ac\u00e9l kett\u0151s m\u0171k\u00f6d\u00e9s\u0171 hidraulikus hengert. Ez az \u00fajonnan piacra dobott term\u00e9k t\u00f6k\u00e9letes a g\u00e9pjav\u00edt\u00f3 m\u0171helyekben, mez\u0151gazdas\u00e1gban, energia- \u00e9s b\u00e1ny\u00e1szatban, g\u00e9pgy\u00e1rt\u00e1sban \u00e9s g\u00e9pgy\u00e1rakban val\u00f3 alkalmaz\u00e1sokhoz.<\/p>\n<p><img decoding=\"async\" title=\"H\u00f3eke hidraulikus henger\" src=\"https:\/\/hzpt.com\/wp-content\/uploads\/2023\/11\/Snow-Plow-Hydraulic-Cylinder-1.webp\" alt=\"H\u00f3eke hidraulikus henger\" \/><\/p>\n<h2>Term\u00e9kjellemz\u0151k<\/h2>\n<p>A term\u00e9k a legfejlettebb technol\u00f3gi\u00e1val k\u00e9sz\u00fclt. Ez egy szabv\u00e1nyos dugatty\u00fas henger, hidraulikus meghajt\u00e1ssal. A test anyaga ac\u00e9l, ami tart\u00f3ss\u00e1 \u00e9s hossz\u00fa \u00e9lettartam\u00fav\u00e1 teszi. Maxim\u00e1lis tol\u00f3ereje 3000, maxim\u00e1lis h\u00faz\u00f3ereje pedig 20 tonna, ami rendk\u00edv\u00fcl hat\u00e9konny\u00e1 teszi.<\/p>\n<h3>T\u00edpus: H\u00f3eke hidraulikus hengerek<\/h3>\n<p>Ez a hidraulikus henger kifejezetten h\u00f3ek\u00e9khez k\u00e9sz\u00fclt. 2023-as \u00faj term\u00e9k, 1 \u00e9v garanci\u00e1val a f\u0151 alkatr\u00e9szekre. A f\u0151 alkatr\u00e9szek k\u00f6z\u00e9 tartozik a csap\u00e1gy \u00e9s maga a hidraulikus henger.<\/p>\n<h3>Csatlakoz\u00e1sok: G\/SAE\/NPT\/M<\/h3>\n<p>A hidraulikus henger csatlakoz\u00f3i G\/SAE\/NPT\/M m\u00e9ret\u0171ek. A furat\u00e1tm\u00e9r\u0151 2 \u00e9s 6 h\u00fcvelyk, a r\u00fad\u00e1tm\u00e9r\u0151 1,125 \u00e9s 4 h\u00fcvelyk, a l\u00f6kethossz 4 \u00e9s 100 h\u00fcvelyk, a csapszeg pedig 0,5 \u00e9s 2 h\u00fcvelyk k\u00f6z\u00f6tt van. Ez a term\u00e9k ISO9001:2000 tan\u00fas\u00edtv\u00e1nnyal rendelkezik.<\/p>\n<p><img decoding=\"async\" title=\"H\u00f3eke hidraulikus henger\" src=\"https:\/\/hzpt.com\/wp-content\/uploads\/2023\/11\/Snow-Plow-Hydraulic-Cylinder-3.webp\" alt=\"H\u00f3eke hidraulikus henger\" \/><\/p>\n<h2>Az \u00e1ll\u00edthat\u00f3 kengyeles hengerek el\u0151nyei<\/h2>\n<p>Az \u00e1ll\u00edthat\u00f3 kengyeles hengerek, mint p\u00e9ld\u00e1ul az \u00faj, kis m\u00e9ret\u0171 rozsdamentes ac\u00e9l kett\u0151s m\u0171k\u00f6d\u00e9s\u0171 hidraulikus henger, sz\u00e1mos el\u0151nnyel rendelkeznek m\u00e1s hengert\u00edpusokkal szemben. Az al\u00e1bbiakban a legfontosabb el\u0151ny\u00f6ket ismertetj\u00fck:<\/p>\n<ul>\n<li><strong>Rugalmass\u00e1g a szerel\u00e9sben:<\/strong> Az \u00e1ll\u00edthat\u00f3 kengyeles hengerek nagyfok\u00fa rugalmass\u00e1got k\u00edn\u00e1lnak a felszerel\u00e9s sor\u00e1n. K\u00fcl\u00f6nb\u00f6z\u0151 ir\u00e1nyokban \u00e9s sz\u00f6gekben szerelhet\u0151k fel, \u00edgy nagyobb sokoldal\u00fas\u00e1got biztos\u00edtanak az alkalmaz\u00e1sokban. Ez k\u00fcl\u00f6n\u00f6sen fontos azokban az alkalmaz\u00e1sokban, ahol korl\u00e1tozott a hely, \u00e9s speci\u00e1lis r\u00f6gz\u00edt\u00e9si konfigur\u00e1ci\u00f3ra van sz\u00fcks\u00e9g.<\/li>\n<li><strong>Fokozott stabilit\u00e1s:<\/strong> Az \u00e1ll\u00edthat\u00f3 kengyeles henger nagyobb stabilit\u00e1st biztos\u00edt m\u00e1s hengert\u00edpusokhoz k\u00e9pest. Ez annak k\u00f6sz\u00f6nhet\u0151, hogy a kengyeles r\u00f6gz\u00edt\u00e9s er\u0151sebb \u00e9s merevebb, mint m\u00e1s r\u00f6gz\u00edt\u00e9si t\u00edpusok. Ez a fokozott stabilit\u00e1s jobb teljes\u00edtm\u00e9nyt \u00e9s hosszabb \u00e9lettartamot eredm\u00e9nyez a henger sz\u00e1m\u00e1ra.<\/li>\n<li><strong>K\u00f6nny\u0171 karbantart\u00e1s:<\/strong> Az \u00e1ll\u00edthat\u00f3 kengyeles hengereket a k\u00f6nny\u0171 karbantart\u00e1s szem el\u0151tt tart\u00e1s\u00e1val tervezt\u00e9k. K\u00f6nny\u0171 hozz\u00e1f\u00e9r\u00e9st biztos\u00edtanak a dugatty\u00fahoz \u00e9s a t\u00f6m\u00edt\u00e9sekhez, lehet\u0151v\u00e9 t\u00e9ve a gyors \u00e9s egyszer\u0171 karbantart\u00e1si elj\u00e1r\u00e1sokat. Ez cs\u00f6kkenti az \u00e1ll\u00e1sid\u0151t \u00e9s n\u00f6veli a termel\u00e9kenys\u00e9get.<\/li>\n<li><strong>Testreszabhat\u00f3 l\u00f6kethossz:<\/strong> Az \u00e1ll\u00edthat\u00f3 kengyeles hengerek l\u00f6kethossza k\u00f6nnyen testreszabhat\u00f3 az adott alkalmaz\u00e1si k\u00f6vetelm\u00e9nyeknek megfelel\u0151en. Ez a testreszab\u00e1s biztos\u00edtja, hogy a henger a k\u00edv\u00e1nt alkalmaz\u00e1shoz legyen optimaliz\u00e1lva, \u00e9s a lehet\u0151 legjobb teljes\u00edtm\u00e9nyt ny\u00fajtsa.<\/li>\n<li><strong>Megn\u00f6velt hat\u00e9konys\u00e1g:<\/strong> Az \u00e1ll\u00edthat\u00f3 kengyeles hengerek haszn\u00e1lata n\u00f6velheti az alkalmaz\u00e1sok hat\u00e9konys\u00e1g\u00e1t. Ez annak k\u00f6sz\u00f6nhet\u0151, hogy a henger optimaliz\u00e1lhat\u00f3 az adott alkalmaz\u00e1shoz, ami jobb teljes\u00edtm\u00e9nyt \u00e9s alacsonyabb energiafogyaszt\u00e1st eredm\u00e9nyez.<\/li>\n<li><strong>Fokozott biztons\u00e1g:<\/strong> Az \u00e1ll\u00edthat\u00f3 kengyeles hengereket a biztons\u00e1g szem el\u0151tt tart\u00e1s\u00e1val tervezt\u00e9k. Kiv\u00e1l\u00f3an szab\u00e1lyozz\u00e1k a henger mozg\u00e1s\u00e1t, lehet\u0151v\u00e9 t\u00e9ve a prec\u00edz \u00e9s biztons\u00e1gos m\u0171k\u00f6d\u00e9st. Ez k\u00fcl\u00f6n\u00f6sen fontos azokban az alkalmaz\u00e1sokban, ahol a biztons\u00e1g els\u0151dleges fontoss\u00e1g\u00fa.<\/li>\n<\/ul>\n<p>\u00d6sszefoglalva, az \u00e1ll\u00edthat\u00f3 kengyeles hengerek, mint p\u00e9ld\u00e1ul az \u00faj, kis m\u00e9ret\u0171, rozsdamentes ac\u00e9lb\u00f3l k\u00e9sz\u00fclt, kett\u0151s m\u0171k\u00f6d\u00e9s\u0171 hidraulikus henger, sz\u00e1mos el\u0151nnyel rendelkeznek m\u00e1s hengert\u00edpusokkal szemben. Rugalmass\u00e1guk a felszerel\u00e9sben, a megn\u00f6velt stabilit\u00e1s, az egyszer\u0171 karbantart\u00e1s, a testreszabhat\u00f3 l\u00f6kethossz, a megn\u00f6vekedett hat\u00e9konys\u00e1g \u00e9s a jobb biztons\u00e1g kiv\u00e1l\u00f3 v\u00e1laszt\u00e1ss\u00e1 teszik \u0151ket sz\u00e1mos alkalmaz\u00e1shoz.<\/p>\n<h3>Az FMP-r\u0151l<\/h3>\n<p>Az FMP egy olyan v\u00e1llalat, amely hidraulikus hengerek gy\u00e1rt\u00e1s\u00e1ra \u00e9s \u00e9rt\u00e9kes\u00edt\u00e9s\u00e9re specializ\u00e1l\u00f3dott. Kiterjedt ipar\u00e1gi tapasztalatunkkal \u00e9s professzion\u00e1lis csapatunkkal kiv\u00e1l\u00f3 min\u0151s\u00e9g\u0171 \u00e9s megb\u00edzhat\u00f3 hidraulikus hengereket biztos\u00edtunk \u00e9p\u00edt\u0151ipari g\u00e9pekhez.<\/p>\n<p>1. Sz\u00e9les term\u00e9kv\u00e1laszt\u00e9k:<\/p>\n<p>Term\u00e9kk\u00edn\u00e1latunkban k\u00fcl\u00f6nf\u00e9le hidraulikus hengerek tal\u00e1lhat\u00f3k \u00e9p\u00edt\u0151ipari g\u00e9pekhez. Ak\u00e1r egyszeres vagy kett\u0151s m\u0171k\u00f6d\u00e9s\u0171 hengerekre, teleszk\u00f3pos hengerekre vagy egyedi tervez\u00e9s\u0171 hengerekre van sz\u00fcks\u00e9ge, n\u00e1lunk megtal\u00e1lja az \u00d6n egyedi ig\u00e9nyeinek megfelel\u0151 t\u00f6k\u00e9letes megold\u00e1st.<\/p>\n<p>2. Kiv\u00e1l\u00f3 min\u0151s\u00e9g\u0171 alkatr\u00e9szek:<\/p>\n<p>Minden hidraulikus henger\u00fcnk kiv\u00e1l\u00f3 min\u0151s\u00e9g\u0171 alkatr\u00e9szekb\u0151l k\u00e9sz\u00fcl. Gy\u00e1rt\u00e1si folyamatunkban a min\u0151s\u00e9get helyezz\u00fck el\u0151t\u00e9rbe, hogy biztos\u00edtsuk term\u00e9keink hossz\u00fa \u00e9lettartam\u00e1t \u00e9s teljes\u00edtm\u00e9ny\u00e9t.<\/p>\n<p>3. Szak\u00e9rtelem \u00e9s konzult\u00e1ci\u00f3:<\/p>\n<p>Tapasztalt \u00e9rt\u00e9kes\u00edt\u00e9si csapatunk j\u00f3l ismeri az \u00e9p\u00edt\u0151ipari g\u00e9pipar fejleszt\u00e9si trendjeit \u00e9s \u00fcgyf\u00e9lig\u00e9nyeit. Professzion\u00e1lis term\u00e9ktan\u00e1csad\u00e1st ny\u00fajtanak, seg\u00edtve a g\u00e9p\u00e9hez megfelel\u0151 hidraulikus henger kiv\u00e1laszt\u00e1s\u00e1t.<\/p>\n<p>4. Megb\u00edzhat\u00f3 ell\u00e1t\u00e1si l\u00e1nc:<\/p>\n<p>Hossz\u00fa t\u00e1v\u00fa \u00e9s stabil egy\u00fcttm\u0171k\u00f6d\u00e9si kapcsolatok kialak\u00edt\u00e1s\u00e1val kiv\u00e1l\u00f3 min\u0151s\u00e9g\u0171 besz\u00e1ll\u00edt\u00f3kkal garant\u00e1ljuk, hogy minden besz\u00e1ll\u00edtott alkatr\u00e9sz megfelel a szigor\u00fa min\u0151s\u00e9gi el\u0151\u00edr\u00e1soknak. Ez biztos\u00edtja hidraulikus hengereink megb\u00edzhat\u00f3s\u00e1g\u00e1t \u00e9s tart\u00f3ss\u00e1g\u00e1t.<\/p>\n<p>5. Hat\u00e9kony logisztika \u00e9s id\u0151ben t\u00f6rt\u00e9n\u0151 sz\u00e1ll\u00edt\u00e1s:<\/p>\n<p>Hat\u00e9kony logisztikai eloszt\u00e1si rendszerrel rendelkez\u00fcnk annak \u00e9rdek\u00e9ben, hogy \u00fcgyfeleink id\u0151ben \u00e9s pontosan megkapj\u00e1k a sz\u00fcks\u00e9ges hidraulikus hengereket. Meg\u00e9rtj\u00fck az \u00e1ll\u00e1sid\u0151 minimaliz\u00e1l\u00e1s\u00e1nak fontoss\u00e1g\u00e1t, \u00e9s c\u00e9lunk a gyors sz\u00e1ll\u00edt\u00e1s.<\/p>\n<p><img decoding=\"async\" src=\"https:\/\/fmp-components.com\/wp-content\/uploads\/2024\/12\/Adjustable-Clevis-Type-Cylinders-6.webp\" alt=\"\u00c1ll\u00edthat\u00f3 kengyeles henger\" width=\"812\" title=\"\"><\/p>\n<p>Szerz\u0151: CX<\/p>","protected":false},"excerpt":{"rendered":"<p>New Arrival Small Stainless Steel Double Acting Hydraulic Cylinder Introducing the New Arrival Small Stainless Steel Double Acting Hydraulic Cylinder The Small Stainless Steel Double Acting Hydraulic Cylinder is the latest product to join our inventory. It is designed to provide high performance and durability in a compact and lightweight package. Made with high-quality stainless [&hellip;]<\/p>","protected":false},"featured_media":1469,"comment_status":"closed","ping_status":"closed","template":"","meta":{"_et_pb_use_builder":"","_et_pb_old_content":"","_et_gb_content_width":""},"product_brand":[],"product_cat":[42],"product_tag":[34,44],"class_list":{"0":"post-1468","1":"product","2":"type-product","3":"status-publish","4":"has-post-thumbnail","6":"product_cat-snow-plow-hydraulic-cylinder","7":"product_tag-hydraulic-cylinder","8":"product_tag-snow-plow-hydraulic-cylinder","10":"first","11":"instock","12":"product-type-simple"},"_links":{"self":[{"href":"https:\/\/fmp-components.com\/hu\/wp-json\/wp\/v2\/product\/1468","targetHints":{"allow":["GET"]}}],"collection":[{"href":"https:\/\/fmp-components.com\/hu\/wp-json\/wp\/v2\/product"}],"about":[{"href":"https:\/\/fmp-components.com\/hu\/wp-json\/wp\/v2\/types\/product"}],"replies":[{"embeddable":true,"href":"https:\/\/fmp-components.com\/hu\/wp-json\/wp\/v2\/comments?post=1468"}],"wp:featuredmedia":[{"embeddable":true,"href":"https:\/\/fmp-components.com\/hu\/wp-json\/wp\/v2\/media\/1469"}],"wp:attachment":[{"href":"https:\/\/fmp-components.com\/hu\/wp-json\/wp\/v2\/media?parent=1468"}],"wp:term":[{"taxonomy":"product_brand","embeddable":true,"href":"https:\/\/fmp-components.com\/hu\/wp-json\/wp\/v2\/product_brand?post=1468"},{"taxonomy":"product_cat","embeddable":true,"href":"https:\/\/fmp-components.com\/hu\/wp-json\/wp\/v2\/product_cat?post=1468"},{"taxonomy":"product_tag","embeddable":true,"href":"https:\/\/fmp-components.com\/hu\/wp-json\/wp\/v2\/product_tag?post=1468"}],"curies":[{"name":"munkaf\u00fczet","href":"https:\/\/api.w.org\/{rel}","templated":true}]}}