{"id":1466,"date":"2024-12-23T05:49:26","date_gmt":"2024-12-23T05:49:26","guid":{"rendered":"https:\/\/fmp-components.com\/product\/customized-mini-two-way-hydraulic-piston-cylinder-for-snow-plow\/"},"modified":"2024-12-23T06:31:54","modified_gmt":"2024-12-23T06:31:54","slug":"customized-mini-two-way-hydraulic-piston-cylinder-for-snow-plow","status":"publish","type":"product","link":"https:\/\/fmp-components.com\/hu\/product\/customized-mini-two-way-hydraulic-piston-cylinder-for-snow-plow\/","title":{"rendered":"Testreszabott mini k\u00e9tir\u00e1ny\u00fa hidraulikus dugatty\u00fas henger h\u00f3ek\u00e9hez"},"content":{"rendered":"<h2>Testreszabott mini k\u00e9tir\u00e1ny\u00fa hidraulikus dugatty\u00fas henger h\u00f3ek\u00e9hez<\/h2>\n<p>A h\u00f3ek\u00e9hez val\u00f3, testreszabott mini k\u00e9tir\u00e1ny\u00fa hidraulikus dugatty\u00fas henger egy cs\u00facskateg\u00f3ri\u00e1s term\u00e9k, amelyet hat\u00e9kony h\u00f3eltakar\u00edt\u00e1si m\u0171veletekhez terveztek. Ez a kiv\u00e1l\u00f3 min\u0151s\u00e9g\u0171 hidraulikus dugatty\u00fas henger kiv\u00e9teles teljes\u00edtm\u00e9nyt \u00e9s megb\u00edzhat\u00f3s\u00e1got k\u00edn\u00e1l, \u00edgy ide\u00e1lis v\u00e1laszt\u00e1s h\u00f3ek\u00e9z\u00e9si alkalmaz\u00e1sokhoz.<\/p>\n<p>Kompakt m\u00e9ret\u00e9vel \u00e9s testreszabhat\u00f3 tulajdons\u00e1gaival ez a hidraulikus dugatty\u00fas henger kifejezetten a h\u00f3eke rendszerek egyedi k\u00f6vetelm\u00e9nyeinek kiel\u00e9g\u00edt\u00e9s\u00e9re k\u00e9sz\u00fclt. Prec\u00edz tervez\u00e9s\u00e9nek k\u00f6sz\u00f6nhet\u0151en nagy teljes\u00edtm\u00e9ny\u0171 \u00e9s \u00e9rz\u00e9keny hidraulikus teljes\u00edtm\u00e9nyt ny\u00fajt, biztos\u00edtva a z\u00f6kken\u0151mentes \u00e9s hat\u00e9kony m\u0171k\u00f6d\u00e9st kih\u00edv\u00e1st jelent\u0151 h\u00f3ek\u00e9l\u00e9si k\u00f6r\u00fclm\u00e9nyek k\u00f6z\u00f6tt.<\/p>\n<p>Ennek a dugatty\u00fas hengernek a k\u00e9tir\u00e1ny\u00fa m\u0171k\u00f6d\u00e9se lehet\u0151v\u00e9 teszi a z\u00f6kken\u0151mentes mozg\u00e1st mindk\u00e9t ir\u00e1nyban, \u00edgy hat\u00e9konyan szab\u00e1lyozhat\u00f3 a h\u00f3eke peng\u00e9je. Ak\u00e1r a havat kell el\u0151re tolni, ak\u00e1r a peng\u00e9t kell sz\u00f6gben \u00e1ll\u00edtani a prec\u00edzi\u00f3s man\u0151verez\u00e9shez, ez a hidraulikus henger kiv\u00e9teles vez\u00e9rl\u00e9st \u00e9s teljes\u00edtm\u00e9nyt biztos\u00edt.<\/p>\n<p>A zord t\u00e9li k\u00f6r\u00fclm\u00e9nyek elvisel\u00e9s\u00e9re tervezett, testreszabott mini k\u00e9tir\u00e1ny\u00fa hidraulikus dugatty\u00fas henger h\u00f3ek\u00e9hez tart\u00f3s anyagokb\u00f3l k\u00e9sz\u00fclt, amelyek hossz\u00fa t\u00e1v\u00fa teljes\u00edtm\u00e9nyt biztos\u00edtanak. Robusztus kialak\u00edt\u00e1sa biztos\u00edtja a megb\u00edzhat\u00f3s\u00e1got \u00e9s a tart\u00f3ss\u00e1got, minimaliz\u00e1lja az \u00e1ll\u00e1sid\u0151t \u00e9s maximaliz\u00e1lja a termel\u00e9kenys\u00e9get a h\u00f3eltakar\u00edt\u00e1si m\u0171veletek sor\u00e1n.<\/p>\n<p>Kiv\u00e9teles funkcionalit\u00e1sa mellett ez a hidraulikus dugatty\u00fas henger egyszer\u0171 testreszab\u00e1si lehet\u0151s\u00e9geket is k\u00edn\u00e1l. Testreszabhat\u00f3 a h\u00f3eke speci\u00e1lis k\u00f6vetelm\u00e9nyeihez, bele\u00e9rtve a l\u00f6kethosszt, a r\u00f6gz\u00edt\u00e9si lehet\u0151s\u00e9geket \u00e9s a nyom\u00e1sbesorol\u00e1sokat. Ez lehet\u0151v\u00e9 teszi a z\u00f6kken\u0151mentes integr\u00e1ci\u00f3t a k\u00fcl\u00f6nf\u00e9le h\u00f3eke rendszerekbe, n\u00f6velve az \u00e1ltal\u00e1nos hat\u00e9konys\u00e1got \u00e9s teljes\u00edtm\u00e9nyt.<\/p>\n<p>\u00d6sszefoglalva, a h\u00f3ek\u00e9hez val\u00f3 testreszabott mini k\u00e9tir\u00e1ny\u00fa hidraulikus dugatty\u00fas henger egy nagy teljes\u00edtm\u00e9ny\u0171 term\u00e9k, amely kiv\u00e9teles funkcionalit\u00e1st, tart\u00f3ss\u00e1got \u00e9s testreszab\u00e1si lehet\u0151s\u00e9geket k\u00edn\u00e1l. Megb\u00edzhat\u00f3 hidraulikus teljes\u00edtm\u00e9ny\u00e9nek \u00e9s robusztus konstrukci\u00f3j\u00e1nak k\u00f6sz\u00f6nhet\u0151en kiv\u00e1l\u00f3 v\u00e1laszt\u00e1s h\u00f3eke alkalmaz\u00e1sokhoz, optim\u00e1lis ir\u00e1ny\u00edt\u00e1st \u00e9s hat\u00e9konys\u00e1got biztos\u00edtva a kih\u00edv\u00e1st jelent\u0151 t\u00e9li k\u00f6r\u00fclm\u00e9nyek k\u00f6z\u00f6tt.<\/p>\n<p>A g\u00e9pek vil\u00e1ga hatalmas \u00e9s v\u00e1ltozatos, \u00e9s az egyik legfontosabb alkatr\u00e9sz, amely biztos\u00edtja sz\u00e1mos g\u00e9p z\u00f6kken\u0151mentes m\u0171k\u00f6d\u00e9s\u00e9t, a <strong>Testreszabott mini k\u00e9tir\u00e1ny\u00fa hidraulikus dugatty\u00fas henger<\/strong> kifejezetten h\u00f3ek\u00e9khez tervezve.<\/p>\n<h2>Term\u00e9kjellemz\u0151k<\/h2>\n<p>A Mini k\u00e9tir\u00e1ny\u00fa hidraulikus dugatty\u00fas henger nem mindennapi alkatr\u00e9sz. Prec\u00edz \u00e9s apr\u00f3l\u00e9kos odafigyel\u00e9ssel tervezt\u00e9k \u00e9s gy\u00e1rtott\u00e1k. A term\u00e9k \u00faj, \u00e9s 1 \u00e9v garanci\u00e1val rendelkezik. F\u0151 alkot\u00f3elemei k\u00f6z\u00e9 tartozik a csap\u00e1gy \u00e9s a hidraulikus henger, amelyek mindkett\u0151 a legmagasabb min\u0151s\u00e9g\u0171.<\/p>\n<p>A henger standard kialak\u00edt\u00e1s\u00fa, \u00e9s leny\u0171g\u00f6z\u0151, 3000-es maxim\u00e1lis tol\u00f3er\u0151vel rendelkezik. Mind\u00f6ssze 5,9 kg-ot nyom, \u00edgy k\u00f6nny\u0171 \u00e9s k\u00f6nnyen telep\u00edthet\u0151. A term\u00e9k ISO9001:2000 tan\u00fas\u00edtv\u00e1nnyal is rendelkezik, ami biztos\u00edtja a min\u0151s\u00e9g\u00e9t \u00e9s megb\u00edzhat\u00f3s\u00e1g\u00e1t.<\/p>\n<p><img decoding=\"async\" title=\"H\u00f3eke hidraulikus henger\" src=\"https:\/\/hzpt.com\/wp-content\/uploads\/2023\/11\/Snow-Plow-Hydraulic-Cylinder-3.webp\" alt=\"H\u00f3eke hidraulikus henger\" \/><\/p>\n<h2>Alkalmazhat\u00f3 ipar\u00e1gak \u00e9s felhaszn\u00e1l\u00e1sok<\/h2>\n<p>Ez a hidraulikus dugatty\u00fas henger nem korl\u00e1toz\u00f3dik egyetlen ipar\u00e1gra. Sz\u00e1mos ipar\u00e1gban haszn\u00e1lj\u00e1k, p\u00e9ld\u00e1ul g\u00e9pjav\u00edt\u00f3 m\u0171helyekben, mez\u0151gazdas\u00e1gban, energia- \u00e9s b\u00e1ny\u00e1szatban, valamint g\u00e9pgy\u00e1rt\u00e1sban. Sokoldal\u00fas\u00e1ga \u00e9s nagy teljes\u00edtm\u00e9nye ide\u00e1lis v\u00e1laszt\u00e1ss\u00e1 teszi sz\u00e1mos alkalmaz\u00e1shoz.<\/p>\n<h2>Karbantart\u00e1s \u00e9s gondoz\u00e1s<\/h2>\n<p>Mint minden m\u00e1s mechanikus alkatr\u00e9sz, a Mini k\u00e9tir\u00e1ny\u00fa hidraulikus dugatty\u00fas henger is rendszeres karbantart\u00e1st ig\u00e9nyel a hossz\u00fa \u00e9lettartam biztos\u00edt\u00e1sa \u00e9rdek\u00e9ben. Javasoljuk, hogy rendszeresen ellen\u0151rizze a hengert a kop\u00e1s \u00e9s elhaszn\u00e1l\u00f3d\u00e1s jelei szempontj\u00e1b\u00f3l, \u00e9s a s\u00e9r\u00fclt alkatr\u00e9szeket azonnal cser\u00e9lje ki a nagyobb meghib\u00e1sod\u00e1sok megel\u0151z\u00e9se \u00e9rdek\u00e9ben.<\/p>\n<h2>Az \u00e1ll\u00edthat\u00f3 kengyeles hengerek el\u0151nyei<\/h2>\n<p>Az \u00e1ll\u00edthat\u00f3 kengyeles hengerek, mint p\u00e9ld\u00e1ul a h\u00f3ek\u00e9khez val\u00f3, egyedi mini k\u00e9tir\u00e1ny\u00fa hidraulikus dugatty\u00fas hengerek, sz\u00e1mos el\u0151nnyel \u00e9s tulajdons\u00e1ggal rendelkeznek, amelyek kiv\u00e1l\u00f3an alkalmass\u00e1 teszik \u0151ket k\u00fcl\u00f6nf\u00e9le alkalmaz\u00e1sokhoz. Ebben a blogbejegyz\u00e9sben r\u00e9szletesen megvizsg\u00e1ljuk ezen hengerek el\u0151nyeit.<\/p>\n<h3>1. Fokozott rugalmass\u00e1g \u00e9s alkalmazkod\u00f3k\u00e9pess\u00e9g<\/h3>\n<p>Az \u00e1ll\u00edthat\u00f3 kengyeles hengerek fokozott rugalmass\u00e1got \u00e9s alkalmazkod\u00f3k\u00e9pess\u00e9get biztos\u00edtanak az \u00e1ll\u00edthat\u00f3 kengyeles r\u00f6gz\u00edt\u00e9seknek k\u00f6sz\u00f6nhet\u0151en. Ez a funkci\u00f3 lehet\u0151v\u00e9 teszi a henger r\u00f6gz\u00edt\u00e9si helyzet\u00e9nek egyszer\u0171 testreszab\u00e1s\u00e1t \u00e9s finomhangol\u00e1s\u00e1t az adott ig\u00e9nyeknek megfelel\u0151en. A kengyel be\u00e1ll\u00edt\u00e1s\u00e1val a henger pontosan be\u00e1ll\u00edthat\u00f3, biztos\u00edtva az optim\u00e1lis teljes\u00edtm\u00e9nyt \u00e9s hat\u00e9konys\u00e1got k\u00fcl\u00f6nb\u00f6z\u0151 alkalmaz\u00e1sokban.<\/p>\n<h3>2. Jobb teherb\u00edr\u00e1s<\/h3>\n<p>Ezek a munkahengerek kiv\u00e1l\u00f3 teherb\u00edr\u00e1st biztos\u00edtanak a fejlett dugatty\u00fakialak\u00edt\u00e1snak \u00e9s a hidraulikus teljes\u00edtm\u00e9nynek k\u00f6sz\u00f6nhet\u0151en. A dugatty\u00fa prec\u00edz kialak\u00edt\u00e1sa lehet\u0151v\u00e9 teszi a sima \u00e9s szab\u00e1lyozott mozg\u00e1st, biztos\u00edtva a neh\u00e9z terhek hat\u00e9kony kezel\u00e9s\u00e9t. A hidraulikus teljes\u00edtm\u00e9ny tov\u00e1bb n\u00f6veli a henger szil\u00e1rds\u00e1g\u00e1t, lehet\u0151v\u00e9 t\u00e9ve, hogy k\u00f6nnyed\u00e9n kezelje az ig\u00e9nyes feladatokat.<\/p>\n<h3>3. Kiv\u00e9teles tart\u00f3ss\u00e1g \u00e9s hossz\u00fa \u00e9lettartam<\/h3>\n<p>A kiv\u00e1l\u00f3 min\u0151s\u00e9g\u0171 anyagokb\u00f3l \u00e9s prec\u00edzi\u00f3s gy\u00e1rt\u00e1si technik\u00e1kkal tervezett, \u00e1ll\u00edthat\u00f3 kengyeles hengerek kiv\u00e9teles tart\u00f3ss\u00e1gukr\u00f3l \u00e9s hossz\u00fa \u00e9lettartamukr\u00f3l ismertek. Ezeket a hengereket \u00fagy tervezt\u00e9k, hogy ellen\u00e1lljanak a zord \u00fczemi k\u00f6r\u00fclm\u00e9nyeknek, p\u00e9ld\u00e1ul a sz\u00e9ls\u0151s\u00e9ges h\u0151m\u00e9rs\u00e9kleteknek, az er\u0151s rezg\u00e9seknek \u00e9s a korroz\u00edv k\u00f6rnyezetnek. Robusztus konstrukci\u00f3juk biztos\u00edtja a megb\u00edzhat\u00f3 teljes\u00edtm\u00e9nyt, \u00e9s minimaliz\u00e1lja a gyakori karbantart\u00e1s vagy csere sz\u00fcks\u00e9gess\u00e9g\u00e9t.<\/p>\n<h3>4. Optim\u00e1lis vez\u00e9rl\u00e9s \u00e9s pontoss\u00e1g<\/h3>\n<p>Az \u00e1ll\u00edthat\u00f3 kengyeles hengerek egyik jelent\u0151s el\u0151nye az optim\u00e1lis vez\u00e9rl\u00e9s \u00e9s pontoss\u00e1g. Finoman megtervezett alkatr\u00e9szeiknek \u00e9s hidraulikus rendszereiknek k\u00f6sz\u00f6nhet\u0151en ezek a hengerek prec\u00edz vez\u00e9rl\u00e9st biztos\u00edtanak a terhek mozg\u00e1sa \u00e9s pozicion\u00e1l\u00e1sa felett. Ez a vez\u00e9rl\u00e9si szint lehet\u0151v\u00e9 teszi a pontos \u00e9s hat\u00e9kony m\u0171k\u00f6d\u00e9st, \u00edgy ide\u00e1lisak olyan alkalmaz\u00e1sokhoz, amelyek prec\u00edz mozg\u00e1st ig\u00e9nyelnek, p\u00e9ld\u00e1ul h\u00f3ek\u00e9khez.<\/p>\n<h3>5. Megn\u00f6vekedett termel\u00e9kenys\u00e9g \u00e9s hat\u00e9konys\u00e1g<\/h3>\n<p>\u00c1ll\u00edthat\u00f3 kengyeles hengerek be\u00e9p\u00edt\u00e9s\u00e9vel berendez\u00e9seibe vagy g\u00e9peibe jelent\u0151sen n\u00f6velheti a termel\u00e9kenys\u00e9get \u00e9s a hat\u00e9konys\u00e1got. Ezek a hengerek z\u00f6kken\u0151mentes \u00e9s hat\u00e9kony m\u0171k\u00f6d\u00e9st tesznek lehet\u0151v\u00e9, cs\u00f6kkentik az \u00e1ll\u00e1sid\u0151t \u00e9s n\u00f6velik az \u00e1ltal\u00e1nos termel\u00e9kenys\u00e9get. A neh\u00e9z terhek kezel\u00e9s\u00e9nek \u00e9s a prec\u00edz vez\u00e9rl\u00e9snek k\u00f6sz\u00f6nhet\u0151en hozz\u00e1j\u00e1rulnak a feladatok gyorsabb elv\u00e9gz\u00e9s\u00e9hez \u00e9s a m\u0171k\u00f6d\u00e9si hat\u00e9konys\u00e1g jav\u00edt\u00e1s\u00e1hoz.<\/p>\n<h3>6. Sokoldal\u00fa alkalmaz\u00e1sok<\/h3>\n<p>Az \u00e1ll\u00edthat\u00f3 kengyeles hengerek sz\u00e1mos ipar\u00e1gban \u00e9s szektorban alkalmazhat\u00f3k. Sokoldal\u00fas\u00e1guk alkalmass\u00e1 teszi \u0151ket sz\u00e1mos feladatra, bele\u00e9rtve, de nem kiz\u00e1r\u00f3lagosan a h\u00f3ek\u00e9ket, mez\u0151gazdas\u00e1gi g\u00e9peket, \u00e9p\u00edt\u0151ipari g\u00e9peket, anyagmozgat\u00f3 rendszereket \u00e9s egyebeket. Az adott alkalmaz\u00e1st\u00f3l f\u00fcggetlen\u00fcl ezek a hengerek kiv\u00e9teles teljes\u00edtm\u00e9nyt \u00e9s megb\u00edzhat\u00f3s\u00e1got ny\u00fajtanak.<\/p>\n<h3>K\u00f6vetkeztet\u00e9s<\/h3>\n<p>\u00d6sszefoglalva, az \u00e1ll\u00edthat\u00f3 kengyeles hengereknek, mint p\u00e9ld\u00e1ul a h\u00f3ek\u00e9khez val\u00f3, testreszabott mini k\u00e9tir\u00e1ny\u00fa hidraulikus dugatty\u00fas hengereknek, sz\u00e1mos el\u0151ny\u00fck van. A fokozott rugalmass\u00e1g, a jobb teherb\u00edr\u00e1s, a kiv\u00e9teles tart\u00f3ss\u00e1g, az optim\u00e1lis vez\u00e9rl\u00e9s, a megn\u00f6vekedett termel\u00e9kenys\u00e9g \u00e9s a sokoldal\u00fa alkalmaz\u00e1sok \u00e9rt\u00e9kes v\u00e1laszt\u00e1ss\u00e1 teszik ezeket a hengereket k\u00fcl\u00f6nb\u00f6z\u0151 ipar\u00e1gak sz\u00e1m\u00e1ra. Az \u00e1ll\u00edthat\u00f3 kengyeles hengerekbe val\u00f3 befektet\u00e9s nagyban el\u0151ny\u00f6s lehet berendez\u00e9sei vagy g\u00e9pei sz\u00e1m\u00e1ra, megb\u00edzhat\u00f3 teljes\u00edtm\u00e9nyt \u00e9s hat\u00e9konys\u00e1got biztos\u00edtva.<\/p>\n<h3>Az FMP-r\u0151l<\/h3>\n<p>Az FMP egy olyan v\u00e1llalat, amely hidraulikus hengerek gy\u00e1rt\u00e1s\u00e1ra \u00e9s \u00e9rt\u00e9kes\u00edt\u00e9s\u00e9re specializ\u00e1l\u00f3dott. Elk\u00f6telezettek vagyunk amellett, hogy kiv\u00e1l\u00f3 min\u0151s\u00e9g\u0171 \u00e9s megb\u00edzhat\u00f3 hidraulikus hengereket biztos\u00edtsunk \u00fcgyfeleinknek k\u00fcl\u00f6nf\u00e9le \u00e9p\u00edt\u0151ipari g\u00e9pekhez. Sok\u00e9ves ipar\u00e1gi tapasztalatunkkal \u00e9s professzion\u00e1lis csapatunkkal kiv\u00e9teles term\u00e9keket \u00e9s szolg\u00e1ltat\u00e1sokat k\u00edn\u00e1lunk \u00fcgyfeleink ig\u00e9nyeinek kiel\u00e9g\u00edt\u00e9s\u00e9re.<\/p>\n<p><strong>1. Sz\u00e9les hidraulikus hengerv\u00e1laszt\u00e9k:<\/strong> Term\u00e9kk\u00edn\u00e1latunkban k\u00fcl\u00f6nf\u00e9le hidraulikus munkahengerek tal\u00e1lhat\u00f3k, p\u00e9ld\u00e1ul \u00e1ll\u00edthat\u00f3 kengyeles hengerek, teleszk\u00f3pos hengerek \u00e9s kett\u0151s m\u0171k\u00f6d\u00e9s\u0171 hengerek. K\u00fcl\u00f6nb\u00f6z\u0151 t\u00edpus\u00fa \u00e9p\u00edt\u0151ipari g\u00e9pekhez k\u00edn\u00e1lunk megold\u00e1sokat, biztos\u00edtva a kompatibilit\u00e1st \u00e9s a hat\u00e9konys\u00e1got a k\u00fcl\u00f6nf\u00e9le alkalmaz\u00e1sokban.<\/p>\n<p><strong>2. Kiv\u00e1l\u00f3 min\u0151s\u00e9g:<\/strong> Az FMP-n\u00e9l term\u00e9keink min\u0151s\u00e9g\u00e9t helyezz\u00fck el\u0151t\u00e9rbe. Hossz\u00fa t\u00e1v\u00fa \u00e9s stabil egy\u00fcttm\u0171k\u00f6d\u00e9si kapcsolatokat \u00e9p\u00edt\u00fcnk ki kiv\u00e1l\u00f3 min\u0151s\u00e9g\u0171 besz\u00e1ll\u00edt\u00f3kkal annak biztos\u00edt\u00e1sa \u00e9rdek\u00e9ben, hogy minden \u00e1ltalunk sz\u00e1ll\u00edtott hidraulikus henger megfeleljen a szigor\u00fa min\u0151s\u00e9gi el\u0151\u00edr\u00e1soknak. A min\u0151s\u00e9g ir\u00e1nti elk\u00f6telezetts\u00e9g\u00fcnk garant\u00e1lja a tart\u00f3ss\u00e1got, a megb\u00edzhat\u00f3s\u00e1got \u00e9s az optim\u00e1lis teljes\u00edtm\u00e9nyt.<\/p>\n<p><strong>3. Professzion\u00e1lis \u00e9rt\u00e9kes\u00edt\u00e9si csapat:<\/strong> Tapasztalt \u00e9s k\u00e9pzett \u00e9rt\u00e9kes\u00edt\u00e9si csapatunk j\u00e1rtas az \u00e9p\u00edt\u0151ipari g\u00e9pipar fejl\u0151d\u00e9si trendjeiben \u00e9s \u00fcgyf\u00e9lig\u00e9nyeiben. Professzion\u00e1lis term\u00e9ktan\u00e1csad\u00e1st \u00e9s intelligens v\u00e1s\u00e1rl\u00e1si javaslatokat tudnak ny\u00fajtani, seg\u00edtve \u00fcgyfeleinket a megalapozott d\u00f6nt\u00e9sek meghozatal\u00e1ban.<\/p>\n<p><strong>4. Hat\u00e9kony logisztikai disztrib\u00faci\u00f3:<\/strong> Meg\u00e9rtj\u00fck az id\u0151ben t\u00f6rt\u00e9n\u0151 sz\u00e1ll\u00edt\u00e1s fontoss\u00e1g\u00e1t. Az FMP hat\u00e9kony logisztikai eloszt\u00e1si rendszerrel rendelkezik annak biztos\u00edt\u00e1s\u00e1ra, hogy \u00fcgyfeleink id\u0151ben \u00e9s pontosan megkapj\u00e1k a sz\u00fcks\u00e9ges hidraulikus hengereket. Els\u0151dlegesen kezelj\u00fck az \u00fcgyfelek el\u00e9gedetts\u00e9g\u00e9t, \u00e9s igyeksz\u00fcnk megfelelni sz\u00e1ll\u00edt\u00e1si elv\u00e1r\u00e1saiknak.<\/p>\n<p><strong>5. Elk\u00f6telezetts\u00e9g az \u00fcgyfelek sikere ir\u00e1nt:<\/strong> Az FMP-n\u00e9l hisz\u00fcnk abban, hogy hossz\u00fa t\u00e1v\u00fa partners\u00e9geket kell ki\u00e9p\u00edteni \u00fcgyfeleinkkel. Elk\u00f6telezettek vagyunk a siker\u00fck \u00e9s el\u00e9gedetts\u00e9g\u00fck ir\u00e1nt. Csapatunk elk\u00f6telezett a kiv\u00e9teles \u00fcgyf\u00e9lszolg\u00e1lat ny\u00fajt\u00e1sa, a felmer\u00fcl\u0151 agg\u00e1lyok \u00e9s k\u00e9rd\u00e9sek gyors megv\u00e1laszol\u00e1sa, valamint a z\u00f6kken\u0151mentes \u00e9s \u00e9lvezetes v\u00e1s\u00e1rl\u00e1si folyamat biztos\u00edt\u00e1sa ir\u00e1nt.<\/p>\n<p><img decoding=\"async\" src=\"https:\/\/fmp-components.com\/wp-content\/uploads\/2024\/12\/Adjustable-Clevis-Type-Cylinders-6.webp\" alt=\"\u00c1ll\u00edthat\u00f3 kengyeles henger\" width=\"811\" title=\"\"><\/p>\n<h2>GYIK<\/h2>\n<h3>K: Kereskedelmi v\u00e1llalat vagy gy\u00e1rt\u00f3?<\/h3>\n<p>V: Mi egy gy\u00e1r vagyunk.<\/p>\n<h3>K: Mennyi a sz\u00e1ll\u00edt\u00e1si id\u0151?<\/h3>\n<p>V: \u00c1ltal\u00e1ban 25-35 nap.<\/p>\n<h3>K: Biztos\u00edtanak mint\u00e1kat? Ingyenesek vagy k\u00fcl\u00f6n kaphat\u00f3k?<\/h3>\n<p>V: Igen, felaj\u00e1nlhatn\u00e1nk a mint\u00e1t, de ez nem ingyenes.<\/p>\n<p>Szerz\u0151: CX<\/p>","protected":false},"excerpt":{"rendered":"<p>Customized Mini Two Way Hydraulic Piston Cylinder for Snow Plow The Customized Mini Two Way Hydraulic Piston Cylinder for Snow Plow is a top-of-the-line product designed for efficient snow plowing operations. This high-quality hydraulic piston cylinder offers exceptional performance and reliability, making it an ideal choice for snow plow applications. With its compact size and [&hellip;]<\/p>","protected":false},"featured_media":1467,"comment_status":"closed","ping_status":"closed","template":"","meta":{"_et_pb_use_builder":"","_et_pb_old_content":"","_et_gb_content_width":""},"product_brand":[],"product_cat":[42],"product_tag":[34,44],"class_list":{"0":"post-1466","1":"product","2":"type-product","3":"status-publish","4":"has-post-thumbnail","6":"product_cat-snow-plow-hydraulic-cylinder","7":"product_tag-hydraulic-cylinder","8":"product_tag-snow-plow-hydraulic-cylinder","10":"first","11":"instock","12":"product-type-simple"},"_links":{"self":[{"href":"https:\/\/fmp-components.com\/hu\/wp-json\/wp\/v2\/product\/1466","targetHints":{"allow":["GET"]}}],"collection":[{"href":"https:\/\/fmp-components.com\/hu\/wp-json\/wp\/v2\/product"}],"about":[{"href":"https:\/\/fmp-components.com\/hu\/wp-json\/wp\/v2\/types\/product"}],"replies":[{"embeddable":true,"href":"https:\/\/fmp-components.com\/hu\/wp-json\/wp\/v2\/comments?post=1466"}],"wp:featuredmedia":[{"embeddable":true,"href":"https:\/\/fmp-components.com\/hu\/wp-json\/wp\/v2\/media\/1467"}],"wp:attachment":[{"href":"https:\/\/fmp-components.com\/hu\/wp-json\/wp\/v2\/media?parent=1466"}],"wp:term":[{"taxonomy":"product_brand","embeddable":true,"href":"https:\/\/fmp-components.com\/hu\/wp-json\/wp\/v2\/product_brand?post=1466"},{"taxonomy":"product_cat","embeddable":true,"href":"https:\/\/fmp-components.com\/hu\/wp-json\/wp\/v2\/product_cat?post=1466"},{"taxonomy":"product_tag","embeddable":true,"href":"https:\/\/fmp-components.com\/hu\/wp-json\/wp\/v2\/product_tag?post=1466"}],"curies":[{"name":"munkaf\u00fczet","href":"https:\/\/api.w.org\/{rel}","templated":true}]}}