{"id":1464,"date":"2024-12-23T05:49:26","date_gmt":"2024-12-23T05:49:26","guid":{"rendered":"https:\/\/fmp-components.com\/product\/superior-quality-mini-two-way-hydraulic-piston-cylinder\/"},"modified":"2024-12-23T06:29:50","modified_gmt":"2024-12-23T06:29:50","slug":"superior-quality-mini-two-way-hydraulic-piston-cylinder","status":"publish","type":"product","link":"https:\/\/fmp-components.com\/hu\/product\/superior-quality-mini-two-way-hydraulic-piston-cylinder\/","title":{"rendered":"Kiv\u00e1l\u00f3 min\u0151s\u00e9g\u0171 mini k\u00e9tir\u00e1ny\u00fa hidraulikus dugatty\u00fas henger"},"content":{"rendered":"<p>Kiv\u00e1l\u00f3 min\u0151s\u00e9g\u0171 mini k\u00e9tir\u00e1ny\u00fa hidraulikus dugatty\u00fas hengerA kiv\u00e1l\u00f3 min\u0151s\u00e9g\u0171 mini k\u00e9tir\u00e1ny\u00fa hidraulikus dugatty\u00fas henger egy cs\u00facskateg\u00f3ri\u00e1s term\u00e9k, amelyet az optim\u00e1lis teljes\u00edtm\u00e9ny \u00e9s tart\u00f3ss\u00e1g jegy\u00e9ben terveztek. Ez a hidraulikus henger kiv\u00e1l\u00f3 min\u0151s\u00e9g\u0171 anyagokb\u00f3l \u00e9s prec\u00edzi\u00f3s m\u00e9rn\u00f6ki munk\u00e1val k\u00e9sz\u00fclt, hogy m\u00e9g a legig\u00e9nyesebb alkalmaz\u00e1sokban is megb\u00edzhat\u00f3 \u00e9s k\u00f6vetkezetes m\u0171k\u00f6d\u00e9st biztos\u00edtson.<\/p>\n<p>A dugatty\u00fas henger kompakt kialak\u00edt\u00e1s\u00fa, amely lehet\u0151v\u00e9 teszi a k\u00f6nny\u0171 telep\u00edt\u00e9st \u00e9s a hely hat\u00e9kony kihaszn\u00e1l\u00e1s\u00e1t. K\u00e9tir\u00e1ny\u00fa m\u0171k\u00f6d\u00e9se kiv\u00e9teles szab\u00e1lyozhat\u00f3s\u00e1got \u00e9s pontoss\u00e1got biztos\u00edt, \u00edgy ide\u00e1lis sz\u00e9les k\u00f6r\u0171 ipari \u00e9s kereskedelmi alkalmaz\u00e1sokhoz.<\/p>\n<p>A kiv\u00e1l\u00f3 teljes\u00edtm\u00e9ny mellett a Superior Quality Mini k\u00e9tir\u00e1ny\u00fa hidraulikus dugatty\u00fas hengert a biztons\u00e1g szem el\u0151tt tart\u00e1s\u00e1val tervezt\u00e9k. Fejlett tulajdons\u00e1gai \u00e9s robusztus konstrukci\u00f3ja biztos\u00edtja, hogy m\u00e9g a legnehezebb k\u00f6r\u00fclm\u00e9nyeknek is ellen\u00e1lljon, \u00e9s hossz\u00fa t\u00e1von optim\u00e1lis teljes\u00edtm\u00e9nyt ny\u00fajtson.<\/p>\n<p>\u00d6sszess\u00e9g\u00e9ben a kiv\u00e1l\u00f3 min\u0151s\u00e9g\u0171 mini k\u00e9tir\u00e1ny\u00fa hidraulikus dugatty\u00fas henger verhetetlen \u00e9rt\u00e9ket \u00e9s teljes\u00edtm\u00e9nyt k\u00edn\u00e1l minden olyan alkalmaz\u00e1shoz, amely megb\u00edzhat\u00f3 \u00e9s hat\u00e9kony hidraulikus teljes\u00edtm\u00e9nyt ig\u00e9nyel. Ak\u00e1r a gy\u00e1rt\u00e1sban, az \u00e9p\u00edt\u0151iparban vagy b\u00e1rmely m\u00e1s olyan ipar\u00e1gban dolgozik, amely kiv\u00e1l\u00f3 min\u0151s\u00e9g\u0171 hidraulikus berendez\u00e9seket ig\u00e9nyel, ez a dugatty\u00fas henger a t\u00f6k\u00e9letes v\u00e1laszt\u00e1s az \u00d6n sz\u00e1m\u00e1ra. Tapasztalja meg a kiv\u00e1l\u00f3 teljes\u00edtm\u00e9nyt \u00faj mini k\u00e9tir\u00e1ny\u00fa hidraulikus dugatty\u00fas henger\u00fcnkkel. Ez a cs\u00facskateg\u00f3ri\u00e1s term\u00e9k p\u00e1ratlan min\u0151s\u00e9get k\u00edn\u00e1l, \u00e9s \u00fagy tervezt\u00e9k, hogy megfeleljen a k\u00fcl\u00f6nf\u00e9le ipari ig\u00e9nyeknek. Hidraulikus dugatty\u00fas henger\u00fcnket megb\u00edzhat\u00f3 szolg\u00e1ltat\u00e1s \u00e9s kiemelked\u0151 tart\u00f3ss\u00e1g biztos\u00edt\u00e1s\u00e1ra tervezt\u00fck, \u00edgy n\u00e9lk\u00fcl\u00f6zhetetlen alkatr\u00e9sze a g\u00e9pjav\u00edt\u00f3 m\u0171helyeknek, mez\u0151gazdas\u00e1gi \u00fczemeknek, energia- \u00e9s b\u00e1ny\u00e1szati \u200b\u200biparnak, g\u00e9pgy\u00e1rt\u00e1snak \u00e9s g\u00e9pgy\u00e1raknak.<\/p>\n<h2>Term\u00e9kjellemz\u0151k<\/h2>\n<h3>Kiv\u00e1l\u00f3 min\u0151s\u00e9g\u0171 \u00e9s tart\u00f3s<\/h3>\n<p>Hidraulikus dugatty\u00fas henger\u00fcnk kiv\u00e1l\u00f3 min\u0151s\u00e9g\u0171 ac\u00e9l testanyagb\u00f3l k\u00e9sz\u00fclt, amely hossz\u00fa \u00e9lettartamot \u00e9s robusztus teljes\u00edtm\u00e9nyt biztos\u00edt. Maxim\u00e1lis tol\u00f3- \u00e9s h\u00faz\u00f3ereje 3000, illetve 20 tonna, \u00edgy hat\u00e9kony \u00e9s er\u0151teljes eszk\u00f6z a neh\u00e9z m\u0171veletekhez.<\/p>\n<h3>Standard specifik\u00e1ci\u00f3k<\/h3>\n<p>A term\u00e9k szabv\u00e1nyos specifik\u00e1ci\u00f3knak megfelel\u0151en k\u00e9sz\u00fclt, \u00edgy biztos\u00edtva a k\u00f6nny\u0171 kompatibilit\u00e1st a k\u00fcl\u00f6nf\u00e9le alkalmaz\u00e1sokkal. Furat\u00e1tm\u00e9r\u0151je 2 \u00e9s 6 h\u00fcvelyk, r\u00fadm\u00e9rete 1,125 \u00e9s 4 h\u00fcvelyk, l\u00f6kethossza 4 \u00e9s 100 h\u00fcvelyk, csapm\u00e9rete pedig 0,5 \u00e9s 2 h\u00fcvelyk k\u00f6z\u00f6tt mozog. A term\u00e9k eleg\u00e1ns fekete sz\u00ednben kaphat\u00f3, ami a kiv\u00e1l\u00f3 funkcionalit\u00e1s mellett vizu\u00e1lisan is vonz\u00f3v\u00e1 teszi.<\/p>\n<h3>Min\u0151s\u00e9gbiztos\u00edt\u00e1s<\/h3>\n<p>Hidraulikus dugatty\u00fas henger\u00fcnk ISO9001:2000 tan\u00fas\u00edtv\u00e1nnyal rendelkezik, ami garant\u00e1lja a kiv\u00e1l\u00f3 min\u0151s\u00e9get \u00e9s megb\u00edzhat\u00f3s\u00e1got. 1 \u00e9v garanci\u00e1t biztos\u00edtunk a term\u00e9kre \u00e9s annak f\u0151 alkatr\u00e9szeire, \u00edgy biztos\u00edtva \u00fcgyfeleink nyugalm\u00e1t.<\/p>\n<p><img decoding=\"async\" title=\"H\u00f3eke hidraulikus henger\" src=\"https:\/\/hzpt.com\/wp-content\/uploads\/2023\/11\/Snow-Plow-Hydraulic-Cylinder-2.webp\" alt=\"H\u00f3eke hidraulikus henger\" \/><\/p>\n<h2>Az \u00e1ll\u00edthat\u00f3 kengyeles hengerek el\u0151nyei<\/h2>\n<p>Az \u00e1ll\u00edthat\u00f3 kengyeles hengerek, mint p\u00e9ld\u00e1ul a kiv\u00e1l\u00f3 min\u0151s\u00e9g\u0171 mini k\u00e9tir\u00e1ny\u00fa hidraulikus dugatty\u00fas hengerek, sz\u00e1mos k\u00fcl\u00f6n\u00e1ll\u00f3 el\u0151nnyel rendelkeznek a k\u00fcl\u00f6nb\u00f6z\u0151 alkalmaz\u00e1sokban. Ezek a hengerek egyedi kialak\u00edt\u00e1ssal \u00e9s funkcionalit\u00e1ssal rendelkeznek, amely megk\u00fcl\u00f6nb\u00f6zteti \u0151ket a hagyom\u00e1nyos hidraulikus hengerekt\u0151l. Ebben a cikkben r\u00e9szletesen megvizsg\u00e1ljuk ezeket az el\u0151ny\u00f6ket, kiemelve azokat a hasznokat, amelyeket a k\u00fcl\u00f6nb\u00f6z\u0151 ipar\u00e1gak \u00e9s alkalmaz\u00e1sok sz\u00e1m\u00e1ra ny\u00fajtanak.<\/p>\n<h3>1. Fokozott rugalmass\u00e1g \u00e9s testreszabhat\u00f3s\u00e1g<\/h3>\n<p>Az \u00e1ll\u00edthat\u00f3 kengyeles hengerek egyik legfontosabb el\u0151nye a fokozott rugalmass\u00e1g \u00e9s a testreszab\u00e1si lehet\u0151s\u00e9gek. A hagyom\u00e1nyos hengerekkel ellent\u00e9tben ezek a hengerek \u00e1ll\u00edthat\u00f3 kengyeles r\u00f6gz\u00edt\u00e9ssel rendelkeznek, ami lehet\u0151v\u00e9 teszi a k\u00f6nny\u0171 r\u00f6gz\u00edt\u00e9st \u00e9s lev\u00e1laszt\u00e1st. Ez a funkci\u00f3 lehet\u0151v\u00e9 teszi a henger helyzet\u00e9nek, hossz\u00e1nak \u00e9s t\u00e1jol\u00e1s\u00e1nak gyors \u00e9s k\u00f6nny\u0171 be\u00e1ll\u00edt\u00e1s\u00e1t, ami fokozott rugalmass\u00e1got biztos\u00edt a k\u00fcl\u00f6nb\u00f6z\u0151 alkalmaz\u00e1sokban.<\/p>\n<p>A kiv\u00e1l\u00f3 min\u0151s\u00e9g\u0171 mini k\u00e9tir\u00e1ny\u00fa hidraulikus dugatty\u00fas hengerrel a felhaszn\u00e1l\u00f3k k\u00f6nnyen be\u00e1ll\u00edthatj\u00e1k a vill\u00e1s r\u00f6gz\u00edt\u00e9st az adott ig\u00e9nyeknek megfelel\u0151en. Ez a rugalmass\u00e1g sz\u00e9les k\u00f6r\u0171 alkalmaz\u00e1si lehet\u0151s\u00e9geket k\u00edn\u00e1l, bele\u00e9rtve az ipari g\u00e9peket, mez\u0151gazdas\u00e1gi berendez\u00e9seket \u00e9s \u00e9p\u00edt\u0151ipari j\u00e1rm\u0171veket.<\/p>\n<h3>2. Tov\u00e1bbfejlesztett teherkezel\u00e9si k\u00e9pess\u00e9g<\/h3>\n<p>Az \u00e1ll\u00edthat\u00f3 kengyeles hengerek a hagyom\u00e1nyos hengerekhez k\u00e9pest jobb teherb\u00edr\u00e1st is k\u00edn\u00e1lnak. Ezeknek a hengereknek a kialak\u00edt\u00e1sa hat\u00e9kony er\u0151\u00e1tvitelt biztos\u00edt, lehet\u0151v\u00e9 t\u00e9ve a neh\u00e9z terhek hat\u00e9kony kezel\u00e9s\u00e9t. A hengerben l\u00e9v\u0151 dugatty\u00fa sima mozg\u00e1st biztos\u00edt, biztos\u00edtva a prec\u00edz vez\u00e9rl\u00e9st \u00e9s stabilit\u00e1st m\u0171k\u00f6d\u00e9s k\u00f6zben.<\/p>\n<p>A kiv\u00e1l\u00f3 min\u0151s\u00e9g\u0171 mini k\u00e9tir\u00e1ny\u00fa hidraulikus dugatty\u00fas henger kiv\u00e1l\u00f3 min\u0151s\u00e9g\u0171 anyagokb\u00f3l \u00e9s fejlett m\u00e9rn\u00f6ki technik\u00e1kb\u00f3l k\u00e9sz\u00fclt, \u00edgy egy robusztus \u00e9s tart\u00f3s hengert eredm\u00e9nyez, amely k\u00f6nnyed\u00e9n k\u00e9pes kezelni a neh\u00e9z terheket. Ez ide\u00e1lis v\u00e1laszt\u00e1ss\u00e1 teszi olyan alkalmaz\u00e1sokhoz, amelyek megb\u00edzhat\u00f3 \u00e9s hat\u00e9kony teherkezel\u00e9st ig\u00e9nyelnek, p\u00e9ld\u00e1ul anyagmozgat\u00f3 berendez\u00e9sekhez \u00e9s emel\u0151rendszerekhez.<\/p>\n<h3>3. Optim\u00e1lis teljes\u00edtm\u00e9ny \u00e9s hat\u00e9konys\u00e1g<\/h3>\n<p>Az \u00e1ll\u00edthat\u00f3 kengyeles hengerek tov\u00e1bbi jelent\u0151s el\u0151nye az optim\u00e1lis teljes\u00edtm\u00e9ny \u00e9s hat\u00e9konys\u00e1g biztos\u00edt\u00e1s\u00e1nak k\u00e9pess\u00e9ge. Ezeket a hengereket az energiavesztes\u00e9g minimaliz\u00e1l\u00e1s\u00e1ra \u00e9s a teljes\u00edtm\u00e9ny maximaliz\u00e1l\u00e1s\u00e1ra tervezt\u00e9k, biztos\u00edtva a hat\u00e9kony m\u0171k\u00f6d\u00e9st \u00e9s az alacsonyabb \u00fczemeltet\u00e9si k\u00f6lts\u00e9geket.<\/p>\n<p>A kiv\u00e1l\u00f3 min\u0151s\u00e9g\u0171 mini k\u00e9tir\u00e1ny\u00fa hidraulikus dugatty\u00fas henger fejlett hidraulikus technol\u00f3gi\u00e1t alkalmaz, bele\u00e9rtve a prec\u00edz szelepvez\u00e9rl\u00e9st \u00e9s a hat\u00e9kony folyad\u00e9k\u00e1raml\u00e1s-kezel\u00e9st. Ez jobb rendszerteljes\u00edtm\u00e9nyt, cs\u00f6kkent s\u00farl\u00f3d\u00e1st \u00e9s fokozott energiahat\u00e9konys\u00e1got eredm\u00e9nyez. Ennek eredm\u00e9nyek\u00e9nt ezeket a hengereket sz\u00e9les k\u00f6rben haszn\u00e1lj\u00e1k olyan alkalmaz\u00e1sokban, amelyek nagy teljes\u00edtm\u00e9ny\u0171 \u00e9s energiahat\u00e9kony hidraulikus rendszereket ig\u00e9nyelnek, p\u00e9ld\u00e1ul a gy\u00e1rt\u00e1sautomatiz\u00e1l\u00e1sban \u00e9s az ipari g\u00e9pekben.<\/p>\n<h3>4. Sokoldal\u00fa r\u00f6gz\u00edt\u00e9si lehet\u0151s\u00e9gek<\/h3>\n<p>Az \u00e1ll\u00edthat\u00f3 kengyeles hengerek sokoldal\u00fa r\u00f6gz\u00edt\u00e9si lehet\u0151s\u00e9geket k\u00edn\u00e1lnak, lehet\u0151v\u00e9 t\u00e9ve a z\u00f6kken\u0151mentes integr\u00e1ci\u00f3t k\u00fcl\u00f6nf\u00e9le rendszerekbe \u00e9s szerkezetekbe. Ezek a hengerek f\u00fcgg\u0151legesen, v\u00edzszintesen vagy b\u00e1rmilyen k\u00edv\u00e1nt sz\u00f6gben felszerelhet\u0151k, az adott alkalmaz\u00e1si k\u00f6vetelm\u00e9nyekt\u0151l f\u00fcgg\u0151en.<\/p>\n<p>A kiv\u00e1l\u00f3 min\u0151s\u00e9g\u0171 mini k\u00e9tir\u00e1ny\u00fa hidraulikus dugatty\u00fas henger sz\u00e1mos szerel\u00e9si tartoz\u00e9kkal \u00e9s opci\u00f3val rendelkezik, biztos\u00edtva a k\u00f6nny\u0171 telep\u00edt\u00e9st \u00e9s a k\u00fcl\u00f6nb\u00f6z\u0151 rendszerekkel val\u00f3 kompatibilit\u00e1st. Ez a sokoldal\u00fas\u00e1g teszi ezeket a hengereket sz\u00e9les k\u00f6r\u0171 ipar\u00e1gakban alkalmazhat\u00f3v\u00e1, bele\u00e9rtve az aut\u00f3ipart, a rep\u00fcl\u0151g\u00e9pipart \u00e9s a haj\u00f3z\u00e1st.<\/p>\n<p>\u00d6sszefoglalva, az \u00e1ll\u00edthat\u00f3 kengyeles hengerek, amelyeket a kiv\u00e1l\u00f3 min\u0151s\u00e9g\u0171 mini k\u00e9tir\u00e1ny\u00fa hidraulikus dugatty\u00fas henger is p\u00e9ld\u00e1z, sz\u00e1mos el\u0151nnyel rendelkeznek a rugalmass\u00e1g, a teherb\u00edr\u00e1s, a teljes\u00edtm\u00e9ny \u00e9s a sokoldal\u00fas\u00e1g tekintet\u00e9ben. Ezek a hengerek egyedi kialak\u00edt\u00e1suk \u00e9s funkcionalit\u00e1suk miatt nagy keresletnek \u00f6rvendenek a k\u00fcl\u00f6nb\u00f6z\u0151 ipar\u00e1gakban. Legyen sz\u00f3 ipari g\u00e9pekr\u0151l, anyagmozgat\u00f3 berendez\u00e9sekr\u0151l vagy b\u00e1rmilyen m\u00e1s, megb\u00edzhat\u00f3 \u00e9s hat\u00e9kony hidraulikus rendszereket ig\u00e9nyl\u0151 alkalmaz\u00e1sr\u00f3l, az \u00e1ll\u00edthat\u00f3 kengyeles hengerek kiv\u00e1l\u00f3 v\u00e1laszt\u00e1snak bizonyulnak.<\/p>\n<h3>Az FMP-r\u0151l \u2013 Kiv\u00e1l\u00f3 min\u0151s\u00e9g\u0171 hidraulikus hengerek \u00e9p\u00edt\u0151ipari g\u00e9pekhez<\/h3>\n<p>\u00c9p\u00edt\u0151ipari g\u00e9peihez keres kiv\u00e1l\u00f3 min\u0151s\u00e9g\u0171 hidraulikus hengereket? Az FMP egy vezet\u0151 olaszorsz\u00e1gi v\u00e1llalat, amely \u00e9p\u00edt\u0151ipari g\u00e9palkatr\u00e9szek \u00e9s komplett g\u00e9pek \u00e9rt\u00e9kes\u00edt\u00e9s\u00e9re \u00e9s szervizel\u00e9s\u00e9re specializ\u00e1l\u00f3dott.<\/p>\n<p>Az FMP-n\u00e9l elk\u00f6telezettek vagyunk amellett, hogy \u00fcgyfeleinknek megb\u00edzhat\u00f3 \u00e9s hat\u00e9kony megold\u00e1sokat ny\u00fajtsunk \u00e9p\u00edt\u0151ipari g\u00e9peik ig\u00e9nyeire. Term\u00e9kpalett\u00e1nk sz\u00e9les v\u00e1laszt\u00e9kban tartalmaz \u00e9p\u00edt\u0151ipari g\u00e9peket, mez\u0151gazdas\u00e1gi g\u00e9pek sebess\u00e9gv\u00e1lt\u00f3it, bolyg\u00f3kerekes sebess\u00e9gv\u00e1lt\u00f3kat, ipari sebess\u00e9gv\u00e1lt\u00f3kat \u00e9s a hozz\u00e1juk ill\u0151 cs\u00facskateg\u00f3ri\u00e1s tartoz\u00e9kokat.<\/p>\n<p>\u00cdme n\u00e9h\u00e1ny el\u0151nye annak, ha az FMP-t v\u00e1lasztja hidraulikus henger ig\u00e9nyeihez:<\/p>\n<p>1. Kiv\u00e1l\u00f3 min\u0151s\u00e9g\u0171 term\u00e9kek: Minden term\u00e9k\u00fcnket kiv\u00e1l\u00f3 min\u0151s\u00e9g\u0171 besz\u00e1ll\u00edt\u00f3kt\u00f3l szerezz\u00fck be, \u00edgy biztos\u00edtva, hogy \u00fcgyfeleink csak a legjobb min\u0151s\u00e9g\u0171, szigor\u00fa min\u0151s\u00e9gi el\u0151\u00edr\u00e1soknak megfelel\u0151 term\u00e9keket kapj\u00e1k.<\/p>\n<p>2. Professzion\u00e1lis csapat: Tapasztalt \u00e9s professzion\u00e1lis \u00e9rt\u00e9kes\u00edt\u00e9si csapatunk ismeri az \u00e9p\u00edt\u0151ipari g\u00e9pipar fejleszt\u00e9si trendjeit \u00e9s \u00fcgyf\u00e9lig\u00e9nyeit, \u00e9s \u00e1tfog\u00f3 term\u00e9ktan\u00e1csad\u00e1st, valamint intelligens v\u00e1s\u00e1rl\u00e1si javaslatokat tud ny\u00fajtani.<\/p>\n<p>3. Hat\u00e9kony logisztikai eloszt\u00e1si rendszer: Hat\u00e9kony logisztikai eloszt\u00e1si rendszerrel rendelkez\u00fcnk, amely biztos\u00edtja a term\u00e9kek id\u0151ben t\u00f6rt\u00e9n\u0151 \u00e9s pontos kisz\u00e1ll\u00edt\u00e1s\u00e1t \u00fcgyfeleink sz\u00e1m\u00e1ra.<\/p>\n<p>4. Versenyk\u00e9pes \u00e1rak: Versenyk\u00e9pes \u00e1rakat k\u00edn\u00e1lunk term\u00e9keinkre a min\u0151s\u00e9g fel\u00e1ldoz\u00e1sa n\u00e9lk\u00fcl.<\/p>\n<p>5. Testreszab\u00e1s: Hidraulikus hengereinkhez testreszab\u00e1si lehet\u0151s\u00e9geket k\u00edn\u00e1lunk, hogy megfeleljenek \u00fcgyfeleink egyedi ig\u00e9nyeinek.<\/p>\n<p>Hidraulikus hengereink, mint p\u00e9ld\u00e1ul az \u00e1ll\u00edthat\u00f3 kengyeles henger (l\u00e1sd az al\u00e1bbi k\u00e9pet), t\u00f6k\u00e9letesek az \u00e9p\u00edt\u0151ipari g\u00e9pek sz\u00e9les sk\u00e1l\u00e1j\u00e1hoz. A min\u0151s\u00e9g \u00e9s az \u00fcgyf\u00e9l-el\u00e9gedetts\u00e9g ir\u00e1nti elk\u00f6telezetts\u00e9g\u00fcnknek k\u00f6sz\u00f6nhet\u0151en az FMP-re minden hidraulikus hengerrel kapcsolatos ig\u00e9ny\u00e9t kiel\u00e9g\u00edtheti.<\/p>\n<p><img decoding=\"async\" src=\"https:\/\/fmp-components.com\/wp-content\/uploads\/2024\/12\/Adjustable-Clevis-Type-Cylinders-6.webp\" alt=\"\u00c1ll\u00edthat\u00f3 kengyeles henger\" width=\"810\" title=\"\"><\/p>\n<h2>GYIK<\/h2>\n<ol>\n<li style=\"list-style-type: none;\">\n<ol>\n<li>K: Kereskedelmi v\u00e1llalat vagy gy\u00e1rt\u00f3? V: Gy\u00e1r vagyunk.<\/li>\n<li>K: Mennyi a sz\u00e1ll\u00edt\u00e1si id\u0151? V: \u00c1ltal\u00e1ban 25-35 nap.<\/li>\n<li>K: Biztos\u00edtanak mint\u00e1kat? Ingyenes vagy k\u00fcl\u00f6n fizetend\u0151? V: Igen, felaj\u00e1nlhatn\u00e1nk a mint\u00e1t, de nem ingyenes.<\/li>\n<\/ol>\n<\/li>\n<\/ol>\n<ol>\n<li><img decoding=\"async\" title=\"H\u00f3eke hidraulikus henger\" src=\"https:\/\/hzpt.com\/wp-content\/uploads\/2023\/11\/Snow-Plow-Hydraulic-Cylinder-1.webp\" alt=\"H\u00f3eke hidraulikus henger\" \/><\/li>\n<\/ol>\n<p>Szerz\u0151: CX<\/p>","protected":false},"excerpt":{"rendered":"<p>Superior Quality Mini Two Way Hydraulic Piston CylinderThe Superior Quality Mini Two Way Hydraulic Piston Cylinder is a top-of-the-line product designed for optimal performance and durability. This hydraulic cylinder is built with high-quality materials and precision engineering to ensure reliable and consistent operation in even the most demanding applications. The piston cylinder features a compact [&hellip;]<\/p>","protected":false},"featured_media":1465,"comment_status":"closed","ping_status":"closed","template":"","meta":{"_et_pb_use_builder":"","_et_pb_old_content":"","_et_gb_content_width":""},"product_brand":[],"product_cat":[42],"product_tag":[34,44],"class_list":{"0":"post-1464","1":"product","2":"type-product","3":"status-publish","4":"has-post-thumbnail","6":"product_cat-snow-plow-hydraulic-cylinder","7":"product_tag-hydraulic-cylinder","8":"product_tag-snow-plow-hydraulic-cylinder","10":"first","11":"instock","12":"product-type-simple"},"_links":{"self":[{"href":"https:\/\/fmp-components.com\/hu\/wp-json\/wp\/v2\/product\/1464","targetHints":{"allow":["GET"]}}],"collection":[{"href":"https:\/\/fmp-components.com\/hu\/wp-json\/wp\/v2\/product"}],"about":[{"href":"https:\/\/fmp-components.com\/hu\/wp-json\/wp\/v2\/types\/product"}],"replies":[{"embeddable":true,"href":"https:\/\/fmp-components.com\/hu\/wp-json\/wp\/v2\/comments?post=1464"}],"wp:featuredmedia":[{"embeddable":true,"href":"https:\/\/fmp-components.com\/hu\/wp-json\/wp\/v2\/media\/1465"}],"wp:attachment":[{"href":"https:\/\/fmp-components.com\/hu\/wp-json\/wp\/v2\/media?parent=1464"}],"wp:term":[{"taxonomy":"product_brand","embeddable":true,"href":"https:\/\/fmp-components.com\/hu\/wp-json\/wp\/v2\/product_brand?post=1464"},{"taxonomy":"product_cat","embeddable":true,"href":"https:\/\/fmp-components.com\/hu\/wp-json\/wp\/v2\/product_cat?post=1464"},{"taxonomy":"product_tag","embeddable":true,"href":"https:\/\/fmp-components.com\/hu\/wp-json\/wp\/v2\/product_tag?post=1464"}],"curies":[{"name":"munkaf\u00fczet","href":"https:\/\/api.w.org\/{rel}","templated":true}]}}