{"id":1462,"date":"2024-12-23T05:49:26","date_gmt":"2024-12-23T05:49:26","guid":{"rendered":"https:\/\/fmp-components.com\/product\/premium-quality-mini-two-way-hydraulic-piston-cylinder-for-snow-plow\/"},"modified":"2024-12-23T06:45:59","modified_gmt":"2024-12-23T06:45:59","slug":"premium-quality-mini-two-way-hydraulic-piston-cylinder-for-snow-plow","status":"publish","type":"product","link":"https:\/\/fmp-components.com\/hu\/product\/premium-quality-mini-two-way-hydraulic-piston-cylinder-for-snow-plow\/","title":{"rendered":"Pr\u00e9mium min\u0151s\u00e9g\u0171 mini k\u00e9tir\u00e1ny\u00fa hidraulikus dugatty\u00fas henger h\u00f3ek\u00e9hez"},"content":{"rendered":"<h2>Pr\u00e9mium min\u0151s\u00e9g\u0171 mini k\u00e9tir\u00e1ny\u00fa hidraulikus dugatty\u00fas henger h\u00f3ek\u00e9hez<\/h2>\n<p>A pr\u00e9mium min\u0151s\u00e9g\u0171 mini k\u00e9tir\u00e1ny\u00fa hidraulikus dugatty\u00fas munkahenger h\u00f3ek\u00e9hez n\u00e9lk\u00fcl\u00f6zhetetlen eszk\u00f6z minden h\u00f3eltakar\u00edt\u00e1si ig\u00e9nyhez. Ez a kiv\u00e1l\u00f3 min\u0151s\u00e9g\u0171 hidraulikus munkahenger kifejezetten a zord t\u00e9li k\u00f6r\u00fclm\u00e9nyek k\u00f6z\u00f6tti kiv\u00e1l\u00f3 teljes\u00edtm\u00e9ny biztos\u00edt\u00e1s\u00e1ra lett tervezve.<\/p>\n<p>Pr\u00e9mium min\u0151s\u00e9g\u0171 anyagokb\u00f3l k\u00e9sz\u00fclt, ez a hidraulikus henger a legmostoh\u00e1bb id\u0151j\u00e1r\u00e1si k\u00f6r\u00fclm\u00e9nyeknek is ellen\u00e1ll, maxim\u00e1lis tart\u00f3ss\u00e1got \u00e9s megb\u00edzhat\u00f3s\u00e1got biztos\u00edtva. A henger k\u00e9tir\u00e1ny\u00fa kialak\u00edt\u00e1sa lehet\u0151v\u00e9 teszi a sima \u00e9s hat\u00e9kony m\u0171k\u00f6d\u00e9st, \u00edgy k\u00f6nnyen haszn\u00e1lhat\u00f3 mind kereskedelmi, mind lakoss\u00e1gi h\u00f3eltakar\u00edt\u00e1shoz.<\/p>\n<p>A dugatty\u00fas hengert \u00fagy tervezt\u00e9k, hogy maxim\u00e1lis er\u0151t \u00e9s teljes\u00edtm\u00e9nyt ny\u00fajtson, lehet\u0151v\u00e9 t\u00e9ve a h\u00f3 gyors \u00e9s hat\u00e9kony eltakar\u00edt\u00e1s\u00e1t. Kompakt m\u00e9ret\u00e9nek \u00e9s k\u00f6nny\u0171 s\u00faly\u00e1nak k\u00f6sz\u00f6nhet\u0151en k\u00f6nnyen sz\u00e1ll\u00edthat\u00f3 \u00e9s t\u00e1rolhat\u00f3, \u00edgy k\u00e9nyelmes eszk\u00f6zz\u00e9 v\u00e1lik, amikor csak sz\u00fcks\u00e9ge van r\u00e1.<\/p>\n<p>\u00d6sszess\u00e9g\u00e9ben a pr\u00e9mium min\u0151s\u00e9g\u0171 mini k\u00e9tir\u00e1ny\u00fa hidraulikus dugatty\u00fas munkahenger h\u00f3ek\u00e9hez kiv\u00e1l\u00f3 befektet\u00e9s mindazok sz\u00e1m\u00e1ra, akiknek megb\u00edzhat\u00f3 \u00e9s tart\u00f3s h\u00f3eltakar\u00edt\u00f3 eszk\u00f6zre van sz\u00fcks\u00e9g\u00fck. Kiv\u00e1l\u00f3 min\u0151s\u00e9g\u0171 konstrukci\u00f3ja, hat\u00e9kony m\u0171k\u00f6d\u00e9se \u00e9s kiv\u00e1l\u00f3 teljes\u00edtm\u00e9nye t\u00f6k\u00e9letes v\u00e1laszt\u00e1ss\u00e1 teszi b\u00e1rmilyen h\u00f3eltakar\u00edt\u00e1si ig\u00e9nyhez.<\/p>\n<h2>Bemutatkozik a h\u00f3ek\u00e9khez val\u00f3 mini k\u00e9tir\u00e1ny\u00fa hidraulikus dugatty\u00fas henger<\/h2>\n<p>Bemutatjuk kiv\u00e1l\u00f3an megtervezett mini k\u00e9tir\u00e1ny\u00fa hidraulikus dugatty\u00fas henger\u00fcnket h\u00f3ek\u00e9khez. Ez a pr\u00e9mium min\u0151s\u00e9g\u0171 term\u00e9k a legnagyobb precizit\u00e1ssal lett tervezve \u00e9s fejlesztve a magas megb\u00edzhat\u00f3s\u00e1g \u00e9s a kiv\u00e1l\u00f3 teljes\u00edtm\u00e9ny biztos\u00edt\u00e1sa \u00e9rdek\u00e9ben. Robusztus kialak\u00edt\u00e1s\u00e1nak \u00e9s hidraulikus t\u00e1prendszer\u00e9nek k\u00f6sz\u00f6nhet\u0151en ez a dugatty\u00fas henger t\u00f6k\u00e9letes a nagy ig\u00e9nybev\u00e9tel\u0171 h\u00f3eltakar\u00edt\u00e1si m\u0171veletekhez a legzordabb \u00e9ghajlaton is.<\/p>\n<h2>Term\u00e9kjellemz\u0151k<\/h2>\n<p>A mini k\u00e9tir\u00e1ny\u00fa hidraulikus dugatty\u00fas henger ac\u00e9l testtel \u00e9s szabv\u00e1nyos szerkezettel rendelkezik, maxim\u00e1lis tol\u00f3ereje 3000 tonna, maxim\u00e1lis h\u00faz\u00f3ereje pedig 20 tonna. Furat\u00e1tm\u00e9r\u0151je 2 \u00e9s 6 h\u00fcvelyk, r\u00fadm\u00e9rete 1,125 \u00e9s 4 h\u00fcvelyk, l\u00f6kethossza 4 \u00e9s 100 h\u00fcvelyk, csapm\u00e9rete pedig 0,5 \u00e9s 2 h\u00fcvelyk k\u00f6z\u00f6tt v\u00e1ltozik. Ez a term\u00e9k ISO 9001:2000 tan\u00fas\u00edtv\u00e1nnyal rendelkezik, ami biztos\u00edtja a min\u0151s\u00e9get \u00e9s a megb\u00edzhat\u00f3s\u00e1got. Ez egy \u00faj term\u00e9k, amelynek megjelen\u00e9se 2023-ra v\u00e1rhat\u00f3.<\/p>\n<h2>Karbantart\u00e1s \u00e9s gondoz\u00e1s<\/h2>\n<p>Ez a hidraulikus dugatty\u00fas henger minim\u00e1lis karbantart\u00e1st ig\u00e9nyel. Az optim\u00e1lis teljes\u00edtm\u00e9ny biztos\u00edt\u00e1sa \u00e9rdek\u00e9ben azonban rendszeres ellen\u0151rz\u00e9s aj\u00e1nlott. A term\u00e9k f\u0151 alkatr\u00e9szeire, bele\u00e9rtve a csap\u00e1gyat \u00e9s a hidraulikus hengert, 1 \u00e9v garancia vonatkozik. A term\u00e9khez g\u00e9pteszt-jelent\u00e9s \u00e9s vide\u00f3s kimen\u0151 ellen\u0151rz\u00e9s is tartozik a min\u0151s\u00e9gbiztos\u00edt\u00e1s \u00e9rdek\u00e9ben.<\/p>\n<h2>Az \u00e1ll\u00edthat\u00f3 kengyeles hengerek el\u0151nyei<\/h2>\n<p>Az \u00e1ll\u00edthat\u00f3 kengyeles hengerek, mint p\u00e9ld\u00e1ul a pr\u00e9mium min\u0151s\u00e9g\u0171 mini k\u00e9tir\u00e1ny\u00fa hidraulikus dugatty\u00fas henger h\u00f3ek\u00e9hez, sz\u00e1mos figyelemre m\u00e9lt\u00f3 el\u0151nyt k\u00edn\u00e1lnak k\u00fcl\u00f6nf\u00e9le alkalmaz\u00e1sokban. Ezeket a hengereket prec\u00edzi\u00f3s \u00e9s fejlett technol\u00f3gi\u00e1val tervezt\u00e9k, hogy kiv\u00e1l\u00f3 teljes\u00edtm\u00e9nyt \u00e9s hossz\u00fa \u00e9lettartamot biztos\u00edtsanak. Ebben a cikkben megvizsg\u00e1ljuk az \u00e1ll\u00edthat\u00f3 kengyeles hengerek el\u0151nyeit, \u00e9s megvitatjuk egyedi tulajdons\u00e1gaikat, amelyek sz\u00e1mos ipar\u00e1g sz\u00e1m\u00e1ra el\u0151ny\u00f6s v\u00e1laszt\u00e1ss\u00e1 teszik \u0151ket.<\/p>\n<h3>1. Fokozott rugalmass\u00e1g \u00e9s alkalmazkod\u00f3k\u00e9pess\u00e9g<\/h3>\n<p>Az \u00e1ll\u00edthat\u00f3 kengyeles hengerek egyik kiemelked\u0151 el\u0151nye a fokozott rugalmass\u00e1g \u00e9s alkalmazkod\u00f3k\u00e9pess\u00e9g. Ezek a hengerek kengyeles r\u00f6gz\u00edt\u00e9ssel rendelkeznek, amely lehet\u0151v\u00e9 teszi a k\u00f6nny\u0171 be\u00e1ll\u00edt\u00e1st \u00e9s r\u00f6gz\u00edt\u00e9st k\u00fcl\u00f6nb\u00f6z\u0151 berendez\u00e9sekhez vagy g\u00e9pekhez. Ez a sokoldal\u00fas\u00e1g lehet\u0151v\u00e9 teszi sz\u00e1mukra, hogy sz\u00e9les k\u00f6rben haszn\u00e1lj\u00e1k \u0151ket, p\u00e9ld\u00e1ul h\u00f3ek\u00e9khez, mez\u0151gazdas\u00e1gi g\u00e9pekhez, \u00e9p\u00edt\u0151ipari berendez\u00e9sekhez \u00e9s egyebekhez.<\/p>\n<h3>2. Pontos \u00e9s megb\u00edzhat\u00f3 vez\u00e9rl\u00e9s<\/h3>\n<p>Az \u00e1ll\u00edthat\u00f3 kengyeles hengerek kiv\u00e9teles vez\u00e9rl\u00e9s\u00fckr\u0151l \u00e9s pontoss\u00e1gukr\u00f3l ismertek. Fejlett hidraulikus rendszer\u00fcknek \u00e9s prec\u00edz m\u00e9rn\u00f6ki tervez\u00e9s\u00fcknek k\u00f6sz\u00f6nhet\u0151en ezek a hengerek megb\u00edzhat\u00f3 \u00e9s pontos vez\u00e9rl\u00e9st biztos\u00edtanak a mozg\u00e1s \u00e9s a kifejtett er\u0151 felett. Ez a vez\u00e9rl\u00e9si szint kulcsfontoss\u00e1g\u00fa azokban az alkalmaz\u00e1sokban, ahol precizit\u00e1sra van sz\u00fcks\u00e9g, p\u00e9ld\u00e1ul olyan mez\u0151gazdas\u00e1gi feladatokn\u00e1l, mint a vet\u00e9s vagy a betakar\u00edt\u00e1s, ahol a m\u00e9lys\u00e9get \u00e9s a pozicion\u00e1l\u00e1st pontosan kell szab\u00e1lyozni.<\/p>\n<h3>3. Nagy tart\u00f3ss\u00e1g \u00e9s hossz\u00fa \u00e9lettartam<\/h3>\n<p>Pr\u00e9mium min\u0151s\u00e9g\u0171 anyagokb\u00f3l \u00e9s fejlett gy\u00e1rt\u00e1si technik\u00e1kkal tervezett, \u00e1ll\u00edthat\u00f3 kengyeles hengerek kiv\u00e9teles tart\u00f3ss\u00e1got \u00e9s hossz\u00fa \u00e9lettartamot mutatnak. Ezek a hengerek nagy terhel\u00e9seknek, sz\u00e9ls\u0151s\u00e9ges h\u0151m\u00e9rs\u00e9kleteknek \u00e9s zord munkak\u00f6r\u00fclm\u00e9nyeknek is ellen\u00e1llnak an\u00e9lk\u00fcl, hogy teljes\u00edtm\u00e9ny\u00fck fel\u00e1ldoz\u00e1sa n\u00e9lk\u00fcl lenn\u00e9nek k\u00e9pesek ellen\u00e1llni. A kiv\u00e1l\u00f3 min\u0151s\u00e9g\u0171 t\u00f6m\u00edt\u00e9sek \u00e9s alkatr\u00e9szek haszn\u00e1lata minim\u00e1lis kop\u00e1st \u00e9s elhaszn\u00e1l\u00f3d\u00e1st biztos\u00edt, cs\u00f6kkentve a gyakori karbantart\u00e1s vagy csere sz\u00fcks\u00e9gess\u00e9g\u00e9t.<\/p>\n<p><img decoding=\"async\" title=\"H\u00f3eke hidraulikus henger\" src=\"https:\/\/hzpt.com\/wp-content\/uploads\/2023\/11\/Snow-Plow-Hydraulic-Cylinder-1.webp\" alt=\"H\u00f3eke hidraulikus henger\" \/><\/p>\n<h3>4. Optim\u00e1lis teljes\u00edtm\u00e9ny \u00e9s hat\u00e9konys\u00e1g<\/h3>\n<p>Az \u00e1ll\u00edthat\u00f3 kengyeles hengereket az optim\u00e1lis teljes\u00edtm\u00e9ny \u00e9s hat\u00e9konys\u00e1g biztos\u00edt\u00e1s\u00e1ra tervezt\u00e9k. A hidraulikus rendszer biztos\u00edtja a sima \u00e9s hat\u00e9kony m\u0171k\u00f6d\u00e9st, minimaliz\u00e1lja az energiapazarl\u00e1st \u00e9s maximaliz\u00e1lja a termel\u00e9kenys\u00e9get. A hengerek \u00e1ltal kifejtett mozg\u00e1s \u00e9s er\u0151 feletti prec\u00edz szab\u00e1lyoz\u00e1s lehet\u0151v\u00e9 teszi az er\u0151forr\u00e1sok hat\u00e9kony felhaszn\u00e1l\u00e1s\u00e1t, ami k\u00f6lts\u00e9gmegtakar\u00edt\u00e1st \u00e9s jobb \u00e1ltal\u00e1nos teljes\u00edtm\u00e9nyt eredm\u00e9nyez.<\/p>\n<h3>5. Biztons\u00e1g \u00e9s megb\u00edzhat\u00f3s\u00e1g<\/h3>\n<p>A biztons\u00e1g \u00e9s a megb\u00edzhat\u00f3s\u00e1g garant\u00e1l\u00e1sa rendk\u00edv\u00fcl fontos minden ipari alkalmaz\u00e1sban. Az \u00e1ll\u00edthat\u00f3 kengyeles hengerek biztons\u00e1gi funkci\u00f3kkal, p\u00e9ld\u00e1ul nyom\u00e1scs\u00f6kkent\u0151 szelepekkel \u00e9s t\u00falterhel\u00e9s elleni v\u00e9delmi mechanizmusokkal vannak ell\u00e1tva. Ezek a hengerek szigor\u00fa tesztel\u00e9sen \u00e9s min\u0151s\u00e9gellen\u0151rz\u00e9sen esnek \u00e1t, hogy biztos\u00edts\u00e1k megb\u00edzhat\u00f3s\u00e1gukat \u00e9s az ipari szabv\u00e1nyoknak val\u00f3 megfelel\u00e9s\u00fcket, nyugalmat ny\u00fajtva a felhaszn\u00e1l\u00f3knak.<\/p>\n<p>\u00d6sszefoglalva, az \u00e1ll\u00edthat\u00f3 kengyeles hengerek, mint p\u00e9ld\u00e1ul a pr\u00e9mium min\u0151s\u00e9g\u0171 mini k\u00e9tir\u00e1ny\u00fa hidraulikus dugatty\u00fas henger h\u00f3ek\u00e9hez, sz\u00e1mos el\u0151nnyel rendelkeznek a rugalmass\u00e1g, a szab\u00e1lyozhat\u00f3s\u00e1g, a tart\u00f3ss\u00e1g, a teljes\u00edtm\u00e9ny \u00e9s a biztons\u00e1g tekintet\u00e9ben. Egyedi kialak\u00edt\u00e1suk \u00e9s fejlett funkci\u00f3ik miatt kedvelt v\u00e1laszt\u00e1snak sz\u00e1m\u00edtanak sz\u00e1mos ipar\u00e1gban. Legyen sz\u00f3 h\u00f3ek\u00e9kr\u0151l, mez\u0151gazdas\u00e1gi g\u00e9pekr\u0151l vagy \u00e9p\u00edt\u0151ipari berendez\u00e9sekr\u0151l, ezek a hengerek kiv\u00e1l\u00f3 teljes\u00edtm\u00e9nyt, hossz\u00fa \u00e9lettartamot \u00e9s alkalmazkod\u00f3k\u00e9pess\u00e9get biztos\u00edtanak, \u00edgy ide\u00e1lis v\u00e1laszt\u00e1st jelentenek az ig\u00e9nyes alkalmaz\u00e1sokhoz.<\/p>\n<h3>Az FMP-r\u0151l \u2013 \u00c9p\u00edt\u0151g\u00e9p-alkatr\u00e9szek \u00e9s komplett g\u00e9pek professzion\u00e1lis \u00e9rt\u00e9kes\u00edt\u00e9se \u00e9s szervizel\u00e9se<\/h3>\n<p>Az FMP egy vezet\u0151 olaszorsz\u00e1gi v\u00e1llalat, amely \u00e9p\u00edt\u0151ipari g\u00e9palkatr\u00e9szek \u00e9s komplett g\u00e9pek \u00e9rt\u00e9kes\u00edt\u00e9s\u00e9re \u00e9s szervizel\u00e9s\u00e9re specializ\u00e1l\u00f3dott. Sok \u00e9ves ipar\u00e1gi tapasztalattal \u00e9s professzion\u00e1lis csapattal kiv\u00e1l\u00f3 min\u0151s\u00e9g\u0171 \u00e9s megb\u00edzhat\u00f3 megold\u00e1sokat k\u00edn\u00e1lunk \u00fcgyfeleinknek.<\/p>\n<h3>Hidraulikus henger \u2013 Kiv\u00e1l\u00f3 min\u0151s\u00e9g\u0171 term\u00e9k\u00fcnk<\/h3>\n<p>Az egyik legkiv\u00e1l\u00f3bb min\u0151s\u00e9g\u0171 term\u00e9k\u00fcnk a hidraulikus henger. \u00cdme n\u00e9h\u00e1ny ok, ami\u00e9rt az FMP-t kell v\u00e1lasztania hidraulikus hengereihez:<\/p>\n<ol>\n<li><strong>Kiv\u00e1l\u00f3 min\u0151s\u00e9g\u0171 anyagok<\/strong>Hidraulikus hengereink kiv\u00e1l\u00f3 min\u0151s\u00e9g\u0171 anyagokb\u00f3l k\u00e9sz\u00fclnek a tart\u00f3ss\u00e1g \u00e9s a megb\u00edzhat\u00f3s\u00e1g biztos\u00edt\u00e1sa \u00e9rdek\u00e9ben.<\/li>\n<li><strong>Testreszabhat\u00f3 be\u00e1ll\u00edt\u00e1sok<\/strong>Sz\u00e1mos testreszabhat\u00f3 opci\u00f3t k\u00edn\u00e1lunk az \u00d6n egyedi ig\u00e9nyeinek kiel\u00e9g\u00edt\u00e9s\u00e9re, bele\u00e9rtve az \u00e1ll\u00edthat\u00f3 kengyeles hengereket, mint p\u00e9ld\u00e1ul az al\u00e1bb l\u00e1that\u00f3.<\/li>\n<li><strong>Szak\u00e9rt\u0151i konzult\u00e1ci\u00f3<\/strong>Tapasztalt \u00e9rt\u00e9kes\u00edt\u00e9si csapatunk ismeri az \u00e9p\u00edt\u0151ipari g\u00e9pipar fejl\u0151d\u00e9si trendjeit \u00e9s \u00fcgyf\u00e9lig\u00e9nyeit. Professzion\u00e1lis term\u00e9ktan\u00e1csad\u00e1st \u00e9s intelligens v\u00e1s\u00e1rl\u00e1si javaslatokat tudnak ny\u00fajtani.<\/li>\n<li><strong>Hat\u00e9kony logisztikai eloszt\u00f3rendszer<\/strong>Hat\u00e9kony logisztikai eloszt\u00e1si rendszerrel rendelkez\u00fcnk annak \u00e9rdek\u00e9ben, hogy \u00fcgyfeleink id\u0151ben \u00e9s pontosan megkapj\u00e1k a sz\u00fcks\u00e9ges alkatr\u00e9szeket.<\/li>\n<li><strong>Szigor\u00fa min\u0151s\u00e9gi szabv\u00e1nyok<\/strong>Hossz\u00fa t\u00e1v\u00fa \u00e9s stabil egy\u00fcttm\u0171k\u00f6d\u00e9si kapcsolatok kialak\u00edt\u00e1s\u00e1val sz\u00e1mos kiv\u00e1l\u00f3 min\u0151s\u00e9g\u0171 belf\u00f6ldi \u00e9s k\u00fclf\u00f6ldi besz\u00e1ll\u00edt\u00f3val biztos\u00edtjuk, hogy minden besz\u00e1ll\u00edtott alkatr\u00e9sz megfeleljen a szigor\u00fa min\u0151s\u00e9gi el\u0151\u00edr\u00e1soknak.<\/li>\n<\/ol>\n<p>V\u00e1lassza az FMP-t hidraulikus henger ig\u00e9nyeihez, \u00e9s tapasztalja meg a min\u0151s\u00e9g \u00e9s a szolg\u00e1ltat\u00e1s k\u00f6z\u00f6tti k\u00fcl\u00f6nbs\u00e9get.<\/p>\n<p><img decoding=\"async\" src=\"https:\/\/fmp-components.com\/wp-content\/uploads\/2024\/12\/Adjustable-Clevis-Type-Cylinders-6.webp\" alt=\"\u00c1ll\u00edthat\u00f3 kengyeles henger\" width=\"809\" title=\"\"><\/p>\n<h2>Gyakran ism\u00e9telt k\u00e9rd\u00e9sek<\/h2>\n<h3>K: Kereskedelmi v\u00e1llalat vagy gy\u00e1rt\u00f3?<\/h3>\n<p>V: Gy\u00e1r vagyunk. Minden term\u00e9k\u00fcnket h\u00e1zon bel\u00fcl gy\u00e1rtjuk, ami biztos\u00edtja a min\u0151s\u00e9get \u00e9s a megb\u00edzhat\u00f3s\u00e1got.<\/p>\n<h3>K: Mennyi a sz\u00e1ll\u00edt\u00e1si id\u0151?<\/h3>\n<p>V: A standard sz\u00e1ll\u00edt\u00e1si id\u0151nk 25-35 nap. Ez azonban a term\u00e9kt\u0151l \u00e9s a rendel\u00e9si mennyis\u00e9gt\u0151l f\u00fcgg\u0151en v\u00e1ltozhat.<\/p>\n<h3>K: Mint\u00e1kat is biztos\u00edtanak?<\/h3>\n<p>V: Igen, biztos\u00edtunk mint\u00e1kat, de ezek nem ingyenesek. Hisz\u00fcnk term\u00e9keink min\u0151s\u00e9g\u00e9ben, \u00e9s biztosak vagyunk benne, hogy \u00d6n is \u00edgy fog gondolni, ha egyszer kipr\u00f3b\u00e1lta \u0151ket.<\/p>\n<p>Szerz\u0151: CX<\/p>","protected":false},"excerpt":{"rendered":"<p>Premium Quality Mini Two Way Hydraulic Piston Cylinder for Snow Plow The Premium Quality Mini Two Way Hydraulic Piston Cylinder for Snow Plow is an essential tool for all snow plowing needs. This high-quality hydraulic cylinder is specially designed to provide excellent performance in harsh winter conditions. Made from premium quality materials, this hydraulic cylinder [&hellip;]<\/p>","protected":false},"featured_media":1463,"comment_status":"closed","ping_status":"closed","template":"","meta":{"_et_pb_use_builder":"","_et_pb_old_content":"","_et_gb_content_width":""},"product_brand":[],"product_cat":[42],"product_tag":[34,44],"class_list":{"0":"post-1462","1":"product","2":"type-product","3":"status-publish","4":"has-post-thumbnail","6":"product_cat-snow-plow-hydraulic-cylinder","7":"product_tag-hydraulic-cylinder","8":"product_tag-snow-plow-hydraulic-cylinder","10":"first","11":"instock","12":"product-type-simple"},"_links":{"self":[{"href":"https:\/\/fmp-components.com\/hu\/wp-json\/wp\/v2\/product\/1462","targetHints":{"allow":["GET"]}}],"collection":[{"href":"https:\/\/fmp-components.com\/hu\/wp-json\/wp\/v2\/product"}],"about":[{"href":"https:\/\/fmp-components.com\/hu\/wp-json\/wp\/v2\/types\/product"}],"replies":[{"embeddable":true,"href":"https:\/\/fmp-components.com\/hu\/wp-json\/wp\/v2\/comments?post=1462"}],"wp:featuredmedia":[{"embeddable":true,"href":"https:\/\/fmp-components.com\/hu\/wp-json\/wp\/v2\/media\/1463"}],"wp:attachment":[{"href":"https:\/\/fmp-components.com\/hu\/wp-json\/wp\/v2\/media?parent=1462"}],"wp:term":[{"taxonomy":"product_brand","embeddable":true,"href":"https:\/\/fmp-components.com\/hu\/wp-json\/wp\/v2\/product_brand?post=1462"},{"taxonomy":"product_cat","embeddable":true,"href":"https:\/\/fmp-components.com\/hu\/wp-json\/wp\/v2\/product_cat?post=1462"},{"taxonomy":"product_tag","embeddable":true,"href":"https:\/\/fmp-components.com\/hu\/wp-json\/wp\/v2\/product_tag?post=1462"}],"curies":[{"name":"munkaf\u00fczet","href":"https:\/\/api.w.org\/{rel}","templated":true}]}}