{"id":1458,"date":"2024-12-23T05:49:26","date_gmt":"2024-12-23T05:49:26","guid":{"rendered":"https:\/\/fmp-components.com\/product\/factory-serving-small-hydraulic-cylinder-double-acting-hydraulic-cylinder-for-snow-plow\/"},"modified":"2024-12-23T06:39:29","modified_gmt":"2024-12-23T06:39:29","slug":"factory-serving-small-hydraulic-cylinder-double-acting-hydraulic-cylinder-for-snow-plow","status":"publish","type":"product","link":"https:\/\/fmp-components.com\/hu\/product\/factory-serving-small-hydraulic-cylinder-double-acting-hydraulic-cylinder-for-snow-plow\/","title":{"rendered":"Gy\u00e1rilag kiszolg\u00e1l\u00f3 kis hidraulikus henger kett\u0151s m\u0171k\u00f6d\u00e9s\u0171 hidraulikus henger h\u00f3ek\u00e9hez"},"content":{"rendered":"<h2>Gy\u00e1rilag kiszolg\u00e1l\u00f3 kis hidraulikus henger kett\u0151s m\u0171k\u00f6d\u00e9s\u0171 hidraulikus henger h\u00f3ek\u00e9hez<\/h2>\n<p>A gy\u00e1rilag szerelt kis hidraulikus hengeres, kett\u0151s m\u0171k\u00f6d\u00e9s\u0171 hidraulikus henger h\u00f3ek\u00e9khez egy kiv\u00e1l\u00f3 min\u0151s\u00e9g\u0171 hidraulikus henger, amelyet kifejezetten h\u00f3ek\u00e9khez terveztek. Kett\u0151s m\u0171k\u00f6d\u00e9s\u00e9nek k\u00f6sz\u00f6nhet\u0151en ez a henger nagy teljes\u00edtm\u00e9nyt \u00e9s megb\u00edzhat\u00f3 teljes\u00edtm\u00e9nyt ny\u00fajt, seg\u00edtve a h\u00f3 \u00e9s a j\u00e9g gyors \u00e9s hat\u00e9kony eltakar\u00edt\u00e1s\u00e1t.<\/p>\n<p>Pr\u00e9mium anyagokb\u00f3l k\u00e9sz\u00fclt, ez a hidraulikus henger tart\u00f3s haszn\u00e1latra k\u00e9sz\u00fclt. Kompakt m\u00e9rete ide\u00e1lis v\u00e1laszt\u00e1ss\u00e1 teszi kisebb h\u00f3eke modellekhez, helytakar\u00e9kos megold\u00e1st k\u00edn\u00e1lva a teljes\u00edtm\u00e9ny fel\u00e1ldoz\u00e1sa n\u00e9lk\u00fcl. Kett\u0151s m\u0171k\u00f6d\u00e9s\u0171 kialak\u00edt\u00e1sa sima \u00e9s k\u00f6vetkezetes m\u0171k\u00f6d\u00e9st biztos\u00edt, lehet\u0151v\u00e9 t\u00e9ve a prec\u00edz vez\u00e9rl\u00e9st \u00e9s a maxim\u00e1lis hat\u00e9konys\u00e1got.<\/p>\n<p><img decoding=\"async\" title=\"H\u00f3eke hidraulikus henger\" src=\"https:\/\/hzpt.com\/wp-content\/uploads\/2023\/11\/Snow-Plow-Hydraulic-Cylinder-1.webp\" alt=\"H\u00f3eke hidraulikus henger\" \/><\/p>\n<p>Ak\u00e1r professzion\u00e1lis h\u00f3eltakar\u00edt\u00f3 szolg\u00e1ltat\u00f3, ak\u00e1r h\u00e1ztulajdonos, aki hat\u00e9kony m\u00f3dot keres a kocsifelhajt\u00f3 megtiszt\u00edt\u00e1s\u00e1ra, a gy\u00e1rilag kiszolg\u00e1l\u00f3 kism\u00e9ret\u0171 hidraulikus hengeres, kett\u0151s m\u0171k\u00f6d\u00e9s\u0171 hidraulikus henger h\u00f3ek\u00e9hez megb\u00edzhat\u00f3 \u00e9s hat\u00e9kony megold\u00e1st k\u00edn\u00e1l. Tart\u00f3s konstrukci\u00f3j\u00e1nak \u00e9s fejlett funkci\u00f3inak k\u00f6sz\u00f6nhet\u0151en ez a hidraulikus henger biztosan megfelel a t\u00e9li id\u0151j\u00e1r\u00e1s legkem\u00e9nyebb k\u00f6vetelm\u00e9nyeinek is.<\/p>\n<div>\n<h2>Fedezze fel a h\u00f3ek\u00e9hez val\u00f3 nagy teljes\u00edtm\u00e9ny\u0171, kett\u0151s m\u0171k\u00f6d\u00e9s\u0171 hidraulikus hengert<\/h2>\n<p>Megb\u00edzhat\u00f3 \u00e9s nagy teljes\u00edtm\u00e9ny\u0171 hidraulikus hengert keres h\u00f3ek\u00e9j\u00e9hez? Ne keressen tov\u00e1bb, n\u00e1lunk megtal\u00e1lja! \u00daj \u00e9s tart\u00f3s hidraulikus hengereket k\u00edn\u00e1lunk egy \u00e9v garanci\u00e1val, amelyek sz\u00e1mos ipar\u00e1g sz\u00e1m\u00e1ra alkalmasak, bele\u00e9rtve a g\u00e9pjav\u00edt\u00f3 m\u0171helyeket, a mez\u0151gazdas\u00e1got, az energia- \u00e9s b\u00e1ny\u00e1szatot, a g\u00e9pgy\u00e1rt\u00e1st \u00e9s a g\u00e9pgy\u00e1rakat.<\/p>\n<h2>Term\u00e9kjellemz\u0151k<\/h2>\n<ul>\n<li>S\u00faly: 5,4 kg<\/li>\n<li>Tart\u00f3s ac\u00e9lb\u00f3l k\u00e9sz\u00fclt<\/li>\n<li>Hidraulikus meghajt\u00e1s a kiv\u00e1l\u00f3 teljes\u00edtm\u00e9ny \u00e9s megb\u00edzhat\u00f3s\u00e1g \u00e9rdek\u00e9ben<\/li>\n<li>Max. tol\u00f3er\u0151: 3000<\/li>\n<li>Max. h\u00faz\u00f3er\u0151: 20 tonna<\/li>\n<li>Furatm\u00e9ret: 2-6 h\u00fcvelyk<\/li>\n<li>R\u00fadm\u00e9ret: 1,125-4 h\u00fcvelyk<\/li>\n<li>L\u00f6ketm\u00e9ret: 4-100 h\u00fcvelyk<\/li>\n<li>Csapm\u00e9ret: 0,5-2 h\u00fcvelyk<\/li>\n<li>Sz\u00edn: fekete<\/li>\n<li>Tan\u00fas\u00edtv\u00e1ny: ISO9001:2000<\/li>\n<li>Csomagol\u00e1s: vasdoboz, r\u00e9tegelt lemez doboz vagy kartondoboz<\/li>\n<\/ul>\n<p><img decoding=\"async\" src=\"https:\/\/hzpt.com\/wp-content\/uploads\/2023\/11\/Snow-Plow-Hydraulic-Cylinder-4Factory.webp\" alt=\"Gy\u00e1ri k\u00e9p\" title=\"\"><\/p>\n<\/div>\n<h2>Az \u00e1ll\u00edthat\u00f3 kengyeles hengerek el\u0151nyei<\/h2>\n<p>Az \u00e1ll\u00edthat\u00f3 kengyeles hengereket sz\u00e9les k\u00f6rben haszn\u00e1lj\u00e1k k\u00fcl\u00f6nf\u00e9le ipar\u00e1gakban sokoldal\u00fa jelleg\u00fck \u00e9s az \u00e1ltaluk k\u00edn\u00e1lt el\u0151ny\u00f6k miatt. \u00cdme az \u00e1ll\u00edthat\u00f3 kengyeles hengerek n\u00e9h\u00e1ny f\u0151 el\u0151nye:<\/p>\n<h3>1. Sokoldal\u00fas\u00e1g<\/h3>\n<p>Az \u00e1ll\u00edthat\u00f3 kengyeles hengerek egyik legfontosabb el\u0151nye a sokoldal\u00fas\u00e1guk. Ezek a hengerek sz\u00e9les k\u00f6rben alkalmazhat\u00f3k, \u00edgy ide\u00e1lis v\u00e1laszt\u00e1st jelentenek sz\u00e1mos ipar\u00e1g sz\u00e1m\u00e1ra. \u00c1ltal\u00e1ban olyan alkalmaz\u00e1sokban haszn\u00e1lj\u00e1k \u0151ket, mint az anyagmozgat\u00e1s, az \u00e9p\u00edt\u0151ipari berendez\u00e9sek \u00e9s a mez\u0151gazdas\u00e1gi g\u00e9pek.<\/p>\n<h3>2. \u00c1ll\u00edthat\u00f3 l\u00f6kethossz<\/h3>\n<p>Az \u00e1ll\u00edthat\u00f3 kengyeles hengerek tov\u00e1bbi jelent\u0151s el\u0151nye az \u00e1ll\u00edthat\u00f3 l\u00f6kethossz. Ez azt jelenti, hogy a henger l\u00f6kethossza k\u00f6nnyen be\u00e1ll\u00edthat\u00f3 az alkalmaz\u00e1s konkr\u00e9t ig\u00e9nyeinek megfelel\u0151en. Ez k\u00fcl\u00f6n\u00f6sen el\u0151ny\u00f6s azokban az esetekben, amikor a hengert k\u00fcl\u00f6nb\u00f6z\u0151 alkalmaz\u00e1sokban, elt\u00e9r\u0151 k\u00f6vetelm\u00e9nyekkel haszn\u00e1lj\u00e1k.<\/p>\n<h3>3. Nagy teherb\u00edr\u00e1s<\/h3>\n<p>Az \u00e1ll\u00edthat\u00f3 kengyeles hengerek nagy teherb\u00edr\u00e1sra vannak tervezve, \u00edgy alkalmasak nagy ig\u00e9nybev\u00e9tel\u0171 alkalmaz\u00e1sokhoz. \u00c1ltal\u00e1ban olyan alkalmaz\u00e1sokban haszn\u00e1lj\u00e1k \u0151ket, amelyek nagy er\u0151t \u00e9s nyom\u00e1st ig\u00e9nyelnek, p\u00e9ld\u00e1ul neh\u00e9zg\u00e9pek \u00e9p\u00edt\u00e9s\u00e9ben.<\/p>\n<h3>4. Kett\u0151s vagy egyszeres m\u0171k\u00f6d\u00e9s\u0171<\/h3>\n<p>Az \u00e1ll\u00edthat\u00f3 kengyeles hengerek kett\u0151s vagy egyszeres m\u0171k\u00f6d\u00e9s\u0171 hengerk\u00e9nt is kialak\u00edthat\u00f3k, az alkalmaz\u00e1si k\u00f6vetelm\u00e9nyekt\u0151l f\u00fcgg\u0151en. A kett\u0151s m\u0171k\u00f6d\u00e9s\u0171 hengereket \u00e1ltal\u00e1ban olyan alkalmaz\u00e1sokban haszn\u00e1lj\u00e1k, amelyek nyom\u00f3- \u00e9s h\u00faz\u00f3er\u0151t is ig\u00e9nyelnek, m\u00edg az egyszeres m\u0171k\u00f6d\u00e9s\u0171 hengereket olyan alkalmaz\u00e1sokban, amelyek csak egyir\u00e1ny\u00fa er\u0151t ig\u00e9nyelnek.<\/p>\n<h3>5. Gy\u00e1rilag kiszolg\u00e1l\u00f3 kis hidraulikus henger<\/h3>\n<p>Az \u00e1ll\u00edthat\u00f3 kengyeles hengerek t\u00f6bbf\u00e9le m\u00e9retben gy\u00e1rthat\u00f3k, \u00edgy k\u00fcl\u00f6nf\u00e9le alkalmaz\u00e1sokhoz alkalmasak, bele\u00e9rtve azokat is, amelyek kis hidraulikus hengereket ig\u00e9nyelnek. \u00c1ltal\u00e1ban olyan alkalmaz\u00e1sokban haszn\u00e1lj\u00e1k \u0151ket, amelyek nagy pontoss\u00e1got \u00e9s precizit\u00e1st ig\u00e9nyelnek, p\u00e9ld\u00e1ul orvosi berendez\u00e9sekben \u00e9s laborat\u00f3riumi m\u0171szerekben.<\/p>\n<h3>6. Kett\u0151s m\u0171k\u00f6d\u00e9s\u0171 hidraulikus henger h\u00f3ek\u00e9hez<\/h3>\n<p>Az \u00e1ll\u00edthat\u00f3 kengyeles hengereket gyakran haszn\u00e1lj\u00e1k h\u00f3ek\u00e9kben, mivel nagy er\u0151t \u00e9s nyom\u00e1st tudnak biztos\u00edtani. A kett\u0151s m\u0171k\u00f6d\u00e9s\u0171 hidraulikus hengereket a h\u00f3ek\u00e9kben az eke peng\u00e9j\u00e9nek emel\u00e9s\u00e9re \u00e9s s\u00fcllyeszt\u00e9s\u00e9re haszn\u00e1lj\u00e1k, mik\u00f6zben biztos\u00edtj\u00e1k a sz\u00fcks\u00e9ges er\u0151t a penge oldalir\u00e1ny\u00fa mozgat\u00e1s\u00e1hoz is.<\/p>\n<p>\u00d6sszefoglalva, az \u00e1ll\u00edthat\u00f3 kengyeles hengerek sz\u00e1mos el\u0151nnyel rendelkeznek, amelyek ide\u00e1lis v\u00e1laszt\u00e1ss\u00e1 teszik \u0151ket sz\u00e1mos alkalmaz\u00e1shoz. Sokoldal\u00fas\u00e1guk, \u00e1ll\u00edthat\u00f3 l\u00f6kethosszuk, nagy teherb\u00edr\u00e1suk, valamint az, hogy kett\u0151s vagy egyszeres m\u0171k\u00f6d\u00e9s\u0171 hengerk\u00e9nt is kialak\u00edthat\u00f3k, sz\u00e1mos ipar\u00e1gban \u00e9s alkalmaz\u00e1sban alkalmass\u00e1 teszik \u0151ket. Ezenk\u00edv\u00fcl a m\u00e9retv\u00e1laszt\u00e9kuk, bele\u00e9rtve a kis hidraulikus hengereket is, n\u00e9pszer\u0171v\u00e9 teszi \u0151ket a prec\u00edzi\u00f3s alkalmaz\u00e1sokhoz.<\/p>\n<h3>Az FMP-r\u0151l \u2013 Hidraulikus henger<\/h3>\n<p>Az FMP vezet\u0151 v\u00e1llalat az \u00e9p\u00edt\u0151ipari g\u00e9palkatr\u00e9szek \u00e9s komplett g\u00e9pek \u00e9rt\u00e9kes\u00edt\u00e9s\u00e9ben \u00e9s szervizel\u00e9s\u00e9ben. Sok \u00e9ves tapasztalattal rendelkez\u00fcnk az ipar\u00e1gban, \u00e9s professzion\u00e1lis szak\u00e9rt\u0151kb\u0151l \u00e1ll\u00f3 csapatunk kiv\u00e1l\u00f3 min\u0151s\u00e9g\u0171 \u00e9s megb\u00edzhat\u00f3 \u00e9p\u00edt\u0151ipari g\u00e9palkatr\u00e9szeket \u00e9s komplett g\u00e9pmegold\u00e1sokat k\u00edn\u00e1l. Sz\u00e9les term\u00e9kk\u00edn\u00e1latunkban mez\u0151gazdas\u00e1gi g\u00e9pek sebess\u00e9gv\u00e1lt\u00f3i, bolyg\u00f3kerekes sebess\u00e9gv\u00e1lt\u00f3k, ipari sebess\u00e9gv\u00e1lt\u00f3k, mez\u0151gazdas\u00e1gi g\u00e9palkatr\u00e9szek, valamint a hozz\u00e1juk ill\u0151, cs\u00facskateg\u00f3ri\u00e1s tartoz\u00e9kok sora tal\u00e1lhat\u00f3. Elk\u00f6telezettek vagyunk amellett, hogy \u00fcgyfeleinknek a legjobb term\u00e9keket \u00e9s szolg\u00e1ltat\u00e1sokat ny\u00fajtsuk. \u00cdme n\u00e9h\u00e1ny ok, ami\u00e9rt az FMP-t kellene v\u00e1lasztania hidraulikus hengerekhez:<\/p>\n<ol>\n<li><strong>Kiv\u00e1l\u00f3 min\u0151s\u00e9g\u0171 \u00e9s megb\u00edzhat\u00f3 term\u00e9kek:<\/strong> Az FMP-n\u00e9l term\u00e9keink min\u0151s\u00e9g\u00e9t helyezz\u00fck el\u0151t\u00e9rbe. Hossz\u00fa t\u00e1v\u00fa \u00e9s stabil egy\u00fcttm\u0171k\u00f6d\u00e9si kapcsolatokat \u00e9p\u00edt\u00fcnk ki a vil\u00e1g minden t\u00e1j\u00e1r\u00f3l sz\u00e1rmaz\u00f3, kiv\u00e1l\u00f3 min\u0151s\u00e9g\u0171 besz\u00e1ll\u00edt\u00f3kkal. Minden besz\u00e1ll\u00edtott alkatr\u00e9sz\u00fcnk szigor\u00fa min\u0151s\u00e9gi el\u0151\u00edr\u00e1soknak felel meg.<\/li>\n<li><strong>Sz\u00e9les term\u00e9kv\u00e1laszt\u00e9k:<\/strong> Sz\u00e9les v\u00e1laszt\u00e9kban k\u00edn\u00e1lunk hidraulikus hengereket, bele\u00e9rtve a standard \u00e9s egyedi hengereket is. \u00c1ll\u00edthat\u00f3 kengyeles henger\u00fcnk n\u00e9pszer\u0171 term\u00e9k, amely rendk\u00edv\u00fcl tart\u00f3s \u00e9s \u00e1ll\u00edthat\u00f3, hogy megfeleljen a k\u00fcl\u00f6nb\u00f6z\u0151 ig\u00e9nyeknek.<\/li>\n<li><strong>Professzion\u00e1lis \u00e9rt\u00e9kes\u00edt\u00e9si csapat:<\/strong> \u00c9rt\u00e9kes\u00edt\u00e9si csapatunk tapasztalt \u00e9s k\u00e9pzett az \u00e9p\u00edt\u0151ipari g\u00e9piparban. Ismerik a leg\u00fajabb fejleszt\u00e9si trendeket \u00e9s az \u00fcgyfelek ig\u00e9nyeit, \u00e9s professzion\u00e1lis term\u00e9ktan\u00e1csad\u00e1st, valamint intelligens v\u00e1s\u00e1rl\u00e1si javaslatokat tudnak ny\u00fajtani.<\/li>\n<li><strong>Hat\u00e9kony logisztikai disztrib\u00faci\u00f3:<\/strong> Meg\u00e9rtj\u00fck, hogy az id\u0151ben t\u00f6rt\u00e9n\u0151 sz\u00e1ll\u00edt\u00e1s kulcsfontoss\u00e1g\u00fa \u00fcgyfeleink sz\u00e1m\u00e1ra. Ez\u00e9rt egy hat\u00e9kony logisztikai eloszt\u00e1si rendszert hoztunk l\u00e9tre annak biztos\u00edt\u00e1s\u00e1ra, hogy \u00fcgyfeleink id\u0151ben \u00e9s pontosan megkapj\u00e1k a sz\u00fcks\u00e9ges alkatr\u00e9szeket.<\/li>\n<li><strong>Versenyk\u00e9pes \u00e1rak:<\/strong> Az FMP-n\u00e9l versenyk\u00e9pes \u00e1rakat k\u00edn\u00e1lunk a min\u0151s\u00e9g fel\u00e1ldoz\u00e1sa n\u00e9lk\u00fcl. Arra t\u00f6reksz\u00fcnk, hogy \u00fcgyfeleink a lehet\u0151 legjobb \u00e1r-\u00e9rt\u00e9k ar\u00e1nyt kapj\u00e1k.<\/li>\n<\/ol>\n<p><img decoding=\"async\" src=\"https:\/\/fmp-components.com\/wp-content\/uploads\/2024\/12\/Adjustable-Clevis-Type-Cylinders-6.webp\" alt=\"\u00c1ll\u00edthat\u00f3 kengyeles henger\" width=\"807\" title=\"\"><\/p>\n<p>Elk\u00f6telezettek vagyunk amellett, hogy kiv\u00e1l\u00f3 min\u0151s\u00e9g\u0171 term\u00e9keket \u00e9s szolg\u00e1ltat\u00e1sokat ny\u00fajtsunk \u00fcgyfeleinknek, \u00e9s biztosak vagyunk benne, hogy ki tudjuk el\u00e9g\u00edteni hidraulikus hengerekkel kapcsolatos ig\u00e9nyeit. Tov\u00e1bbi k\u00e9rd\u00e9seivel vagy megrendel\u00e9s\u00e9vel forduljon hozz\u00e1nk bizalommal.<\/p>\n<p>Szerz\u0151: CX<\/p>","protected":false},"excerpt":{"rendered":"<p>Factory Serving Small Hydraulic Cylinder Double Acting Hydraulic Cylinder For Snow Plow Factory Serving Small Hydraulic Cylinder Double Acting Hydraulic Cylinder For Snow Plow is a high-quality hydraulic cylinder designed specifically for use in snow plows. With its double acting capability, this cylinder delivers powerful and reliable performance, helping to clear snow and ice quickly [&hellip;]<\/p>","protected":false},"featured_media":1459,"comment_status":"closed","ping_status":"closed","template":"","meta":{"_et_pb_use_builder":"","_et_pb_old_content":"","_et_gb_content_width":""},"product_brand":[],"product_cat":[42],"product_tag":[34,44],"class_list":{"0":"post-1458","1":"product","2":"type-product","3":"status-publish","4":"has-post-thumbnail","6":"product_cat-snow-plow-hydraulic-cylinder","7":"product_tag-hydraulic-cylinder","8":"product_tag-snow-plow-hydraulic-cylinder","10":"first","11":"instock","12":"product-type-simple"},"_links":{"self":[{"href":"https:\/\/fmp-components.com\/hu\/wp-json\/wp\/v2\/product\/1458","targetHints":{"allow":["GET"]}}],"collection":[{"href":"https:\/\/fmp-components.com\/hu\/wp-json\/wp\/v2\/product"}],"about":[{"href":"https:\/\/fmp-components.com\/hu\/wp-json\/wp\/v2\/types\/product"}],"replies":[{"embeddable":true,"href":"https:\/\/fmp-components.com\/hu\/wp-json\/wp\/v2\/comments?post=1458"}],"wp:featuredmedia":[{"embeddable":true,"href":"https:\/\/fmp-components.com\/hu\/wp-json\/wp\/v2\/media\/1459"}],"wp:attachment":[{"href":"https:\/\/fmp-components.com\/hu\/wp-json\/wp\/v2\/media?parent=1458"}],"wp:term":[{"taxonomy":"product_brand","embeddable":true,"href":"https:\/\/fmp-components.com\/hu\/wp-json\/wp\/v2\/product_brand?post=1458"},{"taxonomy":"product_cat","embeddable":true,"href":"https:\/\/fmp-components.com\/hu\/wp-json\/wp\/v2\/product_cat?post=1458"},{"taxonomy":"product_tag","embeddable":true,"href":"https:\/\/fmp-components.com\/hu\/wp-json\/wp\/v2\/product_tag?post=1458"}],"curies":[{"name":"munkaf\u00fczet","href":"https:\/\/api.w.org\/{rel}","templated":true}]}}