{"id":1456,"date":"2024-12-23T05:49:26","date_gmt":"2024-12-23T05:49:26","guid":{"rendered":"https:\/\/fmp-components.com\/product\/factory-price-small-hydraulic-piston-cylinder-hydraulic-cylinder-double-acting-for-snow-plow\/"},"modified":"2024-12-23T06:41:55","modified_gmt":"2024-12-23T06:41:55","slug":"factory-price-small-hydraulic-piston-cylinder-hydraulic-cylinder-double-acting-for-snow-plow","status":"publish","type":"product","link":"https:\/\/fmp-components.com\/hu\/product\/factory-price-small-hydraulic-piston-cylinder-hydraulic-cylinder-double-acting-for-snow-plow\/","title":{"rendered":"Gy\u00e1ri \u00e1r\u00fa kis hidraulikus dugatty\u00fas hengeres hidraulikus henger kett\u0151s m\u0171k\u00f6d\u00e9s\u0171 h\u00f3ek\u00e9hez"},"content":{"rendered":"<p>Gy\u00e1ri \u00e1r\u00fa kis hidraulikus dugatty\u00fas henger hidraulikus henger kett\u0151s m\u0171k\u00f6d\u00e9s\u0171 h\u00f3ek\u00e9hezGy\u00e1ri \u00e1r\u00fa kis hidraulikus dugatty\u00fas henger hidraulikus henger kett\u0151s m\u0171k\u00f6d\u00e9s\u0171 h\u00f3ek\u00e9hez egy kiv\u00e1l\u00f3 min\u0151s\u00e9g\u0171 hidraulikus henger, amelyet kifejezetten h\u00f3ek\u00e9khez terveztek. Ez a henger kett\u0151s m\u0171k\u00f6d\u00e9s\u0171, ami azt jelenti, hogy mindk\u00e9t ir\u00e1nyban er\u0151t biztos\u00edt, \u00edgy ide\u00e1lis olyan h\u00f3eke alkalmaz\u00e1sokhoz, ahol mind tol\u00f3-, mind h\u00faz\u00f3er\u0151re sz\u00fcks\u00e9g van.<\/p>\n<p><img decoding=\"async\" title=\"H\u00f3eke hidraulikus henger\" src=\"https:\/\/hzpt.com\/wp-content\/uploads\/2023\/11\/Snow-Plow-Hydraulic-Cylinder-2.webp\" alt=\"H\u00f3eke hidraulikus henger\" \/><\/p>\n<p>Tart\u00f3s anyagokb\u00f3l k\u00e9sz\u00fclt, a hidraulikus henger \u00fagy van kialak\u00edtva, hogy ellen\u00e1lljon a h\u00f3eltakar\u00edt\u00e1s sor\u00e1n el\u0151fordul\u00f3 zord k\u00f6r\u00fclm\u00e9nyeknek. Kompakt kialak\u00edt\u00e1s\u00e1nak k\u00f6sz\u00f6nhet\u0151en k\u00f6nnyen telep\u00edthet\u0151 \u00e9s haszn\u00e1lhat\u00f3. A henger sim\u00e1n m\u0171k\u00f6dik, biztos\u00edtva a hat\u00e9kony teljes\u00edtm\u00e9nyt.<\/p>\n<p>Ennek a hidraulikus hengernek az egyik legfontosabb el\u0151nye a gy\u00e1ri \u00e1ra. Kiv\u00e1l\u00f3 min\u0151s\u00e9g\u0171 konstrukci\u00f3ja ellen\u00e9re versenyk\u00e9pes \u00e1ron kaphat\u00f3, \u00edgy k\u00f6lts\u00e9ghat\u00e9kony megold\u00e1st k\u00edn\u00e1l a h\u00f3eke gy\u00e1rt\u00f3k \u00e9s \u00fczemeltet\u0151k sz\u00e1m\u00e1ra.<\/p>\n<p>\u00d6sszefoglalva, a gy\u00e1ri \u00e1r\u00fa, kism\u00e9ret\u0171 hidraulikus dugatty\u00fas hengeres, kett\u0151s m\u0171k\u00f6d\u00e9s\u0171 hidraulikus henger h\u00f3ek\u00e9hez egy megb\u00edzhat\u00f3, hat\u00e9kony \u00e9s k\u00f6lts\u00e9ghat\u00e9kony hidraulikus henger, amely t\u00f6k\u00e9letes h\u00f3eke alkalmaz\u00e1sokhoz. Robusztus fel\u00e9p\u00edt\u00e9se, sima m\u0171k\u00f6d\u00e9se \u00e9s versenyk\u00e9pes \u00e1ra n\u00e9pszer\u0171 v\u00e1laszt\u00e1ss\u00e1 teszi a h\u00f3eke gy\u00e1rt\u00f3k \u00e9s \u00fczemeltet\u0151k k\u00f6r\u00e9ben. Bemutatkozik egy olyan term\u00e9k, amely t\u00f6k\u00e9letesen egyens\u00falyba hozza a teljes\u00edtm\u00e9nyt, a tart\u00f3ss\u00e1got \u00e9s a megfizethet\u0151s\u00e9get. Kism\u00e9ret\u0171 hidraulikus dugatty\u00fas henger\u00fcnket kifejezetten h\u00f3ek\u00e9khez tervezt\u00fck, biztos\u00edtva a sima m\u0171k\u00f6d\u00e9st m\u00e9g a legzordabb id\u0151j\u00e1r\u00e1si k\u00f6r\u00fclm\u00e9nyek k\u00f6z\u00f6tt is.<\/p>\n<h2>F\u0151bb jellemz\u0151k<\/h2>\n<p>Ez a kett\u0151s m\u0171k\u00f6d\u00e9s\u0171 hidraulikus henger sz\u00e1mos leny\u0171g\u00f6z\u0151 tulajdons\u00e1ggal rendelkezik:<\/p>\n<ul>\n<li><strong>Hatalom:<\/strong> Hidraulikus<\/li>\n<li><strong>Test anyaga:<\/strong> Ac\u00e9l<\/li>\n<li><strong>Max. tol\u00f3er\u0151:<\/strong> 3000<\/li>\n<li><strong>Portok:<\/strong> G\/SAE\/NPT\/M<\/li>\n<li><strong>Max. h\u00faz\u00f3er\u0151:<\/strong> 20 tonna<\/li>\n<li><strong>Tan\u00fas\u00edtv\u00e1ny:<\/strong> ISO9001:2000<\/li>\n<\/ul>\n<p><img decoding=\"async\" src=\"https:\/\/hzpt.com\/wp-content\/uploads\/2023\/11\/Snow-Plow-Hydraulic-Cylinder-4Factory.webp\" alt=\"\" title=\"\"><\/p>\n<h2>Az \u00e1ll\u00edthat\u00f3 kengyeles hengerek el\u0151nyei<\/h2>\n<p>A hidraulikus rendszerek vil\u00e1g\u00e1ban az \u00e1ll\u00edthat\u00f3 kengyeles hengerek egyre n\u00e9pszer\u0171bbek egyedi tulajdons\u00e1gaiknak \u00e9s el\u0151nyeiknek k\u00f6sz\u00f6nhet\u0151en. Ezeket a hengereket prec\u00edz \u00e9s m\u00e9rn\u00f6ki kiv\u00e1l\u00f3s\u00e1ggal tervezt\u00e9k, \u00edgy ide\u00e1lis v\u00e1laszt\u00e1st jelentenek k\u00fcl\u00f6nf\u00e9le alkalmaz\u00e1sokhoz. Ebben a blogbejegyz\u00e9sben megvizsg\u00e1ljuk az \u00e1ll\u00edthat\u00f3 kengyeles hengerek el\u0151nyeit, \u00e9s r\u00e9szletesebben is bemutatjuk a bonyolult r\u00e9szleteiket.<\/p>\n<p><strong>1. Fokozott rugalmass\u00e1g:<\/strong> Az \u00e1ll\u00edthat\u00f3 kengyeles hengerek egyik jelent\u0151s el\u0151nye, hogy nagyobb rugalmass\u00e1got biztos\u00edtanak a hidraulikus rendszerekben. Ezeket a hengereket \u00fagy tervezt\u00e9k, hogy a kengyel helyzete k\u00f6nnyen be\u00e1ll\u00edthat\u00f3 legyen, ami lehet\u0151v\u00e9 teszi a henger pontos be\u00e1ll\u00edt\u00e1s\u00e1t \u00e9s pozicion\u00e1l\u00e1s\u00e1t.<\/p>\n<p><strong>2. Optim\u00e1lis teljes\u00edtm\u00e9ny:<\/strong> Az \u00e1ll\u00edthat\u00f3 kengyeles hengerek optim\u00e1lis teljes\u00edtm\u00e9nyt ny\u00fajtanak fejlett kialak\u00edt\u00e1suknak \u00e9s konstrukci\u00f3juknak k\u00f6sz\u00f6nhet\u0151en. Ezek a hengerek nagy nyom\u00e1snak \u00e9s nagy terhel\u00e9snek vannak kit\u00e9ve, biztos\u00edtva a z\u00f6kken\u0151mentes \u00e9s hat\u00e9kony m\u0171k\u00f6d\u00e9st sz\u00e1mos alkalmaz\u00e1sban. Ak\u00e1r neh\u00e9zg\u00e9pek emel\u00e9s\u00e9r\u0151l, ak\u00e1r h\u00f3eke \u00fczemeltet\u00e9s\u00e9r\u0151l van sz\u00f3, ezek a hengerek kiv\u00e9teles teljes\u00edtm\u00e9nyt ny\u00fajtanak.<\/p>\n<p><strong>3. Sokoldal\u00fas\u00e1g:<\/strong> Az \u00e1ll\u00edthat\u00f3 kengyeles hengerek sokoldal\u00fas\u00e1ga egy m\u00e1sik figyelemre m\u00e9lt\u00f3 el\u0151ny. Ezek a hengerek sz\u00e1mos ipar\u00e1gban haszn\u00e1lhat\u00f3k, bele\u00e9rtve az \u00e9p\u00edt\u0151ipart, a mez\u0151gazdas\u00e1got \u00e9s a gy\u00e1rt\u00e1st. Ak\u00e1r kism\u00e9ret\u0171 projekthez, ak\u00e1r nagym\u00e9ret\u0171 ipari alkalmaz\u00e1shoz van sz\u00fcks\u00e9ge hidraulikus hengerre, az \u00e1ll\u00edthat\u00f3 kengyeles hengerek kiel\u00e9g\u00edthetik az \u00d6n ig\u00e9nyeit.<\/p>\n<p><strong>4. Tart\u00f3ss\u00e1g:<\/strong> A hidraulikus rendszerek eset\u00e9ben a tart\u00f3ss\u00e1g rendk\u00edv\u00fcl fontos. Az \u00e1ll\u00edthat\u00f3 kengyeles hengerek kiv\u00e9teles tart\u00f3ss\u00e1gukr\u00f3l \u00e9s hossz\u00fa \u00e9lettartamukr\u00f3l ismertek. Ezek a hengerek kiv\u00e1l\u00f3 min\u0151s\u00e9g\u0171 anyagokb\u00f3l k\u00e9sz\u00fclnek, \u00e9s szigor\u00fa tesztel\u00e9sen esnek \u00e1t annak biztos\u00edt\u00e1sa \u00e9rdek\u00e9ben, hogy ellen\u00e1lljanak a zord k\u00f6rnyezeti felt\u00e9teleknek \u00e9s a nagy ig\u00e9nybev\u00e9telnek.<\/p>\n<p><strong>5. K\u00f6nny\u0171 karbantart\u00e1s:<\/strong> A hidraulikus rendszerek karbantart\u00e1sa \u00f6sszetett feladat lehet, de az \u00e1ll\u00edthat\u00f3 kengyeles hengerek leegyszer\u0171s\u00edtik a folyamatot. Ezeket a hengereket a k\u00f6nny\u0171 karbantart\u00e1s \u00e9rdek\u00e9ben tervezt\u00e9k, olyan funkci\u00f3kkal, mint a k\u00f6nnyen hozz\u00e1f\u00e9rhet\u0151 zs\u00edrz\u00f3gombok \u00e9s t\u00f6m\u00edt\u0151k\u00e9szletek. Ez\u00e1ltal a rendszeres karbantart\u00e1s \u00e9s jav\u00edt\u00e1s gondtalan, id\u0151t \u00e9s energi\u00e1t takar\u00edtva meg.<\/p>\n<p><strong>6. K\u00f6lts\u00e9ghat\u00e9kony:<\/strong> V\u00e9g\u00fcl, de nem utols\u00f3sorban, az \u00e1ll\u00edthat\u00f3 kengyeles hengerek k\u00f6lts\u00e9ghat\u00e9kony megold\u00e1st k\u00edn\u00e1lnak hidraulikus alkalmaz\u00e1sokhoz. Ezek a hengerek gy\u00e1ri \u00e1rel\u0151nnyel rendelkeznek, \u00edgy megfizethet\u0151 v\u00e1laszt\u00e1st jelentenek a min\u0151s\u00e9g \u00e9s a teljes\u00edtm\u00e9ny fel\u00e1ldoz\u00e1sa n\u00e9lk\u00fcl. Hossz\u00fa \u00e9lettartamuk \u00e9s alacsony karbantart\u00e1si ig\u00e9ny\u00fck szint\u00e9n hozz\u00e1j\u00e1rulnak k\u00f6lts\u00e9ghat\u00e9konys\u00e1gukhoz.<\/p>\n<p>\u00d6sszefoglalva, az \u00e1ll\u00edthat\u00f3 kengyeles hengerek sz\u00e1mos el\u0151nnyel j\u00e1rnak a hidraulikus rendszerekben. Rugalmass\u00e1guk, optim\u00e1lis teljes\u00edtm\u00e9ny\u00fck, sokoldal\u00fas\u00e1guk, tart\u00f3ss\u00e1guk, k\u00f6nny\u0171 karbantart\u00e1suk \u00e9s k\u00f6lts\u00e9ghat\u00e9konys\u00e1guk miatt kiv\u00e1l\u00f3 v\u00e1laszt\u00e1snak sz\u00e1m\u00edtanak sz\u00e1mos ipar\u00e1gban. Ak\u00e1r egy kis hidraulikus dugatty\u00fas hengerre, ak\u00e1r egy kett\u0151s m\u0171k\u00f6d\u00e9s\u0171 hengerre van sz\u00fcks\u00e9ge egy h\u00f3ek\u00e9hez, az \u00e1ll\u00edthat\u00f3 kengyeles hengerek a megb\u00edzhat\u00f3 megold\u00e1st jelentik.<\/p>\n<h3>Az FMP-r\u0151l \u2013 Az \u00d6n megold\u00e1sa a kiv\u00e1l\u00f3 min\u0151s\u00e9g\u0171 hidraulikus hengerekhez<\/h3>\n<p>Megb\u00edzhat\u00f3 \u00e9s kiv\u00e1l\u00f3 min\u0151s\u00e9g\u0171 hidraulikus hengereket keres, amelyek m\u00e9g a legnehezebb munkater\u00fcleteket is kib\u00edrj\u00e1k? Ne keressen tov\u00e1bb, az FMP! \u00c9p\u00edt\u0151ipari g\u00e9palkatr\u00e9szek \u00e9s komplett g\u00e9pek vezet\u0151 \u00e9rt\u00e9kes\u00edt\u00e9si \u00e9s szolg\u00e1ltat\u00f3jak\u00e9nt a legmagasabb szint\u0171 hidraulikus hengerek gy\u00e1rt\u00e1s\u00e1ra specializ\u00e1l\u00f3dtunk minden \u00e9p\u00edt\u0151ipari ig\u00e9ny kiel\u00e9g\u00edt\u00e9s\u00e9re.<\/p>\n<p>\u00cdme n\u00e9h\u00e1ny ok, ami\u00e9rt az FMP-t kellene v\u00e1lasztania hidraulikus hengereihez:<\/p>\n<p>1. <strong>P\u00e1ratlan min\u0151s\u00e9g:<\/strong> Az FMP-n\u00e9l komolyan vessz\u00fck a min\u0151s\u00e9get. Kiz\u00e1r\u00f3lag a legmegb\u00edzhat\u00f3bb besz\u00e1ll\u00edt\u00f3kt\u00f3l szerezz\u00fck be anyagainkat, \u00e9s biztos\u00edtjuk, hogy minden egyes palack, amely elhagyja rakt\u00e1runkat, megfeleljen szigor\u00fa min\u0151s\u00e9gi el\u0151\u00edr\u00e1sainknak.<\/p>\n<p>2. <strong>Sz\u00e9les term\u00e9kv\u00e1laszt\u00e9k:<\/strong> Term\u00e9kk\u00edn\u00e1latunk sz\u00e9les \u00e9s v\u00e1ltozatos, bele\u00e9rtve az \u00e1ll\u00edthat\u00f3 kengyeles hengereket, az egyszeres m\u0171k\u00f6d\u00e9s\u0171 hengereket, a teleszk\u00f3pos hengereket \u00e9s m\u00e9g sok m\u00e1st. B\u00e1rmilyen egyedi ig\u00e9nye is legyen, n\u00e1lunk megtal\u00e1lja a megfelel\u0151 hidraulikus hengert.<\/p>\n<p>3. <strong>Szakmai csapat:<\/strong> Szak\u00e9rt\u0151ink csapata nagy tapasztalattal rendelkezik az \u00e9p\u00edt\u0151ipari g\u00e9piparban, \u00e9s szem\u00e9lyre szabott term\u00e9ktan\u00e1csad\u00e1st \u00e9s v\u00e1s\u00e1rl\u00e1si javaslatokat k\u00edn\u00e1l, hogy biztosan a megfelel\u0151 hidraulikus hengert kapja meg projektj\u00e9hez.<\/p>\n<p>4. <strong>Hat\u00e9kony logisztika:<\/strong> Meg\u00e9rtj\u00fck, hogy az \u00e9p\u00edt\u0151iparban az id\u0151 p\u00e9nz. Ez\u00e9rt egy hat\u00e9kony logisztikai eloszt\u00e1si rendszerrel rendelkez\u00fcnk, amely biztos\u00edtja, hogy hidraulikus hengereit id\u0151ben \u00e9s pontosan megkapja.<\/p>\n<p>5. <strong>Versenyk\u00e9pes \u00e1rak:<\/strong> Az FMP-n\u00e9l hisz\u00fcnk abban, hogy a min\u0151s\u00e9g nem lehet fel\u00e9rt\u00e9kelt. Versenyk\u00e9pes \u00e1rakat k\u00edn\u00e1lunk minden hidraulikus munkahenger\u00fcnkre a min\u0151s\u00e9g vagy a megb\u00edzhat\u00f3s\u00e1g fel\u00e1ldoz\u00e1sa n\u00e9lk\u00fcl.<\/p>\n<p>Teh\u00e1t, ak\u00e1r \u00e1ll\u00edthat\u00f3 kengyeles hengereket, ak\u00e1r b\u00e1rmilyen m\u00e1s hidraulikus hengert keres \u00e9p\u00edt\u0151ipari ig\u00e9nyeihez, b\u00edzza az FMP-re az ipar\u00e1g legjobb term\u00e9keit \u00e9s szolg\u00e1ltat\u00e1sait. L\u00e9pjen kapcsolatba vel\u00fcnk m\u00e9g ma, hogy t\u00f6bbet megtudjon \u00e9s elkezdhesse!<\/p>\n<p><img decoding=\"async\" src=\"https:\/\/fmp-components.com\/wp-content\/uploads\/2024\/12\/Adjustable-Clevis-Type-Cylinders-6.webp\" alt=\"\u00c1ll\u00edthat\u00f3 kengyeles henger\" width=\"806\" title=\"\">Szerz\u0151: CX<\/p>","protected":false},"excerpt":{"rendered":"<p>Factory Price Small Hydraulic Piston Cylinder Hydraulic Cylinder Double Acting For Snow PlowFactory Price Small Hydraulic Piston Cylinder Hydraulic Cylinder Double Acting For Snow Plow is a high-quality hydraulic cylinder designed specifically for use in snow plows. This cylinder is double-acting, which means it provides force in both directions, making it ideal for plow applications [&hellip;]<\/p>","protected":false},"featured_media":1457,"comment_status":"closed","ping_status":"closed","template":"","meta":{"_et_pb_use_builder":"","_et_pb_old_content":"","_et_gb_content_width":""},"product_brand":[],"product_cat":[42],"product_tag":[34,44],"class_list":{"0":"post-1456","1":"product","2":"type-product","3":"status-publish","4":"has-post-thumbnail","6":"product_cat-snow-plow-hydraulic-cylinder","7":"product_tag-hydraulic-cylinder","8":"product_tag-snow-plow-hydraulic-cylinder","10":"first","11":"instock","12":"product-type-simple"},"_links":{"self":[{"href":"https:\/\/fmp-components.com\/hu\/wp-json\/wp\/v2\/product\/1456","targetHints":{"allow":["GET"]}}],"collection":[{"href":"https:\/\/fmp-components.com\/hu\/wp-json\/wp\/v2\/product"}],"about":[{"href":"https:\/\/fmp-components.com\/hu\/wp-json\/wp\/v2\/types\/product"}],"replies":[{"embeddable":true,"href":"https:\/\/fmp-components.com\/hu\/wp-json\/wp\/v2\/comments?post=1456"}],"wp:featuredmedia":[{"embeddable":true,"href":"https:\/\/fmp-components.com\/hu\/wp-json\/wp\/v2\/media\/1457"}],"wp:attachment":[{"href":"https:\/\/fmp-components.com\/hu\/wp-json\/wp\/v2\/media?parent=1456"}],"wp:term":[{"taxonomy":"product_brand","embeddable":true,"href":"https:\/\/fmp-components.com\/hu\/wp-json\/wp\/v2\/product_brand?post=1456"},{"taxonomy":"product_cat","embeddable":true,"href":"https:\/\/fmp-components.com\/hu\/wp-json\/wp\/v2\/product_cat?post=1456"},{"taxonomy":"product_tag","embeddable":true,"href":"https:\/\/fmp-components.com\/hu\/wp-json\/wp\/v2\/product_tag?post=1456"}],"curies":[{"name":"munkaf\u00fczet","href":"https:\/\/api.w.org\/{rel}","templated":true}]}}