{"id":1454,"date":"2024-12-23T05:49:26","date_gmt":"2024-12-23T05:49:26","guid":{"rendered":"https:\/\/fmp-components.com\/product\/good-quality-double-effect-small-2-ton-snow-plow-hydraulic-cylinder-double-acting\/"},"modified":"2024-12-23T06:37:14","modified_gmt":"2024-12-23T06:37:14","slug":"good-quality-double-effect-small-2-ton-snow-plow-hydraulic-cylinder-double-acting","status":"publish","type":"product","link":"https:\/\/fmp-components.com\/hu\/product\/good-quality-double-effect-small-2-ton-snow-plow-hydraulic-cylinder-double-acting\/","title":{"rendered":"J\u00f3 min\u0151s\u00e9g\u0171, kett\u0151s hat\u00e1s\u00fa, kis, 2 tonn\u00e1s h\u00f3eke hidraulikus henger, kett\u0151s m\u0171k\u00f6d\u00e9s\u0171"},"content":{"rendered":"<h2>J\u00f3 min\u0151s\u00e9g\u0171, kett\u0151s hat\u00e1s\u00fa, kis, 2 tonn\u00e1s h\u00f3eke hidraulikus henger, kett\u0151s m\u0171k\u00f6d\u00e9s\u0171<\/h2>\n<p>J\u00f3 min\u0151s\u00e9g\u0171, kett\u0151s hat\u00e1s\u00fa, kis, 2 tonn\u00e1s h\u00f3eke hidraulikus henger, kett\u0151s m\u0171k\u00f6d\u00e9s\u0171, egy cs\u00facskateg\u00f3ri\u00e1s term\u00e9k, amelyet a h\u00f3eltakar\u00edt\u00e1s megk\u00f6nny\u00edt\u00e9s\u00e9re terveztek. Ez a hidraulikus henger kis m\u00e9ret\u0171 \u00e9s kett\u0151s m\u0171k\u00f6d\u00e9s\u0171 kialak\u00edt\u00e1s\u00fa, \u00edgy kiv\u00e1l\u00f3 teljes\u00edtm\u00e9nyt \u00e9s hat\u00e9konys\u00e1got biztos\u00edt.<\/p>\n<p>Kiv\u00e1l\u00f3 min\u0151s\u00e9g\u0171 anyagokb\u00f3l k\u00e9sz\u00fclt, ez a hidraulikus henger tart\u00f3s haszn\u00e1latra k\u00e9sz\u00fclt. Kett\u0151s m\u0171k\u00f6d\u00e9s\u0171 kialak\u00edt\u00e1sa sima \u00e9s prec\u00edz m\u0171k\u00f6d\u00e9st tesz lehet\u0151v\u00e9, biztos\u00edtva, hogy a h\u00f3ek\u00e9je k\u00f6nnyed\u00e9n megbirk\u00f3zzon b\u00e1rmilyen tereppel. A henger tart\u00f3s k\u00fcls\u0151 bevonattal is rendelkezik, amely v\u00e9delmet ny\u00fajt a zord id\u0151j\u00e1r\u00e1si k\u00f6r\u00fclm\u00e9nyek \u00e9s a korr\u00f3zi\u00f3 ellen.<\/p>\n<p>2 tonna emel\u0151k\u00e9pess\u00e9g\u00e9vel ez a hidraulikus munkahenger t\u00f6k\u00e9letes kis \u00e9s k\u00f6zepes m\u00e9ret\u0171 h\u00f3ek\u00e9khez. Kompakt kialak\u00edt\u00e1s\u00e1nak k\u00f6sz\u00f6nhet\u0151en k\u00f6nnyen elf\u00e9r sz\u0171k helyeken, \u00edgy ide\u00e1lis lak\u00f3\u00f6vezetekben \u00e9s kisebb kereskedelmi ingatlanokban val\u00f3 haszn\u00e1latra.<\/p>\n<p>Ha megb\u00edzhat\u00f3 \u00e9s hat\u00e9kony hidraulikus hengert keres h\u00f3ek\u00e9j\u00e9hez, ne keressen tov\u00e1bb, mint a Good Quality Double Effect Small 2 Ton Snow Plow Hydraulic Cylinder Double Actuation. Kiv\u00e1l\u00f3 kialak\u00edt\u00e1s\u00e1nak \u00e9s konstrukci\u00f3j\u00e1nak k\u00f6sz\u00f6nhet\u0151en biztos lehet benne, hogy ez a term\u00e9k kiv\u00e9teles teljes\u00edtm\u00e9nyt \u00e9s tart\u00f3ss\u00e1got biztos\u00edt az elk\u00f6vetkez\u0151 \u00e9vekben.<\/p>\n<div>\n<h2>Bemutatjuk els\u0151 oszt\u00e1ly\u00fa, kett\u0151s hat\u00e1s\u00fa, kism\u00e9ret\u0171, 2 tonn\u00e1s h\u00f3eke hidraulikus henger\u00fcnket<\/h2>\n<p>H\u00f3eke hidraulikus henger\u00fcnket az energia- \u00e9s b\u00e1ny\u00e1szat, a g\u00e9pgy\u00e1rt\u00e1s \u00e9s a g\u00e9pjav\u00edt\u00f3 m\u0171helyek teljes\u00edtm\u00e9ny\u00e9nek \u00e9s hat\u00e9konys\u00e1g\u00e1nak n\u00f6vel\u00e9s\u00e9re tervezt\u00fck. Ac\u00e9lb\u00f3l k\u00e9sz\u00fclt, ez a henger tart\u00f3s \u00e9s megb\u00edzhat\u00f3, egy \u00e9v garanci\u00e1val a min\u0151s\u00e9g garant\u00e1l\u00e1s\u00e1ra.<\/p>\n<h2>Term\u00e9kjellemz\u0151k<\/h2>\n<h3>Kiv\u00e1l\u00f3 min\u0151s\u00e9g \u00e9s megb\u00edzhat\u00f3s\u00e1g<\/h3>\n<p>H\u00f3eke hidraulikus henger\u00fcnk ac\u00e9lb\u00f3l k\u00e9sz\u00fclt a tart\u00f3ss\u00e1g \u00e9s a hossz\u00fa \u00e9lettartam biztos\u00edt\u00e1sa \u00e9rdek\u00e9ben. Dugatty\u00fas szerkezettel rendelkezik, amelyet hidraulikus rendszer hajt, maxim\u00e1lis tol\u00f3er\u0151 3000 tonna, maxim\u00e1lis h\u00faz\u00f3er\u0151 pedig 20 tonna. Ez a term\u00e9k ISO9001:2000 tan\u00fas\u00edtv\u00e1nnyal is rendelkezik, ami biztos\u00edtja a magas min\u0151s\u00e9get \u00e9s megb\u00edzhat\u00f3s\u00e1got.<\/p>\n<h3>Hat\u00e9konys\u00e1g \u00e9s teljes\u00edtm\u00e9ny<\/h3>\n<p>2-6 h\u00fcvelyk k\u00f6z\u00f6tti furat\u00e1tm\u00e9r\u0151vel, 1,125-4 h\u00fcvelyk k\u00f6z\u00f6tti r\u00fad\u00e1tm\u00e9r\u0151vel \u00e9s 4-100 h\u00fcvelyk k\u00f6z\u00f6tti l\u00f6kethosszal h\u00f3eke hidraulikus munkahenger\u00fcnket a kiv\u00e1l\u00f3 teljes\u00edtm\u00e9ny \u00e9s hat\u00e9konys\u00e1g biztos\u00edt\u00e1s\u00e1ra tervezt\u00fck. 0,5-2 h\u00fcvelyk k\u00f6z\u00f6tti csapm\u00e9rettel rendelkezik, \u00e9s G\/SAE\/NPT\/M csatlakoz\u00f3kkal van felszerelve a sokoldal\u00fas\u00e1g \u00e9s a kompatibilit\u00e1s \u00e9rdek\u00e9ben.<\/p>\n<h3>Biztons\u00e1g \u00e9s stabilit\u00e1s<\/h3>\n<p>H\u00f3eke hidraulikus henger\u00fcnk biztons\u00e1g\u00e1t \u00e9s stabilit\u00e1s\u00e1t a szabv\u00e1nyos kialak\u00edt\u00e1s \u00e9s az alapvet\u0151 alkatr\u00e9szek, bele\u00e9rtve a csap\u00e1gyat \u00e9s mag\u00e1t a hidraulikus hengert is, garant\u00e1lj\u00e1k. R\u00e1ad\u00e1sul az \u00faj, 2023-as forgalmaz\u00e1si t\u00edpusnak k\u00f6sz\u00f6nhet\u0151en biztos lehet benne, hogy megfelel a jelenlegi ipar\u00e1gi szabv\u00e1nyoknak.<\/p>\n<p><img decoding=\"async\" title=\"H\u00f3eke hidraulikus henger\" src=\"https:\/\/hzpt.com\/wp-content\/uploads\/2023\/11\/Snow-Plow-Hydraulic-Cylinder-1.webp\" alt=\"H\u00f3eke hidraulikus henger\" \/><\/p>\n<\/div>\n<h2>Az \u00e1ll\u00edthat\u00f3 kengyeles hengerek el\u0151nyei<\/h2>\n<p>Az \u00e1ll\u00edthat\u00f3 kengyeles hengerek, m\u00e1s n\u00e9ven hidraulikus hengerek, sokoldal\u00fas\u00e1guk \u00e9s hat\u00e9konys\u00e1guk miatt sz\u00e9les k\u00f6rben haszn\u00e1latosak a k\u00fcl\u00f6nb\u00f6z\u0151 ipar\u00e1gakban. Ezek a hengerek sz\u00e1mos el\u0151nnyel rendelkeznek, amelyek n\u00e9pszer\u0171v\u00e9 teszik \u0151ket a szakemberek k\u00f6r\u00e9ben. Ebben a cikkben r\u00e9szletesen t\u00e1rgyaljuk az \u00e1ll\u00edthat\u00f3 kengyeles hengerek el\u0151nyeit.<\/p>\n<p>1. <strong>Fokozott rugalmass\u00e1g: <\/strong>Az \u00e1ll\u00edthat\u00f3 vill\u00e1s hengerek fokozott rugalmass\u00e1got biztos\u00edtanak a kialak\u00edt\u00e1s \u00e9s a m\u0171k\u00f6d\u00e9s tekintet\u00e9ben. Ezek a hengerek k\u00f6nnyen be\u00e1ll\u00edthat\u00f3k a k\u00fcl\u00f6nb\u00f6z\u0151 alkalmaz\u00e1sokhoz \u00e9s k\u00f6vetelm\u00e9nyekhez, \u00edgy sz\u00e9les k\u00f6r\u0171 feladatokra alkalmasak. Ak\u00e1r neh\u00e9zg\u00e9pek emel\u00e9s\u00e9r\u0151l, ak\u00e1r \u00f6sszetett rendszerek \u00fczemeltet\u00e9s\u00e9r\u0151l van sz\u00f3, az \u00e1ll\u00edthat\u00f3 vill\u00e1s hengerek biztos\u00edtj\u00e1k a hat\u00e9kony munkav\u00e9gz\u00e9shez sz\u00fcks\u00e9ges rugalmass\u00e1got.<\/p>\n<p>2. <strong>Fokozott tart\u00f3ss\u00e1g: <\/strong>Az \u00e1ll\u00edthat\u00f3 kengyeles hengerek egyik f\u0151 el\u0151nye a tart\u00f3ss\u00e1guk. Ezeket a hengereket nagy nyom\u00e1s \u00e9s nagy terhel\u00e9s elvisel\u00e9s\u00e9re tervezt\u00e9k, \u00edgy megb\u00edzhat\u00f3 v\u00e1laszt\u00e1st jelentenek ig\u00e9nyes alkalmaz\u00e1sokhoz. A gy\u00e1rt\u00e1sukhoz felhaszn\u00e1lt anyagok, mint p\u00e9ld\u00e1ul a kiv\u00e1l\u00f3 min\u0151s\u00e9g\u0171 ac\u00e9l \u00e9s a fejlett t\u00f6m\u00edt\u00e9sek, hossz\u00fa t\u00e1v\u00fa teljes\u00edtm\u00e9nyt biztos\u00edtanak m\u00e9g zord k\u00f6rnyezetben is.<\/p>\n<p>3. <strong>Optimaliz\u00e1lt teljes\u00edtm\u00e9ny: <\/strong>Az \u00e1ll\u00edthat\u00f3 kengyeles hengerek optim\u00e1lis teljes\u00edtm\u00e9nyt ny\u00fajtanak k\u00fcl\u00f6nf\u00e9le alkalmaz\u00e1sokban. Kett\u0151s m\u0171k\u00f6d\u00e9s\u00fck lehet\u0151v\u00e9 teszi mind a tol\u00f3-, mind a h\u00faz\u00f3er\u0151k lead\u00e1s\u00e1t, \u00edgy rendk\u00edv\u00fcl hat\u00e9konny\u00e1 teszik \u0151ket azokban a feladatokban, amelyek prec\u00edz vez\u00e9rl\u00e9st \u00e9s sima m\u0171k\u00f6d\u00e9st ig\u00e9nyelnek. Ez a sokoldal\u00fas\u00e1g biztos\u00edtja, hogy a hengerek sz\u00e1mos ipar\u00e1gban haszn\u00e1lhat\u00f3k, bele\u00e9rtve az \u00e9p\u00edt\u0151ipart, a gy\u00e1rt\u00e1st \u00e9s a mez\u0151gazdas\u00e1got.<\/p>\n<p>4. <strong>Fejlett biztons\u00e1gi funkci\u00f3k: <\/strong>Az \u00e1ll\u00edthat\u00f3 kengyeles hengerek fejlett biztons\u00e1gi funkci\u00f3kkal vannak felszerelve, hogy garant\u00e1lj\u00e1k a kezel\u0151 \u00e9s a berendez\u00e9s biztons\u00e1g\u00e1t. Ezeket a hengereket \u00fagy tervezt\u00e9k, hogy megakad\u00e1lyozz\u00e1k a t\u00falterhel\u00e9st \u00e9s megb\u00edzhat\u00f3 f\u00e9kez\u00e9si k\u00e9pess\u00e9geket biztos\u00edtsanak, cs\u00f6kkentve a balesetek \u00e9s s\u00e9r\u00fcl\u00e9sek kock\u00e1zat\u00e1t. Ezenk\u00edv\u00fcl az \u00e1ll\u00edthat\u00f3 kengyeles kialak\u00edt\u00e1s lehet\u0151v\u00e9 teszi a k\u00f6nny\u0171 telep\u00edt\u00e9st \u00e9s a biztons\u00e1gos r\u00f6gz\u00edt\u00e9st, tov\u00e1bb n\u00f6velve a rendszer \u00e1ltal\u00e1nos biztons\u00e1g\u00e1t.<\/p>\n<p>5. <strong>Megn\u00f6vekedett termel\u00e9kenys\u00e9g: <\/strong>Kiv\u00e1l\u00f3 teljes\u00edtm\u00e9ny\u00fckkel \u00e9s megb\u00edzhat\u00f3s\u00e1gukkal az \u00e1ll\u00edthat\u00f3 kengyeles munkahengerek hozz\u00e1j\u00e1rulnak a termel\u00e9kenys\u00e9g n\u00f6vel\u00e9s\u00e9hez sz\u00e1mos ipar\u00e1gban. Ezeknek a munkahengereknek a prec\u00edz vez\u00e9rl\u00e9se \u00e9s hat\u00e9kony m\u0171k\u00f6d\u00e9se lehet\u0151v\u00e9 teszi a feladatok gyorsabb elv\u00e9gz\u00e9s\u00e9t, cs\u00f6kkenti az \u00e1ll\u00e1sid\u0151t \u00e9s jav\u00edtja az \u00e1ltal\u00e1nos hat\u00e9konys\u00e1got. A neh\u00e9z terhek kezel\u00e9s\u00e9re val\u00f3 k\u00e9pess\u00e9g\u00fck a termel\u00e9kenys\u00e9g n\u00f6vel\u00e9s\u00e9t is lehet\u0151v\u00e9 teszi az emel\u00e9si \u00e9s mozgat\u00e1si m\u0171veletek sor\u00e1n.<\/p>\n<p>\u00d6sszefoglalva, az \u00e1ll\u00edthat\u00f3 kengyeles hengerek sz\u00e1mos el\u0151nnyel rendelkeznek, amelyek miatt sz\u00e1mos ipar\u00e1gban el\u0151nyben r\u00e9szes\u00edtik \u0151ket. A fokozott rugalmass\u00e1gt\u00f3l \u00e9s tart\u00f3ss\u00e1gt\u00f3l az optimaliz\u00e1lt teljes\u00edtm\u00e9nyen \u00e1t a fejlett biztons\u00e1gi funkci\u00f3kig ezek a hengerek a nagy ig\u00e9ny\u0171 alkalmaz\u00e1sok ig\u00e9nyeinek kiel\u00e9g\u00edt\u00e9s\u00e9re lettek tervezve. A termel\u00e9kenys\u00e9g n\u00f6vel\u00e9s\u00e9re \u00e9s a neh\u00e9z terhek kezel\u00e9s\u00e9re val\u00f3 k\u00e9pess\u00e9g\u00fck tov\u00e1bb er\u0151s\u00edti poz\u00edci\u00f3jukat a hidraulikus rendszerek piac\u00e1n, mint els\u0151dleges megold\u00e1s. Ak\u00e1r \u00e9p\u00edt\u0151iparr\u00f3l, ak\u00e1r gy\u00e1rt\u00e1sr\u00f3l, ak\u00e1r b\u00e1rmilyen m\u00e1s ipar\u00e1gr\u00f3l van sz\u00f3, az \u00e1ll\u00edthat\u00f3 kengyeles hengerek \u00e9rt\u00e9kes eszk\u00f6znek bizonyulnak.<\/p>\n<h3>Az FMP-r\u0151l<\/h3>\n<p>Az FMP egy olyan v\u00e1llalat, amely hidraulikus hengerek gy\u00e1rt\u00e1s\u00e1ra \u00e9s \u00e9rt\u00e9kes\u00edt\u00e9s\u00e9re specializ\u00e1l\u00f3dott. Sok \u00e9ves ipar\u00e1gi tapasztalattal \u00e9s professzion\u00e1lis csapattal elk\u00f6telezettek vagyunk amellett, hogy kiv\u00e1l\u00f3 min\u0151s\u00e9g\u0171 \u00e9s megb\u00edzhat\u00f3 hidraulikus hengereket biztos\u00edtsunk \u00fcgyfeleink sz\u00e1m\u00e1ra.<\/p>\n<p>Hidraulikus hengereinket a legmagasabb ipari szabv\u00e1nyoknak megfelel\u0151en tervezz\u00fck \u00e9s gy\u00e1rtjuk. \u00cdme term\u00e9keink \u00e9s v\u00e1llalatunk \u00f6t f\u0151 el\u0151nye:<\/p>\n<p><strong>1. Sz\u00e9lesk\u00f6r\u0171 lehet\u0151s\u00e9gek:<\/strong> Sz\u00e9lesk\u00f6r\u0171 hidraulikus hengerv\u00e1laszt\u00e9kot k\u00edn\u00e1lunk, hogy kiel\u00e9g\u00edts\u00fck a k\u00fcl\u00f6nf\u00e9le ig\u00e9nyeket. Ak\u00e1r standard hengerekre, ak\u00e1r egyedi megold\u00e1sokra van sz\u00fcks\u00e9ge, szak\u00e9rtelm\u00fcnkkel biztos\u00edtjuk az \u00d6n alkalmaz\u00e1s\u00e1hoz t\u00f6k\u00e9letesen illeszked\u0151 megold\u00e1st.<\/p>\n<p><strong>2. Kiv\u00e9teles min\u0151s\u00e9g:<\/strong> Az FMP-n\u00e9l a gy\u00e1rt\u00e1si folyamat minden aspektus\u00e1ban a min\u0151s\u00e9get helyezz\u00fck el\u0151t\u00e9rbe. Hidraulikus hengereink pr\u00e9mium anyagokb\u00f3l k\u00e9sz\u00fclnek, \u00e9s szigor\u00fa tesztel\u00e9sen esnek \u00e1t a tart\u00f3ss\u00e1g \u00e9s a megb\u00edzhat\u00f3s\u00e1g biztos\u00edt\u00e1sa \u00e9rdek\u00e9ben.<\/p>\n<p><strong>3. Fejlett technol\u00f3gia:<\/strong> A leg\u00fajabb technol\u00f3giai fejleszt\u00e9seket alkalmazzuk gy\u00e1rt\u00e1si folyamatainkban. Ez lehet\u0151v\u00e9 teszi sz\u00e1munkra, hogy olyan hidraulikus hengereket sz\u00e1ll\u00edtsunk, amelyek az innov\u00e1ci\u00f3 \u00e9lvonal\u00e1t k\u00e9pviselik, fokozott teljes\u00edtm\u00e9nnyel \u00e9s hat\u00e9konys\u00e1ggal.<\/p>\n<p><strong>4. Szak\u00e9rt\u0151i konzult\u00e1ci\u00f3:<\/strong> Tapasztalt \u00e9rt\u00e9kes\u00edt\u00e9si csapatunk j\u00e1rtas az \u00e9p\u00edt\u0151ipari g\u00e9pek ipar\u00e1g\u00e1ban. Professzion\u00e1lis term\u00e9ktan\u00e1csad\u00e1st tudnak ny\u00fajtani, seg\u00edtve \u00d6nt a megfelel\u0151 hidraulikus henger kiv\u00e1laszt\u00e1s\u00e1ban az \u00d6n egyedi ig\u00e9nyei szerint.<\/p>\n<p><strong>5. Hat\u00e9kony logisztika:<\/strong> Meg\u00e9rtj\u00fck az id\u0151ben t\u00f6rt\u00e9n\u0151 sz\u00e1ll\u00edt\u00e1s fontoss\u00e1g\u00e1t. Hat\u00e9kony logisztikai eloszt\u00e1si rendszer\u00fcnk biztos\u00edtja, hogy a sz\u00fcks\u00e9ges hidraulikus hengereket id\u0151ben \u00e9s pontosan megkapja, minimaliz\u00e1lva az \u00e1ll\u00e1sid\u0151t \u00e9s maximaliz\u00e1lva a termel\u00e9kenys\u00e9get.<\/p>\n<p><img decoding=\"async\" src=\"https:\/\/fmp-components.com\/wp-content\/uploads\/2024\/12\/Adjustable-Clevis-Type-Cylinders-6.webp\" alt=\"\u00c1ll\u00edthat\u00f3 kengyeles henger\" width=\"805\" title=\"\"><\/p>\n<p>Szerz\u0151: CX<\/p>","protected":false},"excerpt":{"rendered":"<p>Good Quality Double Effect Small 2 Ton Snow Plow Hydraulic Cylinder Double Acting Good Quality Double Effect Small 2 Ton Snow Plow Hydraulic Cylinder Double Acting is a top-of-the-line product designed to make snow removal a breeze. This hydraulic cylinder boasts a small form factor and a dual-acting design, providing superior performance and efficiency. Constructed [&hellip;]<\/p>","protected":false},"featured_media":1455,"comment_status":"closed","ping_status":"closed","template":"","meta":{"_et_pb_use_builder":"","_et_pb_old_content":"","_et_gb_content_width":""},"product_brand":[],"product_cat":[42],"product_tag":[34,44],"class_list":{"0":"post-1454","1":"product","2":"type-product","3":"status-publish","4":"has-post-thumbnail","6":"product_cat-snow-plow-hydraulic-cylinder","7":"product_tag-hydraulic-cylinder","8":"product_tag-snow-plow-hydraulic-cylinder","10":"first","11":"instock","12":"product-type-simple"},"_links":{"self":[{"href":"https:\/\/fmp-components.com\/hu\/wp-json\/wp\/v2\/product\/1454","targetHints":{"allow":["GET"]}}],"collection":[{"href":"https:\/\/fmp-components.com\/hu\/wp-json\/wp\/v2\/product"}],"about":[{"href":"https:\/\/fmp-components.com\/hu\/wp-json\/wp\/v2\/types\/product"}],"replies":[{"embeddable":true,"href":"https:\/\/fmp-components.com\/hu\/wp-json\/wp\/v2\/comments?post=1454"}],"wp:featuredmedia":[{"embeddable":true,"href":"https:\/\/fmp-components.com\/hu\/wp-json\/wp\/v2\/media\/1455"}],"wp:attachment":[{"href":"https:\/\/fmp-components.com\/hu\/wp-json\/wp\/v2\/media?parent=1454"}],"wp:term":[{"taxonomy":"product_brand","embeddable":true,"href":"https:\/\/fmp-components.com\/hu\/wp-json\/wp\/v2\/product_brand?post=1454"},{"taxonomy":"product_cat","embeddable":true,"href":"https:\/\/fmp-components.com\/hu\/wp-json\/wp\/v2\/product_cat?post=1454"},{"taxonomy":"product_tag","embeddable":true,"href":"https:\/\/fmp-components.com\/hu\/wp-json\/wp\/v2\/product_tag?post=1454"}],"curies":[{"name":"munkaf\u00fczet","href":"https:\/\/api.w.org\/{rel}","templated":true}]}}