{"id":1452,"date":"2024-12-23T05:49:26","date_gmt":"2024-12-23T05:49:26","guid":{"rendered":"https:\/\/fmp-components.com\/product\/double-effect-hydraulic-cylinder-small-hydraulic-cylinder-for-snow-plow\/"},"modified":"2024-12-23T06:43:34","modified_gmt":"2024-12-23T06:43:34","slug":"double-effect-hydraulic-cylinder-small-hydraulic-cylinder-for-snow-plow","status":"publish","type":"product","link":"https:\/\/fmp-components.com\/hu\/product\/double-effect-hydraulic-cylinder-small-hydraulic-cylinder-for-snow-plow\/","title":{"rendered":"Kett\u0151s hat\u00e1s\u00fa hidraulikus henger Kis hidraulikus henger h\u00f3ek\u00e9hez"},"content":{"rendered":"<h2>Kett\u0151s hat\u00e1s\u00fa hidraulikus henger Kis hidraulikus henger h\u00f3ek\u00e9hez<\/h2>\n<p>Kett\u0151s hat\u00e1s\u00fa hidraulikus henger A h\u00f3ek\u00e9khez val\u00f3 kis hidraulikus henger egy kiv\u00e1l\u00f3 min\u0151s\u00e9g\u0171 term\u00e9k, amelyet h\u00f3ek\u00e9khez terveztek. A henger prec\u00edzen k\u00e9sz\u00fclt \u00e9s tart\u00f3s anyagokb\u00f3l k\u00e9sz\u00fclt a hossz\u00fa \u00e9lettartam biztos\u00edt\u00e1sa \u00e9rdek\u00e9ben. A kett\u0151s hat\u00e1s\u00fa funkci\u00f3 lehet\u0151v\u00e9 teszi a fokozott hat\u00e9konys\u00e1got, megk\u00f6nny\u00edtve a h\u00f3 eltakar\u00edt\u00e1s\u00e1t a fel\u00fcletekr\u0151l.<\/p>\n<p>A hidraulikus hengert kompakt m\u00e9ret\u0171re tervezt\u00e9k, \u00edgy k\u00f6nnyen felszerelhet\u0151 \u00e9s haszn\u00e1lhat\u00f3 k\u00fcl\u00f6nf\u00e9le h\u00f3ek\u00e9kben. Kis m\u00e9rete megk\u00f6nny\u00edti a sz\u00e1ll\u00edt\u00e1st is, \u00edgy a h\u00f3eke kezel\u0151i k\u00f6nnyen \u00e1thelyezhetik egyik helyr\u0151l a m\u00e1sikra.<\/p>\n<p>A term\u00e9k egyik legfontosabb el\u0151nye a kiv\u00e9teles teljes\u00edtm\u00e9nye extr\u00e9m id\u0151j\u00e1r\u00e1si k\u00f6r\u00fclm\u00e9nyek k\u00f6z\u00f6tt. K\u00e9pes ellen\u00e1llni a zord t\u00e9li k\u00f6r\u00fclm\u00e9nyeknek, \u00e9s \u00fagy tervezt\u00e9k, hogy megb\u00edzhat\u00f3 teljes\u00edtm\u00e9nyt ny\u00fajtson, amikor arra a legnagyobb sz\u00fcks\u00e9g van.<\/p>\n<p>\u00d6sszess\u00e9g\u00e9ben a Dupla Hat\u00e1s\u00fa Hidraulikus Hengeres Kis Hidraulikus Henger H\u00f3ek\u00e9hez egy kiv\u00e1l\u00f3 term\u00e9k, amely kiv\u00e9teles \u00e1r-\u00e9rt\u00e9k ar\u00e1nyt k\u00e9pvisel. Tart\u00f3ss\u00e1g\u00e1nak, teljes\u00edtm\u00e9ny\u00e9nek \u00e9s kompakt m\u00e9ret\u00e9nek k\u00f6sz\u00f6nhet\u0151en ide\u00e1lis v\u00e1laszt\u00e1s a h\u00f3eke kezel\u0151k sz\u00e1m\u00e1ra, akik megb\u00edzhat\u00f3 \u00e9s hat\u00e9kony hidraulikus hengert keresnek. A sz\u00e9les v\u00e1laszt\u00e9kban kaphat\u00f3 hidraulikus hengerek k\u00f6z\u00fcl a Dupla Hat\u00e1s\u00fa Hidraulikus Hengeres Kis Hidraulikus Henger H\u00f3ek\u00e9hez kiemelkedik egyedi tulajdons\u00e1gai \u00e9s kiv\u00e9teles k\u00e9pess\u00e9gei miatt. Ez a term\u00e9k \u00faj, \u00e9s egy \u00e9v garanci\u00e1val rendelkezik, amely biztos\u00edtja a megb\u00edzhat\u00f3s\u00e1g\u00e1t \u00e9s az \u00d6n nyugalm\u00e1t.<\/p>\n<h2>Term\u00e9kjellemz\u0151k<\/h2>\n<p><img decoding=\"async\" title=\"H\u00f3eke hidraulikus henger\" src=\"https:\/\/hzpt.com\/wp-content\/uploads\/2023\/11\/Snow-Plow-Hydraulic-Cylinder-1.webp\" alt=\"H\u00f3eke hidraulikus henger\" \/><\/p>\n<p>A h\u00f3ek\u00e9hez val\u00f3 kett\u0151s hat\u00e1s\u00fa hidraulikus henger kis hidraulikus henger egy innovat\u00edv term\u00e9k, amelyet a hat\u00e9konys\u00e1g \u00e9s a nagy teljes\u00edtm\u00e9ny \u00e9rdek\u00e9ben terveztek k\u00fcl\u00f6nf\u00e9le ipar\u00e1gakban, p\u00e9ld\u00e1ul g\u00e9pjav\u00edt\u00f3 m\u0171helyekben, mez\u0151gazdas\u00e1gban, energia- \u00e9s b\u00e1ny\u00e1szatban, g\u00e9pgy\u00e1rt\u00e1sban \u00e9s g\u00e9pgy\u00e1rakban.<\/p>\n<ul>\n<li><strong>Kiv\u00e1l\u00f3 min\u0151s\u00e9g \u00e9s megb\u00edzhat\u00f3s\u00e1g:<\/strong> Az ac\u00e9lb\u00f3l k\u00e9sz\u00fclt hidraulikus henger robusztus \u00e9s tart\u00f3s. 5,9 kg-os s\u00faly\u00e1val kompakt, m\u00e9gis er\u0151teljes.<\/li>\n<li><strong>Hat\u00e9konys\u00e1g \u00e9s teljes\u00edtm\u00e9ny:<\/strong> Ennek a hidraulikus hengernek a maxim\u00e1lis tol\u00f3ereje 3000, a maxim\u00e1lis h\u00faz\u00f3ereje pedig 20 tonna, \u00edgy nagy teljes\u00edtm\u00e9ny\u0171 szersz\u00e1mm\u00e1 v\u00e1lik k\u00fcl\u00f6nf\u00e9le alkalmaz\u00e1sokhoz.<\/li>\n<li><strong>Biztons\u00e1g \u00e9s stabilit\u00e1s:<\/strong> Az alapvet\u0151 alkatr\u00e9szekre, bele\u00e9rtve a csap\u00e1gyat \u00e9s a hidraulikus hengert is, vonatkoz\u00f3 egy\u00e9ves garancia garant\u00e1lja a biztons\u00e1got \u00e9s a stabilit\u00e1st.<\/li>\n<li><strong>Kompatibilit\u00e1s:<\/strong> A term\u00e9k szabv\u00e1nyos, ami azt jelenti, hogy k\u00f6nnyen integr\u00e1lhat\u00f3 k\u00fcl\u00f6nf\u00e9le rendszerekbe.<\/li>\n<li><strong>Hossz\u00fa t\u00e1v\u00fa befektet\u00e9si \u00e9rt\u00e9k:<\/strong> Egy\u00e9ves garanci\u00e1j\u00e1val \u00e9s kiv\u00e1l\u00f3 min\u0151s\u00e9g\u0171 alapalkatr\u00e9szeivel ez a hidraulikus henger hossz\u00fa t\u00e1v\u00fa befektet\u00e9si \u00e9rt\u00e9ket biztos\u00edt.<\/li>\n<\/ul>\n<p><img decoding=\"async\" title=\"H\u00f3eke hidraulikus henger\" src=\"https:\/\/hzpt.com\/wp-content\/uploads\/2023\/11\/Snow-Plow-Hydraulic-Cylinder-2.webp\" alt=\"H\u00f3eke hidraulikus henger\" \/><\/p>\n<h2>Az \u00e1ll\u00edthat\u00f3 kengyeles hengerek el\u0151nyei<\/h2>\n<ul>\n<li style=\"list-style-type: none;\">\n<ul>\n<li>Fokozott rugalmass\u00e1g \u00e9s alkalmazkod\u00f3k\u00e9pess\u00e9g<\/li>\n<\/ul>\n<\/li>\n<\/ul>\n<p>Az \u00e1ll\u00edthat\u00f3 kengyeles hengerek egyik f\u0151 el\u0151nye a nagyfok\u00fa alkalmazkod\u00f3k\u00e9pess\u00e9g\u00fck. Ezek a hengerek k\u00f6nnyen be\u00e1ll\u00edthat\u00f3k a legk\u00fcl\u00f6nb\u00f6z\u0151bb alkalmaz\u00e1sokhoz \u00e9s k\u00f6vetelm\u00e9nyekhez, ami fokozott rugalmass\u00e1got \u00e9s sokoldal\u00fas\u00e1got biztos\u00edt. Ez azt jelenti, hogy sz\u00e1mos k\u00fcl\u00f6nb\u00f6z\u0151 ipari k\u00f6rnyezetben haszn\u00e1lhat\u00f3k, \u00e9s testreszabhat\u00f3k a k\u00fcl\u00f6nb\u00f6z\u0151 projektek \u00e9s alkalmaz\u00e1sok speci\u00e1lis ig\u00e9nyeinek kiel\u00e9g\u00edt\u00e9s\u00e9re.<\/p>\n<ul>\n<li style=\"list-style-type: none;\">\n<ul>\n<li>Fokozott pontoss\u00e1g \u00e9s kontroll<\/li>\n<\/ul>\n<\/li>\n<\/ul>\n<p>Az \u00e1ll\u00edthat\u00f3 kengyeles hengerek m\u00e1sik f\u0151 el\u0151nye a fokozott pontoss\u00e1g \u00e9s szab\u00e1lyozhat\u00f3s\u00e1g. Ezeket a hengereket prec\u00edz, pontos mozg\u00e1sok biztos\u00edt\u00e1s\u00e1ra tervezt\u00e9k, ami ide\u00e1liss\u00e1 teszi \u0151ket olyan alkalmaz\u00e1sokhoz, amelyek nagyfok\u00fa szab\u00e1lyozhat\u00f3s\u00e1got \u00e9s pontoss\u00e1got ig\u00e9nyelnek. Ez k\u00fcl\u00f6n\u00f6sen fontos lehet ipari k\u00f6rnyezetben, ahol a pontoss\u00e1g \u00e9s a pontoss\u00e1g kritikus fontoss\u00e1g\u00fa a biztons\u00e1g \u00e9s a hat\u00e9konys\u00e1g szempontj\u00e1b\u00f3l.<\/p>\n<ul>\n<li style=\"list-style-type: none;\">\n<ul>\n<li>Fokozott tart\u00f3ss\u00e1g \u00e9s hossz\u00fa \u00e9lettartam<\/li>\n<\/ul>\n<\/li>\n<\/ul>\n<p>Az \u00e1ll\u00edthat\u00f3 kengyeles hengerek kiv\u00e9teles tart\u00f3ss\u00e1gukr\u00f3l \u00e9s hossz\u00fa \u00e9lettartamukr\u00f3l is ismertek. Ezek a hengerek jellemz\u0151en kiv\u00e1l\u00f3 min\u0151s\u00e9g\u0171 anyagokb\u00f3l k\u00e9sz\u00fclnek, amelyeket \u00fagy terveztek, hogy ellen\u00e1lljanak a neh\u00e9z ig\u00e9nybev\u00e9telnek \u00e9s a zord ipari k\u00f6rnyezetnek. Ez azt jelenti, hogy minim\u00e1lis karbantart\u00e1ssal sok \u00e9vig kitartanak, \u00edgy k\u00f6lts\u00e9ghat\u00e9kony megold\u00e1st jelentenek sz\u00e1mos ipari alkalmaz\u00e1shoz.<\/p>\n<ul>\n<li style=\"list-style-type: none;\">\n<ul>\n<li>Nagyobb hat\u00e9konys\u00e1g \u00e9s termel\u00e9kenys\u00e9g<\/li>\n<\/ul>\n<\/li>\n<\/ul>\n<p>A nagyobb pontoss\u00e1g, szab\u00e1lyozhat\u00f3s\u00e1g \u00e9s alkalmazkod\u00f3k\u00e9pess\u00e9g biztos\u00edt\u00e1s\u00e1val az \u00e1ll\u00edthat\u00f3 kengyeles hengerek hozz\u00e1j\u00e1rulhatnak az ipari k\u00f6rnyezet \u00e1ltal\u00e1nos hat\u00e9konys\u00e1g\u00e1nak \u00e9s termel\u00e9kenys\u00e9g\u00e9nek jav\u00edt\u00e1s\u00e1hoz is. Ezek a hengerek sz\u00e1mos k\u00fcl\u00f6nb\u00f6z\u0151 folyamat automatiz\u00e1l\u00e1s\u00e1ra haszn\u00e1lhat\u00f3k, megk\u00f6nny\u00edtve a feladatok gyors \u00e9s hat\u00e9kony elv\u00e9gz\u00e9s\u00e9t, mik\u00f6zben minimaliz\u00e1lj\u00e1k az \u00e1ll\u00e1sid\u0151t \u00e9s cs\u00f6kkentik a k\u00f6lts\u00e9geket. Ez k\u00fcl\u00f6n\u00f6sen fontos lehet azokban az ipar\u00e1gakban, ahol az id\u0151 s\u00fcrget\u0151 t\u00e9nyez\u0151, p\u00e9ld\u00e1ul az \u00e9p\u00edt\u0151iparban vagy a gy\u00e1rt\u00f3iparban.<\/p>\n<ul>\n<li style=\"list-style-type: none;\">\n<ul>\n<li>Sz\u00e9les k\u00f6r\u0171 rendszerekkel \u00e9s alkatr\u00e9szekkel kompatibilis<\/li>\n<\/ul>\n<\/li>\n<\/ul>\n<p>V\u00e9g\u00fcl, az \u00e1ll\u00edthat\u00f3 kengyeles hengerek sz\u00e9lesk\u00f6r\u0171 rendszerekkel \u00e9s alkatr\u00e9szekkel val\u00f3 nagyfok\u00fa kompatibilit\u00e1sukr\u00f3l ismertek. Ezek a hengerek k\u00f6nnyen integr\u00e1lhat\u00f3k a megl\u00e9v\u0151 hidraulikus rendszerekbe, \u00edgy sokoldal\u00fa \u00e9s rugalmas megold\u00e1st jelentenek sz\u00e1mos ipari alkalmaz\u00e1shoz. Ezenk\u00edv\u00fcl sz\u00e1mos k\u00fcl\u00f6nb\u00f6z\u0151 alkatr\u00e9sszel \u00e9s tartoz\u00e9kkal kompatibilisek, p\u00e9ld\u00e1ul kett\u0151s hat\u00e1s\u00fa hidraulikus hengerekkel \u00e9s h\u00f3ek\u00e9khez val\u00f3 kis hidraulikus hengerekkel, \u00edgy sokf\u00e9le projekthez rendk\u00edv\u00fcl testreszabhat\u00f3 megold\u00e1st k\u00edn\u00e1lnak.<\/p>\n<h3>Az FMP-r\u0151l \u2013 az \u00d6n professzion\u00e1lis hidraulikus henger besz\u00e1ll\u00edt\u00f3j\u00e1r\u00f3l<\/h3>\n<p>Megb\u00edzhat\u00f3 \u00e9s kiv\u00e1l\u00f3 min\u0151s\u00e9g\u0171 hidraulikus hengereket keres \u00e9p\u00edt\u0151ipari g\u00e9peihez? Az FMP az \u00d6n titka! Sok \u00e9ves ipar\u00e1gi tapasztalattal \u00e9s professzion\u00e1lis csapattal rendelkez\u0151 v\u00e1llalatk\u00e9nt \u00e9p\u00edt\u0151ipari g\u00e9palkatr\u00e9szek \u00e9s komplett g\u00e9pek \u00e9rt\u00e9kes\u00edt\u00e9s\u00e9re \u00e9s szervizel\u00e9s\u00e9re specializ\u00e1l\u00f3dtunk. Sz\u00e9les term\u00e9kpalett\u00e1nk mez\u0151gazdas\u00e1gi g\u00e9pek sebess\u00e9gv\u00e1lt\u00f3it, ipari sebess\u00e9gv\u00e1lt\u00f3kat, bolyg\u00f3kerekes sebess\u00e9gv\u00e1lt\u00f3kat, mez\u0151gazdas\u00e1gi g\u00e9pek alkatr\u00e9szeit, valamint a hozz\u00e1juk ill\u0151, cs\u00facskateg\u00f3ri\u00e1s tartoz\u00e9kok sor\u00e1t tartalmazza.<\/p>\n<p>\u00cdme n\u00e9h\u00e1ny ok, ami\u00e9rt \u00e9rdemes az FMP-t v\u00e1lasztania hidraulikus henger besz\u00e1ll\u00edt\u00f3j\u00e1nak:<\/p>\n<p>1. Kiv\u00e1l\u00f3 min\u0151s\u00e9g\u0171 term\u00e9kek \u2013 Sz\u00e1mos kiv\u00e1l\u00f3 min\u0151s\u00e9g\u0171 besz\u00e1ll\u00edt\u00f3val dolgozunk egy\u00fctt belf\u00f6ld\u00f6n \u00e9s k\u00fclf\u00f6ld\u00f6n egyar\u00e1nt, hogy minden hidraulikus henger\u00fcnk megfeleljen a szigor\u00fa min\u0151s\u00e9gi el\u0151\u00edr\u00e1soknak. Term\u00e9keink tart\u00f3sak, megb\u00edzhat\u00f3ak \u00e9s hossz\u00fa \u00e9lettartam\u00faak.<\/p>\n<p>2. Professzion\u00e1lis \u00e9rt\u00e9kes\u00edt\u00e9si csapat \u2013 Tapasztalt \u00e9s k\u00e9pzett \u00e9rt\u00e9kes\u00edt\u00e9si csapatunk ismeri az \u00e9p\u00edt\u0151ipari g\u00e9pipar fejleszt\u00e9si trendjeit \u00e9s \u00fcgyf\u00e9lig\u00e9nyeit. Professzion\u00e1lis term\u00e9ktan\u00e1csad\u00e1st \u00e9s intelligens v\u00e1s\u00e1rl\u00e1si javaslatokat tudnak ny\u00fajtani, hogy seg\u00edtsenek megtal\u00e1lni az \u00d6n ig\u00e9nyeinek megfelel\u0151 hidraulikus hengert.<\/p>\n<p>3. Hat\u00e9kony logisztikai eloszt\u00e1s \u2013 Hat\u00e9kony logisztikai eloszt\u00e1si rendszerrel rendelkez\u00fcnk annak \u00e9rdek\u00e9ben, hogy \u00fcgyfeleink id\u0151ben \u00e9s pontosan megkapj\u00e1k a sz\u00fcks\u00e9ges alkatr\u00e9szeket. B\u00edzhat benn\u00fcnk, hogy hidraulikus hengereit akkor sz\u00e1ll\u00edtjuk ki, amikor sz\u00fcks\u00e9ge van r\u00e1juk.<\/p>\n<p>4. Testreszabhat\u00f3 opci\u00f3k \u2013 Az FMP-n\u00e9l meg\u00e9rtj\u00fck, hogy minden \u00fcgyf\u00e9lnek egyedi ig\u00e9nyei vannak a hidraulikus hengerekkel kapcsolatban. Ez\u00e9rt k\u00edn\u00e1lunk testreszabhat\u00f3 opci\u00f3kat, hogy megfelelj\u00fcnk az \u00d6n egyedi k\u00f6vetelm\u00e9nyeinek.<\/p>\n<p>5. Sz\u00e9les term\u00e9kv\u00e1laszt\u00e9k \u2013 Sz\u00e9les hidraulikus hengerv\u00e1laszt\u00e9kot k\u00edn\u00e1lunk, bele\u00e9rtve az \u00e1ll\u00edthat\u00f3 kengyeles hengereket, hegesztett hengereket, \u00f6sszek\u00f6t\u0151rudas hengereket \u00e9s egyebeket. Ez azt jelenti, hogy megtal\u00e1lhatja az \u00e9p\u00edt\u0151ipari g\u00e9pei ig\u00e9nyeinek t\u00f6k\u00e9letesen megfelel\u0151 hidraulikus hengert.<\/p>\n<p>R\u00e1ad\u00e1sul az FMP-vel \u00e9lvezheti azt a nyugalmat, amit egy megb\u00edzhat\u00f3 \u00e9s megb\u00edzhat\u00f3 besz\u00e1ll\u00edt\u00f3val val\u00f3 egy\u00fcttm\u0171k\u00f6d\u00e9s jelent. Akkor mi\u00e9rt v\u00e1rna? L\u00e9pjen kapcsolatba vel\u00fcnk m\u00e9g ma, hogy t\u00f6bbet megtudjon hidraulikus hengereinkr\u0151l \u00e9s arr\u00f3l, hogyan seg\u00edthet\u00fcnk \u00d6nnek \u00e9p\u00edt\u0151ipari g\u00e9pekkel kapcsolatos ig\u00e9nyeinek kiel\u00e9g\u00edt\u00e9s\u00e9ben.<\/p>\n<p><img decoding=\"async\" src=\"https:\/\/fmp-components.com\/wp-content\/uploads\/2024\/12\/Adjustable-Clevis-Type-Cylinders-6.webp\" alt=\"\u00c1ll\u00edthat\u00f3 kengyeles henger\" width=\"804\" title=\"\"><\/p>\n<p>Szerz\u0151: CX<\/p>","protected":false},"excerpt":{"rendered":"<p>Double Effect Hydraulic Cylinder Small Hydraulic Cylinder For Snow Plow Double Effect Hydraulic Cylinder Small Hydraulic Cylinder For Snow Plow is a high-quality product designed for use in snow plows. The cylinder is constructed with precision and is made of durable materials to ensure its longevity. The double effect feature allows for increased efficiency, making [&hellip;]<\/p>","protected":false},"featured_media":1453,"comment_status":"closed","ping_status":"closed","template":"","meta":{"_et_pb_use_builder":"","_et_pb_old_content":"","_et_gb_content_width":""},"product_brand":[],"product_cat":[42],"product_tag":[34,44],"class_list":{"0":"post-1452","1":"product","2":"type-product","3":"status-publish","4":"has-post-thumbnail","6":"product_cat-snow-plow-hydraulic-cylinder","7":"product_tag-hydraulic-cylinder","8":"product_tag-snow-plow-hydraulic-cylinder","10":"first","11":"instock","12":"product-type-simple"},"_links":{"self":[{"href":"https:\/\/fmp-components.com\/hu\/wp-json\/wp\/v2\/product\/1452","targetHints":{"allow":["GET"]}}],"collection":[{"href":"https:\/\/fmp-components.com\/hu\/wp-json\/wp\/v2\/product"}],"about":[{"href":"https:\/\/fmp-components.com\/hu\/wp-json\/wp\/v2\/types\/product"}],"replies":[{"embeddable":true,"href":"https:\/\/fmp-components.com\/hu\/wp-json\/wp\/v2\/comments?post=1452"}],"wp:featuredmedia":[{"embeddable":true,"href":"https:\/\/fmp-components.com\/hu\/wp-json\/wp\/v2\/media\/1453"}],"wp:attachment":[{"href":"https:\/\/fmp-components.com\/hu\/wp-json\/wp\/v2\/media?parent=1452"}],"wp:term":[{"taxonomy":"product_brand","embeddable":true,"href":"https:\/\/fmp-components.com\/hu\/wp-json\/wp\/v2\/product_brand?post=1452"},{"taxonomy":"product_cat","embeddable":true,"href":"https:\/\/fmp-components.com\/hu\/wp-json\/wp\/v2\/product_cat?post=1452"},{"taxonomy":"product_tag","embeddable":true,"href":"https:\/\/fmp-components.com\/hu\/wp-json\/wp\/v2\/product_tag?post=1452"}],"curies":[{"name":"munkaf\u00fczet","href":"https:\/\/api.w.org\/{rel}","templated":true}]}}