{"id":1450,"date":"2024-12-23T05:49:26","date_gmt":"2024-12-23T05:49:26","guid":{"rendered":"https:\/\/fmp-components.com\/product\/chinese-factory-20-ton-hydraulic-piston-cylinder-snow-plow-hydraulic-cylinder\/"},"modified":"2025-03-18T02:15:00","modified_gmt":"2025-03-18T02:15:00","slug":"italian-factory-20-ton-hydraulic-piston-cylinder-snow-plow-hydraulic-cylinder","status":"publish","type":"product","link":"https:\/\/fmp-components.com\/hu\/product\/italian-factory-20-ton-hydraulic-piston-cylinder-snow-plow-hydraulic-cylinder\/","title":{"rendered":"Olasz gy\u00e1ri 20 tonn\u00e1s hidraulikus dugatty\u00fas hengeres h\u00f3eke hidraulikus henger"},"content":{"rendered":"<h2>Olasz gy\u00e1ri 20 tonn\u00e1s hidraulikus dugatty\u00fas hengeres h\u00f3eke hidraulikus henger<\/h2>\n<p>Az olasz gy\u00e1r 20 tonn\u00e1s hidraulikus dugatty\u00fas hengeres h\u00f3eke hidraulikus hengere egy \u00e9lvonalbeli term\u00e9k, amelyet nagy teherb\u00edr\u00e1s\u00fa h\u00f3eke alkalmaz\u00e1sokhoz terveztek. Kiv\u00e9teles hidraulikus erej\u00e9vel ez a henger biztos\u00edtja a sz\u00fcks\u00e9ges er\u0151t a h\u00f3 hat\u00e9kony eltakar\u00edt\u00e1s\u00e1hoz az utakr\u00f3l, parkol\u00f3kr\u00f3l \u00e9s m\u00e1s nagy fel\u00fcletekr\u0151l.<\/p>\n<p>Kiv\u00e1l\u00f3 min\u0151s\u00e9g\u0171 anyagokb\u00f3l \u00e9s kiv\u00e1l\u00f3 kidolgoz\u00e1ssal k\u00e9sz\u00fclt, az olasz gy\u00e1r hidraulikus dugatty\u00fas hengeres h\u00f3ek\u00e9je p\u00e1ratlan tart\u00f3ss\u00e1got \u00e9s megb\u00edzhat\u00f3s\u00e1got k\u00edn\u00e1l. Robusztus konstrukci\u00f3ja optim\u00e1lis teljes\u00edtm\u00e9nyt biztos\u00edt m\u00e9g a legzordabb t\u00e9li k\u00f6r\u00fclm\u00e9nyek k\u00f6z\u00f6tt is.<\/p>\n<p>20 tonn\u00e1s teherb\u00edr\u00e1s\u00e1val ez a hidraulikus henger hihetetlen szil\u00e1rds\u00e1got \u00e9s stabilit\u00e1st biztos\u00edt. Hat\u00e9kony h\u00f3eltakar\u00edt\u00e1st tesz lehet\u0151v\u00e9 az\u00e1ltal, hogy biztos\u00edtja a sz\u00fcks\u00e9ges er\u0151t az eke peng\u00e9j\u00e9nek felemel\u00e9s\u00e9hez \u00e9s megd\u00f6nt\u00e9s\u00e9hez, \u00edgy prec\u00edz \u00e9s hat\u00e9kony h\u00f3eltakar\u00edt\u00e1st tesz lehet\u0151v\u00e9.<\/p>\n<p><img decoding=\"async\" title=\"H\u00f3eke hidraulikus henger\" src=\"https:\/\/hzpt.com\/wp-content\/uploads\/2023\/11\/Snow-Plow-Hydraulic-Cylinder-3.webp\" alt=\"H\u00f3eke hidraulikus henger\" \/><\/p>\n<p>Az olasz gy\u00e1r 20 tonn\u00e1s hidraulikus dugatty\u00fas hengeres h\u00f3eke hidraulikus hengere fejlett hidraulikus technol\u00f3gi\u00e1val rendelkezik, amely biztos\u00edtja a sima \u00e9s prec\u00edz m\u0171k\u00f6d\u00e9st. Dugatty\u00fas kialak\u00edt\u00e1sa z\u00f6kken\u0151mentes mozg\u00e1st \u00e9s \u00e9rz\u00e9keny vez\u00e9rl\u00e9st tesz lehet\u0151v\u00e9, maxim\u00e1lis hat\u00e9konys\u00e1got \u00e9s k\u00f6nny\u0171 haszn\u00e1latot biztos\u00edtva a kezel\u0151 sz\u00e1m\u00e1ra.<\/p>\n<p>Leny\u0171g\u00f6z\u0151 ereje \u00e9s teljes\u00edtm\u00e9nye mellett ez a hidraulikus henger rendk\u00edv\u00fcl sokoldal\u00fa is. K\u00f6nnyen integr\u00e1lhat\u00f3 k\u00fcl\u00f6nf\u00e9le h\u00f3eke rendszerekbe, \u00edgy sz\u00e9les k\u00f6r\u0171 j\u00e1rm\u0171vekhez \u00e9s alkalmaz\u00e1sokhoz alkalmas.<\/p>\n<p>Ak\u00e1r profi h\u00f3eltakar\u00edt\u00f3 v\u00e1llalkoz\u00f3 vagy, ak\u00e1r egy \u00f6nkorm\u00e1nyzat, akinek hat\u00e9kony h\u00f3eltakar\u00edt\u00f3 berendez\u00e9sre van sz\u00fcks\u00e9ge, az olasz gy\u00e1r 20 tonn\u00e1s hidraulikus dugatty\u00fas hengeres h\u00f3ek\u00e9je a t\u00f6k\u00e9letes v\u00e1laszt\u00e1s. Kiv\u00e9teles teljes\u00edtm\u00e9nye, tart\u00f3ss\u00e1ga \u00e9s sokoldal\u00fas\u00e1ga n\u00e9lk\u00fcl\u00f6zhetetlen eszk\u00f6zz\u00e9 teszi m\u00e9g a legnehezebb t\u00e9li k\u00f6r\u00fclm\u00e9nyek lek\u00fczd\u00e9s\u00e9ben is.<\/p>\n<h2>Bevezet\u00e9s<\/h2>\n<p>Fedezze fel az olasz gy\u00e1r 20 tonn\u00e1s hidraulikus dugatty\u00fas hengeres h\u00f3eke hidraulikus henger\u00e9nek erej\u00e9t \u00e9s hat\u00e9konys\u00e1g\u00e1t. A t\u00f6k\u00e9letesen megtervezett hidraulikus henger a kiv\u00e1l\u00f3 min\u0151s\u00e9g\u0171 \u00e9s megb\u00edzhat\u00f3 g\u00e9pek bizony\u00edt\u00e9ka. A g\u00e9pjav\u00edt\u00f3 m\u0171helyek, a mez\u0151gazdas\u00e1g, az energia- \u00e9s b\u00e1ny\u00e1szat, valamint a g\u00e9pgy\u00e1rt\u00e1s ter\u00fclet\u00e9n l\u00e9tfontoss\u00e1g\u00fa eszk\u00f6z, ez a hidraulikus henger teljes\u00edtm\u00e9nyt, biztons\u00e1got \u00e9s kompatibilit\u00e1st \u00edg\u00e9r, hossz\u00fa t\u00e1v\u00fa befektet\u00e9si \u00e9rt\u00e9ket k\u00edn\u00e1lva.<\/p>\n<p><img decoding=\"async\" title=\"H\u00f3eke hidraulikus henger\" src=\"https:\/\/hzpt.com\/wp-content\/uploads\/2023\/11\/Snow-Plow-Hydraulic-Cylinder-2.webp\" alt=\"H\u00f3eke hidraulikus henger\" \/><\/p>\n<h2>Term\u00e9kjellemz\u0151k<\/h2>\n<h3>Min\u0151s\u00e9g \u00e9s megb\u00edzhat\u00f3s\u00e1g<\/h3>\n<p>Hidraulikus dugatty\u00fas hengeres h\u00f3eke hidraulikus henger\u00fcnk kiv\u00e1l\u00f3 min\u0151s\u00e9g\u0171 alkatr\u00e9szekb\u0151l k\u00e9sz\u00fcl, bele\u00e9rtve a csap\u00e1gyakat \u00e9s a tart\u00f3s hidraulikus hengert. ISO9001:2000 tan\u00fas\u00edtv\u00e1nnyal rendelkezik, amely biztos\u00edtja a min\u0151s\u00e9g\u00e9t \u00e9s megb\u00edzhat\u00f3s\u00e1g\u00e1t. A henger vadonat\u00faj, \u00e9s egy \u00e9v garanci\u00e1val rendelkezik, amely garant\u00e1lja a teljes\u00edtm\u00e9ny\u00e9t \u00e9s megb\u00edzhat\u00f3s\u00e1g\u00e1t.<\/p>\n<h3>Hat\u00e9konys\u00e1g \u00e9s teljes\u00edtm\u00e9ny<\/h3>\n<p>Maxim\u00e1lis tol\u00f3ereje 3000 tonna, maxim\u00e1lis h\u00faz\u00f3ereje pedig 20 tonna, \u00edgy ez a hidraulikus henger nagy teljes\u00edtm\u00e9nyre lett tervezve. Ak\u00e1r g\u00e9pjav\u00edt\u00f3 m\u0171helyekben, mez\u0151gazdas\u00e1gban, energia- \u00e9s b\u00e1ny\u00e1szatban, ak\u00e1r g\u00e9pgy\u00e1rt\u00f3 iparban dolgozik, ez a hidraulikus henger hat\u00e9kony \u00e9s z\u00f6kken\u0151mentes m\u0171k\u00f6d\u00e9st biztos\u00edt.<\/p>\n<h3>Biztons\u00e1g \u00e9s stabilit\u00e1s<\/h3>\n<p>Hidraulikus dugatty\u00fas munkahenger\u00fcnket a biztons\u00e1g \u00e9s a stabilit\u00e1s szem el\u0151tt tart\u00e1s\u00e1val tervezt\u00fck. A massz\u00edv ac\u00e9l test biztos\u00edtja, hogy a henger ellen\u00e1lljon a neh\u00e9z \u00fczemi k\u00f6r\u00fclm\u00e9nyeknek, biztons\u00e1gos \u00e9s stabil munkak\u00f6rnyezetet biztos\u00edtva.<\/p>\n<h3>Kompatibilit\u00e1s \u00e9s hossz\u00fa t\u00e1v\u00fa befektet\u00e9si \u00e9rt\u00e9k<\/h3>\n<p>Ez a hidraulikus henger szabv\u00e1nyos fel\u00e9p\u00edt\u00e9s\u0171, \u00edgy nagyfok\u00fa kompatibilit\u00e1st k\u00edn\u00e1l k\u00fcl\u00f6nf\u00e9le rendszerekkel. Robusztus kialak\u00edt\u00e1s\u00e1nak \u00e9s kiemelked\u0151 teljes\u00edtm\u00e9ny\u00e9nek k\u00f6sz\u00f6nhet\u0151en ez a hidraulikus henger \u00e9rt\u00e9kes hossz\u00fa t\u00e1v\u00fa befektet\u00e9s a g\u00e9pig\u00e9nyek kiel\u00e9g\u00edt\u00e9s\u00e9re.<\/p>\n<h2>Az \u00e1ll\u00edthat\u00f3 kengyeles hengerek el\u0151nyei<\/h2>\n<p>Az \u00e1ll\u00edthat\u00f3 kengyeles henger egy olyan hidraulikus hengert\u00edpus, amelyet sz\u00e9les k\u00f6rben haszn\u00e1lnak k\u00fcl\u00f6nb\u00f6z\u0151 ipar\u00e1gakban. Ez a t\u00edpus\u00fa henger \u00e1ll\u00edthat\u00f3 kengyeles r\u00f6gz\u00edt\u00e9si funkci\u00f3j\u00e1r\u00f3l ismert, amely lehet\u0151v\u00e9 teszi a k\u00f6nny\u0171 telep\u00edt\u00e9st \u00e9s a rugalmas haszn\u00e1latot. Ebben a cikkben az \u00e1ll\u00edthat\u00f3 kengyeles hengerek el\u0151nyeit vizsg\u00e1ljuk meg.<\/p>\n<h3>1. Testreszabhat\u00f3 r\u00f6gz\u00edt\u00e9si lehet\u0151s\u00e9gek<\/h3>\n<p>Az \u00e1ll\u00edthat\u00f3 kengyeles hengerek egyik legnagyobb el\u0151nye a testreszabhat\u00f3 r\u00f6gz\u00edt\u00e9si lehet\u0151s\u00e9gek. A kengyeles r\u00f6gz\u00edt\u00e9s lehet\u0151v\u00e9 teszi az egyszer\u0171 telep\u00edt\u00e9st \u00e9s be\u00e1ll\u00edt\u00e1st, \u00edgy ide\u00e1lis k\u00fcl\u00f6nf\u00e9le alkalmaz\u00e1sokhoz. Az \u00e1ll\u00edthat\u00f3 kengyeles r\u00f6gz\u00edt\u00e9s a telep\u00edt\u00e9shez sz\u00fcks\u00e9ges hely cs\u00f6kkent\u00e9s\u00e9ben is seg\u00edt, \u00edgy ide\u00e1lis a kompakt kialak\u00edt\u00e1sokhoz.<\/p>\n<h3>2. Kiv\u00e1l\u00f3 min\u0151s\u00e9g\u0171 formatervez\u00e9s<\/h3>\n<p>Az \u00e1ll\u00edthat\u00f3 kengyeles hengerek tov\u00e1bbi el\u0151nye a kiv\u00e1l\u00f3 min\u0151s\u00e9g\u0171 kialak\u00edt\u00e1suk. Ezeket a hengereket prec\u00edzen tervezt\u00e9k \u00e9s kiv\u00e1l\u00f3 min\u0151s\u00e9g\u0171 anyagokb\u00f3l k\u00e9sz\u00fcltek, ami tart\u00f3ss\u00e1got \u00e9s hossz\u00fa \u00e9lettartamot biztos\u00edt. Az olasz gy\u00e1r 20 tonn\u00e1s hidraulikus dugatty\u00fas hengeres h\u00f3eke hidraulikus hengere kiv\u00e1l\u00f3 p\u00e9lda az \u00e1ll\u00edthat\u00f3 kengyeles hengerekre, amelyeket kiv\u00e1l\u00f3 min\u0151s\u00e9g\u0171 anyagokb\u00f3l terveztek.<\/p>\n<h3>3. Sz\u00e9lesk\u00f6r\u0171 alkalmaz\u00e1sok<\/h3>\n<p>Az \u00e1ll\u00edthat\u00f3 kengyeles hengerek sz\u00e9les k\u00f6r\u0171 alkalmaz\u00e1sokhoz ide\u00e1lisak. \u00c1ltal\u00e1ban neh\u00e9zg\u00e9pekben, \u00e9p\u00edt\u0151ipari berendez\u00e9sekben \u00e9s mez\u0151gazdas\u00e1gi g\u00e9pekben haszn\u00e1lj\u00e1k \u0151ket. A telep\u00edt\u00e9s \u00e9s be\u00e1ll\u00edt\u00e1s rugalmass\u00e1ga alkalmass\u00e1 teszi az \u00e1ll\u00edthat\u00f3 kengyeles hengereket k\u00fcl\u00f6nf\u00e9le alkalmaz\u00e1sokhoz.<\/p>\n<h3>4. Hat\u00e9kony teljes\u00edtm\u00e9ny<\/h3>\n<p>Az \u00e1ll\u00edthat\u00f3 kengyeles hengerek hat\u00e9kony teljes\u00edtm\u00e9nyt ny\u00fajtanak. \u00dagy tervezt\u00e9k \u0151ket, hogy nagy er\u0151t biztos\u00edtsanak minim\u00e1lis energiafogyaszt\u00e1s mellett, \u00edgy k\u00f6lts\u00e9ghat\u00e9konyak \u00e9s energiatakar\u00e9kosak. Ez a tulajdons\u00e1g ide\u00e1liss\u00e1 teszi \u0151ket olyan alkalmaz\u00e1sokhoz, amelyek nagy er\u0151t \u00e9s teljes\u00edtm\u00e9nyt ig\u00e9nyelnek.<\/p>\n<h3>5. K\u00f6nny\u0171 karbantart\u00e1s<\/h3>\n<p>V\u00e9g\u00fcl, az \u00e1ll\u00edthat\u00f3 kengyeles hengerek k\u00f6nnyen karbantarthat\u00f3k. Minim\u00e1lis karbantart\u00e1st ig\u00e9nyelnek, \u00e9s sz\u00fcks\u00e9g eset\u00e9n k\u00f6nnyen jav\u00edthat\u00f3k vagy cser\u00e9lhet\u0151k. Ez a tulajdons\u00e1g ide\u00e1liss\u00e1 teszi \u0151ket olyan alkalmaz\u00e1sokhoz, amelyek minim\u00e1lis \u00e1ll\u00e1sid\u0151t \u00e9s karbantart\u00e1st ig\u00e9nyelnek.<\/p>\n<p>\u00d6sszefoglalva, az \u00e1ll\u00edthat\u00f3 kengyeles hengerek kiv\u00e1l\u00f3 v\u00e1laszt\u00e1st jelentenek k\u00fcl\u00f6nf\u00e9le alkalmaz\u00e1sokhoz. Testreszabhat\u00f3 r\u00f6gz\u00edt\u00e9si lehet\u0151s\u00e9geik, kiv\u00e1l\u00f3 min\u0151s\u00e9g\u0171 kialak\u00edt\u00e1suk, sz\u00e9lesk\u00f6r\u0171 alkalmaz\u00e1si k\u00f6r\u00fck, hat\u00e9kony teljes\u00edtm\u00e9ny\u00fck \u00e9s egyszer\u0171 karbantart\u00e1suk ide\u00e1lis v\u00e1laszt\u00e1ss\u00e1 teszik \u0151ket neh\u00e9zg\u00e9pekhez, \u00e9p\u00edt\u0151ipari berendez\u00e9sekhez \u00e9s mez\u0151gazdas\u00e1gi g\u00e9pekhez. Az olasz gy\u00e1r 20 tonn\u00e1s hidraulikus dugatty\u00fas hengeres h\u00f3eke hidraulikus hengere kiv\u00e1l\u00f3 p\u00e9lda az \u00e1ll\u00edthat\u00f3 kengyeles hengerekre, amelyek mindezeket a tulajdons\u00e1gokat egyetlen hat\u00e9kony \u00e9s megb\u00edzhat\u00f3 alkatr\u00e9szben egyes\u00edtik.<\/p>\n<h3>Az FMP-r\u0151l \u2013 Hidraulikus henger<\/h3>\n<p><img decoding=\"async\" src=\"https:\/\/fmp-components.com\/wp-content\/uploads\/2024\/12\/Adjustable-Clevis-Type-Cylinders-6.webp\" alt=\"\u00c1ll\u00edthat\u00f3 kengyeles henger\" width=\"803\" title=\"\"><\/p>\n<p>Az FMP-n\u00e9l hidraulikus hengerek gy\u00e1rt\u00e1s\u00e1ra \u00e9s \u00e9rt\u00e9kes\u00edt\u00e9s\u00e9re specializ\u00e1l\u00f3dtunk. Kiterjedt ipar\u00e1gi tapasztalatunkkal \u00e9s professzion\u00e1lis csapatunkkal arra t\u00f6reksz\u00fcnk, hogy \u00fcgyfeleinknek kiv\u00e1l\u00f3 min\u0151s\u00e9g\u0171 \u00e9s megb\u00edzhat\u00f3 term\u00e9keket biztos\u00edtsunk. \u00cdme \u00f6t f\u0151 el\u0151nye, ha hidraulikus hengereinket v\u00e1lasztja:<\/p>\n<p>1. Kiv\u00e1l\u00f3 min\u0151s\u00e9g: Hidraulikus hengereinket a legjobb min\u0151s\u00e9g\u0171 anyagokb\u00f3l \u00e9s fejlett technol\u00f3gi\u00e1val gy\u00e1rtjuk, biztos\u00edtva a kiv\u00e9teles teljes\u00edtm\u00e9nyt \u00e9s tart\u00f3ss\u00e1got. A min\u0151s\u00e9get helyezz\u00fck el\u0151t\u00e9rbe, hogy megfelelj\u00fcnk a legmagasabb szabv\u00e1nyoknak \u00e9s fel\u00fclm\u00faljuk az \u00fcgyfelek elv\u00e1r\u00e1sait.<\/p>\n<p>2. Sz\u00e9lesk\u00f6r\u0171 opci\u00f3k: Sz\u00e9lesk\u00f6r\u0171 hidraulikus hengerv\u00e1laszt\u00e9kot k\u00edn\u00e1lunk a k\u00fcl\u00f6nf\u00e9le ig\u00e9nyek kiel\u00e9g\u00edt\u00e9s\u00e9re. Ak\u00e1r egyszeres vagy kett\u0151s m\u0171k\u00f6d\u00e9s\u0171 hengerekre, teleszk\u00f3pos hengerekre vagy egyedi kialak\u00edt\u00e1sokra van sz\u00fcks\u00e9ge, n\u00e1lunk megtal\u00e1lja az \u00d6n egyedi ig\u00e9nyeinek megfelel\u0151 t\u00f6k\u00e9letes megold\u00e1st.<\/p>\n<p>3. Szak\u00e9rt\u0151i konzult\u00e1ci\u00f3: Tapasztalt \u00e9rt\u00e9kes\u00edt\u00e9si csapatunk m\u00e9lyrehat\u00f3 ismeretekkel rendelkezik az \u00e9p\u00edt\u0151ipari g\u00e9piparban. J\u00f3l ismerik a leg\u00fajabb fejleszt\u00e9si trendeket \u00e9s az \u00fcgyfelek ig\u00e9nyeit, \u00edgy professzion\u00e1lis term\u00e9ktan\u00e1csad\u00e1st tudnak ny\u00fajtani. Elk\u00f6telezettek vagyunk azir\u00e1nt, hogy seg\u00edts\u00fcnk \u00d6nnek megalapozott d\u00f6nt\u00e9seket hozni \u00e9s kiv\u00e1lasztani az \u00d6n alkalmaz\u00e1saihoz megfelel\u0151 hidraulikus hengert.<\/p>\n<p>4. Hat\u00e9kony logisztika: Meg\u00e9rtj\u00fck az id\u0151ben t\u00f6rt\u00e9n\u0151 sz\u00e1ll\u00edt\u00e1s fontoss\u00e1g\u00e1t. Hat\u00e9kony logisztikai eloszt\u00e1si rendszer\u00fcnkkel biztos\u00edtjuk, hogy a megrendelt hidraulikus hengerek gyorsan meg\u00e9rkezzenek \u00d6nh\u00f6z. Megb\u00edzhat\u00f3 \u00e9s pontos sz\u00e1ll\u00edt\u00e1si folyamatunk garant\u00e1lja, hogy a sz\u00fcks\u00e9ges alkatr\u00e9szeket pontosan akkor kapja meg, amikor sz\u00fcks\u00e9ge van r\u00e1juk.<\/p>\n<p>5. Megb\u00edzhat\u00f3 partners\u00e9gek: Az FMP hossz\u00fa t\u00e1v\u00fa \u00e9s stabil kapcsolatokat \u00e9p\u00edtett ki kiv\u00e1l\u00f3 min\u0151s\u00e9g\u0171 besz\u00e1ll\u00edt\u00f3kkal mind belf\u00f6ld\u00f6n, mind k\u00fclf\u00f6ld\u00f6n. Ez lehet\u0151v\u00e9 teszi sz\u00e1munkra, hogy hidraulikus hengereinkhez csak a legjobb alkatr\u00e9szeket szerezz\u00fck be, biztos\u00edtva, hogy minden alkatr\u00e9sz megfeleljen a szigor\u00fa min\u0151s\u00e9gi el\u0151\u00edr\u00e1soknak. Partners\u00e9geinkben a megb\u00edzhat\u00f3s\u00e1got helyezz\u00fck el\u0151t\u00e9rbe, hogy a lehet\u0151 legmagasabb szint\u0171 el\u00e9gedetts\u00e9get ny\u00fajtsuk \u00d6nnek.<\/p>\n<p>V\u00e1lassza az FMP-t hidraulikus henger ig\u00e9nyeihez, \u00e9s tapasztalja meg a kiv\u00e1l\u00f3s\u00e1got, amit k\u00edn\u00e1lunk. L\u00e9pjen kapcsolatba vel\u00fcnk m\u00e9g ma, hogy megbesz\u00e9lhess\u00fck ig\u00e9nyeit \u00e9s elkezdhess\u00fck a sikeres egy\u00fcttm\u0171k\u00f6d\u00e9st. Szerz\u0151: CX<\/p>","protected":false},"excerpt":{"rendered":"<p>Italian Factory 20 Ton Hydraulic Piston Cylinder Snow Plow Hydraulic Cylinder The Italian Factory 20 Ton Hydraulic Piston Cylinder Snow Plow Hydraulic Cylinder is a cutting-edge product designed for heavy-duty snow plow applications. With its exceptional hydraulic power, this cylinder provides the necessary force to efficiently clear snow from roads, parking lots, and other large [&hellip;]<\/p>","protected":false},"featured_media":1451,"comment_status":"closed","ping_status":"closed","template":"","meta":{"_et_pb_use_builder":"","_et_pb_old_content":"","_et_gb_content_width":""},"product_brand":[],"product_cat":[42],"product_tag":[34,44],"class_list":{"0":"post-1450","1":"product","2":"type-product","3":"status-publish","4":"has-post-thumbnail","6":"product_cat-snow-plow-hydraulic-cylinder","7":"product_tag-hydraulic-cylinder","8":"product_tag-snow-plow-hydraulic-cylinder","10":"first","11":"instock","12":"product-type-simple"},"_links":{"self":[{"href":"https:\/\/fmp-components.com\/hu\/wp-json\/wp\/v2\/product\/1450","targetHints":{"allow":["GET"]}}],"collection":[{"href":"https:\/\/fmp-components.com\/hu\/wp-json\/wp\/v2\/product"}],"about":[{"href":"https:\/\/fmp-components.com\/hu\/wp-json\/wp\/v2\/types\/product"}],"replies":[{"embeddable":true,"href":"https:\/\/fmp-components.com\/hu\/wp-json\/wp\/v2\/comments?post=1450"}],"wp:featuredmedia":[{"embeddable":true,"href":"https:\/\/fmp-components.com\/hu\/wp-json\/wp\/v2\/media\/1451"}],"wp:attachment":[{"href":"https:\/\/fmp-components.com\/hu\/wp-json\/wp\/v2\/media?parent=1450"}],"wp:term":[{"taxonomy":"product_brand","embeddable":true,"href":"https:\/\/fmp-components.com\/hu\/wp-json\/wp\/v2\/product_brand?post=1450"},{"taxonomy":"product_cat","embeddable":true,"href":"https:\/\/fmp-components.com\/hu\/wp-json\/wp\/v2\/product_cat?post=1450"},{"taxonomy":"product_tag","embeddable":true,"href":"https:\/\/fmp-components.com\/hu\/wp-json\/wp\/v2\/product_tag?post=1450"}],"curies":[{"name":"munkaf\u00fczet","href":"https:\/\/api.w.org\/{rel}","templated":true}]}}