{"id":1448,"date":"2024-12-23T05:49:26","date_gmt":"2024-12-23T05:49:26","guid":{"rendered":"https:\/\/fmp-components.com\/product\/professional-craftsmanship-3-ton-hydraulic-cylinder-double-acting-snow-plow-hydraulic-cylinder\/"},"modified":"2024-12-23T06:47:08","modified_gmt":"2024-12-23T06:47:08","slug":"professional-craftsmanship-3-ton-hydraulic-cylinder-double-acting-snow-plow-hydraulic-cylinder","status":"publish","type":"product","link":"https:\/\/fmp-components.com\/hu\/product\/professional-craftsmanship-3-ton-hydraulic-cylinder-double-acting-snow-plow-hydraulic-cylinder\/","title":{"rendered":"Professzion\u00e1lis k\u00e9zm\u0171ves 3 tonn\u00e1s hidraulikus henger kett\u0151s m\u0171k\u00f6d\u00e9s\u0171 h\u00f3eke hidraulikus henger"},"content":{"rendered":"<h2>Professzion\u00e1lis k\u00e9zm\u0171ves 3 tonn\u00e1s hidraulikus henger kett\u0151s m\u0171k\u00f6d\u00e9s\u0171 h\u00f3eke hidraulikus henger<\/h2>\n<p>Bemutatjuk a professzion\u00e1lis k\u00e9zm\u0171ves 3 tonn\u00e1s hidraulikus hengeres kett\u0151s m\u0171k\u00f6d\u00e9s\u0171 h\u00f3eke hidraulikus henger\u00e9t:<\/p>\n<p>A Professional Craftsmanship 3 tonn\u00e1s, kett\u0151s m\u0171k\u00f6d\u00e9s\u0171 h\u00f3eke hidraulikus henger egy kiv\u00e1l\u00f3 min\u0151s\u00e9g\u0171 hidraulikus henger, amelyet kifejezetten h\u00f3eke alkalmaz\u00e1sokhoz terveztek. Kiv\u00e1l\u00f3 kidolgozotts\u00e1g\u00e1nak \u00e9s fejlett funkci\u00f3inak k\u00f6sz\u00f6nhet\u0151en ez a hidraulikus henger megb\u00edzhat\u00f3 \u00e9s hat\u00e9kony eszk\u00f6z a h\u00f3 eltakar\u00edt\u00e1s\u00e1hoz.<\/p>\n<p>A hidraulikus henger 3 tonna er\u0151 kifejt\u00e9s\u00e9re k\u00e9pes, \u00edgy ide\u00e1lis a neh\u00e9z h\u00f3eltakar\u00edt\u00e1si feladatokhoz. Kett\u0151s m\u0171k\u00f6d\u00e9s\u0171 kialak\u00edt\u00e1sa lehet\u0151v\u00e9 teszi mind a tol\u00f3, mind a h\u00faz\u00f3 mozdulatokat, ami fokozza sokoldal\u00fas\u00e1g\u00e1t \u00e9s hat\u00e9konys\u00e1g\u00e1t a k\u00fcl\u00f6nb\u00f6z\u0151 h\u00f3eltakar\u00edt\u00e1si helyzetekben.<\/p>\n<p>Ennek a hidraulikus hengernek az egyik legfontosabb el\u0151nye a professzion\u00e1lis kidolgoz\u00e1s. Prec\u00edz \u00e9s r\u00e9szletgazdag gy\u00e1rt\u00e1s\u00e1nak k\u00f6sz\u00f6nhet\u0151en biztos\u00edtja a sima \u00e9s k\u00f6vetkezetes m\u0171k\u00f6d\u00e9st, minimaliz\u00e1lva a meghib\u00e1sod\u00e1sok vagy meghib\u00e1sod\u00e1sok kock\u00e1zat\u00e1t. Ez azt jelenti, hogy a hidraulikus henger optim\u00e1lis teljes\u00edtm\u00e9ny\u00e9re m\u00e9g zord t\u00e9li k\u00f6r\u00fclm\u00e9nyek k\u00f6z\u00f6tt is sz\u00e1m\u00edthat.<\/p>\n<p><img decoding=\"async\" title=\"H\u00f3eke hidraulikus henger\" src=\"https:\/\/hzpt.com\/wp-content\/uploads\/2023\/11\/Snow-Plow-Hydraulic-Cylinder-3.webp\" alt=\"H\u00f3eke hidraulikus henger\" \/><\/p>\n<p>Ezenk\u00edv\u00fcl a hidraulikus henger tart\u00f3s konstrukci\u00f3val rendelkezik, amely ellen\u00e1ll a h\u00f3eltakar\u00edt\u00e1s megpr\u00f3b\u00e1ltat\u00e1sainak. Robusztus kialak\u00edt\u00e1sa \u00e9s kiv\u00e1l\u00f3 min\u0151s\u00e9g\u0171 anyagai ellen\u00e1llnak a korr\u00f3zi\u00f3nak, a kop\u00e1snak \u00e9s a szakad\u00e1snak, \u00edgy hossz\u00fa \u00e9lettartamot \u00e9s megb\u00edzhat\u00f3 teljes\u00edtm\u00e9nyt biztos\u00edt az elk\u00f6vetkez\u0151 \u00e9vekben.<\/p>\n<p>A Professional Craftsmanship 3 tonn\u00e1s hidraulikus hengeres, kett\u0151s m\u0171k\u00f6d\u00e9s\u0171 h\u00f3eke hidraulikus hengere k\u00f6nnyen telep\u00edthet\u0151 \u00e9s haszn\u00e1lhat\u00f3. Vil\u00e1gos utas\u00edt\u00e1sokkal rendelkezik, \u00e9s gyorsan \u00e9s biztons\u00e1gosan r\u00f6gz\u00edthet\u0151 a h\u00f3eke felszerel\u00e9shez. Felhaszn\u00e1l\u00f3bar\u00e1t kialak\u00edt\u00e1sa z\u00f6kken\u0151mentes m\u0171k\u00f6d\u00e9st \u00e9s prec\u00edz vez\u00e9rl\u00e9st tesz lehet\u0151v\u00e9, \u00edgy hat\u00e9kony h\u00f3eltakar\u00edt\u00e1st tesz lehet\u0151v\u00e9 minim\u00e1lis er\u0151fesz\u00edt\u00e9ssel.<\/p>\n<p>\u00d6sszefoglalva, a Professional Craftsmanship 3 tonn\u00e1s hidraulikus hengeres kett\u0151s m\u0171k\u00f6d\u00e9s\u0171 h\u00f3eke hidraulikus henger egy els\u0151 oszt\u00e1ly\u00fa hidraulikus henger, amely \u00f6tv\u00f6zi a tart\u00f3ss\u00e1got, a megb\u00edzhat\u00f3s\u00e1got \u00e9s a sokoldal\u00fas\u00e1got. Kiv\u00e9teles kidolgozotts\u00e1g\u00e1val \u00e9s fejlett funkci\u00f3ival kiv\u00e1l\u00f3 v\u00e1laszt\u00e1s mindazok sz\u00e1m\u00e1ra, akiknek nagy teljes\u00edtm\u00e9ny\u0171 hidraulikus hengerre van sz\u00fcks\u00e9g\u00fck h\u00f3eke alkalmaz\u00e1sokhoz.<\/p>\n<div>\n<h2>3 tonn\u00e1s hidraulikus henger kett\u0151s m\u0171k\u00f6d\u00e9s\u0171 h\u00f3eke hidraulikus henger<\/h2>\n<p>Bemutatjuk 3 tonn\u00e1s, kett\u0151s m\u0171k\u00f6d\u00e9s\u0171 hidraulikus hengeres h\u00f3eke hidraulikus henger\u00fcnket, amelyet a legnagyobb precizit\u00e1ssal \u00e9s min\u0151s\u00e9ggel tervezt\u00fcnk \u00e9s gy\u00e1rtottunk a hat\u00e9kony \u00e9s megb\u00edzhat\u00f3 teljes\u00edtm\u00e9ny \u00e9rdek\u00e9ben v\u00e1ltozatos k\u00f6r\u00fclm\u00e9nyek k\u00f6z\u00f6tt.<\/p>\n<h2>Term\u00e9kjellemz\u0151k<\/h2>\n<h3>Min\u0151s\u00e9g \u00e9s megb\u00edzhat\u00f3s\u00e1g<\/h3>\n<p>Hidraulikus henger\u00fcnket a legnagyobb szak\u00e9rtelemmel k\u00e9sz\u00edtj\u00fck, \u00edgy m\u00e9g a legnehezebb k\u00f6r\u00fclm\u00e9nyek k\u00f6z\u00f6tt is kiv\u00e1l\u00f3 teljes\u00edtm\u00e9nyt ny\u00fajt. Sz\u00e1m\u00edthat a hossz\u00fa t\u00e1v\u00fa megb\u00edzhat\u00f3s\u00e1g\u00e1ra \u00e9s tart\u00f3ss\u00e1g\u00e1ra.<\/p>\n<h3>Hat\u00e9konys\u00e1g \u00e9s teljes\u00edtm\u00e9ny<\/h3>\n<p>A kett\u0151s m\u0171k\u00f6d\u00e9s\u0171 h\u00f3kotr\u00f3 hidraulikus henger ak\u00e1r 3000 tonn\u00e1s tol\u00f3er\u0151t \u00e9s 20 tonn\u00e1s maxim\u00e1lis h\u00faz\u00f3er\u0151t biztos\u00edt. Ez hat\u00e9kony \u00e9s z\u00f6kken\u0151mentes m\u0171k\u00f6d\u00e9st biztos\u00edt, n\u00f6velve a termel\u00e9kenys\u00e9get.<\/p>\n<h3>Biztons\u00e1g \u00e9s stabilit\u00e1s<\/h3>\n<p>A biztons\u00e1got szem el\u0151tt tartva tervezt\u00fck, hidraulikus henger\u00fcnk robusztus ac\u00e9l testtel \u00e9s szabv\u00e1nyos dugatty\u00faszerkezettel rendelkezik, amely biztos\u00edtja a stabilit\u00e1st m\u0171k\u00f6d\u00e9s k\u00f6zben, minimaliz\u00e1lva a g\u00e9pek meghib\u00e1sod\u00e1s\u00e1val j\u00e1r\u00f3 kock\u00e1zatokat.<\/p>\n<h3>Kompatibilit\u00e1s \u00e9s \u00e9rt\u00e9k<\/h3>\n<p>Hidraulikus henger\u00fcnk sz\u00e1mos ipar\u00e1ggal kompatibilis, bele\u00e9rtve a g\u00e9pjav\u00edt\u00f3 m\u0171helyeket, a mez\u0151gazdas\u00e1got, az energia- \u00e9s b\u00e1ny\u00e1szatot, a g\u00e9pgy\u00e1rt\u00e1st \u00e9s a g\u00e9pgy\u00e1rakat. Az alapvet\u0151 alkatr\u00e9szekre vonatkoz\u00f3 egy\u00e9ves garanci\u00e1val kiv\u00e1l\u00f3 \u00e1r-\u00e9rt\u00e9k ar\u00e1nyt k\u00edn\u00e1l hossz\u00fa t\u00e1v\u00fa befektet\u00e9sk\u00e9nt.<\/p>\n<p><img decoding=\"async\" src=\"https:\/\/hzpt.com\/wp-content\/uploads\/2023\/11\/Snow-Plow-Hydraulic-Cylinder-4Factory.webp\" alt=\"Gy\u00e1ri k\u00e9p\" title=\"\"><\/p>\n<\/div>\n<h2>Az \u00e1ll\u00edthat\u00f3 kengyeles hengerek el\u0151nyei<\/h2>\n<p>Az \u00e1ll\u00edthat\u00f3 kengyeles hengereket, m\u00e1s n\u00e9ven kengyeles r\u00f6gz\u00edt\u00e9s\u0171 hengereket, sz\u00e9les k\u00f6rben haszn\u00e1lj\u00e1k k\u00fcl\u00f6nf\u00e9le ipar\u00e1gakban egyedi tulajdons\u00e1gaiknak \u00e9s el\u0151nyeiknek k\u00f6sz\u00f6nhet\u0151en. Ebben a cikkben megvizsg\u00e1ljuk az \u00e1ll\u00edthat\u00f3 kengyeles hengerek el\u0151nyeit \u00e9s alkalmaz\u00e1sukat k\u00fcl\u00f6nb\u00f6z\u0151 ter\u00fcleteken.<\/p>\n<p>1. <strong>Fokozott rugalmass\u00e1g \u00e9s sokoldal\u00fas\u00e1g:<\/strong> Az \u00e1ll\u00edthat\u00f3 kengyeles hengerek egyik legfontosabb el\u0151nye, hogy rugalmasabbak a r\u00f6gz\u00edt\u00e9si elrendez\u00e9sekben. A kengyeles r\u00f6gz\u00edt\u00e9s lehet\u0151v\u00e9 teszi a henger egyszer\u0171 be\u00e1ll\u00edt\u00e1s\u00e1t \u00e9s pozicion\u00e1l\u00e1s\u00e1t, \u00edgy sz\u00e9les k\u00f6r\u0171 alkalmaz\u00e1sokhoz alkalmas. Legyen sz\u00f3 mez\u0151gazdas\u00e1gi g\u00e9pekr\u0151l, \u00e9p\u00edt\u0151ipari berendez\u00e9sekr\u0151l vagy ipari g\u00e9pekr\u0151l, ezek a hengerek sokoldal\u00fa telep\u00edt\u00e9st \u00e9s haszn\u00e1latot k\u00edn\u00e1lnak.<\/p>\n<p>2. <strong>Fokozott kontroll \u00e9s pontoss\u00e1g:<\/strong> Az \u00e1ll\u00edthat\u00f3 kengyeles hengerek prec\u00edz er\u0151- \u00e9s mozg\u00e1svez\u00e9rl\u00e9st biztos\u00edtanak. Az \u00e1ll\u00edthat\u00f3 kengyel lehet\u0151v\u00e9 teszi a henger l\u00f6ket\u00e9nek \u00e9s pozicion\u00e1l\u00e1s\u00e1nak finomhangol\u00e1s\u00e1t, \u00edgy prec\u00edzen szab\u00e1lyozhat\u00f3 a hozz\u00e1 csatlakoztatott berendez\u00e9s vagy g\u00e9p. Ez a szab\u00e1lyoz\u00e1si szint kulcsfontoss\u00e1g\u00fa azokban az alkalmaz\u00e1sokban, ahol a pontoss\u00e1g \u00e9s a precizit\u00e1s elengedhetetlen, p\u00e9ld\u00e1ul a robotik\u00e1ban, a CNC g\u00e9pekben \u00e9s az anyagmozgat\u00f3 rendszerekben.<\/p>\n<p>3. <strong>Fokozott tart\u00f3ss\u00e1g \u00e9s szil\u00e1rds\u00e1g:<\/strong> A professzion\u00e1lis kivitelez\u00e9s \u00e9s a kiv\u00e1l\u00f3 min\u0151s\u00e9g\u0171 anyagok haszn\u00e1lata biztos\u00edtja, hogy az \u00e1ll\u00edthat\u00f3 kengyeles hengerek ellen\u00e1lljanak a neh\u00e9z alkalmaz\u00e1soknak. Ezeket a hengereket nagy terhel\u00e9sek \u00e9s nyom\u00e1sok kezel\u00e9s\u00e9re tervezt\u00e9k, \u00edgy alkalmasak ig\u00e9nyes ipari k\u00f6rnyezetbe. A 3 tonn\u00e1s hidraulikus henger a robusztus \u00e9s tart\u00f3s kengyeles hengerek kiv\u00e1l\u00f3 p\u00e9ld\u00e1ja, amely k\u00e9pes ellen\u00e1llni a nagy terhel\u00e9seknek, \u00e9s megb\u00edzhat\u00f3 teljes\u00edtm\u00e9nyt ny\u00fajt k\u00fcl\u00f6nf\u00e9le alkalmaz\u00e1sokban.<\/p>\n<p>4. <strong>Kett\u0151s m\u0171k\u00f6d\u00e9s\u0171 k\u00e9pess\u00e9g:<\/strong> Az \u00e1ll\u00edthat\u00f3 kengyeles hengerek tov\u00e1bbi el\u0151nye a kett\u0151s m\u0171k\u00f6d\u00e9s\u00fck. Ez azt jelenti, hogy a henger mindk\u00e9t ir\u00e1nyban k\u00e9pes er\u0151t kifejteni, ami sokoldal\u00fabb m\u0171k\u00f6d\u00e9st tesz lehet\u0151v\u00e9. A kett\u0151s m\u0171k\u00f6d\u00e9s\u0171 hengereket \u00e1ltal\u00e1ban olyan alkalmaz\u00e1sokban haszn\u00e1lj\u00e1k, ahol mind tol\u00f3-, mind h\u00faz\u00f3er\u0151re sz\u00fcks\u00e9g van, p\u00e9ld\u00e1ul hidraulikus pr\u00e9sekben, anyagbefog\u00f3 rendszerekben \u00e9s emel\u0151berendez\u00e9sekben.<\/p>\n<p>5. <strong>Alkalmaz\u00e1s h\u00f3eke rendszerekben:<\/strong> Az \u00e1ll\u00edthat\u00f3 kengyeles hengerek sz\u00e9les k\u00f6rben haszn\u00e1latosak a h\u00f3eke rendszerekben egyedi tulajdons\u00e1gaiknak k\u00f6sz\u00f6nhet\u0151en. A kengyeles r\u00f6gz\u00edt\u00e9s \u00e1ll\u00edthat\u00f3s\u00e1ga lehet\u0151v\u00e9 teszi az eke penge pontos sz\u00f6gbe\u00e1ll\u00edt\u00e1s\u00e1t \u00e9s pozicion\u00e1l\u00e1s\u00e1t, biztos\u00edtva a hat\u00e9kony h\u00f3eltakar\u00edt\u00e1st. A kett\u0151s m\u0171k\u00f6d\u00e9s lehet\u0151v\u00e9 teszi a penge el\u0151re \u00e9s h\u00e1tra is t\u00f6rt\u00e9n\u0151 mozg\u00e1s\u00e1t, \u00edgy megk\u00f6nny\u00edtve a h\u00f3 eltakar\u00edt\u00e1s\u00e1t k\u00fcl\u00f6nb\u00f6z\u0151 k\u00f6r\u00fclm\u00e9nyek k\u00f6z\u00f6tt. Ezeknek a hengereknek a megb\u00edzhat\u00f3s\u00e1ga \u00e9s tart\u00f3ss\u00e1ga ide\u00e1liss\u00e1 teszi \u0151ket a neh\u00e9z h\u00f3eltakar\u00edt\u00e1si feladatokhoz.<\/p>\n<p>\u00d6sszefoglalva, az \u00e1ll\u00edthat\u00f3 kengyeles hengerek sz\u00e1mos el\u0151nnyel rendelkeznek a rugalmass\u00e1g, a szab\u00e1lyozhat\u00f3s\u00e1g, a tart\u00f3ss\u00e1g \u00e9s a sokoldal\u00fas\u00e1g tekintet\u00e9ben. Professzion\u00e1lis kidolgoz\u00e1suknak \u00e9s kett\u0151s m\u0171k\u00f6d\u00e9s\u00fcknek k\u00f6sz\u00f6nhet\u0151en ezek a hengerek sz\u00e9les k\u00f6rben alkalmazhat\u00f3k, bele\u00e9rtve a h\u00f3eke rendszereket is. A kiv\u00e1l\u00f3 min\u0151s\u00e9g\u0171 anyagok haszn\u00e1lata \u00e9s a prec\u00edz m\u00e9rn\u00f6ki munka biztos\u00edtja, hogy ezek a hengerek megb\u00edzhat\u00f3 teljes\u00edtm\u00e9nyt ny\u00fajtsanak \u00e9s ellen\u00e1lljanak a neh\u00e9z k\u00f6rnyezeti felt\u00e9teleknek. Legyen sz\u00f3 mez\u0151gazdas\u00e1gi, \u00e9p\u00edt\u0151ipari vagy ipari g\u00e9pekr\u0151l, az \u00e1ll\u00edthat\u00f3 kengyeles hengerek \u00e9rt\u00e9kes alkatr\u00e9szek, amelyek n\u00f6velik a hat\u00e9konys\u00e1got \u00e9s a termel\u00e9kenys\u00e9get.<\/p>\n<h3>Az FMP hidraulikus hengerr\u0151l<\/h3>\n<p><img decoding=\"async\" src=\"https:\/\/fmp-components.com\/wp-content\/uploads\/2024\/12\/Adjustable-Clevis-Type-Cylinders-6.webp\" alt=\"\u00c1ll\u00edthat\u00f3 kengyeles henger\" width=\"802\" title=\"\"><\/p>\n<p>Az FMP-n\u00e9l kiv\u00e1l\u00f3 min\u0151s\u00e9g\u0171 hidraulikus hengerek gy\u00e1rt\u00e1s\u00e1ra \u00e9s \u00e9rt\u00e9kes\u00edt\u00e9s\u00e9re specializ\u00e1l\u00f3dtunk. Kiterjedt ipar\u00e1gi tapasztalatunkkal \u00e9s professzion\u00e1lis csapatunkkal elk\u00f6telezettek vagyunk az ir\u00e1nt, hogy \u00fcgyfeleinknek megb\u00edzhat\u00f3 \u00e9s hat\u00e9kony megold\u00e1sokat ny\u00fajtsunk \u00e9p\u00edt\u0151ipari g\u00e9peik ig\u00e9nyeire. \u00cdme term\u00e9keink \u00e9s v\u00e1llalatunk \u00f6t f\u0151 el\u0151nye:<\/p>\n<p>1. Sz\u00e9les hidraulikus hengerv\u00e1laszt\u00e9k: Sz\u00e9les hidraulikus hengerv\u00e1laszt\u00e9kot k\u00edn\u00e1lunk, hogy megfeleljenek a k\u00fcl\u00f6nf\u00e9le \u00e9p\u00edt\u0151ipari g\u00e9pek ig\u00e9nyeinek. A standard hengerekt\u0151l az egyedi megold\u00e1sokig, rendelkez\u00fcnk a szak\u00e9rtelemmel, hogy kiel\u00e9g\u00edts\u00fck az \u00d6n egyedi ig\u00e9nyeit.<\/p>\n<p>2. Kiv\u00e1l\u00f3 min\u0151s\u00e9g: Hidraulikus hengereinket kiv\u00e1l\u00f3 min\u0151s\u00e9g\u0171 anyagokb\u00f3l \u00e9s fejlett technol\u00f3gi\u00e1val gy\u00e1rtjuk, biztos\u00edtva a kiv\u00e9teles tart\u00f3ss\u00e1got \u00e9s teljes\u00edtm\u00e9nyt. Minden henger szigor\u00fa min\u0151s\u00e9gellen\u0151rz\u00e9sen esik \u00e1t, hogy megfeleljen a legmagasabb ipar\u00e1gi szabv\u00e1nyoknak.<\/p>\n<p>3. Szak\u00e9rt\u0151 \u00e9rt\u00e9kes\u00edt\u00e9si csapat: Tapasztalt \u00e9rt\u00e9kes\u00edt\u00e9si csapatunk j\u00e1rtas az \u00e9p\u00edt\u0151ipari g\u00e9pipar leg\u00fajabb trendjeiben \u00e9s \u00fcgyf\u00e9lig\u00e9nyeiben. Professzion\u00e1lis term\u00e9ktan\u00e1csad\u00e1st \u00e9s \u00e9rt\u00e9kes v\u00e1s\u00e1rl\u00e1si javaslatokat ny\u00fajtanak, hogy seg\u00edtsenek \u00d6nnek megalapozott d\u00f6nt\u00e9seket hozni.<\/p>\n<p>4. Hat\u00e9kony logisztikai eloszt\u00e1s: Meg\u00e9rtj\u00fck az id\u0151ben t\u00f6rt\u00e9n\u0151 sz\u00e1ll\u00edt\u00e1s fontoss\u00e1g\u00e1t. Hat\u00e9kony logisztikai eloszt\u00e1si rendszer\u00fcnk biztos\u00edtja, hogy a sz\u00fcks\u00e9ges hidraulikus hengereket gyorsan \u00e9s pontosan megkapja, minimaliz\u00e1lva az \u00e1ll\u00e1sid\u0151t \u00e9s maximaliz\u00e1lva a termel\u00e9kenys\u00e9get.<\/p>\n<p>5. Er\u0151s besz\u00e1ll\u00edt\u00f3i partners\u00e9gek: Hossz\u00fa t\u00e1v\u00fa \u00e9s stabil kapcsolatokat \u00e9p\u00edtett\u00fcnk ki kiv\u00e1l\u00f3 min\u0151s\u00e9g\u0171 besz\u00e1ll\u00edt\u00f3kkal vil\u00e1gszerte. Ez lehet\u0151v\u00e9 teszi sz\u00e1munkra, hogy olyan \u00e9p\u00edt\u0151ipari g\u00e9palkatr\u00e9szeket szerezz\u00fcnk be \u00e9s sz\u00e1ll\u00edtsunk, amelyek megfelelnek a szigor\u00fa min\u0151s\u00e9gi el\u0151\u00edr\u00e1soknak, biztos\u00edtva hidraulikus hengereink megb\u00edzhat\u00f3s\u00e1g\u00e1t \u00e9s hossz\u00fa \u00e9lettartam\u00e1t.<\/p>\n<p>V\u00e1lassza az FMP hidraulikus hengert kiv\u00e9teles min\u0151s\u00e9g, megb\u00edzhat\u00f3 teljes\u00edtm\u00e9ny \u00e9s kiv\u00e1l\u00f3 \u00fcgyf\u00e9lszolg\u00e1lat \u00e9rdek\u00e9ben. Legyen vel\u00fcnk partner m\u00e9g ma, \u00e9s tapasztalja meg a k\u00fcl\u00f6nbs\u00e9get \u00e9p\u00edt\u0151ipari g\u00e9peinek \u00fczemeltet\u00e9s\u00e9ben.<\/p>\n<h2>Gyakran ism\u00e9telt k\u00e9rd\u00e9sek<\/h2>\n<h3>K: Kereskedelmi v\u00e1llalat vagy gy\u00e1rt\u00f3?<\/h3>\n<p>V: Gy\u00e1r vagyunk, amely hidraulikus hengerek \u00e9s egy\u00e9b mez\u0151gazdas\u00e1gi g\u00e9pek alkatr\u00e9szeinek gy\u00e1rt\u00e1s\u00e1ra szakosodott.<\/p>\n<h3>K: Mennyi a sz\u00e1ll\u00edt\u00e1si id\u0151?<\/h3>\n<p>V: \u00c1ltal\u00e1ban a sz\u00e1ll\u00edt\u00e1si id\u0151nk 25-35 nap k\u00f6z\u00f6tt van.<\/p>\n<h3>K: Biztos\u00edtanak mint\u00e1kat? Ha igen, ingyenesek, vagy van-e fel\u00e1r?<\/h3>\n<p>V: Igen, biztos\u00edtunk mint\u00e1kat. Azonban ezek nem ingyenesek.<\/p>\n<p><img decoding=\"async\" title=\"H\u00f3eke hidraulikus henger\" src=\"https:\/\/hzpt.com\/wp-content\/uploads\/2023\/11\/Snow-Plow-Hydraulic-Cylinder-2.webp\" alt=\"H\u00f3eke hidraulikus henger\" \/><\/p>\n<p>Szerz\u0151: CX<\/p>","protected":false},"excerpt":{"rendered":"<p>Professional Craftsmanship 3 Ton Hydraulic Cylinder Double Acting Snow Plow Hydraulic Cylinder Introducing the Professional Craftsmanship 3 Ton Hydraulic Cylinder Double Acting Snow Plow Hydraulic Cylinder: The Professional Craftsmanship 3 Ton Hydraulic Cylinder Double Acting Snow Plow Hydraulic Cylinder is a high-quality hydraulic cylinder designed specifically for snow plow applications. With its excellent craftsmanship and [&hellip;]<\/p>","protected":false},"featured_media":1449,"comment_status":"closed","ping_status":"closed","template":"","meta":{"_et_pb_use_builder":"","_et_pb_old_content":"","_et_gb_content_width":""},"product_brand":[],"product_cat":[42],"product_tag":[34,44],"class_list":{"0":"post-1448","1":"product","2":"type-product","3":"status-publish","4":"has-post-thumbnail","6":"product_cat-snow-plow-hydraulic-cylinder","7":"product_tag-hydraulic-cylinder","8":"product_tag-snow-plow-hydraulic-cylinder","10":"first","11":"instock","12":"product-type-simple"},"_links":{"self":[{"href":"https:\/\/fmp-components.com\/hu\/wp-json\/wp\/v2\/product\/1448","targetHints":{"allow":["GET"]}}],"collection":[{"href":"https:\/\/fmp-components.com\/hu\/wp-json\/wp\/v2\/product"}],"about":[{"href":"https:\/\/fmp-components.com\/hu\/wp-json\/wp\/v2\/types\/product"}],"replies":[{"embeddable":true,"href":"https:\/\/fmp-components.com\/hu\/wp-json\/wp\/v2\/comments?post=1448"}],"wp:featuredmedia":[{"embeddable":true,"href":"https:\/\/fmp-components.com\/hu\/wp-json\/wp\/v2\/media\/1449"}],"wp:attachment":[{"href":"https:\/\/fmp-components.com\/hu\/wp-json\/wp\/v2\/media?parent=1448"}],"wp:term":[{"taxonomy":"product_brand","embeddable":true,"href":"https:\/\/fmp-components.com\/hu\/wp-json\/wp\/v2\/product_brand?post=1448"},{"taxonomy":"product_cat","embeddable":true,"href":"https:\/\/fmp-components.com\/hu\/wp-json\/wp\/v2\/product_cat?post=1448"},{"taxonomy":"product_tag","embeddable":true,"href":"https:\/\/fmp-components.com\/hu\/wp-json\/wp\/v2\/product_tag?post=1448"}],"curies":[{"name":"munkaf\u00fczet","href":"https:\/\/api.w.org\/{rel}","templated":true}]}}