{"id":1446,"date":"2024-12-23T05:49:26","date_gmt":"2024-12-23T05:49:26","guid":{"rendered":"https:\/\/fmp-components.com\/product\/china-factory-supply-agricultural-machinery-hydraulic-cylinders-snow-plow-hydraulic-cylinder-double-acting\/"},"modified":"2024-12-23T08:48:27","modified_gmt":"2024-12-23T08:48:27","slug":"italy-factory-supply-agricultural-machinery-hydraulic-cylinders-snow-plow-hydraulic-cylinder-double-acting","status":"publish","type":"product","link":"https:\/\/fmp-components.com\/hu\/product\/italy-factory-supply-agricultural-machinery-hydraulic-cylinders-snow-plow-hydraulic-cylinder-double-acting\/","title":{"rendered":"Olaszorsz\u00e1g gy\u00e1ri mez\u0151gazdas\u00e1gi g\u00e9pell\u00e1t\u00e1s hidraulikus hengerek h\u00f3eke hidraulikus henger kett\u0151s m\u0171k\u00f6d\u00e9s\u0171"},"content":{"rendered":"<h2>Olaszorsz\u00e1g gy\u00e1ri mez\u0151gazdas\u00e1gi g\u00e9pell\u00e1t\u00e1s hidraulikus hengerek h\u00f3eke hidraulikus henger kett\u0151s m\u0171k\u00f6d\u00e9s\u0171<\/h2>\n<p>Olaszorsz\u00e1gban gy\u00e1rilag beszerzett mez\u0151gazdas\u00e1gi g\u00e9pek hidraulikus hengerei A h\u00f3ek\u00e9k kett\u0151s m\u0171k\u00f6d\u00e9s\u0171 hidraulikus hengere egy kiv\u00e1l\u00f3 min\u0151s\u00e9g\u0171 \u00e9s hat\u00e9kony hidraulikus henger, amelyet mez\u0151gazdas\u00e1gi g\u00e9pekhez terveztek. Kifejezetten h\u00f3ek\u00e9khez tervezt\u00e9k, \u00e9s kett\u0151s m\u0171k\u00f6d\u00e9s\u0171 mechanizmussal rendelkezik a fokozott funkcionalit\u00e1s \u00e9rdek\u00e9ben.<\/p>\n<p>Ez a hidraulikus henger Olaszorsz\u00e1gban k\u00e9sz\u00fcl, a tart\u00f3ss\u00e1gra \u00e9s a teljes\u00edtm\u00e9nyre \u00f6sszpontos\u00edtva. Kiv\u00e1l\u00f3 min\u0151s\u00e9g\u0171 anyagokb\u00f3l k\u00e9sz\u00fclt, hogy hossz\u00fa \u00e9lettartamot biztos\u00edtson m\u00e9g neh\u00e9z k\u00f6r\u00fclm\u00e9nyek k\u00f6z\u00f6tt is. A hengert \u00fagy tervezt\u00e9k, hogy ellen\u00e1lljon a nagy terhel\u00e9seknek, \u00e9s sima \u00e9s megb\u00edzhat\u00f3 m\u0171k\u00f6d\u00e9st biztos\u00edtson.<\/p>\n<p>A kett\u0151s m\u0171k\u00f6d\u00e9s\u0171 mechanizmus lehet\u0151v\u00e9 teszi a hidraulikus henger kiny\u00fal\u00e1s\u00e1t \u00e9s visszah\u00faz\u00e1s\u00e1t, rugalmass\u00e1got \u00e9s szab\u00e1lyozhat\u00f3s\u00e1got biztos\u00edtva a h\u00f3eltakar\u00edt\u00e1s sor\u00e1n. Ez a funkci\u00f3 hat\u00e9kony h\u00f3eltakar\u00edt\u00e1st biztos\u00edt az\u00e1ltal, hogy lehet\u0151v\u00e9 teszi az eke sz\u00e1m\u00e1ra a h\u00f3 tol\u00e1s\u00e1t \u00e9s emel\u00e9s\u00e9t is, \u00edgy ide\u00e1lis v\u00e1laszt\u00e1s utak, kocsifelhajt\u00f3k \u00e9s egy\u00e9b fel\u00fcletek tiszt\u00edt\u00e1s\u00e1ra.<\/p>\n<p><img decoding=\"async\" title=\"H\u00f3eke hidraulikus henger\" src=\"https:\/\/hzpt.com\/wp-content\/uploads\/2023\/11\/Snow-Plow-Hydraulic-Cylinder-2.webp\" alt=\"H\u00f3eke hidraulikus henger\" \/><\/p>\n<p>Az olasz gy\u00e1r mez\u0151gazdas\u00e1gi g\u00e9pekhez sz\u00e1ll\u00edt hidraulikus hengereket, a h\u00f3eke kett\u0151s m\u0171k\u00f6d\u00e9s\u0171 hidraulikus henger\u00e9t, amely k\u00f6nnyen telep\u00edthet\u0151 \u00e9s kompatibilis a k\u00fcl\u00f6nf\u00e9le mez\u0151gazdas\u00e1gi g\u00e9pmodellekkel. \u00dagy tervezt\u00e9k, hogy z\u00f6kken\u0151mentesen illeszkedjen a megl\u00e9v\u0151 hidraulikus rendszerekbe, minimaliz\u00e1lva az \u00e1ll\u00e1sid\u0151t \u00e9s maximaliz\u00e1lva a termel\u00e9kenys\u00e9get.<\/p>\n<p>Robusztus fel\u00e9p\u00edt\u00e9s\u00e9nek, megb\u00edzhat\u00f3 teljes\u00edtm\u00e9ny\u00e9nek \u00e9s sokoldal\u00fas\u00e1g\u00e1nak k\u00f6sz\u00f6nhet\u0151en ez a hidraulikus henger n\u00e9lk\u00fcl\u00f6zhetetlen alkatr\u00e9sze minden h\u00f3ek\u00e9vel felszerelt mez\u0151gazdas\u00e1gi g\u00e9pnek. B\u00edzzon az Italy Factory Supply-ban, hogy kiv\u00e1l\u00f3 min\u0151s\u00e9g\u0171 term\u00e9ket sz\u00e1ll\u00edt, amely megfelel a hat\u00e9kony h\u00f3eltakar\u00edt\u00e1s ir\u00e1nti ig\u00e9nyeinek.<\/p>\n<h2>Az \u00e1ll\u00edthat\u00f3 kengyeles hengerek el\u0151nyei<\/h2>\n<p>Az \u00e1ll\u00edthat\u00f3 kengyeles hengerek olyan hidraulikus munkahengerek, amelyek kengyeles r\u00f6gz\u00edt\u00e9ssel \u00e9s \u00e1ll\u00edthat\u00f3 bilinccsel rendelkeznek. Ezeket \u00e1ltal\u00e1ban mez\u0151gazdas\u00e1gi g\u00e9pekben, h\u00f3ek\u00e9kben \u00e9s m\u00e1s neh\u00e9zg\u00e9pekben haszn\u00e1lj\u00e1k. Ebben a cikkben az \u00e1ll\u00edthat\u00f3 kengyeles hengerek haszn\u00e1lat\u00e1nak el\u0151nyeit t\u00e1rgyaljuk.<\/p>\n<h3>1. Sokoldal\u00fas\u00e1g<\/h3>\n<p>Az \u00e1ll\u00edthat\u00f3 kengyeles hengerek egyik f\u0151 el\u0151nye a sokoldal\u00fas\u00e1guk. K\u00fcl\u00f6nb\u00f6z\u0151 alkalmaz\u00e1sokban haszn\u00e1lhat\u00f3k, bele\u00e9rtve a mez\u0151gazdas\u00e1gi g\u00e9peket \u00e9s a h\u00f3ek\u00e9ket. \u00c1ll\u00edthat\u00f3 bilincs\u00fck lehet\u0151v\u00e9 teszi a k\u00f6nny\u0171 telep\u00edt\u00e9st \u00e9s be\u00e1ll\u00edt\u00e1st, \u00edgy n\u00e9pszer\u0171 v\u00e1laszt\u00e1s a gy\u00e1rt\u00f3k k\u00f6r\u00e9ben.<\/p>\n<p>P\u00e9ld\u00e1ul az olasz gy\u00e1ri mez\u0151gazdas\u00e1gi g\u00e9pek hidraulikus hengereit, a h\u00f3ek\u00e9k kett\u0151s m\u0171k\u00f6d\u00e9s\u0171 hidraulikus hengereit gyakran haszn\u00e1lj\u00e1k a h\u00f3ek\u00e9kben a penge sz\u00f6g\u00e9nek be\u00e1ll\u00edt\u00e1s\u00e1hoz. Az \u00e1ll\u00edthat\u00f3 kengyeles henger seg\u00edts\u00e9g\u00e9vel a kezel\u0151 k\u00f6nnyen be\u00e1ll\u00edthatja a penge sz\u00f6g\u00e9t a h\u00f3viszonyoknak megfelel\u0151en.<\/p>\n<h3>2. Tart\u00f3ss\u00e1g<\/h3>\n<p>Az \u00e1ll\u00edthat\u00f3 kengyeles hengereket \u00fagy tervezt\u00e9k, hogy ellen\u00e1lljanak a nagy terhel\u00e9seknek \u00e9s a zord k\u00f6rnyezetnek. Kiv\u00e1l\u00f3 min\u0151s\u00e9g\u0171, korr\u00f3zi\u00f3- \u00e9s kop\u00e1s\u00e1ll\u00f3 anyagokb\u00f3l k\u00e9sz\u00fclnek. Ez ide\u00e1liss\u00e1 teszi \u0151ket mez\u0151gazdas\u00e1gi g\u00e9pekben \u00e9s egy\u00e9b nagy teherb\u00edr\u00e1s\u00fa berendez\u00e9sekben val\u00f3 haszn\u00e1latra.<\/p>\n<p>Tov\u00e1bb\u00e1 az olasz gy\u00e1rilag sz\u00e1ll\u00edtott mez\u0151gazdas\u00e1gi g\u00e9pek hidraulikus hengereihez, a h\u00f3ek\u00e9khez \u00e9s a kett\u0151s m\u0171k\u00f6d\u00e9s\u0171 hidraulikus hengerekhez nagy szil\u00e1rds\u00e1g\u00fa anyagokat haszn\u00e1lnak a hengerek tart\u00f3ss\u00e1g\u00e1nak \u00e9s hossz\u00fa \u00e9lettartam\u00e1nak biztos\u00edt\u00e1sa \u00e9rdek\u00e9ben. \u00dagy tervezt\u00e9k \u0151ket, hogy ellen\u00e1lljanak a sz\u00e9ls\u0151s\u00e9ges h\u0151m\u00e9rs\u00e9kleteknek, a magas nyom\u00e1snak \u00e9s a nagy terhel\u00e9seknek, \u00edgy megb\u00edzhat\u00f3 v\u00e1laszt\u00e1st jelentenek a zord k\u00f6rnyezetben val\u00f3 haszn\u00e1latra.<\/p>\n<h3>3. Pontoss\u00e1g<\/h3>\n<p>Az \u00e1ll\u00edthat\u00f3 kengyeles hengerek precizit\u00e1sukr\u00f3l ismertek. Pontos \u00e9s k\u00f6vetkezetes mozg\u00e1st biztos\u00edtanak, ami sz\u00e1mos alkalmaz\u00e1sban elengedhetetlen. \u00c1ll\u00edthat\u00f3 kengyel\u00fck lehet\u0151v\u00e9 teszi a prec\u00edz be\u00e1ll\u00edt\u00e1st, biztos\u00edtva a henger sim\u00e1n \u00e9s hat\u00e9kony m\u0171k\u00f6d\u00e9s\u00e9t.<\/p>\n<p>P\u00e9ld\u00e1ul mez\u0151gazdas\u00e1gi g\u00e9pekben \u00e1ll\u00edthat\u00f3 kengyeles hengereket haszn\u00e1lnak az eke mozg\u00e1s\u00e1nak vez\u00e9rl\u00e9s\u00e9re. Egy prec\u00edzi\u00f3s henger haszn\u00e1lat\u00e1val a kezel\u0151 biztos\u00edthatja, hogy az eke a megfelel\u0151 ir\u00e1nyba \u00e9s a megfelel\u0151 sebess\u00e9ggel mozogjon.<\/p>\n<h3>4. K\u00f6nny\u0171 karbantart\u00e1s<\/h3>\n<p>Az \u00e1ll\u00edthat\u00f3 kengyeles hengerek tov\u00e1bbi el\u0151nye a k\u00f6nny\u0171 karbantart\u00e1suk. \u00dagy tervezt\u00e9k \u0151ket, hogy k\u00f6nnyen sz\u00e9tszerelhet\u0151k \u00e9s jav\u00edthat\u00f3k legyenek, ami fontos a nagy teherb\u00edr\u00e1s\u00fa berendez\u00e9sekn\u00e9l. Ez k\u00f6lts\u00e9ghat\u00e9kony v\u00e1laszt\u00e1ss\u00e1 teszi \u0151ket a gy\u00e1rt\u00f3k \u00e9s az \u00fczemeltet\u0151k sz\u00e1m\u00e1ra.<\/p>\n<p>Ezenk\u00edv\u00fcl az Olaszorsz\u00e1gban gy\u00e1rilag beszerzett mez\u0151gazdas\u00e1gi g\u00e9pek hidraulikus hengerei, a h\u00f3eke kett\u0151s m\u0171k\u00f6d\u00e9s\u0171 hidraulikus hengerei k\u00f6nnyen karbantarthat\u00f3k. Cser\u00e9lhet\u0151 t\u00f6m\u00edt\u00e9sekkel \u00e9s egy\u00e9b alkatr\u00e9szekkel rendelkeznek, amelyek sz\u00fcks\u00e9g eset\u00e9n k\u00f6nnyen cser\u00e9lhet\u0151k.<\/p>\n<p>Az \u00e1ll\u00edthat\u00f3 kengyeles hengerek sokoldal\u00fa, tart\u00f3s, prec\u00edz \u00e9s k\u00f6nnyen karbantarthat\u00f3 hidraulikus hengerek. Az \u00e1ll\u00edthat\u00f3 bilincs haszn\u00e1lata lehet\u0151v\u00e9 teszi a k\u00f6nny\u0171 telep\u00edt\u00e9st \u00e9s be\u00e1ll\u00edt\u00e1st, \u00edgy n\u00e9pszer\u0171 v\u00e1laszt\u00e1snak sz\u00e1m\u00edtanak sz\u00e1mos alkalmaz\u00e1sban, bele\u00e9rtve a mez\u0151gazdas\u00e1gi g\u00e9peket \u00e9s a h\u00f3ek\u00e9ket is. Az Olaszorsz\u00e1gban gy\u00e1rtott mez\u0151gazdas\u00e1gi g\u00e9pek hidraulikus hengereinek h\u00f3eke kett\u0151s m\u0171k\u00f6d\u00e9s\u0171 hidraulikus henger\u00e9nek haszn\u00e1lat\u00e1val a kezel\u0151k biztos\u00edthatj\u00e1k, hogy berendez\u00e9seik z\u00f6kken\u0151mentesen \u00e9s hat\u00e9konyan m\u0171k\u00f6djenek, m\u00e9g a legmostoh\u00e1bb k\u00f6r\u00fclm\u00e9nyek k\u00f6z\u00f6tt is.<\/p>\n<h3>Az FMP hidraulikus hengerr\u0151l<\/h3>\n<p>Az FMP egy vezet\u0151 v\u00e1llalat, amely kiv\u00e1l\u00f3 min\u0151s\u00e9g\u0171 \u00e9p\u00edt\u0151ipari g\u00e9palkatr\u00e9szek \u00e9s komplett g\u00e9pek \u00e9rt\u00e9kes\u00edt\u00e9s\u00e9re \u00e9s szervizel\u00e9s\u00e9re specializ\u00e1l\u00f3dott. Hidraulikus henger\u00fcnk az egyik legkelend\u0151bb term\u00e9k\u00fcnk, \u00e9s b\u00fcszk\u00e9n mutatjuk be \u00fcgyfeleinknek a tulajdons\u00e1gait \u00e9s el\u0151nyeit:<\/p>\n<ol>\n<li><strong>Robusztus \u00e9s tart\u00f3s:<\/strong> Hidraulikus henger\u00fcnk kiv\u00e1l\u00f3 min\u0151s\u00e9g\u0171 anyagokb\u00f3l k\u00e9sz\u00fcl, amelyek biztos\u00edtj\u00e1k a tart\u00f3ss\u00e1g\u00e1t \u00e9s hossz\u00fa \u00e9lettartam\u00e1t. \u00dagy tervezt\u00e9k, hogy ellen\u00e1lljon a zord k\u00f6rnyezetnek \u00e9s a nagy ig\u00e9nybev\u00e9tel\u0171 m\u0171veleteknek, \u00edgy ide\u00e1lis v\u00e1laszt\u00e1s \u00e9p\u00edt\u0151ipari g\u00e9pekhez.<\/li>\n<li><strong>Testreszabhat\u00f3:<\/strong> Sz\u00e9les v\u00e1laszt\u00e9kban k\u00edn\u00e1lunk hidraulikus hengereket, bele\u00e9rtve az \u00e1ll\u00edthat\u00f3 kengyeles hengereket, a rudas hengereket \u00e9s a hegesztett hengereket. Szak\u00e9rt\u0151i csapatunk az \u00d6n egyedi ig\u00e9nyei \u00e9s specifik\u00e1ci\u00f3i alapj\u00e1n testre is szabja a hengereket.<\/li>\n<li><strong>Sima \u00e9s hat\u00e9kony:<\/strong> Hidraulikus henger\u00fcnk kiv\u00e1l\u00f3 min\u0151s\u00e9g\u0171 dugatty\u00fa- \u00e9s r\u00fadt\u00f6m\u00edt\u00e9ssel rendelkezik, amely biztos\u00edtja a sima \u00e9s hat\u00e9kony m\u0171k\u00f6d\u00e9st. Kompakt kialak\u00edt\u00e1s\u00e1nak k\u00f6sz\u00f6nhet\u0151en helyet takar\u00edt meg a be\u00e9p\u00edt\u00e9s sor\u00e1n, \u00e9s cs\u00f6kkenti az energiafogyaszt\u00e1st.<\/li>\n<li><strong>K\u00f6lts\u00e9ghat\u00e9kony:<\/strong> Hidraulikus henger\u00fcnk versenyk\u00e9pes \u00e1ron, magas min\u0151s\u00e9gi sz\u00ednvonal mellett kaphat\u00f3. Alacsony karbantart\u00e1si ig\u00e9nye \u00e9s hossz\u00fa \u00e9lettartama cs\u00f6kkenti \u00fcgyfeleink \u00fczemeltet\u00e9si k\u00f6lts\u00e9geit is.<\/li>\n<li><strong>Kiv\u00e1l\u00f3 \u00fcgyf\u00e9lszolg\u00e1lat:<\/strong> Az FMP-n\u00e9l tapasztalt \u00e9s profi \u00e9rt\u00e9kes\u00edt\u00e9si k\u00e9pvisel\u0151kb\u0151l \u00e1ll\u00f3 csapatunk szak\u00e9rt\u0151 term\u00e9ktan\u00e1csad\u00e1st \u00e9s intelligens v\u00e1s\u00e1rl\u00e1si javaslatokat ny\u00fajt. Hat\u00e9kony logisztikai eloszt\u00e1si rendszerrel is rendelkez\u00fcnk, amely biztos\u00edtja term\u00e9keink id\u0151ben \u00e9s pontos kisz\u00e1ll\u00edt\u00e1s\u00e1t \u00fcgyfeleink sz\u00e1m\u00e1ra.<\/li>\n<\/ol>\n<p>Mivel v\u00e1llalatunk m\u00e1r \u00e9vek \u00f3ta jelen van az ipar\u00e1gban, elk\u00f6telezettek vagyunk amellett, hogy \u00fcgyfeleinknek a legjobb term\u00e9keket \u00e9s szolg\u00e1ltat\u00e1sokat ny\u00fajtsuk. Az FMP hidraulikus hengerrel biztos lehet benne, hogy megb\u00edzhat\u00f3 \u00e9s nagy teljes\u00edtm\u00e9ny\u0171 hidraulikus rendszerrel rendelkezik \u00e9p\u00edt\u0151ipari g\u00e9pei ig\u00e9nyeihez.<\/p>\n<p><img decoding=\"async\" src=\"https:\/\/fmp-components.com\/wp-content\/uploads\/2024\/12\/Adjustable-Clevis-Type-Cylinders-6.webp\" alt=\"\u00c1ll\u00edthat\u00f3 kengyeles henger\" width=\"801\" title=\"\">Szerz\u0151: CX<\/p>","protected":false},"excerpt":{"rendered":"<p>Italy Factory Supply Agricultural Machinery Hydraulic Cylinders Snow Plow Hydraulic Cylinder Double Acting Italy Factory Supply Agricultural Machinery Hydraulic Cylinders Snow Plow Hydraulic Cylinder Double Acting is a high-quality and efficient hydraulic cylinder designed for agricultural machinery. It is specifically designed for snow plows and features a double-acting mechanism for enhanced functionality. This hydraulic cylinder [&hellip;]<\/p>","protected":false},"featured_media":1447,"comment_status":"closed","ping_status":"closed","template":"","meta":{"_et_pb_use_builder":"","_et_pb_old_content":"","_et_gb_content_width":""},"product_brand":[],"product_cat":[42],"product_tag":[34,44],"class_list":{"0":"post-1446","1":"product","2":"type-product","3":"status-publish","4":"has-post-thumbnail","6":"product_cat-snow-plow-hydraulic-cylinder","7":"product_tag-hydraulic-cylinder","8":"product_tag-snow-plow-hydraulic-cylinder","10":"first","11":"instock","12":"product-type-simple"},"_links":{"self":[{"href":"https:\/\/fmp-components.com\/hu\/wp-json\/wp\/v2\/product\/1446","targetHints":{"allow":["GET"]}}],"collection":[{"href":"https:\/\/fmp-components.com\/hu\/wp-json\/wp\/v2\/product"}],"about":[{"href":"https:\/\/fmp-components.com\/hu\/wp-json\/wp\/v2\/types\/product"}],"replies":[{"embeddable":true,"href":"https:\/\/fmp-components.com\/hu\/wp-json\/wp\/v2\/comments?post=1446"}],"wp:featuredmedia":[{"embeddable":true,"href":"https:\/\/fmp-components.com\/hu\/wp-json\/wp\/v2\/media\/1447"}],"wp:attachment":[{"href":"https:\/\/fmp-components.com\/hu\/wp-json\/wp\/v2\/media?parent=1446"}],"wp:term":[{"taxonomy":"product_brand","embeddable":true,"href":"https:\/\/fmp-components.com\/hu\/wp-json\/wp\/v2\/product_brand?post=1446"},{"taxonomy":"product_cat","embeddable":true,"href":"https:\/\/fmp-components.com\/hu\/wp-json\/wp\/v2\/product_cat?post=1446"},{"taxonomy":"product_tag","embeddable":true,"href":"https:\/\/fmp-components.com\/hu\/wp-json\/wp\/v2\/product_tag?post=1446"}],"curies":[{"name":"munkaf\u00fczet","href":"https:\/\/api.w.org\/{rel}","templated":true}]}}