{"id":1444,"date":"2024-12-23T05:49:26","date_gmt":"2024-12-23T05:49:26","guid":{"rendered":"https:\/\/fmp-components.com\/product\/high-quality-2-ton-double-acting-hydraulic-cylinder-agricultural-machinery-hydraulic-cylinder-for-snow-plow\/"},"modified":"2024-12-23T06:36:03","modified_gmt":"2024-12-23T06:36:03","slug":"high-quality-2-ton-double-acting-hydraulic-cylinder-agricultural-machinery-hydraulic-cylinder-for-snow-plow","status":"publish","type":"product","link":"https:\/\/fmp-components.com\/hu\/product\/high-quality-2-ton-double-acting-hydraulic-cylinder-agricultural-machinery-hydraulic-cylinder-for-snow-plow\/","title":{"rendered":"Kiv\u00e1l\u00f3 min\u0151s\u00e9g\u0171 2 tonn\u00e1s kett\u0151s m\u0171k\u00f6d\u00e9s\u0171 hidraulikus henger mez\u0151gazdas\u00e1gi g\u00e9pekhez, h\u00f3ek\u00e9hez"},"content":{"rendered":"<p>Kiv\u00e1l\u00f3 min\u0151s\u00e9g\u0171 2 tonn\u00e1s, kett\u0151s m\u0171k\u00f6d\u00e9s\u0171 hidraulikus henger mez\u0151gazdas\u00e1gi g\u00e9pekhez, hidraulikus henger h\u00f3ek\u00e9hez A kiv\u00e1l\u00f3 min\u0151s\u00e9g\u0171, 2 tonn\u00e1s, kett\u0151s m\u0171k\u00f6d\u00e9s\u0171 hidraulikus henger mez\u0151gazdas\u00e1gi g\u00e9pekhez, h\u00f3ek\u00e9hez, egy els\u0151rang\u00fa term\u00e9k, amelyet kiv\u00e9teles teljes\u00edtm\u00e9ny \u00e9s tart\u00f3ss\u00e1g biztos\u00edt\u00e1s\u00e1ra terveztek. Fejlett hidraulikus rendszer\u00e9nek k\u00f6sz\u00f6nhet\u0151en ez a henger hat\u00e9kony \u00e9s megb\u00edzhat\u00f3 m\u0171k\u00f6d\u00e9st biztos\u00edt, \u00edgy t\u00f6k\u00e9letes mez\u0151gazdas\u00e1gi g\u00e9pekhez \u00e9s h\u00f3ek\u00e9khez.<\/p>\n<p>Ez a hidraulikus munkahenger 2 tonn\u00e1s teherb\u00edr\u00e1s\u00e1nak k\u00f6sz\u00f6nhet\u0151en neh\u00e9z terhek kezel\u00e9s\u00e9re is alkalmas. Kett\u0151s m\u0171k\u00f6d\u00e9s\u0171 kialak\u00edt\u00e1sa prec\u00edz vez\u00e9rl\u00e9st \u00e9s sima m\u0171k\u00f6d\u00e9st tesz lehet\u0151v\u00e9 mind a kitol\u00e1si, mind a visszah\u00faz\u00e1si mozg\u00e1sokban. Ak\u00e1r h\u00f3eltakar\u00edt\u00e1st, ak\u00e1r m\u00e1s mez\u0151gazdas\u00e1gi feladatokat v\u00e9gez, ez a munkahenger biztos\u00edtja a sz\u00fcks\u00e9ges teljes\u00edtm\u00e9nyt \u00e9s hat\u00e9konys\u00e1got.<\/p>\n<p>Kiv\u00e1l\u00f3 min\u0151s\u00e9g\u0171 anyagokb\u00f3l k\u00e9sz\u00fclt, ez a hidraulikus henger a neh\u00e9z munkak\u00f6r\u00fclm\u00e9nyeknek is ellen\u00e1ll. Rendk\u00edv\u00fcl ellen\u00e1ll a korr\u00f3zi\u00f3nak \u00e9s a kop\u00e1snak, \u00edgy hossz\u00fa \u00e9lettartamot \u00e9s minim\u00e1lis karbantart\u00e1si ig\u00e9nyt biztos\u00edt. Robusztus konstrukci\u00f3ja megb\u00edzhat\u00f3 teljes\u00edtm\u00e9nyt garant\u00e1l m\u00e9g a legmostoh\u00e1bb k\u00f6rnyezetben is.<\/p>\n<p>Kiv\u00e9teles funkcionalit\u00e1sa mellett ezt a hidraulikus hengert a biztons\u00e1g szem el\u0151tt tart\u00e1s\u00e1val tervezt\u00e9k. Megb\u00edzhat\u00f3 t\u00f6m\u00edt\u00e9sekkel \u00e9s hat\u00e9kony nyom\u00e1scs\u00f6kkent\u0151 szelepekkel rendelkezik, amelyek megakad\u00e1lyozz\u00e1k az esetleges sziv\u00e1rg\u00e1sokat vagy baleseteket. Ez biztos\u00edtja a kezel\u0151 biztons\u00e1g\u00e1t \u00e9s megv\u00e9di a g\u00e9pet a s\u00e9r\u00fcl\u00e9sekt\u0151l.<\/p>\n<p>Kiv\u00e1l\u00f3 teljes\u00edtm\u00e9ny\u00e9nek, tart\u00f3ss\u00e1g\u00e1nak \u00e9s biztons\u00e1gi jellemz\u0151inek k\u00f6sz\u00f6nhet\u0151en a kiv\u00e1l\u00f3 min\u0151s\u00e9g\u0171, 2 tonn\u00e1s, kett\u0151s m\u0171k\u00f6d\u00e9s\u0171 hidraulikus hengeres mez\u0151gazdas\u00e1gi g\u00e9pek hidraulikus hengere h\u00f3ek\u00e9hez ide\u00e1lis v\u00e1laszt\u00e1s a mez\u0151gazdas\u00e1gi \u00e9s h\u00f3eltakar\u00edt\u00e1si ipar\u00e1gban dolgoz\u00f3 szakemberek sz\u00e1m\u00e1ra. Fektessen be ebbe a term\u00e9kbe m\u00e9g ma, \u00e9s tapasztalja meg a fokozott termel\u00e9kenys\u00e9get \u00e9s hat\u00e9konys\u00e1got m\u0171k\u00f6d\u00e9se sor\u00e1n. Bemutatjuk a kiv\u00e1l\u00f3 min\u0151s\u00e9g\u0171, 2 tonn\u00e1s, kett\u0151s m\u0171k\u00f6d\u00e9s\u0171 hidraulikus hengert, amely a t\u00f6k\u00e9letes megold\u00e1s mez\u0151gazdas\u00e1gi g\u00e9pei ig\u00e9nyeire. Ez a hidraulikus henger kifejezetten h\u00f3eke alkalmaz\u00e1sokhoz k\u00e9sz\u00fclt, kiv\u00e1l\u00f3 megb\u00edzhat\u00f3s\u00e1got, hat\u00e9konys\u00e1got, teljes\u00edtm\u00e9nyt, biztons\u00e1got, kompatibilit\u00e1st \u00e9s hossz\u00fa t\u00e1v\u00fa befektet\u00e9si \u00e9rt\u00e9ket k\u00edn\u00e1l.<\/p>\n<h2>Term\u00e9kjellemz\u0151k<\/h2>\n<h3>Kiv\u00e1l\u00f3 min\u0151s\u00e9g \u00e9s megb\u00edzhat\u00f3s\u00e1g<\/h3>\n<p>Hidraulikus henger\u00fcnk kiv\u00e1l\u00f3 min\u0151s\u00e9ggel \u00e9s megb\u00edzhat\u00f3s\u00e1ggal b\u00fcszk\u00e9lkedhet, optim\u00e1lis teljes\u00edtm\u00e9nyt biztos\u00edtva m\u00e9g neh\u00e9z munkak\u00f6r\u00fclm\u00e9nyek k\u00f6z\u00f6tt is. Tart\u00f3s ac\u00e9lb\u00f3l k\u00e9sz\u00fclt, amelyet \u00fagy terveztek, hogy ellen\u00e1lljon a nagy terhel\u00e9seknek \u00e9s a nagy ig\u00e9nybev\u00e9telt jelent\u0151 munkaterhel\u00e9seknek.<\/p>\n<h3>Hat\u00e9konys\u00e1g \u00e9s teljes\u00edtm\u00e9ny<\/h3>\n<p>Ez a hidraulikus henger nagy hat\u00e1sfokot \u00e9s teljes\u00edtm\u00e9nyt k\u00edn\u00e1l, maxim\u00e1lis tol\u00f3er\u0151t \u00e9s h\u00faz\u00f3er\u0151t biztos\u00edtva a hat\u00e9kony m\u0171k\u00f6d\u00e9shez. Ez egy szabv\u00e1nyos dugatty\u00fas henger, amely hidraulikus energi\u00e1t haszn\u00e1l a sima \u00e9s hat\u00e9kony m\u0171k\u00f6d\u00e9s \u00e9rdek\u00e9ben.<\/p>\n<h3>Biztons\u00e1g \u00e9s stabilit\u00e1s<\/h3>\n<p>A biztons\u00e1g \u00e9s a stabilit\u00e1s a legfontosabb szempont a tervez\u00e9s\u00fcnkben. Erre a hidraulikus hengerre egy \u00e9v garanci\u00e1t v\u00e1llalunk a f\u0151 alkatr\u00e9szekre, bele\u00e9rtve a csap\u00e1gyat \u00e9s mag\u00e1t a hidraulikus hengert is. Az \u00faj \u00e1llapot biztos\u00edtja, hogy a henger hib\u00e1tlan \u00e9s azonnal haszn\u00e1latra k\u00e9sz.<\/p>\n<h3>Kompatibilit\u00e1s<\/h3>\n<p><img decoding=\"async\" title=\"H\u00f3eke hidraulikus henger\" src=\"https:\/\/hzpt.com\/wp-content\/uploads\/2023\/11\/Snow-Plow-Hydraulic-Cylinder-1.webp\" alt=\"H\u00f3eke hidraulikus henger\" \/><\/p>\n<h2>Az \u00e1ll\u00edthat\u00f3 kengyeles hengerek el\u0151nyei<\/h2>\n<ul>\n<li style=\"list-style-type: none;\">\n<ul>\n<li><strong>Rugalmass\u00e1g:<\/strong> Az \u00e1ll\u00edthat\u00f3 kengyeles hengerek nagyfok\u00fa rugalmass\u00e1got k\u00edn\u00e1lnak a r\u00f6gz\u00edt\u00e9si lehet\u0151s\u00e9gek tekintet\u00e9ben. Gyakran haszn\u00e1lj\u00e1k \u0151ket mez\u0151gazdas\u00e1gi g\u00e9pekben, p\u00e9ld\u00e1ul h\u00f3ek\u00e9kben, mivel k\u00f6nnyen be\u00e1ll\u00edthat\u00f3k a k\u00fcl\u00f6nb\u00f6z\u0151 t\u00edpus\u00fa berendez\u00e9sekhez.<\/li>\n<\/ul>\n<\/li>\n<\/ul>\n<p>A h\u00f3ek\u00e9hez val\u00f3, kiv\u00e1l\u00f3 min\u0151s\u00e9g\u0171, 2 tonn\u00e1s, kett\u0151s m\u0171k\u00f6d\u00e9s\u0171 hidraulikus hengeres mez\u0151gazdas\u00e1gi g\u00e9pek hidraulikus hengere t\u00f6k\u00e9letes p\u00e9lda az \u00e1ll\u00edthat\u00f3, has\u00e1b alak\u00fa hengerekre, amely alkalmazkod\u00f3k\u00e9pes \u00e9s az adott ig\u00e9nyekhez testreszabhat\u00f3.<\/p>\n<ul>\n<li style=\"list-style-type: none;\">\n<ul>\n<li><strong>Tart\u00f3ss\u00e1g:<\/strong> Ezek a munkahengerek tart\u00f3sak. Kiv\u00e1l\u00f3 min\u0151s\u00e9g\u0171 anyagokb\u00f3l k\u00e9sz\u00fclnek, amelyek m\u00e9g a legmostoh\u00e1bb k\u00f6r\u00fclm\u00e9nyeket is ellen\u00e1llnak. Ez k\u00fcl\u00f6n\u00f6sen fontos a mez\u0151gazdas\u00e1gi \u00e1gazatban, ahol a berendez\u00e9sek gyakran zord k\u00f6rnyezeti hat\u00e1soknak \u00e9s szigor\u00fa haszn\u00e1latnak vannak kit\u00e9ve.<\/li>\n<\/ul>\n<\/li>\n<\/ul>\n<p>A kiv\u00e1l\u00f3 min\u0151s\u00e9g\u0171, 2 tonn\u00e1s, kett\u0151s m\u0171k\u00f6d\u00e9s\u0171 hidraulikus hengeres mez\u0151gazdas\u00e1gi g\u00e9pek hidraulikus hengere h\u00f3ek\u00e9hez prec\u00edzi\u00f3s megmunk\u00e1l\u00e1ssal \u00e9s fejlett technol\u00f3gi\u00e1val k\u00e9sz\u00fclt, hogy biztos\u00edtsa tart\u00f3ss\u00e1g\u00e1t \u00e9s hossz\u00fa \u00e9lettartam\u00e1t.<\/p>\n<ul>\n<li style=\"list-style-type: none;\">\n<ul>\n<li><strong>Hat\u00e9konys\u00e1g:<\/strong> Az \u00e1ll\u00edthat\u00f3 kengyeles hengerek rendk\u00edv\u00fcl hat\u00e9konyak. Gyorsan \u00e9s pontosan k\u00e9pesek nagy er\u0151t leadni, ami elengedhetetlen a mez\u0151gazdas\u00e1gi g\u00e9pekn\u00e9l, ahol a pontoss\u00e1g \u00e9s a sebess\u00e9g kritikus fontoss\u00e1g\u00fa.<\/li>\n<\/ul>\n<\/li>\n<\/ul>\n<p>A kiv\u00e1l\u00f3 min\u0151s\u00e9g\u0171, 2 tonn\u00e1s, kett\u0151s m\u0171k\u00f6d\u00e9s\u0171 hidraulikus hengeres mez\u0151gazdas\u00e1gi g\u00e9pek hidraulikus henger\u00e9t h\u00f3ek\u00e9hez nagy hat\u00e9konys\u00e1g\u00fa m\u0171k\u00f6d\u00e9sre tervezt\u00e9k, biztos\u00edtva, hogy a legnehezebb feladatokat is k\u00f6nnyed\u00e9n kezelje.<\/p>\n<ul>\n<li style=\"list-style-type: none;\">\n<ul>\n<li><strong>Testreszab\u00e1s:<\/strong> Az \u00e1ll\u00edthat\u00f3 kengyeles hengerek egyik legnagyobb el\u0151nye a testreszabhat\u00f3s\u00e1guk. \u00dagy tervezhet\u0151k \u00e9s gy\u00e1rthat\u00f3k, hogy megfeleljenek az adott ig\u00e9nyeknek, \u00edgy ide\u00e1lisak sz\u00e1mos ipar\u00e1gban val\u00f3 haszn\u00e1latra.<\/li>\n<\/ul>\n<\/li>\n<\/ul>\n<p>A h\u00f3ek\u00e9hez val\u00f3, kiv\u00e1l\u00f3 min\u0151s\u00e9g\u0171, 2 tonn\u00e1s, kett\u0151s m\u0171k\u00f6d\u00e9s\u0171 hidraulikus hengeres mez\u0151gazdas\u00e1gi g\u00e9pek hidraulikus hengere testreszabhat\u00f3, hogy k\u00fcl\u00f6nb\u00f6z\u0151 t\u00edpus\u00fa h\u00f3ek\u00e9khez \u00e9s mez\u0151gazdas\u00e1gi g\u00e9pekhez illeszkedjen, biztos\u00edtva, hogy megfeleljen minden \u00fcgyf\u00e9l egyedi ig\u00e9nyeinek.<\/p>\n<ul>\n<li style=\"list-style-type: none;\">\n<ul>\n<li><strong>K\u00f6lts\u00e9ghat\u00e9kony:<\/strong> Az \u00e1ll\u00edthat\u00f3 kengyeles hengerek k\u00f6lts\u00e9ghat\u00e9kony megold\u00e1st jelentenek sz\u00e1mos ipari alkalmaz\u00e1shoz, bele\u00e9rtve a mez\u0151gazdas\u00e1gi g\u00e9peket is. Magas fok\u00fa teljes\u00edtm\u00e9nyt \u00e9s tart\u00f3ss\u00e1got k\u00edn\u00e1lnak, \u00edgy megb\u00edzhat\u00f3 \u00e9s hossz\u00fa t\u00e1v\u00fa befektet\u00e9st jelentenek a v\u00e1llalkoz\u00e1sok sz\u00e1m\u00e1ra.<\/li>\n<\/ul>\n<\/li>\n<\/ul>\n<p>A kiv\u00e1l\u00f3 min\u0151s\u00e9g\u0171, 2 tonn\u00e1s, kett\u0151s m\u0171k\u00f6d\u00e9s\u0171 hidraulikus hengeres mez\u0151gazdas\u00e1gi g\u00e9pek hidraulikus hengere h\u00f3ek\u00e9hez egy k\u00f6lts\u00e9ghat\u00e9kony megold\u00e1s, amely kiv\u00e9teles teljes\u00edtm\u00e9nyt, tart\u00f3ss\u00e1got \u00e9s hat\u00e9konys\u00e1got k\u00edn\u00e1l.<\/p>\n<h3>Az FMP-r\u0151l<\/h3>\n<p>Az FMP egy olyan v\u00e1llalat, amely \u00e9p\u00edt\u0151ipari g\u00e9palkatr\u00e9szek \u00e9s komplett g\u00e9pek \u00e9rt\u00e9kes\u00edt\u00e9s\u00e9re \u00e9s szervizel\u00e9s\u00e9re specializ\u00e1l\u00f3dott. Sok \u00e9ves ipar\u00e1gi tapasztalattal \u00e9s professzion\u00e1lis csapattal kiv\u00e1l\u00f3 min\u0151s\u00e9g\u0171 \u00e9s megb\u00edzhat\u00f3 \u00e9p\u00edt\u0151ipari g\u00e9palkatr\u00e9szeket \u00e9s komplett g\u00e9pmegold\u00e1sokat k\u00edn\u00e1lunk \u00fcgyfeleinknek. Term\u00e9kk\u00edn\u00e1latunk sz\u00e9les, \u00e9s k\u00fcl\u00f6nf\u00e9le t\u00edpus\u00fa \u00e9p\u00edt\u0151ipari g\u00e9peket foglal mag\u00e1ban, mint p\u00e9ld\u00e1ul mez\u0151gazdas\u00e1gi g\u00e9pek sebess\u00e9gv\u00e1lt\u00f3i, hidraulikus hengerek, bolyg\u00f3kerekes sebess\u00e9gv\u00e1lt\u00f3k, ipari sebess\u00e9gv\u00e1lt\u00f3k, mez\u0151gazdas\u00e1gi g\u00e9palkatr\u00e9szek, valamint sz\u00e1mos, ezekhez ill\u0151, cs\u00facskateg\u00f3ri\u00e1s tartoz\u00e9k.<\/p>\n<h3>Hidraulikus hengerek<\/h3>\n<p>Hidraulikus hengereink az FMP egyik z\u00e1szl\u00f3shaj\u00f3 term\u00e9kei. \u00cdme 5 ok, ami\u00e9rt hidraulikus hengereink kiemelkednek a versenyt\u00e1rsak k\u00f6z\u00fcl:<\/p>\n<ol>\n<li><strong>Kiv\u00e1l\u00f3 min\u0151s\u00e9g\u0171 anyagok:<\/strong> Hidraulikus hengereink kiv\u00e1l\u00f3 min\u0151s\u00e9g\u0171 anyagokb\u00f3l k\u00e9sz\u00fclnek a tart\u00f3ss\u00e1g \u00e9s a hossz\u00fa \u00e9lettartam biztos\u00edt\u00e1sa \u00e9rdek\u00e9ben. Kiz\u00e1r\u00f3lag megb\u00edzhat\u00f3 besz\u00e1ll\u00edt\u00f3kt\u00f3l szerezz\u00fck be az anyagokat, akik megfelelnek szigor\u00fa min\u0151s\u00e9gi el\u0151\u00edr\u00e1sainknak.<\/li>\n<li><strong>Testreszabhat\u00f3:<\/strong> Testreszabhat\u00f3 hidraulikus hengereket k\u00edn\u00e1lunk, hogy megfelelj\u00fcnk \u00fcgyfeleink speci\u00e1lis ig\u00e9nyeinek. \u00c1ll\u00edthat\u00f3 kengyeles henger\u00fcnk p\u00e9ld\u00e1ul sz\u00e1mos alkalmaz\u00e1shoz igaz\u00edthat\u00f3.<\/li>\n<li><strong>Szak\u00e9rtelem:<\/strong> Az FMP-n\u00e9l tapasztalt \u00e9s k\u00e9pzett \u00e9rt\u00e9kes\u00edt\u00e9si csapattal rendelkez\u00fcnk, akik ismerik az \u00e9p\u00edt\u0151ipari g\u00e9pipar fejl\u0151d\u00e9si trendjeit \u00e9s \u00fcgyf\u00e9lig\u00e9nyeit. Professzion\u00e1lis term\u00e9ktan\u00e1csad\u00e1st \u00e9s intelligens v\u00e1s\u00e1rl\u00e1si javaslatokat tudnak ny\u00fajtani.<\/li>\n<li><strong>Hat\u00e9kony logisztika:<\/strong> Hat\u00e9kony logisztikai eloszt\u00e1si rendszerrel rendelkez\u00fcnk annak \u00e9rdek\u00e9ben, hogy \u00fcgyfeleink id\u0151ben \u00e9s pontosan megkapj\u00e1k a sz\u00fcks\u00e9ges alkatr\u00e9szeket. Meg\u00e9rtj\u00fck, hogy az id\u0151 p\u00e9nz, \u00e9s arra t\u00f6reksz\u00fcnk, hogy minimaliz\u00e1ljuk \u00fcgyfeleink \u00e1ll\u00e1sidej\u00e9t.<\/li>\n<li><strong>Megb\u00edzhat\u00f3s\u00e1g:<\/strong> Hidraulikus hengereinket megb\u00edzhat\u00f3 \u00e9s tart\u00f3s haszn\u00e1latra tervezt\u00fck. B\u00fcszk\u00e9k vagyunk arra, hogy olyan term\u00e9keket k\u00edn\u00e1lunk \u00fcgyfeleinknek, amelyekre sz\u00e1m\u00edthatnak.<\/li>\n<\/ol>\n<p>V\u00e1lassza az FMP-t \u00e9p\u00edt\u0151ipari g\u00e9peihez, \u00e9s tapasztalja meg a min\u0151s\u00e9g \u00e9s a szolg\u00e1ltat\u00e1s ter\u00e9n el\u00e9rt k\u00fcl\u00f6nbs\u00e9get. L\u00e9pjen kapcsolatba vel\u00fcnk m\u00e9g ma, hogy t\u00f6bbet megtudjon term\u00e9keinkr\u0151l \u00e9s szolg\u00e1ltat\u00e1sainkr\u00f3l.<\/p>\n<p><img decoding=\"async\" src=\"https:\/\/fmp-components.com\/wp-content\/uploads\/2024\/12\/Adjustable-Clevis-Type-Cylinders-6.webp\" alt=\"\u00c1ll\u00edthat\u00f3 kengyeles henger\" width=\"800\" title=\"\"><\/p>\n<h2>Gyakran ism\u00e9telt k\u00e9rd\u00e9sek<\/h2>\n<h3>K: Mennyi a sz\u00e1ll\u00edt\u00e1si id\u0151?<\/h3>\n<p>V: \u00c1ltal\u00e1ban a sz\u00e1ll\u00edt\u00e1si id\u0151 25-35 nap.<\/p>\n<h3>K: Mint\u00e1kat is biztos\u00edtanak?<\/h3>\n<p>V: Igen, biztos\u00edtunk mint\u00e1kat, de ezek nem ingyenesek.<\/p>\n<h3>K: Tudsz-e a mint\u00e1k szerint gy\u00e1rtani?<\/h3>\n<p>V: Igen, a mint\u00e1k vagy m\u0171szaki rajzok alapj\u00e1n tudunk term\u00e9keket gy\u00e1rtani. El tudjuk k\u00e9sz\u00edteni a form\u00e1kat \u00e9s a szerelv\u00e9nyeket.<\/p>\n<p><img decoding=\"async\" src=\"https:\/\/hzpt.com\/wp-content\/uploads\/2023\/11\/Snow-Plow-Hydraulic-Cylinder-4Factory.webp\" alt=\"H\u00f3eke hidraulikus hengergy\u00e1r\" title=\"\"><\/p>\n<p>Szerz\u0151: CX<\/p>","protected":false},"excerpt":{"rendered":"<p>High Quality 2 Ton Double Acting Hydraulic Cylinder Agricultural Machinery Hydraulic Cylinder for Snow PlowThe High Quality 2 Ton Double Acting Hydraulic Cylinder Agricultural Machinery Hydraulic Cylinder for Snow Plow is a top-notch product that is designed to provide exceptional performance and durability. With its advanced hydraulic system, this cylinder ensures efficient and reliable operation, [&hellip;]<\/p>","protected":false},"featured_media":1445,"comment_status":"closed","ping_status":"closed","template":"","meta":{"_et_pb_use_builder":"","_et_pb_old_content":"","_et_gb_content_width":""},"product_brand":[],"product_cat":[42],"product_tag":[34,44],"class_list":{"0":"post-1444","1":"product","2":"type-product","3":"status-publish","4":"has-post-thumbnail","6":"product_cat-snow-plow-hydraulic-cylinder","7":"product_tag-hydraulic-cylinder","8":"product_tag-snow-plow-hydraulic-cylinder","10":"first","11":"instock","12":"product-type-simple"},"_links":{"self":[{"href":"https:\/\/fmp-components.com\/hu\/wp-json\/wp\/v2\/product\/1444","targetHints":{"allow":["GET"]}}],"collection":[{"href":"https:\/\/fmp-components.com\/hu\/wp-json\/wp\/v2\/product"}],"about":[{"href":"https:\/\/fmp-components.com\/hu\/wp-json\/wp\/v2\/types\/product"}],"replies":[{"embeddable":true,"href":"https:\/\/fmp-components.com\/hu\/wp-json\/wp\/v2\/comments?post=1444"}],"wp:featuredmedia":[{"embeddable":true,"href":"https:\/\/fmp-components.com\/hu\/wp-json\/wp\/v2\/media\/1445"}],"wp:attachment":[{"href":"https:\/\/fmp-components.com\/hu\/wp-json\/wp\/v2\/media?parent=1444"}],"wp:term":[{"taxonomy":"product_brand","embeddable":true,"href":"https:\/\/fmp-components.com\/hu\/wp-json\/wp\/v2\/product_brand?post=1444"},{"taxonomy":"product_cat","embeddable":true,"href":"https:\/\/fmp-components.com\/hu\/wp-json\/wp\/v2\/product_cat?post=1444"},{"taxonomy":"product_tag","embeddable":true,"href":"https:\/\/fmp-components.com\/hu\/wp-json\/wp\/v2\/product_tag?post=1444"}],"curies":[{"name":"munkaf\u00fczet","href":"https:\/\/api.w.org\/{rel}","templated":true}]}}