{"id":1385,"date":"2024-12-23T02:19:41","date_gmt":"2024-12-23T02:19:41","guid":{"rendered":"https:\/\/fmp-components.com\/product\/china-factory-supply-welded-double-acting-hydraulic-cylinders-for-agriculture\/"},"modified":"2024-12-23T08:52:55","modified_gmt":"2024-12-23T08:52:55","slug":"italy-factory-supply-welded-double-acting-hydraulic-cylinders-for-agriculture","status":"publish","type":"product","link":"https:\/\/fmp-components.com\/hu\/product\/italy-factory-supply-welded-double-acting-hydraulic-cylinders-for-agriculture\/","title":{"rendered":"Olaszorsz\u00e1g gy\u00e1rilag hegesztett kett\u0151s m\u0171k\u00f6d\u00e9s\u0171 hidraulikus hengerek mez\u0151gazdas\u00e1ghoz"},"content":{"rendered":"<p>Az Olaszorsz\u00e1gban gy\u00e1rilag beszerzett hegesztett, kett\u0151s m\u0171k\u00f6d\u00e9s\u0171 mez\u0151gazdas\u00e1gi hidraulikus hengerek kiv\u00e1l\u00f3 min\u0151s\u00e9g\u0171 hidraulikus hengerek, amelyeket kifejezetten mez\u0151gazdas\u00e1gi g\u00e9pekhez terveztek. Ezeket a hengereket Olaszorsz\u00e1gban gy\u00e1rtj\u00e1k, \u00e9s tart\u00f3ss\u00e1gukr\u00f3l, megb\u00edzhat\u00f3s\u00e1gukr\u00f3l \u00e9s kiv\u00e1l\u00f3 teljes\u00edtm\u00e9ny\u00fckr\u0151l ismertek k\u00fcl\u00f6nf\u00e9le mez\u0151gazdas\u00e1gi alkalmaz\u00e1sokban.<\/p>\n<p>Ezek a hidraulikus munkahengerek kifejezetten kett\u0151s m\u0171k\u00f6d\u00e9s\u0171ek, ami azt jelenti, hogy hidraulikus nyom\u00e1ssal kiny\u00falhatnak \u00e9s visszah\u00faz\u00f3dhatnak. Ez a tulajdons\u00e1g prec\u00edz vez\u00e9rl\u00e9st \u00e9s hat\u00e9kony m\u0171k\u00f6d\u00e9st biztos\u00edt, \u00edgy ide\u00e1lisak olyan mez\u0151gazdas\u00e1gi g\u00e9pekhez, amelyek prec\u00edz \u00e9s sima mozg\u00e1st ig\u00e9nyelnek.<\/p>\n<p>A hengerek kiv\u00e1l\u00f3 min\u0151s\u00e9g\u0171 anyagokb\u00f3l \u00e9s fejlett hegeszt\u00e9si technik\u00e1kkal k\u00e9sz\u00fclnek, ami biztos\u00edtja szil\u00e1rds\u00e1gukat \u00e9s ellen\u00e1ll\u00e1sukat a neh\u00e9z terhel\u00e9sekkel \u00e9s a zord k\u00f6rnyezeti felt\u00e9telekkel szemben. Ez alkalmass\u00e1 teszi \u0151ket ig\u00e9nyes mez\u0151gazdas\u00e1gi alkalmaz\u00e1sokhoz, p\u00e9ld\u00e1ul sz\u00e1nt\u00e1shoz, betakar\u00edt\u00e1shoz, emel\u00e9shez \u00e9s \u00fcr\u00edt\u00e9shez.<\/p>\n<p><img loading=\"lazy\" decoding=\"async\" class=\"alignnone size-full wp-image-1334\" src=\"https:\/\/fmp-components.com\/wp-content\/uploads\/2024\/12\/Adjustable-Clevis-Type-Cylinders-4.webp\" alt=\"\u00c1ll\u00edthat\u00f3 vill\u00e1s hengerek\" width=\"800\" height=\"800\" title=\"\" srcset=\"https:\/\/fmp-components.com\/wp-content\/uploads\/2024\/12\/Adjustable-Clevis-Type-Cylinders-4.webp 800w, https:\/\/fmp-components.com\/wp-content\/uploads\/2024\/12\/Adjustable-Clevis-Type-Cylinders-4-480x480.webp 480w\" sizes=\"(min-width: 0px) and (max-width: 480px) 480px, (min-width: 481px) 800px, 100vw\" \/><\/p>\n<p>Az olasz gy\u00e1rilag hegesztett, kett\u0151s m\u0171k\u00f6d\u00e9s\u0171 mez\u0151gazdas\u00e1gi hidraulikus hengerek k\u00fcl\u00f6nb\u00f6z\u0151 m\u00e9retekben \u00e9s specifik\u00e1ci\u00f3kban kaphat\u00f3k, hogy megfeleljenek a k\u00fcl\u00f6nb\u00f6z\u0151 mez\u0151gazdas\u00e1gi g\u00e9pek speci\u00e1lis ig\u00e9nyeinek. K\u00f6nnyen telep\u00edthet\u0151k \u00e9s integr\u00e1lhat\u00f3k k\u00fcl\u00f6nf\u00e9le mez\u0151gazdas\u00e1gi berendez\u00e9sekbe, megb\u00edzhat\u00f3 \u00e9s hat\u00e9kony hidraulikus teljes\u00edtm\u00e9nyt biztos\u00edtva.<\/p>\n<p>Kiv\u00e1l\u00f3 min\u0151s\u00e9g\u00fckkel \u00e9s teljes\u00edtm\u00e9ny\u00fckkel ezek a hidraulikus munkahengerek hozz\u00e1j\u00e1rulnak a mez\u0151gazdas\u00e1gi m\u0171veletek termel\u00e9kenys\u00e9g\u00e9nek \u00e9s hat\u00e9konys\u00e1g\u00e1nak jav\u00edt\u00e1s\u00e1hoz. \u00dagy tervezt\u00e9k \u0151ket, hogy ellen\u00e1lljanak a mez\u0151gazdas\u00e1gi \u00e1gazat szigor\u00fa k\u00f6vetelm\u00e9nyeinek, biztos\u00edtva a hossz\u00fa t\u00e1v\u00fa teljes\u00edtm\u00e9nyt \u00e9s minimaliz\u00e1lva az \u00e1ll\u00e1sid\u0151t.<\/p>\n<p>\u00d6sszefoglalva, az Olaszorsz\u00e1gban gy\u00e1rilag beszerzett hegesztett, kett\u0151s m\u0171k\u00f6d\u00e9s\u0171 mez\u0151gazdas\u00e1gi hidraulikus hengerek megb\u00edzhat\u00f3 \u00e9s hat\u00e9kony hidraulikus megold\u00e1st jelentenek a mez\u0151gazdas\u00e1gi g\u00e9pek sz\u00e1m\u00e1ra. Tart\u00f3ss\u00e1gukkal, pontoss\u00e1gukkal \u00e9s sokoldal\u00fas\u00e1gukkal ezek a hengerek kulcsszerepet j\u00e1tszanak a mez\u0151gazdas\u00e1gi m\u0171veletek teljes\u00edtm\u00e9ny\u00e9nek \u00e9s termel\u00e9kenys\u00e9g\u00e9nek jav\u00edt\u00e1s\u00e1ban.<\/p>\n<p>\u00dajonnan gy\u00e1rtott, hegesztett, kett\u0151s m\u0171k\u00f6d\u00e9s\u0171, mez\u0151gazdas\u00e1gi haszn\u00e1latra tervezett hidraulikus munkahengerek kaphat\u00f3k. Ezek a munkahengerek 30 kg s\u00faly\u00faak, \u00e9s vide\u00f3s kimen\u0151 ellen\u0151rz\u00e9ssel, valamint g\u00e9pteszt-jelent\u00e9ssel rendelkeznek. ISO9001:2000 szabv\u00e1ny szerint tan\u00fas\u00edtottak. A hidraulikus munkahengerek jellemz\u0151i k\u00f6z\u00e9 tartozik a hidraulikus \u00e1ramforr\u00e1s, az ac\u00e9l test, a maxim\u00e1lis 3000 tol\u00f3er\u0151 \u00e9s az \u00e1ll\u00edthat\u00f3 kengyeles szerkezet. Ezenk\u00edv\u00fcl ezekre a munkahengerekre egy \u00e9v garancia vonatkozik mind a term\u00e9kre, mind a f\u0151 alkatr\u00e9szekre, bele\u00e9rtve a csap\u00e1gyat \u00e9s a hidraulikus hengert.<\/p>\n<h2>Az \u00e1ll\u00edthat\u00f3 kengyeles hengerek el\u0151nyei<\/h2>\n<p>Az \u00e1ll\u00edthat\u00f3 kengyeles hengerek, mint p\u00e9ld\u00e1ul az Olaszorsz\u00e1gban gy\u00e1rtott hegesztett kett\u0151s m\u0171k\u00f6d\u00e9s\u0171 mez\u0151gazdas\u00e1gi hidraulikus hengerek, sz\u00e1mos el\u0151nnyel rendelkeznek m\u00e1s t\u00edpus\u00fa hidraulikus hengerekkel szemben. Ebben a cikkben ezeket az el\u0151ny\u00f6ket r\u00e9szletesen megvizsg\u00e1ljuk.<\/p>\n<h3>1. Fokozott rugalmass\u00e1g \u00e9s testreszabhat\u00f3s\u00e1g<\/h3>\n<p>Az \u00e1ll\u00edthat\u00f3 kengyeles hengerek egyik legfontosabb el\u0151nye a fokozott rugalmass\u00e1g \u00e9s testreszabhat\u00f3s\u00e1g. Ezek a hengerek kengyeles r\u00f6gz\u00edt\u00e9si opci\u00f3val rendelkeznek, amely lehet\u0151v\u00e9 teszi a henger l\u00f6kethossz\u00e1nak egyszer\u0171 be\u00e1ll\u00edt\u00e1s\u00e1t. Ez azt jelenti, hogy a henger k\u00f6nnyen testreszabhat\u00f3 az adott k\u00f6vetelm\u00e9nyeknek \u00e9s alkalmaz\u00e1soknak megfelel\u0151en.<\/p>\n<p>A villa helyzet\u00e9nek be\u00e1ll\u00edt\u00e1s\u00e1val a l\u00f6kethossz n\u00f6velhet\u0151 vagy cs\u00f6kkenthet\u0151, ami nagyobb kontrollt biztos\u00edt a hidraulikus rendszer mozg\u00e1sa felett. Ez a rugalmass\u00e1g lehet\u0151v\u00e9 teszi a henger sz\u00e1m\u00e1ra, hogy alkalmazkodjon a k\u00fcl\u00f6nb\u00f6z\u0151 \u00fczemi k\u00f6r\u00fclm\u00e9nyekhez \u00e9s optimaliz\u00e1lja teljes\u00edtm\u00e9ny\u00e9t.<\/p>\n<p>Ezenk\u00edv\u00fcl az \u00e1ll\u00edthat\u00f3 kengyel funkci\u00f3 egyszer\u0171 telep\u00edt\u00e9st \u00e9s karbantart\u00e1st tesz lehet\u0151v\u00e9. Leegyszer\u0171s\u00edti a henger be\u00e1ll\u00edt\u00e1s\u00e1t \u00e9s m\u00e1s alkatr\u00e9szekhez val\u00f3 csatlakoztat\u00e1s\u00e1t, id\u0151t \u00e9s energi\u00e1t takar\u00edtva meg a be\u00e1ll\u00edt\u00e1s sor\u00e1n.<\/p>\n<h3>2. Fokozott hat\u00e9konys\u00e1g \u00e9s termel\u00e9kenys\u00e9g<\/h3>\n<p>Az \u00e1ll\u00edthat\u00f3 kengyeles hengerek tov\u00e1bbi el\u0151nye, hogy k\u00e9pesek jav\u00edtani a hat\u00e9konys\u00e1got \u00e9s a termel\u00e9kenys\u00e9get k\u00fcl\u00f6nf\u00e9le alkalmaz\u00e1sokban, k\u00fcl\u00f6n\u00f6sen a mez\u0151gazdas\u00e1gban.<\/p>\n<p>Ezek a munkahengerek prec\u00edz vez\u00e9rl\u00e9st \u00e9s sima m\u0171k\u00f6d\u00e9st biztos\u00edtanak, lehet\u0151v\u00e9 t\u00e9ve a mez\u0151gazdas\u00e1gi eszk\u00f6z\u00f6k \u00e9s berendez\u00e9sek pontos pozicion\u00e1l\u00e1s\u00e1t. Ak\u00e1r egy talajm\u0171vel\u0151 eszk\u00f6z magass\u00e1g\u00e1nak be\u00e1ll\u00edt\u00e1s\u00e1r\u00f3l, ak\u00e1r egy betakar\u00edt\u00f3 tartoz\u00e9k sz\u00f6g\u00e9nek szab\u00e1lyoz\u00e1s\u00e1r\u00f3l van sz\u00f3, az \u00e1ll\u00edthat\u00f3 kengyeles munkahenger biztos\u00edtja a sz\u00fcks\u00e9ges er\u0151t \u00e9s pontoss\u00e1got az optim\u00e1lis teljes\u00edtm\u00e9ny \u00e9rdek\u00e9ben.<\/p>\n<p>Tov\u00e1bb\u00e1 az \u00e1ll\u00edthat\u00f3 l\u00f6kethossz lehet\u0151v\u00e9 teszi a kezel\u0151k sz\u00e1m\u00e1ra a henger mozg\u00e1s\u00e1nak finomhangol\u00e1s\u00e1t, ami jobb hat\u00e9konys\u00e1got \u00e9s alacsonyabb energiafogyaszt\u00e1st eredm\u00e9nyez. Ez k\u00f6lts\u00e9gmegtakar\u00edt\u00e1st \u00e9s fokozott termel\u00e9kenys\u00e9get eredm\u00e9nyez a mez\u0151gazdas\u00e1gi m\u0171veletekben.<\/p>\n<h3>3. Fokozott tart\u00f3ss\u00e1g \u00e9s teljes\u00edtm\u00e9ny<\/h3>\n<p>Az \u00e1ll\u00edthat\u00f3 kengyeles hengereket \u00fagy tervezt\u00e9k, hogy ellen\u00e1lljanak a zord \u00fczemi k\u00f6r\u00fclm\u00e9nyeknek \u00e9s hossz\u00fa \u00e9lettartamot biztos\u00edtsanak. Ezek a hengerek kiv\u00e1l\u00f3 min\u0151s\u00e9g\u0171 anyagokb\u00f3l k\u00e9sz\u00fclnek, \u00e9s alapos tesztel\u00e9sen esnek \u00e1t a tart\u00f3ss\u00e1g \u00e9s a megb\u00edzhat\u00f3s\u00e1g biztos\u00edt\u00e1sa \u00e9rdek\u00e9ben.<\/p>\n<p>Az olyan jellemz\u0151knek k\u00f6sz\u00f6nhet\u0151en, mint az edzett kr\u00f3mozott dugatty\u00farudak \u00e9s a nagy szil\u00e1rds\u00e1g\u00fa ac\u00e9lszerkezet, ezek a hengerek kiv\u00e9teles kop\u00e1s-, korr\u00f3zi\u00f3- \u00e9s \u00fct\u00e9s\u00e1ll\u00f3s\u00e1got biztos\u00edtanak. Ez alkalmass\u00e1 teszi \u0151ket a mez\u0151gazdas\u00e1gban t\u00f6rt\u00e9n\u0151 ig\u00e9nyes alkalmaz\u00e1sokhoz, ahol a zord k\u00f6rnyezeti felt\u00e9teleknek \u00e9s a nagy terhel\u00e9seknek val\u00f3 kitetts\u00e9g mindennapos.<\/p>\n<p>Ezenk\u00edv\u00fcl az \u00e1ll\u00edthat\u00f3 kengyeles hengerek fejlett t\u00f6m\u00edt\u00e9stechnol\u00f3gi\u00e1val vannak felszerelve, hogy megakad\u00e1lyozz\u00e1k a sziv\u00e1rg\u00e1st \u00e9s hossz\u00fa t\u00e1von optim\u00e1lis teljes\u00edtm\u00e9nyt tartsanak fenn. Ez biztos\u00edtja a folyamatos m\u0171k\u00f6d\u00e9st \u00e9s minimaliz\u00e1lja a jav\u00edt\u00e1sok \u00e9s karbantart\u00e1s miatti \u00e1ll\u00e1sid\u0151t.<\/p>\n<p>\u00d6sszefoglalva, az \u00e1ll\u00edthat\u00f3 kengyeles hengerek, mint p\u00e9ld\u00e1ul az Olaszorsz\u00e1gban gy\u00e1rilag beszerzett hegesztett kett\u0151s m\u0171k\u00f6d\u00e9s\u0171 mez\u0151gazdas\u00e1gi hidraulikus hengerek, sz\u00e1mos el\u0151nnyel j\u00e1rnak, amelyek n\u00f6velik a rugalmass\u00e1got, jav\u00edtj\u00e1k a hat\u00e9konys\u00e1got \u00e9s biztos\u00edtj\u00e1k a tart\u00f3ss\u00e1got. A l\u00f6kethossz testreszabhat\u00f3s\u00e1ga, a pontos vez\u00e9rl\u00e9s \u00e9s a robusztus konstrukci\u00f3 ide\u00e1liss\u00e1 teszi ezeket a hengereket mez\u0151gazdas\u00e1gi alkalmaz\u00e1sokhoz. Az \u00e1ll\u00edthat\u00f3 kengyeles hengerek hidraulikus rendszerekbe val\u00f3 be\u00e9p\u00edt\u00e9se n\u00f6velheti a termel\u00e9kenys\u00e9get, cs\u00f6kkentheti a k\u00f6lts\u00e9geket \u00e9s jav\u00edthatja az \u00e1ltal\u00e1nos teljes\u00edtm\u00e9nyt.<\/p>\n<p><img decoding=\"async\" src=\"https:\/\/fmp-components.com\/wp-content\/uploads\/2024\/12\/Adjustable-Clevis-Type-Cylinders5.webp\" alt=\"\u00c1ll\u00edthat\u00f3 kengyeles henger\" width=\"800\" title=\"\"><\/p>\n<h2>\u00c1ll\u00edthat\u00f3 kengyeles hengerek alkalmaz\u00e1sa<\/h2>\n<p>Az \u00e1ll\u00edthat\u00f3 kengyeles hengerek sokoldal\u00faak \u00e9s sz\u00e9les k\u00f6rben haszn\u00e1latosak k\u00fcl\u00f6nb\u00f6z\u0151 ipar\u00e1gakban, bele\u00e9rtve a mez\u0151gazdas\u00e1got, az \u00e9p\u00edt\u0151ipart \u00e9s a gy\u00e1rt\u00e1st. Ebben a cikkben az \u00e1ll\u00edthat\u00f3 kengyeles hengerek mez\u0151gazdas\u00e1gi alkalmaz\u00e1s\u00e1ra \u00f6sszpontos\u00edtunk.<\/p>\n<p>1. Munkag\u00e9p vez\u00e9rl\u00e9se<\/p>\n<p>Az \u00e1ll\u00edthat\u00f3 kengyeles hengerek egyik leggyakoribb mez\u0151gazdas\u00e1gi alkalmaz\u00e1sa a munkag\u00e9pek vez\u00e9rl\u00e9se. Ezeket a hengereket k\u00fcl\u00f6nf\u00e9le munkag\u00e9pek, p\u00e9ld\u00e1ul ek\u00e9k, kultiv\u00e1torok \u00e9s vet\u0151g\u00e9pek magass\u00e1g\u00e1nak \u00e9s sz\u00f6g\u00e9nek vez\u00e9rl\u00e9s\u00e9re \u00e9s be\u00e1ll\u00edt\u00e1s\u00e1ra haszn\u00e1lj\u00e1k. Az \u00e1ll\u00edthat\u00f3 kengyeles hengerek haszn\u00e1lat\u00e1val a gazd\u00e1k k\u00f6nnyen be\u00e1ll\u00edthatj\u00e1k a munkag\u00e9pek magass\u00e1g\u00e1t \u00e9s sz\u00f6g\u00e9t a talajba val\u00f3 behatol\u00e1s optimaliz\u00e1l\u00e1sa, a talajt\u00f6m\u00f6r\u00f6d\u00e9s cs\u00f6kkent\u00e9se \u00e9s a term\u00e9shozam jav\u00edt\u00e1sa \u00e9rdek\u00e9ben.<\/p>\n<p>Az olasz gy\u00e1rilag hegesztett, kett\u0151s m\u0171k\u00f6d\u00e9s\u0171, mez\u0151gazdas\u00e1gi hidraulikus hengerek kifejezetten a mez\u0151gazdas\u00e1gi \u00e1gazat sz\u00e1m\u00e1ra k\u00e9sz\u00fcltek. Ezek a hengerek kiv\u00e1l\u00f3 min\u0151s\u00e9g\u0171 anyagokb\u00f3l k\u00e9sz\u00fclnek, \u00e9s \u00fagy vannak kialak\u00edtva, hogy ellen\u00e1lljanak a zord k\u00f6rnyezeti felt\u00e9teleknek, p\u00e9ld\u00e1ul a pornak, t\u00f6rmel\u00e9knek \u00e9s a sz\u00e9ls\u0151s\u00e9ges id\u0151j\u00e1r\u00e1snak.<\/p>\n<p>2. Betakar\u00edt\u00f3 berendez\u00e9sek<\/p>\n<p>Az \u00e1ll\u00edthat\u00f3 kengyeles hengereket k\u00fcl\u00f6nf\u00e9le betakar\u00edt\u00f3 berendez\u00e9sekben, p\u00e9ld\u00e1ul komb\u00e1jnokban \u00e9s sil\u00f3z\u00f3kban is haszn\u00e1lj\u00e1k. Ezeket a hengereket a betakar\u00edt\u00f3fej magass\u00e1g\u00e1nak \u00e9s sz\u00f6g\u00e9nek szab\u00e1lyoz\u00e1s\u00e1ra haszn\u00e1lj\u00e1k, lehet\u0151v\u00e9 t\u00e9ve a gazd\u00e1lkod\u00f3k sz\u00e1m\u00e1ra a betakar\u00edt\u00e1si folyamat optimaliz\u00e1l\u00e1s\u00e1t \u00e9s a term\u00e9shozam jav\u00edt\u00e1s\u00e1t.<\/p>\n<p>Ezenk\u00edv\u00fcl az Olaszorsz\u00e1gban gy\u00e1rilag hegesztett, kett\u0151s m\u0171k\u00f6d\u00e9s\u0171 mez\u0151gazdas\u00e1gi hidraulikus hengerek maxim\u00e1lis teljes\u00edtm\u00e9nyt \u00e9s tart\u00f3ss\u00e1got biztos\u00edtanak, \u00edgy ide\u00e1lisak nagy teherb\u00edr\u00e1s\u00fa betakar\u00edt\u00f3 berendez\u00e9sekben val\u00f3 haszn\u00e1latra.<\/p>\n<p>3. \u00d6nt\u00f6z\u0151rendszerek<\/p>\n<p>Az \u00f6nt\u00f6z\u0151rendszerek elengedhetetlenek a n\u00f6v\u00e9nyek n\u00f6veked\u00e9s\u00e9hez \u00e9s term\u00e9nyhoz\u00e1s\u00e1hoz. Az \u00f6nt\u00f6z\u0151rendszerekben \u00e1ll\u00edthat\u00f3 kengyeles hengereket haszn\u00e1lnak a v\u00edz sz\u00f6g\u00e9nek \u00e9s \u00e1raml\u00e1s\u00e1nak szab\u00e1lyoz\u00e1s\u00e1ra, biztos\u00edtva, hogy a n\u00f6v\u00e9nyek optim\u00e1lis v\u00edzmennyis\u00e9get kapjanak a n\u00f6veked\u00e9shez \u00e9s fejl\u0151d\u00e9shez.<\/p>\n<p>Az olasz gy\u00e1rilag hegesztett, kett\u0151s m\u0171k\u00f6d\u00e9s\u0171, mez\u0151gazdas\u00e1gi hidraulikus hengerek a v\u00edz \u00e1raml\u00e1s\u00e1nak pontos szab\u00e1lyoz\u00e1s\u00e1ra szolg\u00e1lnak, \u00edgy ide\u00e1lisak \u00f6nt\u00f6z\u0151rendszerekben val\u00f3 haszn\u00e1latra.<\/p>\n<p>4. \u00c1llatteny\u00e9szt\u00e9si felszerel\u00e9sek<\/p>\n<p>Az \u00e1ll\u00edthat\u00f3 kengyeles hengereket k\u00fcl\u00f6nf\u00e9le \u00e1llatteny\u00e9szt\u00e9si berendez\u00e9sekben, p\u00e9ld\u00e1ul etet\u0151rendszerekben \u00e9s \u00e1llatmozgat\u00f3 berendez\u00e9sekben is haszn\u00e1lj\u00e1k. Ezeket a hengereket a berendez\u00e9sek magass\u00e1g\u00e1nak \u00e9s sz\u00f6g\u00e9nek be\u00e1ll\u00edt\u00e1s\u00e1ra haszn\u00e1lj\u00e1k, lehet\u0151v\u00e9 t\u00e9ve a gazd\u00e1lkod\u00f3k sz\u00e1m\u00e1ra az etet\u00e9si folyamat optimaliz\u00e1l\u00e1s\u00e1t, valamint az \u00e1llatok eg\u00e9szs\u00e9g\u00e9nek \u00e9s j\u00f3l\u00e9t\u00e9nek jav\u00edt\u00e1s\u00e1t.<\/p>\n<p>Az olasz gy\u00e1rilag hegesztett, kett\u0151s m\u0171k\u00f6d\u00e9s\u0171, mez\u0151gazdas\u00e1gi hidraulikus hengerek maxim\u00e1lis teljes\u00edtm\u00e9nyt \u00e9s prec\u00edzi\u00f3s vez\u00e9rl\u00e9st biztos\u00edtanak, \u00edgy ide\u00e1lisak \u00e1llatteny\u00e9szt\u00e9si berendez\u00e9sekben val\u00f3 haszn\u00e1latra.<\/p>\n<p>\u00d6sszefoglalva, az \u00e1ll\u00edthat\u00f3 kengyeles hengerek n\u00e9lk\u00fcl\u00f6zhetetlen alkatr\u00e9szek a k\u00fcl\u00f6nf\u00e9le mez\u0151gazdas\u00e1gi alkalmaz\u00e1sokban. Az Olaszorsz\u00e1gban gy\u00e1rilag beszerzett hegesztett kett\u0151s m\u0171k\u00f6d\u00e9s\u0171 hidraulikus hengerek mez\u0151gazdas\u00e1gi haszn\u00e1latra maxim\u00e1lis teljes\u00edtm\u00e9nyt, tart\u00f3ss\u00e1got \u00e9s prec\u00edzi\u00f3s vez\u00e9rl\u00e9st biztos\u00edtanak, \u00edgy ide\u00e1lisak a mez\u0151gazdas\u00e1gi iparban val\u00f3 haszn\u00e1latra.<img decoding=\"async\" src=\"https:\/\/fmp-components.com\/wp-content\/uploads\/2024\/12\/Application-of-Adjustable-Clevis-Type-Cylinders.webp\" alt=\"\u00c1ll\u00edthat\u00f3 kengyeles henger\" width=\"800\" title=\"\"><\/p>\n<h3>Az FMP-r\u0151l<\/h3>\n<p>Az FMP egy olyan v\u00e1llalat, amely hidraulikus hengerek gy\u00e1rt\u00e1s\u00e1ra \u00e9s \u00e9rt\u00e9kes\u00edt\u00e9s\u00e9re specializ\u00e1l\u00f3dott. Megb\u00edzhat\u00f3 \u00e9s tapasztalt \u00e9p\u00edt\u0151ipari g\u00e9palkatr\u00e9sz- \u00e9s komplett g\u00e9pmegold\u00e1s-sz\u00e1ll\u00edt\u00f3k\u00e9nt elk\u00f6telezettek vagyunk amellett, hogy kiv\u00e1l\u00f3 min\u0151s\u00e9g\u0171 term\u00e9keket \u00e9s kiv\u00e1l\u00f3 szolg\u00e1ltat\u00e1st ny\u00fajtsunk \u00fcgyfeleinknek.<\/p>\n<p><img decoding=\"async\" src=\"https:\/\/fmp-components.com\/wp-content\/uploads\/2024\/12\/Adjustable-Clevis-Type-Cylinders-6.webp\" alt=\"\u00c1ll\u00edthat\u00f3 kengyeles henger\" width=\"847\" title=\"\"><\/p>\n<h4>1. Sz\u00e9les term\u00e9kv\u00e1laszt\u00e9k<\/h4>\n<p>Az FMP-n\u00e9l hidraulikus hengerek \u00e1tfog\u00f3 v\u00e1laszt\u00e9k\u00e1t k\u00edn\u00e1ljuk, amelyek az \u00e9p\u00edt\u0151ipari g\u00e9pipar k\u00fcl\u00f6nf\u00e9le alkalmaz\u00e1saihoz alkalmasak. Term\u00e9kk\u00edn\u00e1latunkban \u00e1ll\u00edthat\u00f3 kengyeles hengerek, teleszk\u00f3pos hengerek, hegesztett hengerek \u00e9s egyebek tal\u00e1lhat\u00f3k. B\u00e1rmilyen egyedi ig\u00e9ny is legyen, n\u00e1lunk megtal\u00e1lja a megfelel\u0151 hidraulikus hengert.<\/p>\n<h4>2. Kiv\u00e1l\u00f3 min\u0151s\u00e9g<\/h4>\n<p>Meg\u00e9rtj\u00fck a megb\u00edzhat\u00f3 \u00e9s tart\u00f3s \u00e9p\u00edt\u0151ipari g\u00e9palkatr\u00e9szek fontoss\u00e1g\u00e1t. Ez\u00e9rt minden hidraulikus munkahenger\u00fcnket kiv\u00e1l\u00f3 min\u0151s\u00e9g\u0171 anyagokb\u00f3l gy\u00e1rtjuk, \u00e9s szigor\u00fa min\u0151s\u00e9gellen\u0151rz\u00e9si folyamatokon megy kereszt\u00fcl. Ez biztos\u00edtja, hogy term\u00e9keink ellen\u00e1lljanak az \u00e9p\u00edtkez\u00e9sek neh\u00e9z k\u00f6r\u00fclm\u00e9nyeinek, \u00e9s hossz\u00fa t\u00e1v\u00fa teljes\u00edtm\u00e9nyt ny\u00fajtsanak.<\/p>\n<h4>3. Testreszab\u00e1si lehet\u0151s\u00e9gek<\/h4>\n<p>Tudjuk, hogy a k\u00fcl\u00f6nb\u00f6z\u0151 projektek egyedi specifik\u00e1ci\u00f3kat ig\u00e9nyelhetnek a hidraulikus hengerekkel szemben. Ez\u00e9rt k\u00edn\u00e1lunk testreszab\u00e1si lehet\u0151s\u00e9geket, hogy term\u00e9keinket az \u00d6n egyedi ig\u00e9nyeihez igaz\u00edtsuk. Tapasztalt csapatunk szorosan egy\u00fcttm\u0171k\u00f6dik \u00d6nnel, hogy olyan hidraulikus hengereket tervezzen \u00e9s gy\u00e1rtson, amelyek t\u00f6k\u00e9letesen megfelelnek az \u00d6n ig\u00e9nyeinek.<\/p>\n<h4>4. Tapasztalt \u00e9rt\u00e9kes\u00edt\u00e9si csapat<\/h4>\n<p>\u00c9rt\u00e9kes\u00edt\u00e9si csapatunk olyan szakemberekb\u0151l \u00e1ll, akik j\u00e1rtasak az \u00e9p\u00edt\u0151ipari g\u00e9piparban. M\u00e9lyrehat\u00f3an ismerik a leg\u00fajabb trendeket \u00e9s az \u00fcgyfelek ig\u00e9nyeit a piacon. Ha az FMP-t v\u00e1lasztja, szak\u00e9rt\u0151i term\u00e9ktan\u00e1csad\u00e1sra \u00e9s intelligens v\u00e1s\u00e1rl\u00e1si javaslatokra sz\u00e1m\u00edthat, amelyek seg\u00edtenek megalapozott d\u00f6nt\u00e9seket hozni.<\/p>\n<h4>5. Hat\u00e9kony logisztikai disztrib\u00faci\u00f3<\/h4>\n<p>Az \u00e9p\u00edt\u0151ipari g\u00e9piparban az id\u0151ben t\u00f6rt\u00e9n\u0151 sz\u00e1ll\u00edt\u00e1s kulcsfontoss\u00e1g\u00fa, \u00e9s mi a hat\u00e9kony logisztikai eloszt\u00e1st helyezz\u00fck el\u0151t\u00e9rbe. J\u00f3l bev\u00e1lt rendszer\u00fcnkkel biztos\u00edtjuk, hogy a sz\u00fcks\u00e9ges hidraulikus hengerek gyorsan \u00e9s pontosan meg\u00e9rkezzenek \u00d6nh\u00f6z. Ez lehet\u0151v\u00e9 teszi az \u00e1ll\u00e1sid\u0151 minimaliz\u00e1l\u00e1s\u00e1t \u00e9s a projektek z\u00f6kken\u0151mentes lebonyol\u00edt\u00e1s\u00e1t.<\/p>\n<h2>GYIK<\/h2>\n<p><b>K: Milyen t\u00edpus\u00fa hidraulikus hengereket k\u00edn\u00e1lnak?<\/b><br \/>\nV: K\u00edn\u00e1latunkban \u00f6sszek\u00f6t\u0151rudatos, hegesztett, teleszk\u00f3pos, valamint egy- vagy kett\u0151s m\u0171k\u00f6d\u00e9s\u0171 hengerek tal\u00e1lhat\u00f3k.<\/p>\n<p><b>K: K\u00edn\u00e1lnak testreszab\u00e1si lehet\u0151s\u00e9geket?<\/b><br \/>\nV: Igen, testreszabhatjuk hidraulikus hengereinket az \u00d6n ig\u00e9nyei szerint.<\/p>\n<p><b>K: Hogyan \u0151rizhetem meg a hidraulikus hengerem \u00e9lettartam\u00e1t?<\/b><br \/>\nV: A rendszeres ellen\u0151rz\u00e9s, a hidraulikafolyad\u00e9k tiszt\u00e1n tart\u00e1sa \u00e9s az elkopott alkatr\u00e9szek id\u0151ben t\u00f6rt\u00e9n\u0151 cser\u00e9je biztos\u00edthatja a hidraulikus henger hossz\u00fa \u00e9lettartam\u00e1t.<\/p>\n<p><img decoding=\"async\" src=\"https:\/\/img.jiansujichilun.com\/img\/hydrauliccylinders\/C_hydrauliccylinders-4.webp\" alt=\"hidraulikus henger\" width=\"800\" title=\"\"><\/p>\n<p>Szerz\u0151: CX<\/p>","protected":false},"excerpt":{"rendered":"<p>Italy Factory Supply Welded Double Acting Hydraulic Cylinders For Agriculture are high-quality hydraulic cylinders designed specifically for agricultural machinery. These cylinders are manufactured in Italy and are known for their durability, reliability, and excellent performance in various agricultural applications. These hydraulic cylinders are specifically designed for double-acting operation, which means they can extend and retract [&hellip;]<\/p>","protected":false},"featured_media":1340,"comment_status":"closed","ping_status":"closed","template":"","meta":{"_et_pb_use_builder":"","_et_pb_old_content":"","_et_gb_content_width":""},"product_brand":[],"product_cat":[39],"product_tag":[41,34],"class_list":{"0":"post-1385","1":"product","2":"type-product","3":"status-publish","4":"has-post-thumbnail","6":"product_cat-adjustable-clevis-type-cylinders","7":"product_tag-adjustable-clevis-type-cylinders","8":"product_tag-hydraulic-cylinder","10":"first","11":"instock","12":"product-type-simple"},"_links":{"self":[{"href":"https:\/\/fmp-components.com\/hu\/wp-json\/wp\/v2\/product\/1385","targetHints":{"allow":["GET"]}}],"collection":[{"href":"https:\/\/fmp-components.com\/hu\/wp-json\/wp\/v2\/product"}],"about":[{"href":"https:\/\/fmp-components.com\/hu\/wp-json\/wp\/v2\/types\/product"}],"replies":[{"embeddable":true,"href":"https:\/\/fmp-components.com\/hu\/wp-json\/wp\/v2\/comments?post=1385"}],"wp:featuredmedia":[{"embeddable":true,"href":"https:\/\/fmp-components.com\/hu\/wp-json\/wp\/v2\/media\/1340"}],"wp:attachment":[{"href":"https:\/\/fmp-components.com\/hu\/wp-json\/wp\/v2\/media?parent=1385"}],"wp:term":[{"taxonomy":"product_brand","embeddable":true,"href":"https:\/\/fmp-components.com\/hu\/wp-json\/wp\/v2\/product_brand?post=1385"},{"taxonomy":"product_cat","embeddable":true,"href":"https:\/\/fmp-components.com\/hu\/wp-json\/wp\/v2\/product_cat?post=1385"},{"taxonomy":"product_tag","embeddable":true,"href":"https:\/\/fmp-components.com\/hu\/wp-json\/wp\/v2\/product_tag?post=1385"}],"curies":[{"name":"munkaf\u00fczet","href":"https:\/\/api.w.org\/{rel}","templated":true}]}}