{"id":1384,"date":"2024-12-23T02:19:41","date_gmt":"2024-12-23T02:19:41","guid":{"rendered":"https:\/\/fmp-components.com\/product\/high-quality-small-adjustable-welded-hydraulic-cylinder\/"},"modified":"2024-12-23T02:36:07","modified_gmt":"2024-12-23T02:36:07","slug":"high-quality-small-adjustable-welded-hydraulic-cylinder","status":"publish","type":"product","link":"https:\/\/fmp-components.com\/hu\/product\/high-quality-small-adjustable-welded-hydraulic-cylinder\/","title":{"rendered":"Kiv\u00e1l\u00f3 min\u0151s\u00e9g\u0171, kis m\u00e9ret\u0171, \u00e1ll\u00edthat\u00f3 hegesztett hidraulikus henger"},"content":{"rendered":"<p>A kiv\u00e1l\u00f3 min\u0151s\u00e9g\u0171, kism\u00e9ret\u0171, \u00e1ll\u00edthat\u00f3, hegesztett hidraulikus henger k\u00f6telez\u0151 darab mindenkinek, akinek megb\u00edzhat\u00f3 hidraulikus rendszerre van sz\u00fcks\u00e9ge. \u00c1ll\u00edthat\u00f3 kialak\u00edt\u00e1sa lehet\u0151v\u00e9 teszi a k\u00f6nny\u0171 testreszab\u00e1st az \u00d6n ig\u00e9nyeinek megfelel\u0151en, hegesztett szerkezete pedig maxim\u00e1lis tart\u00f3ss\u00e1got \u00e9s hossz\u00fa \u00e9lettartamot biztos\u00edt.<\/p>\n<p>Kompakt m\u00e9ret\u00e9nek k\u00f6sz\u00f6nhet\u0151en ez a hidraulikus henger t\u00f6k\u00e9letes sz\u0171k helyeken val\u00f3 haszn\u00e1latra, ahol a nagyobb hengerek nem lenn\u00e9nek praktikusak. Kiv\u00e1l\u00f3 min\u0151s\u00e9g\u0171 anyagainak k\u00f6sz\u00f6nhet\u0151en m\u00e9g a legnehezebb alkalmaz\u00e1sokat is k\u00e9pes kezelni, \u00edgy sokoldal\u00fa megold\u00e1st k\u00edn\u00e1l a hidraulikus ig\u00e9nyek sz\u00e9les sk\u00e1l\u00e1j\u00e1hoz.<\/p>\n<p>Ak\u00e1r a megl\u00e9v\u0151 hidraulikus rendszer teljes\u00edtm\u00e9ny\u00e9t szeretn\u00e9 jav\u00edtani, ak\u00e1r egy teljesen \u00faj hidraulikus hengerre van sz\u00fcks\u00e9ge, a kiv\u00e1l\u00f3 min\u0151s\u00e9g\u0171, kism\u00e9ret\u0171, \u00e1ll\u00edthat\u00f3 hegesztett hidraulikus henger kiv\u00e1l\u00f3 v\u00e1laszt\u00e1s. Kiv\u00e9teles min\u0151s\u00e9ge, megb\u00edzhat\u00f3s\u00e1ga \u00e9s teljes\u00edtm\u00e9nye biztosan fel\u00fclm\u00falja az elv\u00e1r\u00e1sait, \u00e9s tart\u00f3s, hossz\u00fa \u00e9lettartam\u00fa hidraulikus rendszert biztos\u00edt, amelyre sz\u00fcks\u00e9ge van a munka megfelel\u0151 elv\u00e9gz\u00e9s\u00e9hez.<\/p>\n<p><img loading=\"lazy\" decoding=\"async\" class=\"alignnone size-full wp-image-1334\" src=\"https:\/\/fmp-components.com\/wp-content\/uploads\/2024\/12\/Adjustable-Clevis-Type-Cylinders-4.webp\" alt=\"\u00c1ll\u00edthat\u00f3 vill\u00e1s hengerek\" width=\"800\" height=\"800\" title=\"\" srcset=\"https:\/\/fmp-components.com\/wp-content\/uploads\/2024\/12\/Adjustable-Clevis-Type-Cylinders-4.webp 800w, https:\/\/fmp-components.com\/wp-content\/uploads\/2024\/12\/Adjustable-Clevis-Type-Cylinders-4-480x480.webp 480w\" sizes=\"(min-width: 0px) and (max-width: 480px) 480px, (min-width: 481px) 800px, 100vw\" \/><\/p>\n<h2>Az \u00e1ll\u00edthat\u00f3 kengyeles hengerek el\u0151nyei<\/h2>\n<p>Az \u00e1ll\u00edthat\u00f3 kengyeles hengerek, k\u00fcl\u00f6n\u00f6sen a kiv\u00e1l\u00f3 min\u0151s\u00e9g\u0171, kis m\u00e9ret\u0171, \u00e1ll\u00edthat\u00f3 hegesztett hidraulikus hengerek sz\u00e1mos el\u0151nnyel rendelkeznek m\u00e1s t\u00edpus\u00fa hengerekkel szemben. \u00cdme az \u00e1ll\u00edthat\u00f3 kengyeles hengerek haszn\u00e1lat\u00e1nak n\u00e9h\u00e1ny el\u0151nye:<\/p>\n<ol>\n<li><strong>Rugalmass\u00e1g:<\/strong> Az \u00e1ll\u00edthat\u00f3 kengyel rugalmas felszerel\u00e9st tesz lehet\u0151v\u00e9, mivel 360 fokban elforgathat\u00f3. Ez megk\u00f6nny\u00edti a henger b\u00e1rmilyen ir\u00e1ny\u00fa be\u00e1ll\u00edt\u00e1s\u00e1t, \u00edgy ide\u00e1lis olyan alkalmaz\u00e1sokhoz, ahol korl\u00e1tozott a hely, vagy ahol k\u00fcl\u00f6nb\u00f6z\u0151 szerel\u00e9si sz\u00f6gekre van sz\u00fcks\u00e9g.<\/li>\n<li><strong>\u00c1ll\u00edthat\u00f3s\u00e1g:<\/strong> Ahogy a neve is sugallja, az \u00e1ll\u00edthat\u00f3 kengyeles hengerek az adott alkalmaz\u00e1sokhoz igaz\u00edthat\u00f3k. Ez az\u00e9rt van, mert a kengyel a dugatty\u00far\u00fad ment\u00e9n fel \u00e9s le mozgathat\u00f3, lehet\u0151v\u00e9 t\u00e9ve a l\u00f6kethossz finomhangol\u00e1s\u00e1t. Ez azt jelenti, hogy a henger testreszabhat\u00f3 a k\u00fcl\u00f6nb\u00f6z\u0151 telep\u00edt\u00e9si k\u00f6vetelm\u00e9nyeknek megfelel\u0151en, \u00edgy sokoldal\u00fabb, mint m\u00e1s t\u00edpus\u00fa hengerek.<\/li>\n<li><strong>Nagy pontoss\u00e1g\u00fa:<\/strong> Az \u00e1ll\u00edthat\u00f3 kengyeles hengerek rendk\u00edv\u00fcl prec\u00edzek, nagy ism\u00e9tl\u00e9si pontoss\u00e1ggal \u00e9s pontoss\u00e1ggal rendelkeznek. Ez a kiv\u00e1l\u00f3 min\u0151s\u00e9g\u0171 anyagok \u00e9s a fejlett gy\u00e1rt\u00e1si technik\u00e1k haszn\u00e1lat\u00e1nak k\u00f6sz\u00f6nhet\u0151, amelyek biztos\u00edtj\u00e1k a henger z\u00f6kken\u0151mentes \u00e9s megb\u00edzhat\u00f3 m\u0171k\u00f6d\u00e9s\u00e9t m\u00e9g zord k\u00f6rnyezetben is.<\/li>\n<li><strong>Hat\u00e9kony:<\/strong> Az \u00e1ll\u00edthat\u00f3 kengyeles hengerek rendk\u00edv\u00fcl hat\u00e9konyak, ami azt jelenti, hogy sok energi\u00e1t tudnak leadni kevesebb energia felhaszn\u00e1l\u00e1s\u00e1val, mint m\u00e1s t\u00edpus\u00fa hengerek. Ez az\u00e9rt van, mert \u00fagy vannak kialak\u00edtva, hogy minimaliz\u00e1lj\u00e1k a s\u00farl\u00f3d\u00e1st \u00e9s a kop\u00e1st, ami cs\u00f6kkenti a henger m\u0171k\u00f6dtet\u00e9s\u00e9hez sz\u00fcks\u00e9ges energiamennyis\u00e9get. Ez ide\u00e1liss\u00e1 teszi \u0151ket olyan alkalmaz\u00e1sokhoz, ahol az energiahat\u00e9konys\u00e1g fontos.<\/li>\n<li><strong>Tart\u00f3s:<\/strong> A kiv\u00e1l\u00f3 min\u0151s\u00e9g\u0171, kism\u00e9ret\u0171, \u00e1ll\u00edthat\u00f3, hegesztett hidraulikus hengerek tart\u00f3sak, robusztus konstrukci\u00f3val \u00e9s kiv\u00e1l\u00f3 min\u0151s\u00e9g\u0171 anyagokkal k\u00e9sz\u00fclnek, amelyek ellen\u00e1llnak a zord \u00fczemi k\u00f6r\u00fclm\u00e9nyeknek. A hengerek ellen\u00e1llnak a korr\u00f3zi\u00f3nak, a kop\u00e1snak \u00e9s a sz\u00e9ls\u0151s\u00e9ges h\u0151m\u00e9rs\u00e9kleteknek, \u00edgy ide\u00e1lisak sz\u00e9les k\u00f6r\u0171 ipari alkalmaz\u00e1sokhoz.<\/li>\n<\/ol>\n<p>\u00d6sszefoglalva, az \u00e1ll\u00edthat\u00f3 kengyeles hengerek p\u00e1ratlan rugalmass\u00e1got, \u00e1ll\u00edthat\u00f3s\u00e1got, pontoss\u00e1got, hat\u00e9konys\u00e1got \u00e9s tart\u00f3ss\u00e1got k\u00edn\u00e1lnak. Ezek a hengerek ide\u00e1lisak sz\u00e1mos ipari \u00e9s kereskedelmi alkalmaz\u00e1shoz, \u00e9s k\u00fcl\u00f6n\u00f6sen alkalmasak azok sz\u00e1m\u00e1ra, amelyek nagy pontoss\u00e1got \u00e9s hat\u00e9konys\u00e1got ig\u00e9nyelnek. \u00c1ll\u00edthat\u00f3 kengyeles hengerek kiv\u00e1laszt\u00e1sakor mindenk\u00e9ppen v\u00e1lasszon kiv\u00e1l\u00f3 min\u0151s\u00e9g\u0171, kis m\u00e9ret\u0171, \u00e1ll\u00edthat\u00f3, hegesztett hidraulikus hengereket, amelyek a legjobb teljes\u00edtm\u00e9nyt \u00e9s hossz\u00fa \u00e9lettartamot biztos\u00edtj\u00e1k.<img decoding=\"async\" src=\"https:\/\/fmp-components.com\/wp-content\/uploads\/2024\/12\/Adjustable-Clevis-Type-Cylinders5.webp\" alt=\"\u00c1ll\u00edthat\u00f3 kengyeles henger\" width=\"800\" title=\"\"><\/p>\n<h2>\u00c1ll\u00edthat\u00f3 kengyeles hengerek alkalmaz\u00e1sa<\/h2>\n<p>Az \u00e1ll\u00edthat\u00f3 kengyeles hengerek olyan hidraulikus hengerek, amelyek k\u00fcl\u00f6nb\u00f6z\u0151 be\u00e9p\u00edt\u00e9si poz\u00edci\u00f3khoz \u00e1ll\u00edthat\u00f3k be. K\u00fcl\u00f6nb\u00f6z\u0151 ipar\u00e1gakban haszn\u00e1lj\u00e1k \u0151ket k\u00fcl\u00f6nb\u00f6z\u0151 alkalmaz\u00e1sokhoz. \u00cdme az \u00e1ll\u00edthat\u00f3 kengyeles hengerek n\u00e9h\u00e1ny leggyakoribb alkalmaz\u00e1sa:<\/p>\n<ul>\n<li style=\"list-style-type: none;\">\n<ul>\n<li><strong>Ipari automatiz\u00e1l\u00e1s<\/strong><\/li>\n<\/ul>\n<\/li>\n<\/ul>\n<p>Az \u00e1ll\u00edthat\u00f3 kengyeles hengereket k\u00fcl\u00f6nf\u00e9le ipari automatiz\u00e1l\u00e1si folyamatokban haszn\u00e1lj\u00e1k. Ezeket a hengereket sz\u00e9les k\u00f6rben alkalmazz\u00e1k szor\u00edt\u00f3-, pr\u00e9s- \u00e9s lyukaszt\u00f3 alkalmaz\u00e1sokhoz. K\u00f6nnyen be\u00e1ll\u00edthat\u00f3k k\u00fcl\u00f6nb\u00f6z\u0151 be\u00e9p\u00edt\u00e9si poz\u00edci\u00f3khoz, \u00edgy alkalmasak k\u00fcl\u00f6nb\u00f6z\u0151 g\u00e9pekben \u00e9s berendez\u00e9sekben val\u00f3 haszn\u00e1latra.<\/p>\n<ul>\n<li style=\"list-style-type: none;\">\n<ul>\n<li><strong>\u00c9p\u00edt\u0151ipari g\u00e9pek<\/strong><\/li>\n<\/ul>\n<\/li>\n<\/ul>\n<p>A kiv\u00e1l\u00f3 min\u0151s\u00e9g\u0171, kism\u00e9ret\u0171, \u00e1ll\u00edthat\u00f3, hegesztett hidraulikus hengereket gyakran haszn\u00e1lj\u00e1k az \u00e9p\u00edt\u0151ipari g\u00e9pekben. Ezeket a hengereket k\u00fcl\u00f6nf\u00e9le g\u00e9pekben, p\u00e9ld\u00e1ul kotr\u00f3g\u00e9pekben, buld\u00f3zerekben \u00e9s rakod\u00f3g\u00e9pekben haszn\u00e1lj\u00e1k. Olyan feladatokhoz haszn\u00e1lj\u00e1k \u0151ket, mint az \u00e1s\u00e1s, a tereprendez\u00e9s \u00e9s a neh\u00e9z terhek emel\u00e9se.<\/p>\n<ul>\n<li style=\"list-style-type: none;\">\n<ul>\n<li><strong>Mez\u0151gazdas\u00e1gi g\u00e9pek<\/strong><\/li>\n<\/ul>\n<\/li>\n<\/ul>\n<p>Az \u00e1ll\u00edthat\u00f3 kengyeles hengereket mez\u0151gazdas\u00e1gi g\u00e9pekben, p\u00e9ld\u00e1ul traktorokban, betakar\u00edt\u00f3g\u00e9pekben \u00e9s kultiv\u00e1torokban haszn\u00e1lj\u00e1k. Olyan feladatokra haszn\u00e1lj\u00e1k \u0151ket, mint a g\u00e9pek k\u00fcl\u00f6nb\u00f6z\u0151 r\u00e9szeinek emel\u00e9se \u00e9s s\u00fcllyeszt\u00e9se, az eke magass\u00e1g\u00e1nak be\u00e1ll\u00edt\u00e1sa, valamint a g\u00e9pekben haszn\u00e1lt folyad\u00e9kok \u00e1raml\u00e1s\u00e1nak szab\u00e1lyoz\u00e1sa.<\/p>\n<ul>\n<li style=\"list-style-type: none;\">\n<ul>\n<li><strong>Anyagmozgat\u00f3 berendez\u00e9sek<\/strong><\/li>\n<\/ul>\n<\/li>\n<\/ul>\n<p>Az \u00e1ll\u00edthat\u00f3 vill\u00e1s hengereket anyagmozgat\u00f3 berendez\u00e9sekben, p\u00e9ld\u00e1ul targonc\u00e1kban \u00e9s darukban is haszn\u00e1lj\u00e1k. Olyan feladatokhoz haszn\u00e1lj\u00e1k \u0151ket, mint a neh\u00e9z terhek emel\u00e9se \u00e9s s\u00fcllyeszt\u00e9se, a vill\u00e1k d\u00f6nt\u00e9se \u00e9s a darukar mozg\u00e1s\u00e1nak vez\u00e9rl\u00e9se.<\/p>\n<ul>\n<li style=\"list-style-type: none;\">\n<ul>\n<li><strong>Tengeri \u00e9s tengeri berendez\u00e9sek<\/strong><\/li>\n<\/ul>\n<\/li>\n<\/ul>\n<p>Az \u00e1ll\u00edthat\u00f3 kengyeles hengereket tengeri \u00e9s tengeri berendez\u00e9sekben, p\u00e9ld\u00e1ul haj\u00f3kban \u00e9s olajf\u00far\u00f3tornyokban haszn\u00e1lj\u00e1k. Olyan feladatokra haszn\u00e1lj\u00e1k \u0151ket, mint a szelepek nyit\u00e1sa \u00e9s z\u00e1r\u00e1sa, a haj\u00f3 korm\u00e1nylap\u00e1tj\u00e1nak mozg\u00e1s\u00e1nak vez\u00e9rl\u00e9se \u00e9s a f\u00far\u00f3tornyon haszn\u00e1lt daru mozg\u00e1s\u00e1nak vez\u00e9rl\u00e9se.<\/p>\n<p>\u00d6sszefoglalva, az \u00e1ll\u00edthat\u00f3 kengyeles hengerek sokoldal\u00fa hidraulikus hengerek, amelyek k\u00fcl\u00f6nb\u00f6z\u0151 ipar\u00e1gakban, k\u00fcl\u00f6nb\u00f6z\u0151 feladatokhoz alkalmazhat\u00f3k. A k\u00fcl\u00f6nb\u00f6z\u0151 be\u00e9p\u00edt\u00e9si poz\u00edci\u00f3khoz val\u00f3 \u00e1ll\u00edthat\u00f3s\u00e1guk alkalmass\u00e1 teszi \u0151ket k\u00fcl\u00f6nb\u00f6z\u0151 g\u00e9pekben \u00e9s berendez\u00e9sekben val\u00f3 haszn\u00e1latra. A kiv\u00e1l\u00f3 min\u0151s\u00e9g\u0171, kis m\u00e9ret\u0171, \u00e1ll\u00edthat\u00f3, hegesztett hidraulikus hengerek haszn\u00e1lata biztos\u00edtja a hengerek tart\u00f3ss\u00e1g\u00e1t \u00e9s megb\u00edzhat\u00f3s\u00e1g\u00e1t, \u00edgy alkalmasak a zord \u00e9s ig\u00e9nyes k\u00f6rnyezetben val\u00f3 haszn\u00e1latra.<img decoding=\"async\" src=\"https:\/\/fmp-components.com\/wp-content\/uploads\/2024\/12\/Application-of-Adjustable-Clevis-Type-Cylinders.webp\" alt=\"\u00c1ll\u00edthat\u00f3 kengyeles henger\" width=\"800\" title=\"\"><\/p>\n<h3>Az FMP hidraulikus hengerr\u0151l<\/h3>\n<p>Az FMP egy vezet\u0151 v\u00e1llalat, amely \u00e9p\u00edt\u0151ipari g\u00e9pek alkatr\u00e9szeinek \u00e9s komplett g\u00e9peinek \u00e9rt\u00e9kes\u00edt\u00e9s\u00e9re \u00e9s szervizel\u00e9s\u00e9re specializ\u00e1l\u00f3dott. B\u00fcszk\u00e9k vagyunk arra, hogy kiv\u00e1l\u00f3 min\u0151s\u00e9g\u0171 hidraulikus henger megold\u00e1sokat k\u00edn\u00e1lunk \u00fcgyfeleinknek vil\u00e1gszerte.<\/p>\n<p>\u00cdme n\u00e9h\u00e1ny f\u0151 el\u0151nye az FMP hidraulikus henger kiv\u00e1laszt\u00e1s\u00e1nak:<\/p>\n<ul>\n<li><strong>Kiv\u00e1l\u00f3 min\u0151s\u00e9g\u0171 anyagok:<\/strong> Hidraulikus hengereink gy\u00e1rt\u00e1s\u00e1hoz kiz\u00e1r\u00f3lag kiv\u00e1l\u00f3 min\u0151s\u00e9g\u0171 anyagokat haszn\u00e1lunk, \u00edgy biztos\u00edtva tart\u00f3ss\u00e1gukat \u00e9s megb\u00edzhat\u00f3s\u00e1gukat hossz\u00fa t\u00e1von. Term\u00e9keinket \u00fagy tervezt\u00fck, hogy m\u00e9g a legmostoh\u00e1bb munkak\u00f6r\u00fclm\u00e9nyeknek is ellen\u00e1lljanak.<\/li>\n<li><strong>Sz\u00e9lesk\u00f6r\u0171 lehet\u0151s\u00e9gek:<\/strong> Hidraulikus henger term\u00e9kk\u00edn\u00e1latunk k\u00fcl\u00f6nf\u00e9le t\u00edpus\u00fa hengereket tartalmaz, p\u00e9ld\u00e1ul \u00f6sszek\u00f6t\u0151rudas hengereket, hegesztett hengereket \u00e9s \u00e1ll\u00edthat\u00f3 kengyeles hengereket stb. Egyedi megold\u00e1sokat is k\u00edn\u00e1lunk az \u00fcgyfelek speci\u00e1lis ig\u00e9nyeinek kiel\u00e9g\u00edt\u00e9s\u00e9re.<\/li>\n<li><strong>Szigor\u00fa min\u0151s\u00e9gellen\u0151rz\u00e9s:<\/strong> Hossz\u00fa t\u00e1v\u00fa \u00e9s stabil egy\u00fcttm\u0171k\u00f6d\u00e9si kapcsolatokat \u00e9p\u00edtett\u00fcnk ki sz\u00e1mos kiv\u00e1l\u00f3 min\u0151s\u00e9g\u0171 besz\u00e1ll\u00edt\u00f3val belf\u00f6ld\u00f6n \u00e9s k\u00fclf\u00f6ld\u00f6n, biztos\u00edtva, hogy minden sz\u00e1ll\u00edtott alkatr\u00e9sz megfeleljen a szigor\u00fa min\u0151s\u00e9gi el\u0151\u00edr\u00e1soknak. Ezenk\u00edv\u00fcl hidraulikus hengereink szigor\u00fa tesztel\u00e9si folyamatokon esnek \u00e1t, hogy a kisz\u00e1ll\u00edt\u00e1s el\u0151tt megfeleljenek szigor\u00fa min\u0151s\u00e9gi k\u00f6vetelm\u00e9nyeinknek.<\/li>\n<li><strong>Tapasztalt \u00e9rt\u00e9kes\u00edt\u00e9si csapat:<\/strong> \u00c9rt\u00e9kes\u00edt\u00e9si csapatunk tapasztalt \u00e9s j\u00e1rtas az \u00e9p\u00edt\u0151ipari g\u00e9piparban, \u00e9s professzion\u00e1lis tan\u00e1csokkal, valamint intelligens v\u00e1s\u00e1rl\u00e1si javaslatokkal tud szolg\u00e1lni \u00fcgyfeleink sz\u00e1m\u00e1ra.<\/li>\n<li><strong>Hat\u00e9kony logisztikai disztrib\u00faci\u00f3:<\/strong> Hat\u00e9kony logisztikai eloszt\u00e1si rendszerrel rendelkez\u00fcnk annak \u00e9rdek\u00e9ben, hogy \u00fcgyfeleink id\u0151ben \u00e9s pontosan megkapj\u00e1k a sz\u00fcks\u00e9ges alkatr\u00e9szeket. Megb\u00edzhat\u00f3 sz\u00e1ll\u00edt\u00e1si szolg\u00e1ltat\u00e1sunk seg\u00edt biztos\u00edtani \u00fcgyfeleink projektjeinek z\u00f6kken\u0151mentes lebonyol\u00edt\u00e1s\u00e1t.<\/li>\n<\/ul>\n<p>Az FMP-n\u00e9l hisz\u00fcnk abban, hogy \u00fcgyfeleinknek kiv\u00e1l\u00f3 min\u0151s\u00e9g\u0171 \u00e9s megb\u00edzhat\u00f3 hidraulikus henger megold\u00e1sokat kell ny\u00fajtanunk. Sok\u00e9ves ipar\u00e1gi tapasztalatunkkal \u00e9s professzion\u00e1lis csapatunkkal szem\u00e9lyre szabott megold\u00e1sokat tudunk ny\u00fajtani, amelyek megfelelnek \u00fcgyfeleink egyedi ig\u00e9nyeinek. L\u00e9pjen kapcsolatba vel\u00fcnk m\u00e9g ma, hogy t\u00f6bbet megtudjon term\u00e9keinkr\u0151l \u00e9s szolg\u00e1ltat\u00e1sainkr\u00f3l!<\/p>\n<p><img decoding=\"async\" src=\"https:\/\/fmp-components.com\/wp-content\/uploads\/2024\/12\/Adjustable-Clevis-Type-Cylinders-6.webp\" alt=\"\u00c1ll\u00edthat\u00f3 kengyeles henger\" width=\"846\" title=\"\"><\/p>\n<h2>GYIK<\/h2>\n<p><b>K: Mi a sz\u00e1ll\u00edt\u00e1si id\u0151 a kiv\u00e1l\u00f3 min\u0151s\u00e9g\u0171, kis \u00e1ll\u00edthat\u00f3 hegesztett hidraulikus hengerhez?<\/b><br \/>\nV: Az \u00e1ltal\u00e1nos sz\u00e1ll\u00edt\u00e1si id\u0151 25-35 nap.<\/p>\n<p><b>K: Kaphatok egy mint\u00e1t a kiv\u00e1l\u00f3 min\u0151s\u00e9g\u0171, kis \u00e1ll\u00edthat\u00f3 hegesztett hidraulikus hengerb\u0151l?<\/b><br \/>\nV: Igen, k\u00edn\u00e1lunk mint\u00e1kat, de ezek nem ingyenesek.<\/p>\n<p><b>K: Testreszabhat\u00f3-e a kiv\u00e1l\u00f3 min\u0151s\u00e9g\u0171, kism\u00e9ret\u0171, \u00e1ll\u00edthat\u00f3 hegesztett hidraulikus henger az ig\u00e9nyeim szerint?<\/b><br \/>\nV: Igen, a mint\u00e1k vagy m\u0171szaki rajzok alapj\u00e1n tudunk hengereket gy\u00e1rtani. Form\u00e1kat \u00e9s szerelv\u00e9nyeket is tudunk k\u00e9sz\u00edteni az \u00d6n egyedi ig\u00e9nyeinek megfelel\u0151en.<\/p>\n<p><img decoding=\"async\" src=\"https:\/\/img.jiansujichilun.com\/img\/hydrauliccylinders\/T_hydrauliccylinders-5.webp\" alt=\"hidraulikus henger\" width=\"800\" title=\"\"><\/p>\n<p>Szerz\u0151: CX<\/p>","protected":false},"excerpt":{"rendered":"<p>The High Quality Small Adjustable Welded Hydraulic Cylinder is a must-have for anyone in need of a reliable hydraulic system. Its adjustable design allows for easy customization to fit your specific needs, and its welded construction ensures maximum durability and longevity. With its compact size, this hydraulic cylinder is perfect for use in tight spaces [&hellip;]<\/p>","protected":false},"featured_media":1338,"comment_status":"closed","ping_status":"closed","template":"","meta":{"_et_pb_use_builder":"","_et_pb_old_content":"","_et_gb_content_width":""},"product_brand":[],"product_cat":[39],"product_tag":[41,34],"class_list":{"0":"post-1384","1":"product","2":"type-product","3":"status-publish","4":"has-post-thumbnail","6":"product_cat-adjustable-clevis-type-cylinders","7":"product_tag-adjustable-clevis-type-cylinders","8":"product_tag-hydraulic-cylinder","10":"first","11":"instock","12":"product-type-simple"},"_links":{"self":[{"href":"https:\/\/fmp-components.com\/hu\/wp-json\/wp\/v2\/product\/1384","targetHints":{"allow":["GET"]}}],"collection":[{"href":"https:\/\/fmp-components.com\/hu\/wp-json\/wp\/v2\/product"}],"about":[{"href":"https:\/\/fmp-components.com\/hu\/wp-json\/wp\/v2\/types\/product"}],"replies":[{"embeddable":true,"href":"https:\/\/fmp-components.com\/hu\/wp-json\/wp\/v2\/comments?post=1384"}],"wp:featuredmedia":[{"embeddable":true,"href":"https:\/\/fmp-components.com\/hu\/wp-json\/wp\/v2\/media\/1338"}],"wp:attachment":[{"href":"https:\/\/fmp-components.com\/hu\/wp-json\/wp\/v2\/media?parent=1384"}],"wp:term":[{"taxonomy":"product_brand","embeddable":true,"href":"https:\/\/fmp-components.com\/hu\/wp-json\/wp\/v2\/product_brand?post=1384"},{"taxonomy":"product_cat","embeddable":true,"href":"https:\/\/fmp-components.com\/hu\/wp-json\/wp\/v2\/product_cat?post=1384"},{"taxonomy":"product_tag","embeddable":true,"href":"https:\/\/fmp-components.com\/hu\/wp-json\/wp\/v2\/product_tag?post=1384"}],"curies":[{"name":"munkaf\u00fczet","href":"https:\/\/api.w.org\/{rel}","templated":true}]}}