{"id":1383,"date":"2024-12-23T02:19:41","date_gmt":"2024-12-23T02:19:41","guid":{"rendered":"https:\/\/fmp-components.com\/product\/professional-craftsmanship-trailer-tractor-hydraulic-cylinder-for-agriculture\/"},"modified":"2024-12-23T02:35:17","modified_gmt":"2024-12-23T02:35:17","slug":"professional-craftsmanship-trailer-tractor-hydraulic-cylinder-for-agriculture","status":"publish","type":"product","link":"https:\/\/fmp-components.com\/hu\/product\/professional-craftsmanship-trailer-tractor-hydraulic-cylinder-for-agriculture\/","title":{"rendered":"Professzion\u00e1lis k\u00e9zm\u0171ves p\u00f3tkocsi traktor hidraulikus henger mez\u0151gazdas\u00e1ghoz"},"content":{"rendered":"<h2>Bemutatjuk a professzion\u00e1lis k\u00e9zm\u0171ves p\u00f3tkocsi hidraulikus henger\u00e9t mez\u0151gazdas\u00e1gi haszn\u00e1latra:<\/h2>\n<p>A Professional Craftsmanship mez\u0151gazdas\u00e1gi p\u00f3tkocsi-traktor hidraulikus henger egy kiv\u00e1l\u00f3 min\u0151s\u00e9g\u0171 hidraulikus henger, amelyet kifejezetten a mez\u0151gazdas\u00e1gi iparban haszn\u00e1lt p\u00f3tkocsi-traktorokhoz terveztek. Ez a term\u00e9k szak\u00e9rt\u0151k \u00e1ltal lett kifejlesztve a kiv\u00e9teles teljes\u00edtm\u00e9ny \u00e9s tart\u00f3ss\u00e1g \u00e9rdek\u00e9ben.<\/p>\n<h3>F\u0151bb jellemz\u0151k:<\/h3>\n<p>1. Kiv\u00e1l\u00f3 min\u0151s\u00e9g: Ez a hidraulikus henger a legkiv\u00e1l\u00f3bb anyagok felhaszn\u00e1l\u00e1s\u00e1val k\u00e9sz\u00fclt, hogy biztos\u00edtsa szil\u00e1rds\u00e1g\u00e1t \u00e9s hossz\u00fa \u00e9lettartam\u00e1t. \u00dagy tervezt\u00e9k, hogy ellen\u00e1lljon a mez\u0151gazdas\u00e1gi alkalmaz\u00e1sokban gyakran el\u0151fordul\u00f3 zord k\u00f6r\u00fclm\u00e9nyeknek.<\/p>\n<p>2. Optim\u00e1lis teljes\u00edtm\u00e9ny: A Professional Craftsmanship p\u00f3tkocsi-traktor hidraulikus henger\u00e9t az optim\u00e1lis teljes\u00edtm\u00e9ny biztos\u00edt\u00e1s\u00e1ra tervezt\u00e9k. Sima \u00e9s prec\u00edz m\u0171k\u00f6d\u00e9st biztos\u00edt, lehet\u0151v\u00e9 t\u00e9ve a neh\u00e9z terhek hat\u00e9kony mozgat\u00e1s\u00e1t.<\/p>\n<p><img loading=\"lazy\" decoding=\"async\" class=\"alignnone size-full wp-image-1334\" src=\"https:\/\/fmp-components.com\/wp-content\/uploads\/2024\/12\/Adjustable-Clevis-Type-Cylinders-4.webp\" alt=\"\u00c1ll\u00edthat\u00f3 vill\u00e1s hengerek\" width=\"800\" height=\"800\" title=\"\" srcset=\"https:\/\/fmp-components.com\/wp-content\/uploads\/2024\/12\/Adjustable-Clevis-Type-Cylinders-4.webp 800w, https:\/\/fmp-components.com\/wp-content\/uploads\/2024\/12\/Adjustable-Clevis-Type-Cylinders-4-480x480.webp 480w\" sizes=\"(min-width: 0px) and (max-width: 480px) 480px, (min-width: 481px) 800px, 100vw\" \/><\/p>\n<p>3. Megb\u00edzhat\u00f3 \u00e9s biztons\u00e1gos: A biztons\u00e1gra \u00f6sszpontos\u00edtva ezt a hidraulikus hengert \u00fagy tervezt\u00e9k, hogy megakad\u00e1lyozza a sziv\u00e1rg\u00e1sokat \u00e9s biztos\u00edtsa a megb\u00edzhat\u00f3 teljes\u00edtm\u00e9nyt. Robusztus t\u00f6m\u00edt\u00e9sekkel \u00e9s szerelv\u00e9nyekkel van felszerelve, hogy minimaliz\u00e1lja a hidraulikafolyad\u00e9k sziv\u00e1rg\u00e1s\u00e1nak kock\u00e1zat\u00e1t.<\/p>\n<p>4. K\u00f6nny\u0171 telep\u00edt\u00e9s: A hengert \u00fagy tervezt\u00e9k, hogy k\u00f6nnyen telep\u00edthet\u0151 legyen, \u00edgy k\u00e9nyelmes a traktortulajdonosok \u00e9s -kezel\u0151k sz\u00e1m\u00e1ra. Vil\u00e1gos utas\u00edt\u00e1sokkal \u00e9s minden sz\u00fcks\u00e9ges szerelv\u00e9nnyel rendelkezik a probl\u00e9mamentes be\u00e1ll\u00edt\u00e1s \u00e9rdek\u00e9ben.<\/p>\n<p>5. Sokoldal\u00fa alkalmaz\u00e1s: Ez a hidraulikus henger k\u00fcl\u00f6nf\u00e9le mez\u0151gazdas\u00e1gi feladatokra alkalmas, bele\u00e9rtve a neh\u00e9z terhek emel\u00e9s\u00e9t \u00e9s s\u00fcllyeszt\u00e9s\u00e9t, a tartoz\u00e9kok kezel\u00e9s\u00e9t \u00e9s a munkag\u00e9pek funkci\u00f3inak vez\u00e9rl\u00e9s\u00e9t. Sokoldal\u00fa eszk\u00f6z, amely n\u00f6veli a gazdas\u00e1g termel\u00e9kenys\u00e9g\u00e9t.<\/p>\n<p>\u00d6sszefoglalva, a Professional Craftsmanship mez\u0151gazdas\u00e1gi p\u00f3tkocsi-traktor hidraulikus henger egy cs\u00facskateg\u00f3ri\u00e1s hidraulikus henger, amely kiv\u00e9teles min\u0151s\u00e9get, teljes\u00edtm\u00e9nyt \u00e9s megb\u00edzhat\u00f3s\u00e1got k\u00edn\u00e1l. Robusztus konstrukci\u00f3ja \u00e9s felhaszn\u00e1l\u00f3bar\u00e1t kialak\u00edt\u00e1sa ide\u00e1lis v\u00e1laszt\u00e1ss\u00e1 teszi a mez\u0151gazdas\u00e1gi traktortulajdonosok sz\u00e1m\u00e1ra. Tapasztalja meg ennek a hidraulikus hengernek az el\u0151nyeit, \u00e9s emelje mez\u0151gazdas\u00e1gi tev\u00e9kenys\u00e9g\u00e9t \u00faj magass\u00e1gokba.<\/p>\n<p>Tapasztalja meg a professzion\u00e1lis kivitelez\u00e9s megtestes\u00fcl\u00e9s\u00e9t p\u00f3tkocsi-traktor hidraulikus henger\u00fcnkkel, amelyet t\u00f6k\u00e9letesen mez\u0151gazdas\u00e1gi alkalmaz\u00e1sokhoz tervezt\u00fcnk. Ez a vadonat\u00faj term\u00e9k egy \u00e9v garanci\u00e1val rendelkezik, \u00e9s sz\u00e1mos ipar\u00e1gban haszn\u00e1lhat\u00f3, p\u00e9ld\u00e1ul g\u00e9pjav\u00edt\u00f3 m\u0171helyekben, mez\u0151gazdas\u00e1gi \u00fczemekben, energia- \u00e9s b\u00e1ny\u00e1szatban, g\u00e9pgy\u00e1rt\u00e1sban \u00e9s g\u00e9pgy\u00e1rakban. A 30 kg-os term\u00e9k szabv\u00e1nyos dugatty\u00fas hengerk\u00e9nt van fel\u00e9p\u00edtve, \u00e9s hidraulikusan m\u0171k\u00f6dik. Massz\u00edv ac\u00e9l testb\u0151l k\u00e9sz\u00fclt, maxim\u00e1lis tol\u00f3ereje 3000, \u00e9s \u00e1ll\u00edthat\u00f3 kengyeles t\u00edpusban kaphat\u00f3. A term\u00e9k ISO9001:2000 tan\u00fas\u00edtv\u00e1nnyal rendelkezik, \u00e9s eleg\u00e1ns fekete sz\u00ednben kaphat\u00f3.<\/p>\n<h2>Az \u00e1ll\u00edthat\u00f3 kengyeles hengerek el\u0151nyei<\/h2>\n<p>Az \u00e1ll\u00edthat\u00f3 kengyeles hengerek, mint p\u00e9ld\u00e1ul a Professional Craftsmanship Trailer Tractor Hydraulic Cylinder for Agricultural, sz\u00e1mos el\u0151nnyel j\u00e1rnak az ipar k\u00fcl\u00f6nb\u00f6z\u0151 alkalmaz\u00e1saiban. Ezeket a hengereket prec\u00edz \u00e9s innovat\u00edv m\u00f3don tervezt\u00e9k, kiv\u00e9teles teljes\u00edtm\u00e9nyt \u00e9s sokoldal\u00fas\u00e1got biztos\u00edtva. Ebben a cikkben megvizsg\u00e1ljuk az \u00e1ll\u00edthat\u00f3 kengyeles hengerek haszn\u00e1lat\u00e1nak el\u0151nyeit \u00e9s jelent\u0151s\u00e9g\u00fcket a k\u00fcl\u00f6nb\u00f6z\u0151 mez\u0151gazdas\u00e1gi k\u00f6rnyezetben.<\/p>\n<p>1. Fokozott rugalmass\u00e1g \u00e9s alkalmazkod\u00f3k\u00e9pess\u00e9g<\/p>\n<p>Az \u00e1ll\u00edthat\u00f3 kengyeles hengerek egyik legfontosabb el\u0151nye, hogy k\u00e9pesek alkalmazkodni a k\u00fcl\u00f6nb\u00f6z\u0151 \u00fczemi k\u00f6vetelm\u00e9nyekhez. Ezek a hengerek egyedi kialak\u00edt\u00e1s\u00faak, amely lehet\u0151v\u00e9 teszi a hossz egyszer\u0171 be\u00e1ll\u00edt\u00e1s\u00e1t, lehet\u0151v\u00e9 t\u00e9ve a felhaszn\u00e1l\u00f3k sz\u00e1m\u00e1ra, hogy a l\u00f6ketet az adott ig\u00e9nyeknek megfelel\u0151en finomhangolj\u00e1k. Ez a rugalmass\u00e1g biztos\u00edtja az optim\u00e1lis teljes\u00edtm\u00e9nyt \u00e9s hat\u00e9konys\u00e1got, mivel a henger testreszabhat\u00f3 a mez\u0151gazdas\u00e1gi alkalmaz\u00e1sokhoz.<\/p>\n<p>2. Kiv\u00e1l\u00f3 vez\u00e9rl\u00e9s \u00e9s precizit\u00e1s<\/p>\n<p>Az \u00e1ll\u00edthat\u00f3 kengyeles hengerek egy m\u00e1sik figyelemre m\u00e9lt\u00f3 el\u0151nye a kiv\u00e9teles szab\u00e1lyozhat\u00f3s\u00e1g \u00e9s pontoss\u00e1g. Ezek a hengerek fejlett hidraulikus technol\u00f3gi\u00e1val k\u00e9sz\u00fclnek, amely lehet\u0151v\u00e9 teszi a sima \u00e9s prec\u00edz mozg\u00e1st. Ennek eredm\u00e9nyek\u00e9nt a kezel\u0151k pontos pozicion\u00e1l\u00e1st \u00e9rhetnek el, m\u00e9g ig\u00e9nyes mez\u0151gazdas\u00e1gi feladatok eset\u00e9n is. Ez a szab\u00e1lyoz\u00e1si szint nemcsak n\u00f6veli a termel\u00e9kenys\u00e9get, hanem minimaliz\u00e1lja a berendez\u00e9sek vagy a n\u00f6v\u00e9nyek k\u00e1rosod\u00e1s\u00e1nak kock\u00e1zat\u00e1t is.<\/p>\n<p>3. Fokozott tart\u00f3ss\u00e1g \u00e9s megb\u00edzhat\u00f3s\u00e1g<\/p>\n<p>A professzion\u00e1lis k\u00e9zm\u0171vess\u00e9g\u0171 mez\u0151gazdas\u00e1gi p\u00f3tkocsi-traktor hidraulikus munkahengere kiv\u00e9teles tart\u00f3ss\u00e1g\u00e1r\u00f3l \u00e9s megb\u00edzhat\u00f3s\u00e1g\u00e1r\u00f3l ismert. Ezek az \u00e1ll\u00edthat\u00f3 kengyeles hengerek kiv\u00e1l\u00f3 min\u0151s\u00e9g\u0171 anyagokb\u00f3l k\u00e9sz\u00fclnek, \u00e9s szigor\u00fa tesztel\u00e9sen esnek \u00e1t a hossz\u00fa \u00e9lettartam \u00e9s a robusztus teljes\u00edtm\u00e9ny biztos\u00edt\u00e1sa \u00e9rdek\u00e9ben. Ellen\u00e1llnak a zord k\u00f6rnyezeti felt\u00e9teleknek, a nagy terhel\u00e9seknek \u00e9s a gyakori haszn\u00e1latnak an\u00e9lk\u00fcl, hogy fel\u00e1ldozn\u00e1k a funkcionalit\u00e1sukat. Ez a tart\u00f3ss\u00e1g k\u00f6lts\u00e9ghat\u00e9kony megold\u00e1ss\u00e1 teszi \u0151ket a mez\u0151gazdas\u00e1gi m\u0171veletekhez, mivel minim\u00e1lis karbantart\u00e1st ig\u00e9nyelnek \u00e9s hossz\u00fa \u00e9lettartammal rendelkeznek.<\/p>\n<p>4. Optim\u00e1lis hat\u00e9konys\u00e1g \u00e9s termel\u00e9kenys\u00e9g<\/p>\n<p>Az \u00e1ll\u00edthat\u00f3 kengyeles hengerek mez\u0151gazdas\u00e1gi g\u00e9pekbe val\u00f3 be\u00e9p\u00edt\u00e9s\u00e9vel a gazd\u00e1lkod\u00f3k \u00e9s a g\u00e9pkezel\u0151k jelent\u0151sen jav\u00edthatj\u00e1k m\u0171k\u00f6d\u00e9s\u00fck hat\u00e9konys\u00e1g\u00e1t \u00e9s termel\u00e9kenys\u00e9g\u00e9t. Ezek a hengerek gyors \u00e9s z\u00f6kken\u0151mentes m\u0171k\u00f6d\u00e9si ciklusokat k\u00edn\u00e1lnak, cs\u00f6kkentve az \u00e1ll\u00e1sid\u0151t \u00e9s jav\u00edtva az \u00e1ltal\u00e1nos teljes\u00edtm\u00e9nyt. Ezen hengerek prec\u00edz vez\u00e9rl\u00e9se \u00e9s alkalmazkod\u00f3k\u00e9pess\u00e9ge hozz\u00e1j\u00e1rul a gyorsabb \u00e9s pontosabb mozg\u00e1sokhoz, lehet\u0151v\u00e9 t\u00e9ve a feladatok id\u0151ben t\u00f6rt\u00e9n\u0151 elv\u00e9gz\u00e9s\u00e9t. Ez a megn\u00f6vekedett hat\u00e9konys\u00e1g magasabb termel\u00e9kenys\u00e9get \u00e9s jobb j\u00f6vedelmez\u0151s\u00e9get eredm\u00e9nyez a mez\u0151gazdas\u00e1gi v\u00e1llalkoz\u00e1sok sz\u00e1m\u00e1ra.<\/p>\n<p>5. Sokoldal\u00fa alkalmaz\u00e1sok<\/p>\n<p>Az \u00e1ll\u00edthat\u00f3 kengyeles hengerek k\u00fcl\u00f6nf\u00e9le mez\u0151gazdas\u00e1gi alkalmaz\u00e1sokban haszn\u00e1lhat\u00f3k. A talajm\u0171vel\u00e9st\u0151l \u00e9s \u00fcltet\u00e9st\u0151l a betakar\u00edt\u00e1son \u00e1t az anyagmozgat\u00e1sig ezek a hengerek biztos\u00edtj\u00e1k a sz\u00fcks\u00e9ges teljes\u00edtm\u00e9nyt \u00e9s rugalmass\u00e1got a feladatok sz\u00e9les sk\u00e1l\u00e1j\u00e1nak elv\u00e9gz\u00e9s\u00e9hez. K\u00fcl\u00f6nb\u00f6z\u0151 mez\u0151gazdas\u00e1gi g\u00e9pekkel val\u00f3 kompatibilit\u00e1suk sokoldal\u00fa v\u00e1laszt\u00e1ss\u00e1 teszi \u0151ket a gazd\u00e1lkod\u00f3k \u00e9s a kezel\u0151k sz\u00e1m\u00e1ra, lehet\u0151v\u00e9 t\u00e9ve a z\u00f6kken\u0151mentes integr\u00e1ci\u00f3t \u00e9s az optim\u00e1lis teljes\u00edtm\u00e9nyt.<\/p>\n<p>\u00d6sszefoglalva, a Professional Craftsmanship mez\u0151gazdas\u00e1gi p\u00f3tkocsi-traktor hidraulikus munkahengere \u00e1ll\u00edthat\u00f3 kengyeles kialak\u00edt\u00e1s\u00e1val sz\u00e1mos el\u0151nnyel j\u00e1r a mez\u0151gazdas\u00e1gi m\u0171veletek sor\u00e1n. Rugalmass\u00e1ga, szab\u00e1lyozhat\u00f3s\u00e1ga, tart\u00f3ss\u00e1ga, hat\u00e9konys\u00e1ga \u00e9s sokoldal\u00fas\u00e1ga \u00e9rt\u00e9kes elem\u00e9v\u00e9 teszi a termel\u00e9kenys\u00e9g \u00e9s a teljes\u00edtm\u00e9ny n\u00f6vel\u00e9s\u00e9ben. Ezeknek a munkahengereknek a mez\u0151gazdas\u00e1gi berendez\u00e9sekbe val\u00f3 be\u00e9p\u00edt\u00e9se forradalmas\u00edthatja a feladatok elv\u00e9gz\u00e9s\u00e9nek m\u00f3dj\u00e1t, ami v\u00e9gs\u0151 soron jobb eredm\u00e9nyekhez vezethet a gazd\u00e1lkod\u00f3k \u00e9s a kezel\u0151k sz\u00e1m\u00e1ra.<\/p>\n<p><img decoding=\"async\" src=\"https:\/\/fmp-components.com\/wp-content\/uploads\/2024\/12\/Adjustable-Clevis-Type-Cylinders5.webp\" alt=\"\u00c1ll\u00edthat\u00f3 kengyeles henger\" width=\"800\" title=\"\"><\/p>\n<h2>\u00c1ll\u00edthat\u00f3 kengyeles hengerek alkalmaz\u00e1sa<\/h2>\n<p>Az \u00e1ll\u00edthat\u00f3 kengyeles hengerek sokoldal\u00fa hidraulikus hengerek, amelyek sz\u00e9les k\u00f6rben alkalmazhat\u00f3k k\u00fcl\u00f6nf\u00e9le ipar\u00e1gakban. Ezek a hengerek professzion\u00e1lis kivitelez\u00e9s\u00fckr\u0151l \u00e9s kiv\u00e9teles min\u0151s\u00e9g\u00fckr\u0151l ismertek, \u00edgy ide\u00e1lis v\u00e1laszt\u00e1st jelentenek a mez\u0151gazdas\u00e1gban, p\u00f3tkocsikban \u00e9s traktorokban alkalmazott ig\u00e9nyes alkalmaz\u00e1sokhoz. Ebben a cikkben r\u00e9szletesen megvizsg\u00e1ljuk az \u00e1ll\u00edthat\u00f3 kengyeles hengerek f\u0151bb jellemz\u0151it \u00e9s el\u0151nyeit.<\/p>\n<p><strong>1. Kiv\u00e1l\u00f3 teljes\u00edtm\u00e9ny:<\/strong> Az \u00e1ll\u00edthat\u00f3 kengyeles hengerek kiemelked\u0151 teljes\u00edtm\u00e9nyt ny\u00fajtanak a nagy ig\u00e9nybev\u00e9telt jelent\u0151 mez\u0151gazdas\u00e1gi alkalmaz\u00e1sokban. Robusztus konstrukci\u00f3juknak \u00e9s prec\u00edz m\u00e9rn\u00f6ki munk\u00e1juknak k\u00f6sz\u00f6nhet\u0151en ezek a hengerek nagy terhel\u00e9seknek \u00e9s zord \u00fczemi k\u00f6r\u00fclm\u00e9nyeknek is ellen\u00e1llnak. Nagynyom\u00e1s\u00fa k\u00e9pess\u00e9g\u00fck \u00e9s sima m\u0171k\u00f6d\u00e9s\u00fck alkalmass\u00e1 teszi \u0151ket sz\u00e1mos mez\u0151gazdas\u00e1gi feladatra, p\u00e9ld\u00e1ul sz\u00e1nt\u00e1sra, talajm\u0171vel\u00e9sre \u00e9s neh\u00e9zg\u00e9pek emel\u00e9s\u00e9re.<\/p>\n<p><strong>2. Fokozott sokoldal\u00fas\u00e1g:<\/strong> Ezeknek a munkahengereknek az \u00e1ll\u00edthat\u00f3 kengyeles kialak\u00edt\u00e1sa lehet\u0151v\u00e9 teszi a k\u00f6nny\u0171 telep\u00edt\u00e9st \u00e9s be\u00e1ll\u00edt\u00e1st, \u00edgy rendk\u00edv\u00fcl sokoldal\u00faan felhaszn\u00e1lhat\u00f3k k\u00fcl\u00f6nf\u00e9le mez\u0151gazdas\u00e1gi g\u00e9pek be\u00e1ll\u00edt\u00e1saiban. A kengyeles r\u00f6gz\u00edt\u00e9s biztons\u00e1gos csatlakoz\u00e1st biztos\u00edt, maxim\u00e1lis stabilit\u00e1st \u00e9s megb\u00edzhat\u00f3s\u00e1got biztos\u00edtva \u00fczem k\u00f6zben. Ez a sokoldal\u00fas\u00e1g lehet\u0151v\u00e9 teszi a gazd\u00e1lkod\u00f3k \u00e9s a berendez\u00e9sgy\u00e1rt\u00f3k sz\u00e1m\u00e1ra, hogy a munkahengereket k\u00fcl\u00f6nb\u00f6z\u0151 mez\u0151gazdas\u00e1gi eszk\u00f6z\u00f6kh\u00f6z igaz\u00edts\u00e1k, n\u00f6velve az \u00e1ltal\u00e1nos termel\u00e9kenys\u00e9get \u00e9s hat\u00e9konys\u00e1got.<\/p>\n<p><strong>3. Prec\u00edzi\u00f3s vez\u00e9rl\u00e9s:<\/strong> Az \u00e1ll\u00edthat\u00f3 kengyeles hengerek prec\u00edz vez\u00e9rl\u00e9st biztos\u00edtanak a p\u00f3tkocsik \u00e9s traktorok hidraulikus rendszerei felett. Fejlett kialak\u00edt\u00e1suk lehet\u0151v\u00e9 teszi a l\u00f6kethossz pontos be\u00e1ll\u00edt\u00e1s\u00e1t, lehet\u0151v\u00e9 t\u00e9ve a kezel\u0151k sz\u00e1m\u00e1ra a g\u00e9p teljes\u00edtm\u00e9ny\u00e9nek finomhangol\u00e1s\u00e1t. Ez a szint\u0171 vez\u00e9rl\u00e9s kulcsfontoss\u00e1g\u00fa az optim\u00e1lis eredm\u00e9nyek el\u00e9r\u00e9s\u00e9hez a mez\u0151gazdas\u00e1gi m\u0171veletek sor\u00e1n, biztos\u00edtva a hidraulikus rendszerek pontos pozicion\u00e1l\u00e1s\u00e1t \u00e9s \u00e1lland\u00f3 teljes\u00edtm\u00e9ny\u00e9t.<\/p>\n<p><strong>4. Tart\u00f3ss\u00e1g \u00e9s megb\u00edzhat\u00f3s\u00e1g:<\/strong> A professzion\u00e1lis szak\u00e9rtelem az \u00e1ll\u00edthat\u00f3 kengyeles hengerek gy\u00e1rt\u00e1s\u00e1ban nyilv\u00e1nval\u00f3, ami biztos\u00edtja hossz\u00fa t\u00e1v\u00fa tart\u00f3ss\u00e1gukat \u00e9s megb\u00edzhat\u00f3 teljes\u00edtm\u00e9ny\u00fcket. Ezek a hengerek kiv\u00e1l\u00f3 min\u0151s\u00e9g\u0171 anyagokb\u00f3l k\u00e9sz\u00fclnek, \u00e9s szigor\u00fa tesztel\u00e9sen esnek \u00e1t, hogy megfeleljenek az ipar\u00e1gi szabv\u00e1nyoknak. Megfelel\u0151 karbantart\u00e1s mellett hossz\u00fa ideig ellen\u00e1llnak a mez\u0151gazdas\u00e1gi munk\u00e1k megpr\u00f3b\u00e1ltat\u00e1sainak a teljes\u00edtm\u00e9ny vagy a biztons\u00e1g fel\u00e1ldoz\u00e1sa n\u00e9lk\u00fcl.<\/p>\n<p><strong>5. Megn\u00f6vekedett termel\u00e9kenys\u00e9g:<\/strong> Az \u00e1ll\u00edthat\u00f3 kengyeles hengerek haszn\u00e1lata a mez\u0151gazdas\u00e1gban, p\u00f3tkocsikban \u00e9s traktorokban hozz\u00e1j\u00e1rul a termel\u00e9kenys\u00e9g n\u00f6veked\u00e9s\u00e9hez. A neh\u00e9z terhek kezel\u00e9s\u00e9re val\u00f3 k\u00e9pess\u00e9g\u00fck, a prec\u00edz vez\u00e9rl\u00e9s \u00e9s a k\u00fcl\u00f6nb\u00f6z\u0151 g\u00e9pbe\u00e1ll\u00edt\u00e1sokhoz val\u00f3 alkalmazkod\u00f3k\u00e9pess\u00e9g\u00fck n\u00f6veli a mez\u0151gazdas\u00e1gi m\u0171veletek hat\u00e9konys\u00e1g\u00e1t. Ezen hengerek haszn\u00e1lat\u00e1val a gazd\u00e1lkod\u00f3k \u00e9s a berendez\u00e9sgy\u00e1rt\u00f3k egyszer\u0171s\u00edthetik folyamataikat, cs\u00f6kkenthetik az \u00e1ll\u00e1sid\u0151t \u00e9s jav\u00edthatj\u00e1k az \u00e1ltal\u00e1nos termel\u00e9kenys\u00e9get.<\/p>\n<p>\u00d6sszefoglalva, az \u00e1ll\u00edthat\u00f3 kengyeles hengerek kiv\u00e1l\u00f3 v\u00e1laszt\u00e1st jelentenek mez\u0151gazdas\u00e1gi alkalmaz\u00e1sokhoz, p\u00f3tkocsikhoz \u00e9s traktorokhoz. Professzion\u00e1lis kidolgoz\u00e1suk, sokoldal\u00fa kialak\u00edt\u00e1suk \u00e9s prec\u00edzi\u00f3s vez\u00e9rl\u00e9s\u00fck megb\u00edzhat\u00f3 \u00e9s hat\u00e9kony hidraulikus megold\u00e1ss\u00e1 teszi \u0151ket. Az\u00e1ltal, hogy \u00e1ll\u00edthat\u00f3 kengyeles hengereket \u00e9p\u00edtenek be g\u00e9peikbe, a gazd\u00e1lkod\u00f3k \u00e9s a berendez\u00e9sgy\u00e1rt\u00f3k kiv\u00e1l\u00f3 teljes\u00edtm\u00e9nyt, fokozott sokoldal\u00fas\u00e1got \u00e9s megn\u00f6vekedett termel\u00e9kenys\u00e9get \u00e9lvezhetnek m\u0171k\u00f6d\u00e9s\u00fck sor\u00e1n.<\/p>\n<p><img decoding=\"async\" src=\"https:\/\/fmp-components.com\/wp-content\/uploads\/2024\/12\/Application-of-Adjustable-Clevis-Type-Cylinders.webp\" alt=\"\u00c1ll\u00edthat\u00f3 kengyeles henger\" width=\"800\" title=\"\"><\/p>\n<h3>Az FMP-r\u0151l<\/h3>\n<p>Az FMP-n\u00e9l \u00e9p\u00edt\u0151ipari g\u00e9palkatr\u00e9szek \u00e9s komplett g\u00e9pek \u00e9rt\u00e9kes\u00edt\u00e9s\u00e9re \u00e9s szervizel\u00e9s\u00e9re szakosodtunk. Term\u00e9kk\u00edn\u00e1latunk sz\u00e9les, bele\u00e9rtve a k\u00fcl\u00f6nf\u00e9le \u00e9p\u00edt\u0151ipari g\u00e9peket, mint p\u00e9ld\u00e1ul mez\u0151gazdas\u00e1gi g\u00e9pek sebess\u00e9gv\u00e1lt\u00f3it, hidraulikus hengereket, bolyg\u00f3kerekes sebess\u00e9gv\u00e1lt\u00f3kat, ipari sebess\u00e9gv\u00e1lt\u00f3kat, mez\u0151gazdas\u00e1gi g\u00e9palkatr\u00e9szeket, valamint a hozz\u00e1juk ill\u0151, cs\u00facskateg\u00f3ri\u00e1s tartoz\u00e9kok sor\u00e1t. Az egyik legn\u00e9pszer\u0171bb term\u00e9k\u00fcnk a hidraulikus henger.<\/p>\n<p>\u00cdme \u00f6t ok, ami\u00e9rt az FMP hidraulikus hengerei a legjobb v\u00e1laszt\u00e1st jelentik g\u00e9peihez:<\/p>\n<p>1. Kiv\u00e1l\u00f3 min\u0151s\u00e9g\u0171 anyagok: Hidraulikus hengereink kiv\u00e1l\u00f3 min\u0151s\u00e9g\u0171 anyagokb\u00f3l k\u00e9sz\u00fclnek, ami biztos\u00edtja tart\u00f3ss\u00e1gukat \u00e9s megb\u00edzhat\u00f3s\u00e1gukat.<\/p>\n<p>2. Testreszabhat\u00f3 kialak\u00edt\u00e1s: \u00c1ll\u00edthat\u00f3, vill\u00e1s hengereket k\u00edn\u00e1lunk, amelyek k\u00f6nnyen testreszabhat\u00f3k az \u00d6n egyedi ig\u00e9nyeinek \u00e9s k\u00f6vetelm\u00e9nyeinek megfelel\u0151en.<\/p>\n<p>3. Professzion\u00e1lis csapat: Tapasztalt \u00e9s k\u00e9pzett \u00e9rt\u00e9kes\u00edt\u00e9si csapatunk j\u00e1rtas az \u00e9p\u00edt\u0151ipari g\u00e9piparban, \u00e9s professzion\u00e1lis term\u00e9ktan\u00e1csad\u00e1st, valamint intelligens v\u00e1s\u00e1rl\u00e1si javaslatokat tud ny\u00fajtani.<\/p>\n<p>4. Szigor\u00fa min\u0151s\u00e9gi el\u0151\u00edr\u00e1sok: Hossz\u00fa t\u00e1v\u00fa \u00e9s stabil egy\u00fcttm\u0171k\u00f6d\u00e9si kapcsolatok kialak\u00edt\u00e1s\u00e1val sz\u00e1mos kiv\u00e1l\u00f3 min\u0151s\u00e9g\u0171 belf\u00f6ldi \u00e9s k\u00fclf\u00f6ldi besz\u00e1ll\u00edt\u00f3val biztos\u00edtjuk, hogy minden sz\u00e1ll\u00edtott alkatr\u00e9sz megfeleljen a szigor\u00fa min\u0151s\u00e9gi el\u0151\u00edr\u00e1soknak.<\/p>\n<p>5. Hat\u00e9kony logisztikai eloszt\u00e1si rendszer: Hat\u00e9kony logisztikai eloszt\u00e1si rendszerrel rendelkez\u00fcnk annak biztos\u00edt\u00e1s\u00e1ra, hogy \u00fcgyfeleink id\u0151ben \u00e9s pontosan megkapj\u00e1k a sz\u00fcks\u00e9ges alkatr\u00e9szeket.<\/p>\n<p>Hidraulikus hengereink t\u00f6k\u00e9letesek k\u00fcl\u00f6nf\u00e9le alkalmaz\u00e1sokhoz, bele\u00e9rtve a mez\u0151gazdas\u00e1gi g\u00e9peket, \u00e9p\u00edt\u0151ipari g\u00e9peket \u00e9s ipari g\u00e9peket. Az FMP-vel biztos lehet benne, hogy a legjobb min\u0151s\u00e9g\u0171 term\u00e9keket \u00e9s szolg\u00e1ltat\u00e1sokat kapja, amelyeket \u00e9veknyi ipar\u00e1gi tapasztalat \u00e9s professzion\u00e1lis csapat t\u00e1mogat. Gy\u0151z\u0151dj\u00f6n meg r\u00f3la saj\u00e1t szem\u00e9vel, mi\u00e9rt az FMP a legjobb v\u00e1laszt\u00e1s \u00e9p\u00edt\u0151ipari g\u00e9palkatr\u00e9szek \u00e9s komplett g\u00e9pmegold\u00e1sok beszerz\u00e9s\u00e9hez.<\/p>\n<p><img decoding=\"async\" src=\"https:\/\/fmp-components.com\/wp-content\/uploads\/2024\/12\/Adjustable-Clevis-Type-Cylinders-6.webp\" alt=\"\u00c1ll\u00edthat\u00f3 kengyeles henger\" width=\"845\" title=\"\"><\/p>\n<h3>GYIK<\/h3>\n<p><b>K: Mekkora a p\u00f3tkocsi-vontat\u00f3 hidraulikus henger\u00e9nek maxim\u00e1lis tol\u00f3ereje?<\/b><br \/>\nA: A p\u00f3tkocsi-vontat\u00f3 hidraulikus henger\u00e9nek maxim\u00e1lis tol\u00f3ereje 3000.<\/p>\n<p><b>K: Mely ipar\u00e1gak profit\u00e1lhatnak a p\u00f3tkocsi-traktor hidraulikus henger haszn\u00e1lat\u00e1b\u00f3l?<\/b><br \/>\nV: A p\u00f3tkocsi-traktor hidraulikus hengere k\u00fcl\u00f6nf\u00e9le ipar\u00e1gakban haszn\u00e1lhat\u00f3, mint p\u00e9ld\u00e1ul a g\u00e9pjav\u00edt\u00f3 m\u0171helyek, a gazdas\u00e1gok, az energia \u00e9s a b\u00e1ny\u00e1szat, a g\u00e9pgy\u00e1rt\u00e1s \u00e9s a g\u00e9pgy\u00e1r.<\/p>\n<p><img decoding=\"async\" src=\"https:\/\/img.jiansujichilun.com\/img\/hydrauliccylinders\/C_hydrauliccylinders-5.webp\" alt=\"hidraulikus henger\" width=\"800\" title=\"\"><\/p>\n<p><b>K: A p\u00f3tkocsi-traktor hidraulikus henger\u00e9re garancia vonatkozik?<\/b><br \/>\nV: Igen, a p\u00f3tkocsi-traktor hidraulikus henger\u00e9re egy \u00e9v garancia vonatkozik.<\/p>\n<p>Szerz\u0151: CX<\/p>","protected":false},"excerpt":{"rendered":"<p>Introducing the Professional Craftsmanship Trailer Tractor Hydraulic Cylinder For Agriculture: The Professional Craftsmanship Trailer Tractor Hydraulic Cylinder For Agriculture is a high-quality hydraulic cylinder specifically designed for use in trailer tractors in the agricultural industry. This product is expertly crafted to provide exceptional performance and durability. Key Features: 1. Superior Quality: This hydraulic cylinder is [&hellip;]<\/p>","protected":false},"featured_media":1336,"comment_status":"closed","ping_status":"closed","template":"","meta":{"_et_pb_use_builder":"","_et_pb_old_content":"","_et_gb_content_width":""},"product_brand":[],"product_cat":[39],"product_tag":[41,34],"class_list":{"0":"post-1383","1":"product","2":"type-product","3":"status-publish","4":"has-post-thumbnail","6":"product_cat-adjustable-clevis-type-cylinders","7":"product_tag-adjustable-clevis-type-cylinders","8":"product_tag-hydraulic-cylinder","10":"first","11":"instock","12":"product-type-simple"},"_links":{"self":[{"href":"https:\/\/fmp-components.com\/hu\/wp-json\/wp\/v2\/product\/1383","targetHints":{"allow":["GET"]}}],"collection":[{"href":"https:\/\/fmp-components.com\/hu\/wp-json\/wp\/v2\/product"}],"about":[{"href":"https:\/\/fmp-components.com\/hu\/wp-json\/wp\/v2\/types\/product"}],"replies":[{"embeddable":true,"href":"https:\/\/fmp-components.com\/hu\/wp-json\/wp\/v2\/comments?post=1383"}],"wp:featuredmedia":[{"embeddable":true,"href":"https:\/\/fmp-components.com\/hu\/wp-json\/wp\/v2\/media\/1336"}],"wp:attachment":[{"href":"https:\/\/fmp-components.com\/hu\/wp-json\/wp\/v2\/media?parent=1383"}],"wp:term":[{"taxonomy":"product_brand","embeddable":true,"href":"https:\/\/fmp-components.com\/hu\/wp-json\/wp\/v2\/product_brand?post=1383"},{"taxonomy":"product_cat","embeddable":true,"href":"https:\/\/fmp-components.com\/hu\/wp-json\/wp\/v2\/product_cat?post=1383"},{"taxonomy":"product_tag","embeddable":true,"href":"https:\/\/fmp-components.com\/hu\/wp-json\/wp\/v2\/product_tag?post=1383"}],"curies":[{"name":"munkaf\u00fczet","href":"https:\/\/api.w.org\/{rel}","templated":true}]}}