{"id":1382,"date":"2024-12-23T02:19:41","date_gmt":"2024-12-23T02:19:41","guid":{"rendered":"https:\/\/fmp-components.com\/product\/hot-selling-adjustable-hydraulic-piston-cylinder-for-sale\/"},"modified":"2024-12-23T02:35:58","modified_gmt":"2024-12-23T02:35:58","slug":"hot-selling-adjustable-hydraulic-piston-cylinder-for-sale","status":"publish","type":"product","link":"https:\/\/fmp-components.com\/hu\/product\/hot-selling-adjustable-hydraulic-piston-cylinder-for-sale\/","title":{"rendered":"Elad\u00f3 \u00e1ll\u00edthat\u00f3 hidraulikus dugatty\u00fas henger"},"content":{"rendered":"<h2>Elad\u00f3 \u00e1ll\u00edthat\u00f3 hidraulikus dugatty\u00fas henger<\/h2>\n<p>A n\u00e9pszer\u0171, \u00e1ll\u00edthat\u00f3 hidraulikus dugatty\u00fas henger a hidraulikus rendszerek alapvet\u0151 eleme. \u00dagy tervezt\u00e9k, hogy a folyad\u00e9knyom\u00e1s energi\u00e1j\u00e1t line\u00e1ris mozg\u00e1ss\u00e1 alak\u00edtsa. Ez a henger ide\u00e1lis k\u00fcl\u00f6nf\u00e9le ipari alkalmaz\u00e1sokhoz.<\/p>\n<p>A henger \u00e1ll\u00edthat\u00f3s\u00e1ga sokoldal\u00fa v\u00e1laszt\u00e1ss\u00e1 teszi a prec\u00edz pozicion\u00e1l\u00e1st ig\u00e9nyl\u0151 g\u00e9pek sz\u00e1m\u00e1ra. A l\u00f6kethossz egyszer\u0171 be\u00e1ll\u00edt\u00e1s\u00e1nak k\u00f6sz\u00f6nhet\u0151en sz\u00e9les k\u00f6rben haszn\u00e1lhat\u00f3.<\/p>\n<p>Ennek a hengernek az egyik legfontosabb el\u0151nye a tart\u00f3ss\u00e1ga. \u00dagy tervezt\u00e9k, hogy ellen\u00e1lljon a nagy terhel\u00e9seknek \u00e9s a nagynyom\u00e1s\u00fa alkalmaz\u00e1soknak, \u00edgy ide\u00e1lis a neh\u00e9z k\u00f6rnyezetben val\u00f3 haszn\u00e1latra. Ezenk\u00edv\u00fcl kiv\u00e1l\u00f3 min\u0151s\u00e9g\u0171 anyagokb\u00f3l k\u00e9sz\u00fclt, ami biztos\u00edtja a hossz\u00fa t\u00e1v\u00fa teljes\u00edtm\u00e9nyt \u00e9s megb\u00edzhat\u00f3s\u00e1got.<\/p>\n<p>A n\u00e9pszer\u0171, \u00e1ll\u00edthat\u00f3 hidraulikus dugatty\u00fas henger k\u00f6nnyen telep\u00edthet\u0151 \u00e9s haszn\u00e1lhat\u00f3, \u00edgy k\u00e9nyelmes v\u00e1laszt\u00e1s a gy\u00e1rt\u00f3k \u00e9s az ipari alkalmaz\u00e1sok sz\u00e1m\u00e1ra. K\u00fcl\u00f6nb\u00f6z\u0151 m\u00e9retekben \u00e9s konfigur\u00e1ci\u00f3kban is kaphat\u00f3, \u00edgy sz\u00e1mos alkalmaz\u00e1shoz alkalmas.<\/p>\n<p><img loading=\"lazy\" decoding=\"async\" class=\"alignnone size-full wp-image-1334\" src=\"https:\/\/fmp-components.com\/wp-content\/uploads\/2024\/12\/Adjustable-Clevis-Type-Cylinders-4.webp\" alt=\"\u00c1ll\u00edthat\u00f3 vill\u00e1s hengerek\" width=\"800\" height=\"800\" title=\"\" srcset=\"https:\/\/fmp-components.com\/wp-content\/uploads\/2024\/12\/Adjustable-Clevis-Type-Cylinders-4.webp 800w, https:\/\/fmp-components.com\/wp-content\/uploads\/2024\/12\/Adjustable-Clevis-Type-Cylinders-4-480x480.webp 480w\" sizes=\"(min-width: 0px) and (max-width: 480px) 480px, (min-width: 481px) 800px, 100vw\" \/><\/p>\n<p>\u00d6sszefoglalva, a n\u00e9pszer\u0171, \u00e1ll\u00edthat\u00f3 hidraulikus dugatty\u00fas henger egy kiv\u00e1l\u00f3 min\u0151s\u00e9g\u0171 \u00e9s sokoldal\u00fa alkatr\u00e9sz, amely ide\u00e1lis k\u00fcl\u00f6nf\u00e9le ipari alkalmaz\u00e1sokhoz. Tart\u00f3ss\u00e1ga, \u00e1ll\u00edthat\u00f3s\u00e1ga \u00e9s k\u00f6nny\u0171 kezelhet\u0151s\u00e9ge n\u00e9pszer\u0171 v\u00e1laszt\u00e1ss\u00e1 teszi a gy\u00e1rt\u00f3k \u00e9s az ipari \u00fczemeltet\u0151k k\u00f6r\u00e9ben.<\/p>\n<p><strong>Term\u00e9kinform\u00e1ci\u00f3k<\/strong><\/p>\n<table style=\"width: 100%;\" border=\"1\" width=\"100%\" cellspacing=\"0\" cellpadding=\"0\">\n<tbody>\n<tr>\n<th>\u00c1llapot<\/th>\n<td>\u00daj<\/td>\n<\/tr>\n<tr>\n<th>Garancia<\/th>\n<td>1 \u00e9v<\/td>\n<\/tr>\n<tr>\n<th>Alkalmazhat\u00f3 ipar\u00e1gak<\/th>\n<td>G\u00e9pjav\u00edt\u00f3 m\u0171helyek, Mez\u0151gazdas\u00e1g, Energia \u00e9s b\u00e1ny\u00e1szat, G\u00e9pgy\u00e1rt\u00e1s, G\u00e9pgy\u00e1r<\/td>\n<\/tr>\n<tr>\n<th>S\u00faly (KG)<\/th>\n<td>30<\/td>\n<\/tr>\n<tr>\n<th>Vide\u00f3s kimen\u0151 ellen\u0151rz\u00e9s<\/th>\n<td>Felt\u00e9ve<\/td>\n<\/tr>\n<tr>\n<th>G\u00e9ptesztel\u00e9si jelent\u00e9s<\/th>\n<td>Felt\u00e9ve<\/td>\n<\/tr>\n<tr>\n<th>Marketingt\u00edpus<\/th>\n<td>\u00daj term\u00e9k 2023<\/td>\n<\/tr>\n<tr>\n<th>Az alapvet\u0151 alkatr\u00e9szek garanci\u00e1ja<\/th>\n<td>1 \u00e9v<\/td>\n<\/tr>\n<tr>\n<th>Alapvet\u0151 \u00f6sszetev\u0151k<\/th>\n<td>Csap\u00e1gy, hidraulikus henger<\/td>\n<\/tr>\n<tr>\n<th>Standard vagy nem szabv\u00e1nyos<\/th>\n<td>Standard<\/td>\n<\/tr>\n<tr>\n<th>Szerkezet<\/th>\n<td>Dugatty\u00fas henger<\/td>\n<\/tr>\n<tr>\n<th>Hatalom<\/th>\n<td>Hidraulikus<\/td>\n<\/tr>\n<tr>\n<th>Test anyaga<\/th>\n<td>Ac\u00e9l<\/td>\n<\/tr>\n<tr>\n<th>Max. tol\u00f3er\u0151<\/th>\n<td>3000<\/td>\n<\/tr>\n<tr>\n<th>T\u00edpus<\/th>\n<td>\u00c1ll\u00edthat\u00f3 Clevis t\u00edpus\u00fa hengerek<\/td>\n<\/tr>\n<tr>\n<th>kik\u00f6t\u0151k<\/th>\n<td>G\/SAE\/NPT\/M<\/td>\n<\/tr>\n<tr>\n<th>Max. h\u00faz\u00f3er\u0151<\/th>\n<td>20 tonna<\/td>\n<\/tr>\n<tr>\n<th>Tan\u00fas\u00edtv\u00e1ny<\/th>\n<td>ISO9001:2000<\/td>\n<\/tr>\n<tr>\n<th>Furatm\u00e9ret<\/th>\n<td>2-6 h\u00fcvelyk<\/td>\n<\/tr>\n<tr>\n<th>R\u00fad m\u00e9rete<\/th>\n<td>1,125-4 h\u00fcvelyk<\/td>\n<\/tr>\n<tr>\n<th>Ecsetvon\u00e1s m\u00e9rete<\/th>\n<td>4-100 h\u00fcvelyk<\/td>\n<\/tr>\n<tr>\n<th>Cs\u00edp\u0151m\u00e9ret<\/th>\n<td>0,5-2 h\u00fcvelyk<\/td>\n<\/tr>\n<tr>\n<th>Sz\u00edn<\/th>\n<td>Fekete<\/td>\n<\/tr>\n<tr>\n<th>Csomagol\u00e1si r\u00e9szletek<\/th>\n<td>Vastok, r\u00e9tegelt lemez tok vagy kartondoboz<\/td>\n<\/tr>\n<\/tbody>\n<\/table>\n<p>&nbsp;<\/p>\n<h2>Az \u00e1ll\u00edthat\u00f3 kengyeles hengerek el\u0151nyei<\/h2>\n<p>Az \u00e1ll\u00edthat\u00f3 kengyeles hengerek, mint p\u00e9ld\u00e1ul a n\u00e9pszer\u0171, \u00e1ll\u00edthat\u00f3 hidraulikus dugatty\u00fas hengerek, sz\u00e1mos el\u0151nnyel \u00e9s hasznal k\u00edn\u00e1lnak, amelyek n\u00e9pszer\u0171v\u00e9 teszik \u0151ket a k\u00fcl\u00f6nb\u00f6z\u0151 ipar\u00e1gakban. Ebben a cikkben r\u00e9szletesen megvizsg\u00e1ljuk ezeket az el\u0151ny\u00f6ket.<\/p>\n<p>1. Fokozott rugalmass\u00e1g: Az \u00e1ll\u00edthat\u00f3 kengyeles hengerek egyik legfontosabb el\u0151nye, hogy fokozott rugalmass\u00e1got biztos\u00edtanak a k\u00fcl\u00f6nf\u00e9le alkalmaz\u00e1sokban. Ezek a hengerek \u00e1ll\u00edthat\u00f3 r\u00f6gz\u00edt\u00e9si lehet\u0151s\u00e9geket tesznek lehet\u0151v\u00e9, ami azt jelenti, hogy k\u00f6nnyen adapt\u00e1lhat\u00f3k a k\u00fcl\u00f6nb\u00f6z\u0151 telep\u00edt\u00e9si k\u00f6vetelm\u00e9nyekhez. Ak\u00e1r a r\u00f6gz\u00edt\u00e9si sz\u00f6g, ak\u00e1r a poz\u00edci\u00f3 be\u00e1ll\u00edt\u00e1s\u00e1r\u00f3l van sz\u00f3, ezek a hengerek biztos\u00edtj\u00e1k a sz\u00fcks\u00e9ges rugalmass\u00e1got az adott ig\u00e9nyek kiel\u00e9g\u00edt\u00e9s\u00e9hez.<\/p>\n<p>2. Prec\u00edz pozicion\u00e1l\u00e1s: Az \u00e1ll\u00edthat\u00f3 kengyeles hengerek egy m\u00e1sik figyelemre m\u00e9lt\u00f3 el\u0151nye a prec\u00edz pozicion\u00e1l\u00e1s k\u00e9pess\u00e9ge. Az \u00e1ll\u00edthat\u00f3 kengyeles r\u00f6gz\u00edt\u00e9seknek k\u00f6sz\u00f6nhet\u0151en ezek a hengerek finomhangolhat\u00f3k a pontos \u00e9s megism\u00e9telhet\u0151 pozicion\u00e1l\u00e1s \u00e9rdek\u00e9ben. Ez k\u00fcl\u00f6n\u00f6sen el\u0151ny\u00f6s azokban az alkalmaz\u00e1sokban, ahol a prec\u00edz vez\u00e9rl\u00e9s \u00e9s pozicion\u00e1l\u00e1s kulcsfontoss\u00e1g\u00fa, p\u00e9ld\u00e1ul a gy\u00e1rt\u00e1si folyamatokban vagy az anyagmozgat\u00f3 rendszerekben.<\/p>\n<p>3. Jav\u00edtott tehereloszt\u00e1s: Az \u00e1ll\u00edthat\u00f3 kengyeles hengerek kiv\u00e1l\u00f3an alkalmasak a teher egyenletes eloszt\u00e1s\u00e1ra. Az \u00e1ll\u00edthat\u00f3 r\u00f6gz\u00edt\u00e9si poz\u00edci\u00f3knak k\u00f6sz\u00f6nhet\u0151en ezek a hengerek be\u00e1ll\u00edthat\u00f3k az optim\u00e1lis tehereloszt\u00e1s \u00e9rdek\u00e9ben t\u00f6bb ponton, megakad\u00e1lyozva a t\u00falzott terhel\u00e9st egyetlen ponton sem. Ez seg\u00edt n\u00f6velni az \u00e1ltal\u00e1nos stabilit\u00e1st \u00e9s hat\u00e9konys\u00e1got a k\u00fcl\u00f6nf\u00e9le teherhord\u00f3 alkalmaz\u00e1sokban.<\/p>\n<p>4. Megn\u00f6velt teljes\u00edtm\u00e9ny: Az \u00e1ll\u00edthat\u00f3 kengyeles hengerek haszn\u00e1lata jelent\u0151sen n\u00f6velheti a hidraulikus rendszer teljes\u00edtm\u00e9ny\u00e9t. A beszerel\u00e9si poz\u00edci\u00f3 finomhangol\u00e1s\u00e1val ezek a hengerek jav\u00edthatj\u00e1k a mozg\u00f3 alkatr\u00e9szek be\u00e1ll\u00edt\u00e1s\u00e1t, cs\u00f6kkentve a s\u00farl\u00f3d\u00e1st \u00e9s a kop\u00e1st. Ez viszont sim\u00e1bb m\u0171k\u00f6d\u00e9st, jobb hat\u00e9konys\u00e1got \u00e9s hosszabb alkatr\u00e9sz-\u00e9lettartamot eredm\u00e9nyez.<\/p>\n<p>5. K\u00f6nny\u0171 karbantart\u00e1s: Az \u00e1ll\u00edthat\u00f3 kengyeles hengerek a k\u00f6nny\u0171 karbantart\u00e1s el\u0151ny\u00e9t is k\u00edn\u00e1lj\u00e1k. Az \u00e1ll\u00edthat\u00f3 r\u00f6gz\u00edt\u00e9si lehet\u0151s\u00e9gekkel a hengerhez val\u00f3 hozz\u00e1f\u00e9r\u00e9s \u00e9s szervizel\u00e9s egyszer\u0171bb\u00e9 \u00e9s k\u00e9nyelmesebb\u00e9 v\u00e1lik. Ez lehet\u0151v\u00e9 teszi a gyorsabb ellen\u0151rz\u00e9seket, jav\u00edt\u00e1sokat \u00e9s cser\u00e9ket, minimaliz\u00e1lva az \u00e1ll\u00e1sid\u0151t \u00e9s jav\u00edtva az \u00e1ltal\u00e1nos termel\u00e9kenys\u00e9get.<\/p>\n<p>\u00d6sszefoglalva, az \u00e1ll\u00edthat\u00f3 kengyeles hengereknek, mint p\u00e9ld\u00e1ul a n\u00e9pszer\u0171, \u00e1ll\u00edthat\u00f3 hidraulikus dugatty\u00fas hengereknek, sz\u00e1mos el\u0151ny\u00fck van. A fokozott rugalmass\u00e1gt\u00f3l \u00e9s a prec\u00edz pozicion\u00e1l\u00e1st\u00f3l a jobb terhel\u00e9seloszt\u00e1sig \u00e9s teljes\u00edtm\u00e9nyig ezek a hengerek sz\u00e1mos el\u0151nnyel j\u00e1rnak, amelyek miatt a k\u00fcl\u00f6nb\u00f6z\u0151 ipar\u00e1gakban kedvelt v\u00e1laszt\u00e1snak sz\u00e1m\u00edtanak. \u00c1ll\u00edthat\u00f3 r\u00f6gz\u00edt\u00e9si lehet\u0151s\u00e9geiknek k\u00f6sz\u00f6nhet\u0151en ezek a hengerek sokoldal\u00fas\u00e1got, egyszer\u0171 karbantart\u00e1st \u00e9s jobb hat\u00e9konys\u00e1got biztos\u00edtanak.<img decoding=\"async\" src=\"https:\/\/fmp-components.com\/wp-content\/uploads\/2024\/12\/Adjustable-Clevis-Type-Cylinders5.webp\" alt=\"\u00c1ll\u00edthat\u00f3 kengyeles henger\" width=\"800\" title=\"\"><\/p>\n<h2>\u00c1ll\u00edthat\u00f3 kengyeles hengerek alkalmaz\u00e1sa<\/h2>\n<p>Az \u00e1ll\u00edthat\u00f3 kengyeles hengerek, mint p\u00e9ld\u00e1ul a n\u00e9pszer\u0171, \u00e1ll\u00edthat\u00f3 hidraulikus dugatty\u00fas hengerek, sokoldal\u00fa alkatr\u00e9szek, amelyeket sz\u00e9les k\u00f6rben haszn\u00e1lnak a k\u00fcl\u00f6nb\u00f6z\u0151 ipar\u00e1gakban. Ezek a hengerek sz\u00e1mos el\u0151nnyel j\u00e1rnak, \u00e9s k\u00fcl\u00f6nb\u00f6z\u0151 helyzetekben alkalmazhat\u00f3k, ahol prec\u00edz \u00e9s szab\u00e1lyozott line\u00e1ris mozg\u00e1sra van sz\u00fcks\u00e9g. Ebben a cikkben az \u00e1ll\u00edthat\u00f3 kengyeles hengerek alkalmaz\u00e1sait vizsg\u00e1ljuk meg, \u00e9s r\u00e9szletesebben megvizsg\u00e1ljuk funkci\u00f3ikat \u00e9s el\u0151nyeiket.<\/p>\n<p>1. <u>Ipari automatiz\u00e1l\u00e1s:<\/u> Az \u00e1ll\u00edthat\u00f3 kengyeles hengerek kulcsfontoss\u00e1g\u00fa szerepet j\u00e1tszanak az ipari automatiz\u00e1l\u00e1si rendszerekben. \u00c1ltal\u00e1ban robotikai alkalmaz\u00e1sokban haszn\u00e1lj\u00e1k \u0151ket, ahol biztos\u00edtj\u00e1k a sz\u00fcks\u00e9ges er\u0151t \u00e9s mozg\u00e1svez\u00e9rl\u00e9st a k\u00fcl\u00f6nf\u00e9le feladatok elv\u00e9gz\u00e9s\u00e9hez. Ezek a hengerek k\u00fcl\u00f6nb\u00f6z\u0151 l\u00f6kethosszak \u00e9s poz\u00edci\u00f3k el\u00e9r\u00e9s\u00e9hez \u00e1ll\u00edthat\u00f3k, lehet\u0151v\u00e9 t\u00e9ve a prec\u00edz \u00e9s megism\u00e9telhet\u0151 mozg\u00e1sokat az \u00f6sszeszerel\u0151 sorokban, az anyagmozgat\u00e1sban \u00e9s m\u00e1s automatiz\u00e1lt folyamatokban.<\/p>\n<p>2. <u>Szersz\u00e1mg\u00e9pek:<\/u> A szersz\u00e1mg\u00e9pek vil\u00e1g\u00e1ban az \u00e1ll\u00edthat\u00f3 kengyeles hengerek sz\u00e9les k\u00f6rben elterjedtek. Pr\u00e9sekben, lyukaszt\u00f3kban \u00e9s hajl\u00edt\u00f3g\u00e9pekben haszn\u00e1lj\u00e1k \u0151ket k\u00fcl\u00f6nf\u00e9le m\u0171veletek megk\u00f6nny\u00edt\u00e9s\u00e9re. Ezeknek a hengereknek az \u00e1ll\u00edthat\u00f3 jellege lehet\u0151v\u00e9 teszi a k\u00f6nny\u0171 alkalmazkod\u00e1st a k\u00fcl\u00f6nb\u00f6z\u0151 munkadarabokhoz \u00e9s a k\u00edv\u00e1nt er\u0151ig\u00e9nyekhez. Pontos vez\u00e9rl\u00e9s\u00fckkel \u00e9s megb\u00edzhat\u00f3 teljes\u00edtm\u00e9ny\u00fckkel az \u00e1ll\u00edthat\u00f3 kengyeles hengerek hozz\u00e1j\u00e1rulnak a megmunk\u00e1l\u00e1si folyamatok hat\u00e9konys\u00e1g\u00e1hoz \u00e9s pontoss\u00e1g\u00e1hoz.<\/p>\n<p>3. <u>\u00c9p\u00edt\u0151ipar \u00e9s neh\u00e9zg\u00e9pek:<\/u> Az \u00e1ll\u00edthat\u00f3 kengyeles hengereket sz\u00e9les k\u00f6rben haszn\u00e1lj\u00e1k az \u00e9p\u00edt\u0151iparban \u00e9s a neh\u00e9zg\u00e9piparban is. Olyan berendez\u00e9sekben alkalmazz\u00e1k \u0151ket, mint a daruk, kotr\u00f3g\u00e9pek \u00e9s rakod\u00f3g\u00e9pek, hogy szab\u00e1lyozott emel\u00e9si \u00e9s mozg\u00e1si k\u00e9pess\u00e9geket biztos\u00edtsanak. Ezek a hengerek lehet\u0151v\u00e9 teszik a kezel\u0151k sz\u00e1m\u00e1ra, hogy az emel\u00e9si \u00e9s kitol\u00e1si hosszokat az egyes feladatok konkr\u00e9t k\u00f6vetelm\u00e9nyeinek megfelel\u0151en \u00e1ll\u00edts\u00e1k be, biztos\u00edtva a biztons\u00e1gos \u00e9s hat\u00e9kony m\u0171k\u00f6d\u00e9st \u00e9p\u00edtkez\u00e9seken \u00e9s m\u00e1s neh\u00e9zg\u00e9p-alkalmaz\u00e1sokban.<\/p>\n<p>4. <u>Sz\u00e1ll\u00edt\u00e1s:<\/u> Az \u00e1ll\u00edthat\u00f3 kengyeles hengerek l\u00e9tfontoss\u00e1g\u00fa szerepet j\u00e1tszanak a k\u00fcl\u00f6nf\u00e9le sz\u00e1ll\u00edt\u00e1si rendszerekben. Olyan j\u00e1rm\u0171vekben haszn\u00e1lj\u00e1k \u0151ket, mint a d\u00f6mperek, a kuk\u00e1saut\u00f3k \u00e9s a mez\u0151gazdas\u00e1gi g\u00e9pek, hogy lehet\u0151v\u00e9 tegy\u00e9k a szab\u00e1lyozott billent\u00e9si, lerak\u00e1si \u00e9s emel\u00e9si m\u0171veleteket. Ezeknek a hengereknek az \u00e1ll\u00edthat\u00f3s\u00e1ga lehet\u0151v\u00e9 teszi a mozg\u00e1s pontos ir\u00e1ny\u00edt\u00e1s\u00e1t, biztos\u00edtva a rakom\u00e1nyok biztons\u00e1gos \u00e9s hat\u00e9kony kezel\u00e9s\u00e9t sz\u00e1ll\u00edt\u00e1si alkalmaz\u00e1sokban.<\/p>\n<p>5. <u>Mez\u0151gazdas\u00e1g:<\/u> A mez\u0151gazdas\u00e1gi szektorban az \u00e1ll\u00edthat\u00f3 kengyeles hengereket sz\u00e1mos mez\u0151gazdas\u00e1gi berendez\u00e9sben alkalmazz\u00e1k. Olyan g\u00e9pekben haszn\u00e1lj\u00e1k \u0151ket, mint a betakar\u00edt\u00f3 g\u00e9pek, b\u00e1l\u00e1z\u00f3k \u00e9s permetez\u0151g\u00e9pek, hogy szab\u00e1lyozott mozg\u00e1sokat biztos\u00edtsanak olyan feladatokhoz, mint a term\u00e9nybetakar\u00edt\u00e1s, a b\u00e1l\u00e1z\u00e1s \u00e9s a permetez\u00e9s. Ezeknek a hengereknek az \u00e1ll\u00edthat\u00f3s\u00e1ga lehet\u0151v\u00e9 teszi a gazd\u00e1lkod\u00f3k sz\u00e1m\u00e1ra, hogy berendez\u00e9seiket a k\u00fcl\u00f6nb\u00f6z\u0151 term\u00e9smagass\u00e1gokhoz \u00e9s a terepviszonyokhoz igaz\u00edts\u00e1k, n\u00f6velve a termel\u00e9kenys\u00e9get \u00e9s optimaliz\u00e1lva az er\u0151forr\u00e1s-kihaszn\u00e1l\u00e1st.<\/p>\n<p>\u00d6sszefoglalva, az \u00e1ll\u00edthat\u00f3 kengyeles hengerek sokoldal\u00fa alkatr\u00e9szek, amelyek sz\u00e1mos ipar\u00e1gban alkalmazhat\u00f3k. \u00c1ll\u00edthat\u00f3 jelleg\u00fck, a prec\u00edz vez\u00e9rl\u00e9ssel \u00e9s megb\u00edzhat\u00f3s\u00e1ggal p\u00e1rosulva n\u00e9lk\u00fcl\u00f6zhetetlenn\u00e9 teszi \u0151ket az ipari automatiz\u00e1l\u00e1sban, a szersz\u00e1mg\u00e9pekben, az \u00e9p\u00edt\u0151iparban \u00e9s a neh\u00e9zg\u00e9pekben, a sz\u00e1ll\u00edtm\u00e1nyoz\u00e1sban \u00e9s a mez\u0151gazdas\u00e1gban. A nagy keresletnek \u00f6rvend\u0151, \u00e1ll\u00edthat\u00f3 hidraulikus dugatty\u00fas henger egy ilyen henger kiv\u00e1l\u00f3 p\u00e9ld\u00e1ja, amely kiv\u00e1l\u00f3 teljes\u00edtm\u00e9nyt \u00e9s rugalmass\u00e1got k\u00edn\u00e1l az ig\u00e9nyes alkalmaz\u00e1sokban.<img decoding=\"async\" src=\"https:\/\/fmp-components.com\/wp-content\/uploads\/2024\/12\/Application-of-Adjustable-Clevis-Type-Cylinders.webp\" alt=\"\u00c1ll\u00edthat\u00f3 kengyeles henger\" width=\"800\" title=\"\"><\/p>\n<h3>Az FMP-r\u0151l \u2013 az \u00d6n professzion\u00e1lis hidraulikus henger besz\u00e1ll\u00edt\u00f3j\u00e1r\u00f3l<\/h3>\n<p>Az FMP-n\u00e9l \u00e9p\u00edt\u0151ipari g\u00e9pek alkatr\u00e9szeinek \u00e9s komplett g\u00e9peinek \u00e9rt\u00e9kes\u00edt\u00e9s\u00e9re \u00e9s szervizel\u00e9s\u00e9re szakosodtunk, \u00e9s b\u00fcszk\u00e9k vagyunk arra, hogy a kiv\u00e1l\u00f3 min\u0151s\u00e9g\u0171 \u00e9s megb\u00edzhat\u00f3 hidraulikus hengerek vezet\u0151 sz\u00e1ll\u00edt\u00f3i vagyunk. \u00cdme n\u00e9h\u00e1ny ok, ami\u00e9rt \u00fagy gondoljuk, hogy hidraulikus hengereink a legjobbak a piacon:<\/p>\n<p>1. Prec\u00edzi\u00f3s tervez\u00e9s \u2013 Hidraulikus hengereinket prec\u00edzi\u00f3s tervez\u00e9ssel tervezt\u00fck, \u00edgy biztos\u00edtva a tart\u00f3ss\u00e1got \u00e9s a megb\u00edzhat\u00f3s\u00e1got m\u00e9g a legnehezebb k\u00f6r\u00fclm\u00e9nyek k\u00f6z\u00f6tt is.<\/p>\n<p>2. Sz\u00e9lesk\u00f6r\u0171 alkalmaz\u00e1sok \u2013 Hidraulikus hengereink sz\u00e9les k\u00f6rben haszn\u00e1lhat\u00f3k, bele\u00e9rtve a mez\u0151gazdas\u00e1gi g\u00e9peket, ipari berendez\u00e9seket \u00e9s \u00e9p\u00edt\u0151ipari g\u00e9peket.<\/p>\n<p>3. Egyedi tervez\u00e9s \u2013 Hidraulikus hengereink tervez\u00e9s\u00e9t testre szabhatjuk \u00fcgyfeleink egyedi ig\u00e9nyeinek megfelel\u0151en, biztos\u00edtva, hogy a lehet\u0151 legjobb teljes\u00edtm\u00e9nyt ny\u00fajts\u00e1k term\u00e9keinkb\u0151l.<\/p>\n<p>4. Kiv\u00e1l\u00f3 min\u0151s\u00e9g\u0171 anyagok \u2013 Hidraulikus hengereink gy\u00e1rt\u00e1sa sor\u00e1n kiz\u00e1r\u00f3lag a legkiv\u00e1l\u00f3bb min\u0151s\u00e9g\u0171 anyagokat haszn\u00e1ljuk, \u00edgy biztos\u00edtva, hogy azok id\u0151vel is ellen\u00e1lljanak a kop\u00e1snak \u00e9s a szakad\u00e1snak.<\/p>\n<p>5. Kiv\u00e1l\u00f3 \u00fcgyf\u00e9lszolg\u00e1lat \u2013 Az FMP-n\u00e9l b\u00fcszk\u00e9k vagyunk arra, hogy minden \u00fcgyfel\u00fcnknek kiv\u00e1l\u00f3 \u00fcgyf\u00e9lszolg\u00e1latot ny\u00fajtunk. A term\u00e9ktan\u00e1csad\u00e1st\u00f3l az intelligens v\u00e1s\u00e1rl\u00e1si javaslatokig, tapasztalt \u00e9rt\u00e9kes\u00edt\u00e9si csapatunk mindig k\u00e9szen \u00e1ll a seg\u00edts\u00e9g\u00e9re.<\/p>\n<p>Teh\u00e1t, ha megb\u00edzhat\u00f3 \u00e9s tart\u00f3s hidraulikus henger besz\u00e1ll\u00edt\u00f3t keres, az FMP a t\u00f6k\u00e9letes v\u00e1laszt\u00e1s. L\u00e9pjen kapcsolatba vel\u00fcnk m\u00e9g ma, hogy t\u00f6bbet megtudjon term\u00e9keinkr\u0151l \u00e9s szolg\u00e1ltat\u00e1sainkr\u00f3l, \u00e9s arr\u00f3l, hogyan seg\u00edthet\u00fcnk \u00d6nnek \u00e9p\u00edt\u0151ipari g\u00e9pekkel kapcsolatos ig\u00e9nyei kiel\u00e9g\u00edt\u00e9s\u00e9ben!<\/p>\n<p><img decoding=\"async\" src=\"https:\/\/fmp-components.com\/wp-content\/uploads\/2024\/12\/Adjustable-Clevis-Type-Cylinders-6.webp\" alt=\"\u00c1ll\u00edthat\u00f3 kengyeles henger\" width=\"844\" title=\"\"><\/p>\n<h2>GYIK<\/h2>\n<p><strong>K: Mekkora az \u00e1ll\u00edthat\u00f3 hidraulikus dugatty\u00fas henger maxim\u00e1lis h\u00faz\u00f3ereje?<\/strong><br \/>\nA: Az \u00e1ll\u00edthat\u00f3 hidraulikus dugatty\u00fas henger maxim\u00e1lis h\u00faz\u00f3ereje 20 tonna.<\/p>\n<p><strong>K: Mennyi a hidraulikus dugatty\u00fas henger j\u00f3t\u00e1ll\u00e1si ideje?<\/strong><br \/>\nV: Egy \u00e9v garanci\u00e1t v\u00e1llalunk a hidraulikus dugatty\u00fas hengerre \u00e9s annak f\u0151 alkatr\u00e9szeire.<\/p>\n<p><strong>K: ISO tan\u00fas\u00edtv\u00e1nnyal rendelkeznek a hidraulikus dugatty\u00fas hengerek?<\/strong><br \/>\nV: Igen, hidraulikus dugatty\u00fas hengereink ISO9001:2000 tan\u00fas\u00edtv\u00e1nnyal rendelkeznek.<\/p>\n<p><img decoding=\"async\" src=\"https:\/\/img.jiansujichilun.com\/img\/hydrauliccylinders\/C_hydrauliccylinders-3.webp\" alt=\"hidraulikus henger\" width=\"800\" title=\"\"><\/p>\n<p>Szerz\u0151: CX<\/p>","protected":false},"excerpt":{"rendered":"<p>Hot Selling Adjustable Hydraulic Piston Cylinder For Sale The Hot Selling Adjustable Hydraulic Piston Cylinder is an essential component in hydraulic systems. It is designed to convert the energy from fluid pressure into linear motion. This cylinder is ideal for use in various industrial applications. The adjustable feature of this cylinder makes it a versatile [&hellip;]<\/p>","protected":false},"featured_media":1340,"comment_status":"closed","ping_status":"closed","template":"","meta":{"_et_pb_use_builder":"","_et_pb_old_content":"","_et_gb_content_width":""},"product_brand":[],"product_cat":[39],"product_tag":[41,34],"class_list":{"0":"post-1382","1":"product","2":"type-product","3":"status-publish","4":"has-post-thumbnail","6":"product_cat-adjustable-clevis-type-cylinders","7":"product_tag-adjustable-clevis-type-cylinders","8":"product_tag-hydraulic-cylinder","10":"first","11":"instock","12":"product-type-simple"},"_links":{"self":[{"href":"https:\/\/fmp-components.com\/hu\/wp-json\/wp\/v2\/product\/1382","targetHints":{"allow":["GET"]}}],"collection":[{"href":"https:\/\/fmp-components.com\/hu\/wp-json\/wp\/v2\/product"}],"about":[{"href":"https:\/\/fmp-components.com\/hu\/wp-json\/wp\/v2\/types\/product"}],"replies":[{"embeddable":true,"href":"https:\/\/fmp-components.com\/hu\/wp-json\/wp\/v2\/comments?post=1382"}],"wp:featuredmedia":[{"embeddable":true,"href":"https:\/\/fmp-components.com\/hu\/wp-json\/wp\/v2\/media\/1340"}],"wp:attachment":[{"href":"https:\/\/fmp-components.com\/hu\/wp-json\/wp\/v2\/media?parent=1382"}],"wp:term":[{"taxonomy":"product_brand","embeddable":true,"href":"https:\/\/fmp-components.com\/hu\/wp-json\/wp\/v2\/product_brand?post=1382"},{"taxonomy":"product_cat","embeddable":true,"href":"https:\/\/fmp-components.com\/hu\/wp-json\/wp\/v2\/product_cat?post=1382"},{"taxonomy":"product_tag","embeddable":true,"href":"https:\/\/fmp-components.com\/hu\/wp-json\/wp\/v2\/product_tag?post=1382"}],"curies":[{"name":"munkaf\u00fczet","href":"https:\/\/api.w.org\/{rel}","templated":true}]}}