{"id":1381,"date":"2024-12-23T02:19:41","date_gmt":"2024-12-23T02:19:41","guid":{"rendered":"https:\/\/fmp-components.com\/product\/factory-direct-sale-piston-adjustable-hydraulic-cylinder-for-tractor\/"},"modified":"2024-12-23T02:35:52","modified_gmt":"2024-12-23T02:35:52","slug":"factory-direct-sale-piston-adjustable-hydraulic-cylinder-for-tractor","status":"publish","type":"product","link":"https:\/\/fmp-components.com\/hu\/product\/factory-direct-sale-piston-adjustable-hydraulic-cylinder-for-tractor\/","title":{"rendered":"Gy\u00e1ri k\u00f6zvetlen \u00e9rt\u00e9kes\u00edt\u00e9s\u0171 dugatty\u00fas \u00e1ll\u00edthat\u00f3 hidraulikus henger traktorhoz"},"content":{"rendered":"<p>Bemutatkozik a gy\u00e1rilag \u00e9rt\u00e9kes\u00edtett dugatty\u00fas \u00e1ll\u00edthat\u00f3 hidraulikus henger traktorhoz:<\/p>\n<p>A gy\u00e1rilag k\u00f6zvetlen\u00fcl \u00e9rt\u00e9kes\u00edtett dugatty\u00fas, \u00e1ll\u00edthat\u00f3 hidraulikus henger traktorokhoz egy kiv\u00e1l\u00f3 min\u0151s\u00e9g\u0171 \u00e9s sokoldal\u00fa term\u00e9k, amelyet a traktorok hidraulikus ig\u00e9nyeinek kiel\u00e9g\u00edt\u00e9s\u00e9re terveztek. Ez a hidraulikus henger kiv\u00e1l\u00f3 min\u0151s\u00e9g\u0171 anyagokb\u00f3l \u00e9s fejlett technol\u00f3gi\u00e1val k\u00e9sz\u00fcl, biztos\u00edtva a tart\u00f3ss\u00e1g\u00e1t \u00e9s megb\u00edzhat\u00f3s\u00e1g\u00e1t k\u00fcl\u00f6nf\u00e9le alkalmaz\u00e1sokban.<\/p>\n<p>Dugatty\u00fas kialak\u00edt\u00e1s\u00e1nak k\u00f6sz\u00f6nhet\u0151en ez a hidraulikus henger kiv\u00e1l\u00f3 teljes\u00edtm\u00e9nyt \u00e9s prec\u00edz vez\u00e9rl\u00e9st k\u00edn\u00e1l. K\u00f6nny\u0171 be\u00e1ll\u00edt\u00e1st tesz lehet\u0151v\u00e9, lehet\u0151v\u00e9 t\u00e9ve a felhaszn\u00e1l\u00f3k sz\u00e1m\u00e1ra a k\u00edv\u00e1nt hidraulikus nyom\u00e1s el\u00e9r\u00e9s\u00e9t a k\u00fcl\u00f6nb\u00f6z\u0151 feladatokhoz. Ak\u00e1r neh\u00e9z terhek emel\u00e9s\u00e9r\u0151l, ak\u00e1r a traktorral v\u00e9gzett munka k\u00f6zbeni stabilit\u00e1s biztos\u00edt\u00e1s\u00e1r\u00f3l van sz\u00f3, ez a hidraulikus henger sima \u00e9s hat\u00e9kony m\u0171k\u00f6d\u00e9st biztos\u00edt.<\/p>\n<p>A gy\u00e1rilag k\u00f6zvetlen\u00fcl \u00e9rt\u00e9kes\u00edtett dugatty\u00fas, \u00e1ll\u00edthat\u00f3 hidraulikus henger traktorokhoz kiv\u00e1l\u00f3 t\u00f6m\u00edt\u0151k\u00e9pess\u00e9gekkel b\u00fcszk\u00e9lkedhet, minimaliz\u00e1lva az olajsziv\u00e1rg\u00e1s kock\u00e1zat\u00e1t \u00e9s optim\u00e1lis teljes\u00edtm\u00e9nyt ny\u00fajtva hossz\u00fa t\u00e1von. Robusztus konstrukci\u00f3ja biztos\u00edtja a kop\u00e1s\u00e1ll\u00f3s\u00e1got, lehet\u0151v\u00e9 t\u00e9ve, hogy ellen\u00e1lljon a mez\u0151gazdas\u00e1gi \u00e9s \u00e9p\u00edt\u0151ipari k\u00f6rnyezetben felmer\u00fcl\u0151 ig\u00e9nyes munkak\u00f6r\u00fclm\u00e9nyeknek.<\/p>\n<p><img loading=\"lazy\" decoding=\"async\" class=\"alignnone size-full wp-image-1334\" src=\"https:\/\/fmp-components.com\/wp-content\/uploads\/2024\/12\/Adjustable-Clevis-Type-Cylinders-4.webp\" alt=\"\u00c1ll\u00edthat\u00f3 vill\u00e1s hengerek\" width=\"800\" height=\"800\" title=\"\" srcset=\"https:\/\/fmp-components.com\/wp-content\/uploads\/2024\/12\/Adjustable-Clevis-Type-Cylinders-4.webp 800w, https:\/\/fmp-components.com\/wp-content\/uploads\/2024\/12\/Adjustable-Clevis-Type-Cylinders-4-480x480.webp 480w\" sizes=\"(min-width: 0px) and (max-width: 480px) 480px, (min-width: 481px) 800px, 100vw\" \/><\/p>\n<p>Ez a hidraulikus henger k\u00f6nnyen telep\u00edthet\u0151 \u00e9s sz\u00e1mos traktormodellel kompatibilis. Kompakt kialak\u00edt\u00e1sa lehet\u0151v\u00e9 teszi a z\u00f6kken\u0151mentes integr\u00e1ci\u00f3t, maximaliz\u00e1lja a helykihaszn\u00e1l\u00e1st \u00e9s biztos\u00edtja a probl\u00e9mamentes m\u0171k\u00f6d\u00e9st. Ezenk\u00edv\u00fcl k\u00fcl\u00f6nf\u00e9le r\u00f6gz\u00edt\u00e9si lehet\u0151s\u00e9gekkel rendelkezik, \u00edgy rugalmass\u00e1got biztos\u00edt a k\u00fcl\u00f6nb\u00f6z\u0151 telep\u00edt\u00e9si k\u00f6vetelm\u00e9nyekhez.<\/p>\n<p>\u00d6sszefoglalva, a gy\u00e1rilag \u00e9rt\u00e9kes\u00edtett dugatty\u00fas \u00e1ll\u00edthat\u00f3 hidraulikus henger traktorokhoz egy kiv\u00e9teles term\u00e9k, amely \u00f6tv\u00f6zi a tart\u00f3ss\u00e1got, a pontoss\u00e1got \u00e9s a sokoldal\u00fas\u00e1got. Megb\u00edzhat\u00f3 teljes\u00edtm\u00e9nye \u00e9s k\u00f6nny\u0171 kezelhet\u0151s\u00e9ge ide\u00e1lis v\u00e1laszt\u00e1ss\u00e1 teszi a traktortulajdonosok \u00e9s -\u00fczemeltet\u0151k sz\u00e1m\u00e1ra, akik kiv\u00e1l\u00f3 min\u0151s\u00e9g\u0171 hidraulikus megold\u00e1st keresnek.<\/p>\n<p>Bemutatjuk \u00faj, k\u00f6zvetlen\u00fcl a gy\u00e1rb\u00f3l sz\u00e1ll\u00edtott, dugatty\u00fas, \u00e1ll\u00edthat\u00f3 hidraulikus henger\u00fcnket traktorokhoz. Ez a term\u00e9k sz\u00e1mos ipar\u00e1gban alkalmazhat\u00f3, p\u00e9ld\u00e1ul g\u00e9pjav\u00edt\u00f3 m\u0171helyekben, mez\u0151gazdas\u00e1gban, energia- \u00e9s b\u00e1ny\u00e1szatban, g\u00e9pgy\u00e1rt\u00e1sban \u00e9s g\u00e9pgy\u00e1rakban. Standard szerkezettel, hidraulikus energiaforr\u00e1ssal, ac\u00e9l testtel, maxim\u00e1lis 3000 tol\u00f3er\u0151vel \u00e9s \u00e1ll\u00edthat\u00f3 kengyeles hengerrel b\u00fcszk\u00e9lkedhet. Ezenk\u00edv\u00fcl kimen\u0151 ellen\u0151rz\u00e9si vide\u00f3kat \u00e9s g\u00e9pteszt-jelent\u00e9seket biztos\u00edtunk, \u00e9s egy \u00e9v garanci\u00e1t v\u00e1llalunk a term\u00e9kre.<\/p>\n<h2>Term\u00e9kt\u00edpusok, specifik\u00e1ci\u00f3k, kivitelez\u00e9si min\u0151s\u00e9g \u00e9s alkalmaz\u00e1sok<\/h2>\n<p>Dugatty\u00fas \u00e1ll\u00edthat\u00f3 hidraulikus munkahengereink t\u00f6bbf\u00e9le t\u00edpusban kaphat\u00f3k, bele\u00e9rtve a rudas, hegesztett, teleszk\u00f3pos, egyszeres \u00e9s kett\u0151s m\u0171k\u00f6d\u00e9s\u0171 hengereket. Ez a sz\u00e9les v\u00e1laszt\u00e9k biztos\u00edtja, hogy az \u00fcgyfelek megtal\u00e1lj\u00e1k az ig\u00e9nyeiknek legink\u00e1bb megfelel\u0151 term\u00e9ket.<\/p>\n<p>Dugatty\u00fas \u00e1ll\u00edthat\u00f3 hidraulikus henger\u00fcnk r\u00e9szletes specifik\u00e1ci\u00f3i k\u00f6z\u00f6tt szerepel a 2-6 h\u00fcvelykes furat\u00e1tm\u00e9r\u0151, a 1,125-4 h\u00fcvelykes r\u00fad\u00e1tm\u00e9r\u0151, a 4-100 h\u00fcvelykes l\u00f6kethossz, a 0,5-2 h\u00fcvelykes csap\u00e1tm\u00e9r\u0151, \u00e9s eleg\u00e1ns fekete sz\u00ednben kaphat\u00f3. A henger maxim\u00e1lis h\u00faz\u00f3ereje 20 tonna, a csatlakoz\u00f3m\u00e9retek pedig G\/SAE\/NPT\/M. \u00c1tfog\u00f3 teljes\u00edtm\u00e9nyadatokat biztos\u00edtunk annak \u00e9rdek\u00e9ben, hogy \u00fcgyfeleink j\u00f3l t\u00e1j\u00e9kozottak legyenek a helyes d\u00f6nt\u00e9sek meghozatal\u00e1hoz.<\/p>\n<p>A min\u0151s\u00e9g a legfontosabb sz\u00e1munkra, ez\u00e9rt hidraulikus hengereink tart\u00f3s ac\u00e9lb\u00f3l k\u00e9sz\u00fclnek. Speci\u00e1lis bevonatokat \u00e9s kezel\u00e9seket is alkalmazunk a hossz\u00fa \u00e9lettartam \u00e9s a teljes\u00edtm\u00e9ny jav\u00edt\u00e1sa \u00e9rdek\u00e9ben, garant\u00e1lva a megb\u00edzhat\u00f3 term\u00e9ket.<\/p>\n<p>Dugatty\u00fas, \u00e1ll\u00edthat\u00f3 hidraulikus hengereink sokoldal\u00faan alkalmazhat\u00f3k, az ipari g\u00e9pekt\u0151l a mobil hidraulik\u00e1n \u00e1t a mez\u0151gazdas\u00e1gi berendez\u00e9sekig \u00e9s az \u00e9p\u00edt\u0151ipari j\u00e1rm\u0171vekig. Testreszabhat\u00f3k az adott ig\u00e9nyeknek megfelel\u0151en, \u00edgy \u00fcgyfeleink egyedi ig\u00e9nyeire szabott megold\u00e1sokat k\u00edn\u00e1lunk.<\/p>\n<h2>Az \u00e1ll\u00edthat\u00f3 kengyeles hengerek el\u0151nyei<\/h2>\n<p>Az \u00e1ll\u00edthat\u00f3 kengyeles hengerek, mint p\u00e9ld\u00e1ul a gy\u00e1rilag \u00e9rt\u00e9kes\u00edtett dugatty\u00fas \u00e1ll\u00edthat\u00f3 hidraulikus henger traktorokhoz, sz\u00e1mos el\u0151nnyel j\u00e1rnak, \u00e9s sz\u00e9les k\u00f6rben haszn\u00e1lj\u00e1k \u0151ket k\u00fcl\u00f6nb\u00f6z\u0151 ipar\u00e1gakban. Ebben a cikkben r\u00e9szletesen megvizsg\u00e1ljuk ezen hengerek el\u0151nyeit.<\/p>\n<h3>1. Fokozott rugalmass\u00e1g \u00e9s alkalmazkod\u00f3k\u00e9pess\u00e9g<\/h3>\n<p>Az \u00e1ll\u00edthat\u00f3 kengyeles hengerek egyik legfontosabb el\u0151nye, hogy fokozott rugalmass\u00e1got \u00e9s alkalmazkod\u00f3k\u00e9pess\u00e9get biztos\u00edtanak a k\u00fcl\u00f6nf\u00e9le alkalmaz\u00e1sokhoz. Ezek a hengerek \u00e1ll\u00edthat\u00f3 kengyeles r\u00f6gz\u00edt\u00e9sekkel rendelkeznek, amelyek lehet\u0151v\u00e9 teszik a k\u00f6nny\u0171 r\u00f6gz\u00edt\u00e9st \u00e9s lev\u00e1laszt\u00e1st, valamint a r\u00f6gz\u00edt\u00e9si helyzet be\u00e1ll\u00edt\u00e1s\u00e1t az adott ig\u00e9nyeknek megfelel\u0151en. Ez a rugalmass\u00e1g biztos\u00edtja, hogy a henger k\u00f6nnyen integr\u00e1lhat\u00f3 legyen k\u00fcl\u00f6nb\u00f6z\u0151 rendszerekbe, \u00edgy rendk\u00edv\u00fcl sokoldal\u00fa \u00e9s alkalmazkod\u00f3k\u00e9pes.<\/p>\n<h3>2. Prec\u00edz pozicion\u00e1l\u00e1s \u00e9s vez\u00e9rl\u00e9s<\/h3>\n<p>Az \u00e1ll\u00edthat\u00f3 kengyeles hengerekkel prec\u00edz pozicion\u00e1l\u00e1s \u00e9s vez\u00e9rl\u00e9s lehets\u00e9ges. Ezek a hengerek \u00e1ll\u00edthat\u00f3 dugatty\u00fakkal \u00e9s kengyeles r\u00f6gz\u00edt\u00e9sekkel vannak felszerelve, amelyek lehet\u0151v\u00e9 teszik a l\u00f6kethossz \u00e9s a r\u00f6gz\u00edt\u00e9si poz\u00edci\u00f3 finomhangol\u00e1s\u00e1t. Ez a vez\u00e9rl\u00e9si szint prec\u00edz \u00e9s pontos mozg\u00e1sokat biztos\u00edt, \u00edgy ide\u00e1lisak olyan alkalmaz\u00e1sokhoz, amelyek prec\u00edz pozicion\u00e1l\u00e1st ig\u00e9nyelnek, mint p\u00e9ld\u00e1ul az ipari automatiz\u00e1l\u00e1s, a robotika \u00e9s az anyagmozgat\u00e1s.<\/p>\n<h3>3. Optim\u00e1lis teljes\u00edtm\u00e9ny \u00e9s hat\u00e9konys\u00e1g<\/h3>\n<p>Az \u00e1ll\u00edthat\u00f3 kengyeles hengereket az optim\u00e1lis teljes\u00edtm\u00e9ny \u00e9s hat\u00e9konys\u00e1g biztos\u00edt\u00e1s\u00e1ra tervezt\u00e9k. Az \u00e1ll\u00edthat\u00f3 kialak\u00edt\u00e1s lehet\u0151v\u00e9 teszi a l\u00f6kethossz optimaliz\u00e1l\u00e1s\u00e1t, ami seg\u00edt el\u00e9rni a k\u00edv\u00e1nt er\u0151- \u00e9s sebess\u00e9gk\u00f6vetelm\u00e9nyeket az adott alkalmaz\u00e1sokhoz. A l\u00f6kethossz finomhangol\u00e1s\u00e1val ezek a hengerek maxim\u00e1lis hat\u00e9konys\u00e1ggal m\u0171k\u00f6dhetnek, ami energiamegtakar\u00edt\u00e1st \u00e9s jobb \u00e1ltal\u00e1nos teljes\u00edtm\u00e9nyt eredm\u00e9nyez.<\/p>\n<h3>4. K\u00f6nny\u0171 karbantart\u00e1s \u00e9s szervizelhet\u0151s\u00e9g<\/h3>\n<p>Az \u00e1ll\u00edthat\u00f3 kengyeles hengerek tov\u00e1bbi el\u0151nye a k\u00f6nny\u0171 karbantart\u00e1s \u00e9s szervizelhet\u0151s\u00e9g. Az \u00e1ll\u00edthat\u00f3 kialak\u00edt\u00e1s k\u00f6nny\u0171 hozz\u00e1f\u00e9r\u00e9st biztos\u00edt a k\u00fcl\u00f6nb\u00f6z\u0151 alkatr\u00e9szekhez, \u00edgy az ellen\u0151rz\u00e9si, jav\u00edt\u00e1si \u00e9s cserefeladatok egyszer\u0171bbek \u00e9s k\u00e9nyelmesebbek. Ez cs\u00f6kkenti az \u00e1ll\u00e1sid\u0151t \u00e9s a karbantart\u00e1si k\u00f6lts\u00e9geket, biztos\u00edtva, hogy a hengerek gyorsan szervizelhet\u0151k \u00e9s \u00fajra \u00fczembe helyezhet\u0151k legyenek, minimaliz\u00e1lva a munkafolyamat zavarait.<\/p>\n<h3>5. Tart\u00f3s \u00e9s hossz\u00fa \u00e9lettartam\u00fa<\/h3>\n<p>Az \u00e1ll\u00edthat\u00f3 kengyeles hengerek zord \u00fczemi k\u00f6r\u00fclm\u00e9nyeknek is ellen\u00e1llnak, \u00e9s hossz\u00fa \u00e9lettartamot biztos\u00edtanak. Ezek a hengerek kiv\u00e1l\u00f3 min\u0151s\u00e9g\u0171 anyagokb\u00f3l k\u00e9sz\u00fclnek, \u00e9s szigor\u00fa min\u0151s\u00e9gellen\u0151rz\u00e9si folyamatokon esnek \u00e1t a tart\u00f3ss\u00e1g \u00e9s a megb\u00edzhat\u00f3s\u00e1g biztos\u00edt\u00e1sa \u00e9rdek\u00e9ben. Megfelel\u0151 karbantart\u00e1s \u00e9s \u00e1pol\u00e1s mellett ezek a hengerek ellen\u00e1llnak a nagy terhel\u00e9seknek, a zord k\u00f6rnyezetnek \u00e9s a gyakori haszn\u00e1latnak, \u00edgy hossz\u00fa \u00e9lettartamot biztos\u00edtanak.<\/p>\n<p>\u00d6sszefoglalva, az \u00e1ll\u00edthat\u00f3 kengyeles hengerek, mint p\u00e9ld\u00e1ul a gy\u00e1rilag \u00e9rt\u00e9kes\u00edtett dugatty\u00fas \u00e1ll\u00edthat\u00f3 hidraulikus hengerek traktorokhoz, sz\u00e1mos olyan el\u0151nnyel rendelkeznek, amelyek rendk\u00edv\u00fcl k\u00edv\u00e1natoss\u00e1 teszik \u0151ket a k\u00fcl\u00f6nb\u00f6z\u0151 ipar\u00e1gakban. Fokozott rugalmass\u00e1guk, prec\u00edz pozicion\u00e1l\u00e1suk, optim\u00e1lis teljes\u00edtm\u00e9ny\u00fck, egyszer\u0171 karbantart\u00e1suk \u00e9s tart\u00f3ss\u00e1guk megb\u00edzhat\u00f3 v\u00e1laszt\u00e1ss\u00e1 teszi \u0151ket azokhoz az alkalmaz\u00e1sokhoz, amelyek alkalmazkod\u00f3 \u00e9s hat\u00e9kony hidraulikus rendszereket ig\u00e9nyelnek.<\/p>\n<p><img decoding=\"async\" src=\"https:\/\/fmp-components.com\/wp-content\/uploads\/2024\/12\/Adjustable-Clevis-Type-Cylinders5.webp\" alt=\"\u00c1ll\u00edthat\u00f3 kengyeles henger\" width=\"800\" title=\"\"><\/p>\n<h2>\u00c1ll\u00edthat\u00f3 kengyeles hengerek alkalmaz\u00e1sa<\/h2>\n<p>Az \u00e1ll\u00edthat\u00f3 kengyeles hengerek sokoldal\u00fa hidraulikus szersz\u00e1mok, amelyek sz\u00e9les k\u00f6rben alkalmazhat\u00f3k k\u00fcl\u00f6nf\u00e9le ipar\u00e1gakban. Ezeket a hengereket olyan g\u00e9pekben haszn\u00e1lj\u00e1k, amelyek neh\u00e9z terhek prec\u00edz \u00e9s kontroll\u00e1lt mozgat\u00e1s\u00e1t ig\u00e9nylik. \u00cdme n\u00e9h\u00e1ny alkalmaz\u00e1si lehet\u0151s\u00e9g:<\/p>\n<h3>1. \u00c9p\u00edt\u0151ipari g\u00e9pek<\/h3>\n<p>Az \u00e1ll\u00edthat\u00f3 kengyeles hengereket gyakran haszn\u00e1lj\u00e1k k\u00fcl\u00f6nf\u00e9le \u00e9p\u00edt\u0151ipari g\u00e9pekben, p\u00e9ld\u00e1ul kotr\u00f3g\u00e9pekben, buld\u00f3zerekben \u00e9s rakod\u00f3g\u00e9pekben. Ezeknek a g\u00e9peknek az alapvet\u0151 alkatr\u00e9szei, \u00e9s a berendez\u00e9s karj\u00e1nak, kan\u00e1l\u00e1nak \u00e9s tol\u00f3lapj\u00e1nak mozg\u00e1s\u00e1nak vez\u00e9rl\u00e9s\u00e9re szolg\u00e1lnak. Ezeket a hengereket neh\u00e9z terhek kezel\u00e9s\u00e9re \u00e9s az \u00e9p\u00edtkez\u00e9sek zord k\u00f6r\u00fclm\u00e9nyeinek elvisel\u00e9s\u00e9re tervezt\u00e9k.<\/p>\n<p>Az \u00e9p\u00edt\u0151iparban a gy\u00e1rilag k\u00f6zvetlen \u00e9rt\u00e9kes\u00edt\u00e9s\u0171 dugatty\u00fas, \u00e1ll\u00edthat\u00f3 hidraulikus hengerek traktorokhoz nagy keresletnek \u00f6rvendenek tart\u00f3ss\u00e1guk \u00e9s megb\u00edzhat\u00f3s\u00e1guk miatt. Ezek a hengerek kiv\u00e1l\u00f3 min\u0151s\u00e9g\u0171 anyagokb\u00f3l \u00e9s fejlett technol\u00f3gi\u00e1val k\u00e9sz\u00fclnek, \u00edgy ide\u00e1lis v\u00e1laszt\u00e1st jelentenek \u00e9p\u00edt\u0151ipari g\u00e9pekhez.<\/p>\n<h3>2. Mez\u0151gazdas\u00e1gi g\u00e9pek<\/h3>\n<p>A mez\u0151gazdas\u00e1gi g\u00e9pek, mint p\u00e9ld\u00e1ul a traktorok, ek\u00e9k \u00e9s betakar\u00edt\u00f3g\u00e9pek, szint\u00e9n haszn\u00e1lnak \u00e1ll\u00edthat\u00f3 kengyeles hengereket. Ezeket a hengereket a peng\u00e9k, gerebly\u00e9k \u00e9s egy\u00e9b, a mez\u0151gazdas\u00e1gban haszn\u00e1lt berendez\u00e9sek mozg\u00e1s\u00e1nak vez\u00e9rl\u00e9s\u00e9re haszn\u00e1lj\u00e1k. A gazd\u00e1lkod\u00f3knak olyan berendez\u00e9sekre van sz\u00fcks\u00e9g\u00fck, amelyek megb\u00edzhat\u00f3ak \u00e9s k\u00e9pesek nagy terheket kezelni, \u00edgy az \u00e1ll\u00edthat\u00f3 kengyeles hengerek a t\u00f6k\u00e9letes v\u00e1laszt\u00e1st jelentik.<\/p>\n<p>A gy\u00e1rilag k\u00f6zvetlen \u00e9rt\u00e9kes\u00edt\u00e9s\u0171, dugatty\u00fas, \u00e1ll\u00edthat\u00f3 hidraulikus henger traktorokhoz kifejezetten mez\u0151gazdas\u00e1gi g\u00e9pekhez k\u00e9sz\u00fclt. Ezeket a hengereket a mez\u0151gazdas\u00e1gi k\u00f6r\u00fclm\u00e9nyek ellen\u00e1ll\u00e1s\u00e1ra gy\u00e1rtott\u00e1k, \u00e9s tart\u00f3sak.<\/p>\n<h3>3. Ipari g\u00e9pek<\/h3>\n<p>A gy\u00e1rt\u00f3iparban \u00e1ll\u00edthat\u00f3 kengyeles hengereket haszn\u00e1lnak k\u00fcl\u00f6nf\u00e9le g\u00e9pekben, p\u00e9ld\u00e1ul pr\u00e9sekben, sajtol\u00f3g\u00e9pekben \u00e9s fr\u00f6ccs\u00f6nt\u0151 g\u00e9pekben. Ezeket a hengereket a g\u00e9p alkatr\u00e9szeinek mozg\u00e1s\u00e1nak vez\u00e9rl\u00e9s\u00e9re, valamint a pontoss\u00e1g \u00e9s a pontoss\u00e1g biztos\u00edt\u00e1s\u00e1ra haszn\u00e1lj\u00e1k.<\/p>\n<p>A traktorokhoz val\u00f3, k\u00f6zvetlen\u00fcl a gy\u00e1rb\u00f3l \u00e9rt\u00e9kes\u00edtett dugatty\u00fas, \u00e1ll\u00edthat\u00f3 hidraulikus henger nagy teljes\u00edtm\u00e9nye \u00e9s megb\u00edzhat\u00f3s\u00e1ga miatt a gy\u00e1rt\u00f3iparban is haszn\u00e1latos. Ezeket a hengereket az ipari g\u00e9pek szigor\u00fa k\u00f6vetelm\u00e9nyeinek kiel\u00e9g\u00edt\u00e9s\u00e9re gy\u00e1rtj\u00e1k.<\/p>\n<h3>4. B\u00e1ny\u00e1szati \u200b\u200bg\u00e9pek<\/h3>\n<p>Az \u00e1ll\u00edthat\u00f3 kengyeles hengereket b\u00e1ny\u00e1szati \u200b\u200bg\u00e9pekben, p\u00e9ld\u00e1ul f\u00far\u00f3g\u00e9pekben, kotr\u00f3g\u00e9pekben \u00e9s lap\u00e1tokban is haszn\u00e1lj\u00e1k. Ezeket a hengereket a g\u00e9p karj\u00e1nak, kan\u00e1l\u00e1nak \u00e9s g\u00e9mj\u00e9nek mozg\u00e1s\u00e1nak vez\u00e9rl\u00e9s\u00e9re haszn\u00e1lj\u00e1k, \u00edgy a b\u00e1ny\u00e1szati \u200b\u200bberendez\u00e9sek alapvet\u0151 alkot\u00f3elemei.<\/p>\n<p>A traktorokhoz val\u00f3, k\u00f6zvetlen\u00fcl a gy\u00e1rb\u00f3l \u00e9rt\u00e9kes\u00edtett dugatty\u00fas, \u00e1ll\u00edthat\u00f3 hidraulikus henger tart\u00f3ss\u00e1ga \u00e9s megb\u00edzhat\u00f3s\u00e1ga miatt b\u00e1ny\u00e1szati \u200b\u200bg\u00e9pekben is haszn\u00e1latos. Ezeket a hengereket \u00fagy tervezt\u00e9k, hogy ellen\u00e1lljanak a b\u00e1ny\u00e1szati \u200b\u200b\u200b\u200bmostoh\u00e1bb k\u00f6r\u00fclm\u00e9nyeknek, \u00e9s hossz\u00fa \u00e9lettartamra k\u00e9sz\u00fcltek.<\/p>\n<p>\u00d6sszefoglalva, az \u00e1ll\u00edthat\u00f3 kengyeles hengerek sz\u00e9les k\u00f6rben alkalmazhat\u00f3k a k\u00fcl\u00f6nb\u00f6z\u0151 ipar\u00e1gakban. Legyen sz\u00f3 \u00e9p\u00edt\u0151iparr\u00f3l, mez\u0151gazdas\u00e1gr\u00f3l, gy\u00e1rt\u00e1sr\u00f3l vagy b\u00e1ny\u00e1szatr\u00f3l, ezek a hengerek n\u00e9lk\u00fcl\u00f6zhetetlen alkot\u00f3elemei a prec\u00edzi\u00f3t, a szab\u00e1lyozhat\u00f3s\u00e1got \u00e9s a megb\u00edzhat\u00f3s\u00e1got ig\u00e9nyl\u0151 g\u00e9peknek. A gy\u00e1rilag k\u00f6zvetlen \u00e9rt\u00e9kes\u00edt\u00e9s\u0171 dugatty\u00fas \u00e1ll\u00edthat\u00f3 hidraulikus henger traktorokhoz t\u00f6k\u00e9letes v\u00e1laszt\u00e1s mindazok sz\u00e1m\u00e1ra, akik kiv\u00e1l\u00f3 min\u0151s\u00e9g\u0171 hidraulikus hengert keresnek, amely ellen\u00e1ll b\u00e1rmely ipar\u00e1g ig\u00e9nyeinek.<img decoding=\"async\" src=\"https:\/\/fmp-components.com\/wp-content\/uploads\/2024\/12\/Application-of-Adjustable-Clevis-Type-Cylinders.webp\" alt=\"\u00c1ll\u00edthat\u00f3 kengyeles henger\" width=\"800\" title=\"\"><\/p>\n<h3>Az FMP-r\u0151l<\/h3>\n<p>Az FMP egy olyan v\u00e1llalat, amely hidraulikus hengerek gy\u00e1rt\u00e1s\u00e1ra \u00e9s \u00e9rt\u00e9kes\u00edt\u00e9s\u00e9re specializ\u00e1l\u00f3dott. Sok \u00e9ves ipar\u00e1gi tapasztalattal \u00e9s professzion\u00e1lis csapattal kiv\u00e1l\u00f3 min\u0151s\u00e9g\u0171 \u00e9s megb\u00edzhat\u00f3 hidraulikus hengereket biztos\u00edtunk \u00e9p\u00edt\u0151ipari g\u00e9pekhez.<\/p>\n<p><img decoding=\"async\" src=\"https:\/\/fmp-components.com\/wp-content\/uploads\/2024\/12\/Adjustable-Clevis-Type-Cylinders-6.webp\" alt=\"\u00c1ll\u00edthat\u00f3 kengyeles henger\" width=\"843\" title=\"\"><\/p>\n<p>\u00cdme \u00f6t ok, ami\u00e9rt \u00e9rdemes hidraulikus munkahengereinket v\u00e1lasztania:<\/p>\n<ol>\n<li><strong>V\u00e1ltozatos term\u00e9kk\u00edn\u00e1lat:<\/strong> Sz\u00e9les v\u00e1laszt\u00e9kban k\u00edn\u00e1lunk hidraulikus hengereket, amelyek az \u00e9p\u00edt\u0151ipari g\u00e9pipar k\u00fcl\u00f6nb\u00f6z\u0151 ig\u00e9nyeit el\u00e9g\u00edtik ki. K\u00edn\u00e1latunkban \u00e1ll\u00edthat\u00f3 kengyeles hengerek, hegesztett hengerek, \u00f6sszek\u00f6t\u0151rudas hengerek \u00e9s egyebek tal\u00e1lhat\u00f3k.<\/li>\n<li><strong>Kiv\u00e1l\u00f3 min\u0151s\u00e9g:<\/strong> Biztos\u00edtjuk, hogy minden hidraulikus henger\u00fcnk megfeleljen a szigor\u00fa min\u0151s\u00e9gi el\u0151\u00edr\u00e1soknak. Minden egyes hengert prec\u00edzen \u00e9s a r\u00e9szletekre val\u00f3 odafigyel\u00e9ssel k\u00e9sz\u00edt\u00fcnk, garant\u00e1lva a kiv\u00e1l\u00f3 teljes\u00edtm\u00e9nyt \u00e9s tart\u00f3ss\u00e1got.<\/li>\n<li><strong>Megb\u00edzhat\u00f3 teljes\u00edtm\u00e9ny:<\/strong> Hidraulikus hengereinket \u00fagy tervezt\u00fck, hogy k\u00f6vetkezetes \u00e9s megb\u00edzhat\u00f3 teljes\u00edtm\u00e9nyt ny\u00fajtsanak, m\u00e9g kih\u00edv\u00e1st jelent\u0151 munkak\u00f6r\u00fclm\u00e9nyek k\u00f6z\u00f6tt is. \u00dagy tervezt\u00e9k \u0151ket, hogy ellen\u00e1lljanak a nagy terhel\u00e9seknek \u00e9s z\u00f6kken\u0151mentes m\u0171k\u00f6d\u00e9st biztos\u00edtsanak.<\/li>\n<li><strong>Szak\u00e9rt\u0151 \u00e9rt\u00e9kes\u00edt\u00e9si csapat:<\/strong> Tapasztalt \u00e9rt\u00e9kes\u00edt\u00e9si csapatunk j\u00e1rtas az \u00e9p\u00edt\u0151ipari g\u00e9piparban, \u00e9s meg\u00e9rti az \u00fcgyfelek ig\u00e9nyeit. Professzion\u00e1lis term\u00e9ktan\u00e1csad\u00e1st ny\u00fajtanak, megv\u00e1laszolj\u00e1k a felmer\u00fcl\u0151 k\u00e9rd\u00e9seit, \u00e9s intelligens v\u00e1s\u00e1rl\u00e1si javaslatokat tesznek.<\/li>\n<li><strong>Hat\u00e9kony logisztika:<\/strong> Hat\u00e9kony logisztikai eloszt\u00e1si rendszerrel rendelkez\u00fcnk annak \u00e9rdek\u00e9ben, hogy a sz\u00fcks\u00e9ges hidraulikus hengereket id\u0151ben \u00e9s pontosan megkapja. Meg\u00e9rtj\u00fck az \u00e1ll\u00e1sid\u0151 minimaliz\u00e1l\u00e1s\u00e1nak fontoss\u00e1g\u00e1t, \u00e9s igyeksz\u00fcnk gyors sz\u00e1ll\u00edt\u00e1st biztos\u00edtani.<\/li>\n<\/ol>\n<p>V\u00e1lassza az FMP-t, ha kiv\u00e1l\u00f3 min\u0151s\u00e9g\u0171 hidraulikus hengerekre van sz\u00fcks\u00e9ge, amelyek megfelelnek \u00e9p\u00edt\u0151ipari g\u00e9pei ig\u00e9nyeinek. L\u00e9pjen kapcsolatba vel\u00fcnk m\u00e9g ma, hogy megbesz\u00e9lj\u00fck ig\u00e9nyeit, \u00e9s csapatunk seg\u00edtsen megtal\u00e1lni a t\u00f6k\u00e9letes hidraulikus henger megold\u00e1st.<\/p>\n<h3>GYIK<\/h3>\n<p><b>K: Milyen t\u00edpus\u00fa hidraulikus hengereket k\u00edn\u00e1lnak?<\/b><br \/>\nV: K\u00fcl\u00f6nb\u00f6z\u0151 t\u00edpusokat k\u00edn\u00e1lunk, bele\u00e9rtve a rudas, hegesztett, teleszk\u00f3pos, egyszeres \u00e9s kett\u0151s m\u0171k\u00f6d\u00e9s\u0171 hengereket.<\/p>\n<p><b>K: Melyek a dugatty\u00fas \u00e1ll\u00edthat\u00f3 hidraulikus henger specifik\u00e1ci\u00f3i?<\/b><br \/>\nA: A henger furat\u00e1tm\u00e9r\u0151je 2-6 h\u00fcvelyk, r\u00fad\u00e1tm\u00e9r\u0151je 1,125-4 h\u00fcvelyk, l\u00f6kethossza 4-100 h\u00fcvelyk, csap\u00e1tm\u00e9r\u0151je 0,5-2 h\u00fcvelyk, \u00e9s eleg\u00e1ns fekete sz\u00ednben kaphat\u00f3.<\/p>\n<p><b>K: Testreszabhat\u00f3k-e a hidraulikus hengerek az adott ig\u00e9nyeknek megfelel\u0151en?<\/b><br \/>\nV: Igen, dugatty\u00fas \u00e1ll\u00edthat\u00f3 hidraulikus hengereink testreszabhat\u00f3k \u00fcgyfeleink egyedi ig\u00e9nyeinek megfelel\u0151en.<\/p>\n<p>Szerz\u0151: CX<\/p>","protected":false},"excerpt":{"rendered":"<p>Introducing Factory Direct Sale Piston Adjustable Hydraulic Cylinder for Tractor: The Factory Direct Sale Piston Adjustable Hydraulic Cylinder for Tractor is a high-quality and versatile product designed to meet the hydraulic needs of tractors. This hydraulic cylinder is manufactured using top-grade materials and advanced technology, ensuring its durability and reliability in various applications. With its [&hellip;]<\/p>","protected":false},"featured_media":1338,"comment_status":"closed","ping_status":"closed","template":"","meta":{"_et_pb_use_builder":"","_et_pb_old_content":"","_et_gb_content_width":""},"product_brand":[],"product_cat":[39],"product_tag":[41,34],"class_list":{"0":"post-1381","1":"product","2":"type-product","3":"status-publish","4":"has-post-thumbnail","6":"product_cat-adjustable-clevis-type-cylinders","7":"product_tag-adjustable-clevis-type-cylinders","8":"product_tag-hydraulic-cylinder","10":"first","11":"instock","12":"product-type-simple"},"_links":{"self":[{"href":"https:\/\/fmp-components.com\/hu\/wp-json\/wp\/v2\/product\/1381","targetHints":{"allow":["GET"]}}],"collection":[{"href":"https:\/\/fmp-components.com\/hu\/wp-json\/wp\/v2\/product"}],"about":[{"href":"https:\/\/fmp-components.com\/hu\/wp-json\/wp\/v2\/types\/product"}],"replies":[{"embeddable":true,"href":"https:\/\/fmp-components.com\/hu\/wp-json\/wp\/v2\/comments?post=1381"}],"wp:featuredmedia":[{"embeddable":true,"href":"https:\/\/fmp-components.com\/hu\/wp-json\/wp\/v2\/media\/1338"}],"wp:attachment":[{"href":"https:\/\/fmp-components.com\/hu\/wp-json\/wp\/v2\/media?parent=1381"}],"wp:term":[{"taxonomy":"product_brand","embeddable":true,"href":"https:\/\/fmp-components.com\/hu\/wp-json\/wp\/v2\/product_brand?post=1381"},{"taxonomy":"product_cat","embeddable":true,"href":"https:\/\/fmp-components.com\/hu\/wp-json\/wp\/v2\/product_cat?post=1381"},{"taxonomy":"product_tag","embeddable":true,"href":"https:\/\/fmp-components.com\/hu\/wp-json\/wp\/v2\/product_tag?post=1381"}],"curies":[{"name":"munkaf\u00fczet","href":"https:\/\/api.w.org\/{rel}","templated":true}]}}