{"id":1378,"date":"2024-12-23T02:19:41","date_gmt":"2024-12-23T02:19:41","guid":{"rendered":"https:\/\/fmp-components.com\/product\/excellent-quality-double-acting-cylinder-adjustable-hydraulic-cylinder-for-sale\/"},"modified":"2025-03-18T00:55:15","modified_gmt":"2025-03-18T00:55:15","slug":"excellent-quality-double-acting-cylinder-adjustable-hydraulic-cylinder-for-sale","status":"publish","type":"product","link":"https:\/\/fmp-components.com\/hu\/product\/excellent-quality-double-acting-cylinder-adjustable-hydraulic-cylinder-for-sale\/","title":{"rendered":"Kiv\u00e1l\u00f3 min\u0151s\u00e9g\u0171 kett\u0151s m\u0171k\u00f6d\u00e9s\u0171 henger \u00e1ll\u00edthat\u00f3 hidraulikus henger elad\u00f3"},"content":{"rendered":"<h2>Bemutatjuk kiv\u00e1l\u00f3 min\u0151s\u00e9g\u0171, kett\u0151s m\u0171k\u00f6d\u00e9s\u0171, \u00e1ll\u00edthat\u00f3 hidraulikus munkahenger\u00fcnket, elad\u00f3!<\/h2>\n<p>Ez a cs\u00facskateg\u00f3ri\u00e1s hidraulikus henger kiv\u00e1l\u00f3 teljes\u00edtm\u00e9nyt \u00e9s tart\u00f3ss\u00e1got biztos\u00edt sz\u00e1mos ipari alkalmaz\u00e1sban. Kett\u0151s m\u0171k\u00f6d\u00e9s\u00e9nek k\u00f6sz\u00f6nhet\u0151en mind tol\u00f3-, mind h\u00faz\u00f3 alkalmaz\u00e1sokban ugyanolyan k\u00f6nnyed\u00e9n haszn\u00e1lhat\u00f3.<\/p>\n<p>De ami igaz\u00e1n megk\u00fcl\u00f6nb\u00f6zteti ezt a hidraulikus hengert, az az \u00e1ll\u00edthat\u00f3s\u00e1ga. A rendelkez\u00e9sre \u00e1ll\u00f3 \u00e1ll\u00edthat\u00f3 l\u00f6ketek sz\u00e9les sk\u00e1l\u00e1j\u00e1val finomhangolhatja a teljes\u00edtm\u00e9nyt az \u00d6n egyedi ig\u00e9nyeinek megfelel\u0151en. Ez hihetetlen\u00fcl sokoldal\u00fa \u00e9s alkalmazkod\u00f3 v\u00e1laszt\u00e1ss\u00e1 teszi sz\u00e9les k\u00f6r\u0171 alkalmaz\u00e1sokhoz.<\/p>\n<p>De ne csak higgyen nek\u00fcnk. Hidraulikus henger\u00fcnket szigor\u00faan tesztelt\u00fck, \u00e9s bizony\u00edtottan megfelel a legmagasabb min\u0151s\u00e9gi \u00e9s megb\u00edzhat\u00f3s\u00e1gi szabv\u00e1nyoknak. R\u00e1ad\u00e1sul szak\u00e9rt\u0151 m\u00e9rn\u00f6keink csapata mindig k\u00e9szen \u00e1ll, hogy szak\u00e9rt\u0151i tan\u00e1csokkal \u00e9s \u00fatmutat\u00e1ssal l\u00e1ssa el \u00d6nt arr\u00f3l, hogyan hozhatja ki a legt\u00f6bbet hidraulikus henger\u00e9b\u0151l.<\/p>\n<p>Teh\u00e1t, ha egy kiv\u00e1l\u00f3 min\u0151s\u00e9g\u0171 hidraulikus hengert keres, amely nem okoz csal\u00f3d\u00e1st, ne keressen tov\u00e1bb, mint a Kiv\u00e1l\u00f3 Min\u0151s\u00e9g\u0171 Kett\u0151s M\u0171k\u00f6d\u00e9s\u0171 Henger \u00c1ll\u00edthat\u00f3 Hidraulikus Henger\u00fcnk Elad\u00f3.<\/p>\n<p><img loading=\"lazy\" decoding=\"async\" class=\"alignnone size-full wp-image-1334\" src=\"https:\/\/fmp-components.com\/wp-content\/uploads\/2024\/12\/Adjustable-Clevis-Type-Cylinders-4.webp\" alt=\"\u00c1ll\u00edthat\u00f3 vill\u00e1s hengerek\" width=\"800\" height=\"800\" title=\"\" srcset=\"https:\/\/fmp-components.com\/wp-content\/uploads\/2024\/12\/Adjustable-Clevis-Type-Cylinders-4.webp 800w, https:\/\/fmp-components.com\/wp-content\/uploads\/2024\/12\/Adjustable-Clevis-Type-Cylinders-4-480x480.webp 480w\" sizes=\"(min-width: 0px) and (max-width: 480px) 480px, (min-width: 481px) 800px, 100vw\" \/><\/p>\n<p>Bemutatjuk a megv\u00e1s\u00e1rolhat\u00f3, cs\u00facsmin\u0151s\u00e9g\u0171, kett\u0151s m\u0171k\u00f6d\u00e9s\u0171, \u00e1ll\u00edthat\u00f3 hidraulikus munkahenger\u00fcnket. Ez az \u00faj term\u00e9k t\u00f6k\u00e9letes a k\u00fcl\u00f6nf\u00e9le ipar\u00e1gakban, p\u00e9ld\u00e1ul g\u00e9pjav\u00edt\u00f3 m\u0171helyekben, mez\u0151gazdas\u00e1gban, energiaiparban, b\u00e1ny\u00e1szatban, g\u00e9pgy\u00e1rt\u00e1sban \u00e9s gy\u00e1ri k\u00f6rnyezetben val\u00f3 haszn\u00e1latra. A massz\u00edv, 30 kg-os hidraulikus munkahenger 1 \u00e9v garanci\u00e1val rendelkezik, \u00e9s megfelelt az \u00f6sszes kimen\u0151 ellen\u0151rz\u00e9si vide\u00f3n \u00e9s g\u00e9pteszt-jelent\u00e9sen. A 2023-as \u00faj term\u00e9kk\u00e9nt olyan alapvet\u0151 alkatr\u00e9szeket tartalmaz, mint a csap\u00e1gyak \u00e9s a hidraulikus munkahenger. A szerkezet egy szabv\u00e1nyos dugatty\u00fas henger hidraulikus \u00e1ramforr\u00e1ssal \u00e9s tart\u00f3s ac\u00e9l testtel. Maxim\u00e1lis tol\u00f3ereje 3000 Nm, maxim\u00e1lis h\u00faz\u00f3ereje pedig 20 tonna. A henger \u00e1ll\u00edthat\u00f3 kengyeles t\u00edpus\u00fa, \u00e9s ISO9001:2000 tan\u00fas\u00edtv\u00e1nnyal rendelkezik. A furat \u00e9s a r\u00fad m\u00e9retei 2-6 h\u00fcvelyk, illetve 1,125-4 h\u00fcvelyk k\u00f6z\u00f6tt mozognak, m\u00edg a l\u00f6ketm\u00e9ret 4-100 h\u00fcvelyk k\u00f6z\u00f6tt v\u00e1ltozik. A csap m\u00e9rete 0,5-2 h\u00fcvelyk.<\/p>\n<p>Ez az \u00e1ll\u00edthat\u00f3 hidraulikus henger sz\u00e1mos lehet\u0151s\u00e9get k\u00edn\u00e1l az \u00d6n egyedi ig\u00e9nyeinek kiel\u00e9g\u00edt\u00e9s\u00e9re. Kett\u0151s m\u0171k\u00f6d\u00e9s\u0171 hengerk\u00e9nt mindk\u00e9t ir\u00e1nyban biztos\u00edt er\u0151t, \u00edgy ide\u00e1lis olyan alkalmaz\u00e1sokhoz, amelyek szab\u00e1lyozott mozg\u00e1st ig\u00e9nyelnek. A henger specifik\u00e1ci\u00f3i az optim\u00e1lis teljes\u00edtm\u00e9ny biztos\u00edt\u00e1s\u00e1ra lettek tervezve. 2-6 h\u00fcvelykes furat\u00e1tm\u00e9r\u0151j\u00e9vel v\u00e1ltoz\u00f3 nyom\u00e1sterhel\u00e9seket k\u00e9pes kezelni. A l\u00f6kethossz 4-100 h\u00fcvelyk k\u00f6z\u00f6tt mozog, ami rugalmass\u00e1got biztos\u00edt a l\u00f6ketmozg\u00e1sban. Tov\u00e1bb\u00e1 a henger maxim\u00e1lisan 3000 tol\u00f3er\u0151t \u00e9s maxim\u00e1lisan 20 tonna h\u00faz\u00f3er\u0151t b\u00edr el, ami nagy teherb\u00edr\u00e1s\u00e1t bizony\u00edtja. A hidraulikus henger tart\u00f3s ac\u00e9lb\u00f3l k\u00e9sz\u00fclt, ami biztos\u00edtja a hossz\u00fa \u00e9lettartam\u00e1t. A gy\u00e1rt\u00e1s\u00e1hoz felhaszn\u00e1lt anyagok min\u0151s\u00e9ge \u00e9s a r\u00e1 felvitt speci\u00e1lis bevonatok n\u00f6velik tart\u00f3ss\u00e1g\u00e1t, teljes\u00edtm\u00e9ny\u00e9t \u00e9s hossz\u00fa \u00e9lettartam\u00e1t. Ezenk\u00edv\u00fcl ez a henger k\u00fcl\u00f6nf\u00e9le ipar\u00e1gakban alkalmazhat\u00f3, az ipari g\u00e9pekt\u0151l \u00e9s a mobil hidraulik\u00e1t\u00f3l kezdve a mez\u0151gazdas\u00e1gi berendez\u00e9seken \u00e9s \u00e9p\u00edt\u0151ipari j\u00e1rm\u0171veken \u00e1t. Testreszab\u00e1si lehet\u0151s\u00e9gek is rendelkez\u00e9sre \u00e1llnak, amelyek az adott ig\u00e9nyekre szabott megold\u00e1sokat k\u00edn\u00e1lnak. Telep\u00edt\u00e9si \u00e9s karbantart\u00e1si \u00fatmutat\u00e1st ny\u00fajtunk a henger optim\u00e1lis teljes\u00edtm\u00e9ny\u00e9nek \u00e9s hossz\u00fa \u00e9lettartam\u00e1nak biztos\u00edt\u00e1sa \u00e9rdek\u00e9ben.<\/p>\n<p>A 2002-ben alap\u00edtott FMP Hydraulic Machinery Olaszorsz\u00e1g vezet\u0151 hidraulikus henger gy\u00e1rt\u00f3ja \u00e9s export\u0151re. B\u00fcszk\u00e9k vagyunk kiv\u00e1l\u00f3 min\u0151s\u00e9g\u0171 term\u00e9keinkre \u00e9s szolg\u00e1ltat\u00e1sainkra, amelyek megb\u00edzhat\u00f3 h\u00edrnevet szereztek nek\u00fcnk \u00fcgyfeleink k\u00f6r\u00e9ben vil\u00e1gszerte. \u00c1ll\u00edthat\u00f3 hidraulikus henger\u00fcnk az egyik legkiv\u00e1l\u00f3bb min\u0151s\u00e9g\u0171 term\u00e9k\u00fcnk, amelyet a k\u00fcl\u00f6nb\u00f6z\u0151 ipar\u00e1gak speci\u00e1lis ig\u00e9nyeinek kiel\u00e9g\u00edt\u00e9s\u00e9re tervezt\u00fcnk. Ne hagyja ki ezt a lehet\u0151s\u00e9get, hogy korszer\u0171s\u00edtse g\u00e9peit kiv\u00e1l\u00f3 min\u0151s\u00e9g\u0171, kett\u0151s m\u0171k\u00f6d\u00e9s\u0171, \u00e1ll\u00edthat\u00f3 hidraulikus henger\u00fcnkkel. Garant\u00e1ljuk a kiv\u00e1l\u00f3 teljes\u00edtm\u00e9nyt \u00e9s tart\u00f3ss\u00e1got, amelyek jelent\u0151sen jav\u00edtj\u00e1k m\u0171k\u00f6d\u00e9si hat\u00e9konys\u00e1g\u00e1t.<\/p>\n<h2>Az \u00e1ll\u00edthat\u00f3 kengyeles hengerek el\u0151nyei<\/h2>\n<p>Az \u00e1ll\u00edthat\u00f3 kengyeles hengerek, mint p\u00e9ld\u00e1ul a kiv\u00e1l\u00f3 min\u0151s\u00e9g\u0171, kett\u0151s m\u0171k\u00f6d\u00e9s\u0171, \u00e1ll\u00edthat\u00f3 hidraulikus hengerek, sz\u00e1mos kulcsfontoss\u00e1g\u00fa el\u0151nyt k\u00edn\u00e1lnak k\u00fcl\u00f6nf\u00e9le alkalmaz\u00e1sokban. Ezeket a hengereket prec\u00edzi\u00f3s \u00e9s innovat\u00edv tervez\u00e9s jellemzi, \u00edgy a felhaszn\u00e1l\u00f3k fokozott teljes\u00edtm\u00e9nyt \u00e9s sokoldal\u00fas\u00e1got \u00e9lvezhetnek. Ebben a cikkben r\u00e9szletesen megvizsg\u00e1ljuk ezen hengerek el\u0151nyeit.<\/p>\n<h3>1. Fokozott rugalmass\u00e1g<\/h3>\n<p>Az \u00e1ll\u00edthat\u00f3 kengyeles hengerek p\u00e1ratlan rugalmass\u00e1got k\u00edn\u00e1lnak, lehet\u0151v\u00e9 t\u00e9ve a felhaszn\u00e1l\u00f3k sz\u00e1m\u00e1ra, hogy a l\u00f6kethosszt \u00e9s a szerel\u00e9si poz\u00edci\u00f3t k\u00f6nnyen be\u00e1ll\u00edts\u00e1k az adott ig\u00e9nyeknek megfelel\u0151en. Ez a funkci\u00f3 biztos\u00edtja, hogy a henger pontosan illeszkedjen a legk\u00fcl\u00f6nb\u00f6z\u0151bb alkalmaz\u00e1sokhoz, id\u0151t \u00e9s energi\u00e1t takar\u00edtva meg a telep\u00edt\u00e9sek \u00e9s be\u00e1ll\u00edt\u00e1sok sor\u00e1n.<\/p>\n<h3>2. Optim\u00e1lis teljes\u00edtm\u00e9ny<\/h3>\n<p>Ezek a munkahengerek fejlett hidraulikus technol\u00f3gi\u00e1val k\u00e9sz\u00fclnek, ami kiv\u00e9teles teljes\u00edtm\u00e9nyt eredm\u00e9nyez. Az \u00e1ll\u00edthat\u00f3 kengyeles kialak\u00edt\u00e1s sima \u00e9s prec\u00edz mozg\u00e1st biztos\u00edt, minimaliz\u00e1lva a s\u00farl\u00f3d\u00e1st \u00e9s a kop\u00e1st. Ez viszont jobb hat\u00e9konys\u00e1got, alacsonyabb karbantart\u00e1si k\u00f6lts\u00e9geket \u00e9s hosszabb \u00e9lettartamot eredm\u00e9nyez.<\/p>\n<h3>3. Kiv\u00e1l\u00f3 teherb\u00edr\u00e1s<\/h3>\n<p>Robusztus konstrukci\u00f3juknak \u00e9s kiv\u00e1l\u00f3 min\u0151s\u00e9g\u0171 anyagaiknak k\u00f6sz\u00f6nhet\u0151en az \u00e1ll\u00edthat\u00f3 kengyeles hengerek k\u00f6nnyed\u00e9n kezelik a neh\u00e9z terheket. A hengereket \u00fagy tervezt\u00e9k, hogy ellen\u00e1lljanak a nagy nyom\u00e1snak, \u00e9s megb\u00edzhat\u00f3 t\u00e1maszt ny\u00fajtsanak ig\u00e9nyes alkalmaz\u00e1sokban. Ez ide\u00e1liss\u00e1 teszi \u0151ket olyan ipar\u00e1gakban val\u00f3 haszn\u00e1latra, mint az \u00e9p\u00edt\u0151ipar, a b\u00e1ny\u00e1szat \u00e9s a gy\u00e1rt\u00e1s.<\/p>\n<h3>4. Fokozott biztons\u00e1g<\/h3>\n<p>Az \u00e1ll\u00edthat\u00f3 kengyeles hengerek biztons\u00e1gi funkci\u00f3kkal vannak felszerelve, amelyek biztos\u00edtj\u00e1k a megb\u00edzhat\u00f3 \u00e9s biztons\u00e1gos m\u0171k\u00f6d\u00e9st. Ezeket a hengereket \u00fagy tervezt\u00e9k, hogy megakad\u00e1lyozz\u00e1k a v\u00e1ratlan mozg\u00e1sokat vagy meghib\u00e1sod\u00e1sokat, minimaliz\u00e1lva a balesetek kock\u00e1zat\u00e1t. Tov\u00e1bb\u00e1, \u00e1ll\u00edthat\u00f3 jelleg\u00fck lehet\u0151v\u00e9 teszi a prec\u00edz vez\u00e9rl\u00e9st \u00e9s pozicion\u00e1l\u00e1st, tov\u00e1bb n\u00f6velve a biztons\u00e1got a kritikus m\u0171veletek sor\u00e1n.<\/p>\n<h3>5. Sokoldal\u00fa r\u00f6gz\u00edt\u00e9si lehet\u0151s\u00e9gek<\/h3>\n<p>Ezeknek a hengereknek az \u00e1ll\u00edthat\u00f3 jellege sokoldal\u00fa r\u00f6gz\u00edt\u00e9si lehet\u0151s\u00e9geket tesz lehet\u0151v\u00e9. K\u00f6nnyen integr\u00e1lhat\u00f3k k\u00fcl\u00f6nf\u00e9le rendszerekbe \u00e9s g\u00e9pekbe, rugalmass\u00e1got biztos\u00edtva a tervez\u00e9sben \u00e9s a telep\u00edt\u00e9sben. Ez a sokoldal\u00fas\u00e1g teszi az \u00e1ll\u00edthat\u00f3 kengyeles hengereket sz\u00e9les k\u00f6r\u0171 alkalmaz\u00e1sokhoz alkalmass\u00e1, bele\u00e9rtve a mez\u0151gazdas\u00e1gi berendez\u00e9seket, az anyagmozgat\u00f3 rendszereket \u00e9s az ipari automatiz\u00e1l\u00e1st.<\/p>\n<h3>6. K\u00f6lts\u00e9ghat\u00e9kony megold\u00e1s<\/h3>\n<p>Az \u00e1ll\u00edthat\u00f3 kengyeles hengerekbe val\u00f3 befektet\u00e9s hossz\u00fa t\u00e1von k\u00f6lts\u00e9ghat\u00e9kony megold\u00e1st k\u00edn\u00e1l. Kiv\u00e1l\u00f3 teljes\u00edtm\u00e9ny\u00fck, tart\u00f3ss\u00e1guk \u00e9s megb\u00edzhat\u00f3s\u00e1guk cs\u00f6kkenti az \u00e1ll\u00e1sid\u0151t \u00e9s a karbantart\u00e1si k\u00f6lts\u00e9geket. Ezenk\u00edv\u00fcl a l\u00f6kethossz \u00e9s a be\u00e9p\u00edt\u00e9si poz\u00edci\u00f3 \u00e1ll\u00edthat\u00f3s\u00e1ga kik\u00fcsz\u00f6b\u00f6li t\u00f6bb henger v\u00e1s\u00e1rl\u00e1s\u00e1nak sz\u00fcks\u00e9gess\u00e9g\u00e9t, ami tov\u00e1bbi k\u00f6lts\u00e9geket takar\u00edt meg.<\/p>\n<p>\u00d6sszefoglalva, az \u00e1ll\u00edthat\u00f3 kengyeles hengerek, mint p\u00e9ld\u00e1ul a kiv\u00e1l\u00f3 min\u0151s\u00e9g\u0171, kett\u0151s m\u0171k\u00f6d\u00e9s\u0171, \u00e1ll\u00edthat\u00f3 hidraulikus hengerek, jelent\u0151s el\u0151ny\u00f6ket k\u00edn\u00e1lnak a rugalmass\u00e1g, a teljes\u00edtm\u00e9ny, a teherb\u00edr\u00e1s, a biztons\u00e1g, a r\u00f6gz\u00edt\u00e9si lehet\u0151s\u00e9gek \u00e9s a k\u00f6lts\u00e9ghat\u00e9konys\u00e1g tekintet\u00e9ben. Ezek a hengerek megb\u00edzhat\u00f3 \u00e9s sokoldal\u00fa v\u00e1laszt\u00e1st jelentenek a k\u00fcl\u00f6nb\u00f6z\u0151 ipar\u00e1gak \u00e9s alkalmaz\u00e1sok sz\u00e1m\u00e1ra. Az \u00e1ll\u00edthat\u00f3 kengyeles hengerek be\u00e9p\u00edt\u00e9s\u00e9vel a v\u00e1llalkoz\u00e1sok jav\u00edthatj\u00e1k m\u0171k\u00f6d\u00e9s\u00fcket \u00e9s optim\u00e1lis eredm\u00e9nyeket \u00e9rhetnek el.<\/p>\n<p><img decoding=\"async\" src=\"https:\/\/fmp-components.com\/wp-content\/uploads\/2024\/12\/Adjustable-Clevis-Type-Cylinders5.webp\" alt=\"\u00c1ll\u00edthat\u00f3 kengyeles henger\" width=\"800\" title=\"\"><\/p>\n<h2>\u00c1ll\u00edthat\u00f3 kengyeles hengerek alkalmaz\u00e1sa<\/h2>\n<p>Az \u00e1ll\u00edthat\u00f3 kengyeles hengerek olyan hidraulikus hengerek, amelyeket sz\u00e9les k\u00f6rben alkalmaznak. Kiv\u00e1l\u00f3 min\u0151s\u00e9g\u00fckr\u0151l, kett\u0151s m\u0171k\u00f6d\u00e9s\u0171 k\u00e9pess\u00e9geikr\u0151l \u00e9s \u00e1ll\u00edthat\u00f3s\u00e1gukr\u00f3l ismertek. Ebben a cikkben megvizsg\u00e1ljuk az \u00e1ll\u00edthat\u00f3 kengyeles hengerek k\u00fcl\u00f6nf\u00e9le alkalmaz\u00e1sait, \u00e9s azt, hogy hogyan haszn\u00e1lj\u00e1k \u0151ket a k\u00fcl\u00f6nb\u00f6z\u0151 ipar\u00e1gakban.<\/p>\n<h3>1. Ipari g\u00e9pek<\/h3>\n<p>Az \u00e1ll\u00edthat\u00f3 kengyeles hengereket sz\u00e9les k\u00f6rben haszn\u00e1lj\u00e1k az ipari g\u00e9pekben. K\u00fcl\u00f6nb\u00f6z\u0151 t\u00edpus\u00fa g\u00e9pek, p\u00e9ld\u00e1ul pr\u00e9sek, oll\u00f3k \u00e9s hajl\u00edt\u00f3g\u00e9pek gy\u00e1rt\u00e1s\u00e1n\u00e1l haszn\u00e1lj\u00e1k \u0151ket. Ezek a hengerek biztos\u00edtj\u00e1k a g\u00e9pek m\u0171k\u00f6dtet\u00e9s\u00e9hez sz\u00fcks\u00e9ges er\u0151t \u00e9s teljes\u00edtm\u00e9nyt. Ezeknek a hengereknek a kett\u0151s m\u0171k\u00f6d\u00e9se lehet\u0151v\u00e9 teszi a hat\u00e9kony m\u0171k\u00f6d\u00e9st \u00e9s a gyors ciklusid\u0151ket. Az \u00e1ll\u00edthat\u00f3s\u00e1g lehet\u0151v\u00e9 teszi a pontos pozicion\u00e1l\u00e1st, ami elengedhetetlen a kiv\u00e1l\u00f3 min\u0151s\u00e9g\u0171 term\u00e9kek gy\u00e1rt\u00e1s\u00e1hoz.<\/p>\n<h3>2. \u00c9p\u00edt\u0151ipar<\/h3>\n<p>Az \u00e9p\u00edt\u0151iparban \u00e1ll\u00edthat\u00f3 kengyeles hengereket is haszn\u00e1lnak. K\u00fcl\u00f6nb\u00f6z\u0151 \u00e9p\u00edt\u0151ipari berendez\u00e9sekben, p\u00e9ld\u00e1ul kotr\u00f3g\u00e9pekben, darukban \u00e9s buld\u00f3zerekben haszn\u00e1lj\u00e1k \u0151ket. Ezeket a hengereket arra haszn\u00e1lj\u00e1k, hogy biztos\u00edts\u00e1k a sz\u00fcks\u00e9ges teljes\u00edtm\u00e9nyt a neh\u00e9z terhek \u00e9s berendez\u00e9sek mozgat\u00e1s\u00e1hoz. Ezeknek a hengereknek az \u00e1ll\u00edthat\u00f3s\u00e1ga lehet\u0151v\u00e9 teszi a pontos pozicion\u00e1l\u00e1st, ami elengedhetetlen az \u00e9p\u00edt\u0151iparban, ahol a pontoss\u00e1g kulcsfontoss\u00e1g\u00fa.<\/p>\n<h3>3. Mez\u0151gazdas\u00e1gi g\u00e9pek<\/h3>\n<p>Egy m\u00e1sik ipar\u00e1g, amely \u00e1ll\u00edthat\u00f3 kengyeles hengereket haszn\u00e1l, a mez\u0151gazdas\u00e1g. Ezeket a hengereket k\u00fcl\u00f6nf\u00e9le mez\u0151gazdas\u00e1gi g\u00e9pekben, p\u00e9ld\u00e1ul traktorokban, ek\u00e9kben \u00e9s betakar\u00edt\u00f3g\u00e9pekben haszn\u00e1lj\u00e1k. Arra szolg\u00e1lnak, hogy biztos\u00edts\u00e1k a sz\u00fcks\u00e9ges er\u0151t \u00e9s teljes\u00edtm\u00e9nyt ezeknek a g\u00e9peknek a hat\u00e9kony m\u0171k\u00f6dtet\u00e9s\u00e9hez. Ezeknek a hengereknek az \u00e1ll\u00edthat\u00f3s\u00e1ga lehet\u0151v\u00e9 teszi a pontos pozicion\u00e1l\u00e1st, ami elengedhetetlen a mez\u0151gazdas\u00e1gi \u00e1gazatban, ahol a pontoss\u00e1g kulcsfontoss\u00e1g\u00fa.<\/p>\n<h3>4. Rep\u00fcl\u0151g\u00e9pipar<\/h3>\n<p>A rep\u00fcl\u0151g\u00e9piparban is haszn\u00e1lnak \u00e1ll\u00edthat\u00f3 kengyeles hengereket. K\u00fcl\u00f6nb\u00f6z\u0151 rep\u00fcl\u0151g\u00e9p-rendszerekben, p\u00e9ld\u00e1ul fut\u00f3m\u0171vekben, korm\u00e1ny- \u00e9s vez\u00e9rl\u0151rendszerekben haszn\u00e1lj\u00e1k \u0151ket. Ezeket a hengereket arra haszn\u00e1lj\u00e1k, hogy biztos\u00edts\u00e1k a sz\u00fcks\u00e9ges er\u0151t \u00e9s teljes\u00edtm\u00e9nyt ezen rendszerek hat\u00e9kony m\u0171k\u00f6dtet\u00e9s\u00e9hez. Ezeknek a hengereknek az \u00e1ll\u00edthat\u00f3s\u00e1ga lehet\u0151v\u00e9 teszi a pontos pozicion\u00e1l\u00e1st, ami elengedhetetlen a rep\u00fcl\u0151g\u00e9piparban, ahol a pontoss\u00e1g kritikus fontoss\u00e1g\u00fa.<\/p>\n<p>\u00d6sszefoglalva, az \u00e1ll\u00edthat\u00f3 kengyeles hengerek sokoldal\u00fa hidraulikus hengerek, amelyeket k\u00fcl\u00f6nf\u00e9le ipar\u00e1gakban haszn\u00e1lnak. Kiv\u00e1l\u00f3 min\u0151s\u00e9g\u00fckr\u0151l, kett\u0151s m\u0171k\u00f6d\u00e9s\u0171 k\u00e9pess\u00e9geikr\u0151l \u00e9s \u00e1ll\u00edthat\u00f3s\u00e1gukr\u00f3l ismertek. Ipari g\u00e9pekben, \u00e9p\u00edt\u0151iparban, mez\u0151gazdas\u00e1gban, rep\u00fcl\u0151g\u00e9piparban \u00e9s sok m\u00e1s alkalmaz\u00e1sban haszn\u00e1lj\u00e1k \u0151ket. Ezeknek a hengereknek az \u00e1ll\u00edthat\u00f3s\u00e1ga lehet\u0151v\u00e9 teszi a pontos pozicion\u00e1l\u00e1st, ami elengedhetetlen azokban az ipar\u00e1gakban, ahol a pontoss\u00e1g \u00e9s a precizit\u00e1s kulcsfontoss\u00e1g\u00fa. Ha kiv\u00e1l\u00f3 min\u0151s\u00e9g\u0171, kett\u0151s m\u0171k\u00f6d\u00e9s\u0171, \u00e1ll\u00edthat\u00f3 hidraulikus hengerre van sz\u00fcks\u00e9ge, az \u00e1ll\u00edthat\u00f3 kengyeles hengerek nagyszer\u0171 v\u00e1laszt\u00e1st jelentenek.<img decoding=\"async\" src=\"https:\/\/fmp-components.com\/wp-content\/uploads\/2024\/12\/Application-of-Adjustable-Clevis-Type-Cylinders.webp\" alt=\"\u00c1ll\u00edthat\u00f3 kengyeles henger\" width=\"800\" title=\"\"><\/p>\n<h3>Az FMP-r\u0151l<\/h3>\n<p>Az FMP egy hidraulikus hengerek gy\u00e1rt\u00e1s\u00e1ra \u00e9s \u00e9rt\u00e9kes\u00edt\u00e9s\u00e9re szakosodott v\u00e1llalat. Az ipar\u00e1gban szerzett sz\u00e9lesk\u00f6r\u0171 tapasztalatunkkal \u00e9s professzion\u00e1lis csapatunkkal elk\u00f6telezettek vagyunk amellett, hogy \u00fcgyfeleinknek kiv\u00e1l\u00f3 min\u0151s\u00e9g\u0171 \u00e9s megb\u00edzhat\u00f3 hidraulikus hengereket biztos\u00edtsunk.<\/p>\n<p><img decoding=\"async\" src=\"https:\/\/fmp-components.com\/wp-content\/uploads\/2024\/12\/Adjustable-Clevis-Type-Cylinders-6.webp\" alt=\"\u00c1ll\u00edthat\u00f3 kengyeles henger\" width=\"840\" title=\"\"><\/p>\n<p>1. Kiv\u00e1l\u00f3 min\u0151s\u00e9g\u0171 term\u00e9kek: Az FMP-n\u00e9l b\u00fcszk\u00e9k vagyunk arra, hogy kiv\u00e1l\u00f3 min\u0151s\u00e9g\u0171, tart\u00f3s hidraulikus hengereket k\u00edn\u00e1lunk. Term\u00e9keink szigor\u00fa min\u0151s\u00e9gellen\u0151rz\u00e9si int\u00e9zked\u00e9seken esnek \u00e1t tart\u00f3ss\u00e1guk \u00e9s teljes\u00edtm\u00e9ny\u00fck biztos\u00edt\u00e1sa \u00e9rdek\u00e9ben.<\/p>\n<p>2. Sz\u00e9lesk\u00f6r\u0171 opci\u00f3k: \u00dcgyfeleink egyedi ig\u00e9nyeinek kiel\u00e9g\u00edt\u00e9s\u00e9re hidraulikus hengerek sz\u00e9les v\u00e1laszt\u00e9k\u00e1t k\u00edn\u00e1ljuk. Ak\u00e1r \u00e1ll\u00edthat\u00f3 kengyeles hengerekre, \u00f6sszek\u00f6t\u0151rudas hengerekre vagy hegesztett hengerekre van sz\u00fcks\u00e9ge, n\u00e1lunk megtal\u00e1lja az \u00d6nnek megfelel\u0151t.<\/p>\n<p>3. Szigor\u00fa min\u0151s\u00e9gi szabv\u00e1nyok: Hossz\u00fa t\u00e1v\u00fa \u00e9s stabil partners\u00e9geket \u00e1polunk j\u00f3 h\u00edr\u0171 besz\u00e1ll\u00edt\u00f3kkal annak \u00e9rdek\u00e9ben, hogy minden hidraulikus henger\u00fcnk megfeleljen a szigor\u00fa min\u0151s\u00e9gi el\u0151\u00edr\u00e1soknak. Minden term\u00e9k\u00fcnk alapos ellen\u0151rz\u00e9sen esik \u00e1t, miel\u0151tt kisz\u00e1ll\u00edtan\u00e1nk \u00fcgyfeleinknek.<\/p>\n<p>4. Szak\u00e9rt\u0151 \u00e9rt\u00e9kes\u00edt\u00e9si csapat: Tapasztalt \u00e9s hozz\u00e1\u00e9rt\u0151 \u00e9rt\u00e9kes\u00edt\u00e9si csapatunk j\u00e1rtas az ipar\u00e1g leg\u00fajabb trendjeiben \u00e9s \u00fcgyf\u00e9lig\u00e9nyeiben. Mindig k\u00e9szen \u00e1llnak professzion\u00e1lis term\u00e9ktan\u00e1csad\u00e1sra \u00e9s intelligens v\u00e1s\u00e1rl\u00e1si javaslatokra az \u00fcgyfelek el\u00e9gedetts\u00e9g\u00e9nek biztos\u00edt\u00e1sa \u00e9rdek\u00e9ben.<\/p>\n<p>5. Hat\u00e9kony logisztikai rendszer: Meg\u00e9rtj\u00fck az id\u0151ben t\u00f6rt\u00e9n\u0151 sz\u00e1ll\u00edt\u00e1s fontoss\u00e1g\u00e1t. Hat\u00e9kony logisztikai eloszt\u00f3rendszer\u00fcnkkel biztos\u00edtjuk, hogy \u00fcgyfeleink gyorsan \u00e9s pontosan megkapj\u00e1k a sz\u00fcks\u00e9ges hidraulikus hengereket.<\/p>\n<p>V\u00e1lassza az FMP-t hidraulikus hengerei ig\u00e9nyeihez, \u00e9s tapasztalja meg a min\u0151s\u00e9get \u00e9s megb\u00edzhat\u00f3s\u00e1got, amely megk\u00fcl\u00f6nb\u00f6ztet minket a versenyt\u00e1rsakt\u00f3l. L\u00e9pjen kapcsolatba vel\u00fcnk m\u00e9g ma, hogy gy\u00fcm\u00f6lcs\u00f6z\u0151 partners\u00e9get kezdhessen.<\/p>\n<h2>GYIK<\/h2>\n<p><strong>K: Mennyi a sz\u00e1ll\u00edt\u00e1si id\u0151 az \u00e1ll\u00edthat\u00f3 hidraulikus hengerhez?<\/strong><br \/>\nV: Az \u00e1ltal\u00e1nos sz\u00e1ll\u00edt\u00e1si id\u0151 25-35 nap.<\/p>\n<p><strong>K: A hidraulikus henger mint\u00e1it mell\u00e9kelt\u00e9k?<\/strong><br \/>\nV: Igen, k\u00edn\u00e1lunk mint\u00e1kat, de ezek nem ingyenesek.<\/p>\n<p><img decoding=\"async\" src=\"https:\/\/img.jiansujichilun.com\/img\/hydrauliccylinders\/C_hydrauliccylinders-3.webp\" alt=\"hidraulikus henger\" width=\"800\" title=\"\"><\/p>\n<p><strong>K: Testreszabhatom a hidraulikus hengert az ig\u00e9nyeim szerint?<\/strong><br \/>\nV: Igen, testreszab\u00e1si lehet\u0151s\u00e9geket k\u00edn\u00e1lunk az \u00d6n egyedi ig\u00e9nyei alapj\u00e1n.<\/p>\n<p>Szerz\u0151: CX<\/p>","protected":false},"excerpt":{"rendered":"<p>Introducing our Excellent Quality Double Acting Cylinder Adjustable Hydraulic Cylinder For Sale! This top-of-the-line hydraulic cylinder is built to provide superior performance and durability in a range of industrial applications. Thanks to its double acting design, it can be used in both push and pull applications with equal ease. But what really sets this hydraulic [&hellip;]<\/p>","protected":false},"featured_media":1338,"comment_status":"closed","ping_status":"closed","template":"","meta":{"_et_pb_use_builder":"","_et_pb_old_content":"","_et_gb_content_width":""},"product_brand":[],"product_cat":[39],"product_tag":[41,34],"class_list":{"0":"post-1378","1":"product","2":"type-product","3":"status-publish","4":"has-post-thumbnail","6":"product_cat-adjustable-clevis-type-cylinders","7":"product_tag-adjustable-clevis-type-cylinders","8":"product_tag-hydraulic-cylinder","10":"first","11":"instock","12":"product-type-simple"},"_links":{"self":[{"href":"https:\/\/fmp-components.com\/hu\/wp-json\/wp\/v2\/product\/1378","targetHints":{"allow":["GET"]}}],"collection":[{"href":"https:\/\/fmp-components.com\/hu\/wp-json\/wp\/v2\/product"}],"about":[{"href":"https:\/\/fmp-components.com\/hu\/wp-json\/wp\/v2\/types\/product"}],"replies":[{"embeddable":true,"href":"https:\/\/fmp-components.com\/hu\/wp-json\/wp\/v2\/comments?post=1378"}],"wp:featuredmedia":[{"embeddable":true,"href":"https:\/\/fmp-components.com\/hu\/wp-json\/wp\/v2\/media\/1338"}],"wp:attachment":[{"href":"https:\/\/fmp-components.com\/hu\/wp-json\/wp\/v2\/media?parent=1378"}],"wp:term":[{"taxonomy":"product_brand","embeddable":true,"href":"https:\/\/fmp-components.com\/hu\/wp-json\/wp\/v2\/product_brand?post=1378"},{"taxonomy":"product_cat","embeddable":true,"href":"https:\/\/fmp-components.com\/hu\/wp-json\/wp\/v2\/product_cat?post=1378"},{"taxonomy":"product_tag","embeddable":true,"href":"https:\/\/fmp-components.com\/hu\/wp-json\/wp\/v2\/product_tag?post=1378"}],"curies":[{"name":"munkaf\u00fczet","href":"https:\/\/api.w.org\/{rel}","templated":true}]}}