{"id":1377,"date":"2024-12-23T02:18:57","date_gmt":"2024-12-23T02:18:57","guid":{"rendered":"https:\/\/fmp-components.com\/product\/cost-effective-hydraulic-piston-cylinder-adjustable-hydraulic-cylinder-for-tractor\/"},"modified":"2025-03-18T00:56:01","modified_gmt":"2025-03-18T00:56:01","slug":"cost-effective-hydraulic-piston-cylinder-adjustable-hydraulic-cylinder-for-tractor","status":"publish","type":"product","link":"https:\/\/fmp-components.com\/hu\/product\/cost-effective-hydraulic-piston-cylinder-adjustable-hydraulic-cylinder-for-tractor\/","title":{"rendered":"K\u00f6lts\u00e9ghat\u00e9kony hidraulikus dugatty\u00fas henger \u00c1ll\u00edthat\u00f3 hidraulikus henger traktorhoz"},"content":{"rendered":"<h2>Bemutatkozik a k\u00f6lts\u00e9ghat\u00e9kony hidraulikus dugatty\u00fas henger, \u00e1ll\u00edthat\u00f3 hidraulikus henger traktorhoz<\/h2>\n<p>A k\u00f6lts\u00e9ghat\u00e9kony, \u00e1ll\u00edthat\u00f3 hidraulikus henger traktorokhoz egy cs\u00facskateg\u00f3ri\u00e1s term\u00e9k, amely optim\u00e1lis teljes\u00edtm\u00e9nyt \u00e9s tart\u00f3ss\u00e1got biztos\u00edt. Ez a nagy teljes\u00edtm\u00e9ny\u0171 hidraulikus henger \u00fagy van kialak\u00edtva, hogy z\u00f6kken\u0151mentesen m\u0171k\u00f6dj\u00f6n traktorokkal \u00e9s m\u00e1s neh\u00e9zg\u00e9pekkel, megb\u00edzhat\u00f3 \u00e9s hat\u00e9kony m\u0171k\u00f6d\u00e9st biztos\u00edtva m\u00e9g a legnehezebb k\u00f6r\u00fclm\u00e9nyek k\u00f6z\u00f6tt is.<\/p>\n<p>Kiv\u00e1l\u00f3 min\u0151s\u00e9g\u0171 anyagokb\u00f3l k\u00e9sz\u00fclt, ez a hidraulikus henger tart\u00f3s \u00e9s optim\u00e1lis teljes\u00edtm\u00e9nyt ny\u00fajt\u00f3 kialak\u00edt\u00e1s\u00fa. \u00c1ll\u00edthat\u00f3 kialak\u00edt\u00e1s\u00e1nak k\u00f6sz\u00f6nhet\u0151en k\u00f6nnyen \u00e9s pontosan be\u00e1ll\u00edthat\u00f3 a traktor egyedi ig\u00e9nyeihez, biztos\u00edtva a maxim\u00e1lis hat\u00e9konys\u00e1got \u00e9s termel\u00e9kenys\u00e9get.<\/p>\n<p>Ak\u00e1r a mez\u0151gazdas\u00e1gban, az \u00e9p\u00edt\u0151iparban, vagy b\u00e1rmely m\u00e1s olyan ipar\u00e1gban dolgozik, amely megb\u00edzhat\u00f3 \u00e9s hat\u00e9kony neh\u00e9zg\u00e9peket ig\u00e9nyel, a k\u00f6lts\u00e9ghat\u00e9kony hidraulikus dugatty\u00fas hengerrel ell\u00e1tott, \u00e1ll\u00edthat\u00f3 hidraulikus henger traktorhoz a t\u00f6k\u00e9letes v\u00e1laszt\u00e1s. Akkor mi\u00e9rt v\u00e1rna? Fektessen be ebbe a nagy teljes\u00edtm\u00e9ny\u0171 hidraulikus hengerbe m\u00e9g ma, \u00e9s tapasztalja meg a k\u00fcl\u00f6nbs\u00e9get, amit v\u00e1llalkoz\u00e1sa sz\u00e1m\u00e1ra jelenthet.<\/p>\n<p><img loading=\"lazy\" decoding=\"async\" class=\"alignnone size-full wp-image-1334\" src=\"https:\/\/fmp-components.com\/wp-content\/uploads\/2024\/12\/Adjustable-Clevis-Type-Cylinders-4.webp\" alt=\"\u00c1ll\u00edthat\u00f3 vill\u00e1s hengerek\" width=\"800\" height=\"800\" title=\"\" srcset=\"https:\/\/fmp-components.com\/wp-content\/uploads\/2024\/12\/Adjustable-Clevis-Type-Cylinders-4.webp 800w, https:\/\/fmp-components.com\/wp-content\/uploads\/2024\/12\/Adjustable-Clevis-Type-Cylinders-4-480x480.webp 480w\" sizes=\"(min-width: 0px) and (max-width: 480px) 480px, (min-width: 481px) 800px, 100vw\" \/><\/p>\n<table style=\"width: 100%;\" border=\"1\" width=\"100%\" cellspacing=\"0\" cellpadding=\"0\">\n<tbody>\n<tr>\n<th>Term\u00e9k neve<\/th>\n<td>Hidraulikus dugatty\u00fas henger traktorokhoz<\/td>\n<\/tr>\n<tr>\n<th>K\u00f6lts\u00e9ghat\u00e9konys\u00e1g<\/th>\n<td>Rendk\u00edv\u00fcl k\u00f6lts\u00e9ghat\u00e9kony megold\u00e1s<\/td>\n<\/tr>\n<tr>\n<th>Alkalmazhat\u00f3 ipar\u00e1gak<\/th>\n<td>G\u00e9pjav\u00edt\u00f3 m\u0171helyek, Mez\u0151gazdas\u00e1g, Energia \u00e9s b\u00e1ny\u00e1szat, G\u00e9pgy\u00e1rt\u00e1s, G\u00e9pgy\u00e1rak<\/td>\n<\/tr>\n<tr>\n<th>Garancia<\/th>\n<td>1 \u00e9v<\/td>\n<\/tr>\n<tr>\n<th>S\u00faly (KG)<\/th>\n<td>30<\/td>\n<\/tr>\n<tr>\n<th>Vide\u00f3s kimen\u0151 ellen\u0151rz\u00e9s<\/th>\n<td>Felt\u00e9ve<\/td>\n<\/tr>\n<tr>\n<th>G\u00e9ptesztel\u00e9si jelent\u00e9s<\/th>\n<td>Felt\u00e9ve<\/td>\n<\/tr>\n<tr>\n<th>Alapvet\u0151 \u00f6sszetev\u0151k<\/th>\n<td>Csap\u00e1gy, hidraulikus henger<\/td>\n<\/tr>\n<tr>\n<th>Standard vagy nem szabv\u00e1nyos<\/th>\n<td>Standard<\/td>\n<\/tr>\n<tr>\n<th>Hatalom<\/th>\n<td>Hidraulikus<\/td>\n<\/tr>\n<tr>\n<th>Test anyaga<\/th>\n<td>Robusztus ac\u00e9l<\/td>\n<\/tr>\n<tr>\n<th>Max. tol\u00f3er\u0151<\/th>\n<td>3000<\/td>\n<\/tr>\n<tr>\n<th>T\u00edpus<\/th>\n<td>\u00c1ll\u00edthat\u00f3 kengyeles henger<\/td>\n<\/tr>\n<tr>\n<th>Tan\u00fas\u00edtv\u00e1ny<\/th>\n<td>ISO 9001:2000<\/td>\n<\/tr>\n<tr>\n<th>Furatm\u00e9ret<\/th>\n<td>2\u20136 h\u00fcvelyk<\/td>\n<\/tr>\n<tr>\n<th>R\u00fad m\u00e9rete<\/th>\n<td>1,125 \u2013 4 h\u00fcvelyk<\/td>\n<\/tr>\n<tr>\n<th>Ecsetvon\u00e1s m\u00e9rete<\/th>\n<td>4\u2013100 h\u00fcvelyk<\/td>\n<\/tr>\n<tr>\n<th>Cs\u00edp\u0151m\u00e9ret<\/th>\n<td>0,5 \u2013 2 h\u00fcvelyk<\/td>\n<\/tr>\n<tr>\n<th>Sz\u00edn<\/th>\n<td>Fekete<\/td>\n<\/tr>\n<tr>\n<th>Csomagol\u00e1si r\u00e9szletek<\/th>\n<td>Vastok, r\u00e9tegelt lemez tok vagy kartondoboz<\/td>\n<\/tr>\n<tr>\n<th><\/th>\n<td><\/td>\n<\/tr>\n<\/tbody>\n<\/table>\n<h2>Az \u00e1ll\u00edthat\u00f3 kengyeles hengerek el\u0151nyei<\/h2>\n<p>Az \u00e1ll\u00edthat\u00f3 kengyeles hengerek sz\u00e1mos el\u0151nnyel \u00e9s hasznot k\u00edn\u00e1lnak k\u00fcl\u00f6nf\u00e9le alkalmaz\u00e1sokban. Ezeket a hidraulikus dugatty\u00fas hengereket k\u00f6lts\u00e9ghat\u00e9konyra tervezt\u00e9k, \u00e9s kiv\u00e9teles teljes\u00edtm\u00e9nyt ny\u00fajtanak a k\u00fcl\u00f6nf\u00e9le ipar\u00e1gakban, p\u00e9ld\u00e1ul a mez\u0151gazdas\u00e1gban \u00e9s az \u00e9p\u00edt\u0151iparban. Ebben a cikkben megvizsg\u00e1ljuk az \u00e1ll\u00edthat\u00f3 kengyeles hengerek el\u0151nyeit, \u00e9s megvizsg\u00e1ljuk, mi\u00e9rt n\u00e9pszer\u0171ek a traktorok \u00e9s m\u00e1s neh\u00e9zg\u00e9pek eset\u00e9ben.<\/p>\n<p><strong>1. Fokozott rugalmass\u00e1g:<\/strong> Az \u00e1ll\u00edthat\u00f3 kengyeles munkahengerek egyik legfontosabb el\u0151nye a rugalmass\u00e1guk. Ezek a munkahengerek kengyeles r\u00f6gz\u00edt\u00e9ssel vannak ell\u00e1tva, ami lehet\u0151v\u00e9 teszi a henger hossz\u00e1nak egyszer\u0171 be\u00e1ll\u00edt\u00e1s\u00e1t. Ez az \u00e1ll\u00edthat\u00f3s\u00e1g lehet\u0151v\u00e9 teszi, hogy a munkahenger alkalmazkodjon a k\u00fcl\u00f6nb\u00f6z\u0151 munkak\u00f6r\u00fclm\u00e9nyekhez \u00e9s k\u00f6vetelm\u00e9nyekhez, \u00edgy rendk\u00edv\u00fcl sokoldal\u00faan haszn\u00e1lhat\u00f3 k\u00fcl\u00f6nf\u00e9le alkalmaz\u00e1sokhoz. Legyen sz\u00f3 traktor tartoz\u00e9kr\u00f3l vagy ipari g\u00e9pr\u0151l, az \u00e1ll\u00edthat\u00f3 kengyeles munkahenger pontosan illeszkedik, biztos\u00edtva az optim\u00e1lis teljes\u00edtm\u00e9nyt.<\/p>\n<p><strong>2. Fokozott hat\u00e9konys\u00e1g:<\/strong> Az \u00e1ll\u00edthat\u00f3 kengyeles hengerek hozz\u00e1j\u00e1rulnak a m\u0171k\u00f6d\u00e9si hat\u00e9konys\u00e1g jav\u00edt\u00e1s\u00e1hoz. \u00c1ll\u00edthat\u00f3s\u00e1guknak k\u00f6sz\u00f6nhet\u0151en ezek a hengerek finomhangolhat\u00f3k a maxim\u00e1lis er\u0151 \u00e9s pontoss\u00e1g biztos\u00edt\u00e1sa \u00e9rdek\u00e9ben adott feladatokban. A henger l\u00f6kethossz\u00e1nak \u00e9s \u00fczemi nyom\u00e1s\u00e1nak optimaliz\u00e1l\u00e1s\u00e1val a kezel\u0151k jobban ir\u00e1ny\u00edthatj\u00e1k a g\u00e9peket, ami fokozott termel\u00e9kenys\u00e9get \u00e9s cs\u00f6kkentett energiafogyaszt\u00e1st eredm\u00e9nyez.<\/p>\n<p><strong>3. Tart\u00f3ss\u00e1g \u00e9s megb\u00edzhat\u00f3s\u00e1g:<\/strong> Az \u00e1ll\u00edthat\u00f3 kengyeles hengereket \u00fagy tervezt\u00e9k, hogy ellen\u00e1lljanak a nagy terhel\u00e9seknek \u00e9s a zord munkak\u00f6rnyezetnek. Kiv\u00e1l\u00f3 min\u0151s\u00e9g\u0171 anyagokb\u00f3l, p\u00e9ld\u00e1ul edzett ac\u00e9lb\u00f3l k\u00e9sz\u00fclnek, ami biztos\u00edtja a tart\u00f3ss\u00e1gukat \u00e9s hossz\u00fa \u00e9lettartamukat. Ezek a hengerek ellen\u00e1llnak a sz\u00e9ls\u0151s\u00e9ges nyom\u00e1snak, a h\u0151m\u00e9rs\u00e9klet-ingadoz\u00e1soknak \u00e9s a zord haszn\u00e1latnak, \u00edgy megb\u00edzhat\u00f3 alkatr\u00e9szekk\u00e9 v\u00e1lnak a nagy ig\u00e9nybev\u00e9tel\u0171 alkalmaz\u00e1sokhoz.<\/p>\n<p><strong>4. K\u00f6nny\u0171 telep\u00edt\u00e9s:<\/strong> Az \u00e1ll\u00edthat\u00f3 kengyeles hengerek tov\u00e1bbi el\u0151nye a k\u00f6nny\u0171 beszerel\u00e9s\u00fck. Ezeket a hengereket egyszer\u0171 r\u00f6gz\u00edt\u00e9sre tervezt\u00e9k, a kengyel pedig biztons\u00e1gos r\u00f6gz\u00edt\u00e9si pontot k\u00edn\u00e1l. Az egyszer\u0171 beszerel\u00e9s cs\u00f6kkenti az \u00e1ll\u00e1sid\u0151t, \u00e9s lehet\u0151v\u00e9 teszi a gyors \u00e9s probl\u00e9mamentes cser\u00e9t vagy karbantart\u00e1st, amikor sz\u00fcks\u00e9ges.<\/p>\n<p><strong>5. K\u00f6lts\u00e9ghat\u00e9konys\u00e1g:<\/strong> Az \u00e1ll\u00edthat\u00f3 kengyeles hengerek k\u00f6lts\u00e9ghat\u00e9kony megold\u00e1st k\u00edn\u00e1lnak m\u00e1s hidraulikus henger opci\u00f3khoz k\u00e9pest. \u00c1ll\u00edthat\u00f3s\u00e1guknak k\u00f6sz\u00f6nhet\u0151en nincs sz\u00fcks\u00e9g egyedi gy\u00e1rt\u00e1s\u00fa hengerekre az adott alkalmaz\u00e1sokhoz, cs\u00f6kkentve az \u00f6sszk\u00f6lts\u00e9geket. Ezenk\u00edv\u00fcl tart\u00f3ss\u00e1guk \u00e9s megb\u00edzhat\u00f3s\u00e1guk minimaliz\u00e1lja a gyakori cser\u00e9k vagy jav\u00edt\u00e1sok sz\u00fcks\u00e9gess\u00e9g\u00e9t, tov\u00e1bb cs\u00f6kkentve a karbantart\u00e1si k\u00f6lts\u00e9geket.<\/p>\n<p>\u00d6sszess\u00e9g\u00e9ben az \u00e1ll\u00edthat\u00f3 kengyeles hengerek jelent\u0151s el\u0151ny\u00f6ket k\u00edn\u00e1lnak a rugalmass\u00e1g, a hat\u00e9konys\u00e1g, a tart\u00f3ss\u00e1g, a k\u00f6nny\u0171 telep\u00edt\u00e9s \u00e9s a k\u00f6lts\u00e9ghat\u00e9konys\u00e1g tekintet\u00e9ben. \u00c1ll\u00edthat\u00f3s\u00e1guk, kiv\u00e9teles teljes\u00edtm\u00e9ny\u00fckkel p\u00e1rosulva, ide\u00e1lis v\u00e1laszt\u00e1ss\u00e1 teszi \u0151ket traktorokhoz \u00e9s egy\u00e9b neh\u00e9zg\u00e9pekhez. Ak\u00e1r a k\u00fcl\u00f6nb\u00f6z\u0151 munkak\u00f6r\u00fclm\u00e9nyekhez val\u00f3 alkalmazkod\u00e1sr\u00f3l, ak\u00e1r a prec\u00edz vez\u00e9rl\u00e9s el\u00e9r\u00e9s\u00e9r\u0151l van sz\u00f3, ezek a hengerek megb\u00edzhat\u00f3 \u00e9s k\u00f6lts\u00e9ghat\u00e9kony hidraulikus teljes\u00edtm\u00e9nyt ny\u00fajtanak.<\/p>\n<p><img decoding=\"async\" src=\"https:\/\/fmp-components.com\/wp-content\/uploads\/2024\/12\/Adjustable-Clevis-Type-Cylinders5.webp\" alt=\"\u00c1ll\u00edthat\u00f3 kengyeles henger\" width=\"800\" title=\"\"><\/p>\n<h2>\u00c1ll\u00edthat\u00f3 kengyeles hengerek alkalmaz\u00e1sa<\/h2>\n<p>Az \u00e1ll\u00edthat\u00f3 kengyeles hengerek, mint p\u00e9ld\u00e1ul a k\u00f6lts\u00e9ghat\u00e9kony hidraulikus dugatty\u00fas henger \u00e9s a traktorokhoz val\u00f3 \u00e1ll\u00edthat\u00f3 hidraulikus henger, sz\u00e1mos alkalmaz\u00e1si ter\u00fcleten megtal\u00e1lhat\u00f3k a k\u00fcl\u00f6nb\u00f6z\u0151 ipar\u00e1gakban. Ezek a hengerek sokoldal\u00fa \u00e9s megb\u00edzhat\u00f3 megold\u00e1st k\u00edn\u00e1lnak a mechanikus rendszerek sz\u00e9les sk\u00e1l\u00e1j\u00e1hoz. Ebben a cikkben r\u00e9szletesen megvizsg\u00e1ljuk az \u00e1ll\u00edthat\u00f3 kengyeles hengerek alkalmaz\u00e1sait \u00e9s el\u0151nyeit.<\/p>\n<h3>1. Ipari automatiz\u00e1l\u00e1s<\/h3>\n<p>Az \u00e1ll\u00edthat\u00f3 kengyeles hengerek egyik f\u0151 alkalmaz\u00e1si ter\u00fclete az ipari automatiz\u00e1l\u00e1s. Ezek a hengerek kulcsfontoss\u00e1g\u00fa szerepet j\u00e1tszanak az automatiz\u00e1lt g\u00e9pek \u00e9s berendez\u00e9sek z\u00f6kken\u0151mentes m\u0171k\u00f6d\u00e9s\u00e9ben. \u00c1ll\u00edthat\u00f3 kengyeles kialak\u00edt\u00e1suknak k\u00f6sz\u00f6nhet\u0151en k\u00f6nnyen integr\u00e1lhat\u00f3k k\u00fcl\u00f6nf\u00e9le automatiz\u00e1l\u00e1si rendszerekbe, prec\u00edz \u00e9s szab\u00e1lyozott line\u00e1ris mozg\u00e1st biztos\u00edtva. A k\u00f6lts\u00e9ghat\u00e9kony hidraulikus dugatty\u00fas henger \u00e9s a traktorokhoz val\u00f3 \u00e1ll\u00edthat\u00f3 hidraulikus henger k\u00fcl\u00f6n\u00f6sen alkalmas nagy ig\u00e9nybev\u00e9tel\u0171 alkalmaz\u00e1sokhoz, ahol nagy er\u0151 \u00e9s tart\u00f3ss\u00e1g sz\u00fcks\u00e9ges.<\/p>\n<h3>2. Anyagmozgat\u00e1s<\/h3>\n<p>Az \u00e1ll\u00edthat\u00f3 kengyeles hengereket sz\u00e9les k\u00f6rben haszn\u00e1lj\u00e1k az anyagmozgat\u00f3 rendszerekben. Ezek a hengerek k\u00e9pesek neh\u00e9z terhek k\u00f6nny\u0171 emel\u00e9s\u00e9re \u00e9s mozgat\u00e1s\u00e1ra. Az \u00e1ll\u00edthat\u00f3 funkci\u00f3 lehet\u0151v\u00e9 teszi a rakom\u00e1ny pontos pozicion\u00e1l\u00e1s\u00e1t, biztos\u00edtva a hat\u00e9kony \u00e9s biztons\u00e1gos anyagmozgat\u00e1si m\u0171veleteket. A k\u00f6lts\u00e9ghat\u00e9kony hidraulikus dugatty\u00fas hengert \u00e9s a traktorokhoz val\u00f3 \u00e1ll\u00edthat\u00f3 hidraulikus hengert gyakran haszn\u00e1lj\u00e1k targonc\u00e1kban, darukban \u00e9s egy\u00e9b anyagmozgat\u00f3 berendez\u00e9sekben.<\/p>\n<h3>3. Mez\u0151gazdas\u00e1gi g\u00e9pek<\/h3>\n<p>A mez\u0151gazdas\u00e1gi g\u00e9pek nagym\u00e9rt\u00e9kben t\u00e1maszkodnak az \u00e1ll\u00edthat\u00f3 kengyeles hengerekre k\u00fcl\u00f6nf\u00e9le alkalmaz\u00e1sokhoz. A sz\u00e1nt\u00e1st\u00f3l \u00e9s talajm\u0171vel\u00e9st\u0151l kezdve a betakar\u00edt\u00e1son \u00e9s rakod\u00e1son \u00e1t ezek a hengerek biztos\u00edtj\u00e1k a sz\u00fcks\u00e9ges teljes\u00edtm\u00e9nyt \u00e9s vez\u00e9rl\u00e9st a hat\u00e9kony mez\u0151gazdas\u00e1gi m\u0171veletekhez. K\u00fcl\u00f6n\u00f6sen a traktorokhoz val\u00f3 \u00e1ll\u00edthat\u00f3 hidraulikus hengereket \u00fagy tervezt\u00e9k, hogy ellen\u00e1lljanak a mez\u0151gazdas\u00e1gi k\u00f6rnyezet neh\u00e9z k\u00f6r\u00fclm\u00e9nyeinek, mik\u00f6zben optim\u00e1lis teljes\u00edtm\u00e9nyt ny\u00fajtanak. A gazd\u00e1lkod\u00f3k \u00e9s a mez\u0151gazdas\u00e1gi szakemberek profit\u00e1lhatnak ezeknek a hengereknek a k\u00f6lts\u00e9ghat\u00e9kony megold\u00e1s\u00e1b\u00f3l.<\/p>\n<h3>4. \u00c9p\u00edt\u0151ipari berendez\u00e9sek<\/h3>\n<p>Az \u00e1ll\u00edthat\u00f3 kengyeles hengerek sz\u00e9les k\u00f6rben haszn\u00e1latosak az \u00e9p\u00edt\u0151ipari berendez\u00e9sekben. A kotr\u00f3g\u00e9pekt\u0151l \u00e9s rakod\u00f3g\u00e9pekt\u0151l kezdve a darukig \u00e9s buld\u00f3zerekig ezek a hengerek elengedhetetlenek a neh\u00e9zg\u00e9pek pontos mozgat\u00e1s\u00e1hoz \u00e9s pozicion\u00e1l\u00e1s\u00e1hoz. Ezeknek a hengereknek az \u00e1ll\u00edthat\u00f3s\u00e1ga rugalmass\u00e1got biztos\u00edt a k\u00fcl\u00f6nf\u00e9le \u00e9p\u00edt\u0151ipari alkalmaz\u00e1sokban, biztos\u00edtva a pontos \u00e9s hat\u00e9kony m\u0171k\u00f6d\u00e9st. A k\u00f6lts\u00e9ghat\u00e9kony hidraulikus dugatty\u00fas henger, valamint a traktorokhoz val\u00f3 \u00e1ll\u00edthat\u00f3 hidraulikus henger k\u00f6lts\u00e9ghat\u00e9kony megold\u00e1sokat k\u00edn\u00e1l az \u00e9p\u00edt\u0151ipari v\u00e1llalatok sz\u00e1m\u00e1ra a teljes\u00edtm\u00e9ny \u00e9s a tart\u00f3ss\u00e1g fel\u00e1ldoz\u00e1sa n\u00e9lk\u00fcl.<\/p>\n<h3>5. Gy\u00e1rt\u00e1si folyamatok<\/h3>\n<p>A gy\u00e1rt\u00e1si folyamatokban az \u00e1ll\u00edthat\u00f3 kengyeles hengereket sz\u00e9les k\u00f6r\u0171 feladatokhoz haszn\u00e1lj\u00e1k. Ezeket a hengereket \u00f6sszeszerel\u0151 sorokban, pr\u00e9sg\u00e9pekben \u00e9s egy\u00e9b gy\u00e1rt\u00f3berendez\u00e9sekben alkalmazz\u00e1k szab\u00e1lyozott line\u00e1ris mozg\u00e1s biztos\u00edt\u00e1s\u00e1ra. Ezeknek a hengereknek az \u00e1ll\u00edthat\u00f3 tulajdons\u00e1ga lehet\u0151v\u00e9 teszi a testreszab\u00e1st \u00e9s az alkalmazkod\u00f3k\u00e9pess\u00e9get a k\u00fcl\u00f6nb\u00f6z\u0151 termel\u00e9si k\u00f6vetelm\u00e9nyekhez. A k\u00f6lts\u00e9ghat\u00e9kony hidraulikus dugatty\u00fas henger \u00e9s a traktorokhoz val\u00f3 \u00e1ll\u00edthat\u00f3 hidraulikus henger megb\u00edzhat\u00f3 \u00e9s hat\u00e9kony teljes\u00edtm\u00e9nyt ny\u00fajt v\u00e1ltozatos gy\u00e1rt\u00e1si k\u00f6rnyezetekben.<\/p>\n<p>\u00d6sszefoglalva, az \u00e1ll\u00edthat\u00f3 kengyeles hengerek, bele\u00e9rtve a k\u00f6lts\u00e9ghat\u00e9kony hidraulikus dugatty\u00fas hengert \u00e9s a traktorokhoz val\u00f3 \u00e1ll\u00edthat\u00f3 hidraulikus hengert, sz\u00e9les k\u00f6rben alkalmazhat\u00f3k a k\u00fcl\u00f6nb\u00f6z\u0151 ipar\u00e1gakban. Sokoldal\u00fas\u00e1guk, \u00e1ll\u00edthat\u00f3s\u00e1guk \u00e9s tart\u00f3ss\u00e1guk n\u00e9lk\u00fcl\u00f6zhetetlenn\u00e9 teszi \u0151ket az ipari automatiz\u00e1l\u00e1sban, az anyagmozgat\u00e1sban, a mez\u0151gazdas\u00e1gi g\u00e9pekben, az \u00e9p\u00edt\u0151ipari berendez\u00e9sekben \u00e9s a gy\u00e1rt\u00e1si folyamatokban. Ezek a hengerek k\u00f6lts\u00e9ghat\u00e9kony megold\u00e1sokat k\u00edn\u00e1lnak a teljes\u00edtm\u00e9ny fel\u00e1ldoz\u00e1sa n\u00e9lk\u00fcl, \u00edgy sz\u00e1mos v\u00e1llalkoz\u00e1s sz\u00e1m\u00e1ra el\u0151ny\u00f6s v\u00e1laszt\u00e1st jelentenek.<\/p>\n<p><img decoding=\"async\" src=\"https:\/\/fmp-components.com\/wp-content\/uploads\/2024\/12\/Application-of-Adjustable-Clevis-Type-Cylinders.webp\" alt=\"\u00c1ll\u00edthat\u00f3 kengyeles henger\" width=\"800\" title=\"\"><\/p>\n<h3>Az FMP-r\u0151l \u2013 Hidraulikus henger<\/h3>\n<p>Az FMP egy vezet\u0151 v\u00e1llalat, amely \u00e9p\u00edt\u0151ipari g\u00e9palkatr\u00e9szek \u00e9s komplett g\u00e9pek gy\u00e1rt\u00e1s\u00e1ra \u00e9s \u00e9rt\u00e9kes\u00edt\u00e9s\u00e9re specializ\u00e1l\u00f3dott. Sok \u00e9ves ipar\u00e1gi tapasztalattal \u00e9s professzion\u00e1lis csapattal kiv\u00e1l\u00f3 min\u0151s\u00e9g\u0171 \u00e9s megb\u00edzhat\u00f3 \u00e9p\u00edt\u0151ipari g\u00e9p\u00e9szeti megold\u00e1sokat k\u00edn\u00e1lunk \u00fcgyfeleinknek. Az FMP-n\u00e9l sz\u00e9les term\u00e9kv\u00e1laszt\u00e9kot k\u00edn\u00e1lunk, bele\u00e9rtve a hidraulikus hengereket, mez\u0151gazdas\u00e1gi g\u00e9pek sebess\u00e9gv\u00e1lt\u00f3it, bolyg\u00f3kerekes sebess\u00e9gv\u00e1lt\u00f3kat, ipari sebess\u00e9gv\u00e1lt\u00f3kat, mez\u0151gazdas\u00e1gi g\u00e9palkatr\u00e9szeket \u00e9s a hozz\u00e1juk ill\u0151, cs\u00facskateg\u00f3ri\u00e1s tartoz\u00e9kok sorozat\u00e1t.<\/p>\n<p>\u00cdme n\u00e9h\u00e1ny ok, ami\u00e9rt \u00e9rdemes az \u00e1ltalunk k\u00edn\u00e1lt hidraulikus hengereket v\u00e1lasztania:<\/p>\n<p>1. Kiv\u00e1l\u00f3 min\u0151s\u00e9g: Helyi \u00e9s nemzetk\u00f6zi szinten egyar\u00e1nt kiv\u00e1l\u00f3 min\u0151s\u00e9g\u0171 besz\u00e1ll\u00edt\u00f3kkal dolgozunk egy\u00fctt, hogy biztos\u00edtsuk, hogy csak olyan alkatr\u00e9szeket sz\u00e1ll\u00edtsunk, amelyek megfelelnek a szigor\u00fa min\u0151s\u00e9gi el\u0151\u00edr\u00e1soknak. Hidraulikus hengereink tart\u00f3sak, megb\u00edzhat\u00f3ak, \u00e9s \u00fagy lettek tervezve, hogy optim\u00e1lis teljes\u00edtm\u00e9nyt ny\u00fajtsanak a legig\u00e9nyesebb k\u00f6r\u00fclm\u00e9nyek k\u00f6z\u00f6tt is.<\/p>\n<p>2. Professzion\u00e1lis \u00e9rt\u00e9kes\u00edt\u00e9si csapat: \u00c9rt\u00e9kes\u00edt\u00e9si csapatunk tapasztalt \u00e9s k\u00e9pzett szakemberekb\u0151l \u00e1ll, akik m\u00e9lyrehat\u00f3 ismeretekkel rendelkeznek az \u00e9p\u00edt\u0151ipari g\u00e9piparban. Mindig k\u00e9szen \u00e1llnak arra, hogy professzion\u00e1lis term\u00e9ktan\u00e1csad\u00e1ssal \u00e9s intelligens v\u00e1s\u00e1rl\u00e1si javaslatokkal l\u00e1ss\u00e1k el \u00fcgyfeleinket.<\/p>\n<p>3. Hat\u00e9kony logisztikai eloszt\u00e1s: Hat\u00e9kony logisztikai eloszt\u00e1si rendszer\u00fcnk biztos\u00edtja, hogy \u00fcgyfeleink id\u0151ben \u00e9s pontosan megkapj\u00e1k a sz\u00fcks\u00e9ges alkatr\u00e9szeket. Amint leadja rendel\u00e9s\u00e9t n\u00e1lunk, gondoskodunk arr\u00f3l, hogy azt a lehet\u0151 leggyorsabban kisz\u00e1ll\u00edtsuk \u00d6nnek.<\/p>\n<p>4. Testreszabhat\u00f3s\u00e1g: Hidraulikus hengereink nagym\u00e9rt\u00e9kben testreszabhat\u00f3k, \u00e9s \u00fcgyfeleink egyedi ig\u00e9nyeinek \u00e9s k\u00f6vetelm\u00e9nyeinek megfelel\u0151en tudjuk \u0151ket testre szabni. K\u00fcl\u00f6nb\u00f6z\u0151 opci\u00f3kat k\u00edn\u00e1lunk, p\u00e9ld\u00e1ul \u00e1ll\u00edthat\u00f3 kengyeles hengereket, \u00f6sszek\u00f6t\u0151rudas hengereket, hegesztett hengereket \u00e9s egyebeket.<\/p>\n<p>5. Versenyk\u00e9pes \u00e1rak: Az FMP-n\u00e9l versenyk\u00e9pes \u00e1ron k\u00edn\u00e1ljuk term\u00e9keinket. Hissz\u00fck, hogy a kiv\u00e1l\u00f3 min\u0151s\u00e9g\u0171 term\u00e9keknek nem szabad t\u00falzottan magas \u00e1ron lenni\u00fck. C\u00e9lunk, hogy \u00fcgyfeleinknek a lehet\u0151 legjobb \u00e1r-\u00e9rt\u00e9k ar\u00e1nyt ny\u00fajtsuk.<\/p>\n<p>\u00d6sszefoglalva, ha megb\u00edzhat\u00f3 \u00e9s kiv\u00e1l\u00f3 min\u0151s\u00e9g\u0171 hidraulikus hengereket keres, az FMP a legjobb v\u00e1laszt\u00e1s. Term\u00e9keink tart\u00f3sak, megb\u00edzhat\u00f3ak \u00e9s optim\u00e1lis teljes\u00edtm\u00e9nyt ny\u00fajtanak a legig\u00e9nyesebb k\u00f6r\u00fclm\u00e9nyek k\u00f6z\u00f6tt is. L\u00e9pjen kapcsolatba vel\u00fcnk m\u00e9g ma, hogy t\u00f6bbet megtudjon term\u00e9keinkr\u0151l \u00e9s szolg\u00e1ltat\u00e1sainkr\u00f3l.<\/p>\n<p><img decoding=\"async\" src=\"https:\/\/fmp-components.com\/wp-content\/uploads\/2024\/12\/Adjustable-Clevis-Type-Cylinders-6.webp\" alt=\"\u00c1ll\u00edthat\u00f3 kengyeles henger\" width=\"839\" title=\"\"><\/p>\n<h3>Gyakran ism\u00e9telt k\u00e9rd\u00e9sek<\/h3>\n<p><strong>K: Mekkora a hidraulikus dugatty\u00fas henger maxim\u00e1lis tol\u00f3ereje?<\/strong><br \/>\nA: A hidraulikus dugatty\u00fas henger maxim\u00e1lis tol\u00f3ereje 3000.<\/p>\n<p><strong>K: Milyen ipar\u00e1gakban alkalmazhat\u00f3 a hidraulikus dugatty\u00fas henger?<\/strong><br \/>\nV: A hidraulikus dugatty\u00fas henger k\u00fcl\u00f6nf\u00e9le ipar\u00e1gakban alkalmazhat\u00f3, bele\u00e9rtve a g\u00e9pjav\u00edt\u00f3 m\u0171helyeket, a mez\u0151gazdas\u00e1got, az energia- \u00e9s b\u00e1ny\u00e1szatot, a g\u00e9pgy\u00e1rt\u00e1st \u00e9s a g\u00e9pgy\u00e1rakat.<\/p>\n<p><strong>K: Mennyi a garancia a hidraulikus dugatty\u00fas hengerre?<\/strong><br \/>\nV: Hidraulikus dugatty\u00fas henger\u00fcnkre 1 \u00e9v garanci\u00e1t v\u00e1llalunk, amely biztos\u00edtja a min\u0151s\u00e9g\u00e9t \u00e9s tart\u00f3ss\u00e1g\u00e1t.<\/p>\n<p><img decoding=\"async\" src=\"https:\/\/img.jiansujichilun.com\/img\/hydrauliccylinders\/T_hydrauliccylinders-5.webp\" alt=\"hidraulikus henger\" width=\"800\" title=\"\"><\/p>\n<p>Szerz\u0151: CX<\/p>","protected":false},"excerpt":{"rendered":"<p>Introducing the Cost Effective Hydraulic Piston Cylinder Adjustable Hydraulic Cylinder For Tractor The Cost Effective Hydraulic Piston Cylinder Adjustable Hydraulic Cylinder For Tractor is a top-of-the-line product that delivers optimum performance and durability. This powerful hydraulic cylinder is designed to work seamlessly with tractors and other heavy-duty equipment, providing reliable and efficient operation even in [&hellip;]<\/p>","protected":false},"featured_media":1336,"comment_status":"closed","ping_status":"closed","template":"","meta":{"_et_pb_use_builder":"","_et_pb_old_content":"","_et_gb_content_width":""},"product_brand":[],"product_cat":[39],"product_tag":[41,34],"class_list":{"0":"post-1377","1":"product","2":"type-product","3":"status-publish","4":"has-post-thumbnail","6":"product_cat-adjustable-clevis-type-cylinders","7":"product_tag-adjustable-clevis-type-cylinders","8":"product_tag-hydraulic-cylinder","10":"first","11":"instock","12":"product-type-simple"},"_links":{"self":[{"href":"https:\/\/fmp-components.com\/hu\/wp-json\/wp\/v2\/product\/1377","targetHints":{"allow":["GET"]}}],"collection":[{"href":"https:\/\/fmp-components.com\/hu\/wp-json\/wp\/v2\/product"}],"about":[{"href":"https:\/\/fmp-components.com\/hu\/wp-json\/wp\/v2\/types\/product"}],"replies":[{"embeddable":true,"href":"https:\/\/fmp-components.com\/hu\/wp-json\/wp\/v2\/comments?post=1377"}],"wp:featuredmedia":[{"embeddable":true,"href":"https:\/\/fmp-components.com\/hu\/wp-json\/wp\/v2\/media\/1336"}],"wp:attachment":[{"href":"https:\/\/fmp-components.com\/hu\/wp-json\/wp\/v2\/media?parent=1377"}],"wp:term":[{"taxonomy":"product_brand","embeddable":true,"href":"https:\/\/fmp-components.com\/hu\/wp-json\/wp\/v2\/product_brand?post=1377"},{"taxonomy":"product_cat","embeddable":true,"href":"https:\/\/fmp-components.com\/hu\/wp-json\/wp\/v2\/product_cat?post=1377"},{"taxonomy":"product_tag","embeddable":true,"href":"https:\/\/fmp-components.com\/hu\/wp-json\/wp\/v2\/product_tag?post=1377"}],"curies":[{"name":"munkaf\u00fczet","href":"https:\/\/api.w.org\/{rel}","templated":true}]}}