{"id":1375,"date":"2024-12-23T02:18:57","date_gmt":"2024-12-23T02:18:57","guid":{"rendered":"https:\/\/fmp-components.com\/product\/customized-adjustable-stainless-steel-hydraulic-cylinder-for-tractor\/"},"modified":"2024-12-23T03:25:05","modified_gmt":"2024-12-23T03:25:05","slug":"customized-adjustable-stainless-steel-hydraulic-cylinder-for-tractor","status":"publish","type":"product","link":"https:\/\/fmp-components.com\/hu\/product\/customized-adjustable-stainless-steel-hydraulic-cylinder-for-tractor\/","title":{"rendered":"Testreszabott \u00e1ll\u00edthat\u00f3 rozsdamentes ac\u00e9l hidraulikus henger traktorhoz"},"content":{"rendered":"<h2>Bemutatkozik a szem\u00e9lyre szabott, \u00e1ll\u00edthat\u00f3 rozsdamentes ac\u00e9l hidraulikus henger traktorhoz<\/h2>\n<p>A traktorokhoz val\u00f3, \u00e1ll\u00edthat\u00f3 rozsdamentes ac\u00e9l hidraulikus henger egy cs\u00facskateg\u00f3ri\u00e1s term\u00e9k, amelyet a traktorkezel\u0151k speci\u00e1lis ig\u00e9nyeinek kiel\u00e9g\u00edt\u00e9s\u00e9re terveztek. Ezt a hidraulikus hengert p\u00e1ratlan teljes\u00edtm\u00e9ny \u00e9s hat\u00e9konys\u00e1g biztos\u00edt\u00e1s\u00e1ra tervezt\u00e9k, \u00edgy minden traktor n\u00e9lk\u00fcl\u00f6zhetetlen alkatr\u00e9sz\u00e9v\u00e9 v\u00e1lik.<\/p>\n<p>A term\u00e9k egyik legfontosabb jellemz\u0151je az \u00e1ll\u00edthat\u00f3s\u00e1ga. A henger l\u00f6kethossz\u00e1nak \u00e9s nyom\u00e1startom\u00e1ny\u00e1nak testreszab\u00e1si lehet\u0151s\u00e9g\u00e9vel ez a hidraulikus henger b\u00e1rmilyen traktor \u00fczemeltet\u00e9si ig\u00e9ny\u00e9hez igaz\u00edthat\u00f3. Ez a rugalmass\u00e1g sokoldal\u00fa \u00e9s praktikus megold\u00e1st k\u00edn\u00e1l a gazd\u00e1lkod\u00f3k \u00e9s a traktorkezel\u0151k sz\u00e1m\u00e1ra sz\u00e1mos alkalmaz\u00e1si ter\u00fcleten.<\/p>\n<p>Maga a henger kiv\u00e1l\u00f3 min\u0151s\u00e9g\u0171 rozsdamentes ac\u00e9lb\u00f3l k\u00e9sz\u00fclt, amely kiv\u00e9teles tart\u00f3ss\u00e1got \u00e9s korr\u00f3zi\u00f3- \u00e9s kop\u00e1s\u00e1ll\u00f3s\u00e1got biztos\u00edt. Ez azt jelenti, hogy a henger a mez\u0151gazdas\u00e1gi k\u00f6rnyezet zord k\u00f6r\u00fclm\u00e9nyeit is kib\u00edrja an\u00e9lk\u00fcl, hogy elvesz\u00edten\u00e9 hat\u00e9konys\u00e1g\u00e1t vagy teljes\u00edtm\u00e9ny\u00e9t.<\/p>\n<p>Ezenk\u00edv\u00fcl a traktorhoz val\u00f3, testreszabott, \u00e1ll\u00edthat\u00f3 rozsdamentes ac\u00e9l hidraulikus henger fejlett hidraulikus technol\u00f3gi\u00e1t tartalmaz, amely prec\u00edz \u00e9s k\u00f6vetkezetes teljes\u00edtm\u00e9nyt ny\u00fajt. Ez biztos\u00edtja a hidraulikus henger z\u00f6kken\u0151mentes \u00e9s hat\u00e9kony m\u0171k\u00f6d\u00e9s\u00e9t, cs\u00f6kkentve a traktor egy\u00e9b alkatr\u00e9szeinek kop\u00e1s\u00e1t \u00e9s n\u00f6velve az \u00e1ltal\u00e1nos termel\u00e9kenys\u00e9get.<\/p>\n<p><img loading=\"lazy\" decoding=\"async\" class=\"alignnone size-full wp-image-1334\" src=\"https:\/\/fmp-components.com\/wp-content\/uploads\/2024\/12\/Adjustable-Clevis-Type-Cylinders-4.webp\" alt=\"\u00c1ll\u00edthat\u00f3 vill\u00e1s hengerek\" width=\"800\" height=\"800\" title=\"\" srcset=\"https:\/\/fmp-components.com\/wp-content\/uploads\/2024\/12\/Adjustable-Clevis-Type-Cylinders-4.webp 800w, https:\/\/fmp-components.com\/wp-content\/uploads\/2024\/12\/Adjustable-Clevis-Type-Cylinders-4-480x480.webp 480w\" sizes=\"(min-width: 0px) and (max-width: 480px) 480px, (min-width: 481px) 800px, 100vw\" \/><\/p>\n<p>\u00d6sszess\u00e9g\u00e9ben a traktorhoz val\u00f3, \u00e1ll\u00edthat\u00f3 rozsdamentes ac\u00e9l hidraulikus henger egy kiv\u00e1l\u00f3 min\u0151s\u00e9g\u0171, megb\u00edzhat\u00f3 term\u00e9k, amelyet a modern mez\u0151gazdas\u00e1gi m\u0171veletek ig\u00e9nyeinek kiel\u00e9g\u00edt\u00e9s\u00e9re terveztek. Ak\u00e1r neh\u00e9z terheket kell emelnie, ak\u00e1r f\u00f6ldeket kell sz\u00e1ntania, vagy b\u00e1rmilyen m\u00e1s traktorral kapcsolatos feladatot kell elv\u00e9geznie, ez a hidraulikus henger a t\u00f6k\u00e9letes v\u00e1laszt\u00e1s az \u00d6n sz\u00e1m\u00e1ra.<\/p>\n<h2>Az \u00e1ll\u00edthat\u00f3 kengyeles hengerek el\u0151nyei<\/h2>\n<p>Az \u00e1ll\u00edthat\u00f3 kengyeles hengerek, mint p\u00e9ld\u00e1ul a traktorokhoz k\u00e9sz\u00fclt, egyedi, \u00e1ll\u00edthat\u00f3 rozsdamentes ac\u00e9l hidraulikus hengerek, sz\u00e1mos el\u0151nnyel rendelkeznek a hagyom\u00e1nyos hidraulikus hengerekkel szemben. Ebben a blogbejegyz\u00e9sben ezeket az el\u0151ny\u00f6ket r\u00e9szletesen megvizsg\u00e1ljuk.<\/p>\n<h3>1. Fokozott rugalmass\u00e1g<\/h3>\n<p>Az \u00e1ll\u00edthat\u00f3 kengyeles hengerek egyik legfontosabb el\u0151nye a fokozott rugalmass\u00e1g. A kengyel helyzet\u00e9nek be\u00e1ll\u00edt\u00e1si lehet\u0151s\u00e9g\u00e9vel ezek a hengerek nagyobb sokoldal\u00fas\u00e1got k\u00edn\u00e1lnak a k\u00fcl\u00f6nf\u00e9le alkalmaz\u00e1sokban. Legyen sz\u00f3 traktorokr\u00f3l, mez\u0151gazdas\u00e1gi g\u00e9pekr\u0151l vagy m\u00e1s ipari berendez\u00e9sekr\u0151l, az \u00e1ll\u00edthat\u00f3 funkci\u00f3 lehet\u0151v\u00e9 teszi a prec\u00edz testreszab\u00e1st az adott ig\u00e9nyeknek megfelel\u0151en.<\/p>\n<p>A traktorokhoz val\u00f3, testreszabott, \u00e1ll\u00edthat\u00f3 rozsdamentes ac\u00e9l hidraulikus henger haszn\u00e1lat\u00e1val a kezel\u0151k k\u00f6nnyen igaz\u00edthatj\u00e1k a henger hossz\u00e1t \u00e9s l\u00f6ket\u00e9t a k\u00fcl\u00f6nb\u00f6z\u0151 feladatokhoz. Ez a rugalmass\u00e1g jav\u00edtja az \u00e1ltal\u00e1nos hat\u00e9konys\u00e1got \u00e9s termel\u00e9kenys\u00e9get a v\u00e1ltozatos munkak\u00f6rnyezetekben.<\/p>\n<h3>2. Optim\u00e1lis teljes\u00edtm\u00e9ny<\/h3>\n<p>Az \u00e1ll\u00edthat\u00f3 kengyeles hengerek optim\u00e1lis teljes\u00edtm\u00e9nyt ny\u00fajtanak ig\u00e9nyes k\u00f6r\u00fclm\u00e9nyek k\u00f6z\u00f6tt. Robusztus konstrukci\u00f3juknak \u00e9s kiv\u00e1l\u00f3 min\u0151s\u00e9g\u0171 anyagaiknak, p\u00e9ld\u00e1ul rozsdamentes ac\u00e9lnak k\u00f6sz\u00f6nhet\u0151en ezek a hengerek kiv\u00e9teles szil\u00e1rds\u00e1got \u00e9s tart\u00f3ss\u00e1got k\u00edn\u00e1lnak. Ez megb\u00edzhat\u00f3 m\u0171k\u00f6d\u00e9st biztos\u00edt m\u00e9g zord k\u00f6rnyezetben vagy nagy terhel\u00e9s alatt is.<\/p>\n<p>Tov\u00e1bb\u00e1 az \u00e1ll\u00edthat\u00f3 kialak\u00edt\u00e1s lehet\u0151v\u00e9 teszi a henger teljes\u00edtm\u00e9nyjellemz\u0151inek finomhangol\u00e1s\u00e1t. A kezel\u0151k olyan t\u00e9nyez\u0151ket \u00e1ll\u00edthatnak be, mint a sebess\u00e9g, az er\u0151 \u00e9s a l\u00f6kethossz, hogy el\u00e9rj\u00e9k a k\u00edv\u00e1nt teljes\u00edtm\u00e9nyt. Ez a szab\u00e1lyoz\u00e1si szint optimaliz\u00e1lja a hidraulikus rendszer \u00e1ltal\u00e1nos teljes\u00edtm\u00e9ny\u00e9t, ami jobb termel\u00e9kenys\u00e9get \u00e9s hat\u00e9konys\u00e1got eredm\u00e9nyez.<\/p>\n<h3>3. Cs\u00f6kkentett \u00e1ll\u00e1sid\u0151<\/h3>\n<p>Az \u00e1ll\u00edthat\u00f3 kengyeles hengerek tov\u00e1bbi el\u0151nye a cs\u00f6kkentett \u00e1ll\u00e1sid\u0151. Testreszabhat\u00f3 jelleg\u00fcknek k\u00f6sz\u00f6nhet\u0151en ezek a hengerek k\u00f6nnyen be\u00e1ll\u00edthat\u00f3k vagy cser\u00e9lhet\u0151k, amikor sz\u00fcks\u00e9ges, minimaliz\u00e1lva a karbantart\u00e1shoz vagy jav\u00edt\u00e1shoz sz\u00fcks\u00e9ges id\u0151t.<\/p>\n<p>A traktorokhoz val\u00f3, \u00e1ll\u00edthat\u00f3 rozsdamentes ac\u00e9l hidraulikus munkahenger eset\u00e9ben a kialak\u00edt\u00e1s lehet\u0151v\u00e9 teszi a leng\u0151villa gyors be\u00e1ll\u00edt\u00e1s\u00e1t vagy cser\u00e9j\u00e9t, biztos\u00edtva a minim\u00e1lis \u00e1ll\u00e1sid\u0151t. Ez a funkci\u00f3 k\u00fcl\u00f6n\u00f6sen el\u0151ny\u00f6s azokban az ipar\u00e1gakban, ahol az id\u0151\u00e9rz\u00e9keny m\u0171veletek kulcsfontoss\u00e1g\u00faak, p\u00e9ld\u00e1ul a mez\u0151gazdas\u00e1gban vagy az \u00e9p\u00edt\u0151iparban.<\/p>\n<h3>4. Fokozott biztons\u00e1g<\/h3>\n<p>Az \u00e1ll\u00edthat\u00f3 kengyeles hengerek a biztons\u00e1got helyezik el\u0151t\u00e9rbe a prec\u00edz vez\u00e9rl\u00e9s \u00e9s stabilit\u00e1s biztos\u00edt\u00e1s\u00e1val. A kengyel helyzet\u00e9nek be\u00e1ll\u00edt\u00e1si lehet\u0151s\u00e9ge biztos\u00edtja a megfelel\u0151 be\u00e1ll\u00edt\u00e1st, \u00e9s megakad\u00e1lyozza a henger \u00e9s m\u00e1s alkatr\u00e9szek sz\u00fcks\u00e9gtelen terhel\u00e9s\u00e9t. Ez cs\u00f6kkenti a mechanikai meghib\u00e1sod\u00e1sok kock\u00e1zat\u00e1t, n\u00f6velve a kezel\u0151k \u00e9s a k\u00f6rnyezet \u00e1ltal\u00e1nos biztons\u00e1g\u00e1t.<\/p>\n<p>Ezenk\u00edv\u00fcl a rozsdamentes ac\u00e9l haszn\u00e1lata ezen palackok gy\u00e1rt\u00e1s\u00e1ban kiv\u00e1l\u00f3 korr\u00f3zi\u00f3\u00e1ll\u00f3s\u00e1got biztos\u00edt, tov\u00e1bb jav\u00edtva biztons\u00e1gukat \u00e9s \u00e9lettartamukat. Ez a korr\u00f3zi\u00f3\u00e1ll\u00f3s\u00e1g kik\u00fcsz\u00f6b\u00f6li a sziv\u00e1rg\u00e1s vagy a rozsda vagy m\u00e1s k\u00f6rnyezeti t\u00e9nyez\u0151k miatti rendszerhiba agg\u00e1lyait.<\/p>\n<h3>K\u00f6vetkeztet\u00e9s<\/h3>\n<p>\u00d6sszefoglalva, az \u00e1ll\u00edthat\u00f3 kengyeles hengerek, mint p\u00e9ld\u00e1ul a traktorokhoz k\u00e9sz\u00fclt, egyedileg \u00e1ll\u00edthat\u00f3 rozsdamentes ac\u00e9l hidraulikus hengerek, sz\u00e1mos el\u0151nnyel j\u00e1rnak a rugalmass\u00e1g, a teljes\u00edtm\u00e9ny, az \u00e1ll\u00e1sid\u0151 cs\u00f6kkent\u00e9se \u00e9s a biztons\u00e1g tekintet\u00e9ben. \u00c1ll\u00edthat\u00f3 kialak\u00edt\u00e1suk lehet\u0151v\u00e9 teszi a prec\u00edz testreszab\u00e1st, optimaliz\u00e1lva a teljes\u00edtm\u00e9nyt \u00e9s a hat\u00e9konys\u00e1got. Robusztus konstrukci\u00f3jukkal \u00e9s korr\u00f3zi\u00f3\u00e1ll\u00f3s\u00e1gukkal ezek a hengerek hossz\u00fa t\u00e1v\u00fa megb\u00edzhat\u00f3s\u00e1got biztos\u00edtanak k\u00fcl\u00f6nf\u00e9le ipari alkalmaz\u00e1sokban.<\/p>\n<p><img decoding=\"async\" src=\"https:\/\/fmp-components.com\/wp-content\/uploads\/2024\/12\/Adjustable-Clevis-Type-Cylinders5.webp\" alt=\"\u00c1ll\u00edthat\u00f3 kengyeles henger\" width=\"800\" title=\"\"><\/p>\n<h2>\u00c1ll\u00edthat\u00f3 kengyeles hengerek alkalmaz\u00e1sa<\/h2>\n<p>Az \u00e1ll\u00edthat\u00f3 kengyeles hengerek sokoldal\u00fa hidraulikus munkahengerek, amelyek k\u00fcl\u00f6nf\u00e9le alkalmaz\u00e1sokhoz igaz\u00edthat\u00f3k. Az al\u00e1bbiakban felsoroljuk ezen hengerek n\u00e9h\u00e1ny alkalmaz\u00e1si m\u00f3dj\u00e1t:<\/p>\n<h3>1. Mez\u0151gazdas\u00e1gi g\u00e9pek<\/h3>\n<p>A mez\u0151gazdas\u00e1gi g\u00e9pek tart\u00f3s \u00e9s hat\u00e9kony hidraulikus hengereket ig\u00e9nyelnek a k\u00fcl\u00f6nf\u00e9le berendez\u00e9sek \u00e9s g\u00e9pek m\u0171k\u00f6dtet\u00e9s\u00e9hez. A traktorokhoz k\u00e9sz\u00fclt, \u00e1ll\u00edthat\u00f3 rozsdamentes ac\u00e9l hidraulikus henger kiv\u00e1l\u00f3 p\u00e9lda a kifejezetten mez\u0151gazdas\u00e1gi g\u00e9pekhez tervezett hidraulikus hengerekre. A henger a k\u00fcl\u00f6nb\u00f6z\u0151 g\u00e9pek \u00e9s berendez\u00e9sek egyedi ig\u00e9nyeihez igaz\u00edthat\u00f3, \u00edgy ide\u00e1lis v\u00e1laszt\u00e1s mez\u0151gazdas\u00e1gi alkalmaz\u00e1sokhoz.<\/p>\n<h3>2. \u00c9p\u00edt\u0151ipari berendez\u00e9sek<\/h3>\n<p>Az olyan \u00e9p\u00edt\u0151ipari berendez\u00e9sek, mint a buld\u00f3zerek, kotr\u00f3g\u00e9pek \u00e9s daruk, nagy teljes\u00edtm\u00e9ny\u0171 \u00e9s megb\u00edzhat\u00f3 hidraulikus hengereket ig\u00e9nyelnek a k\u00fcl\u00f6nf\u00e9le feladatok elv\u00e9gz\u00e9s\u00e9hez. Az \u00e1ll\u00edthat\u00f3 kengyeles hengereket gyakran haszn\u00e1lj\u00e1k ezekben az alkalmaz\u00e1sokban, mivel k\u00f6nnyen be\u00e1ll\u00edthat\u00f3k a k\u00fcl\u00f6nb\u00f6z\u0151 hidraulikus rendszerekhez. A hengerek ellen\u00e1llnak a nagy terhel\u00e9seknek \u00e9s a sz\u00e9ls\u0151s\u00e9ges \u00fczemi k\u00f6r\u00fclm\u00e9nyeknek, \u00edgy n\u00e9pszer\u0171 v\u00e1laszt\u00e1snak sz\u00e1m\u00edtanak az \u00e9p\u00edt\u0151ipari berendez\u00e9sekben.<\/p>\n<h3>3. Aut\u00f3ipar<\/h3>\n<p>Az \u00e1ll\u00edthat\u00f3 kengyeles hengereket gyakran haszn\u00e1lj\u00e1k az aut\u00f3iparban k\u00fcl\u00f6nf\u00e9le alkalmaz\u00e1sokhoz, p\u00e9ld\u00e1ul korm\u00e1ny-, f\u00e9k- \u00e9s felf\u00fcggeszt\u00e9si rendszerekben. A hengerek testreszabhat\u00f3k, hogy illeszkedjenek a k\u00fcl\u00f6nb\u00f6z\u0151 j\u00e1rm\u0171modellekhez \u00e9s specifik\u00e1ci\u00f3khoz, \u00edgy ide\u00e1lis v\u00e1laszt\u00e1st jelentenek az aut\u00f3ipari alkalmaz\u00e1sokhoz.<\/p>\n<h3>4. Tenger\u00e9szeti ipar<\/h3>\n<p>A haj\u00f3z\u00e1si iparban olyan hidraulikus hengerekre van sz\u00fcks\u00e9g, amelyek tart\u00f3sak \u00e9s ellen\u00e1llnak a zord tengeri k\u00f6rnyezetnek. Az \u00e1ll\u00edthat\u00f3 kengyeles hengereket gyakran haszn\u00e1lj\u00e1k haj\u00f3z\u00e1si alkalmaz\u00e1sokban korr\u00f3zi\u00f3\u00e1ll\u00f3 tulajdons\u00e1gaik \u00e9s a sz\u00e9ls\u0151s\u00e9ges nyom\u00e1s- \u00e9s h\u0151m\u00e9rs\u00e9klet-v\u00e1ltoz\u00e1soknak val\u00f3 ellen\u00e1ll\u00e1suk miatt.<\/p>\n<h3>5. Rep\u00fcl\u0151g\u00e9pipar<\/h3>\n<p>A rep\u00fcl\u0151g\u00e9piparban olyan hidraulikus hengerekre van sz\u00fcks\u00e9g, amelyek k\u00f6nny\u0171ek, tart\u00f3sak \u00e9s ellen\u00e1llnak a sz\u00e9ls\u0151s\u00e9ges \u00fczemi k\u00f6r\u00fclm\u00e9nyeknek. Az \u00e1ll\u00edthat\u00f3 kengyeles hengereket gyakran haszn\u00e1lj\u00e1k a rep\u00fcl\u0151g\u00e9piparban, mivel k\u00f6nnyen testreszabhat\u00f3k az adott k\u00f6vetelm\u00e9nyeknek megfelel\u0151en, \u00e9s magas a szil\u00e1rds\u00e1g-t\u00f6meg ar\u00e1nyuk.<\/p>\n<p>\u00d6sszefoglalva, az \u00e1ll\u00edthat\u00f3 kengyeles hengerek sokoldal\u00fa hidraulikus hengerek, amelyek testreszabhat\u00f3k a k\u00fcl\u00f6nb\u00f6z\u0151 ipar\u00e1gakban alkalmazhat\u00f3 k\u00fcl\u00f6nf\u00e9le alkalmaz\u00e1sokhoz. A traktorokhoz val\u00f3, testreszabott, \u00e1ll\u00edthat\u00f3 rozsdamentes ac\u00e9l hidraulikus henger kiv\u00e1l\u00f3 p\u00e9lda azokra a hidraulikus hengerekre, amelyek a mez\u0151gazdas\u00e1gi g\u00e9pekhez igaz\u00edthat\u00f3k. Ezek a hengerek tart\u00f3sak, megb\u00edzhat\u00f3ak \u00e9s ellen\u00e1llnak a sz\u00e9ls\u0151s\u00e9ges \u00fczemi k\u00f6r\u00fclm\u00e9nyeknek, \u00edgy ide\u00e1lis v\u00e1laszt\u00e1st jelentenek k\u00fcl\u00f6nf\u00e9le alkalmaz\u00e1sokhoz.<img decoding=\"async\" src=\"https:\/\/fmp-components.com\/wp-content\/uploads\/2024\/12\/Application-of-Adjustable-Clevis-Type-Cylinders.webp\" alt=\"\u00c1ll\u00edthat\u00f3 kengyeles henger\" width=\"800\" title=\"\"><\/p>\n<h3>Az FMP-r\u0151l<\/h3>\n<p>Az FMP egy vezet\u0151 v\u00e1llalat, amely hidraulikus hengerek gy\u00e1rt\u00e1s\u00e1ra \u00e9s \u00e9rt\u00e9kes\u00edt\u00e9s\u00e9re specializ\u00e1l\u00f3dott. Sok\u00e9ves ipar\u00e1gi tapasztalatunkkal \u00e9s professzion\u00e1lis csapatunkkal elk\u00f6telezettek vagyunk amellett, hogy kiv\u00e1l\u00f3 min\u0151s\u00e9g\u0171 \u00e9s megb\u00edzhat\u00f3 hidraulikus hengereket \u00e9s komplett g\u00e9pi megold\u00e1sokat ny\u00fajtsunk \u00fcgyfeleinknek.<\/p>\n<p><img decoding=\"async\" src=\"https:\/\/fmp-components.com\/wp-content\/uploads\/2024\/12\/Adjustable-Clevis-Type-Cylinders-6.webp\" alt=\"\u00c1ll\u00edthat\u00f3 kengyeles henger\" width=\"837\" title=\"\"><\/p>\n<p>\u00cdme term\u00e9keink \u00e9s v\u00e1llalatunk \u00f6t f\u0151 el\u0151nye:<\/p>\n<ol>\n<li>Sz\u00e9lesk\u00f6r\u0171 opci\u00f3k: \u00c1tfog\u00f3 hidraulikus hengerv\u00e1laszt\u00e9kot k\u00edn\u00e1lunk, amelyek alkalmasak az \u00e9p\u00edt\u0151ipari g\u00e9pipar k\u00fcl\u00f6nf\u00e9le alkalmaz\u00e1saihoz. Az \u00e1ll\u00edthat\u00f3 kengyeles hengerekt\u0151l az egy\u00e9b speci\u00e1lis t\u00edpusokig, t\u00f6k\u00e9letes megold\u00e1st k\u00edn\u00e1lunk az \u00d6n egyedi ig\u00e9nyeinek kiel\u00e9g\u00edt\u00e9s\u00e9re.<\/li>\n<li>Kiv\u00e1l\u00f3 min\u0151s\u00e9g: Az FMP-n\u00e9l a min\u0151s\u00e9get helyezz\u00fck el\u0151t\u00e9rbe, \u00e9s biztos\u00edtjuk, hogy minden hidraulikus henger\u00fcnk megfeleljen a szigor\u00fa min\u0151s\u00e9gi el\u0151\u00edr\u00e1soknak. Term\u00e9keinket pr\u00e9mium anyagokb\u00f3l gy\u00e1rtjuk, \u00e9s szigor\u00fa tesztel\u00e9sen es\u00fcnk \u00e1t, hogy garant\u00e1ljuk tart\u00f3ss\u00e1gukat \u00e9s teljes\u00edtm\u00e9ny\u00fcket.<\/li>\n<li>Szak\u00e9rt\u0151 \u00e9rt\u00e9kes\u00edt\u00e9si csapat: Tapasztalt \u00e9rt\u00e9kes\u00edt\u00e9si csapatunk m\u00e9lyrehat\u00f3 ismeretekkel rendelkezik az \u00e9p\u00edt\u0151ipari g\u00e9piparr\u00f3l, naprak\u00e9sz a leg\u00fajabb trendekkel \u00e9s meg\u00e9rti az \u00fcgyfelek ig\u00e9nyeit. K\u00e9szen \u00e1llnak professzion\u00e1lis term\u00e9ktan\u00e1csad\u00e1sra \u00e9s intelligens v\u00e1s\u00e1rl\u00e1si javaslatokra, hogy seg\u00edtsenek \u00d6nnek megalapozott d\u00f6nt\u00e9seket hozni.<\/li>\n<li>Hat\u00e9kony logisztika: Meg\u00e9rtj\u00fck az id\u0151ben t\u00f6rt\u00e9n\u0151 sz\u00e1ll\u00edt\u00e1s fontoss\u00e1g\u00e1t, ez\u00e9rt hat\u00e9kony logisztikai eloszt\u00e1si rendszert hoztunk l\u00e9tre. Ez biztos\u00edtja, hogy \u00fcgyfeleink gyorsan \u00e9s pontosan megkapj\u00e1k a sz\u00fcks\u00e9ges hidraulikus hengereket, minimaliz\u00e1lva az esetleges k\u00e9sedelmeket vagy fennakad\u00e1sokat.<\/li>\n<li>Er\u0151s besz\u00e1ll\u00edt\u00f3i kapcsolatok: A kiv\u00e1l\u00f3 min\u0151s\u00e9g\u0171 belf\u00f6ldi \u00e9s nemzetk\u00f6zi besz\u00e1ll\u00edt\u00f3kkal \u00e1polt hossz\u00fa t\u00e1v\u00fa \u00e9s stabil egy\u00fcttm\u0171k\u00f6d\u00e9si kapcsolatok r\u00e9v\u00e9n a legjobb alkatr\u00e9szeket \u00e9s anyagokat tudjuk beszerezni hidraulikus hengereinkhez. Ez lehet\u0151v\u00e9 teszi sz\u00e1munkra, hogy term\u00e9kpalett\u00e1nk teljes eg\u00e9sz\u00e9ben \u00e1lland\u00f3 min\u0151s\u00e9get \u00e9s teljes\u00edtm\u00e9nyt biztos\u00edtsunk.<\/li>\n<\/ol>\n<p>V\u00e1lassza az FMP-t hidraulikus henger ig\u00e9nyeihez, \u00e9s tapasztalja meg az \u00e1ltalunk ny\u00fajtott megb\u00edzhat\u00f3s\u00e1got \u00e9s kiv\u00e1l\u00f3s\u00e1got. L\u00e9pjen kapcsolatba vel\u00fcnk m\u00e9g ma, hogy megbesz\u00e9lhess\u00fck ig\u00e9nyeit \u00e9s elkezdhess\u00fck sikeres partners\u00e9g\u00fcnket.<\/p>\n<h2>GYIK<\/h2>\n<p><b>K: Mennyi a sz\u00e1ll\u00edt\u00e1si id\u0151 a testreszabott \u00e1ll\u00edthat\u00f3 rozsdamentes ac\u00e9l hidraulikus hengerhez?<\/b><br \/>\nV: Az \u00e1ltal\u00e1nos sz\u00e1ll\u00edt\u00e1si id\u0151 25-35 nap.<\/p>\n<p><b>K: Rendelkez\u00e9sre \u00e1llnak-e a hidraulikus henger mint\u00e1i?<\/b><br \/>\nV: Igen, biztos\u00edtunk mint\u00e1kat, de ezek nem ingyenesek.<\/p>\n<p><b>K: Testreszabhat\u00f3k-e a hidraulikus hengerek mint\u00e1k vagy m\u0171szaki rajzok szerint?<\/b><br \/>\nV: Igen, a mint\u00e1k vagy m\u0171szaki rajzok alapj\u00e1n tudunk hengereket gy\u00e1rtani. A form\u00e1kat \u00e9s a szerelv\u00e9nyeket is elk\u00e9sz\u00edtj\u00fck.<\/p>\n<p><img decoding=\"async\" src=\"https:\/\/img.jiansujichilun.com\/img\/hydrauliccylinders\/C_hydrauliccylinders-5.webp\" alt=\"hidraulikus henger\" width=\"800\" title=\"\"><\/p>\n<p>Szerz\u0151: CX<\/p>","protected":false},"excerpt":{"rendered":"<p>Introducing Customized Adjustable Stainless Steel Hydraulic Cylinder For Tractor Customized Adjustable Stainless Steel Hydraulic Cylinder For Tractor is a top-of-the-line product that is designed to meet the specific needs of tractor operators. This hydraulic cylinder has been engineered to provide unparalleled performance and efficiency, making it an indispensable component of any tractor. One of the [&hellip;]<\/p>","protected":false},"featured_media":1338,"comment_status":"closed","ping_status":"closed","template":"","meta":{"_et_pb_use_builder":"","_et_pb_old_content":"","_et_gb_content_width":""},"product_brand":[],"product_cat":[39],"product_tag":[41,34],"class_list":{"0":"post-1375","1":"product","2":"type-product","3":"status-publish","4":"has-post-thumbnail","6":"product_cat-adjustable-clevis-type-cylinders","7":"product_tag-adjustable-clevis-type-cylinders","8":"product_tag-hydraulic-cylinder","10":"first","11":"instock","12":"product-type-simple"},"_links":{"self":[{"href":"https:\/\/fmp-components.com\/hu\/wp-json\/wp\/v2\/product\/1375","targetHints":{"allow":["GET"]}}],"collection":[{"href":"https:\/\/fmp-components.com\/hu\/wp-json\/wp\/v2\/product"}],"about":[{"href":"https:\/\/fmp-components.com\/hu\/wp-json\/wp\/v2\/types\/product"}],"replies":[{"embeddable":true,"href":"https:\/\/fmp-components.com\/hu\/wp-json\/wp\/v2\/comments?post=1375"}],"wp:featuredmedia":[{"embeddable":true,"href":"https:\/\/fmp-components.com\/hu\/wp-json\/wp\/v2\/media\/1338"}],"wp:attachment":[{"href":"https:\/\/fmp-components.com\/hu\/wp-json\/wp\/v2\/media?parent=1375"}],"wp:term":[{"taxonomy":"product_brand","embeddable":true,"href":"https:\/\/fmp-components.com\/hu\/wp-json\/wp\/v2\/product_brand?post=1375"},{"taxonomy":"product_cat","embeddable":true,"href":"https:\/\/fmp-components.com\/hu\/wp-json\/wp\/v2\/product_cat?post=1375"},{"taxonomy":"product_tag","embeddable":true,"href":"https:\/\/fmp-components.com\/hu\/wp-json\/wp\/v2\/product_tag?post=1375"}],"curies":[{"name":"munkaf\u00fczet","href":"https:\/\/api.w.org\/{rel}","templated":true}]}}