{"id":1374,"date":"2024-12-23T02:18:57","date_gmt":"2024-12-23T02:18:57","guid":{"rendered":"https:\/\/fmp-components.com\/product\/hot-sale-1200mm-stroke-hydraulic-cylinder-double-acting-hydraulic-cylinder-for-tractor\/"},"modified":"2024-12-23T03:24:44","modified_gmt":"2024-12-23T03:24:44","slug":"hot-sale-1200mm-stroke-hydraulic-cylinder-double-acting-hydraulic-cylinder-for-tractor","status":"publish","type":"product","link":"https:\/\/fmp-components.com\/hu\/product\/hot-sale-1200mm-stroke-hydraulic-cylinder-double-acting-hydraulic-cylinder-for-tractor\/","title":{"rendered":"Forr\u00f3 elad\u00f3 1200 mm-es l\u00f6ket\u0171 hidraulikus henger kett\u0151s m\u0171k\u00f6d\u00e9s\u0171 hidraulikus henger traktorhoz"},"content":{"rendered":"<h2>Bemutatkozik a forr\u00f3 elad\u00e1s\u00fa 1200 mm-es l\u00f6ket\u0171 hidraulikus henger, kett\u0151s m\u0171k\u00f6d\u00e9s\u0171 hidraulikus henger traktorhoz:<\/h2>\n<p>A Hot Sale 1200 mm-es l\u00f6ket\u0171, kett\u0151s m\u0171k\u00f6d\u00e9s\u0171 hidraulikus henger traktorokhoz egy kiv\u00e1l\u00f3 min\u0151s\u00e9g\u0171, hat\u00e9kony hidraulikus henger, amelyet kifejezetten traktorokban val\u00f3 haszn\u00e1latra terveztek. 1200 mm-es l\u00f6kethosszal ez a henger nagy hat\u00f3t\u00e1vols\u00e1got \u00e9s prec\u00edz vez\u00e9rl\u00e9st biztos\u00edt a k\u00fcl\u00f6nf\u00e9le traktoralkalmaz\u00e1sokhoz.<\/p>\n<p>Ez a hidraulikus henger kett\u0151s m\u0171k\u00f6d\u00e9s\u0171, ami azt jelenti, hogy hidraulikus nyom\u00e1ssal ki is tud ny\u00falni \u00e9s vissza is h\u00faz\u00f3dni. Ez a funkci\u00f3 nagyobb sokoldal\u00fas\u00e1got \u00e9s rugalmass\u00e1got tesz lehet\u0151v\u00e9 a traktorok kezel\u00e9s\u00e9ben, lehet\u0151v\u00e9 t\u00e9ve a csatlakoztatott munkag\u00e9pek z\u00f6kken\u0151mentes \u00e9s hat\u00e9kony mozg\u00e1s\u00e1t.<\/p>\n<p>A Hot Sale 1200 mm-es l\u00f6ket\u0171 hidraulikus henger tart\u00f3s anyagokb\u00f3l k\u00e9sz\u00fclt, \u00e9s \u00fagy tervezt\u00e9k, hogy ellen\u00e1lljon a nagy terhel\u00e9seknek \u00e9s a zord \u00fczemi k\u00f6r\u00fclm\u00e9nyeknek. Tart\u00f3s \u00e9s megb\u00edzhat\u00f3 teljes\u00edtm\u00e9nyt ny\u00fajt, biztos\u00edtva a hossz\u00fa t\u00e1v\u00fa funkcionalit\u00e1st \u00e9s tart\u00f3ss\u00e1got.<\/p>\n<p>Fejlett hidraulikus rendszer\u00e9nek k\u00f6sz\u00f6nhet\u0151en ez a henger leny\u0171g\u00f6z\u0151 teljes\u00edtm\u00e9nyt \u00e9s sebess\u00e9get biztos\u00edt, lehet\u0151v\u00e9 t\u00e9ve a traktor gyors \u00e9s hat\u00e9kony m\u0171k\u00f6d\u00e9s\u00e9t. Sima \u00e9s prec\u00edz mozg\u00e1sa n\u00f6veli a termel\u00e9kenys\u00e9get \u00e9s cs\u00f6kkenti az \u00e1ll\u00e1sid\u0151t, \u00edgy ide\u00e1lis v\u00e1laszt\u00e1s a gazd\u00e1lkod\u00f3k \u00e9s a traktorkezel\u0151k sz\u00e1m\u00e1ra, akik optim\u00e1lis teljes\u00edtm\u00e9nyt keresnek.<\/p>\n<p><img loading=\"lazy\" decoding=\"async\" class=\"alignnone size-full wp-image-1334\" src=\"https:\/\/fmp-components.com\/wp-content\/uploads\/2024\/12\/Adjustable-Clevis-Type-Cylinders-4.webp\" alt=\"\u00c1ll\u00edthat\u00f3 vill\u00e1s hengerek\" width=\"800\" height=\"800\" title=\"\" srcset=\"https:\/\/fmp-components.com\/wp-content\/uploads\/2024\/12\/Adjustable-Clevis-Type-Cylinders-4.webp 800w, https:\/\/fmp-components.com\/wp-content\/uploads\/2024\/12\/Adjustable-Clevis-Type-Cylinders-4-480x480.webp 480w\" sizes=\"(min-width: 0px) and (max-width: 480px) 480px, (min-width: 481px) 800px, 100vw\" \/><\/p>\n<p>Kiv\u00e9teles funkcionalit\u00e1sa mellett ez a hidraulikus henger k\u00f6nnyen telep\u00edthet\u0151 \u00e9s karbantarthat\u00f3. Felhaszn\u00e1l\u00f3bar\u00e1t kialak\u00edt\u00e1s\u00e1nak \u00e9s egyszer\u0171 telep\u00edt\u00e9si folyamat\u00e1nak k\u00f6sz\u00f6nhet\u0151en mind a tapasztalt szakemberek, mind a kezd\u0151 felhaszn\u00e1l\u00f3k sz\u00e1m\u00e1ra el\u00e9rhet\u0151.<\/p>\n<p>\u00d6sszess\u00e9g\u00e9ben a Hot Sale 1200 mm-es l\u00f6ket\u0171, kett\u0151s m\u0171k\u00f6d\u00e9s\u0171 hidraulikus henger traktorokhoz egy els\u0151 oszt\u00e1ly\u00fa term\u00e9k, amely \u00f6tv\u00f6zi a megb\u00edzhat\u00f3s\u00e1got, a tart\u00f3ss\u00e1got \u00e9s a teljes\u00edtm\u00e9nyt. Ak\u00e1r sz\u00e1nt, ak\u00e1r neh\u00e9z terheket emel, ak\u00e1r m\u00e1s traktorral kapcsolatos feladatokat v\u00e9gez, ez a hidraulikus henger megb\u00edzhat\u00f3 v\u00e1laszt\u00e1s, amely n\u00f6veli a termel\u00e9kenys\u00e9get \u00e9s a hat\u00e9konys\u00e1got.<\/p>\n<h2>Az \u00e1ll\u00edthat\u00f3 kengyeles hengerek el\u0151nyei<\/h2>\n<p>Az \u00e1ll\u00edthat\u00f3 kengyeles hengerek kulcsfontoss\u00e1g\u00fa alkatr\u00e9szek a k\u00fcl\u00f6nf\u00e9le hidraulikus rendszerekben, sz\u00e1mos el\u0151nnyel rendelkeznek, amelyek miatt sz\u00e1mos ipari alkalmaz\u00e1sban el\u0151nyben r\u00e9szes\u00edtik \u0151ket. Ebben a cikkben megvizsg\u00e1ljuk az \u00e1ll\u00edthat\u00f3 kengyeles hengerek legfontosabb el\u0151nyeit, megvitatjuk azok funkcionalit\u00e1s\u00e1t, sokoldal\u00fas\u00e1g\u00e1t \u00e9s teljes\u00edtm\u00e9ny\u00e9t.<\/p>\n<p>1. Fokozott rugalmass\u00e1g:<\/p>\n<p>Az \u00e1ll\u00edthat\u00f3 kengyeles hengerek kiv\u00e9teles rugalmass\u00e1got biztos\u00edtanak a hidraulikus rendszerekben. Az \u00e1ll\u00edthat\u00f3 kengyeles r\u00f6gz\u00edt\u00e9snek k\u00f6sz\u00f6nhet\u0151en ezek a hengerek k\u00f6nnyen fel- \u00e9s lecsatlakoztathat\u00f3k, \u00edgy sz\u00fcks\u00e9g szerint gyorsan be\u00e1ll\u00edthat\u00f3k \u00e9s finomhangolhat\u00f3k a rendszer. Ez a rugalmass\u00e1g kiv\u00e1l\u00f3an alkalmass\u00e1 teszi \u0151ket olyan alkalmaz\u00e1sokhoz, ahol a pontos pozicion\u00e1l\u00e1s \u00e9s be\u00e1ll\u00edt\u00e1s elengedhetetlen.<\/p>\n<p>2. Kiv\u00e1l\u00f3 teherb\u00edr\u00e1s:<\/p>\n<p>Forr\u00f3 elad\u00f3 1200 mm-es l\u00f6ket\u0171 hidraulikus henger kett\u0151s m\u0171k\u00f6d\u00e9s\u0171 hidraulikus henger traktorhoz<\/p>\n<p>Az \u00e1ll\u00edthat\u00f3 kengyeles hengerek egyik figyelemre m\u00e9lt\u00f3 el\u0151nye, hogy hat\u00e9konyan k\u00e9pesek kezelni a neh\u00e9z terheket. Ezeket a hengereket \u00fagy tervezt\u00e9k, hogy ellen\u00e1lljanak a nagy nyom\u00e1snak, \u00e9s robusztus teljes\u00edtm\u00e9nyt ny\u00fajtsanak m\u00e9g ig\u00e9nyes k\u00f6r\u00fclm\u00e9nyek k\u00f6z\u00f6tt is. Tart\u00f3s konstrukci\u00f3juknak \u00e9s megb\u00edzhat\u00f3 t\u00f6m\u00edt\u0151rendszer\u00fcknek k\u00f6sz\u00f6nhet\u0151en jelent\u0151s terheket is k\u00e9pesek hat\u00e9konyan kezelni a teljes\u00edtm\u00e9ny vagy a biztons\u00e1g fel\u00e1ldoz\u00e1sa n\u00e9lk\u00fcl.<\/p>\n<p>3. Optim\u00e1lis l\u00f6kethossz:<\/p>\n<p>Az \u00e1ll\u00edthat\u00f3 kengyeles hengerek m\u00e1sik jelent\u0151s el\u0151nye a l\u00f6kethossz szab\u00e1lyoz\u00e1s\u00e1nak k\u00e9pess\u00e9ge. Ez a funkci\u00f3 prec\u00edz be\u00e1ll\u00edt\u00e1sokat tesz lehet\u0151v\u00e9, lehet\u0151v\u00e9 t\u00e9ve a hidraulikus rendszer sz\u00e1m\u00e1ra a k\u00edv\u00e1nt mozg\u00e1s \u00e9s poz\u00edci\u00f3 pontos el\u00e9r\u00e9s\u00e9t. Ak\u00e1r kiny\u00fajt\u00e1sr\u00f3l, visszah\u00faz\u00e1sr\u00f3l vagy egy adott poz\u00edci\u00f3 megtart\u00e1s\u00e1r\u00f3l van sz\u00f3, ezek a hengerek kiv\u00e1l\u00f3 l\u00f6kethossz-szab\u00e1lyoz\u00e1st k\u00edn\u00e1lnak, biztos\u00edtva az optim\u00e1lis teljes\u00edtm\u00e9nyt k\u00fcl\u00f6nb\u00f6z\u0151 alkalmaz\u00e1sokban.<\/p>\n<p>4. Jav\u00edtott m\u0171k\u00f6d\u00e9si hat\u00e9konys\u00e1g:<\/p>\n<p>Az \u00e1ll\u00edthat\u00f3 kengyeles hengerek hozz\u00e1j\u00e1rulnak a hidraulikus rendszerek fokozott m\u0171k\u00f6d\u00e9si hat\u00e9konys\u00e1g\u00e1hoz. Kialak\u00edt\u00e1suk \u00e9s m\u0171k\u00f6d\u00e9s\u00fck minimaliz\u00e1lja az energiavesztes\u00e9get \u00e9s maximaliz\u00e1lja az er\u0151\u00e1tvitelt, ami a rendszer \u00e1ltal\u00e1nos teljes\u00edtm\u00e9ny\u00e9nek javul\u00e1s\u00e1t eredm\u00e9nyezi. Az\u00e1ltal, hogy hat\u00e9konyan alak\u00edtj\u00e1k \u00e1t a hidraulikus energi\u00e1t mechanikai er\u0151v\u00e9, ezek a hengerek seg\u00edtenek cs\u00f6kkenteni az energiafogyaszt\u00e1st \u00e9s n\u00f6velni a termel\u00e9kenys\u00e9get.<\/p>\n<p>5. Sokoldal\u00fas\u00e1g az alkalmaz\u00e1sokban:<\/p>\n<p>Az \u00e1ll\u00edthat\u00f3 kengyeles hengerek rendk\u00edv\u00fcl sokoldal\u00faak, \u00e9s sz\u00e1mos ipar\u00e1gban alkalmazhat\u00f3k. A mez\u0151gazdas\u00e1gi g\u00e9pekt\u0151l az \u00e9p\u00edt\u0151ipari berendez\u00e9sekig ezek a hengerek sz\u00e9les k\u00f6rben haszn\u00e1lhat\u00f3k. Alkalmazkod\u00f3k\u00e9pess\u00e9g\u00fck, valamint a k\u00fcl\u00f6nb\u00f6z\u0151 terhel\u00e9sek \u00e9s nyom\u00e1sok kezel\u00e9s\u00e9nek k\u00e9pess\u00e9ge miatt kedvelt v\u00e1laszt\u00e1si lehet\u0151s\u00e9gnek sz\u00e1m\u00edtanak k\u00fcl\u00f6nf\u00e9le hidraulikus rendszerekhez.<\/p>\n<p>Forr\u00f3 elad\u00f3 1200 mm-es l\u00f6ket\u0171 hidraulikus henger kett\u0151s m\u0171k\u00f6d\u00e9s\u0171 hidraulikus henger traktorhoz<\/p>\n<p>\u00d6sszefoglalva, az \u00e1ll\u00edthat\u00f3 kengyeles hengerek sz\u00e1mos el\u0151nnyel rendelkeznek, amelyek ide\u00e1lis v\u00e1laszt\u00e1ss\u00e1 teszik \u0151ket hidraulikus rendszerekhez. Rugalmass\u00e1guk, teherb\u00edr\u00e1suk, l\u00f6kethossz-szab\u00e1lyoz\u00e1suk, m\u0171k\u00f6d\u00e9si hat\u00e9konys\u00e1guk \u00e9s sokoldal\u00fas\u00e1guk hozz\u00e1j\u00e1rul n\u00e9pszer\u0171s\u00e9g\u00fckh\u00f6z a k\u00fcl\u00f6nb\u00f6z\u0151 ipar\u00e1gakban. Legyen sz\u00f3 prec\u00edz pozicion\u00e1l\u00e1ssal, neh\u00e9z teher kezel\u00e9s\u00e9vel vagy a jobb m\u0171k\u00f6d\u00e9si hat\u00e9konys\u00e1ggal kapcsolatos probl\u00e9m\u00e1kr\u00f3l, ezek a hengerek kiv\u00e1l\u00f3 teljes\u00edtm\u00e9nyt ny\u00fajtanak \u00e9s megb\u00edzhat\u00f3 eredm\u00e9nyeket biztos\u00edtanak. A hidraulikus rendszerek kulcsfontoss\u00e1g\u00fa alkot\u00f3elemek\u00e9nt az \u00e1ll\u00edthat\u00f3 kengyeles hengerek l\u00e9tfontoss\u00e1g\u00fa szerepet j\u00e1tszanak a rendszer \u00e1ltal\u00e1nos funkcionalit\u00e1s\u00e1nak \u00e9s teljes\u00edtm\u00e9ny\u00e9nek jav\u00edt\u00e1s\u00e1ban.<\/p>\n<p><img decoding=\"async\" src=\"https:\/\/fmp-components.com\/wp-content\/uploads\/2024\/12\/Adjustable-Clevis-Type-Cylinders5.webp\" alt=\"\u00c1ll\u00edthat\u00f3 kengyeles henger\" width=\"800\" title=\"\"><\/p>\n<h2>\u00c1ll\u00edthat\u00f3 kengyeles hengerek alkalmaz\u00e1sa<\/h2>\n<p>Az \u00e1ll\u00edthat\u00f3 kengyeles henger egy sokoldal\u00fa hidraulikus eszk\u00f6z, amely sz\u00e9les k\u00f6rben alkalmazhat\u00f3 k\u00fcl\u00f6nf\u00e9le ipar\u00e1gakban. Egyedi kialak\u00edt\u00e1sa \u00e9s tulajdons\u00e1gai rendk\u00edv\u00fcl alkalmass\u00e1 teszik a feladatok sz\u00e9les sk\u00e1l\u00e1j\u00e1ra. Ebben a cikkben az \u00e1ll\u00edthat\u00f3 kengyeles hengerek n\u00e9h\u00e1ny kulcsfontoss\u00e1g\u00fa alkalmaz\u00e1s\u00e1t vizsg\u00e1ljuk meg, \u00e9s r\u00e9szletesen t\u00e1rgyaljuk azok funkci\u00f3it.<\/p>\n<h3>1. Ipari g\u00e9pek<\/h3>\n<p>Az \u00e1ll\u00edthat\u00f3 kengyeles hengereket sz\u00e9les k\u00f6rben haszn\u00e1lj\u00e1k ipari g\u00e9pekben k\u00fcl\u00f6nf\u00e9le c\u00e9lokra. Gyakran alkalmazz\u00e1k \u0151ket hidraulikus pr\u00e9sekben, ahol kulcsszerepet j\u00e1tszanak a pr\u00e9sel\u00e9si m\u0171veletekhez sz\u00fcks\u00e9ges er\u0151 el\u0151\u00e1ll\u00edt\u00e1s\u00e1ban. Ezek a hengerek kiv\u00e9teles szil\u00e1rds\u00e1got \u00e9s tart\u00f3ss\u00e1got k\u00edn\u00e1lnak, \u00edgy ide\u00e1lisak nagy ig\u00e9nybev\u00e9tel\u0171 alkalmaz\u00e1sokhoz.<\/p>\n<p>Az \u00e1ll\u00edthat\u00f3 kengyeles hengerek egyik legfontosabb el\u0151nye az ipari g\u00e9pekben, hogy prec\u00edzen szab\u00e1lyozhatj\u00e1k a mozg\u00e1s erej\u00e9t \u00e9s sebess\u00e9g\u00e9t. Ez lehet\u0151v\u00e9 teszi a kezel\u0151k sz\u00e1m\u00e1ra, hogy pontos \u00e9s k\u00f6vetkezetes eredm\u00e9nyeket \u00e9rjenek el olyan feladatok elv\u00e9gz\u00e9se sor\u00e1n, mint a hajl\u00edt\u00e1s, ny\u00edr\u00e1s vagy lyukaszt\u00e1s. A hengerek k\u00f6nnyen be\u00e1ll\u00edthat\u00f3k az adott k\u00f6vetelm\u00e9nyeknek megfelel\u0151en, biztos\u00edtva az optim\u00e1lis teljes\u00edtm\u00e9nyt a k\u00fcl\u00f6nb\u00f6z\u0151 gy\u00e1rt\u00e1si folyamatokban.<\/p>\n<h3>2. Mez\u0151gazdas\u00e1g<\/h3>\n<p>Az \u00e1ll\u00edthat\u00f3 kengyeles hengereket gyakran haszn\u00e1lj\u00e1k a mez\u0151gazdas\u00e1gi szektorban, k\u00fcl\u00f6n\u00f6sen mez\u0151gazdas\u00e1gi g\u00e9pekben, p\u00e9ld\u00e1ul traktorokban. Ezek a hengerek a k\u00fcl\u00f6nf\u00e9le mez\u0151gazdas\u00e1gi eszk\u00f6z\u00f6ket m\u0171k\u00f6dtet\u0151 hidraulikus rendszerek alapvet\u0151 alkatr\u00e9szei. P\u00e9ld\u00e1ul hidraulikus emel\u0151rendszerekben haszn\u00e1lj\u00e1k \u0151ket olyan tartoz\u00e9kok emel\u00e9s\u00e9re \u00e9s s\u00fcllyeszt\u00e9s\u00e9re, mint az ek\u00e9k, kultiv\u00e1torok \u00e9s boron\u00e1k.<\/p>\n<p>Ezeknek a munkahengereknek az \u00e1ll\u00edthat\u00f3 jellege lehet\u0151v\u00e9 teszi a gazd\u00e1lkod\u00f3k sz\u00e1m\u00e1ra, hogy a berendez\u00e9seket a k\u00fcl\u00f6nb\u00f6z\u0151 terepviszonyokhoz \u00e9s feladatokhoz igaz\u00edts\u00e1k. A munkahenger l\u00f6kethossza k\u00f6nnyen be\u00e1ll\u00edthat\u00f3 a k\u00edv\u00e1nt talajm\u0171vel\u00e9si m\u00e9lys\u00e9g vagy a munkag\u00e9p magass\u00e1g\u00e1nak el\u00e9r\u00e9s\u00e9hez. Ez a rugalmass\u00e1g n\u00f6veli a mez\u0151gazdas\u00e1gi m\u0171veletek hat\u00e9konys\u00e1g\u00e1t \u00e9s termel\u00e9kenys\u00e9g\u00e9t, ami jobb term\u00e9shozamot eredm\u00e9nyez.<\/p>\n<h3>3. \u00c9p\u00edt\u00e9s<\/h3>\n<p>Az \u00e1ll\u00edthat\u00f3 kengyeles hengerek kulcsszerepet j\u00e1tszanak az \u00e9p\u00edt\u0151iparban, ahol k\u00fcl\u00f6nf\u00e9le neh\u00e9zg\u00e9pekben \u00e9s berendez\u00e9sekben haszn\u00e1lj\u00e1k \u0151ket. Az egyik figyelemre m\u00e9lt\u00f3 alkalmaz\u00e1si ter\u00fclet a kotr\u00f3g\u00e9pek, ahol ezek a hengerek felel\u0151sek a g\u00e9m, a kar \u00e9s a kan\u00e1l mozg\u00e1s\u00e1\u00e9rt.<\/p>\n<p>Kett\u0151s m\u0171k\u00f6d\u00e9s\u00fckkel az \u00e1ll\u00edthat\u00f3 kengyeles hengerek biztos\u00edtj\u00e1k a sz\u00fcks\u00e9ges teljes\u00edtm\u00e9nyt \u00e9s vez\u00e9rl\u00e9st az anyagok kotr\u00e1s\u00e1hoz, emel\u00e9s\u00e9hez \u00e9s \u00fcr\u00edt\u00e9s\u00e9hez. A hengerek nagy terhel\u00e9seknek \u00e9s nyom\u00e1soknak val\u00f3 ellen\u00e1ll\u00e1sa alkalmass\u00e1 teszi \u0151ket ig\u00e9nyes \u00e9p\u00edt\u00e9si feladatokhoz. Ezenk\u00edv\u00fcl \u00e1ll\u00edthat\u00f3 l\u00f6kethosszuk lehet\u0151v\u00e9 teszi a kezel\u0151k sz\u00e1m\u00e1ra az \u00e1s\u00e1si m\u00e9lys\u00e9g \u00e9s a kiny\u00fal\u00e1s optimaliz\u00e1l\u00e1s\u00e1t, biztos\u00edtva a hat\u00e9kony \u00e9s pontos kotr\u00e1st.<\/p>\n<h3>4. Anyagmozgat\u00e1s<\/h3>\n<p>Az \u00e1ll\u00edthat\u00f3 kengyeles hengereket sz\u00e9les k\u00f6rben haszn\u00e1lj\u00e1k anyagmozgat\u00f3 berendez\u00e9sekben, p\u00e9ld\u00e1ul targonc\u00e1kban \u00e9s darukban. Ezek a hengerek lehet\u0151v\u00e9 teszik a neh\u00e9z terhek sima \u00e9s prec\u00edz emel\u00e9s\u00e9t, s\u00fcllyeszt\u00e9s\u00e9t \u00e9s billent\u00e9s\u00e9t. Ezek a hidraulikus rendszerek kulcsfontoss\u00e1g\u00fa alkatr\u00e9szei, amelyek biztos\u00edtj\u00e1k a sz\u00fcks\u00e9ges er\u0151t ezekhez a m\u0171veletekhez.<\/p>\n<p>Ezeknek a munkahengereknek az \u00e1ll\u00edthat\u00f3 tulajdons\u00e1gai lehet\u0151v\u00e9 teszik a kezel\u0151k sz\u00e1m\u00e1ra, hogy a berendez\u00e9st a k\u00fcl\u00f6nb\u00f6z\u0151 rakom\u00e1nym\u00e9retekhez \u00e9s s\u00falyeloszl\u00e1sokhoz igaz\u00edts\u00e1k. A l\u00f6kethossz be\u00e1ll\u00edt\u00e1s\u00e1val biztos\u00edthat\u00f3 a megfelel\u0151 rakom\u00e1nystabilit\u00e1s, \u00e9s megakad\u00e1lyozhat\u00f3 a felborul\u00e1s vagy s\u00e9r\u00fcl\u00e9s. A munkahengerek megb\u00edzhat\u00f3 teljes\u00edtm\u00e9nye \u00e9s a neh\u00e9z terhek kezel\u00e9s\u00e9nek k\u00e9pess\u00e9ge n\u00e9lk\u00fcl\u00f6zhetetlenn\u00e9 teszi \u0151ket az anyagmozgat\u00e1si alkalmaz\u00e1sokban.<\/p>\n<h3>K\u00f6vetkeztet\u00e9s<\/h3>\n<p>Az \u00e1ll\u00edthat\u00f3 kengyeles hengerek sokoldal\u00fa hidraulikus eszk\u00f6z\u00f6k, amelyek sz\u00e9les k\u00f6rben alkalmazhat\u00f3k k\u00fcl\u00f6nf\u00e9le ipar\u00e1gakban. Egyedi kialak\u00edt\u00e1suk, \u00e1ll\u00edthat\u00f3 tulajdons\u00e1gaik \u00e9s kiv\u00e9teles teljes\u00edtm\u00e9ny\u00fck felbecs\u00fclhetetlen \u00e9rt\u00e9k\u0171v\u00e9 teszi \u0151ket az ipari g\u00e9pek, a mez\u0151gazdas\u00e1g, az \u00e9p\u00edt\u0151ipar \u00e9s az anyagmozgat\u00e1s ter\u00fclet\u00e9n. Ezek a hengerek prec\u00edz vez\u00e9rl\u00e9st, alkalmazkod\u00f3k\u00e9pess\u00e9get \u00e9s megb\u00edzhat\u00f3s\u00e1got k\u00edn\u00e1lnak, n\u00f6velve a k\u00fcl\u00f6nb\u00f6z\u0151 feladatok hat\u00e9konys\u00e1g\u00e1t \u00e9s termel\u00e9kenys\u00e9g\u00e9t. A traktorokhoz val\u00f3, 1200 mm-es l\u00f6ket\u0171, kett\u0151s m\u0171k\u00f6d\u00e9s\u0171 hidraulikus hengerekhez az \u00e1ll\u00edthat\u00f3 kengyeles hengerek jelentik a legjobb v\u00e1laszt\u00e1st.<\/p>\n<p><img decoding=\"async\" src=\"https:\/\/fmp-components.com\/wp-content\/uploads\/2024\/12\/Application-of-Adjustable-Clevis-Type-Cylinders.webp\" alt=\"\u00c1ll\u00edthat\u00f3 kengyeles henger\" width=\"800\" title=\"\"><\/p>\n<h3>Az FMP-r\u0151l<\/h3>\n<p>Az FMP egy vezet\u0151 v\u00e1llalat, amely hidraulikus hengerek gy\u00e1rt\u00e1s\u00e1ra \u00e9s \u00e9rt\u00e9kes\u00edt\u00e9s\u00e9re specializ\u00e1l\u00f3dott. Olaszorsz\u00e1gi sz\u00e9khely\u00fcnkkel sz\u00e9lesk\u00f6r\u0171 ipar\u00e1gi tapasztalatra tett\u00fcnk szert, \u00e9s egy professzion\u00e1lis csapatot hoztunk l\u00e9tre, amely elk\u00f6telezett amellett, hogy kiv\u00e1l\u00f3 min\u0151s\u00e9g\u0171 \u00e9s megb\u00edzhat\u00f3 \u00e9p\u00edt\u0151ipari g\u00e9palkatr\u00e9szeket \u00e9s komplett g\u00e9pmegold\u00e1sokat biztos\u00edtson \u00fcgyfeleinknek.<\/p>\n<p><img decoding=\"async\" src=\"https:\/\/fmp-components.com\/wp-content\/uploads\/2024\/12\/Adjustable-Clevis-Type-Cylinders-6.webp\" alt=\"\u00c1ll\u00edthat\u00f3 kengyeles henger\" width=\"836\" title=\"\"><\/p>\n<p>\u00cdme term\u00e9keink \u00e9s v\u00e1llalatunk \u00f6t f\u0151 el\u0151nye:<\/p>\n<ol>\n<li>Sz\u00e9les term\u00e9kv\u00e1laszt\u00e9k: Sz\u00e9les v\u00e1laszt\u00e9kban k\u00edn\u00e1lunk hidraulikus hengereket, bele\u00e9rtve az \u00e1ll\u00edthat\u00f3 kengyeles hengereket is, amelyek alkalmasak k\u00fcl\u00f6nf\u00e9le \u00e9p\u00edt\u0151ipari g\u00e9pekhez.<\/li>\n<li>Szigor\u00fa min\u0151s\u00e9gi el\u0151\u00edr\u00e1sok: Hossz\u00fa t\u00e1v\u00fa \u00e9s stabil egy\u00fcttm\u0171k\u00f6d\u00e9si kapcsolatok kialak\u00edt\u00e1s\u00e1val kiv\u00e1l\u00f3 min\u0151s\u00e9g\u0171 belf\u00f6ldi \u00e9s nemzetk\u00f6zi besz\u00e1ll\u00edt\u00f3kkal biztos\u00edtjuk, hogy minden besz\u00e1ll\u00edtott alkatr\u00e9sz megfeleljen a szigor\u00fa min\u0151s\u00e9gi el\u0151\u00edr\u00e1soknak.<\/li>\n<li>Tapasztalt \u00e9rt\u00e9kes\u00edt\u00e9si csapat: \u00c9rt\u00e9kes\u00edt\u00e9si csapatunk m\u00e9lyrehat\u00f3 ismeretekkel rendelkezik az \u00e9p\u00edt\u0151ipari g\u00e9pipar fejl\u0151d\u00e9si trendjeir\u0151l \u00e9s az \u00fcgyfelek ig\u00e9nyeir\u0151l. Professzion\u00e1lis term\u00e9ktan\u00e1csad\u00e1st \u00e9s intelligens v\u00e1s\u00e1rl\u00e1si javaslatokat tudnak ny\u00fajtani.<\/li>\n<li>Hat\u00e9kony logisztikai eloszt\u00e1s: Hat\u00e9kony logisztikai eloszt\u00e1si rendszert vezett\u00fcnk be annak \u00e9rdek\u00e9ben, hogy \u00fcgyfeleink id\u0151ben \u00e9s pontosan megkapj\u00e1k a sz\u00fcks\u00e9ges alkatr\u00e9szeket.<\/li>\n<li>Kiv\u00e1l\u00f3 min\u0151s\u00e9g\u0171 tartoz\u00e9kok: A hidraulikus hengerek mellett sz\u00e1mos kiv\u00e1l\u00f3 min\u0151s\u00e9g\u0171 tartoz\u00e9kot is k\u00edn\u00e1lunk, amelyeket \u00fagy tervezt\u00fcnk, hogy t\u00f6k\u00e9letesen kieg\u00e9sz\u00edts\u00e9k term\u00e9keinket. Ezek a tartoz\u00e9kok tov\u00e1bb n\u00f6velik az \u00e9p\u00edt\u0151ipari g\u00e9pek teljes\u00edtm\u00e9ny\u00e9t \u00e9s hat\u00e9konys\u00e1g\u00e1t.<\/li>\n<\/ol>\n<p>V\u00e1lassza az FMP-t megb\u00edzhat\u00f3 partner\u00e9nek az \u00e9p\u00edt\u0151ipari g\u00e9piparban. L\u00e9pjen kapcsolatba vel\u00fcnk m\u00e9g ma, hogy megtudja, hogyan felelhetnek meg kiv\u00e1l\u00f3 min\u0151s\u00e9g\u0171 hidraulikus hengereink az \u00d6n egyedi ig\u00e9nyeinek, \u00e9s hogyan j\u00e1rulhatnak hozz\u00e1 projektjei siker\u00e9hez.<\/p>\n<h4>GYIK<\/h4>\n<p><strong>K: Mennyi a kett\u0151s m\u0171k\u00f6d\u00e9s\u0171 hidraulikus henger sz\u00e1ll\u00edt\u00e1si ideje?<\/strong><br \/>\nV: Az \u00e1ltal\u00e1nos sz\u00e1ll\u00edt\u00e1si id\u0151 25-35 nap, a k\u00e9szlet erej\u00e9ig \u00e9s a sz\u00e1ll\u00edt\u00e1si helyt\u0151l f\u00fcgg\u0151en.<\/p>\n<p><strong>K: Kaphatok egy mint\u00e1t a hidraulikus hengerb\u0151l?<\/strong><br \/>\nV: Igen, k\u00edn\u00e1lunk mint\u00e1kat, de azok d\u00edjk\u00f6telesek. Tov\u00e1bbi r\u00e9szletek\u00e9rt k\u00e9rj\u00fck, vegye fel vel\u00fcnk a kapcsolatot.<\/p>\n<p><strong>K: Testreszabhat\u00f3-e a hidraulikus henger az adott k\u00f6vetelm\u00e9nyeknek megfelel\u0151en?<\/strong><br \/>\nV: Igen, testreszab\u00e1si lehet\u0151s\u00e9geket k\u00edn\u00e1lunk. Megadhatja nek\u00fcnk a specifik\u00e1ci\u00f3it vagy a m\u0171szaki rajzait, \u00e9s mi ennek megfelel\u0151en tudjuk legy\u00e1rtani.<\/p>\n<p><img decoding=\"async\" src=\"https:\/\/img.jiansujichilun.com\/img\/hydrauliccylinders\/B_hydrauliccylinders-5.webp\" alt=\"hidraulikus henger\" width=\"800\" title=\"\"><\/p>\n<p>Szerz\u0151: CX<\/p>","protected":false},"excerpt":{"rendered":"<p>Introducing Hot Sale 1200mm Stroke Hydraulic Cylinder Double Acting Hydraulic Cylinder For Tractor: The Hot Sale 1200mm Stroke Hydraulic Cylinder Double Acting Hydraulic Cylinder For Tractor is a high-quality, efficient hydraulic cylinder designed specifically for use in tractors. With a stroke length of 1200mm, this cylinder offers extended reach and precise control for various tractor [&hellip;]<\/p>","protected":false},"featured_media":1336,"comment_status":"closed","ping_status":"closed","template":"","meta":{"_et_pb_use_builder":"","_et_pb_old_content":"","_et_gb_content_width":""},"product_brand":[],"product_cat":[39],"product_tag":[41,34],"class_list":{"0":"post-1374","1":"product","2":"type-product","3":"status-publish","4":"has-post-thumbnail","6":"product_cat-adjustable-clevis-type-cylinders","7":"product_tag-adjustable-clevis-type-cylinders","8":"product_tag-hydraulic-cylinder","10":"first","11":"instock","12":"product-type-simple"},"_links":{"self":[{"href":"https:\/\/fmp-components.com\/hu\/wp-json\/wp\/v2\/product\/1374","targetHints":{"allow":["GET"]}}],"collection":[{"href":"https:\/\/fmp-components.com\/hu\/wp-json\/wp\/v2\/product"}],"about":[{"href":"https:\/\/fmp-components.com\/hu\/wp-json\/wp\/v2\/types\/product"}],"replies":[{"embeddable":true,"href":"https:\/\/fmp-components.com\/hu\/wp-json\/wp\/v2\/comments?post=1374"}],"wp:featuredmedia":[{"embeddable":true,"href":"https:\/\/fmp-components.com\/hu\/wp-json\/wp\/v2\/media\/1336"}],"wp:attachment":[{"href":"https:\/\/fmp-components.com\/hu\/wp-json\/wp\/v2\/media?parent=1374"}],"wp:term":[{"taxonomy":"product_brand","embeddable":true,"href":"https:\/\/fmp-components.com\/hu\/wp-json\/wp\/v2\/product_brand?post=1374"},{"taxonomy":"product_cat","embeddable":true,"href":"https:\/\/fmp-components.com\/hu\/wp-json\/wp\/v2\/product_cat?post=1374"},{"taxonomy":"product_tag","embeddable":true,"href":"https:\/\/fmp-components.com\/hu\/wp-json\/wp\/v2\/product_tag?post=1374"}],"curies":[{"name":"munkaf\u00fczet","href":"https:\/\/api.w.org\/{rel}","templated":true}]}}