{"id":1372,"date":"2024-12-23T02:18:57","date_gmt":"2024-12-23T02:18:57","guid":{"rendered":"https:\/\/fmp-components.com\/product\/customized-double-acting-cylinder-truck-hydraulic-cylinder-for-trailer\/"},"modified":"2025-03-18T00:55:48","modified_gmt":"2025-03-18T00:55:48","slug":"customized-double-acting-cylinder-truck-hydraulic-cylinder-for-trailer","status":"publish","type":"product","link":"https:\/\/fmp-components.com\/hu\/product\/customized-double-acting-cylinder-truck-hydraulic-cylinder-for-trailer\/","title":{"rendered":"Testreszabott kett\u0151s m\u0171k\u00f6d\u00e9s\u0171 hengeres teheraut\u00f3 hidraulikus henger p\u00f3tkocsihoz"},"content":{"rendered":"<h2>Bemutatkozik a szem\u00e9lyre szabott kett\u0151s m\u0171k\u00f6d\u00e9s\u0171 hengeres teheraut\u00f3 hidraulikus henger p\u00f3tkocsihoz<\/h2>\n<p>A szem\u00e9lyre szabott, kett\u0151s m\u0171k\u00f6d\u00e9s\u0171 hengeres teheraut\u00f3-hidraulikus munkahenger p\u00f3tkocsikhoz egy cs\u00facskateg\u00f3ri\u00e1s term\u00e9k, amelyet \u00fagy terveztek, hogy kiel\u00e9g\u00edtse minden hidraulikus munkahengerrel kapcsolatos ig\u00e9ny\u00e9t. Ez a henger kifejezetten p\u00f3tkocsikon val\u00f3 haszn\u00e1latra k\u00e9sz\u00fclt, p\u00e1ratlan teljes\u00edtm\u00e9nyt \u00e9s tart\u00f3ss\u00e1got biztos\u00edtva.<\/p>\n<p>Kiv\u00e1l\u00f3 min\u0151s\u00e9g\u0171 anyagokb\u00f3l \u00e9s szak\u00e9rt\u0151i kidolgoz\u00e1ssal k\u00e9sz\u00fclt, ez a hidraulikus henger a legnehezebb k\u00f6r\u00fclm\u00e9nyeknek is ellen\u00e1ll. Kett\u0151s m\u0171k\u00f6d\u00e9s\u0171 kialak\u00edt\u00e1s\u00fa, ami azt jelenti, hogy mindk\u00e9t ir\u00e1nyban k\u00e9pes m\u0171k\u00f6dni, \u00edgy hihetetlen\u00fcl sokoldal\u00fa.<\/p>\n<p><img loading=\"lazy\" decoding=\"async\" class=\"alignnone size-full wp-image-1334\" src=\"https:\/\/fmp-components.com\/wp-content\/uploads\/2024\/12\/Adjustable-Clevis-Type-Cylinders-4.webp\" alt=\"\u00c1ll\u00edthat\u00f3 vill\u00e1s hengerek\" width=\"800\" height=\"800\" title=\"\" srcset=\"https:\/\/fmp-components.com\/wp-content\/uploads\/2024\/12\/Adjustable-Clevis-Type-Cylinders-4.webp 800w, https:\/\/fmp-components.com\/wp-content\/uploads\/2024\/12\/Adjustable-Clevis-Type-Cylinders-4-480x480.webp 480w\" sizes=\"(min-width: 0px) and (max-width: 480px) 480px, (min-width: 481px) 800px, 100vw\" \/><\/p>\n<p>A szem\u00e9lyre szabott, kett\u0151s m\u0171k\u00f6d\u00e9s\u0171 hengeres teheraut\u00f3 hidraulikus munkahenger p\u00f3tkocsihoz szint\u00e9n nagym\u00e9rt\u00e9kben testreszabhat\u00f3. A furatm\u00e9ret, a l\u00f6kethossz \u00e9s a r\u00f6gz\u00edt\u00e9si st\u00edlus v\u00e1laszt\u00e9k\u00e1val ezt a hengert az \u00d6n egyedi ig\u00e9nyeihez igaz\u00edthatja. R\u00e1ad\u00e1sul a rendelkez\u00e9sre \u00e1ll\u00f3 t\u00f6m\u00edt\u00e9si lehet\u0151s\u00e9gek sz\u00e9les sk\u00e1l\u00e1j\u00e1val biztos lehet benne, hogy a henger hib\u00e1tlanul fog m\u0171k\u00f6dni.<\/p>\n<p>Ak\u00e1r neh\u00e9z rakom\u00e1nyokat sz\u00e1ll\u00edt, ak\u00e1r ipari alkalmaz\u00e1sokhoz van sz\u00fcks\u00e9ge hengerre, a szem\u00e9lyre szabott, kett\u0151s m\u0171k\u00f6d\u00e9s\u0171 hengeres teheraut\u00f3-hidraulikus munkahenger p\u00f3tkocsihoz a t\u00f6k\u00e9letes megold\u00e1s. Fektessen be m\u00e9g ma ebbe a kiv\u00e1l\u00f3 min\u0151s\u00e9g\u0171 hidraulikus munkahengerbe, \u00e9s tapasztalja meg a k\u00fcl\u00f6nbs\u00e9get, amit a m\u0171k\u00f6d\u00e9se sor\u00e1n tehet.<\/p>\n<h2>Az \u00e1ll\u00edthat\u00f3 kengyeles hengerek el\u0151nyei<\/h2>\n<ol>\n<li style=\"list-style-type: none;\">\n<ol>\n<li><strong>Testreszab\u00e1s:<\/strong> Az \u00e1ll\u00edthat\u00f3 kengyeles hengerek egyik legnagyobb el\u0151nye, hogy az alkalmaz\u00e1s konkr\u00e9t ig\u00e9nyeihez igaz\u00edthat\u00f3k. Ez azt jelenti, hogy a hossz\u00fas\u00e1g, a l\u00f6ket, a furatm\u00e9ret \u00e9s a r\u00f6gz\u00edt\u00e9si lehet\u0151s\u00e9gek mind az adott feladat k\u00f6vetelm\u00e9nyeihez igaz\u00edthat\u00f3k. Ez a testreszab\u00e1si szint biztos\u00edtja a henger optim\u00e1lis teljes\u00edtm\u00e9ny\u00e9t, ami a hat\u00e9konys\u00e1g \u00e9s a termel\u00e9kenys\u00e9g n\u00f6veked\u00e9s\u00e9hez vezethet.<\/li>\n<\/ol>\n<\/li>\n<\/ol>\n<p>P\u00e9ld\u00e1ul a <em>Testreszabott kett\u0151s m\u0171k\u00f6d\u00e9s\u0171 hengeres teheraut\u00f3 hidraulikus henger p\u00f3tkocsihoz<\/em> egy \u00e1ll\u00edthat\u00f3, vill\u00e1s henger, amelyet kifejezetten p\u00f3tkocsikban val\u00f3 haszn\u00e1latra terveztek. A henger testreszabhat\u00f3 a furatm\u00e9ret, a hossz\u00fas\u00e1g \u00e9s a r\u00f6gz\u00edt\u00e9si lehet\u0151s\u00e9gek tekintet\u00e9ben. Ez lehet\u0151v\u00e9 teszi az optimaliz\u00e1l\u00e1s\u00e1t a k\u00fcl\u00f6nb\u00f6z\u0151 t\u00edpus\u00fa p\u00f3tkocsikhoz, \u00e9s biztos\u00edtja a maxim\u00e1lis hat\u00e9konys\u00e1got.<\/p>\n<ol>\n<li style=\"list-style-type: none;\">\n<ol>\n<li><strong>\u00c1ll\u00edthat\u00f3s\u00e1g:<\/strong> Az \u00e1ll\u00edthat\u00f3 kengyeles hengerek tov\u00e1bbi el\u0151nye az \u00e1ll\u00edthat\u00f3s\u00e1guk. Ezek a hengerek olyan kengyellel rendelkeznek, amely k\u00fcl\u00f6nb\u00f6z\u0151 poz\u00edci\u00f3kba \u00e1ll\u00edthat\u00f3, ami nagyobb rugalmass\u00e1got biztos\u00edt a szerel\u00e9s \u00e9s a telep\u00edt\u00e9s tekintet\u00e9ben. Ez az \u00e1ll\u00edthat\u00f3s\u00e1g azt is jelenti, hogy a henger sz\u00fcks\u00e9g eset\u00e9n k\u00f6nnyen \u00e1thelyezhet\u0151, ami hasznos lehet olyan helyzetekben, amikor az alkalmaz\u00e1si k\u00f6vetelm\u00e9nyek id\u0151vel v\u00e1ltoznak.<\/li>\n<\/ol>\n<\/li>\n<\/ol>\n<p>Az \u00e1ll\u00edthat\u00f3 kengyeles hengerek \u00e1ll\u00edthat\u00f3s\u00e1ga k\u00fcl\u00f6n\u00f6sen hasznos olyan helyzetekben, ahol korl\u00e1tozott a hely, vagy ahol az alkalmaz\u00e1s speci\u00e1lis r\u00f6gz\u00edt\u00e9si konfigur\u00e1ci\u00f3t ig\u00e9nyel. P\u00e9ld\u00e1ul egy p\u00f3tkocsis alkalmaz\u00e1sban, ahol sz\u0171k\u00f6s a hely, a kengyel \u00e1ll\u00edthat\u00f3s\u00e1ga lehet\u0151v\u00e9 teszi a henger olyan m\u00f3don t\u00f6rt\u00e9n\u0151 felszerel\u00e9s\u00e9t, amely maximaliz\u00e1lja a rendelkez\u00e9sre \u00e1ll\u00f3 hely kihaszn\u00e1l\u00e1s\u00e1t.<\/p>\n<ol>\n<li style=\"list-style-type: none;\">\n<ol>\n<li><strong>Nagy teherb\u00edr\u00e1s:<\/strong> Az \u00e1ll\u00edthat\u00f3 kengyeles hengerek nagy teherb\u00edr\u00e1sukr\u00f3l is ismertek. Ezeket a hengereket neh\u00e9z terhek kezel\u00e9s\u00e9re tervezt\u00e9k, \u00e9s meghib\u00e1sod\u00e1s n\u00e9lk\u00fcl ellen\u00e1llnak a nagy nyom\u00e1snak. Ez ide\u00e1liss\u00e1 teszi \u0151ket olyan alkalmaz\u00e1sokhoz, ahol neh\u00e9z terheket kell mozgatni vagy emelni.<\/li>\n<\/ol>\n<\/li>\n<\/ol>\n<p>A <em>Testreszabott kett\u0151s m\u0171k\u00f6d\u00e9s\u0171 hengeres teheraut\u00f3 hidraulikus henger p\u00f3tkocsihoz<\/em> j\u00f3 p\u00e9lda az \u00e1ll\u00edthat\u00f3, nagy teherb\u00edr\u00e1s\u00fa kengyeles hengerekre. Ez a henger ak\u00e1r 20 tonn\u00e1s terhel\u00e9sek kezel\u00e9s\u00e9re is alkalmas, \u00e9s ak\u00e1r 250 bar nyom\u00e1son is m\u0171k\u00f6dhet. Ez\u00e1ltal sz\u00e9les k\u00f6rben haszn\u00e1lhat\u00f3 p\u00f3tkocsi-alkalmaz\u00e1sokban, ahol neh\u00e9z terheket kell mozgatni vagy emelni.<\/p>\n<ol>\n<li style=\"list-style-type: none;\">\n<ol>\n<li><strong>Tart\u00f3ss\u00e1g:<\/strong> Az \u00e1ll\u00edthat\u00f3 kengyeles hengerek tart\u00f3ss\u00e1gukr\u00f3l \u00e9s hossz\u00fa \u00e9lettartamukr\u00f3l ismertek. Ezek a hengerek jellemz\u0151en kiv\u00e1l\u00f3 min\u0151s\u00e9g\u0171 anyagokb\u00f3l k\u00e9sz\u00fclnek, amelyeket \u00fagy terveztek, hogy ellen\u00e1lljanak a zord \u00fczemi k\u00f6r\u00fclm\u00e9nyeknek \u00e9s a gyakori haszn\u00e1latnak. Ez azt jelenti, hogy minim\u00e1lis karbantart\u00e1st ig\u00e9nyelnek, \u00e9s sok \u00e9ven \u00e1t megb\u00edzhat\u00f3 teljes\u00edtm\u00e9nyt ny\u00fajtanak.<\/li>\n<\/ol>\n<\/li>\n<\/ol>\n<p>A <em>Testreszabott kett\u0151s m\u0171k\u00f6d\u00e9s\u0171 hengeres teheraut\u00f3 hidraulikus henger p\u00f3tkocsihoz<\/em> rendk\u00edv\u00fcl tart\u00f3s \u00e9s hossz\u00fa \u00e9lettartam\u00fa kialak\u00edt\u00e1s\u00fa. Kiv\u00e1l\u00f3 min\u0151s\u00e9g\u0171 anyagokb\u00f3l k\u00e9sz\u00fcl, amelyek ellen\u00e1llnak a kop\u00e1snak, a korr\u00f3zi\u00f3nak \u00e9s egy\u00e9b s\u00e9r\u00fcl\u00e9seknek. Ez biztos\u00edtja, hogy a henger megb\u00edzhat\u00f3 teljes\u00edtm\u00e9nyt ny\u00fajtson m\u00e9g a legig\u00e9nyesebb p\u00f3tkocsi-alkalmaz\u00e1sokban is.<\/p>\n<p><img decoding=\"async\" src=\"https:\/\/fmp-components.com\/wp-content\/uploads\/2024\/12\/Adjustable-Clevis-Type-Cylinders5.webp\" alt=\"\u00c1ll\u00edthat\u00f3 kengyeles henger\" width=\"800\" title=\"\"><\/p>\n<h2>\u00c1ll\u00edthat\u00f3 kengyeles hengerek alkalmaz\u00e1sa<\/h2>\n<p>Az \u00e1ll\u00edthat\u00f3 kengyeles hengerek sz\u00e1mos hidraulikus rendszer alapvet\u0151 alkot\u00f3elemei. Sokoldal\u00fas\u00e1gukr\u00f3l, tart\u00f3ss\u00e1gukr\u00f3l \u00e9s pontoss\u00e1gukr\u00f3l ismertek. Ebben a cikkben az \u00e1ll\u00edthat\u00f3 kengyeles hengerek k\u00fcl\u00f6nb\u00f6z\u0151 alkalmaz\u00e1sait t\u00e1rgyaljuk, \u00e9s kiemelj\u00fck azok el\u0151nyeit.<\/p>\n<p>1. Testreszabott kett\u0151s m\u0171k\u00f6d\u00e9s\u0171 henger<\/p>\n<p>Az \u00e1ll\u00edthat\u00f3 kengyeles hengerek egyik f\u0151 alkalmaz\u00e1si ter\u00fclete a testreszabott kett\u0151s m\u0171k\u00f6d\u00e9s\u0171 hengerek gy\u00e1rt\u00e1sa. Ezeket a hengereket sz\u00e1mos ipar\u00e1gban haszn\u00e1lj\u00e1k, bele\u00e9rtve az \u00e9p\u00edt\u0151ipart, a mez\u0151gazdas\u00e1got, a b\u00e1ny\u00e1szatot \u00e9s a sz\u00e1ll\u00edtm\u00e1nyoz\u00e1st. Ezeknek a hengereknek a testreszabhat\u00f3s\u00e1ga biztos\u00edtja, hogy megfeleljenek az egyes ipar\u00e1gak speci\u00e1lis ig\u00e9nyeinek \u00e9s k\u00f6vetelm\u00e9nyeinek.<\/p>\n<p>A testreszabott kett\u0151s m\u0171k\u00f6d\u00e9s\u0171 henger \u00e1ll\u00edthat\u00f3 kengyellel van ell\u00e1tva, amely lehet\u0151v\u00e9 teszi a dugatty\u00far\u00fad egyszer\u0171 beszerel\u00e9s\u00e9t \u00e9s elt\u00e1vol\u00edt\u00e1s\u00e1t. Ez a funkci\u00f3 elengedhetetlen, mivel lehet\u0151v\u00e9 teszi a gyors karbantart\u00e1st \u00e9s az elkopott alkatr\u00e9szek cser\u00e9j\u00e9t, ez\u00e1ltal cs\u00f6kkentve az \u00e1ll\u00e1sid\u0151t.<\/p>\n<p>2. Teheraut\u00f3 hidraulikus henger p\u00f3tkocsihoz<\/p>\n<p>Az \u00e1ll\u00edthat\u00f3 kengyeles hengerek egy m\u00e1sik alkalmaz\u00e1si ter\u00fclete a p\u00f3tkocsikhoz val\u00f3 teheraut\u00f3-hidraulikus hengerek gy\u00e1rt\u00e1sa. Ezeket a hengereket neh\u00e9z terhek, p\u00e9ld\u00e1ul kont\u00e9nerek emel\u00e9s\u00e9re \u00e9s s\u00fcllyeszt\u00e9s\u00e9re haszn\u00e1lj\u00e1k p\u00f3tkocsikon. Az \u00e1ll\u00edthat\u00f3 kengyel lehet\u0151v\u00e9 teszi a henger egyszer\u0171 r\u00f6gz\u00edt\u00e9s\u00e9t \u00e9s lev\u00e1laszt\u00e1s\u00e1t a p\u00f3tkocsir\u00f3l, \u00edgy k\u00f6nnyen haszn\u00e1lhat\u00f3.<\/p>\n<p>A p\u00f3tkocsikhoz val\u00f3 teheraut\u00f3 hidraulikus henger nagy szil\u00e1rds\u00e1g\u00fa anyagokb\u00f3l k\u00e9sz\u00fclt, amelyek ellen\u00e1llnak a neh\u00e9z terhel\u00e9seknek \u00e9s a zord \u00fczemi k\u00f6r\u00fclm\u00e9nyeknek. A hengert sziv\u00e1rg\u00e1smentesre is tervezt\u00e9k, \u00edgy biztos\u00edtva a hat\u00e9kony \u00e9s eredm\u00e9nyes m\u0171k\u00f6d\u00e9st.<\/p>\n<p>3. Mez\u0151gazdas\u00e1gi berendez\u00e9sek<\/p>\n<p>Az \u00e1ll\u00edthat\u00f3 kengyeles hengerek jelent\u0151s alkalmaz\u00e1si ter\u00fclettel rendelkeznek a mez\u0151gazdas\u00e1gban is. K\u00fcl\u00f6nb\u00f6z\u0151 mez\u0151gazdas\u00e1gi berendez\u00e9sek, p\u00e9ld\u00e1ul ek\u00e9k, kultiv\u00e1torok \u00e9s vet\u0151g\u00e9pek gy\u00e1rt\u00e1s\u00e1n\u00e1l haszn\u00e1lj\u00e1k \u0151ket. A hengerek a berendez\u00e9sek mozg\u00e1s\u00e1nak szab\u00e1lyoz\u00e1s\u00e1ra szolg\u00e1lnak, biztos\u00edtva azok hat\u00e9kony m\u0171k\u00f6d\u00e9s\u00e9t.<\/p>\n<p>Az \u00e1ll\u00edthat\u00f3 kengyeles kialak\u00edt\u00e1s megk\u00f6nny\u00edti a berendez\u00e9sekhez val\u00f3 csatlakoztat\u00e1st, \u00edgy az elkopott alkatr\u00e9szek k\u00f6nnyen cser\u00e9lhet\u0151k. A gy\u00e1rt\u00e1sukhoz felhaszn\u00e1lt nagy szil\u00e1rds\u00e1g\u00fa anyagok biztos\u00edtj\u00e1k, hogy ellen\u00e1lljanak a mez\u0151gazdas\u00e1gi \u00e1gazat zord \u00fczemi k\u00f6r\u00fclm\u00e9nyeinek.<\/p>\n<p>\u00d6sszefoglalva, az \u00e1ll\u00edthat\u00f3 kengyeles hengereknek sz\u00e1mos alkalmaz\u00e1si lehet\u0151s\u00e9g\u00fck van a k\u00fcl\u00f6nb\u00f6z\u0151 ipar\u00e1gakban. Az egyedi kett\u0151s m\u0171k\u00f6d\u00e9s\u0171 hengerek, a p\u00f3tkocsikhoz val\u00f3 teheraut\u00f3-hidraulikus hengerek \u00e9s a mez\u0151gazdas\u00e1gi g\u00e9pek csak n\u00e9h\u00e1ny a sok alkalmaz\u00e1si ter\u00fclet k\u00f6z\u00fcl. Pontoss\u00e1got, tart\u00f3ss\u00e1got \u00e9s sokoldal\u00fas\u00e1got k\u00edn\u00e1lnak, \u00edgy a hidraulikus rendszerek n\u00e9lk\u00fcl\u00f6zhetetlen alkot\u00f3elemei.<img decoding=\"async\" src=\"https:\/\/fmp-components.com\/wp-content\/uploads\/2024\/12\/Application-of-Adjustable-Clevis-Type-Cylinders.webp\" alt=\"\u00c1ll\u00edthat\u00f3 kengyeles henger\" width=\"800\" title=\"\"><\/p>\n<h3>Az FMP-r\u0151l<\/h3>\n<p>Az FMP Olaszorsz\u00e1g vezet\u0151 v\u00e1llalata, amely \u00e9p\u00edt\u0151ipari g\u00e9palkatr\u00e9szek \u00e9s komplett g\u00e9pek \u00e9rt\u00e9kes\u00edt\u00e9s\u00e9re \u00e9s szervizel\u00e9s\u00e9re specializ\u00e1l\u00f3dott. Az ipar\u00e1gban szerzett sok\u00e9ves tapasztalattal \u00e9s szakemberg\u00e1rd\u00e1val kiv\u00e1l\u00f3 min\u0151s\u00e9g\u0171 \u00e9s megb\u00edzhat\u00f3 megold\u00e1sokat k\u00edn\u00e1lunk \u00fcgyfeleinknek.<\/p>\n<h3>Hidraulikus henger<\/h3>\n<p>Az egyik f\u0151 term\u00e9k\u00fcnk a hidraulikus henger. Hengereink kiv\u00e1l\u00f3 min\u0151s\u00e9g\u0171 anyagokb\u00f3l k\u00e9sz\u00fclnek, \u00e9s \u00fagy vannak kialak\u00edtva, hogy ellen\u00e1lljanak a sz\u00e9ls\u0151s\u00e9ges nyom\u00e1snak \u00e9s a nagy terhel\u00e9seknek. \u00cdme \u00f6t ok, ami\u00e9rt \u00e9rdemes az FMP hidraulikus hengert v\u00e1lasztania:<\/p>\n<ol>\n<li><strong>Kiv\u00e1l\u00f3 min\u0151s\u00e9g\u0171 anyagok:<\/strong> Hidraulikus hengereink kiv\u00e1l\u00f3 min\u0151s\u00e9g\u0171 anyagokb\u00f3l k\u00e9sz\u00fclnek, amelyek tart\u00f3ss\u00e1got \u00e9s hossz\u00fa t\u00e1v\u00fa teljes\u00edtm\u00e9nyt biztos\u00edtanak. Kiz\u00e1r\u00f3lag a legjobb anyagokat haszn\u00e1ljuk annak \u00e9rdek\u00e9ben, hogy hengereink a legmostoh\u00e1bb k\u00f6r\u00fclm\u00e9nyeknek is ellen\u00e1lljanak.<\/li>\n<li><strong>Testreszabhat\u00f3:<\/strong> Sz\u00e9les v\u00e1laszt\u00e9kban k\u00edn\u00e1lunk hidraulikus hengereket, amelyeket az \u00d6n egyedi ig\u00e9nyeihez igaz\u00edthatunk. Hengereink k\u00fcl\u00f6nb\u00f6z\u0151 m\u00e9retekben, form\u00e1kban \u00e9s kivitelekben kaphat\u00f3k, \u00e9s seg\u00edt\u00fcnk kiv\u00e1lasztani az \u00d6n alkalmaz\u00e1s\u00e1hoz legink\u00e1bb ill\u0151t.<\/li>\n<li><strong>Megb\u00edzhat\u00f3s\u00e1g:<\/strong> Hidraulikus hengereinket \u00fagy tervezt\u00fck, hogy m\u00e9g a legnehezebb k\u00f6r\u00fclm\u00e9nyek k\u00f6z\u00f6tt is megb\u00edzhat\u00f3 teljes\u00edtm\u00e9nyt ny\u00fajtsanak. Meg\u00e9rtj\u00fck a megb\u00edzhat\u00f3s\u00e1g fontoss\u00e1g\u00e1t, \u00e9s minden sz\u00fcks\u00e9ges int\u00e9zked\u00e9st megtesz\u00fcnk annak \u00e9rdek\u00e9ben, hogy hengereink megfeleljenek a feladatnak.<\/li>\n<li><strong>Szak\u00e9rt\u0151i konzult\u00e1ci\u00f3:<\/strong> \u00c9rt\u00e9kes\u00edt\u00e9si csapatunk az \u00e9p\u00edt\u0151ipari g\u00e9pipar szak\u00e9rt\u0151ib\u0151l \u00e1ll. Ismerik a leg\u00fajabb trendeket, \u00e9s professzion\u00e1lis tan\u00e1csokkal tudnak szolg\u00e1lni a megfelel\u0151 hidraulikus henger kiv\u00e1laszt\u00e1s\u00e1ban.<\/li>\n<li><strong>Hat\u00e9kony logisztika:<\/strong> Hat\u00e9kony logisztikai eloszt\u00e1si rendszer\u00fcnk biztos\u00edtja, hogy hidraulikus henger\u00e9t id\u0151ben \u00e9s pontosan megkapja. Meg\u00e9rtj\u00fck az id\u0151ben t\u00f6rt\u00e9n\u0151 sz\u00e1ll\u00edt\u00e1s fontoss\u00e1g\u00e1t, \u00e9s minden sz\u00fcks\u00e9ges int\u00e9zked\u00e9st megtesz\u00fcnk annak \u00e9rdek\u00e9ben, hogy megrendel\u00e9se id\u0151ben meg\u00e9rkezzen.<\/li>\n<\/ol>\n<p>Ha megb\u00edzhat\u00f3 \u00e9s kiv\u00e1l\u00f3 min\u0151s\u00e9g\u0171 hidraulikus hengert keres, az FMP a t\u00f6k\u00e9letes v\u00e1laszt\u00e1s. Rendelkez\u00fcnk a sz\u00fcks\u00e9ges tapasztalattal \u00e9s szak\u00e9rtelemmel, hogy az \u00d6n ig\u00e9nyeinek t\u00f6k\u00e9letes megold\u00e1st k\u00edn\u00e1ljuk.<\/p>\n<p><img decoding=\"async\" src=\"https:\/\/fmp-components.com\/wp-content\/uploads\/2024\/12\/Adjustable-Clevis-Type-Cylinders-6.webp\" alt=\"\u00c1ll\u00edthat\u00f3 kengyeles henger\" width=\"834\" title=\"\"><\/p>\n<h2>GYIK<\/h2>\n<p><strong>K: Melyek az alkalmazhat\u00f3 ipar\u00e1gak ehhez a hidraulikus hengerhez?<\/strong><br \/>\nV: Ez a henger ide\u00e1lis g\u00e9pjav\u00edt\u00f3 m\u0171helyek, mez\u0151gazdas\u00e1gi \u00fczemek, energia- \u00e9s b\u00e1ny\u00e1szat, valamint g\u00e9pgy\u00e1rt\u00e1s sz\u00e1m\u00e1ra.<\/p>\n<p><strong>K: Mi a j\u00f3t\u00e1ll\u00e1si id\u0151 erre a hidraulikus hengerre?<\/strong><br \/>\nV: Ez a hidraulikus henger 1 \u00e9v garanci\u00e1val rendelkezik.<\/p>\n<p><img decoding=\"async\" src=\"https:\/\/img.jiansujichilun.com\/img\/hydrauliccylinders\/B_hydrauliccylinders-2.webp\" alt=\"hidraulikus henger\" width=\"800\" title=\"\"><\/p>\n<p>Szerz\u0151: CX<\/p>","protected":false},"excerpt":{"rendered":"<p>Introducing Customized Double Acting Cylinder Truck Hydraulic Cylinder For Trailer The Customized Double Acting Cylinder Truck Hydraulic Cylinder For Trailer is a top-of-the-line product designed to meet all your hydraulic cylinder needs. This cylinder is specifically tailored for use on trailers, providing unmatched performance and durability. Constructed with high-quality materials and expert craftsmanship, this hydraulic [&hellip;]<\/p>","protected":false},"featured_media":1338,"comment_status":"closed","ping_status":"closed","template":"","meta":{"_et_pb_use_builder":"","_et_pb_old_content":"","_et_gb_content_width":""},"product_brand":[],"product_cat":[39],"product_tag":[41,34],"class_list":{"0":"post-1372","1":"product","2":"type-product","3":"status-publish","4":"has-post-thumbnail","6":"product_cat-adjustable-clevis-type-cylinders","7":"product_tag-adjustable-clevis-type-cylinders","8":"product_tag-hydraulic-cylinder","10":"first","11":"instock","12":"product-type-simple"},"_links":{"self":[{"href":"https:\/\/fmp-components.com\/hu\/wp-json\/wp\/v2\/product\/1372","targetHints":{"allow":["GET"]}}],"collection":[{"href":"https:\/\/fmp-components.com\/hu\/wp-json\/wp\/v2\/product"}],"about":[{"href":"https:\/\/fmp-components.com\/hu\/wp-json\/wp\/v2\/types\/product"}],"replies":[{"embeddable":true,"href":"https:\/\/fmp-components.com\/hu\/wp-json\/wp\/v2\/comments?post=1372"}],"wp:featuredmedia":[{"embeddable":true,"href":"https:\/\/fmp-components.com\/hu\/wp-json\/wp\/v2\/media\/1338"}],"wp:attachment":[{"href":"https:\/\/fmp-components.com\/hu\/wp-json\/wp\/v2\/media?parent=1372"}],"wp:term":[{"taxonomy":"product_brand","embeddable":true,"href":"https:\/\/fmp-components.com\/hu\/wp-json\/wp\/v2\/product_brand?post=1372"},{"taxonomy":"product_cat","embeddable":true,"href":"https:\/\/fmp-components.com\/hu\/wp-json\/wp\/v2\/product_cat?post=1372"},{"taxonomy":"product_tag","embeddable":true,"href":"https:\/\/fmp-components.com\/hu\/wp-json\/wp\/v2\/product_tag?post=1372"}],"curies":[{"name":"munkaf\u00fczet","href":"https:\/\/api.w.org\/{rel}","templated":true}]}}