{"id":1371,"date":"2024-12-23T02:18:57","date_gmt":"2024-12-23T02:18:57","guid":{"rendered":"https:\/\/fmp-components.com\/product\/cheap-small-double-acting-welded-trailer-hydraulic-cylinder\/"},"modified":"2024-12-23T03:24:49","modified_gmt":"2024-12-23T03:24:49","slug":"cheap-small-double-acting-welded-trailer-hydraulic-cylinder","status":"publish","type":"product","link":"https:\/\/fmp-components.com\/hu\/product\/cheap-small-double-acting-welded-trailer-hydraulic-cylinder\/","title":{"rendered":"Olcs\u00f3 kis kett\u0151s m\u0171k\u00f6d\u00e9s\u0171 hegesztett p\u00f3tkocsi hidraulikus henger"},"content":{"rendered":"<p>Az olcs\u00f3, kism\u00e9ret\u0171, kett\u0151s m\u0171k\u00f6d\u00e9s\u0171, hegesztett p\u00f3tkocsi hidraulikus henger egy er\u0151teljes \u00e9s megb\u00edzhat\u00f3 g\u00e9p, amely elengedhetetlen minden ipari vagy mez\u0151gazdas\u00e1gi m\u0171velethez. Ez a hidraulikus henger kett\u0151s m\u0171k\u00f6d\u00e9s\u0171 er\u0151 biztos\u00edt\u00e1s\u00e1ra szolg\u00e1l, \u00edgy biztos\u00edtva a maxim\u00e1lis hat\u00e9konys\u00e1got minden alkalmaz\u00e1sban.<\/p>\n<p>Ennek a hidraulikus hengernek az egyik legfontosabb jellemz\u0151je a hegesztett kialak\u00edt\u00e1s, amely kiv\u00e1l\u00f3 tart\u00f3ss\u00e1got \u00e9s teljes\u00edtm\u00e9nyt biztos\u00edt hossz\u00fa t\u00e1von. Ez a kialak\u00edt\u00e1s biztos\u00edtja, hogy a henger a legnehezebb k\u00f6r\u00fclm\u00e9nyeknek is ellen\u00e1lljon, bele\u00e9rtve a neh\u00e9z ig\u00e9nybev\u00e9telt \u00e9s az elemeknek val\u00f3 kitetts\u00e9get.<\/p>\n<p>A robusztus kialak\u00edt\u00e1s mellett az olcs\u00f3, kism\u00e9ret\u0171, kett\u0151s m\u0171k\u00f6d\u00e9s\u0171, hegesztett p\u00f3tkocsi hidraulikus henger hihetetlen\u00fcl k\u00f6nnyen telep\u00edthet\u0151 \u00e9s karbantarthat\u00f3. Ez ide\u00e1lis v\u00e1laszt\u00e1ss\u00e1 teszi mindazok sz\u00e1m\u00e1ra, akiknek megb\u00edzhat\u00f3 \u00e9s hat\u00e9kony hidraulikus hengerre van sz\u00fcks\u00e9g\u00fck, amely gyorsan \u00e9s egyszer\u0171en integr\u00e1lhat\u00f3 a megl\u00e9v\u0151 berendez\u00e9seikbe.<\/p>\n<p><img loading=\"lazy\" decoding=\"async\" class=\"alignnone size-full wp-image-1334\" src=\"https:\/\/fmp-components.com\/wp-content\/uploads\/2024\/12\/Adjustable-Clevis-Type-Cylinders-4.webp\" alt=\"\u00c1ll\u00edthat\u00f3 vill\u00e1s hengerek\" width=\"800\" height=\"800\" title=\"\" srcset=\"https:\/\/fmp-components.com\/wp-content\/uploads\/2024\/12\/Adjustable-Clevis-Type-Cylinders-4.webp 800w, https:\/\/fmp-components.com\/wp-content\/uploads\/2024\/12\/Adjustable-Clevis-Type-Cylinders-4-480x480.webp 480w\" sizes=\"(min-width: 0px) and (max-width: 480px) 480px, (min-width: 481px) 800px, 100vw\" \/><\/p>\n<p>\u00d6sszess\u00e9g\u00e9ben az olcs\u00f3, kism\u00e9ret\u0171, kett\u0151s m\u0171k\u00f6d\u00e9s\u0171, hegesztett p\u00f3tkocsi hidraulikus henger kiv\u00e1l\u00f3 v\u00e1laszt\u00e1s mindazok sz\u00e1m\u00e1ra, akiknek kiv\u00e1l\u00f3 min\u0151s\u00e9g\u0171, \u00e1lland\u00f3 teljes\u00edtm\u00e9nyt \u00e9s megb\u00edzhat\u00f3 m\u0171k\u00f6d\u00e9st biztos\u00edt\u00f3 hidraulikus hengerre van sz\u00fcks\u00e9g\u00fck. Ak\u00e1r az \u00e9p\u00edt\u0151iparban, a mez\u0151gazdas\u00e1gban vagy b\u00e1rmely m\u00e1s, hidraulikus rendszerekre t\u00e1maszkod\u00f3 ipar\u00e1gban dolgoznak, ez a henger biztosan megfelel az ig\u00e9nyeiknek \u00e9s fel\u00fclm\u00falja az elv\u00e1r\u00e1saikat.<\/p>\n<h2>Az \u00e1ll\u00edthat\u00f3 kengyeles hengerek el\u0151nyei<\/h2>\n<p>Az \u00e1ll\u00edthat\u00f3 kengyeles hengerek sokoldal\u00fa hidraulikus alkatr\u00e9szek, amelyek sz\u00e1mos el\u0151nnyel j\u00e1rnak k\u00fcl\u00f6nf\u00e9le alkalmaz\u00e1sokban. Ezek a hengerek egyedi, \u00e1ll\u00edthat\u00f3 kengyeles r\u00f6gz\u00edt\u00e9ssel vannak ell\u00e1tva, amely rugalmass\u00e1got \u00e9s k\u00e9nyelmet biztos\u00edt k\u00fcl\u00f6nb\u00f6z\u0151 \u00fczemi k\u00f6r\u00fclm\u00e9nyek k\u00f6z\u00f6tt. Ebben a cikkben r\u00e9szletesen megvizsg\u00e1ljuk az \u00e1ll\u00edthat\u00f3 kengyeles hengerek el\u0151nyeit, kiemelve azok f\u0151bb jellemz\u0151it \u00e9s el\u0151nyeit.<\/p>\n<h3>Fokozott \u00e1ll\u00edthat\u00f3s\u00e1g<\/h3>\n<p>Az \u00e1ll\u00edthat\u00f3 kengyeles hengerek egyik f\u0151 el\u0151nye a fokozott \u00e1ll\u00edthat\u00f3s\u00e1guk. A kengyeles r\u00f6gz\u00edt\u00e9s lehet\u0151v\u00e9 teszi a henger egyszer\u0171 \u00e9s prec\u00edz pozicion\u00e1l\u00e1s\u00e1t, \u00edgy alkalmass\u00e1 teszi olyan alkalmaz\u00e1sokhoz, ahol a pontos be\u00e1ll\u00edt\u00e1s elengedhetetlen. Ez a funkci\u00f3 optim\u00e1lis teljes\u00edtm\u00e9nyt biztos\u00edt, \u00e9s cs\u00f6kkenti a hib\u00e1s be\u00e1ll\u00edt\u00e1s vagy a nem megfelel\u0151 beszerel\u00e9s kock\u00e1zat\u00e1t.<\/p>\n<p>Tov\u00e1bb\u00e1 az \u00e1ll\u00edthat\u00f3 kengyeles hengerek k\u00fcl\u00f6nf\u00e9le r\u00f6gz\u00edt\u00e9si lehet\u0151s\u00e9geket k\u00edn\u00e1lnak, \u00edgy rugalmasan alkalmazkodnak a k\u00fcl\u00f6nb\u00f6z\u0151 telep\u00edt\u00e9si k\u00f6vetelm\u00e9nyekhez. Ak\u00e1r v\u00edzszintes, f\u00fcgg\u0151leges, ak\u00e1r ferde helyzetben van, ezek a hengerek k\u00f6nnyen be\u00e1ll\u00edthat\u00f3k a k\u00edv\u00e1nt r\u00f6gz\u00edt\u00e9si helyzethez.<\/p>\n<h3>Optimaliz\u00e1lt teljes\u00edtm\u00e9ny<\/h3>\n<p>Az \u00e1ll\u00edthat\u00f3 kengyeles hengerek optimaliz\u00e1lt teljes\u00edtm\u00e9nyt ny\u00fajtanak hidraulikus rendszerekben. A hengerek kiv\u00e1l\u00f3 min\u0151s\u00e9g\u0171 anyagokb\u00f3l \u00e9s fejlett m\u00e9rn\u00f6ki technik\u00e1kb\u00f3l k\u00e9sz\u00fclnek, \u00edgy biztos\u00edtva a tart\u00f3ss\u00e1got \u00e9s a megb\u00edzhat\u00f3s\u00e1got ig\u00e9nyl\u0151 alkalmaz\u00e1sokban.<\/p>\n<p>Robusztus konstrukci\u00f3juknak k\u00f6sz\u00f6nhet\u0151en ezek a hengerek nagy nyom\u00e1st \u00e9s nagy terhel\u00e9st b\u00edrnak ki, kiv\u00e1l\u00f3 teljes\u00edtm\u00e9nyt \u00e9s hossz\u00fa \u00e9lettartamot biztos\u00edtva. \u00dagy tervezt\u00e9k \u0151ket, hogy minimaliz\u00e1lj\u00e1k a bels\u0151 sziv\u00e1rg\u00e1st \u00e9s biztos\u00edts\u00e1k a hidraulikus er\u0151k pontos szab\u00e1lyoz\u00e1s\u00e1t, ami z\u00f6kken\u0151mentes \u00e9s hat\u00e9kony m\u0171k\u00f6d\u00e9st eredm\u00e9nyez.<\/p>\n<h3>Sz\u00e9lesk\u00f6r\u0171 alkalmaz\u00e1sok<\/h3>\n<p>Sokoldal\u00fas\u00e1guknak k\u00f6sz\u00f6nhet\u0151en az \u00e1ll\u00edthat\u00f3 kengyeles hengerek sz\u00e1mos ipar\u00e1gban \u00e9s szektorban alkalmazhat\u00f3k. \u00c1ltal\u00e1ban mez\u0151gazdas\u00e1gi g\u00e9pekben, \u00e9p\u00edt\u0151ipari berendez\u00e9sekben, anyagmozgat\u00f3 rendszerekben \u00e9s ipari automatiz\u00e1l\u00e1sban haszn\u00e1lj\u00e1k \u0151ket.<\/p>\n<p>Ezek a munkahengerek k\u00fcl\u00f6n\u00f6sen alkalmasak olyan alkalmaz\u00e1sokhoz, amelyek prec\u00edz vez\u00e9rl\u00e9st \u00e9s be\u00e1ll\u00edt\u00e1st ig\u00e9nyelnek, p\u00e9ld\u00e1ul pozicion\u00e1l\u00f3 rendszerek, emel\u0151mechanizmusok \u00e9s terhel\u00e9sstabiliz\u00e1l\u00e1s. Alkalmazkod\u00f3k\u00e9pess\u00e9g\u00fck \u00e9s \u00e1ll\u00edthat\u00f3s\u00e1guk miatt sz\u00e1mos hidraulikus rendszertervez\u0151 \u00e9s m\u00e9rn\u00f6k kedvelt v\u00e1laszt\u00e1s.<\/p>\n<h3>K\u00f6lts\u00e9ghat\u00e9kony megold\u00e1s<\/h3>\n<p>Az \u00e1ll\u00edthat\u00f3 kengyeles hengerek tov\u00e1bbi el\u0151nye a k\u00f6lts\u00e9ghat\u00e9konys\u00e1guk. M\u00e1s t\u00edpus\u00fa hengerekhez k\u00e9pest ezek a hengerek megfizethet\u0151bb megold\u00e1st k\u00edn\u00e1lnak a teljes\u00edtm\u00e9ny vagy a min\u0151s\u00e9g fel\u00e1ldoz\u00e1sa n\u00e9lk\u00fcl.<\/p>\n<p>\u00c1ll\u00edthat\u00f3 kialak\u00edt\u00e1suknak k\u00f6sz\u00f6nhet\u0151en nincs sz\u00fcks\u00e9g tov\u00e1bbi r\u00f6gz\u00edt\u0151konzolokra vagy egyedi m\u00f3dos\u00edt\u00e1sokra, cs\u00f6kkentve a telep\u00edt\u00e9si id\u0151t \u00e9s k\u00f6lts\u00e9geket. Tov\u00e1bb\u00e1, ezeknek a hengereknek a tart\u00f3ss\u00e1ga \u00e9s megb\u00edzhat\u00f3s\u00e1ga minimaliz\u00e1lja a karbantart\u00e1si \u00e9s cserek\u00f6lts\u00e9geket, \u00edgy hossz\u00fa t\u00e1von k\u00f6lts\u00e9ghat\u00e9kony v\u00e1laszt\u00e1st jelentenek.<\/p>\n<p>Az \u00e1ll\u00edthat\u00f3 kengyeles hengerek sz\u00e1mos el\u0151nnyel j\u00e1rnak a hidraulikus rendszerek alkalmaz\u00e1saiban. Fokozott \u00e1ll\u00edthat\u00f3s\u00e1guknak, optimaliz\u00e1lt teljes\u00edtm\u00e9ny\u00fcknek, sz\u00e9lesk\u00f6r\u0171 alkalmaz\u00e1si k\u00f6r\u00fcknek \u00e9s k\u00f6lts\u00e9ghat\u00e9konys\u00e1guknak k\u00f6sz\u00f6nhet\u0151en ezek a hengerek megb\u00edzhat\u00f3 \u00e9s hat\u00e9kony megold\u00e1st k\u00edn\u00e1lnak sz\u00e1mos ipar\u00e1g sz\u00e1m\u00e1ra. Legyen sz\u00f3 prec\u00edz pozicion\u00e1l\u00e1ssal, terhel\u00e9sstabiliz\u00e1l\u00e1ssal vagy sokoldal\u00fa telep\u00edt\u00e9ssel, az \u00e1ll\u00edthat\u00f3 kengyeles hengerek kiv\u00e1l\u00f3an megfelelnek a modern hidraulikus rendszerek k\u00f6vetelm\u00e9nyeinek.<\/p>\n<p><img decoding=\"async\" src=\"https:\/\/fmp-components.com\/wp-content\/uploads\/2024\/12\/Adjustable-Clevis-Type-Cylinders5.webp\" alt=\"\u00c1ll\u00edthat\u00f3 kengyeles henger\" width=\"800\" title=\"\"><\/p>\n<h2>\u00c1ll\u00edthat\u00f3 kengyeles hengerek alkalmaz\u00e1sa<\/h2>\n<p>Az \u00e1ll\u00edthat\u00f3 kengyeles hengerek olyan hidraulikus hengerek, amelyek kengyeles v\u00e9gekkel rendelkeznek, \u00e9s k\u00fcl\u00f6nb\u00f6z\u0151 r\u00f6gz\u00edt\u00e9si poz\u00edci\u00f3khoz igaz\u00edthat\u00f3k. Ezeket a hengereket sz\u00e9les k\u00f6rben haszn\u00e1lj\u00e1k k\u00fcl\u00f6nf\u00e9le ipari alkalmaz\u00e1sokban, ahol prec\u00edz \u00e9s megb\u00edzhat\u00f3 line\u00e1ris mozg\u00e1sra van sz\u00fcks\u00e9g. Az al\u00e1bbiakban az \u00e1ll\u00edthat\u00f3 kengyeles hengerek n\u00e9h\u00e1ny gyakori alkalmaz\u00e1si m\u00f3dj\u00e1t ismertetj\u00fck:<\/p>\n<ol>\n<li><strong>\u00c9p\u00edt\u0151ipari berendez\u00e9sek:<\/strong> Az \u00e1ll\u00edthat\u00f3 kengyeles hengereket sz\u00e9les k\u00f6rben haszn\u00e1lj\u00e1k \u00e9p\u00edt\u0151ipari berendez\u00e9sekben, p\u00e9ld\u00e1ul kotr\u00f3g\u00e9pekben, buld\u00f3zerekben, rakod\u00f3g\u00e9pekben \u00e9s kotr\u00f3g\u00e9pekben. Ezek a hengerek biztos\u00edtj\u00e1k a sz\u00fcks\u00e9ges er\u0151t a neh\u00e9z terhek k\u00f6nny\u0171 emel\u00e9s\u00e9hez \u00e9s mozgat\u00e1s\u00e1hoz. Az \u00e1ll\u00edthat\u00f3 kengyeles v\u00e9geik lehet\u0151v\u00e9 teszik a k\u00f6nny\u0171 telep\u00edt\u00e9st \u00e9s be\u00e1ll\u00edt\u00e1st, \u00edgy n\u00e9pszer\u0171 v\u00e1laszt\u00e1s az \u00e9p\u00edt\u0151ipari berendez\u00e9sgy\u00e1rt\u00f3k k\u00f6r\u00e9ben. Az \u00e9p\u00edt\u0151ipari berendez\u00e9sekben az olcs\u00f3, kis, kett\u0151s m\u0171k\u00f6d\u00e9s\u0171, hegesztett p\u00f3tkocsi hidraulikus henger n\u00e9pszer\u0171 opci\u00f3 k\u00f6lts\u00e9ghat\u00e9konys\u00e1ga \u00e9s megb\u00edzhat\u00f3s\u00e1ga miatt. Ezeket a hengereket \u00fagy tervezt\u00e9k, hogy ellen\u00e1lljanak a zord munkak\u00f6r\u00fclm\u00e9nyeknek, \u00e9s \u00e1lland\u00f3 teljes\u00edtm\u00e9nyt ny\u00fajtsanak.<\/li>\n<li><strong>Mez\u0151gazdas\u00e1gi g\u00e9pek:<\/strong> Az \u00e1ll\u00edthat\u00f3 kengyeles hengerek egy m\u00e1sik gyakori alkalmaz\u00e1si ter\u00fclete a mez\u0151gazdas\u00e1gi g\u00e9pek, p\u00e9ld\u00e1ul traktorok, betakar\u00edt\u00f3k \u00e9s permetez\u0151g\u00e9pek. Ezeket a hengereket k\u00fcl\u00f6nf\u00e9le eszk\u00f6z\u00f6k, p\u00e9ld\u00e1ul ek\u00e9k, kultiv\u00e1torok \u00e9s vet\u0151g\u00e9pek mozg\u00e1s\u00e1nak vez\u00e9rl\u00e9s\u00e9re haszn\u00e1lj\u00e1k. Az \u00e1ll\u00edthat\u00f3 kengyeles v\u00e9gek lehet\u0151v\u00e9 teszik az eszk\u00f6z\u00f6k egyszer\u0171 r\u00f6gz\u00edt\u00e9s\u00e9t \u00e9s be\u00e1ll\u00edt\u00e1s\u00e1t, \u00edgy ide\u00e1lisak k\u00fcl\u00f6nb\u00f6z\u0151 mez\u0151gazdas\u00e1gi m\u0171veletekhez. Az olcs\u00f3, kis, kett\u0151s m\u0171k\u00f6d\u00e9s\u0171, hegesztett p\u00f3tkocsi hidraulikus hengert tart\u00f3ss\u00e1ga \u00e9s alacsony karbantart\u00e1si ig\u00e9nyei miatt sz\u00e9les k\u00f6rben haszn\u00e1lj\u00e1k mez\u0151gazdas\u00e1gi g\u00e9pekben is. Ezek a hengerek ellen\u00e1llnak a szennyez\u0151d\u00e9snek, a pornak \u00e9s a mez\u0151gazdas\u00e1gi m\u0171veletek sor\u00e1n gyakran el\u0151fordul\u00f3 egy\u00e9b k\u00f6rnyezeti t\u00e9nyez\u0151knek.<\/li>\n<li><strong>Anyagmozgat\u00e1s:<\/strong> Az \u00e1ll\u00edthat\u00f3 vill\u00e1s hengereket anyagmozgat\u00e1si alkalmaz\u00e1sokban, p\u00e9ld\u00e1ul sz\u00e1ll\u00edt\u00f3szalag-rendszerekben, emel\u0151berendez\u00e9sekben \u00e9s rakt\u00e1rautomatiz\u00e1l\u00e1sban is haszn\u00e1lj\u00e1k. Ezek a hengerek biztos\u00edtj\u00e1k a sz\u00fcks\u00e9ges er\u0151t a neh\u00e9z terhek mozgat\u00e1s\u00e1hoz, a sz\u00e1ll\u00edt\u00f3szalag-magass\u00e1g be\u00e1ll\u00edt\u00e1s\u00e1hoz \u00e9s a k\u00fcl\u00f6nf\u00e9le emel\u0151eszk\u00f6z\u00f6k mozg\u00e1s\u00e1nak vez\u00e9rl\u00e9s\u00e9hez. Az olcs\u00f3, kis, kett\u0151s m\u0171k\u00f6d\u00e9s\u0171, hegesztett p\u00f3tkocsi hidraulikus henger n\u00e9pszer\u0171 opci\u00f3 az anyagmozgat\u00e1si alkalmaz\u00e1sokban kompakt m\u00e9ret\u00e9nek \u00e9s nagy teljes\u00edtm\u00e9ny\u00e9nek k\u00f6sz\u00f6nhet\u0151en. Ezek a hengerek k\u00f6nnyen integr\u00e1lhat\u00f3k a megl\u00e9v\u0151 rendszerekbe, \u00e9s sima \u00e9s prec\u00edz line\u00e1ris mozg\u00e1st biztos\u00edtanak.<\/li>\n<li><strong>Ipari g\u00e9pek:<\/strong> Az \u00e1ll\u00edthat\u00f3 kengyeles t\u00edpus\u00fa hengereket k\u00fcl\u00f6nf\u00e9le ipari g\u00e9pekben, p\u00e9ld\u00e1ul pr\u00e9sekben, sajtol\u00f3g\u00e9pekben \u00e9s fr\u00f6ccs\u00f6nt\u0151 g\u00e9pekben is haszn\u00e1lj\u00e1k. Ezek a hengerek biztos\u00edtj\u00e1k a sz\u00fcks\u00e9ges er\u0151t a k\u00fcl\u00f6nb\u00f6z\u0151 alkatr\u00e9szek mozg\u00e1s\u00e1nak szab\u00e1lyoz\u00e1s\u00e1hoz, valamint a pontos \u00e9s megb\u00edzhat\u00f3 m\u0171k\u00f6d\u00e9s biztos\u00edt\u00e1s\u00e1hoz. Az olcs\u00f3, kis, kett\u0151s m\u0171k\u00f6d\u00e9s\u0171, hegesztett p\u00f3tkocsi hidraulikus henger el\u0151nyben r\u00e9szes\u00edtett v\u00e1laszt\u00e1s az ipari g\u00e9pek alkalmaz\u00e1saiban nagy er\u0151kapacit\u00e1sa \u00e9s gyors v\u00e1laszideje miatt. Ezek a hengerek testreszabhat\u00f3k az adott alkalmaz\u00e1si k\u00f6vetelm\u00e9nyeknek megfelel\u0151en, \u00e9s nagy terhel\u00e9s \u00e9s nyom\u00e1s mellett is \u00e1lland\u00f3 teljes\u00edtm\u00e9nyt ny\u00fajtanak.<\/li>\n<\/ol>\n<p>\u00d6sszefoglalva, az \u00e1ll\u00edthat\u00f3 kengyeles hengerek sokoldal\u00fa hidraulikus hengerek, amelyek sz\u00e1mos ipar\u00e1gban alkalmazhat\u00f3k. \u00c1ll\u00edthat\u00f3 kengyelv\u00e9geik, kompakt m\u00e9ret\u00fck \u00e9s nagy teljes\u00edtm\u00e9ny\u00fck n\u00e9pszer\u0171v\u00e9 teszi \u0151ket mind a berendez\u00e9sgy\u00e1rt\u00f3k, mind a v\u00e9gfelhaszn\u00e1l\u00f3k k\u00f6r\u00e9ben. Az olcs\u00f3, kism\u00e9ret\u0171, kett\u0151s m\u0171k\u00f6d\u00e9s\u0171, hegesztett p\u00f3tkocsi hidraulikus hengerek el\u00e9rhet\u0151s\u00e9g\u00e9vel mostant\u00f3l megfizethet\u0151 m\u00f3don lehet megb\u00edzhat\u00f3 \u00e9s prec\u00edz line\u00e1ris mozg\u00e1st el\u00e9rni.<img decoding=\"async\" src=\"https:\/\/fmp-components.com\/wp-content\/uploads\/2024\/12\/Application-of-Adjustable-Clevis-Type-Cylinders.webp\" alt=\"\u00c1ll\u00edthat\u00f3 kengyeles henger\" width=\"800\" title=\"\"><\/p>\n<h3>Az FMP-r\u0151l \u2013 Hidraulikus hengerek professzion\u00e1lis gy\u00e1rt\u00f3ja \u00e9s elad\u00f3ja<\/h3>\n<p>Megb\u00edzhat\u00f3 \u00e9s kiv\u00e1l\u00f3 min\u0151s\u00e9g\u0171 hidraulikus hengert keres \u00e9p\u00edt\u0151ipari g\u00e9peihez? Ne keressen tov\u00e1bb, az FMP a t\u00f6k\u00e9letes v\u00e1laszt\u00e1s! \u00c9p\u00edt\u0151ipari g\u00e9palkatr\u00e9szek \u00e9s komplett g\u00e9pek professzion\u00e1lis gy\u00e1rt\u00f3jak\u00e9nt \u00e9s \u00e9rt\u00e9kes\u00edt\u0151jek\u00e9nt sz\u00e9les v\u00e1laszt\u00e9kban k\u00edn\u00e1lunk hidraulikus hengereket, amelyeket a k\u00fcl\u00f6nf\u00e9le alkalmaz\u00e1sok ig\u00e9nyeinek kiel\u00e9g\u00edt\u00e9s\u00e9re tervezt\u00fcnk.<\/p>\n<p>\u00cdme n\u00e9h\u00e1ny ok, ami\u00e9rt \u00e9rdemes az FMP hidraulikus hengereit v\u00e1lasztania:<\/p>\n<p>1. Kiv\u00e1l\u00f3 min\u0151s\u00e9g\u0171 anyagok \u2013 Hidraulikus hengereink kiv\u00e1l\u00f3 min\u0151s\u00e9g\u0171 anyagokb\u00f3l k\u00e9sz\u00fclnek a tart\u00f3ss\u00e1g, a megb\u00edzhat\u00f3s\u00e1g \u00e9s a hossz\u00fa \u00e9lettartam biztos\u00edt\u00e1sa \u00e9rdek\u00e9ben. Anyagainkat kiv\u00e1l\u00f3 min\u0151s\u00e9g\u0171 belf\u00f6ldi \u00e9s k\u00fclf\u00f6ldi besz\u00e1ll\u00edt\u00f3kt\u00f3l szerezz\u00fck be, \u00e9s szigor\u00fa min\u0151s\u00e9gellen\u0151rz\u00e9si szabv\u00e1nyoknak vetj\u00fck al\u00e1 \u0151ket.<\/p>\n<p>2. Testreszabhat\u00f3 kivitelek \u2013 Sz\u00e9les v\u00e1laszt\u00e9kban k\u00edn\u00e1lunk hidraulikus hengereket, \u00e9s az \u00fcgyfelek ig\u00e9nyei \u00e9s specifik\u00e1ci\u00f3i szerint testre is szabhatjuk a terveket. Ak\u00e1r standard hengerre, ak\u00e1r egyedi megold\u00e1sra van sz\u00fcks\u00e9ge, seg\u00edt\u00fcnk megtal\u00e1lni a megfelel\u0151 term\u00e9ket.<\/p>\n<p>3. Sz\u00e9les alkalmaz\u00e1si k\u00f6r \u2013 Hidraulikus hengereink sz\u00e1mos \u00e9p\u00edt\u0151ipari g\u00e9phez alkalmasak, bele\u00e9rtve a mez\u0151gazdas\u00e1gi g\u00e9peket, ipari berendez\u00e9seket \u00e9s egyebeket. A vet\u0151g\u00e9p hengereit\u0151l a kotr\u00f3g\u00e9p hengerekig, n\u00e1lunk megtal\u00e1lja az \u00d6n ig\u00e9nyeinek megfelel\u0151 term\u00e9ket.<\/p>\n<p>4. Szakmai tan\u00e1csad\u00e1s \u2013 Tapasztalt \u00e9rt\u00e9kes\u00edt\u00e9si csapatunk mindig rendelkez\u00e9sre \u00e1ll, hogy professzion\u00e1lis term\u00e9ktan\u00e1csad\u00e1st \u00e9s intelligens v\u00e1s\u00e1rl\u00e1si javaslatokat ny\u00fajtson. Naprak\u00e9szek vagyunk az \u00e9p\u00edt\u0151ipari g\u00e9pipar leg\u00fajabb trendjeivel \u00e9s \u00fcgyf\u00e9lig\u00e9nyeivel kapcsolatban, hogy a legjobb szolg\u00e1ltat\u00e1st ny\u00fajthassuk \u00fcgyfeleinknek.<\/p>\n<p>5. Hat\u00e9kony logisztika \u2013 Hat\u00e9kony logisztikai eloszt\u00e1si rendszerrel rendelkez\u00fcnk annak \u00e9rdek\u00e9ben, hogy \u00fcgyfeleink id\u0151ben \u00e9s pontosan megkapj\u00e1k a sz\u00fcks\u00e9ges alkatr\u00e9szeket. Meg\u00e9rtj\u00fck az \u00e1ll\u00e1sid\u0151 minimaliz\u00e1l\u00e1s\u00e1nak \u00e9s a g\u00e9pek z\u00f6kken\u0151mentes m\u0171k\u00f6d\u00e9s\u00e9nek fontoss\u00e1g\u00e1t.<\/p>\n<p>Az FMP hidraulikus hengerekkel biztos lehet \u00e9p\u00edt\u0151ipari g\u00e9pei min\u0151s\u00e9g\u00e9ben \u00e9s megb\u00edzhat\u00f3s\u00e1g\u00e1ban. L\u00e9pjen kapcsolatba vel\u00fcnk m\u00e9g ma, hogy t\u00f6bbet megtudjon term\u00e9keinkr\u0151l \u00e9s arr\u00f3l, hogyan seg\u00edthet\u00fcnk megtal\u00e1lni az \u00d6n ig\u00e9nyeinek megfelel\u0151 megold\u00e1st.<\/p>\n<p><img decoding=\"async\" src=\"https:\/\/fmp-components.com\/wp-content\/uploads\/2024\/12\/Adjustable-Clevis-Type-Cylinders-6.webp\" alt=\"\u00c1ll\u00edthat\u00f3 kengyeles henger\" width=\"833\" title=\"\"><\/p>\n<h4>GYIK<\/h4>\n<p><b>K:<\/b> Mekkora a maxim\u00e1lis h\u00faz\u00f3er\u0151t k\u00e9pes elviselni ez a hidraulikus henger?<br \/>\n<b>V:<\/b> Ez a hidraulikus henger maximum 20 tonna h\u00faz\u00f3er\u0151t k\u00e9pes elb\u00edrni.<br \/>\n<b>K:<\/b> Mi ennek a hidraulikus hengernek a furat\u00e1tm\u00e9r\u0151-tartom\u00e1nya?<br \/>\n<b>V:<\/b> Ennek a hidraulikus hengernek a furat\u00e1tm\u00e9r\u0151je 2-6 h\u00fcvelyk k\u00f6z\u00f6tt mozog.<br \/>\n<b>K:<\/b> Alkalmas ez a hidraulikus henger nagy teherb\u00edr\u00e1s\u00fa ipari alkalmaz\u00e1sokhoz?<br \/>\n<b>V:<\/b> Igen, 3000 tol\u00f3er\u0151vel \u00e9s 20 tonna maxim\u00e1lis h\u00faz\u00f3er\u0151vel ez a hidraulikus henger ide\u00e1lis nagy teherb\u00edr\u00e1s\u00fa ipari alkalmaz\u00e1sokhoz.<\/p>\n<p><img decoding=\"async\" src=\"https:\/\/img.jiansujichilun.com\/img\/hydrauliccylinders\/C_hydrauliccylinders-5.webp\" alt=\"hidraulikus henger\" width=\"800\" title=\"\"><\/p>\n<p>Szerz\u0151: CX<\/p>","protected":false},"excerpt":{"rendered":"<p>The Cheap Small Double Acting Welded Trailer Hydraulic Cylinder is a powerful and reliable piece of machinery that is essential for any industrial or agricultural operation. This hydraulic cylinder is designed to provide double-acting force, ensuring maximum efficiency in every application. One of the key features of this hydraulic cylinder is its welded design, which [&hellip;]<\/p>","protected":false},"featured_media":1336,"comment_status":"closed","ping_status":"closed","template":"","meta":{"_et_pb_use_builder":"","_et_pb_old_content":"","_et_gb_content_width":""},"product_brand":[],"product_cat":[39],"product_tag":[41,34],"class_list":{"0":"post-1371","1":"product","2":"type-product","3":"status-publish","4":"has-post-thumbnail","6":"product_cat-adjustable-clevis-type-cylinders","7":"product_tag-adjustable-clevis-type-cylinders","8":"product_tag-hydraulic-cylinder","10":"first","11":"instock","12":"product-type-simple"},"_links":{"self":[{"href":"https:\/\/fmp-components.com\/hu\/wp-json\/wp\/v2\/product\/1371","targetHints":{"allow":["GET"]}}],"collection":[{"href":"https:\/\/fmp-components.com\/hu\/wp-json\/wp\/v2\/product"}],"about":[{"href":"https:\/\/fmp-components.com\/hu\/wp-json\/wp\/v2\/types\/product"}],"replies":[{"embeddable":true,"href":"https:\/\/fmp-components.com\/hu\/wp-json\/wp\/v2\/comments?post=1371"}],"wp:featuredmedia":[{"embeddable":true,"href":"https:\/\/fmp-components.com\/hu\/wp-json\/wp\/v2\/media\/1336"}],"wp:attachment":[{"href":"https:\/\/fmp-components.com\/hu\/wp-json\/wp\/v2\/media?parent=1371"}],"wp:term":[{"taxonomy":"product_brand","embeddable":true,"href":"https:\/\/fmp-components.com\/hu\/wp-json\/wp\/v2\/product_brand?post=1371"},{"taxonomy":"product_cat","embeddable":true,"href":"https:\/\/fmp-components.com\/hu\/wp-json\/wp\/v2\/product_cat?post=1371"},{"taxonomy":"product_tag","embeddable":true,"href":"https:\/\/fmp-components.com\/hu\/wp-json\/wp\/v2\/product_tag?post=1371"}],"curies":[{"name":"munkaf\u00fczet","href":"https:\/\/api.w.org\/{rel}","templated":true}]}}