{"id":1370,"date":"2024-12-23T02:18:57","date_gmt":"2024-12-23T02:18:57","guid":{"rendered":"https:\/\/fmp-components.com\/product\/hot-sale-double-acting-tractor-welded-hydraulic-cylinder\/"},"modified":"2024-12-23T03:25:00","modified_gmt":"2024-12-23T03:25:00","slug":"hot-sale-double-acting-tractor-welded-hydraulic-cylinder","status":"publish","type":"product","link":"https:\/\/fmp-components.com\/hu\/product\/hot-sale-double-acting-tractor-welded-hydraulic-cylinder\/","title":{"rendered":"Forr\u00f3 elad\u00f3 kett\u0151s m\u0171k\u00f6d\u00e9s\u0171 traktor hegesztett hidraulikus henger"},"content":{"rendered":"<h2>Bemutatkozik a forr\u00f3 elad\u00e1s\u00fa, kett\u0151s m\u0171k\u00f6d\u00e9s\u0171, traktorra hegesztett hidraulikus henger<\/h2>\n<p>A hidraulikus hengerek n\u00e9lk\u00fcl\u00f6zhetetlen alkatr\u00e9szek sz\u00e1mos ipar\u00e1gban, lehet\u0151v\u00e9 t\u00e9ve a g\u00e9pek \u00e9s berendez\u00e9sek sz\u00e1m\u00e1ra az er\u0151teljes \u00e9s prec\u00edz mozg\u00e1sok v\u00e9grehajt\u00e1s\u00e1t. A Hot Sale kett\u0151s m\u0171k\u00f6d\u00e9s\u0171 traktorhegesztett hidraulikus henger egy kiv\u00e9teles term\u00e9k, amely mind teljes\u00edtm\u00e9nyben, mind tart\u00f3ss\u00e1gban kiemelked\u0151.<\/p>\n<p>Fejlett m\u00e9rn\u00f6ki \u00e9s gy\u00e1rt\u00e1si technik\u00e1kkal tervezett hidraulikus henger p\u00e1ratlan szil\u00e1rds\u00e1got \u00e9s megb\u00edzhat\u00f3s\u00e1got k\u00edn\u00e1l. Kifejezetten traktorokhoz tervezt\u00e9k, \u00e9s biztos\u00edtja a legig\u00e9nyesebb mez\u0151gazdas\u00e1gi feladatok elv\u00e9gz\u00e9s\u00e9hez sz\u00fcks\u00e9ges teljes\u00edtm\u00e9nyt.<\/p>\n<p>Kett\u0151s m\u0171k\u00f6d\u00e9s\u00e9nek k\u00f6sz\u00f6nhet\u0151en a Hot Sale kett\u0151s m\u0171k\u00f6d\u00e9s\u0171 traktorhegesztett hidraulikus henger mindk\u00e9t mozg\u00e1sir\u00e1nyban k\u00e9pes er\u0151t kifejteni, \u00edgy sokoldal\u00fa \u00e9s hat\u00e9kony. Ak\u00e1r neh\u00e9z terheket kell emelnie, ak\u00e1r t\u00e1rgyakat kell tolnia vagy h\u00faznia, ez a hidraulikus henger megold\u00e1st k\u00edn\u00e1l.<\/p>\n<p>A henger gy\u00e1rt\u00e1s\u00e1hoz haszn\u00e1lt hegeszt\u00e9si technika kiv\u00e1l\u00f3 szerkezeti integrit\u00e1st biztos\u00edt \u00e9s megakad\u00e1lyozza a sziv\u00e1rg\u00e1st, \u00edgy biztos\u00edtva a hossz\u00fa t\u00e1v\u00fa teljes\u00edtm\u00e9nyt a terepen. A robusztus kialak\u00edt\u00e1s \u00e9s a kiv\u00e1l\u00f3 min\u0151s\u00e9g\u0171 anyagok garant\u00e1lj\u00e1k a kop\u00e1s, a korr\u00f3zi\u00f3 \u00e9s a sz\u00e9ls\u0151s\u00e9ges k\u00f6r\u00fclm\u00e9nyek elleni ellen\u00e1ll\u00e1st.<\/p>\n<p>A Hot Sale kett\u0151s m\u0171k\u00f6d\u00e9s\u0171 hegesztett traktorhidraulikus henger nemcsak az er\u0151r\u0151l \u00e9s a tart\u00f3ss\u00e1gr\u00f3l sz\u00f3l; prec\u00edz vez\u00e9rl\u00e9st \u00e9s sima m\u0171k\u00f6d\u00e9st is k\u00edn\u00e1l. Kiv\u00e1l\u00f3 dugatty\u00fa-kialak\u00edt\u00e1sa minimaliz\u00e1lja a s\u00farl\u00f3d\u00e1st, ami k\u00f6vetkezetes \u00e9s megb\u00edzhat\u00f3 teljes\u00edtm\u00e9nyt eredm\u00e9nyez. Ez a henger kiv\u00e9teles stabilit\u00e1st biztos\u00edt, cs\u00f6kkenti a rezg\u00e9seket \u00e9s biztos\u00edtja az optim\u00e1lis hat\u00e9konys\u00e1got.<\/p>\n<p>Kiv\u00e9teles m\u00e9rn\u00f6ki munk\u00e1ja mellett a Hot Sale kett\u0151s m\u0171k\u00f6d\u00e9s\u0171 hegesztett traktorhidraulikus hengert szak\u00e9rt\u0151i csapat t\u00e1mogatja, akik elk\u00f6telezettek a kiemelked\u0151 \u00fcgyf\u00e9lszolg\u00e1lat ir\u00e1nt. K\u00e9szen \u00e1llnak a k\u00e9rd\u00e9sek megv\u00e1laszol\u00e1s\u00e1ra, \u00e9s seg\u00edtenek a megfelel\u0151 henger kiv\u00e1laszt\u00e1s\u00e1ban az adott traktormodellekhez \u00e9s alkalmaz\u00e1sokhoz.<\/p>\n<p><img loading=\"lazy\" decoding=\"async\" class=\"alignnone size-full wp-image-1334\" src=\"https:\/\/fmp-components.com\/wp-content\/uploads\/2024\/12\/Adjustable-Clevis-Type-Cylinders-4.webp\" alt=\"\u00c1ll\u00edthat\u00f3 vill\u00e1s hengerek\" width=\"800\" height=\"800\" title=\"\" srcset=\"https:\/\/fmp-components.com\/wp-content\/uploads\/2024\/12\/Adjustable-Clevis-Type-Cylinders-4.webp 800w, https:\/\/fmp-components.com\/wp-content\/uploads\/2024\/12\/Adjustable-Clevis-Type-Cylinders-4-480x480.webp 480w\" sizes=\"(min-width: 0px) and (max-width: 480px) 480px, (min-width: 481px) 800px, 100vw\" \/><\/p>\n<p>A nagykereskedelmi, kett\u0151s m\u0171k\u00f6d\u00e9s\u0171, hegesztett traktorhidraulikus hengerbe val\u00f3 befektet\u00e9s azt jelenti, hogy megb\u00edzhat\u00f3 \u00e9s hat\u00e9kony berendez\u00e9sekbe fektet be, amelyek n\u00f6velik traktorja teljes\u00edtm\u00e9ny\u00e9t. Ak\u00e1r gazd\u00e1lkod\u00f3, kert\u00e9sz vagy \u00e9p\u00edt\u0151ipari szakember, ez a hidraulikus henger \u00fagy lett kialak\u00edtva, hogy megfeleljen az \u00d6n ig\u00e9nyeinek \u00e9s fel\u00fclm\u00falja az elv\u00e1r\u00e1sait.<\/p>\n<table>\n<tbody>\n<tr>\n<th>Term\u00e9k neve<\/th>\n<td>Kett\u0151s m\u0171k\u00f6d\u00e9s\u0171 traktor hegesztett hidraulikus henger<\/td>\n<\/tr>\n<tr>\n<th>Garancia<\/th>\n<td>1 \u00e9v<\/td>\n<\/tr>\n<tr>\n<th>Alkalmazhat\u00f3 ipar\u00e1gak<\/th>\n<td>G\u00e9pjav\u00edt\u00f3 m\u0171helyek, Mez\u0151gazdas\u00e1g, Energia, B\u00e1ny\u00e1szat, G\u00e9pgy\u00e1rt\u00e1s<\/td>\n<\/tr>\n<tr>\n<th>S\u00faly (KG)<\/th>\n<td>60<\/td>\n<\/tr>\n<tr>\n<th>Vide\u00f3s kimen\u0151 ellen\u0151rz\u00e9s<\/th>\n<td>Felt\u00e9ve<\/td>\n<\/tr>\n<tr>\n<th>G\u00e9ptesztel\u00e9si jelent\u00e9s<\/th>\n<td>Felt\u00e9ve<\/td>\n<\/tr>\n<tr>\n<th>\u00daj term\u00e9k<\/th>\n<td>2023-as bejegyz\u00e9s<\/td>\n<\/tr>\n<tr>\n<th>Az alapvet\u0151 alkatr\u00e9szek garanci\u00e1ja<\/th>\n<td>1 \u00e9v<\/td>\n<\/tr>\n<tr>\n<th>Alapvet\u0151 \u00f6sszetev\u0151k<\/th>\n<td>Csap\u00e1gy, hidraulikus henger<\/td>\n<\/tr>\n<tr>\n<th>Szerkezet<\/th>\n<td>Standard dugatty\u00fas henger<\/td>\n<\/tr>\n<tr>\n<th>Hatalom<\/th>\n<td>Hidraulikus<\/td>\n<\/tr>\n<tr>\n<th>Test anyaga<\/th>\n<td>Massz\u00edv ac\u00e9l<\/td>\n<\/tr>\n<tr>\n<th>Max. tol\u00f3er\u0151<\/th>\n<td>3000<\/td>\n<\/tr>\n<tr>\n<th>T\u00edpus<\/th>\n<td>\u00c1ll\u00edthat\u00f3 kengyeles henger<\/td>\n<\/tr>\n<tr>\n<th>kik\u00f6t\u0151k<\/th>\n<td>G\/SAE\/NPT\/M<\/td>\n<\/tr>\n<tr>\n<th>Max. h\u00faz\u00f3er\u0151<\/th>\n<td>20 tonna<\/td>\n<\/tr>\n<tr>\n<th>Tan\u00fas\u00edtv\u00e1ny<\/th>\n<td>ISO 9001:2000<\/td>\n<\/tr>\n<tr>\n<th>Furatm\u00e9ret<\/th>\n<td>2\u20136 h\u00fcvelyk<\/td>\n<\/tr>\n<tr>\n<th>R\u00fad m\u00e9rete<\/th>\n<td>1,125 \u2013 4 h\u00fcvelyk<\/td>\n<\/tr>\n<tr>\n<th>Ecsetvon\u00e1s m\u00e9rete<\/th>\n<td>4\u2013100 h\u00fcvelyk<\/td>\n<\/tr>\n<tr>\n<th>Cs\u00edp\u0151m\u00e9ret<\/th>\n<td>0,5 \u2013 2 h\u00fcvelyk<\/td>\n<\/tr>\n<tr>\n<th>Sz\u00edn<\/th>\n<td>Fekete<\/td>\n<\/tr>\n<\/tbody>\n<\/table>\n<p>&nbsp;<\/p>\n<h2>Az \u00e1ll\u00edthat\u00f3 kengyeles hengerek el\u0151nyei<\/h2>\n<p>Az \u00e1ll\u00edthat\u00f3 kengyeles hengerek, mint p\u00e9ld\u00e1ul a n\u00e9pszer\u0171, kett\u0151s m\u0171k\u00f6d\u00e9s\u0171, hegesztett traktorhidraulikus hengerek, sz\u00e1mos el\u0151nnyel \u00e9s hasznot k\u00edn\u00e1lnak k\u00fcl\u00f6nf\u00e9le alkalmaz\u00e1sokhoz. Ebben a cikkben r\u00e9szletesen megvizsg\u00e1ljuk ezen hengerek el\u0151nyeit, kiemelve egyedi tulajdons\u00e1gaikat \u00e9s azt, hogy hogyan n\u00f6velhetik a teljes\u00edtm\u00e9nyt a k\u00fcl\u00f6nb\u00f6z\u0151 ipar\u00e1gakban.<\/p>\n<h3>1. Fokozott rugalmass\u00e1g \u00e9s alkalmazkod\u00f3k\u00e9pess\u00e9g<\/h3>\n<p>Az \u00e1ll\u00edthat\u00f3 kengyeles hengerek egyik legfontosabb el\u0151nye a fokozott rugalmass\u00e1g \u00e9s alkalmazkod\u00f3k\u00e9pess\u00e9g. Ezek a hengerek \u00e1ll\u00edthat\u00f3 kengyellel vannak ell\u00e1tva, amely lehet\u0151v\u00e9 teszi a henger l\u00f6kethossz\u00e1nak egyszer\u0171 be\u00e1ll\u00edt\u00e1s\u00e1t \u00e9s finomhangol\u00e1s\u00e1t. Ez a funkci\u00f3 lehet\u0151v\u00e9 teszi a felhaszn\u00e1l\u00f3k sz\u00e1m\u00e1ra, hogy a henger m\u0171k\u00f6d\u00e9s\u00e9t az adott ig\u00e9nyeknek megfelel\u0151en testre szabj\u00e1k, biztos\u00edtva az optim\u00e1lis teljes\u00edtm\u00e9nyt \u00e9s hat\u00e9konys\u00e1got.<\/p>\n<h3>2. Prec\u00edz pozicion\u00e1l\u00e1s \u00e9s vez\u00e9rl\u00e9s<\/h3>\n<p>Az \u00e1ll\u00edthat\u00f3 kengyeles hengerekkel prec\u00edz pozicion\u00e1l\u00e1s \u00e9s vez\u00e9rl\u00e9s \u00e9rhet\u0151 el. A hengerek prec\u00edz l\u00f6ketvez\u00e9rl\u00e9st k\u00edn\u00e1lnak, lehet\u0151v\u00e9 t\u00e9ve a henger kiny\u00fal\u00e1s\u00e1nak \u00e9s visszah\u00faz\u00e1s\u00e1nak pontos be\u00e1ll\u00edt\u00e1s\u00e1t. Ez a szint\u0171 vez\u00e9rl\u00e9s kulcsfontoss\u00e1g\u00fa azokban az alkalmaz\u00e1sokban, ahol a precizit\u00e1s elengedhetetlen, p\u00e9ld\u00e1ul a robotik\u00e1ban, az automatiz\u00e1l\u00e1si rendszerekben \u00e9s az anyagmozgat\u00f3 berendez\u00e9sekben. Az \u00e1ll\u00edthat\u00f3 kengyeles hengerek sima \u00e9s pontos mozg\u00e1st tesznek lehet\u0151v\u00e9, biztos\u00edtva a terhek vagy alkatr\u00e9szek pontos pozicion\u00e1l\u00e1s\u00e1t.<\/p>\n<h3>3. Fokozott biztons\u00e1g \u00e9s megb\u00edzhat\u00f3s\u00e1g<\/h3>\n<p>Az \u00e1ll\u00edthat\u00f3 kengyeles hengerek magas szint\u0171 biztons\u00e1gukr\u00f3l \u00e9s megb\u00edzhat\u00f3s\u00e1gukr\u00f3l ismertek. Ezeket a hengereket \u00fagy tervezt\u00e9k, hogy ellen\u00e1lljanak a nagy terhel\u00e9seknek \u00e9s a zord munkak\u00f6r\u00fclm\u00e9nyeknek, \u00edgy alkalmasak ig\u00e9nyes alkalmaz\u00e1sokhoz. Az \u00e1ll\u00edthat\u00f3 kengyel tov\u00e1bbi stabilit\u00e1st \u00e9s t\u00e1maszt\u00e1st biztos\u00edt, minimaliz\u00e1lva a henger meghib\u00e1sod\u00e1s\u00e1nak vagy v\u00e1ratlan mozg\u00e1s\u00e1nak kock\u00e1zat\u00e1t. Ez n\u00f6veli a berendez\u00e9sek vagy g\u00e9pek \u00e1ltal\u00e1nos biztons\u00e1g\u00e1t, ahol ezeket a hengereket haszn\u00e1lj\u00e1k.<\/p>\n<h3>4. Fokozott hat\u00e9konys\u00e1g \u00e9s termel\u00e9kenys\u00e9g<\/h3>\n<p>Az \u00e1ll\u00edthat\u00f3 kengyeles hengerek haszn\u00e1lat\u00e1val a v\u00e1llalkoz\u00e1sok hat\u00e9konyabb\u00e1 \u00e9s termel\u00e9kenyebb\u00e9 tehetik m\u0171k\u00f6d\u00e9s\u00fcket. A l\u00f6kethossz finomhangol\u00e1s\u00e1nak \u00e9s a henger mozg\u00e1s\u00e1nak szab\u00e1lyoz\u00e1s\u00e1nak lehet\u0151s\u00e9ge optimaliz\u00e1lt teljes\u00edtm\u00e9nyt tesz lehet\u0151v\u00e9. Ez az optimaliz\u00e1l\u00e1s a ciklusid\u0151k cs\u00f6kken\u00e9s\u00e9hez, a termel\u00e9s n\u00f6veked\u00e9s\u00e9hez \u00e9s az \u00e1ltal\u00e1nos hat\u00e9konys\u00e1g javul\u00e1s\u00e1hoz vezet. Az \u00e1ll\u00edthat\u00f3 kengyeles hengerek lehet\u0151v\u00e9 teszik a g\u00e9pek \u00e9s berendez\u00e9sek teljes potenci\u00e1ljuk kihaszn\u00e1l\u00e1s\u00e1t, maximaliz\u00e1lva a termel\u00e9kenys\u00e9get a k\u00fcl\u00f6nb\u00f6z\u0151 ipar\u00e1gakban.<\/p>\n<h3>5. Sokoldal\u00fa alkalmaz\u00e1sok<\/h3>\n<p>Az \u00e1ll\u00edthat\u00f3 kengyeles hengerek sokoldal\u00fa alkalmaz\u00e1si lehet\u0151s\u00e9geket tal\u00e1lnak a k\u00fcl\u00f6nb\u00f6z\u0151 ipar\u00e1gakban. Ezeket a hengereket \u00e1ltal\u00e1ban mez\u0151gazdas\u00e1gi g\u00e9pekben, \u00e9p\u00edt\u0151ipari berendez\u00e9sekben, ipari automatiz\u00e1l\u00e1si rendszerekben \u00e9s hidraulikus pr\u00e9sekben haszn\u00e1lj\u00e1k, t\u00f6bbek k\u00f6z\u00f6tt. Rugalmass\u00e1guk \u00e9s alkalmazkod\u00f3k\u00e9pess\u00e9g\u00fck sz\u00e9les k\u00f6r\u0171 alkalmaz\u00e1sokhoz alkalmass\u00e1 teszi \u0151ket, megold\u00e1st k\u00edn\u00e1lva a k\u00fcl\u00f6nf\u00e9le hidraulikus ig\u00e9nyekre.<\/p>\n<p>Az \u00e1ll\u00edthat\u00f3 kengyeles hengerek, mint p\u00e9ld\u00e1ul a n\u00e9pszer\u0171, kett\u0151s m\u0171k\u00f6d\u00e9s\u0171, hegesztett traktorhidraulikus hengerek, sz\u00e1mos el\u0151nnyel j\u00e1rnak a k\u00fcl\u00f6nb\u00f6z\u0151 ipar\u00e1gak sz\u00e1m\u00e1ra. Fokozott rugalmass\u00e1guknak, prec\u00edz pozicion\u00e1l\u00e1s\u00e1nak, fokozott biztons\u00e1guknak, jobb hat\u00e9konys\u00e1guknak \u00e9s sokoldal\u00fa alkalmaz\u00e1si lehet\u0151s\u00e9geiknek k\u00f6sz\u00f6nhet\u0151en ezek a hengerek megb\u00edzhat\u00f3 \u00e9s hat\u00e9kony hidraulikus megold\u00e1sokat k\u00edn\u00e1lnak. Ak\u00e1r a l\u00f6kethossz finomhangol\u00e1s\u00e1r\u00f3l, a prec\u00edz vez\u00e9rl\u00e9s el\u00e9r\u00e9s\u00e9r\u0151l vagy a termel\u00e9kenys\u00e9g n\u00f6vel\u00e9s\u00e9r\u0151l van sz\u00f3, az \u00e1ll\u00edthat\u00f3 kengyeles hengerek \u00e9rt\u00e9kes eszk\u00f6zt jelentenek sz\u00e1mos hidraulikus rendszerben.<\/p>\n<p><img decoding=\"async\" src=\"https:\/\/fmp-components.com\/wp-content\/uploads\/2024\/12\/Adjustable-Clevis-Type-Cylinders5.webp\" alt=\"\u00c1ll\u00edthat\u00f3 kengyeles henger\" width=\"800\" title=\"\"><\/p>\n<h2>\u00c1ll\u00edthat\u00f3 kengyeles hengerek alkalmaz\u00e1sa<\/h2>\n<p>Az \u00e1ll\u00edthat\u00f3 kengyeles hengerek a hidraulikus rendszerek alapvet\u0151 alkot\u00f3elemei, amelyeket k\u00fcl\u00f6nf\u00e9le ipari alkalmaz\u00e1sokban, p\u00e9ld\u00e1ul \u00e9p\u00edt\u0151iparban, b\u00e1ny\u00e1szatban \u00e9s mez\u0151gazdas\u00e1gban haszn\u00e1lnak. Ezek a hengerek a teljes\u00edtm\u00e9ny, a tart\u00f3ss\u00e1g \u00e9s az \u00e1ll\u00edthat\u00f3s\u00e1g egyed\u00fcl\u00e1ll\u00f3 kombin\u00e1ci\u00f3j\u00e1t k\u00edn\u00e1lj\u00e1k, ami ide\u00e1liss\u00e1 teszi \u0151ket sz\u00e1mos alkalmaz\u00e1shoz. Ebben a cikkben az \u00e1ll\u00edthat\u00f3 kengyeles hengerek alkalmaz\u00e1sait \u00e9s el\u0151nyeit vizsg\u00e1ljuk meg a k\u00fcl\u00f6nb\u00f6z\u0151 ipar\u00e1gakban.<\/p>\n<h3>1. \u00c9p\u00edt\u00e9s<\/h3>\n<p>Az \u00e1ll\u00edthat\u00f3 kengyeles hengereket sz\u00e9les k\u00f6rben haszn\u00e1lj\u00e1k az \u00e9p\u00edt\u0151iparban. P\u00e9ld\u00e1ul kotr\u00f3g\u00e9pekben, darukban \u00e9s m\u00e1s neh\u00e9z \u00e9p\u00edt\u0151ipari berendez\u00e9sekben haszn\u00e1lj\u00e1k \u0151ket, amelyek prec\u00edz \u00e9s er\u0151teljes mozg\u00e1st ig\u00e9nyelnek. Ezekben az alkalmaz\u00e1sokban a hengereket neh\u00e9z terhek emel\u00e9s\u00e9re \u00e9s mozgat\u00e1s\u00e1ra, valamint anyagok ki\u00e1s\u00e1s\u00e1ra haszn\u00e1lj\u00e1k. Hidraulikus kalap\u00e1csokban \u00e9s bont\u00f3kban is haszn\u00e1lj\u00e1k \u0151ket, amelyeket beton \u00e9s m\u00e1s anyagok apr\u00edt\u00e1s\u00e1ra haszn\u00e1lnak.<\/p>\n<p>A n\u00e9pszer\u0171, kett\u0151s m\u0171k\u00f6d\u00e9s\u0171, hegesztett hidraulikus henger n\u00e9pszer\u0171 v\u00e1laszt\u00e1s \u00e9p\u00edt\u0151ipari alkalmaz\u00e1sokhoz tart\u00f3ss\u00e1ga \u00e9s megb\u00edzhat\u00f3s\u00e1ga miatt. Kett\u0151s m\u0171k\u00f6d\u00e9s\u0171 kialak\u00edt\u00e1s\u00e1nak k\u00f6sz\u00f6nhet\u0151en nagy terhel\u00e9s alatt is \u00e1lland\u00f3 teljes\u00edtm\u00e9nyt biztos\u00edt.<\/p>\n<h3>2. B\u00e1ny\u00e1szat<\/h3>\n<p>B\u00e1ny\u00e1szati \u200b\u200balkalmaz\u00e1sokban az \u00e1ll\u00edthat\u00f3 kengyeles hengereket sokf\u00e9lek\u00e9ppen haszn\u00e1lj\u00e1k. P\u00e9ld\u00e1ul b\u00e1ny\u00e1szati \u200b\u200bberendez\u00e9sekben, p\u00e9ld\u00e1ul buld\u00f3zerekben, rakod\u00f3g\u00e9pekben \u00e9s d\u00f6mperekben haszn\u00e1lj\u00e1k \u0151ket. F\u00far\u00f3berendez\u00e9sekben \u00e9s hidraulikus kotr\u00f3g\u00e9pekben is haszn\u00e1lj\u00e1k \u0151ket. Ezeket a hengereket neh\u00e9z terhek emel\u00e9s\u00e9re \u00e9s mozgat\u00e1s\u00e1ra, valamint anyagok apr\u00edt\u00e1s\u00e1ra \u00e9s ki\u00e1s\u00e1s\u00e1ra haszn\u00e1lj\u00e1k.<\/p>\n<p>A nagykereskedelmi kett\u0151s m\u0171k\u00f6d\u00e9s\u0171, hegesztett traktorhidraulikus henger k\u00fcl\u00f6n\u00f6sen hasznos b\u00e1ny\u00e1szati \u200b\u200balkalmaz\u00e1sokban, mivel k\u00e9pes nagy terheket kezelni \u00e9s ellen\u00e1ll a zord k\u00f6rnyezeti k\u00f6r\u00fclm\u00e9nyeknek. Hegesztett kialak\u00edt\u00e1sa maxim\u00e1lis tart\u00f3ss\u00e1got \u00e9s megb\u00edzhat\u00f3s\u00e1got biztos\u00edt m\u00e9g a legnehezebb k\u00f6r\u00fclm\u00e9nyek k\u00f6z\u00f6tt is.<\/p>\n<h3>3. Mez\u0151gazdas\u00e1g<\/h3>\n<p>Az \u00e1ll\u00edthat\u00f3 kengyeles hengereket sz\u00e9les k\u00f6rben haszn\u00e1lj\u00e1k a mez\u0151gazdas\u00e1gban is. P\u00e9ld\u00e1ul traktorokban \u00e9s m\u00e1s mez\u0151gazdas\u00e1gi berendez\u00e9sekben haszn\u00e1lj\u00e1k \u0151ket, amelyek er\u0151teljes \u00e9s prec\u00edz mozg\u00e1st ig\u00e9nyelnek. Ezekben az alkalmaz\u00e1sokban a hengereket neh\u00e9z terhek emel\u00e9s\u00e9re \u00e9s mozgat\u00e1s\u00e1ra, valamint olyan tartoz\u00e9kok m\u0171k\u00f6dtet\u00e9s\u00e9re haszn\u00e1lj\u00e1k, mint az ek\u00e9k, kultiv\u00e1torok \u00e9s betakar\u00edt\u00f3g\u00e9pek.<\/p>\n<p>A Hot Sale kett\u0151s m\u0171k\u00f6d\u00e9s\u0171 traktor hegesztett hidraulikus henger kiv\u00e1l\u00f3 v\u00e1laszt\u00e1s mez\u0151gazdas\u00e1gi alkalmaz\u00e1sokhoz, mivel k\u00e9pes \u00e1lland\u00f3 teljes\u00edtm\u00e9nyt \u00e9s teljes\u00edtm\u00e9nyt ny\u00fajtani. \u00c1ll\u00edthat\u00f3 kialak\u00edt\u00e1s\u00e1nak k\u00f6sz\u00f6nhet\u0151en testreszabhat\u00f3 a k\u00fcl\u00f6nb\u00f6z\u0151 mez\u0151gazdas\u00e1gi alkalmaz\u00e1sok speci\u00e1lis ig\u00e9nyeinek megfelel\u0151en.<\/p>\n<p>Az \u00e1ll\u00edthat\u00f3 kengyeles hengerek sokoldal\u00fa \u00e9s n\u00e9lk\u00fcl\u00f6zhetetlen alkot\u00f3elemei az \u00e9p\u00edt\u0151iparban, a b\u00e1ny\u00e1szatban \u00e9s a mez\u0151gazdas\u00e1gban haszn\u00e1lt hidraulikus rendszereknek. Tart\u00f3ss\u00e1guknak, teljes\u00edtm\u00e9ny\u00fcknek \u00e9s \u00e1ll\u00edthat\u00f3s\u00e1guknak k\u00f6sz\u00f6nhet\u0151en sz\u00e1mos alkalmaz\u00e1sban haszn\u00e1lhat\u00f3k, pontos \u00e9s megb\u00edzhat\u00f3 teljes\u00edtm\u00e9nyt ny\u00fajtva. A nagykereskedelmi kett\u0151s m\u0171k\u00f6d\u00e9s\u0171, hegesztett traktorhidraulikus hengerek n\u00e9pszer\u0171 v\u00e1laszt\u00e1s ezekhez az alkalmaz\u00e1sokhoz, mivel k\u00e9pesek nagy terheket kezelni \u00e9s zord k\u00f6rnyezeti k\u00f6r\u00fclm\u00e9nyeket is ellen\u00e1llni.<img decoding=\"async\" src=\"https:\/\/fmp-components.com\/wp-content\/uploads\/2024\/12\/Application-of-Adjustable-Clevis-Type-Cylinders.webp\" alt=\"\u00c1ll\u00edthat\u00f3 kengyeles henger\" width=\"800\" title=\"\"><\/p>\n<h3>Az FMP-r\u0151l<\/h3>\n<p>Az FMP egy vezet\u0151 v\u00e1llalat, amely hidraulikus hengerek gy\u00e1rt\u00e1s\u00e1ra \u00e9s \u00e9rt\u00e9kes\u00edt\u00e9s\u00e9re specializ\u00e1l\u00f3dott. Kiterjedt ipar\u00e1gi tapasztalatunkkal \u00e9s professzion\u00e1lis csapatunkkal elk\u00f6telezettek vagyunk amellett, hogy \u00fcgyfeleinknek kiv\u00e1l\u00f3 min\u0151s\u00e9g\u0171 \u00e9s megb\u00edzhat\u00f3 hidraulikus henger megold\u00e1sokat ny\u00fajtsunk.<\/p>\n<p>\u00cdme term\u00e9keink \u00e9s c\u00e9g\u00fcnk 5 f\u0151 el\u0151nye:<\/p>\n<p>1. Sz\u00e9les term\u00e9kv\u00e1laszt\u00e9k: Sz\u00e9les hidraulikus hengerv\u00e1laszt\u00e9kot k\u00edn\u00e1lunk, bele\u00e9rtve az \u00e1ll\u00edthat\u00f3 kengyeles hengereket is, az al\u00e1bbiak szerint:<\/p>\n<p><img decoding=\"async\" src=\"https:\/\/fmp-components.com\/wp-content\/uploads\/2024\/12\/Adjustable-Clevis-Type-Cylinders-6.webp\" alt=\"\u00c1ll\u00edthat\u00f3 kengyeles henger\" width=\"832\" title=\"\"><\/p>\n<p>2. Kiv\u00e1l\u00f3 min\u0151s\u00e9g: Hossz\u00fa t\u00e1v\u00fa \u00e9s stabil egy\u00fcttm\u0171k\u00f6d\u00e9si kapcsolatokat \u00e9p\u00edtett\u00fcnk ki kiv\u00e1l\u00f3 min\u0151s\u00e9g\u0171 besz\u00e1ll\u00edt\u00f3kkal, biztos\u00edtva, hogy minden hidraulikus henger\u00fcnk megfeleljen a szigor\u00fa min\u0151s\u00e9gi el\u0151\u00edr\u00e1soknak. A min\u0151s\u00e9g ir\u00e1nti elk\u00f6telezetts\u00e9g\u00fcnk kiemel minket a versenyt\u00e1rsak k\u00f6z\u00fcl.<\/p>\n<p>3. Professzion\u00e1lis \u00e9rt\u00e9kes\u00edt\u00e9si csapat: Tapasztalt \u00e9s k\u00e9pzett \u00e9rt\u00e9kes\u00edt\u00e9si csapatunk j\u00f3l ismeri a hidraulikus henger ipar\u00e1g fejleszt\u00e9si trendjeit \u00e9s \u00fcgyf\u00e9lig\u00e9nyeit. Elk\u00f6telezettek a professzion\u00e1lis term\u00e9ktan\u00e1csad\u00e1s \u00e9s az intelligens v\u00e1s\u00e1rl\u00e1si javaslatok ir\u00e1nt.<\/p>\n<p>4. Hat\u00e9kony logisztikai eloszt\u00e1s: Meg\u00e9rtj\u00fck az id\u0151ben t\u00f6rt\u00e9n\u0151 \u00e9s pontos sz\u00e1ll\u00edt\u00e1sok fontoss\u00e1g\u00e1t. Hat\u00e9kony logisztikai eloszt\u00e1si rendszer\u00fcnkkel biztos\u00edtjuk, hogy \u00fcgyfeleink gyorsan megkapj\u00e1k a sz\u00fcks\u00e9ges hidraulikus hengereket.<\/p>\n<p>5. \u00c1tfog\u00f3 megold\u00e1sok: A hidraulikus hengerek mellett sz\u00e9les v\u00e1laszt\u00e9kban k\u00edn\u00e1lunk \u00e9p\u00edt\u0151ipari g\u00e9palkatr\u00e9szeket \u00e9s komplett g\u00e9pmegold\u00e1sokat. Ez lehet\u0151v\u00e9 teszi \u00fcgyfeleink sz\u00e1m\u00e1ra, hogy minden sz\u00fcks\u00e9ges alkatr\u00e9szt \u00e9s tartoz\u00e9kot egy helyen megtal\u00e1ljanak, id\u0151t \u00e9s energi\u00e1t takar\u00edtva meg.<\/p>\n<p>Szeretn\u00e9nk megh\u00edvni \u00d6nt, hogy legyen partner\u00fcnk, \u00e9s tapasztalja meg az FMP hidraulikus hengerek kiv\u00e1l\u00f3s\u00e1g\u00e1t. L\u00e9pjen kapcsolatba vel\u00fcnk m\u00e9g ma, hogy megbesz\u00e9lhess\u00fck az \u00d6n egyedi ig\u00e9nyeit, \u00e9s csapatunk seg\u00edtsen megtal\u00e1lni az \u00d6n ig\u00e9nyeinek legink\u00e1bb megfelel\u0151 hidraulikus henger megold\u00e1st.<\/p>\n<h3>GYIK<\/h3>\n<p><strong>K: Milyen ipar\u00e1gak profit\u00e1lhatnak ebb\u0151l a hidraulikus hengerb\u0151l?<\/strong><br \/>\nV: Ez a hidraulikus henger t\u00f6k\u00e9letes g\u00e9pjav\u00edt\u00f3 m\u0171helyek, mez\u0151gazdas\u00e1gi \u00fczemek, energia- \u00e9s b\u00e1ny\u00e1szat, g\u00e9pgy\u00e1rt\u00e1s \u00e9s g\u00e9pgy\u00e1rak sz\u00e1m\u00e1ra.<\/p>\n<p><strong>K: Lehets\u00e9ges-e a hidraulikus henger testreszab\u00e1sa az adott ig\u00e9nyek alapj\u00e1n?<\/strong><br \/>\nV: Igen, az FMP testreszab\u00e1si lehet\u0151s\u00e9geket k\u00edn\u00e1l az \u00d6n egyedi ig\u00e9nyeinek kiel\u00e9g\u00edt\u00e9s\u00e9re.<\/p>\n<p><strong>K: Hogyan biztos\u00edthat\u00f3 ennek a hidraulikus hengernek a hossz\u00fa \u00e9lettartama?<\/strong><br \/>\nV: A megfelel\u0151 telep\u00edt\u00e9si \u00e9s karbantart\u00e1si gyakorlatok, p\u00e9ld\u00e1ul a rendszeres ellen\u0151rz\u00e9s \u00e9s az elkopott alkatr\u00e9szek id\u0151ben t\u00f6rt\u00e9n\u0151 cser\u00e9je biztos\u00edthatja a hidraulikus henger hossz\u00fa \u00e9lettartam\u00e1t.<\/p>\n<p><strong><img decoding=\"async\" src=\"https:\/\/img.jiansujichilun.com\/img\/hydrauliccylinders\/B_hydrauliccylinders-2.webp\" alt=\"hidraulikus henger\" width=\"800\" title=\"\"><\/strong><\/p>\n<p>Szerz\u0151: CX<\/p>","protected":false},"excerpt":{"rendered":"<p>Introducing Hot Sale Double Acting Tractor Welded Hydraulic Cylinder Hydraulic cylinders are essential components in various industries, enabling machinery and equipment to perform powerful and precise movements. The Hot Sale Double Acting Tractor Welded Hydraulic Cylinder is an exceptional product that excels in both performance and durability. Designed with advanced engineering and manufacturing techniques, this [&hellip;]<\/p>","protected":false},"featured_media":1340,"comment_status":"closed","ping_status":"closed","template":"","meta":{"_et_pb_use_builder":"","_et_pb_old_content":"","_et_gb_content_width":""},"product_brand":[],"product_cat":[39],"product_tag":[41,34],"class_list":{"0":"post-1370","1":"product","2":"type-product","3":"status-publish","4":"has-post-thumbnail","6":"product_cat-adjustable-clevis-type-cylinders","7":"product_tag-adjustable-clevis-type-cylinders","8":"product_tag-hydraulic-cylinder","10":"first","11":"instock","12":"product-type-simple"},"_links":{"self":[{"href":"https:\/\/fmp-components.com\/hu\/wp-json\/wp\/v2\/product\/1370","targetHints":{"allow":["GET"]}}],"collection":[{"href":"https:\/\/fmp-components.com\/hu\/wp-json\/wp\/v2\/product"}],"about":[{"href":"https:\/\/fmp-components.com\/hu\/wp-json\/wp\/v2\/types\/product"}],"replies":[{"embeddable":true,"href":"https:\/\/fmp-components.com\/hu\/wp-json\/wp\/v2\/comments?post=1370"}],"wp:featuredmedia":[{"embeddable":true,"href":"https:\/\/fmp-components.com\/hu\/wp-json\/wp\/v2\/media\/1340"}],"wp:attachment":[{"href":"https:\/\/fmp-components.com\/hu\/wp-json\/wp\/v2\/media?parent=1370"}],"wp:term":[{"taxonomy":"product_brand","embeddable":true,"href":"https:\/\/fmp-components.com\/hu\/wp-json\/wp\/v2\/product_brand?post=1370"},{"taxonomy":"product_cat","embeddable":true,"href":"https:\/\/fmp-components.com\/hu\/wp-json\/wp\/v2\/product_cat?post=1370"},{"taxonomy":"product_tag","embeddable":true,"href":"https:\/\/fmp-components.com\/hu\/wp-json\/wp\/v2\/product_tag?post=1370"}],"curies":[{"name":"munkaf\u00fczet","href":"https:\/\/api.w.org\/{rel}","templated":true}]}}