{"id":1368,"date":"2024-12-23T02:18:57","date_gmt":"2024-12-23T02:18:57","guid":{"rendered":"https:\/\/fmp-components.com\/product\/factory-customized-double-effect-trailer-hydraulic-cylinder\/"},"modified":"2024-12-23T03:02:40","modified_gmt":"2024-12-23T03:02:40","slug":"factory-customized-double-effect-trailer-hydraulic-cylinder","status":"publish","type":"product","link":"https:\/\/fmp-components.com\/hu\/product\/factory-customized-double-effect-trailer-hydraulic-cylinder\/","title":{"rendered":"Gy\u00e1rilag testreszabott kett\u0151s hat\u00e1s\u00fa p\u00f3tkocsi hidraulikus henger"},"content":{"rendered":"<p>A gy\u00e1rilag testreszabott kett\u0151s hat\u00e1s\u00fa p\u00f3tkocsi hidraulikus henger egy kiv\u00e1l\u00f3 min\u0151s\u00e9g\u0171 hidraulikus henger, amelyet p\u00f3tkocsikhoz terveztek. Ez a term\u00e9k kett\u0151s m\u0171k\u00f6d\u00e9s\u0171 kialak\u00edt\u00e1s\u00fa, amely lehet\u0151v\u00e9 teszi a k\u00f6nny\u0171 kiny\u00fal\u00e1st \u00e9s visszah\u00faz\u00e1st, \u00edgy ide\u00e1lis a k\u00fcl\u00f6nf\u00e9le alkalmaz\u00e1sokhoz.<\/p>\n<p>Ennek a hidraulikus hengernek az egyik kiemelked\u0151 tulajdons\u00e1ga a testreszabhat\u00f3s\u00e1ga. A gy\u00e1r sz\u00e1mos lehet\u0151s\u00e9get k\u00edn\u00e1l az \u00fcgyfeleknek, bele\u00e9rtve a k\u00fcl\u00f6nb\u00f6z\u0151 m\u00e9reteket, r\u00f6gz\u00edt\u00e9si lehet\u0151s\u00e9geket \u00e9s furat\u00e1tm\u00e9r\u0151ket. Ez a testreszabhat\u00f3s\u00e1gi szint biztos\u00edtja, hogy az \u00fcgyfelek megtal\u00e1lj\u00e1k a t\u00f6k\u00e9letes hidraulikus hengert, amely megfelel az ig\u00e9nyeiknek.<\/p>\n<p><img loading=\"lazy\" decoding=\"async\" class=\"alignnone size-full wp-image-1334\" src=\"https:\/\/fmp-components.com\/wp-content\/uploads\/2024\/12\/Adjustable-Clevis-Type-Cylinders-4.webp\" alt=\"\u00c1ll\u00edthat\u00f3 vill\u00e1s hengerek\" width=\"800\" height=\"800\" title=\"\" srcset=\"https:\/\/fmp-components.com\/wp-content\/uploads\/2024\/12\/Adjustable-Clevis-Type-Cylinders-4.webp 800w, https:\/\/fmp-components.com\/wp-content\/uploads\/2024\/12\/Adjustable-Clevis-Type-Cylinders-4-480x480.webp 480w\" sizes=\"(min-width: 0px) and (max-width: 480px) 480px, (min-width: 481px) 800px, 100vw\" \/><\/p>\n<p>A testreszabhat\u00f3s\u00e1g mellett ez a hidraulikus henger tart\u00f3s is. Kiv\u00e1l\u00f3 min\u0151s\u00e9g\u0171 anyagokb\u00f3l k\u00e9sz\u00fclt, \u00e9s robusztus kialak\u00edt\u00e1s\u00fa, amely m\u00e9g a legnehezebb k\u00f6r\u00fclm\u00e9nyeket is ellen\u00e1ll. Ez megb\u00edzhat\u00f3 v\u00e1laszt\u00e1ss\u00e1 teszi azok sz\u00e1m\u00e1ra, akiknek egy olyan hidraulikus hengerre van sz\u00fcks\u00e9g\u00fck, amely nap mint nap j\u00f3l m\u0171k\u00f6dik.<\/p>\n<p>\u00d6sszess\u00e9g\u00e9ben a gy\u00e1rilag testreszabott kett\u0151s hat\u00e1s\u00fa p\u00f3tkocsi hidraulikus henger kiv\u00e1l\u00f3 v\u00e1laszt\u00e1s mindazok sz\u00e1m\u00e1ra, akiknek kiv\u00e1l\u00f3 min\u0151s\u00e9g\u0171 hidraulikus hengerre van sz\u00fcks\u00e9g\u00fck p\u00f3tkocsijukhoz. Testreszabhat\u00f3s\u00e1g\u00e1nak, tart\u00f3ss\u00e1g\u00e1nak \u00e9s megb\u00edzhat\u00f3 teljes\u00edtm\u00e9ny\u00e9nek k\u00f6sz\u00f6nhet\u0151en ez a term\u00e9k biztosan kiel\u00e9g\u00edti m\u00e9g a legig\u00e9nyesebb \u00fcgyfelek ig\u00e9nyeit is.<\/p>\n<p>A gy\u00e1rilag testreszabott kett\u0151s hat\u00e1s\u00fa p\u00f3tkocsi hidraulikus henger egy \u00faj, kiv\u00e1l\u00f3 min\u0151s\u00e9g\u0171 term\u00e9k, amely ide\u00e1lis g\u00e9pjav\u00edt\u00f3 m\u0171helyek, mez\u0151gazdas\u00e1gi \u00fczemek, energia- \u00e9s b\u00e1ny\u00e1szati \u200b\u200bipar\u00e1gak, valamint g\u00e9pgy\u00e1rt\u00e1s sz\u00e1m\u00e1ra. 70 kg-os s\u00faly\u00e1val maxim\u00e1lis hat\u00e9konys\u00e1gra \u00e9s tart\u00f3ss\u00e1gra tervezt\u00e9k. A term\u00e9kre 1 \u00e9v garanci\u00e1t v\u00e1llalunk, \u00edgy befektet\u00e9se nyugodt lehet. A hidraulikus henger f\u0151 alkot\u00f3elemei az ipari szabv\u00e1nynak megfelel\u0151 csap\u00e1gyak \u00e9s a robusztus hidraulikus henger. Dugatty\u00fas hengerszerkezettel rendelkezik, \u00e9s hidraulikus er\u0151vel m\u0171k\u00f6dik. Maxim\u00e1lis tol\u00f3ereje 3000 tonna, h\u00faz\u00f3ereje pedig 20 tonna, \u00edgy ez a henger egy er\u0151m\u0171. A test massz\u00edv ac\u00e9lb\u00f3l k\u00e9sz\u00fclt, ami tart\u00f3ss\u00e1got \u00e9s hossz\u00fa \u00e9lettartamot biztos\u00edt.<\/p>\n<p><img decoding=\"async\" src=\"https:\/\/img.jiansujichilun.com\/img\/hydrauliccylinders\/B_hydrauliccylinders-3.webp\" alt=\"hidraulikus henger\" width=\"800\" title=\"\"><\/p>\n<h2>Az \u00e1ll\u00edthat\u00f3 kengyeles hengerek el\u0151nyei<\/h2>\n<p>Az \u00e1ll\u00edthat\u00f3 kengyeles hengerek olyan hidraulikus munkahengerek, amelyek sz\u00e1mos el\u0151nnyel j\u00e1rnak k\u00fcl\u00f6nf\u00e9le alkalmaz\u00e1sokban. Egyedi kialak\u00edt\u00e1suknak \u00e9s fejlett funkci\u00f3iknak k\u00f6sz\u00f6nhet\u0151en ezek a munkahengerek fokozott teljes\u00edtm\u00e9nyt \u00e9s sokoldal\u00fas\u00e1got biztos\u00edtanak. \u00cdme az \u00e1ll\u00edthat\u00f3 kengyeles hengerek n\u00e9h\u00e1ny f\u0151 el\u0151nye:<\/p>\n<h3>1. Fokozott sokoldal\u00fas\u00e1g<\/h3>\n<p>Az \u00e1ll\u00edthat\u00f3 kengyeles hengerek egyik f\u0151 el\u0151nye a sokoldal\u00fas\u00e1guk. Ezek a hengerek k\u00f6nnyen be\u00e1ll\u00edthat\u00f3k a k\u00fcl\u00f6nb\u00f6z\u0151 r\u00f6gz\u00edt\u00e9si konfigur\u00e1ci\u00f3khoz, \u00edgy sz\u00e9les k\u00f6r\u0171 alkalmaz\u00e1sokhoz alkalmasak. Ak\u00e1r \u00e9p\u00edt\u0151iparban, mez\u0151gazdas\u00e1gi g\u00e9pekben vagy ipari berendez\u00e9sekben van sz\u00f3, az \u00e1ll\u00edthat\u00f3 kengyeles hengerek rugalmass\u00e1got \u00e9s alkalmazkod\u00f3k\u00e9pess\u00e9get k\u00edn\u00e1lnak.<\/p>\n<h3>2. Megn\u00f6velt teherb\u00edr\u00e1s<\/h3>\n<p>Az \u00e1ll\u00edthat\u00f3 kengyeles hengerek tov\u00e1bbi jelent\u0151s el\u0151nye, hogy nagy terheket is elb\u00edrnak. Ezeket a hengereket nagy teherb\u00edr\u00e1sra tervezt\u00e9k, \u00edgy ide\u00e1lisak olyan alkalmaz\u00e1sokhoz, amelyek neh\u00e9z terhek emel\u00e9s\u00e9t \u00e9s sz\u00e1ll\u00edt\u00e1s\u00e1t ig\u00e9nylik. Robusztus konstrukci\u00f3juk \u00e9s tart\u00f3s anyagaik megb\u00edzhat\u00f3 teljes\u00edtm\u00e9nyt biztos\u00edtanak m\u00e9g extr\u00e9m k\u00f6r\u00fclm\u00e9nyek k\u00f6z\u00f6tt is.<\/p>\n<h3>3. Fokozott pontoss\u00e1g \u00e9s kontroll<\/h3>\n<p>Az \u00e1ll\u00edthat\u00f3 kengyeles hengerek prec\u00edz vez\u00e9rl\u00e9st biztos\u00edtanak a hidraulikus rendszerek felett, lehet\u0151v\u00e9 t\u00e9ve a pontos pozicion\u00e1l\u00e1st \u00e9s mozg\u00e1svez\u00e9rl\u00e9st. Ezeknek a hengereknek a kialak\u00edt\u00e1sa lehet\u0151v\u00e9 teszi a l\u00f6kethossz \u00e9s az er\u0151 finomhangol\u00e1s\u00e1t, lehet\u0151v\u00e9 t\u00e9ve a kezel\u0151k sz\u00e1m\u00e1ra a prec\u00edz \u00e9s megism\u00e9telhet\u0151 mozg\u00e1sok el\u00e9r\u00e9s\u00e9t. Ez a szint\u0171 vez\u00e9rl\u00e9s kulcsfontoss\u00e1g\u00fa azokban az alkalmaz\u00e1sokban, amelyek pontoss\u00e1got \u00e9s precizit\u00e1st ig\u00e9nyelnek, p\u00e9ld\u00e1ul a gy\u00e1rt\u00e1si folyamatokban vagy az automatiz\u00e1lt rendszerekben.<\/p>\n<h3>4. Fokozott tart\u00f3ss\u00e1g \u00e9s hossz\u00fa \u00e9lettartam<\/h3>\n<p>Kiv\u00e1l\u00f3 min\u0151s\u00e9g\u0171 konstrukci\u00f3juknak \u00e9s robusztus anyagaiknak k\u00f6sz\u00f6nhet\u0151en az \u00e1ll\u00edthat\u00f3 kengyeles hengerek tart\u00f3sak. Ezeket a hengereket \u00fagy tervezt\u00e9k, hogy ellen\u00e1lljanak a nagy terhel\u00e9seknek, a zord k\u00f6rnyezetnek \u00e9s a gyakori haszn\u00e1latnak, biztos\u00edtva a hossz\u00fa t\u00e1v\u00fa teljes\u00edtm\u00e9nyt \u00e9s tart\u00f3ss\u00e1got. Az \u00e1ll\u00edthat\u00f3 kengyeles hengerekbe val\u00f3 befektet\u00e9ssel a v\u00e1llalkoz\u00e1sok hossz\u00fa t\u00e1von minimaliz\u00e1lhatj\u00e1k a karbantart\u00e1si \u00e9s cserek\u00f6lts\u00e9geket.<\/p>\n<h3>5. Hat\u00e9kony er\u0151\u00e1tvitel<\/h3>\n<p>Az \u00e1ll\u00edthat\u00f3 kengyeles hengerek hat\u00e9kony er\u0151\u00e1tvitelt biztos\u00edtanak, minimaliz\u00e1lj\u00e1k az energiavesztes\u00e9get \u00e9s optimaliz\u00e1lj\u00e1k a rendszer teljes\u00edtm\u00e9ny\u00e9t. Ezeknek a hengereknek a kialak\u00edt\u00e1sa biztos\u00edtja a hidraulikus teljes\u00edtm\u00e9ny sima \u00e9s hat\u00e9kony \u00e1tvitel\u00e9t, ami jobb termel\u00e9kenys\u00e9get \u00e9s alacsonyabb energiafogyaszt\u00e1st eredm\u00e9nyez. Ez a hat\u00e9konys\u00e1g k\u00fcl\u00f6n\u00f6sen el\u0151ny\u00f6s azokban az alkalmaz\u00e1sokban, ahol az energiahat\u00e9konys\u00e1g priorit\u00e1s.<\/p>\n<h3>6. Testreszab\u00e1si lehet\u0151s\u00e9gek<\/h3>\n<p>A gy\u00e1rt\u00f3k testreszab\u00e1si lehet\u0151s\u00e9geket k\u00edn\u00e1lnak az \u00e1ll\u00edthat\u00f3 kengyeles hengerekhez, lehet\u0151v\u00e9 t\u00e9ve a v\u00e1llalkoz\u00e1sok sz\u00e1m\u00e1ra, hogy a hengereket az egyedi ig\u00e9nyeikhez igaz\u00edts\u00e1k. A furatm\u00e9retekt\u0151l a r\u00f6gz\u00edt\u00e9si lehet\u0151s\u00e9gekig az \u00fcgyfelek kiv\u00e1laszthatj\u00e1k az ig\u00e9nyeiknek legink\u00e1bb megfelel\u0151 specifik\u00e1ci\u00f3kat. Ez a testreszab\u00e1si lehet\u0151s\u00e9g biztos\u00edtja, hogy a hengerek z\u00f6kken\u0151mentesen integr\u00e1l\u00f3djanak a megl\u00e9v\u0151 rendszerekbe, \u00e9s optim\u00e1lis teljes\u00edtm\u00e9nyt ny\u00fajtsanak.<\/p>\n<p>Az \u00e1ll\u00edthat\u00f3 kengyeles hengerek sz\u00e1mos el\u0151nnyel rendelkeznek a sokoldal\u00fas\u00e1g, a teherb\u00edr\u00e1s, a pontoss\u00e1g, a tart\u00f3ss\u00e1g, az er\u0151\u00e1tvitel \u00e9s a testreszab\u00e1si lehet\u0151s\u00e9gek tekintet\u00e9ben. Ezek a hengerek megb\u00edzhat\u00f3 \u00e9s hat\u00e9kony v\u00e1laszt\u00e1st jelentenek a k\u00fcl\u00f6nf\u00e9le ipar\u00e1gakban alkalmazhat\u00f3 alkalmaz\u00e1sokhoz. Az\u00e1ltal, hogy az \u00e1ll\u00edthat\u00f3 kengyeles hengereket be\u00e9p\u00edtik hidraulikus rendszereikbe, a v\u00e1llalkoz\u00e1sok n\u00f6velhetik a termel\u00e9kenys\u00e9get, optimaliz\u00e1lhatj\u00e1k a teljes\u00edtm\u00e9nyt \u00e9s nagyobb m\u0171k\u00f6d\u00e9si hat\u00e9konys\u00e1got \u00e9rhetnek el.<\/p>\n<p><img decoding=\"async\" src=\"https:\/\/fmp-components.com\/wp-content\/uploads\/2024\/12\/Adjustable-Clevis-Type-Cylinders5.webp\" alt=\"\u00c1ll\u00edthat\u00f3 kengyeles henger\" width=\"800\" title=\"\"><\/p>\n<h2>\u00c1ll\u00edthat\u00f3 kengyeles hengerek alkalmaz\u00e1sa<\/h2>\n<p>Az \u00e1ll\u00edthat\u00f3 kengyeles hengerek, mint p\u00e9ld\u00e1ul a gy\u00e1rilag testreszabott kett\u0151s hat\u00e1s\u00fa p\u00f3tkocsi hidraulikus hengerek, sokoldal\u00fa \u00e9s sz\u00e9les k\u00f6rben haszn\u00e1lt alkatr\u00e9szek a k\u00fcl\u00f6nb\u00f6z\u0151 ipar\u00e1gakban. Ezek a hengerek egyedi kialak\u00edt\u00e1suknak \u00e9s funkcionalit\u00e1suknak k\u00f6sz\u00f6nhet\u0151en sz\u00e1mos alkalmaz\u00e1sban kulcsszerepet j\u00e1tszanak. Ebben a blogbejegyz\u00e9sben az \u00e1ll\u00edthat\u00f3 kengyeles hengerek k\u00fcl\u00f6nb\u00f6z\u0151 alkalmaz\u00e1sait vizsg\u00e1ljuk meg, \u00e9s r\u00e9szletesen ismertetj\u00fck azok el\u0151nyeit \u00e9s haszn\u00e1t.<\/p>\n<p>1. \u00c9p\u00edt\u0151ipar:<br \/>\nAz \u00e1ll\u00edthat\u00f3 kengyeles hengerek sz\u00e9les k\u00f6rben haszn\u00e1latosak az \u00e9p\u00edt\u0151iparban, ahol k\u00fcl\u00f6nf\u00e9le neh\u00e9zg\u00e9pekben \u00e9s berendez\u00e9sekben alkalmazz\u00e1k \u0151ket. Ezek a hengerek prec\u00edz vez\u00e9rl\u00e9st \u00e9s stabilit\u00e1st biztos\u00edtanak, \u00edgy ide\u00e1lisak olyan alkalmaz\u00e1sokhoz, mint a neh\u00e9z terhek emel\u00e9se, tol\u00e1sa \u00e9s h\u00faz\u00e1sa. A kett\u0151s hat\u00e1s\u00fa funkci\u00f3 hat\u00e9kony m\u0171k\u00f6d\u00e9st biztos\u00edt, ami lehet\u0151v\u00e9 teszi a nagyobb termel\u00e9kenys\u00e9get \u00e9s a fokozott biztons\u00e1got az \u00e9p\u00edtkez\u00e9seken.<\/p>\n<p>2. Mez\u0151gazdas\u00e1gi g\u00e9pek:<br \/>\nA mez\u0151gazdas\u00e1gi szektorban az \u00e1ll\u00edthat\u00f3 kengyeles hengereket gyakran haszn\u00e1lj\u00e1k mez\u0151gazdas\u00e1gi g\u00e9pekben. Ezek a hengerek olyan feladatokban seg\u00edtenek, mint a sz\u00e1nt\u00e1s, talajm\u0171vel\u00e9s \u00e9s betakar\u00edt\u00e1s. A kengyel helyzet\u00e9nek \u00e1ll\u00edthat\u00f3s\u00e1g\u00e1nak k\u00f6sz\u00f6nhet\u0151en rugalmass\u00e1got \u00e9s alkalmazkod\u00f3k\u00e9pess\u00e9get biztos\u00edtanak a v\u00e1ltoz\u00f3 mez\u0151gazdas\u00e1gi ig\u00e9nyekhez. A gy\u00e1rilag testreszabott kett\u0151s hat\u00e1s\u00fa p\u00f3tkocsi hidraulikus henger lehet\u0151v\u00e9 teszi a mez\u0151gazdas\u00e1gi g\u00e9pek hat\u00e9kony m\u0171k\u00f6dtet\u00e9s\u00e9t, biztos\u00edtva az optim\u00e1lis teljes\u00edtm\u00e9nyt \u00e9s a megn\u00f6vekedett termel\u00e9kenys\u00e9get a sz\u00e1nt\u00f3f\u00f6ld\u00f6n.<\/p>\n<p>3. Anyagmozgat\u00f3 berendez\u00e9sek:<br \/>\nAz \u00e1ll\u00edthat\u00f3 kengyeles hengerek kulcsfontoss\u00e1g\u00fa szerepet j\u00e1tszanak az anyagmozgat\u00e1si alkalmaz\u00e1sokban, p\u00e9ld\u00e1ul a sz\u00e1ll\u00edt\u00f3szalag-rendszerekben \u00e9s az emel\u0151eszk\u00f6z\u00f6kben. Ezek a hengerek biztos\u00edtj\u00e1k a sz\u00fcks\u00e9ges er\u0151t \u00e9s vez\u00e9rl\u00e9st az anyagok z\u00f6kken\u0151mentes \u00e9s hat\u00e9kony mozgat\u00e1s\u00e1hoz rakt\u00e1rakban, gy\u00e1rakban \u00e9s eloszt\u00f3k\u00f6zpontokban. \u00c1ll\u00edthat\u00f3 kengyeles funkci\u00f3juk lehet\u0151v\u00e9 teszi a k\u00f6nny\u0171 telep\u00edt\u00e9st \u00e9s testreszab\u00e1st az adott anyagmozgat\u00e1si k\u00f6vetelm\u00e9nyeknek megfelel\u0151en.<\/p>\n<p>4. Aut\u00f3ipar:<br \/>\nAz aut\u00f3ipar sz\u00e9les k\u00f6rben alkalmaz \u00e1ll\u00edthat\u00f3 kengyeles hengereket k\u00fcl\u00f6nf\u00e9le alkalmaz\u00e1sokban. Ezeket a hengereket j\u00e1rm\u0171szerel\u0151 sorokon alkalmazz\u00e1k, biztos\u00edtva az alkatr\u00e9szek prec\u00edz mozg\u00e1s\u00e1t \u00e9s pozicion\u00e1l\u00e1s\u00e1t a gy\u00e1rt\u00e1si folyamat sor\u00e1n. A gy\u00e1rilag testreszabott kett\u0151s hat\u00e1s\u00fa p\u00f3tkocsi hidraulikus henger k\u00fcl\u00f6n\u00f6sen hasznos p\u00f3tkocsikban, mivel megb\u00edzhat\u00f3 emel\u00e9si \u00e9s s\u00fcllyeszt\u00e9si k\u00e9pess\u00e9geket biztos\u00edt neh\u00e9z terhek eset\u00e9n.<\/p>\n<p>5. Hullad\u00e9kgazd\u00e1lkod\u00e1s:<br \/>\nA hullad\u00e9kkezel\u0151 rendszerekben \u00e1ll\u00edthat\u00f3 kengyeles hengereket haszn\u00e1lnak a hullad\u00e9kpr\u00e9sel\u0151kben \u00e9s a hullad\u00e9kkezel\u0151 berendez\u00e9sekben. Ezek a hengerek seg\u00edtenek a hullad\u00e9k t\u00f6m\u00f6r\u00edt\u00e9s\u00e9ben \u00e9s t\u00f6m\u00f6r\u00edt\u00e9s\u00e9ben, maximaliz\u00e1lj\u00e1k a t\u00e1rol\u00f3helyet \u00e9s el\u0151seg\u00edtik a hat\u00e9kony hullad\u00e9kkezel\u00e9st. Az \u00e1ll\u00edthat\u00f3 kengyeles funkci\u00f3 lehet\u0151v\u00e9 teszi a k\u00f6nny\u0171 integr\u00e1ci\u00f3t k\u00fcl\u00f6nb\u00f6z\u0151 hullad\u00e9kkezel\u0151 berendez\u00e9sekbe, megb\u00edzhat\u00f3 \u00e9s hat\u00e9kony m\u0171k\u00f6d\u00e9st biztos\u00edtva.<\/p>\n<p>\u00d6sszefoglalva, az \u00e1ll\u00edthat\u00f3 kengyeles hengerek, bele\u00e9rtve a gy\u00e1rilag testreszabott kett\u0151s hat\u00e1s\u00fa p\u00f3tkocsi hidraulikus hengert is, sz\u00e9les k\u00f6rben alkalmazhat\u00f3k a k\u00fcl\u00f6nb\u00f6z\u0151 ipar\u00e1gakban. Sokoldal\u00fas\u00e1guk, pontoss\u00e1guk \u00e9s alkalmazkod\u00f3k\u00e9pess\u00e9g\u00fck n\u00e9lk\u00fcl\u00f6zhetetlen alkot\u00f3elemm\u00e9 teszi \u0151ket sz\u00e1mos \u00e1gazatban, bele\u00e9rtve az \u00e9p\u00edt\u0151ipart, a mez\u0151gazdas\u00e1got, az anyagmozgat\u00e1st, az aut\u00f3ipart \u00e9s a hullad\u00e9kgazd\u00e1lkod\u00e1st. A kiv\u00e1l\u00f3 szab\u00e1lyozhat\u00f3s\u00e1g \u00e9s hat\u00e9konys\u00e1g biztos\u00edt\u00e1s\u00e1val ezek a hengerek hozz\u00e1j\u00e1rulnak a termel\u00e9kenys\u00e9g n\u00f6vel\u00e9s\u00e9hez, a biztons\u00e1g fokoz\u00e1s\u00e1hoz \u00e9s az \u00e1ltal\u00e1nos teljes\u00edtm\u00e9ny jav\u00edt\u00e1s\u00e1hoz a k\u00fcl\u00f6nf\u00e9le ipari alkalmaz\u00e1sokban.<img decoding=\"async\" src=\"https:\/\/fmp-components.com\/wp-content\/uploads\/2024\/12\/Application-of-Adjustable-Clevis-Type-Cylinders.webp\" alt=\"\u00c1ll\u00edthat\u00f3 kengyeles henger\" width=\"800\" title=\"\"><\/p>\n<h3>Az FMP hidraulikus hengerr\u0151l<\/h3>\n<p>Az FMP egy olyan v\u00e1llalat, amely kiv\u00e1l\u00f3 min\u0151s\u00e9g\u0171 \u00e9p\u00edt\u0151ipari g\u00e9palkatr\u00e9szek \u00e9s komplett g\u00e9pek sz\u00e1ll\u00edt\u00e1s\u00e1ra specializ\u00e1l\u00f3dott. B\u00fcszk\u00e9k vagyunk arra, hogy sz\u00e9les term\u00e9kv\u00e1laszt\u00e9kot k\u00edn\u00e1lunk, bele\u00e9rtve a hidraulikus hengereket is, amelyeket \u00fcgyfeleink ig\u00e9nyeinek kiel\u00e9g\u00edt\u00e9s\u00e9re tervezt\u00fcnk. Sok \u00e9ves ipar\u00e1gi tapasztalattal \u00e9s professzion\u00e1lis csapattal b\u00edzunk benne, hogy a legjobb term\u00e9keket \u00e9s szolg\u00e1ltat\u00e1sokat tudjuk ny\u00fajtani \u00d6nnek.<\/p>\n<p>\u00cdme n\u00e9h\u00e1ny ok, ami\u00e9rt \u00e9rdemes az FMP hidraulikus hengert v\u00e1lasztania:<\/p>\n<ol>\n<li><strong>Kiv\u00e1l\u00f3 min\u0151s\u00e9g\u0171 anyagok:<\/strong> Hidraulikus hengereink gy\u00e1rt\u00e1s\u00e1hoz kiv\u00e1l\u00f3 min\u0151s\u00e9g\u0171 anyagokat haszn\u00e1lunk, \u00edgy biztos\u00edtva azok tart\u00f3ss\u00e1g\u00e1t \u00e9s hossz\u00fa \u00e9lettartam\u00e1t.<\/li>\n<li><strong>Testreszabhat\u00f3 megold\u00e1sok:<\/strong> Testreszabott megold\u00e1sokat k\u00edn\u00e1lunk \u00fcgyfeleink egyedi ig\u00e9nyeinek kiel\u00e9g\u00edt\u00e9s\u00e9re. Hidraulikus hengereink k\u00fcl\u00f6nf\u00e9le m\u00e9retekben \u00e9s konfigur\u00e1ci\u00f3kban kaphat\u00f3k.<\/li>\n<li><strong>Szak\u00e9rt\u0151i konzult\u00e1ci\u00f3:<\/strong> Tapasztalt \u00e9rt\u00e9kes\u00edt\u00e9si csapatunk mindig k\u00e9szen \u00e1ll, hogy professzion\u00e1lis tan\u00e1csad\u00e1ssal \u00e9s okos v\u00e1s\u00e1rl\u00e1si javaslatokkal szolg\u00e1ljon. Meg\u00e9rtj\u00fck az \u00e9p\u00edt\u0151ipari g\u00e9pipar fejl\u0151d\u00e9si trendjeit \u00e9s \u00fcgyf\u00e9lig\u00e9nyeit, \u00e9s seg\u00edthet\u00fcnk \u00d6nnek megalapozott d\u00f6nt\u00e9seket hozni.<\/li>\n<li><strong>Hat\u00e9kony logisztika:<\/strong> Hat\u00e9kony logisztikai eloszt\u00e1si rendszerrel rendelkez\u00fcnk, amely biztos\u00edtja, hogy a sz\u00fcks\u00e9ges alkatr\u00e9szeket id\u0151ben \u00e9s pontosan megkapja.<\/li>\n<li><strong>Sz\u00e9les term\u00e9kv\u00e1laszt\u00e9k:<\/strong> A hidraulikus hengerek mellett sz\u00e1mos \u00e9p\u00edt\u0151ipari g\u00e9palkatr\u00e9szt is k\u00edn\u00e1lunk, p\u00e9ld\u00e1ul mez\u0151gazdas\u00e1gi g\u00e9pek sebess\u00e9gv\u00e1lt\u00f3it, bolyg\u00f3kerekes sebess\u00e9gv\u00e1lt\u00f3kat \u00e9s ipari sebess\u00e9gv\u00e1lt\u00f3kat, valamint a hozz\u00e1juk ill\u0151 cs\u00facskateg\u00f3ri\u00e1s tartoz\u00e9kokat.<\/li>\n<\/ol>\n<p>Az FMP-n\u00e9l elk\u00f6telezettek vagyunk amellett, hogy \u00fcgyfeleinknek a legjobb term\u00e9keket \u00e9s szolg\u00e1ltat\u00e1sokat ny\u00fajtsuk. Hidraulikus hengereinket a legmagasabb min\u0151s\u00e9gi szabv\u00e1nyoknak megfelel\u0151en tervezz\u00fck, \u00e9s b\u00fcszk\u00e9k vagyunk arra, hogy minden \u00e1ltalunk sz\u00e1ll\u00edtott alkatr\u00e9sz szigor\u00fa min\u0151s\u00e9gi el\u0151\u00edr\u00e1soknak felel meg. Hissz\u00fck, hogy szak\u00e9rtelm\u00fcnk \u00e9s a min\u0151s\u00e9g ir\u00e1nti elk\u00f6telezetts\u00e9g\u00fcnk ide\u00e1lis partnerr\u00e9 tesz minket \u00e9p\u00edt\u0151ipari g\u00e9pekkel kapcsolatos ig\u00e9nyeihez.<\/p>\n<p><img decoding=\"async\" src=\"https:\/\/fmp-components.com\/wp-content\/uploads\/2024\/12\/Adjustable-Clevis-Type-Cylinders-6.webp\" alt=\"\u00c1ll\u00edthat\u00f3 kengyeles henger\" width=\"830\" title=\"\"><\/p>\n<h2>GYIK<\/h2>\n<p><strong>K: Milyen testreszab\u00e1si lehet\u0151s\u00e9gek vannak a gy\u00e1rilag testreszabott kett\u0151s hat\u00e1s\u00fa p\u00f3tkocsi hidraulikus hengerhez?<\/strong><br \/>\nV: Testreszab\u00e1st k\u00edn\u00e1lunk a furatm\u00e9ret, a r\u00fadm\u00e9ret \u00e9s a l\u00f6ketm\u00e9ret tekintet\u00e9ben, \u00edgy a term\u00e9ket az \u00d6n egyedi ig\u00e9nyeihez igaz\u00edtjuk.<\/p>\n<p><strong>K: Alkalmas a hidraulikus henger nagy ig\u00e9nybev\u00e9tel\u0171 alkalmaz\u00e1sokhoz?<\/strong><br \/>\nV: Igen, a hengert szigor\u00fa haszn\u00e1latra \u00e9s ig\u00e9nyes alkalmaz\u00e1sokra tervezt\u00e9k, maxim\u00e1lis tol\u00f3ereje 3000 \u00e9s h\u00faz\u00f3ereje 20 tonna.<\/p>\n<p><strong>K: Hogyan kell karbantartani a hidraulikus hengert?<\/strong><br \/>\nV: Term\u00e9keinkhez \u00e1tfog\u00f3 telep\u00edt\u00e9si \u00e9s karbantart\u00e1si \u00fatmutat\u00e1st ny\u00fajtunk, biztos\u00edtva azok hossz\u00fa \u00e9lettartam\u00e1t \u00e9s optim\u00e1lis teljes\u00edtm\u00e9ny\u00e9t.<\/p>\n<p>Szerz\u0151: CX<\/p>","protected":false},"excerpt":{"rendered":"<p>Factory Customized Double Effect Trailer Hydraulic Cylinder is a high-quality hydraulic cylinder designed for trailers. This product features a double-acting design that allows it to extend and retract with ease, making it ideal for use in a variety of applications. One of the standout features of this hydraulic cylinder is its customizability. The factory offers [&hellip;]<\/p>","protected":false},"featured_media":1336,"comment_status":"closed","ping_status":"closed","template":"","meta":{"_et_pb_use_builder":"","_et_pb_old_content":"","_et_gb_content_width":""},"product_brand":[],"product_cat":[39],"product_tag":[41,34],"class_list":{"0":"post-1368","1":"product","2":"type-product","3":"status-publish","4":"has-post-thumbnail","6":"product_cat-adjustable-clevis-type-cylinders","7":"product_tag-adjustable-clevis-type-cylinders","8":"product_tag-hydraulic-cylinder","10":"first","11":"instock","12":"product-type-simple"},"_links":{"self":[{"href":"https:\/\/fmp-components.com\/hu\/wp-json\/wp\/v2\/product\/1368","targetHints":{"allow":["GET"]}}],"collection":[{"href":"https:\/\/fmp-components.com\/hu\/wp-json\/wp\/v2\/product"}],"about":[{"href":"https:\/\/fmp-components.com\/hu\/wp-json\/wp\/v2\/types\/product"}],"replies":[{"embeddable":true,"href":"https:\/\/fmp-components.com\/hu\/wp-json\/wp\/v2\/comments?post=1368"}],"wp:featuredmedia":[{"embeddable":true,"href":"https:\/\/fmp-components.com\/hu\/wp-json\/wp\/v2\/media\/1336"}],"wp:attachment":[{"href":"https:\/\/fmp-components.com\/hu\/wp-json\/wp\/v2\/media?parent=1368"}],"wp:term":[{"taxonomy":"product_brand","embeddable":true,"href":"https:\/\/fmp-components.com\/hu\/wp-json\/wp\/v2\/product_brand?post=1368"},{"taxonomy":"product_cat","embeddable":true,"href":"https:\/\/fmp-components.com\/hu\/wp-json\/wp\/v2\/product_cat?post=1368"},{"taxonomy":"product_tag","embeddable":true,"href":"https:\/\/fmp-components.com\/hu\/wp-json\/wp\/v2\/product_tag?post=1368"}],"curies":[{"name":"munkaf\u00fczet","href":"https:\/\/api.w.org\/{rel}","templated":true}]}}