{"id":1364,"date":"2024-12-23T02:18:57","date_gmt":"2024-12-23T02:18:57","guid":{"rendered":"https:\/\/fmp-components.com\/product\/hot-sale-adjustable-hydraulic-cylinder-for-agriculture-trailer\/"},"modified":"2024-12-23T03:02:39","modified_gmt":"2024-12-23T03:02:39","slug":"hot-sale-adjustable-hydraulic-cylinder-for-agriculture-trailer","status":"publish","type":"product","link":"https:\/\/fmp-components.com\/hu\/product\/hot-sale-adjustable-hydraulic-cylinder-for-agriculture-trailer\/","title":{"rendered":"Forr\u00f3 elad\u00f3 \u00e1ll\u00edthat\u00f3 hidraulikus henger mez\u0151gazdas\u00e1gi p\u00f3tkocsihoz"},"content":{"rendered":"<p>A mez\u0151gazdas\u00e1gi p\u00f3tkocsikhoz val\u00f3, nagy teljes\u00edtm\u00e9ny\u0171, \u00e1ll\u00edthat\u00f3 hidraulikus henger egy nagy teljes\u00edtm\u00e9ny\u0171 \u00e9s sokoldal\u00fa term\u00e9k, amelyet a gazd\u00e1lkod\u00f3k \u00e9s m\u00e1s mez\u0151gazdas\u00e1gi szakemberek ig\u00e9nyeinek kiel\u00e9g\u00edt\u00e9s\u00e9re terveztek. Ez a kiv\u00e1l\u00f3 min\u0151s\u00e9g\u0171 hidraulikus henger \u00e1ll\u00edthat\u00f3, \u00edgy sz\u00e1mos k\u00fcl\u00f6nb\u00f6z\u0151 p\u00f3tkocsival \u00e9s eszk\u00f6zzel haszn\u00e1lhat\u00f3. Tart\u00f3s konstrukci\u00f3j\u00e1nak \u00e9s fejlett funkci\u00f3inak k\u00f6sz\u00f6nhet\u0151en t\u00f6k\u00e9letes a k\u00fcl\u00f6nf\u00e9le alkalmaz\u00e1sokhoz, a sz\u00e1nt\u00e1st\u00f3l a n\u00f6v\u00e9nyek sz\u00e1ll\u00edt\u00e1s\u00e1ig.<\/p>\n<p>A term\u00e9k egyik legfontosabb el\u0151nye, hogy k\u00fcl\u00f6nb\u00f6z\u0151 p\u00f3tkocsim\u00e9retekhez \u00e9s -s\u00falyokhoz igaz\u00edthat\u00f3. Ez ide\u00e1liss\u00e1 teszi azoknak a gazd\u00e1lkod\u00f3knak, akiknek olyan hengerre van sz\u00fcks\u00e9g\u00fck, amely sz\u00e1mos k\u00fcl\u00f6nb\u00f6z\u0151 feladatot \u00e9s alkalmaz\u00e1st k\u00e9pes kezelni. Ezenk\u00edv\u00fcl a mez\u0151gazdas\u00e1gi p\u00f3tkocsikhoz val\u00f3, nagy elad\u00e1s\u00fa, \u00e1ll\u00edthat\u00f3 hidraulikus henger k\u00f6nnyen telep\u00edthet\u0151 \u00e9s haszn\u00e1lhat\u00f3, intuit\u00edv kezel\u0151szervekkel \u00e9s vil\u00e1gos utas\u00edt\u00e1sokkal, amelyek m\u00e9g a kezd\u0151 felhaszn\u00e1l\u00f3k sz\u00e1m\u00e1ra is egyszer\u0171v\u00e9 teszik a kezel\u00e9s\u00e9t.<\/p>\n<p><img loading=\"lazy\" decoding=\"async\" class=\"alignnone size-full wp-image-1334\" src=\"https:\/\/fmp-components.com\/wp-content\/uploads\/2024\/12\/Adjustable-Clevis-Type-Cylinders-4.webp\" alt=\"\u00c1ll\u00edthat\u00f3 vill\u00e1s hengerek\" width=\"800\" height=\"800\" title=\"\" srcset=\"https:\/\/fmp-components.com\/wp-content\/uploads\/2024\/12\/Adjustable-Clevis-Type-Cylinders-4.webp 800w, https:\/\/fmp-components.com\/wp-content\/uploads\/2024\/12\/Adjustable-Clevis-Type-Cylinders-4-480x480.webp 480w\" sizes=\"(min-width: 0px) and (max-width: 480px) 480px, (min-width: 481px) 800px, 100vw\" \/><\/p>\n<p>&nbsp;<\/p>\n<table style=\"width: 100%;\" border=\"1\" width=\"100%\" cellspacing=\"0\" cellpadding=\"0\">\n<tbody>\n<tr>\n<th>Term\u00e9k neve<\/th>\n<td>\u00c1ll\u00edthat\u00f3 hidraulikus henger mez\u0151gazdas\u00e1gi p\u00f3tkocsikhoz<\/td>\n<\/tr>\n<tr>\n<th>\u00c9rt\u00e9kes\u00edt\u00e9si \u00e1llapot<\/th>\n<td>Forr\u00f3 akci\u00f3<\/td>\n<\/tr>\n<tr>\n<th>Garancia<\/th>\n<td>1 \u00e9v<\/td>\n<\/tr>\n<tr>\n<th>Alkalmazhat\u00f3 ipar\u00e1gak<\/th>\n<td>G\u00e9pjav\u00edt\u00f3 m\u0171helyek, Mez\u0151gazdas\u00e1g, Energia \u00e9s b\u00e1ny\u00e1szat, G\u00e9pgy\u00e1rt\u00e1s<\/td>\n<\/tr>\n<tr>\n<th>Hatalom<\/th>\n<td>Hidraulikus<\/td>\n<\/tr>\n<tr>\n<th>Szerkezet<\/th>\n<td>Standard<\/td>\n<\/tr>\n<tr>\n<th>Test anyaga<\/th>\n<td>Massz\u00edv ac\u00e9l<\/td>\n<\/tr>\n<tr>\n<th>Max. tol\u00f3er\u0151<\/th>\n<td>3000<\/td>\n<\/tr>\n<tr>\n<th>T\u00edpus<\/th>\n<td>\u00c1ll\u00edthat\u00f3 vill\u00e1s t\u00edpus<\/td>\n<\/tr>\n<tr>\n<th>Tan\u00fas\u00edtv\u00e1ny<\/th>\n<td>ISO9001:2000<\/td>\n<\/tr>\n<tr>\n<th>Furatm\u00e9ret<\/th>\n<td>2\u20136 h\u00fcvelyk<\/td>\n<\/tr>\n<tr>\n<th>R\u00fad m\u00e9rete<\/th>\n<td>1,125 \u2013 4 h\u00fcvelyk<\/td>\n<\/tr>\n<tr>\n<th>Ecsetvon\u00e1s m\u00e9rete<\/th>\n<td>4\u2013100 h\u00fcvelyk<\/td>\n<\/tr>\n<tr>\n<th>Cs\u00edp\u0151m\u00e9ret<\/th>\n<td>0,5 \u2013 2 h\u00fcvelyk<\/td>\n<\/tr>\n<tr>\n<th>Sz\u00edn<\/th>\n<td>Fekete<\/td>\n<\/tr>\n<tr>\n<th>Csomagol\u00e1si r\u00e9szletek<\/th>\n<td>Vastok, r\u00e9tegelt lemez tok vagy kartondoboz<\/td>\n<\/tr>\n<\/tbody>\n<\/table>\n<h2>Az \u00e1ll\u00edthat\u00f3 kengyeles hengerek el\u0151nyei<\/h2>\n<p>Az \u00e1ll\u00edthat\u00f3 kengyeles hengerek n\u00e9pszer\u0171 v\u00e1laszt\u00e1snak sz\u00e1m\u00edtanak a hidraulikus hengerek ipar\u00e1g\u00e1ban a teljes\u00edtm\u00e9ny \u00e9s a sokoldal\u00fas\u00e1g ter\u00e9n mutatkoz\u00f3 sz\u00e1mos el\u0151ny\u00fck miatt. \u00cdme az \u00e1ll\u00edthat\u00f3 kengyeles hengerek haszn\u00e1lat\u00e1nak n\u00e9h\u00e1ny f\u0151 el\u0151nye:<\/p>\n<h3>1. Sokoldal\u00fas\u00e1g<\/h3>\n<p>Az \u00e1ll\u00edthat\u00f3 kengyeles hengerek egyik legfontosabb el\u0151nye a sokoldal\u00fas\u00e1guk. Ezek a hengerek sz\u00e9les k\u00f6rben alkalmazhat\u00f3k, bele\u00e9rtve a mez\u0151gazdas\u00e1got, az \u00e9p\u00edt\u0151ipart, a b\u00e1ny\u00e1szatot \u00e9s a gy\u00e1rt\u00e1st. Alkalmasak nagy ig\u00e9nybev\u00e9telt jelent\u0151 alkalmaz\u00e1sokhoz, amelyek nagyfok\u00fa tart\u00f3ss\u00e1got, szil\u00e1rds\u00e1got \u00e9s pontoss\u00e1got ig\u00e9nyelnek.<\/p>\n<p>A mez\u0151gazdas\u00e1gban az \u00e1ll\u00edthat\u00f3 kengyeles hengerek k\u00fcl\u00f6n\u00f6sen hasznosak a neh\u00e9z rakom\u00e1nyok sz\u00e1ll\u00edt\u00e1s\u00e1ra haszn\u00e1lt p\u00f3tkocsikn\u00e1l. A mez\u0151gazdas\u00e1gi p\u00f3tkocsikhoz k\u00e9sz\u00fclt, nagykereskedelmi \u00e1ll\u00edthat\u00f3 hidraulikus henger kiv\u00e1l\u00f3 p\u00e9lda arra, hogyan lehet ezeket a hengereket a mez\u0151gazdas\u00e1gi g\u00e9pek teljes\u00edtm\u00e9ny\u00e9nek jav\u00edt\u00e1s\u00e1ra haszn\u00e1lni.<\/p>\n<h3>2. Testreszab\u00e1s<\/h3>\n<p>Az \u00e1ll\u00edthat\u00f3 kengyeles hengerek tov\u00e1bbi el\u0151nye a testreszab\u00e1si lehet\u0151s\u00e9gek. Ezek a hengerek testreszabhat\u00f3k a m\u00e9ret, a nyom\u00e1s \u00e9s a l\u00f6kethossz tekintet\u00e9ben felmer\u00fcl\u0151 speci\u00e1lis k\u00f6vetelm\u00e9nyeknek megfelel\u0151en. Ez ide\u00e1liss\u00e1 teszi \u0151ket olyan alkalmaz\u00e1sokhoz, ahol egy standard henger nem felt\u00e9tlen\u00fcl megfelel\u0151.<\/p>\n<h3>3. Nagy teljes\u00edtm\u00e9ny<\/h3>\n<p>Az \u00e1ll\u00edthat\u00f3 kengyeles hengerek nagy teljes\u00edtm\u00e9nyt ny\u00fajtanak a sebess\u00e9g, a pontoss\u00e1g \u00e9s a teljes\u00edtm\u00e9ny tekintet\u00e9ben. M\u00e9g zord k\u00f6r\u00fclm\u00e9nyek k\u00f6z\u00f6tt is k\u00e9pesek konzisztens, megb\u00edzhat\u00f3 teljes\u00edtm\u00e9nyt ny\u00fajtani, \u00edgy ide\u00e1lisak nagy ig\u00e9nybev\u00e9tel\u0171 alkalmaz\u00e1sokhoz.<\/p>\n<h3>4. Tart\u00f3ss\u00e1g<\/h3>\n<p>Az \u00e1ll\u00edthat\u00f3 kengyeles hengerek tart\u00f3sak. Kiv\u00e1l\u00f3 min\u0151s\u00e9g\u0171 anyagokb\u00f3l k\u00e9sz\u00fclnek, \u00e9s \u00fagy tervezt\u00e9k \u0151ket, hogy ellen\u00e1lljanak a sz\u00e9ls\u0151s\u00e9ges h\u0151m\u00e9rs\u00e9kleteknek, nyom\u00e1snak, valamint kop\u00e1snak. Megfelel\u0151 karbantart\u00e1s mellett ezek a hengerek \u00e9vekig kitarthatnak, \u00edgy k\u00f6lts\u00e9ghat\u00e9kony megold\u00e1st jelentenek.<\/p>\n<h3>5. Alacsony karbantart\u00e1si ig\u00e9ny<\/h3>\n<p>Az \u00e1ll\u00edthat\u00f3 kengyeles hengerek minim\u00e1lis karbantart\u00e1st ig\u00e9nyelnek, ami vonz\u00f3 v\u00e1laszt\u00e1ss\u00e1 teszi \u0151ket azoknak a v\u00e1llalkoz\u00e1soknak, amelyek cs\u00f6kkenteni szeretn\u00e9k az \u00e1ll\u00e1sid\u0151t \u00e9s az \u00fczemeltet\u00e9si k\u00f6lts\u00e9geket. Rendszeres ellen\u0151rz\u00e9sekkel \u00e9s alapvet\u0151 karbantart\u00e1ssal ezek a hengerek hosszabb ideig cs\u00facsteljes\u00edtm\u00e9nyen m\u0171k\u00f6dhetnek.<\/p>\n<p>\u00d6sszefoglalva, az \u00e1ll\u00edthat\u00f3 kengyeles hengerek sz\u00e1mos el\u0151nnyel rendelkeznek a teljes\u00edtm\u00e9ny, a sokoldal\u00fas\u00e1g, a testreszab\u00e1si lehet\u0151s\u00e9gek, a tart\u00f3ss\u00e1g \u00e9s az alacsony karbantart\u00e1si ig\u00e9ny tekintet\u00e9ben. A mez\u0151gazdas\u00e1gi p\u00f3tkocsikhoz val\u00f3, nagy elad\u00e1s\u00fa, \u00e1ll\u00edthat\u00f3 hidraulikus hengerrel ezek a hengerek felhaszn\u00e1lhat\u00f3k a mez\u0151gazdas\u00e1gi g\u00e9pek teljes\u00edtm\u00e9ny\u00e9nek fokoz\u00e1s\u00e1ra \u00e9s a mez\u0151gazdas\u00e1gi \u00e1gazat termel\u00e9kenys\u00e9g\u00e9nek jav\u00edt\u00e1s\u00e1ra.<img decoding=\"async\" src=\"https:\/\/fmp-components.com\/wp-content\/uploads\/2024\/12\/Adjustable-Clevis-Type-Cylinders5.webp\" alt=\"\u00c1ll\u00edthat\u00f3 kengyeles henger\" width=\"800\" title=\"\"><\/p>\n<h2>\u00c1ll\u00edthat\u00f3 kengyeles hengerek alkalmaz\u00e1sa<\/h2>\n<p>Az \u00e1ll\u00edthat\u00f3 kengyeles hengerek, mint p\u00e9ld\u00e1ul a mez\u0151gazdas\u00e1gi p\u00f3tkocsikhoz k\u00e9sz\u00fclt, nagykereskedelmi \u00e1ll\u00edthat\u00f3 hidraulikus hengerek, sz\u00e9les k\u00f6rben alkalmazhat\u00f3k k\u00fcl\u00f6nb\u00f6z\u0151 ipar\u00e1gakban. Ezek a sokoldal\u00fa hengerek egyedi tulajdons\u00e1gokkal \u00e9s el\u0151ny\u00f6kkel rendelkeznek, amelyek sz\u00e1mos hidraulikus rendszer n\u00e9lk\u00fcl\u00f6zhetetlen alkot\u00f3elem\u00e9v\u00e9 teszik \u0151ket.<\/p>\n<h3>1. Prec\u00edzi\u00f3s vez\u00e9rl\u00e9s<\/h3>\n<p>Az \u00e1ll\u00edthat\u00f3 kengyeles hengerek egyik legfontosabb el\u0151nye, hogy prec\u00edzen szab\u00e1lyozhatj\u00e1k a rakom\u00e1nyok mozg\u00e1s\u00e1t \u00e9s pozicion\u00e1l\u00e1s\u00e1t. Ez kulcsfontoss\u00e1g\u00fa azokban az alkalmaz\u00e1sokban, ahol prec\u00edz mozg\u00e1sokra van sz\u00fcks\u00e9g, p\u00e9ld\u00e1ul mez\u0151gazdas\u00e1gi p\u00f3tkocsikn\u00e1l. Az \u00e1ll\u00edthat\u00f3 kialak\u00edt\u00e1s lehet\u0151v\u00e9 teszi a felhaszn\u00e1l\u00f3k sz\u00e1m\u00e1ra a henger l\u00f6kethossz\u00e1nak finomhangol\u00e1s\u00e1t, ami nagyobb szab\u00e1lyozhat\u00f3s\u00e1got \u00e9s pontoss\u00e1got biztos\u00edt.<\/p>\n<h3>2. Fokozott rugalmass\u00e1g<\/h3>\n<p>Az \u00e1ll\u00edthat\u00f3 kengyeles hengerek k\u00f6nnyen \u00e1ll\u00edthat\u00f3ak, \u00edgy rendk\u00edv\u00fcl rugalmasak \u00e9s alkalmazkodnak a k\u00fcl\u00f6nb\u00f6z\u0151 \u00fczemi k\u00f6r\u00fclm\u00e9nyekhez. Ez a rugalmass\u00e1g lehet\u0151v\u00e9 teszi a henger hossz\u00e1nak gyors \u00e9s egyszer\u0171 m\u00f3dos\u00edt\u00e1s\u00e1t, k\u00f6lts\u00e9ghat\u00e9kony megold\u00e1st k\u00edn\u00e1lva k\u00fcl\u00f6nf\u00e9le alkalmaz\u00e1sokhoz. Ak\u00e1r k\u00fcl\u00f6nb\u00f6z\u0151 rakom\u00e1nym\u00e9retek befogad\u00e1s\u00e1ra, ak\u00e1r a v\u00e1ltoz\u00f3 \u00fczemi k\u00f6vetelm\u00e9nyekhez val\u00f3 alkalmazkod\u00e1sra van sz\u00fcks\u00e9g, ezek a hengerek a sz\u00fcks\u00e9ges rugalmass\u00e1got biztos\u00edtj\u00e1k.<\/p>\n<h3>3. Megn\u00f6velt hat\u00e9konys\u00e1g<\/h3>\n<p>Az \u00e1ll\u00edthat\u00f3 kengyeles hengerek haszn\u00e1lat\u00e1val a felhaszn\u00e1l\u00f3k optimaliz\u00e1lhatj\u00e1k hidraulikus rendszereik hat\u00e9konys\u00e1g\u00e1t. A l\u00f6kethossz be\u00e1ll\u00edt\u00e1s\u00e1nak lehet\u0151s\u00e9ge jobb terhel\u00e9seloszt\u00e1st \u00e9s jobb rendszerteljes\u00edtm\u00e9nyt tesz lehet\u0151v\u00e9. Ez a megn\u00f6vekedett hat\u00e9konys\u00e1g alacsonyabb energiafogyaszt\u00e1shoz, alacsonyabb \u00fczemeltet\u00e9si k\u00f6lts\u00e9gekhez \u00e9s jobb termel\u00e9kenys\u00e9ghez vezet k\u00fcl\u00f6nf\u00e9le alkalmaz\u00e1sokban, bele\u00e9rtve a mez\u0151gazdas\u00e1gi p\u00f3tkocsikat is.<\/p>\n<h3>4. Tart\u00f3ss\u00e1g \u00e9s megb\u00edzhat\u00f3s\u00e1g<\/h3>\n<p>Az \u00e1ll\u00edthat\u00f3 kengyeles hengerek a neh\u00e9z munkak\u00f6r\u00fclm\u00e9nyek elvisel\u00e9s\u00e9re k\u00e9sz\u00fcltek. Kiv\u00e1l\u00f3 min\u0151s\u00e9g\u0171 anyagokb\u00f3l k\u00e9sz\u00fclnek, amelyek kiv\u00e1l\u00f3 tart\u00f3ss\u00e1got \u00e9s megb\u00edzhat\u00f3s\u00e1got biztos\u00edtanak, biztos\u00edtva a hossz\u00fa \u00e9lettartamukat m\u00e9g zord k\u00f6rnyezetben is. Ez ide\u00e1liss\u00e1 teszi \u0151ket nagy teherb\u00edr\u00e1s\u00fa alkalmaz\u00e1sokhoz, bele\u00e9rtve a folyamatos haszn\u00e1latnak \u00e9s kih\u00edv\u00e1st jelent\u0151 k\u00f6r\u00fclm\u00e9nyeknek kitett mez\u0151gazdas\u00e1gi p\u00f3tkocsikat is.<\/p>\n<h3>5. Biztons\u00e1gi funkci\u00f3k<\/h3>\n<p>A biztons\u00e1g rendk\u00edv\u00fcl fontos minden hidraulikus rendszerben. Az \u00e1ll\u00edthat\u00f3 kengyeles hengerek k\u00fcl\u00f6nf\u00e9le biztons\u00e1gi funkci\u00f3kkal vannak felszerelve, hogy biztos\u00edts\u00e1k mind a berendez\u00e9sek, mind a szem\u00e9lyzet v\u00e9delm\u00e9t. Ezek a hengerek gyakran tartalmaznak olyan funkci\u00f3kat, mint a be\u00e9p\u00edtett nyom\u00e1scs\u00f6kkent\u0151 szelepek, amelyek megakad\u00e1lyozz\u00e1k a t\u00falterhel\u00e9st \u00e9s a rendszer esetleges k\u00e1rosod\u00e1s\u00e1t. Ezenk\u00edv\u00fcl reteszel\u0151 mechanizmusokkal is felszerelhet\u0151k, amelyek a hengert egy adott helyzetben r\u00f6gz\u00edtik, tov\u00e1bb fokozva a biztons\u00e1got.<\/p>\n<p>\u00d6sszefoglalva, az \u00e1ll\u00edthat\u00f3 kengyeles hengerek, mint p\u00e9ld\u00e1ul a mez\u0151gazdas\u00e1gi p\u00f3tkocsikhoz k\u00e9sz\u00fclt, gyorsan elad\u00f3 \u00e1ll\u00edthat\u00f3 hidraulikus hengerek alkalmaz\u00e1sa sz\u00e1mos el\u0151nnyel j\u00e1r a prec\u00edzi\u00f3s vez\u00e9rl\u00e9s, a rugalmass\u00e1g, a hat\u00e9konys\u00e1g, a tart\u00f3ss\u00e1g \u00e9s a biztons\u00e1g tekintet\u00e9ben. Ezek a hengerek alapvet\u0151 megold\u00e1st k\u00edn\u00e1lnak sz\u00e1mos ipar\u00e1g sz\u00e1m\u00e1ra, bele\u00e9rtve a mez\u0151gazdas\u00e1got is, ahol a pontos mozg\u00e1svez\u00e9rl\u00e9s \u00e9s alkalmazkod\u00f3k\u00e9pess\u00e9g kulcsfontoss\u00e1g\u00fa. Ezen hengerek be\u00e9p\u00edt\u00e9se a hidraulikus rendszerekbe n\u00f6velheti a teljes\u00edtm\u00e9nyt, cs\u00f6kkentheti a k\u00f6lts\u00e9geket \u00e9s jav\u00edthatja az \u00e1ltal\u00e1nos termel\u00e9kenys\u00e9get.<\/p>\n<p><img decoding=\"async\" src=\"https:\/\/fmp-components.com\/wp-content\/uploads\/2024\/12\/Application-of-Adjustable-Clevis-Type-Cylinders.webp\" alt=\"\u00c1ll\u00edthat\u00f3 kengyeles henger\" width=\"800\" title=\"\"><\/p>\n<h3>Az FMP-r\u0151l<\/h3>\n<p>Az FMP egy hidraulikus hengerek gy\u00e1rt\u00e1s\u00e1ra \u00e9s \u00e9rt\u00e9kes\u00edt\u00e9s\u00e9re szakosodott v\u00e1llalat. Az \u00e9p\u00edt\u0151ipari g\u00e9pipar vezet\u0151 v\u00e1llalatak\u00e9nt elk\u00f6telezettek vagyunk amellett, hogy kiv\u00e1l\u00f3 min\u0151s\u00e9g\u0171 \u00e9s megb\u00edzhat\u00f3 hidraulikus henger megold\u00e1sokat ny\u00fajtsunk \u00fcgyfeleinknek.<\/p>\n<p><img decoding=\"async\" src=\"https:\/\/fmp-components.com\/wp-content\/uploads\/2024\/12\/Adjustable-Clevis-Type-Cylinders-6.webp\" alt=\"\u00c1ll\u00edthat\u00f3 kengyeles henger\" width=\"826\" title=\"\"><\/p>\n<p>\u00cdme hidraulikus hengereink \u00f6t f\u0151 el\u0151nye:<\/p>\n<ol>\n<li>Tart\u00f3s \u00e9s robusztus: Hidraulikus hengereinket \u00fagy tervezt\u00fck, hogy ellen\u00e1lljanak a neh\u00e9z alkalmaz\u00e1soknak \u00e9s a zord munkak\u00f6rnyezetnek. Kiv\u00e1l\u00f3 min\u0151s\u00e9g\u0171 anyagokb\u00f3l k\u00e9sz\u00fclnek, \u00e9s hossz\u00fa t\u00e1v\u00fa teljes\u00edtm\u00e9nyt biztos\u00edtanak.<\/li>\n<li>Prec\u00edzi\u00f3 \u00e9s hat\u00e9konys\u00e1g: Hidraulikus hengereinket a prec\u00edzi\u00f3 \u00e9s a hat\u00e9konys\u00e1g szem el\u0151tt tart\u00e1s\u00e1val tervezt\u00fck. Sima \u00e9s prec\u00edz mozg\u00e1st biztos\u00edtanak, lehet\u0151v\u00e9 t\u00e9ve az optim\u00e1lis vez\u00e9rl\u00e9st \u00e9s m\u0171k\u00f6d\u00e9st.<\/li>\n<li>Sz\u00e9lesk\u00f6r\u0171 opci\u00f3k: Sz\u00e9les v\u00e1laszt\u00e9kban k\u00edn\u00e1lunk hidraulikus hengereket a k\u00fcl\u00f6nb\u00f6z\u0151 ig\u00e9nyek kiel\u00e9g\u00edt\u00e9s\u00e9re. Az \u00e1ll\u00edthat\u00f3 kengyeles hengerekt\u0151l a kett\u0151s m\u0171k\u00f6d\u00e9s\u0171 teleszk\u00f3pos hengerekig, sz\u00e1mos alkalmaz\u00e1shoz k\u00edn\u00e1lunk megfelel\u0151 megold\u00e1st.<\/li>\n<li>Szigor\u00fa min\u0151s\u00e9gi szabv\u00e1nyok: Az FMP-n\u00e9l hossz\u00fa t\u00e1v\u00fa partners\u00e9geket alak\u00edtottunk ki j\u00f3 h\u00edr\u0171 besz\u00e1ll\u00edt\u00f3kkal annak biztos\u00edt\u00e1sa \u00e9rdek\u00e9ben, hogy minden hidraulikus henger\u00fcnk megfeleljen a szigor\u00fa min\u0151s\u00e9gi el\u0151\u00edr\u00e1soknak. A min\u0151s\u00e9g ir\u00e1nti elk\u00f6telezetts\u00e9g\u00fcnk garant\u00e1lja term\u00e9keink megb\u00edzhat\u00f3s\u00e1g\u00e1t \u00e9s teljes\u00edtm\u00e9ny\u00e9t.<\/li>\n<li>Szak\u00e9rt\u0151i tan\u00e1csad\u00e1s \u00e9s t\u00e1mogat\u00e1s: Tapasztalt \u00e9rt\u00e9kes\u00edt\u00e9si csapatunk j\u00e1rtas az \u00e9p\u00edt\u0151ipari g\u00e9piparban. Alapos ismeretekkel rendelkeznek a hidraulikus hengerek ter\u00e9n, \u00e9s professzion\u00e1lis tan\u00e1csad\u00e1st tudnak ny\u00fajtani, hogy seg\u00edtsenek kiv\u00e1lasztani az \u00d6n ig\u00e9nyeinek megfelel\u0151 term\u00e9ket.<\/li>\n<\/ol>\n<p>Az FMP-vel biztos lehet benne, hogy kiv\u00e1l\u00f3 min\u0151s\u00e9g\u0171 hidraulikus munkahengereket kap, amelyek kiv\u00e9teles teljes\u00edtm\u00e9nyt \u00e9s megb\u00edzhat\u00f3s\u00e1got ny\u00fajtanak. L\u00e9pjen kapcsolatba vel\u00fcnk m\u00e9g ma, hogy megbesz\u00e9lhess\u00fck hidraulikus munkahengerekkel kapcsolatos ig\u00e9nyeit, \u00e9s legy\u00fcnk megb\u00edzhat\u00f3 partnere az \u00e9p\u00edt\u0151ipari g\u00e9piparban.<\/p>\n<h2>GYIK<\/h2>\n<p><strong>K: Milyen t\u00edpus\u00fa hidraulikus hengereket k\u00edn\u00e1l az FMP?<\/strong><br \/>\nV: Az FMP k\u00fcl\u00f6nf\u00e9le t\u00edpus\u00fa hidraulikus hengereket k\u00edn\u00e1l, bele\u00e9rtve a rudas, hegesztett, teleszk\u00f3pos, egyszeres \u00e9s kett\u0151s m\u0171k\u00f6d\u00e9s\u0171 hengereket.<\/p>\n<p><img decoding=\"async\" src=\"https:\/\/img.jiansujichilun.com\/img\/hydrauliccylinders\/C_hydrauliccylinders-1.webp\" alt=\"hidraulikus henger\" width=\"800\" title=\"\"><\/p>\n<p><strong>K: Testreszabhat\u00f3k-e a hidraulikus hengerek az adott k\u00f6vetelm\u00e9nyeknek megfelel\u0151en?<\/strong><br \/>\nV: Igen, az FMP testreszab\u00e1si lehet\u0151s\u00e9geket k\u00edn\u00e1l, lehet\u0151v\u00e9 t\u00e9ve az \u00fcgyfelek sz\u00e1m\u00e1ra, hogy a palackokat az egyedi ig\u00e9nyeikre szabj\u00e1k.<\/p>\n<p><strong>K: Milyen t\u00e1mogat\u00e1st ny\u00fajt az FMP a telep\u00edt\u00e9shez \u00e9s a karbantart\u00e1shoz?<\/strong><br \/>\nV: Az FMP \u00fatmutat\u00e1st ny\u00fajt a telep\u00edt\u00e9si elj\u00e1r\u00e1sokhoz, karbantart\u00e1si tippekhez \u00e9s a legjobb gyakorlatokhoz a palackok hossz\u00fa \u00e9lettartam\u00e1nak \u00e9s optim\u00e1lis teljes\u00edtm\u00e9ny\u00e9nek biztos\u00edt\u00e1sa \u00e9rdek\u00e9ben.<\/p>\n<p>Szerz\u0151: CX<\/p>","protected":false},"excerpt":{"rendered":"<p>Hot Sale Adjustable Hydraulic Cylinder for Agriculture Trailer is a powerful and versatile product designed to meet the needs of farmers and other agricultural professionals. This high-quality hydraulic cylinder is adjustable, allowing it to work with a range of different trailers and implements. With its durable construction and advanced features, it is perfect for use [&hellip;]<\/p>","protected":false},"featured_media":1340,"comment_status":"closed","ping_status":"closed","template":"","meta":{"_et_pb_use_builder":"","_et_pb_old_content":"","_et_gb_content_width":""},"product_brand":[],"product_cat":[39],"product_tag":[41,34],"class_list":{"0":"post-1364","1":"product","2":"type-product","3":"status-publish","4":"has-post-thumbnail","6":"product_cat-adjustable-clevis-type-cylinders","7":"product_tag-adjustable-clevis-type-cylinders","8":"product_tag-hydraulic-cylinder","10":"first","11":"instock","12":"product-type-simple"},"_links":{"self":[{"href":"https:\/\/fmp-components.com\/hu\/wp-json\/wp\/v2\/product\/1364","targetHints":{"allow":["GET"]}}],"collection":[{"href":"https:\/\/fmp-components.com\/hu\/wp-json\/wp\/v2\/product"}],"about":[{"href":"https:\/\/fmp-components.com\/hu\/wp-json\/wp\/v2\/types\/product"}],"replies":[{"embeddable":true,"href":"https:\/\/fmp-components.com\/hu\/wp-json\/wp\/v2\/comments?post=1364"}],"wp:featuredmedia":[{"embeddable":true,"href":"https:\/\/fmp-components.com\/hu\/wp-json\/wp\/v2\/media\/1340"}],"wp:attachment":[{"href":"https:\/\/fmp-components.com\/hu\/wp-json\/wp\/v2\/media?parent=1364"}],"wp:term":[{"taxonomy":"product_brand","embeddable":true,"href":"https:\/\/fmp-components.com\/hu\/wp-json\/wp\/v2\/product_brand?post=1364"},{"taxonomy":"product_cat","embeddable":true,"href":"https:\/\/fmp-components.com\/hu\/wp-json\/wp\/v2\/product_cat?post=1364"},{"taxonomy":"product_tag","embeddable":true,"href":"https:\/\/fmp-components.com\/hu\/wp-json\/wp\/v2\/product_tag?post=1364"}],"curies":[{"name":"munkaf\u00fczet","href":"https:\/\/api.w.org\/{rel}","templated":true}]}}