{"id":1360,"date":"2024-12-23T02:18:57","date_gmt":"2024-12-23T02:18:57","guid":{"rendered":"https:\/\/fmp-components.com\/product\/customized-welded-double-acting-trailer-hydraulic-cylinder-for-agriculture\/"},"modified":"2024-12-23T03:02:26","modified_gmt":"2024-12-23T03:02:26","slug":"customized-welded-double-acting-trailer-hydraulic-cylinder-for-agriculture","status":"publish","type":"product","link":"https:\/\/fmp-components.com\/hu\/product\/customized-welded-double-acting-trailer-hydraulic-cylinder-for-agriculture\/","title":{"rendered":"Testreszabott hegesztett kett\u0151s m\u0171k\u00f6d\u00e9s\u0171 p\u00f3tkocsi hidraulikus henger mez\u0151gazdas\u00e1ghoz"},"content":{"rendered":"<h2>Bemutatjuk a testreszabott hegesztett kett\u0151s m\u0171k\u00f6d\u00e9s\u0171 p\u00f3tkocsi hidraulikus hengert mez\u0151gazdas\u00e1gi haszn\u00e1latra:<\/h2>\n<p>A testreszabott hegesztett kett\u0151s m\u0171k\u00f6d\u00e9s\u0171 mez\u0151gazdas\u00e1gi p\u00f3tkocsi hidraulikus henger egy kiv\u00e1l\u00f3 min\u0151s\u00e9g\u0171 \u00e9s megb\u00edzhat\u00f3 term\u00e9k, amelyet kifejezetten a mez\u0151gazdas\u00e1gi iparban val\u00f3 haszn\u00e1latra terveztek. Ez a hidraulikus henger a prec\u00edzi\u00f3t \u00e9s a tart\u00f3ss\u00e1got szem el\u0151tt tartva k\u00e9sz\u00fclt, \u00edgy ide\u00e1lis k\u00fcl\u00f6nf\u00e9le mez\u0151gazdas\u00e1gi alkalmaz\u00e1sokhoz.<\/p>\n<p>Hegesztett kialak\u00edt\u00e1s\u00e1nak k\u00f6sz\u00f6nhet\u0151en ez a hidraulikus henger kiv\u00e9teles szil\u00e1rds\u00e1got \u00e9s stabilit\u00e1st biztos\u00edt, \u00edgy ellen\u00e1ll a mez\u0151gazdas\u00e1gi m\u0171veletek szigor\u00fa k\u00f6vetelm\u00e9nyeinek. A kett\u0151s m\u0171k\u00f6d\u00e9s\u0171 funkci\u00f3 mindk\u00e9t ir\u00e1nyban sima \u00e9s hat\u00e9kony mozg\u00e1st tesz lehet\u0151v\u00e9, n\u00f6velve a termel\u00e9kenys\u00e9get \u00e9s a teljes\u00edtm\u00e9nyt.<\/p>\n<p>Egyedi kialak\u00edt\u00e1s\u00e1nak k\u00f6sz\u00f6nhet\u0151en ez a hidraulikus henger a mez\u0151gazdas\u00e1gi g\u00e9pek \u00e9s berendez\u00e9sek speci\u00e1lis ig\u00e9nyeihez igaz\u00edthat\u00f3. K\u00fcl\u00f6nb\u00f6z\u0151 m\u00e9retekben \u00e9s konfigur\u00e1ci\u00f3kban kaphat\u00f3, \u00edgy z\u00f6kken\u0151mentesen integr\u00e1lhat\u00f3 k\u00fcl\u00f6nf\u00e9le mez\u0151gazdas\u00e1gi rendszerekbe.<\/p>\n<p>A testreszabott hegesztett kett\u0151s m\u0171k\u00f6d\u00e9s\u0171 mez\u0151gazdas\u00e1gi p\u00f3tkocsi hidraulikus munkahenger fejlett hidraulikus technol\u00f3gi\u00e1val b\u00fcszk\u00e9lkedhet, amely optim\u00e1lis teljes\u00edtm\u00e9nyt \u00e9s megb\u00edzhat\u00f3s\u00e1got biztos\u00edt. Pontos \u00e9s szab\u00e1lyozott mozg\u00e1sok lebonyol\u00edt\u00e1s\u00e1ra k\u00e9pes, hozz\u00e1j\u00e1rulva a mez\u0151gazdas\u00e1gi m\u0171veletek hat\u00e9konys\u00e1g\u00e1nak \u00e9s eredm\u00e9nyess\u00e9g\u00e9nek jav\u00edt\u00e1s\u00e1hoz.<\/p>\n<p><img loading=\"lazy\" decoding=\"async\" class=\"alignnone size-full wp-image-1334\" src=\"https:\/\/fmp-components.com\/wp-content\/uploads\/2024\/12\/Adjustable-Clevis-Type-Cylinders-4.webp\" alt=\"\u00c1ll\u00edthat\u00f3 vill\u00e1s hengerek\" width=\"800\" height=\"800\" title=\"\" srcset=\"https:\/\/fmp-components.com\/wp-content\/uploads\/2024\/12\/Adjustable-Clevis-Type-Cylinders-4.webp 800w, https:\/\/fmp-components.com\/wp-content\/uploads\/2024\/12\/Adjustable-Clevis-Type-Cylinders-4-480x480.webp 480w\" sizes=\"(min-width: 0px) and (max-width: 480px) 480px, (min-width: 481px) 800px, 100vw\" \/><\/p>\n<p>Ez a hidraulikus henger kiv\u00e1l\u00f3 min\u0151s\u00e9g\u0171 anyagokb\u00f3l k\u00e9sz\u00fcl, ami garant\u00e1lja a hossz\u00fa \u00e9lettartamot \u00e9s a kop\u00e1s\u00e1ll\u00f3s\u00e1got. \u00dagy tervezt\u00e9k, hogy ellen\u00e1lljon a zord \u00fczemi k\u00f6r\u00fclm\u00e9nyeknek, \u00edgy megb\u00edzhat\u00f3 v\u00e1laszt\u00e1s mez\u0151gazdas\u00e1gi g\u00e9pek \u00e9s berendez\u00e9sek sz\u00e1m\u00e1ra.<\/p>\n<p>\u00d6sszefoglalva, a testreszabott hegesztett kett\u0151s m\u0171k\u00f6d\u00e9s\u0171 mez\u0151gazdas\u00e1gi p\u00f3tkocsi hidraulikus henger egy els\u0151rang\u00fa term\u00e9k, amely kiv\u00e1l\u00f3 teljes\u00edtm\u00e9nyt \u00e9s tart\u00f3ss\u00e1got k\u00edn\u00e1l mez\u0151gazdas\u00e1gi alkalmaz\u00e1sokban. Testreszabott kialak\u00edt\u00e1sa, fejlett hidraulikus technol\u00f3gi\u00e1ja \u00e9s kiv\u00e1l\u00f3 min\u0151s\u00e9ge n\u00e9lk\u00fcl\u00f6zhetetlen alkot\u00f3elemm\u00e9 teszi minden olyan mez\u0151gazdas\u00e1gi m\u0171velethez, amely optim\u00e1lis hat\u00e9konys\u00e1got \u00e9s termel\u00e9kenys\u00e9get keres.<\/p>\n<table style=\"width: 100%;\" border=\"1\" width=\"100%\" cellspacing=\"0\" cellpadding=\"0\">\n<tbody>\n<tr>\n<th>Term\u00e9k neve<\/th>\n<td>Testreszabott hegesztett kett\u0151s m\u0171k\u00f6d\u00e9s\u0171 p\u00f3tkocsi hidraulikus hengerek<\/td>\n<\/tr>\n<tr>\n<th>Ipar<\/th>\n<td>Mez\u0151gazdas\u00e1g<\/td>\n<\/tr>\n<tr>\n<th>Anyag<\/th>\n<td>Kiv\u00e1l\u00f3 min\u0151s\u00e9g\u0171 ac\u00e9l<\/td>\n<\/tr>\n<tr>\n<th>Garancia<\/th>\n<td>1 \u00e9v (alapvet\u0151 \u00f6sszetev\u0151k)<\/td>\n<\/tr>\n<tr>\n<th>Alapvet\u0151 \u00f6sszetev\u0151k<\/th>\n<td>Csap\u00e1gy, hidraulikus henger<\/td>\n<\/tr>\n<tr>\n<th>T\u00edpus<\/th>\n<td>\u00c1ll\u00edthat\u00f3 vill\u00e1s t\u00edpus<\/td>\n<\/tr>\n<tr>\n<th>kik\u00f6t\u0151k<\/th>\n<td>G\/SAE\/NPT\/M<\/td>\n<\/tr>\n<tr>\n<th>Max. h\u00faz\u00f3er\u0151<\/th>\n<td>20 tonna<\/td>\n<\/tr>\n<tr>\n<th>Szerkezet<\/th>\n<td>Standard dugatty\u00fas henger<\/td>\n<\/tr>\n<tr>\n<th>Furatm\u00e9ret<\/th>\n<td>2\u20136 h\u00fcvelyk<\/td>\n<\/tr>\n<tr>\n<th>R\u00fad m\u00e9rete<\/th>\n<td>1,125 \u2013 4 h\u00fcvelyk<\/td>\n<\/tr>\n<tr>\n<th>Ecsetvon\u00e1s m\u00e9rete<\/th>\n<td>4\u2013100 h\u00fcvelyk<\/td>\n<\/tr>\n<tr>\n<th>Cs\u00edp\u0151m\u00e9ret<\/th>\n<td>0,5 \u2013 2 h\u00fcvelyk<\/td>\n<\/tr>\n<\/tbody>\n<\/table>\n<h2>Az \u00e1ll\u00edthat\u00f3 kengyeles hengerek el\u0151nyei<\/h2>\n<ul>\n<li style=\"list-style-type: none;\">\n<ul>\n<li>Fokozott rugalmass\u00e1g \u00e9s testreszabhat\u00f3s\u00e1g<\/li>\n<\/ul>\n<\/li>\n<\/ul>\n<p>A hidraulikus hengerek ipar\u00e1g\u00e1ban kulcsfontoss\u00e1g\u00fa a testreszab\u00e1s, \u00e9s az \u00e1ll\u00edthat\u00f3 kengyeles hengerek egyed\u00fcl\u00e1ll\u00f3 el\u0151nyt k\u00edn\u00e1lnak ebben a tekintetben. Ezek a hengerek lehet\u0151v\u00e9 teszik a hengerfej \u00e1ll\u00edthat\u00f3 pozicion\u00e1l\u00e1s\u00e1t, ami k\u00fcl\u00f6n\u00f6sen hasznos lehet \u00f6sszetett hidraulikus rendszerekben, ahol sz\u0171k\u00f6s a hely. A nagyobb rugalmass\u00e1gnak k\u00f6sz\u00f6nhet\u0151en az \u00e1ll\u00edthat\u00f3 kengyeles hengerek lehet\u0151v\u00e9 teszik a hidraulikus g\u00e9pek pontosabb \u00e9s hat\u00e9konyabb m\u0171k\u00f6dtet\u00e9s\u00e9t.<\/p>\n<ul>\n<li style=\"list-style-type: none;\">\n<ul>\n<li>Cs\u00f6kkentett karbantart\u00e1si \u00e9s jav\u00edt\u00e1si k\u00f6lts\u00e9gek<\/li>\n<\/ul>\n<\/li>\n<\/ul>\n<p>Az \u00e1ll\u00edthat\u00f3 kengyeles hengerek egyik legfontosabb el\u0151nye a tart\u00f3ss\u00e1guk. Az \u00e1ll\u00edthat\u00f3 kengyeles kialak\u00edt\u00e1s seg\u00edt megel\u0151zni a hengerr\u00fad s\u00e9r\u00fcl\u00e9s\u00e9t \u00e9s cs\u00f6kkenti a dugatty\u00fara nehezed\u0151 terhel\u00e9st, ami n\u00f6velheti a henger \u00e9lettartam\u00e1t. Ez a tart\u00f3ss\u00e1g hossz\u00fa t\u00e1von seg\u00edt cs\u00f6kkenteni a karbantart\u00e1si \u00e9s jav\u00edt\u00e1si k\u00f6lts\u00e9geket, ami k\u00fcl\u00f6n\u00f6sen fontos lehet azokban az ipari k\u00f6rnyezetben, ahol a hidraulikus g\u00e9peket sz\u00e9les k\u00f6rben haszn\u00e1lj\u00e1k.<\/p>\n<ul>\n<li style=\"list-style-type: none;\">\n<ul>\n<li>Fokozott teljes\u00edtm\u00e9ny \u00e9s hat\u00e9konys\u00e1g<\/li>\n<\/ul>\n<\/li>\n<\/ul>\n<p>Az \u00e1ll\u00edthat\u00f3 kengyeles hengerek a hidraulikus g\u00e9pek teljes\u00edtm\u00e9ny\u00e9nek \u00e9s hat\u00e9konys\u00e1g\u00e1nak jav\u00edt\u00e1s\u00e1ban is seg\u00edthetnek. A hengerfej pontosabb pozicion\u00e1l\u00e1s\u00e1val ezek a hengerek seg\u00edthetnek megel\u0151zni a sziv\u00e1rg\u00e1sokat \u00e9s cs\u00f6kkenteni az energiavesztes\u00e9get. Ezenk\u00edv\u00fcl az \u00e1ll\u00edthat\u00f3 kengyeles kialak\u00edt\u00e1s cs\u00f6kkentheti a henger \u00e9s m\u00e1s hidraulikus alkatr\u00e9szek k\u00e1rosod\u00e1s\u00e1nak kock\u00e1zat\u00e1t, ami tov\u00e1bb jav\u00edthatja a g\u00e9p hat\u00e9konys\u00e1g\u00e1t \u00e9s teljes\u00edtm\u00e9ny\u00e9t.<\/p>\n<ul>\n<li style=\"list-style-type: none;\">\n<ul>\n<li>Fokozott biztons\u00e1g<\/li>\n<\/ul>\n<\/li>\n<\/ul>\n<p>Az \u00e1ll\u00edthat\u00f3 kengyeles hengerek tov\u00e1bbi el\u0151nye a biztons\u00e1gi jellemz\u0151ik. Az \u00e1ll\u00edthat\u00f3 kengyeles kialak\u00edt\u00e1s seg\u00edt megel\u0151zni a hengerr\u00fad s\u00e9r\u00fcl\u00e9s\u00e9t, ami cs\u00f6kkentheti a balesetek \u00e9s s\u00e9r\u00fcl\u00e9sek kock\u00e1zat\u00e1t a munkahelyen. Ezenk\u00edv\u00fcl ezeknek a hengereknek a tart\u00f3ss\u00e1ga \u00e9s megb\u00edzhat\u00f3s\u00e1ga seg\u00edthet megel\u0151zni a v\u00e1ratlan meghib\u00e1sod\u00e1sokat vagy m\u0171k\u00f6d\u00e9si zavarokat, ami tov\u00e1bb n\u00f6velheti a munkahelyi biztons\u00e1got.<\/p>\n<ul>\n<li style=\"list-style-type: none;\">\n<ul>\n<li>Sz\u00e9lesk\u00f6r\u0171 alkalmaz\u00e1sok<\/li>\n<\/ul>\n<\/li>\n<\/ul>\n<p>Az \u00e1ll\u00edthat\u00f3 kengyeles hengerek sz\u00e9les k\u00f6rben haszn\u00e1lhat\u00f3k hidraulikus g\u00e9pek alkalmaz\u00e1s\u00e1ban. A mez\u0151gazdas\u00e1gban haszn\u00e1lt, egyedi, hegesztett, kett\u0151s m\u0171k\u00f6d\u00e9s\u0171 p\u00f3tkocsi hidraulikus hengerekt\u0151l az ipari g\u00e9pekig \u00e9s \u00e9p\u00edt\u0151ipari berendez\u00e9sekig ezek a hengerek sokoldal\u00fa megold\u00e1st k\u00edn\u00e1lnak minden olyan hidraulikus rendszerhez, amely rugalmass\u00e1got, tart\u00f3ss\u00e1got \u00e9s pontoss\u00e1got ig\u00e9nyel.<\/p>\n<p>\u00d6sszefoglalva, az \u00e1ll\u00edthat\u00f3 kengyeles hengerek sz\u00e1mos egyedi el\u0151nyt k\u00edn\u00e1lnak m\u00e1s hidraulikus hengerekkel szemben. Rugalmass\u00e1guk, tart\u00f3ss\u00e1guk, teljes\u00edtm\u00e9ny\u00fck, biztons\u00e1gi jellemz\u0151ik \u00e9s sokoldal\u00fas\u00e1guk ide\u00e1lis megold\u00e1st jelentenek a hidraulikus g\u00e9pek sz\u00e9les sk\u00e1l\u00e1j\u00e1hoz. Ak\u00e1r egyedi hegesztett, kett\u0151s m\u0171k\u00f6d\u00e9s\u0171 p\u00f3tkocsi hidraulikus hengereket keres mez\u0151gazdas\u00e1gi vagy b\u00e1rmilyen m\u00e1s hidraulikus rendszerhez, az \u00e1ll\u00edthat\u00f3 kengyeles hengerek kiv\u00e1l\u00f3 v\u00e1laszt\u00e1st jelentenek a hidraulikus g\u00e9pek optimaliz\u00e1l\u00e1s\u00e1hoz.<img decoding=\"async\" src=\"https:\/\/fmp-components.com\/wp-content\/uploads\/2024\/12\/Adjustable-Clevis-Type-Cylinders5.webp\" alt=\"\u00c1ll\u00edthat\u00f3 kengyeles henger\" width=\"800\" title=\"\"><\/p>\n<h2>\u00c1ll\u00edthat\u00f3 kengyeles hengerek alkalmaz\u00e1sa<\/h2>\n<p>Az \u00e1ll\u00edthat\u00f3 kengyeles hengerek, mint p\u00e9ld\u00e1ul a mez\u0151gazdas\u00e1gi c\u00e9l\u00fa, egyedi hegesztett kett\u0151s m\u0171k\u00f6d\u00e9s\u0171 p\u00f3tkocsi hidraulikus hengerek, sz\u00e9les k\u00f6rben alkalmazhat\u00f3k k\u00fcl\u00f6nb\u00f6z\u0151 ipar\u00e1gakban. Ezek a hengerek sokoldal\u00fas\u00e1gukr\u00f3l \u00e9s tart\u00f3ss\u00e1gukr\u00f3l ismertek, \u00edgy ide\u00e1lis v\u00e1laszt\u00e1st jelentenek sz\u00e1mos k\u00fcl\u00f6nb\u00f6z\u0151 feladathoz. Ebben a cikkben az \u00e1ll\u00edthat\u00f3 kengyeles hengerek k\u00fcl\u00f6nf\u00e9le alkalmaz\u00e1sait vizsg\u00e1ljuk meg, \u00e9s r\u00e9szletesen t\u00e1rgyaljuk azok el\u0151nyeit.<\/p>\n<h3>1. Mez\u0151gazdas\u00e1gi g\u00e9pek<\/h3>\n<p>Az \u00e1ll\u00edthat\u00f3 kengyeles hengerek egyik kulcsfontoss\u00e1g\u00fa alkalmaz\u00e1si ter\u00fclete a mez\u0151gazdas\u00e1gi g\u00e9pek. Ezeket a hengereket \u00e1ltal\u00e1ban mez\u0151gazdas\u00e1gi berendez\u00e9sekben, p\u00e9ld\u00e1ul traktorokban, betakar\u00edt\u00f3g\u00e9pekben \u00e9s ek\u00e9kben haszn\u00e1lj\u00e1k. Kulcsfontoss\u00e1g\u00fa szerepet j\u00e1tszanak a k\u00fcl\u00f6nb\u00f6z\u0151 alkatr\u00e9szek mozg\u00e1s\u00e1nak szab\u00e1lyoz\u00e1s\u00e1ban, p\u00e9ld\u00e1ul a munkag\u00e9pek emel\u00e9s\u00e9ben \u00e9s s\u00fcllyeszt\u00e9s\u00e9ben, vagy a peng\u00e9k sz\u00f6g\u00e9nek be\u00e1ll\u00edt\u00e1s\u00e1ban. A testreszabott hegesztett kett\u0151s m\u0171k\u00f6d\u00e9s\u0171 p\u00f3tkocsi hidraulikus henger mez\u0151gazdas\u00e1gi haszn\u00e1latra prec\u00edz vez\u00e9rl\u00e9st \u00e9s robusztus teljes\u00edtm\u00e9nyt k\u00edn\u00e1l, biztos\u00edtva a hat\u00e9kony \u00e9s megb\u00edzhat\u00f3 m\u0171k\u00f6d\u00e9st ig\u00e9nyl\u0151 mez\u0151gazdas\u00e1gi k\u00f6r\u00fclm\u00e9nyek k\u00f6z\u00f6tt is.<\/p>\n<h3>2. \u00c9p\u00edt\u0151ipari berendez\u00e9sek<\/h3>\n<p>Az \u00e1ll\u00edthat\u00f3 kengyeles hengereket sz\u00e9les k\u00f6rben haszn\u00e1lj\u00e1k az \u00e9p\u00edt\u0151iparban er\u0151ss\u00e9g\u00fck \u00e9s sokoldal\u00fas\u00e1guk miatt. Gyakran megtal\u00e1lhat\u00f3k olyan berendez\u00e9sekben, mint a kotr\u00f3g\u00e9pek, rakod\u00f3g\u00e9pek \u00e9s buld\u00f3zerek. Ezeket a hengereket olyan feladatokhoz haszn\u00e1lj\u00e1k, mint a neh\u00e9z terhek emel\u00e9se, a g\u00e9mek kiny\u00fajt\u00e1sa \u00e9s beh\u00faz\u00e1sa, valamint a k\u00fcl\u00f6nf\u00e9le tartoz\u00e9kok mozg\u00e1s\u00e1nak vez\u00e9rl\u00e9se. Nagy teherb\u00edr\u00e1sukkal \u00e9s \u00e1ll\u00edthat\u00f3 kialak\u00edt\u00e1sukkal a testreszabott hegesztett kett\u0151s m\u0171k\u00f6d\u00e9s\u0171 mez\u0151gazdas\u00e1gi p\u00f3tkocsi hidraulikus henger kiv\u00e1l\u00f3 v\u00e1laszt\u00e1snak bizonyul \u00e9p\u00edt\u0151ipari berendez\u00e9sekhez.<\/p>\n<h3>3. Anyagmozgat\u00e1s<\/h3>\n<p>Az \u00e1ll\u00edthat\u00f3 kengyeles hengereket sz\u00e9les k\u00f6rben haszn\u00e1lj\u00e1k anyagmozgat\u00e1si alkalmaz\u00e1sokban is. Targonc\u00e1kban, darukban \u00e9s sz\u00e1ll\u00edt\u00f3szalag-rendszerekben haszn\u00e1lj\u00e1k \u0151ket az \u00e1ruk mozgat\u00e1s\u00e1nak \u00e9s pozicion\u00e1l\u00e1s\u00e1nak megk\u00f6nny\u00edt\u00e9s\u00e9re. Ezek a hengerek prec\u00edz \u00e9s szab\u00e1lyozott emel\u00e9si, s\u00fcllyeszt\u00e9si \u00e9s billent\u00e9si m\u0171veleteket biztos\u00edtanak, lehet\u0151v\u00e9 t\u00e9ve a hat\u00e9kony anyagmozgat\u00e1si m\u0171veleteket. Egyedi kialak\u00edt\u00e1s\u00e1val \u00e9s kett\u0151s m\u0171k\u00f6d\u00e9s\u0171 funkcionalit\u00e1s\u00e1val a testreszabott hegesztett kett\u0151s m\u0171k\u00f6d\u00e9s\u0171 p\u00f3tkocsi hidraulikus henger mez\u0151gazdas\u00e1gi haszn\u00e1latra optim\u00e1lis teljes\u00edtm\u00e9nyt \u00e9s megb\u00edzhat\u00f3s\u00e1got biztos\u00edt az anyagmozgat\u00e1si feladatok sor\u00e1n.<\/p>\n<h3>4. Aut\u00f3ipar<\/h3>\n<p>Az aut\u00f3ipar nagy hasznot h\u00faz az \u00e1ll\u00edthat\u00f3 kengyeles hengerek haszn\u00e1lat\u00e1b\u00f3l. Ezeket a hengereket k\u00fcl\u00f6nf\u00e9le aut\u00f3ipari rendszerekben alkalmazz\u00e1k, bele\u00e9rtve a felf\u00fcggeszt\u00e9si rendszereket, a korm\u00e1nyszerkezeteket \u00e9s a kabri\u00f3tet\u0151ket. Lehet\u0151v\u00e9 teszik a mozg\u00e1sok sima \u00e9s pontos vez\u00e9rl\u00e9s\u00e9t, fokozott k\u00e9nyelmet \u00e9s biztons\u00e1got biztos\u00edtva a j\u00e1rm\u0171 utasai sz\u00e1m\u00e1ra. A testreszabott hegesztett kett\u0151s m\u0171k\u00f6d\u00e9s\u0171 mez\u0151gazdas\u00e1gi p\u00f3tkocsi hidraulikus henger testreszabott hegesztett konstrukci\u00f3j\u00e1val kiv\u00e9teles tart\u00f3ss\u00e1got \u00e9s teljes\u00edtm\u00e9nyt k\u00edn\u00e1l az aut\u00f3ipari alkalmaz\u00e1sokban.<\/p>\n<h3>5. Gy\u00e1rt\u00f3- \u00e9s ipari berendez\u00e9sek<\/h3>\n<p>Az \u00e1ll\u00edthat\u00f3 kengyeles hengerek sz\u00e9les k\u00f6rben haszn\u00e1latosak a gy\u00e1rt\u00e1sban \u00e9s az ipari berendez\u00e9sekben. \u00c1ltal\u00e1ban olyan g\u00e9pekben haszn\u00e1lj\u00e1k \u0151ket, mint a pr\u00e9sek, sajtol\u00f3g\u00e9pek \u00e9s ipari robotok. Ezek a hengerek szab\u00e1lyozott er\u0151t \u00e9s mozg\u00e1st biztos\u00edtanak, lehet\u0151v\u00e9 t\u00e9ve a pontos \u00e9s hat\u00e9kony gy\u00e1rt\u00e1si folyamatokat. A testreszabott hegesztett kett\u0151s m\u0171k\u00f6d\u00e9s\u0171 p\u00f3tkocsi hidraulikus henger mez\u0151gazdas\u00e1gi haszn\u00e1latra, kett\u0151s m\u0171k\u00f6d\u00e9s\u00e9nek k\u00f6sz\u00f6nhet\u0151en, megb\u00edzhat\u00f3 \u00e9s prec\u00edz teljes\u00edtm\u00e9nyt biztos\u00edt ig\u00e9nyes ipari k\u00f6rnyezetben.<\/p>\n<p>\u00d6sszefoglalva, az \u00e1ll\u00edthat\u00f3 kengyeles hengerek, mint p\u00e9ld\u00e1ul a testreszabott hegesztett kett\u0151s m\u0171k\u00f6d\u00e9s\u0171 mez\u0151gazdas\u00e1gi p\u00f3tkocsi hidraulikus hengerek, sz\u00e1mos ipar\u00e1gban v\u00e1ltozatos alkalmaz\u00e1si lehet\u0151s\u00e9ggel rendelkeznek. Sokoldal\u00fas\u00e1guk, tart\u00f3ss\u00e1guk \u00e9s prec\u00edz vez\u00e9rl\u00e9s\u00fck kiv\u00e1l\u00f3 v\u00e1laszt\u00e1ss\u00e1 teszi \u0151ket k\u00fcl\u00f6nf\u00e9le feladatokhoz, a mez\u0151gazdas\u00e1gi g\u00e9pekt\u0151l az aut\u00f3ipari rendszerekig. Ezen hengerek be\u00e9p\u00edt\u00e9s\u00e9vel a v\u00e1llalkoz\u00e1sok fokozott hat\u00e9konys\u00e1got, megb\u00edzhat\u00f3s\u00e1got \u00e9s termel\u00e9kenys\u00e9get \u00e9lvezhetnek.<\/p>\n<p><img decoding=\"async\" src=\"https:\/\/fmp-components.com\/wp-content\/uploads\/2024\/12\/Application-of-Adjustable-Clevis-Type-Cylinders.webp\" alt=\"\u00c1ll\u00edthat\u00f3 kengyeles henger\" width=\"800\" title=\"\"><\/p>\n<h3>Az FMP hidraulikus hengerr\u0151l<\/h3>\n<p>Az FMP a kiv\u00e1l\u00f3 min\u0151s\u00e9g\u0171 hidraulikus hengerek vezet\u0151 sz\u00e1ll\u00edt\u00f3ja \u00e9p\u00edt\u0151ipari g\u00e9pekhez. Term\u00e9keink tart\u00f3ss\u00e1gukr\u00f3l, megb\u00edzhat\u00f3s\u00e1gukr\u00f3l \u00e9s kiv\u00e1l\u00f3 teljes\u00edtm\u00e9ny\u00fckr\u0151l ismertek. \u00cdme n\u00e9h\u00e1ny ok, ami\u00e9rt az FMP hidraulikus hengert kellene v\u00e1lasztania \u00e9p\u00edt\u0151ipari g\u00e9peihez:<\/p>\n<p>1. Min\u0151s\u00e9g: Hidraulikus hengereink kiv\u00e1l\u00f3 min\u0151s\u00e9g\u0171 anyagokb\u00f3l k\u00e9sz\u00fclnek, amelyek biztos\u00edtj\u00e1k a hossz\u00fa t\u00e1v\u00fa tart\u00f3ss\u00e1gukat \u00e9s a kiv\u00e1l\u00f3 teljes\u00edtm\u00e9ny\u00fcket.<\/p>\n<p>2. Sz\u00e9les term\u00e9kv\u00e1laszt\u00e9k: Az FMP k\u00fcl\u00f6nf\u00e9le hidraulikus hengereket k\u00edn\u00e1l k\u00fcl\u00f6nb\u00f6z\u0151 t\u00edpus\u00fa \u00e9p\u00edt\u0151ipari g\u00e9pekhez, bele\u00e9rtve az \u00e1ll\u00edthat\u00f3 kengyeles hengereket (l\u00e1sd az al\u00e1bbi k\u00e9pet), a rudas hengereket, a hegesztett hengereket \u00e9s sok m\u00e1st.<\/p>\n<p><img decoding=\"async\" src=\"https:\/\/fmp-components.com\/wp-content\/uploads\/2024\/12\/Adjustable-Clevis-Type-Cylinders-6.webp\" alt=\"\u00c1ll\u00edthat\u00f3 kengyeles henger\" width=\"822\" title=\"\"><\/p>\n<p>3. Versenyk\u00e9pes \u00e1rak: Az FMP rendk\u00edv\u00fcl versenyk\u00e9pes \u00e1ron k\u00edn\u00e1lja term\u00e9keit, \u00edgy azok sz\u00e9les \u00fcgyf\u00e9lk\u00f6r sz\u00e1m\u00e1ra el\u00e9rhet\u0151ek.<\/p>\n<p>4. Professzion\u00e1lis csapat: Tapasztalt \u00e9rt\u00e9kes\u00edt\u00e9si csapatunk j\u00e1rtas az \u00e9p\u00edt\u0151ipari g\u00e9piparban, \u00e9s szak\u00e9rt\u0151i tan\u00e1csokkal, valamint t\u00e1mogat\u00e1ssal tud szolg\u00e1lni az \u00fcgyfelek sz\u00e1m\u00e1ra.<\/p>\n<p>5. Hat\u00e9kony logisztika: J\u00f3l ki\u00e9p\u00edtett logisztikai eloszt\u00e1si rendszerrel rendelkez\u00fcnk, amely biztos\u00edtja a term\u00e9kek id\u0151ben \u00e9s pontos kisz\u00e1ll\u00edt\u00e1s\u00e1t az \u00fcgyfelekhez.<\/p>\n<p>\u00d6sszefoglalva, az FMP hidraulikus henger megb\u00edzhat\u00f3 \u00e9s hiteles v\u00e1laszt\u00e1s minden \u00e9p\u00edt\u0151ipari g\u00e9pig\u00e9ny\u00e9hez. L\u00e9pjen kapcsolatba vel\u00fcnk m\u00e9g ma, hogy t\u00f6bbet megtudjon term\u00e9keinkr\u0151l \u00e9s szolg\u00e1ltat\u00e1sainkr\u00f3l.<\/p>\n<h2>Gyakran ism\u00e9telt k\u00e9rd\u00e9sek<\/h2>\n<p><strong>K: Milyen ipar\u00e1gak profit\u00e1lhatnak ezekb\u0151l a hidraulikus hengerekb\u0151l?<\/strong><br \/>\nV: Hidraulikus hengereink ide\u00e1lisak k\u00fcl\u00f6nf\u00e9le ipar\u00e1gak sz\u00e1m\u00e1ra, bele\u00e9rtve a g\u00e9pjav\u00edt\u00f3 m\u0171helyeket, a mez\u0151gazdas\u00e1got, az energia- \u00e9s b\u00e1ny\u00e1szatot, a g\u00e9pgy\u00e1rt\u00e1st \u00e9s a g\u00e9pgy\u00e1rakat.<\/p>\n<p><strong>K: Melyek ezeknek a hidraulikus hengereknek a f\u0151bb jellemz\u0151i?<\/strong><br \/>\nV: Hidraulikus hengereink maxim\u00e1lis tol\u00f3ereje 3000 Nm, \u00e1ll\u00edthat\u00f3 kengyeles kivitel, G\/SAE\/NPT\/M csatlakoz\u00f3k \u00e9s maxim\u00e1lis h\u00faz\u00f3er\u0151 20 tonna. Emellett ISO9001:2000 tan\u00fas\u00edtv\u00e1nnyal is rendelkeznek.<\/p>\n<p><strong>K: Mennyi a j\u00f3t\u00e1ll\u00e1si id\u0151 ezekre a hidraulikus hengerekre?<\/strong><br \/>\nV: Hidraulikus hengereinkre 1 \u00e9v garanci\u00e1t v\u00e1llalunk a f\u0151 alkatr\u00e9szekre, \u00edgy magabiztosan v\u00e1s\u00e1rolhat.<\/p>\n<p><img decoding=\"async\" src=\"https:\/\/img.jiansujichilun.com\/img\/hydrauliccylinders\/C_hydrauliccylinders-2.webp\" alt=\"hidraulikus henger\" width=\"800\" title=\"\"><\/p>\n<p>Szerz\u0151: CX<\/p>","protected":false},"excerpt":{"rendered":"<p>Introducing the Customized Welded Double Acting Trailer Hydraulic Cylinder for Agriculture: The Customized Welded Double Acting Trailer Hydraulic Cylinder for Agriculture is a high-quality and reliable product designed specifically for use in the agriculture industry. This hydraulic cylinder is engineered with precision and durability in mind, making it ideal for various agricultural applications. Featuring a [&hellip;]<\/p>","protected":false},"featured_media":1338,"comment_status":"closed","ping_status":"closed","template":"","meta":{"_et_pb_use_builder":"","_et_pb_old_content":"","_et_gb_content_width":""},"product_brand":[],"product_cat":[39],"product_tag":[41,34],"class_list":{"0":"post-1360","1":"product","2":"type-product","3":"status-publish","4":"has-post-thumbnail","6":"product_cat-adjustable-clevis-type-cylinders","7":"product_tag-adjustable-clevis-type-cylinders","8":"product_tag-hydraulic-cylinder","10":"first","11":"instock","12":"product-type-simple"},"_links":{"self":[{"href":"https:\/\/fmp-components.com\/hu\/wp-json\/wp\/v2\/product\/1360","targetHints":{"allow":["GET"]}}],"collection":[{"href":"https:\/\/fmp-components.com\/hu\/wp-json\/wp\/v2\/product"}],"about":[{"href":"https:\/\/fmp-components.com\/hu\/wp-json\/wp\/v2\/types\/product"}],"replies":[{"embeddable":true,"href":"https:\/\/fmp-components.com\/hu\/wp-json\/wp\/v2\/comments?post=1360"}],"wp:featuredmedia":[{"embeddable":true,"href":"https:\/\/fmp-components.com\/hu\/wp-json\/wp\/v2\/media\/1338"}],"wp:attachment":[{"href":"https:\/\/fmp-components.com\/hu\/wp-json\/wp\/v2\/media?parent=1360"}],"wp:term":[{"taxonomy":"product_brand","embeddable":true,"href":"https:\/\/fmp-components.com\/hu\/wp-json\/wp\/v2\/product_brand?post=1360"},{"taxonomy":"product_cat","embeddable":true,"href":"https:\/\/fmp-components.com\/hu\/wp-json\/wp\/v2\/product_cat?post=1360"},{"taxonomy":"product_tag","embeddable":true,"href":"https:\/\/fmp-components.com\/hu\/wp-json\/wp\/v2\/product_tag?post=1360"}],"curies":[{"name":"munkaf\u00fczet","href":"https:\/\/api.w.org\/{rel}","templated":true}]}}