{"id":1359,"date":"2024-12-23T02:18:57","date_gmt":"2024-12-23T02:18:57","guid":{"rendered":"https:\/\/fmp-components.com\/product\/wholesale-customized-double-acting-welded-hydraulic-cylinder-for-tractor\/"},"modified":"2025-03-18T00:55:35","modified_gmt":"2025-03-18T00:55:35","slug":"wholesale-customized-double-acting-welded-hydraulic-cylinder-for-tractor","status":"publish","type":"product","link":"https:\/\/fmp-components.com\/hu\/product\/wholesale-customized-double-acting-welded-hydraulic-cylinder-for-tractor\/","title":{"rendered":"Nagykereskedelmi testreszabott kett\u0151s m\u0171k\u00f6d\u00e9s\u0171 hegesztett hidraulikus henger traktorhoz"},"content":{"rendered":"<p>A nagykereskedelmi, egyedi, kett\u0151s m\u0171k\u00f6d\u00e9s\u0171, hegesztett hidraulikus henger traktorokhoz egy kiv\u00e1l\u00f3 min\u0151s\u00e9g\u0171 term\u00e9k, amelyet a traktorok speci\u00e1lis ig\u00e9nyeinek kiel\u00e9g\u00edt\u00e9s\u00e9re terveztek. Ez a hidraulikus henger a prec\u00edzi\u00f3t \u00e9s a tart\u00f3ss\u00e1got szem el\u0151tt tartva k\u00e9sz\u00fclt, \u00edgy megb\u00edzhat\u00f3 teljes\u00edtm\u00e9nyt ny\u00fajt m\u00e9g ig\u00e9nyes k\u00f6r\u00fclm\u00e9nyek k\u00f6z\u00f6tt is.<\/p>\n<p>Ennek a hidraulikus hengernek az egyik legfontosabb jellemz\u0151je a kett\u0151s m\u0171k\u00f6d\u00e9s. Ez azt jelenti, hogy mindk\u00e9t ir\u00e1nyban k\u00e9pes er\u0151t kifejteni, \u00edgy hat\u00e9kony \u00e9s sokoldal\u00fa m\u0171k\u00f6d\u00e9st tesz lehet\u0151v\u00e9. Ak\u00e1r neh\u00e9z terhek emel\u00e9s\u00e9r\u0151l, ak\u00e1r k\u00fcl\u00f6nf\u00e9le feladatok elv\u00e9gz\u00e9s\u00e9r\u0151l van sz\u00f3 a terepen, ez a hidraulikus henger optim\u00e1lis teljes\u00edtm\u00e9nyt ny\u00fajt.<\/p>\n<p>Ennek a hidraulikus hengernek a hegesztett szerkezete biztos\u00edtja a szil\u00e1rds\u00e1g\u00e1t \u00e9s a hossz\u00fa \u00e9lettartam\u00e1t. \u00dagy tervezt\u00e9k, hogy ellen\u00e1lljon a nagy terhel\u00e9seknek \u00e9s a sz\u00e9ls\u0151s\u00e9ges nyom\u00e1snak, \u00edgy alkalmass\u00e1 teszi a neh\u00e9z mez\u0151gazdas\u00e1gi k\u00f6rnyezetben val\u00f3 haszn\u00e1latra. A massz\u00edv konstrukci\u00f3 a sziv\u00e1rg\u00e1s kock\u00e1zat\u00e1nak minimaliz\u00e1l\u00e1s\u00e1ra is szolg\u00e1l, biztos\u00edtva a hidraulikus henger z\u00f6kken\u0151mentes \u00e9s hat\u00e9kony m\u0171k\u00f6d\u00e9s\u00e9t.<\/p>\n<p>Egyedi kialak\u00edt\u00e1s\u00e1nak k\u00f6sz\u00f6nhet\u0151en ez a hidraulikus henger a k\u00fcl\u00f6nb\u00f6z\u0151 traktormodellek egyedi ig\u00e9nyeihez igaz\u00edthat\u00f3. Ez t\u00f6k\u00e9letes illeszked\u00e9st \u00e9s optim\u00e1lis teljes\u00edtm\u00e9nyt biztos\u00edt, ami jobb termel\u00e9kenys\u00e9get \u00e9s hat\u00e9konys\u00e1got eredm\u00e9nyez.<\/p>\n<p><img loading=\"lazy\" decoding=\"async\" class=\"alignnone size-full wp-image-1334\" src=\"https:\/\/fmp-components.com\/wp-content\/uploads\/2024\/12\/Adjustable-Clevis-Type-Cylinders-4.webp\" alt=\"\u00c1ll\u00edthat\u00f3 vill\u00e1s hengerek\" width=\"800\" height=\"800\" title=\"\" srcset=\"https:\/\/fmp-components.com\/wp-content\/uploads\/2024\/12\/Adjustable-Clevis-Type-Cylinders-4.webp 800w, https:\/\/fmp-components.com\/wp-content\/uploads\/2024\/12\/Adjustable-Clevis-Type-Cylinders-4-480x480.webp 480w\" sizes=\"(min-width: 0px) and (max-width: 480px) 480px, (min-width: 481px) 800px, 100vw\" \/><\/p>\n<table style=\"width: 100%;\" border=\"1\" width=\"100%\" cellspacing=\"0\" cellpadding=\"0\">\n<tbody>\n<tr>\n<th>Term\u00e9k neve<\/th>\n<td>Nagykereskedelmi, testreszabott, kett\u0151s m\u0171k\u00f6d\u00e9s\u0171 hegesztett hidraulikus henger traktorhoz<\/td>\n<\/tr>\n<tr>\n<th>\u00c1llapot<\/th>\n<td>Vadonat\u00faj<\/td>\n<\/tr>\n<tr>\n<th>Garancia<\/th>\n<td>1 \u00e9v<\/td>\n<\/tr>\n<tr>\n<th>Alkalmazhat\u00f3 ipar\u00e1gak<\/th>\n<td>G\u00e9pjav\u00edt\u00f3 m\u0171helyek, Mez\u0151gazdas\u00e1g, Energia \u00e9s b\u00e1ny\u00e1szat, G\u00e9pgy\u00e1rt\u00e1s, G\u00e9pgy\u00e1r<\/td>\n<\/tr>\n<tr>\n<th>S\u00faly (KG)<\/th>\n<td>85<\/td>\n<\/tr>\n<tr>\n<th>Test anyaga<\/th>\n<td>Kiv\u00e1l\u00f3 min\u0151s\u00e9g\u0171 ac\u00e9l<\/td>\n<\/tr>\n<tr>\n<th>Max. tol\u00f3er\u0151<\/th>\n<td>3000<\/td>\n<\/tr>\n<tr>\n<th>T\u00edpus<\/th>\n<td>Standard dugatty\u00fas henger<\/td>\n<\/tr>\n<tr>\n<th>Hatalom<\/th>\n<td>Hidraulikus<\/td>\n<\/tr>\n<tr>\n<th>\u00c1ll\u00edthat\u00f3 t\u00edpus<\/th>\n<td>Clevis t\u00edpus<\/td>\n<\/tr>\n<tr>\n<th>kik\u00f6t\u0151k<\/th>\n<td>G\/SAE\/NPT\/M<\/td>\n<\/tr>\n<tr>\n<th>Max. h\u00faz\u00f3er\u0151<\/th>\n<td>20 tonna<\/td>\n<\/tr>\n<tr>\n<th>Tan\u00fas\u00edtv\u00e1ny<\/th>\n<td>ISO9001:2000<\/td>\n<\/tr>\n<tr>\n<th>Furatm\u00e9ret<\/th>\n<td>2\u20136 h\u00fcvelyk<\/td>\n<\/tr>\n<tr>\n<th>R\u00fad m\u00e9rete<\/th>\n<td>1,125 \u2013 4 h\u00fcvelyk<\/td>\n<\/tr>\n<tr>\n<th>Ecsetvon\u00e1s m\u00e9rete<\/th>\n<td>4\u2013100 h\u00fcvelyk<\/td>\n<\/tr>\n<tr>\n<th>Cs\u00edp\u0151m\u00e9ret<\/th>\n<td>0,5 \u2013 2 h\u00fcvelyk<\/td>\n<\/tr>\n<tr>\n<th>Sz\u00edn<\/th>\n<td>Fekete<\/td>\n<\/tr>\n<tr>\n<th>Csomagol\u00e1si r\u00e9szletek<\/th>\n<td>Vastok, r\u00e9tegelt lemez tok vagy kartondoboz<\/td>\n<\/tr>\n<tr>\n<th><\/th>\n<td><\/td>\n<\/tr>\n<\/tbody>\n<\/table>\n<h2>Az \u00e1ll\u00edthat\u00f3 kengyeles hengerek el\u0151nyei<\/h2>\n<p>Az \u00e1ll\u00edthat\u00f3 kengyeles hengerek, mint p\u00e9ld\u00e1ul a nagykereskedelmi, szem\u00e9lyre szabott kett\u0151s m\u0171k\u00f6d\u00e9s\u0171 hegesztett hidraulikus hengerek traktorokhoz, sz\u00e1mos el\u0151nnyel rendelkeznek k\u00fcl\u00f6nf\u00e9le alkalmaz\u00e1sokban. Ezek a hengerek kengyeles r\u00f6gz\u00edt\u00e9ssel vannak ell\u00e1tva, ami lehet\u0151v\u00e9 teszi a k\u00f6nny\u0171 be\u00e1ll\u00edt\u00e1st \u00e9s testreszab\u00e1st. Az al\u00e1bbiakban az \u00e1ll\u00edthat\u00f3 kengyeles hengerek haszn\u00e1lat\u00e1nak f\u0151bb el\u0151nyei l\u00e1that\u00f3k:<\/p>\n<p>1. Fokozott rugalmass\u00e1g: Az \u00e1ll\u00edthat\u00f3 kengyeles kialak\u00edt\u00e1s lehet\u0151v\u00e9 teszi a k\u00f6nny\u0171 testreszab\u00e1st \u00e9s alkalmazkod\u00e1st a k\u00fcl\u00f6nb\u00f6z\u0151 r\u00f6gz\u00edt\u00e9si poz\u00edci\u00f3khoz \u00e9s sz\u00f6gekhez. Ez a rugalmass\u00e1g optim\u00e1lis teljes\u00edtm\u00e9nyt \u00e9s hat\u00e9konys\u00e1got biztos\u00edt k\u00fcl\u00f6nf\u00e9le alkalmaz\u00e1sokban, bele\u00e9rtve a mez\u0151gazdas\u00e1gi g\u00e9peket, p\u00e9ld\u00e1ul a traktorokat. A prec\u00edz be\u00e1ll\u00edt\u00e1sok elv\u00e9gz\u00e9s\u00e9nek k\u00e9pess\u00e9ge prec\u00edz vez\u00e9rl\u00e9st \u00e9s m\u0171k\u00f6dtet\u00e9st tesz lehet\u0151v\u00e9.<\/p>\n<p>2. Fokozott tart\u00f3ss\u00e1g: A traktorokhoz val\u00f3, nagykereskedelmi, egyedi, kett\u0151s m\u0171k\u00f6d\u00e9s\u0171, hegesztett hidraulikus henger kiv\u00e9teles tart\u00f3ss\u00e1got \u00e9s hossz\u00fa \u00e9lettartamot biztos\u00edt. Ezek a hengerek kiv\u00e1l\u00f3 min\u0151s\u00e9g\u0171 anyagokb\u00f3l k\u00e9sz\u00fclnek, \u00e9s szigor\u00fa tesztel\u00e9sen esnek \u00e1t annak biztos\u00edt\u00e1sa \u00e9rdek\u00e9ben, hogy ellen\u00e1lljanak a neh\u00e9z k\u00f6r\u00fclm\u00e9nyeknek. A hegesztett kialak\u00edt\u00e1s n\u00f6veli a szil\u00e1rds\u00e1got \u00e9s az ellen\u00e1ll\u00e1st a nagy terhel\u00e9sekkel, rezg\u00e9sekkel \u00e9s k\u00f6rnyezeti t\u00e9nyez\u0151kkel szemben, maximaliz\u00e1lja \u00e9lettartamukat.<\/p>\n<p>3. Fokozott hat\u00e9konys\u00e1g: Az \u00e1ll\u00edthat\u00f3 kengyeles hengerek haszn\u00e1lat\u00e1val a kezel\u0151k optimaliz\u00e1lhatj\u00e1k berendez\u00e9seik teljes\u00edtm\u00e9ny\u00e9t \u00e9s hat\u00e9konys\u00e1g\u00e1t. A prec\u00edz be\u00e1ll\u00edt\u00e1sok lehet\u0151v\u00e9 teszik a finomhangol\u00e1st a k\u00edv\u00e1nt er\u0151, sebess\u00e9g \u00e9s l\u00f6kethossz el\u00e9r\u00e9s\u00e9hez. Ez a szint\u0171 szab\u00e1lyoz\u00e1s seg\u00edt minimaliz\u00e1lni az energiafogyaszt\u00e1st, cs\u00f6kkenteni a kop\u00e1st, \u00e9s n\u00f6velni az \u00e1ltal\u00e1nos termel\u00e9kenys\u00e9get.<\/p>\n<p>4. K\u00f6nny\u0171 telep\u00edt\u00e9s \u00e9s karbantart\u00e1s: Ezeknek a hengereknek a vill\u00e1s r\u00f6gz\u00edt\u00e9si kialak\u00edt\u00e1sa leegyszer\u0171s\u00edti a telep\u00edt\u00e9si folyamatot, mivel lehet\u0151v\u00e9 teszi a gyors \u00e9s egyszer\u0171 r\u00f6gz\u00edt\u00e9st k\u00fcl\u00f6nf\u00e9le berendez\u00e9sekhez. Ezenk\u00edv\u00fcl a karbantart\u00e1si elj\u00e1r\u00e1sok, p\u00e9ld\u00e1ul a t\u00f6m\u00edt\u00e9sek vagy m\u00e1s alkatr\u00e9szek ellen\u0151rz\u00e9se \u00e9s cser\u00e9je, k\u00f6nnyebb\u00e9 v\u00e1lnak a hozz\u00e1f\u00e9rhet\u0151 kialak\u00edt\u00e1snak k\u00f6sz\u00f6nhet\u0151en. Ez cs\u00f6kkenti az \u00e1ll\u00e1sid\u0151t \u00e9s biztos\u00edtja a z\u00f6kken\u0151mentes m\u0171k\u00f6d\u00e9st.<\/p>\n<p>5. Sokoldal\u00fa alkalmaz\u00e1sok: Az \u00e1ll\u00edthat\u00f3 kengyeles hengerek sz\u00e1mos ipar\u00e1gban alkalmazhat\u00f3k, bele\u00e9rtve a mez\u0151gazdas\u00e1got, az \u00e9p\u00edt\u0151ipart \u00e9s a gy\u00e1rt\u00e1st. A mez\u0151gazdas\u00e1gi szektorban ezeket a hengereket \u00e1ltal\u00e1ban traktorokban, rakod\u00f3g\u00e9pekben \u00e9s egy\u00e9b mez\u0151gazdas\u00e1gi g\u00e9pekben haszn\u00e1lj\u00e1k olyan feladatokhoz, mint a neh\u00e9z terhek emel\u00e9se, tol\u00e1sa \u00e9s h\u00faz\u00e1sa. Sokoldal\u00fas\u00e1guk alkalmass\u00e1 teszi \u0151ket k\u00fcl\u00f6nf\u00e9le hidraulikus rendszerekhez \u00e9s berendez\u00e9sekhez.<\/p>\n<p>\u00d6sszess\u00e9g\u00e9ben a traktorokhoz val\u00f3, nagykereskedelmi, testreszabott, kett\u0151s m\u0171k\u00f6d\u00e9s\u0171, hegesztett hidraulikus henger \u00e1ll\u00edthat\u00f3 kengyel funkci\u00f3j\u00e1val sz\u00e1mos el\u0151nnyel j\u00e1r a rugalmass\u00e1g, a tart\u00f3ss\u00e1g, a hat\u00e9konys\u00e1g, a k\u00f6nny\u0171 telep\u00edt\u00e9s \u00e9s karbantart\u00e1s, valamint a sokoldal\u00fa alkalmaz\u00e1sok tekintet\u00e9ben. Ezek a hengerek biztos\u00edtj\u00e1k a sz\u00fcks\u00e9ges megb\u00edzhat\u00f3s\u00e1got \u00e9s teljes\u00edtm\u00e9nyt, hogy megfeleljenek a modern hidraulikus rendszerek ig\u00e9nyeinek a mez\u0151gazdas\u00e1gi iparban \u00e9s m\u00e1s \u00e1gazatokban.<\/p>\n<p><img decoding=\"async\" src=\"https:\/\/fmp-components.com\/wp-content\/uploads\/2024\/12\/Adjustable-Clevis-Type-Cylinders5.webp\" alt=\"\u00c1ll\u00edthat\u00f3 kengyeles henger\" width=\"800\" title=\"\"><\/p>\n<h2>\u00c1ll\u00edthat\u00f3 kengyeles hengerek alkalmaz\u00e1sa<\/h2>\n<p>Az \u00e1ll\u00edthat\u00f3 kengyeles hengerek, mint p\u00e9ld\u00e1ul a nagykereskedelmi, egyedi, kett\u0151s m\u0171k\u00f6d\u00e9s\u0171, hegesztett hidraulikus hengerek traktorokhoz, sokoldal\u00fa hidraulikus eszk\u00f6z\u00f6k, amelyek sz\u00e9les k\u00f6rben alkalmazhat\u00f3k k\u00fcl\u00f6nb\u00f6z\u0151 ipar\u00e1gakban. Ezeket a hengereket kifejezetten a pontos \u00e9s megb\u00edzhat\u00f3 line\u00e1ris mozg\u00e1svez\u00e9rl\u00e9s biztos\u00edt\u00e1s\u00e1ra tervezt\u00e9k, \u00edgy n\u00e9lk\u00fcl\u00f6zhetetlenek sz\u00e1mos ipari folyamatban. Ebben a cikkben megvizsg\u00e1ljuk az \u00e1ll\u00edthat\u00f3 kengyeles hengerek k\u00fcl\u00f6nb\u00f6z\u0151 alkalmaz\u00e1sait, \u00e9s kiemelj\u00fck azok el\u0151nyeit \u00e9s haszn\u00e1t.<\/p>\n<h3>1. Ipari g\u00e9pek<\/h3>\n<p>Az \u00e1ll\u00edthat\u00f3 kengyeles hengereket sz\u00e9les k\u00f6rben haszn\u00e1lj\u00e1k ipari g\u00e9pekben a prec\u00edz pozicion\u00e1l\u00e1s \u00e9s mozg\u00e1svez\u00e9rl\u00e9s \u00e9rdek\u00e9ben. Ezek a hengerek nagy er\u0151k kifejt\u00e9s\u00e9re k\u00e9pesek, \u00e9s sima, szab\u00e1lyozott line\u00e1ris mozg\u00e1st biztos\u00edtanak, \u00edgy ide\u00e1lisak olyan alkalmaz\u00e1sokhoz, mint az anyagmozgat\u00e1s, az \u00f6sszeszerel\u0151 sorok \u00e9s az automatiz\u00e1lt g\u00e9pek. A nagykereskedelmi, szem\u00e9lyre szabott, kett\u0151s m\u0171k\u00f6d\u00e9s\u0171, hegesztett hidraulikus henger traktorokhoz k\u00fcl\u00f6n\u00f6sen nagy terhel\u00e9seknek \u00e9s zord \u00fczemi k\u00f6r\u00fclm\u00e9nyeknek val\u00f3 ellen\u00e1ll\u00e1sra lett tervezve, biztos\u00edtva a megb\u00edzhat\u00f3 teljes\u00edtm\u00e9nyt ig\u00e9nyes ipari k\u00f6rnyezetben.<\/p>\n<h3>2. \u00c9p\u00edt\u0151ipari berendez\u00e9sek<\/h3>\n<p>Az \u00e1ll\u00edthat\u00f3 kengyeles hengereket sz\u00e9les k\u00f6rben alkalmazz\u00e1k \u00e9p\u00edt\u0151ipari berendez\u00e9sekben k\u00fcl\u00f6nf\u00e9le feladatokhoz, amelyek prec\u00edz \u00e9s er\u0151teljes line\u00e1ris mozg\u00e1st ig\u00e9nyelnek. A kotr\u00f3g\u00e9pekt\u0151l a darukig ezek a hengerek kulcsszerepet j\u00e1tszanak a g\u00e9mek, kanalak \u00e9s egy\u00e9b hidraulikus tartoz\u00e9kok mozg\u00e1s\u00e1nak szab\u00e1lyoz\u00e1s\u00e1ban. \u00c1ll\u00edthat\u00f3 kengyeles v\u00e9g\u00fckkel ezek a hengerek rugalmas telep\u00edt\u00e9st biztos\u00edtanak, \u00e9s lehet\u0151v\u00e9 teszik a k\u00f6nny\u0171 testreszab\u00e1st az adott berendez\u00e9s ig\u00e9nyei szerint. Ez az alkalmazkod\u00f3k\u00e9pess\u00e9g biztos\u00edtja az optim\u00e1lis teljes\u00edtm\u00e9nyt \u00e9s n\u00f6veli az \u00e9p\u00edt\u0151ipari g\u00e9pek \u00e1ltal\u00e1nos hat\u00e9konys\u00e1g\u00e1t.<\/p>\n<h3>3. Mez\u0151gazdas\u00e1gi g\u00e9pek<\/h3>\n<p>A mez\u0151gazdas\u00e1gi szektor nagyban profit\u00e1l az \u00e1ll\u00edthat\u00f3 kengyeles hengerek alkalmaz\u00e1s\u00e1b\u00f3l, mint p\u00e9ld\u00e1ul a nagykereskedelmi, szem\u00e9lyre szabott, kett\u0151s m\u0171k\u00f6d\u00e9s\u0171, hegesztett hidraulikus henger traktorokhoz. Ezeket a hengereket \u00e1ltal\u00e1ban mez\u0151gazdas\u00e1gi g\u00e9pekben, p\u00e9ld\u00e1ul traktorokban \u00e9s betakar\u00edt\u00f3g\u00e9pekben haszn\u00e1lj\u00e1k k\u00fcl\u00f6nf\u00e9le hidraulikus funkci\u00f3k vez\u00e9rl\u00e9s\u00e9re. A munkag\u00e9pek magass\u00e1g\u00e1nak be\u00e1ll\u00edt\u00e1s\u00e1t\u00f3l a tartoz\u00e9kok mozg\u00e1s\u00e1nak vez\u00e9rl\u00e9s\u00e9ig ezek a hengerek lehet\u0151v\u00e9 teszik a prec\u00edz \u00e9s hat\u00e9kony munkav\u00e9gz\u00e9st a sz\u00e1nt\u00f3f\u00f6ld\u00f6n. Ezenk\u00edv\u00fcl robusztus konstrukci\u00f3juk \u00e9s a zord k\u00f6rnyezeti viszonyokkal szembeni ellen\u00e1ll\u00e1suk alkalmass\u00e1 teszi \u0151ket a mez\u0151gazdas\u00e1gi alkalmaz\u00e1sok kih\u00edv\u00e1st jelent\u0151 k\u00f6vetelm\u00e9nyeire.<\/p>\n<h3>4. Anyagmozgat\u00e1s<\/h3>\n<p>Az \u00e1ll\u00edthat\u00f3 kengyeles hengerek l\u00e9tfontoss\u00e1g\u00fa szerepet j\u00e1tszanak az anyagmozgat\u00e1si alkalmaz\u00e1sokban, ahol a prec\u00edz vez\u00e9rl\u00e9s \u00e9s a megb\u00edzhat\u00f3 teljes\u00edtm\u00e9ny elengedhetetlen. Ezeket a hengereket \u00e1ltal\u00e1ban sz\u00e1ll\u00edt\u00f3szalag-rendszerekben, emel\u0151berendez\u00e9sekben \u00e9s automatiz\u00e1lt rakt\u00e1rakban haszn\u00e1lj\u00e1k az \u00e1ruk \u00e9s anyagok mozgat\u00e1s\u00e1nak megk\u00f6nny\u00edt\u00e9s\u00e9re. A nagykereskedelmi, egyedi, kett\u0151s m\u0171k\u00f6d\u00e9s\u0171, hegesztett hidraulikus henger traktorokhoz kett\u0151s m\u0171k\u00f6d\u00e9s\u0171 kialak\u00edt\u00e1s\u00e1val lehet\u0151v\u00e9 teszi a k\u00e9tir\u00e1ny\u00fa mozg\u00e1st, \u00edgy alkalmas mind tol\u00f3-, mind h\u00faz\u00f3m\u0171veletekre. Ez a sokoldal\u00fas\u00e1g hat\u00e9kony anyagmozgat\u00e1st biztos\u00edt, \u00e9s hozz\u00e1j\u00e1rul a termel\u00e9kenys\u00e9g n\u00f6veked\u00e9s\u00e9hez a k\u00fcl\u00f6nb\u00f6z\u0151 ipar\u00e1gakban.<\/p>\n<h3>5. Mobil berendez\u00e9sek<\/h3>\n<p>Az \u00e1ll\u00edthat\u00f3 kengyeles hengerek k\u00fcl\u00f6nf\u00e9le mobil berendez\u00e9sekben is megtal\u00e1lhat\u00f3k, bele\u00e9rtve a teheraut\u00f3kat, p\u00f3tkocsikat \u00e9s mez\u0151gazdas\u00e1gi j\u00e1rm\u0171veket. Ezek a hengerek megb\u00edzhat\u00f3 \u00e9s szab\u00e1lyozott mozg\u00e1st biztos\u00edtanak olyan funkci\u00f3khoz, mint az \u00e1gyak d\u00f6nt\u00f6get\u00e9se, a platformok emel\u00e9se \u00e9s s\u00fcllyeszt\u00e9se, valamint a korm\u00e1nymechanizmusok be\u00e1ll\u00edt\u00e1sa. Massz\u00edv konstrukci\u00f3juk \u00e9s a neh\u00e9z terhek elvisel\u00e9s\u00e9re val\u00f3 k\u00e9pess\u00e9g\u00fck n\u00e9lk\u00fcl\u00f6zhetetlenn\u00e9 teszi \u0151ket a mobil alkalmaz\u00e1sokban, ahol a tart\u00f3ss\u00e1g \u00e9s a biztons\u00e1g kiemelked\u0151 fontoss\u00e1g\u00fa.<\/p>\n<p>\u00d6sszefoglalva, a nagykereskedelmi, testreszabott, kett\u0151s m\u0171k\u00f6d\u00e9s\u0171, hegesztett hidraulikus henger traktorokhoz, egy \u00e1ll\u00edthat\u00f3 kengyeles henger, sz\u00e9les k\u00f6rben alkalmazhat\u00f3 sz\u00e1mos ipar\u00e1gban. Legyen sz\u00f3 ipari g\u00e9pekr\u0151l, \u00e9p\u00edt\u0151ipari berendez\u00e9sekr\u0151l, mez\u0151gazdas\u00e1gi g\u00e9pekr\u0151l, anyagmozgat\u00e1sr\u00f3l vagy mobil berendez\u00e9sekr\u0151l, ezek a hengerek prec\u00edz vez\u00e9rl\u00e9st, megb\u00edzhat\u00f3s\u00e1got \u00e9s tart\u00f3ss\u00e1got k\u00edn\u00e1lnak. A nagykereskedelmi, testreszabott, kett\u0151s m\u0171k\u00f6d\u00e9s\u0171, hegesztett hidraulikus henger traktorokhoz k\u00fcl\u00f6nb\u00f6z\u0151 hidraulikus rendszerekbe val\u00f3 be\u00e9p\u00edt\u00e9s\u00e9vel az ipar\u00e1gak n\u00f6velhetik a hat\u00e9konys\u00e1got, a termel\u00e9kenys\u00e9get \u00e9s az \u00e1ltal\u00e1nos teljes\u00edtm\u00e9nyt.<\/p>\n<p><img decoding=\"async\" src=\"https:\/\/fmp-components.com\/wp-content\/uploads\/2024\/12\/Application-of-Adjustable-Clevis-Type-Cylinders.webp\" alt=\"\u00c1ll\u00edthat\u00f3 kengyeles henger\" width=\"800\" title=\"\"><\/p>\n<h3>Az FMP-r\u0151l<\/h3>\n<p>Az FMP az \u00d6n megb\u00edzhat\u00f3 forr\u00e1sa a kiv\u00e1l\u00f3 min\u0151s\u00e9g\u0171 hidraulikus hengerek beszerz\u00e9s\u00e9ben az \u00e9p\u00edt\u0151ipari g\u00e9piparban. Sok \u00e9ves ipar\u00e1gi tapasztalattal \u00e9s professzion\u00e1lis csapattal elk\u00f6telezettek vagyunk amellett, hogy kiv\u00e1l\u00f3 min\u0151s\u00e9g\u0171 \u00e9p\u00edt\u0151ipari g\u00e9palkatr\u00e9szeket \u00e9s komplett g\u00e9pmegold\u00e1sokat biztos\u00edtsunk \u00e9rt\u00e9kes \u00fcgyfeleink sz\u00e1m\u00e1ra.<\/p>\n<p>\u00cdme \u00f6t ok, ami\u00e9rt az FMP-t kellene v\u00e1lasztania hidraulikus hengereihez:<\/p>\n<ol>\n<li><strong>Sz\u00e9lesk\u00f6r\u0171 lehet\u0151s\u00e9gek:<\/strong> Term\u00e9kk\u00edn\u00e1latunkban k\u00fcl\u00f6nf\u00e9le t\u00edpus\u00fa \u00e9p\u00edt\u0151ipari g\u00e9pekhez alkalmas hidraulikus munkahengerek sz\u00e9les v\u00e1laszt\u00e9ka tal\u00e1lhat\u00f3. Ak\u00e1r egyszeres vagy kett\u0151s m\u0171k\u00f6d\u00e9s\u0171, teleszk\u00f3pos vagy \u00f6sszek\u00f6t\u0151rudas munkahengerekre van sz\u00fcks\u00e9ge, n\u00e1lunk megtal\u00e1lja az ig\u00e9nyeinek megfelel\u0151 megold\u00e1st.<\/li>\n<li><strong>Kiv\u00e1l\u00f3 min\u0151s\u00e9g:<\/strong> Hossz\u00fa t\u00e1v\u00fa \u00e9s stabil kapcsolatokat \u00e9p\u00edtett\u00fcnk ki kiv\u00e1l\u00f3 min\u0151s\u00e9g\u0171 besz\u00e1ll\u00edt\u00f3kkal, mind belf\u00f6ld\u00f6n, mind k\u00fclf\u00f6ld\u00f6n. Ez biztos\u00edtja, hogy minden hidraulikus henger\u00fcnk megfeleljen a szigor\u00fa min\u0151s\u00e9gi el\u0151\u00edr\u00e1soknak, megb\u00edzhat\u00f3 \u00e9s tart\u00f3s alkatr\u00e9szeket biztos\u00edtva, amelyek ellen\u00e1llnak projektjei ig\u00e9nyeinek.<\/li>\n<li><strong>Szak\u00e9rt\u0151 \u00e9rt\u00e9kes\u00edt\u00e9si csapat:<\/strong> Tapasztalt \u00e9s hozz\u00e1\u00e9rt\u0151 \u00e9rt\u00e9kes\u00edt\u00e9si csapatunk j\u00e1rtas az \u00e9p\u00edt\u0151ipari g\u00e9pipar leg\u00fajabb trendjeiben \u00e9s \u00fcgyf\u00e9lig\u00e9nyeiben. K\u00e9szen \u00e1llnak arra, hogy professzion\u00e1lis term\u00e9ktan\u00e1csad\u00e1ssal \u00e9s intelligens v\u00e1s\u00e1rl\u00e1si javaslatokkal seg\u00edts\u00e9k \u00d6nt a megalapozott d\u00f6nt\u00e9sek meghozatal\u00e1ban.<\/li>\n<li><strong>Hat\u00e9kony logisztika:<\/strong> Meg\u00e9rtj\u00fck az id\u0151ben t\u00f6rt\u00e9n\u0151 sz\u00e1ll\u00edt\u00e1s fontoss\u00e1g\u00e1t. Hat\u00e9kony logisztikai eloszt\u00e1si rendszer\u00fcnkkel biztos\u00edtjuk, hogy a sz\u00fcks\u00e9ges hidraulikus hengereket id\u0151ben \u00e9s pontosan megkapja. Sz\u00e1m\u00edthat r\u00e1nk, hogy projektjei \u00fctemterv szerint haladjanak.<\/li>\n<li><strong>Kiv\u00e9teles \u00fcgyf\u00e9lszolg\u00e1lat:<\/strong> Az FMP-n\u00e9l nagyra \u00e9rt\u00e9kelj\u00fck \u00fcgyfeleinket, \u00e9s arra t\u00f6reksz\u00fcnk, hogy kiv\u00e9teles szolg\u00e1ltat\u00e1st ny\u00fajtsunk. Elk\u00f6telezett csapatunk elk\u00f6telezett amellett, hogy gyorsan megv\u00e1laszolja k\u00e9rd\u00e9seit \u00e9s agg\u00e1lyait, biztos\u00edtva a z\u00f6kken\u0151mentes \u00e9s kiel\u00e9g\u00edt\u0151 \u00e9lm\u00e9nyt a vel\u00fcnk val\u00f3 egy\u00fcttm\u0171k\u00f6d\u00e9s sor\u00e1n.<\/li>\n<\/ol>\n<p>Tekintse meg k\u00f6zelebbr\u0151l \u00e1ll\u00edthat\u00f3 vill\u00e1s henger\u00fcnket al\u00e1bb:<\/p>\n<p><img decoding=\"async\" src=\"https:\/\/fmp-components.com\/wp-content\/uploads\/2024\/12\/Adjustable-Clevis-Type-Cylinders-6.webp\" alt=\"\u00c1ll\u00edthat\u00f3 kengyeles henger\" width=\"821\" title=\"\"><\/p>\n<h2>GYIK<\/h2>\n<p><b>K: Milyen k\u00fcl\u00f6nb\u00f6z\u0151 t\u00edpus\u00fa hidraulikus hengereket k\u00edn\u00e1lnak?<\/b><br \/>\nV: K\u00edn\u00e1latunkban \u00f6sszek\u00f6t\u0151rudatos, hegesztett, teleszk\u00f3pos, egyszeres \u00e9s kett\u0151s m\u0171k\u00f6d\u00e9s\u0171 hengerek tal\u00e1lhat\u00f3k.<\/p>\n<p><b>K: Mekkora a hidraulikus henger teherb\u00edr\u00e1sa?<\/b><br \/>\nV: Hidraulikus henger\u00fcnk teherb\u00edr\u00e1sa maximum 20 tonna.<\/p>\n<p><b>K: K\u00edn\u00e1lnak testreszab\u00e1si lehet\u0151s\u00e9geket a hidraulikus hengerhez?<\/b><br \/>\nV: Igen, tudjuk. A hengereket az \u00d6n egyedi ig\u00e9nyeihez igaz\u00edtjuk.<\/p>\n<p><img decoding=\"async\" src=\"https:\/\/img.jiansujichilun.com\/img\/hydrauliccylinders\/B_hydrauliccylinders-5.webp\" alt=\"hidraulikus henger\" width=\"800\" title=\"\"><\/p>\n<p>Szerz\u0151: CX<\/p>","protected":false},"excerpt":{"rendered":"<p>The Wholesale Customized Double Acting Welded Hydraulic Cylinder For Tractor is a high-quality product that is designed to meet the specific needs of tractors. This hydraulic cylinder is built with precision and durability in mind, ensuring its reliable performance even in demanding conditions. One of the key features of this hydraulic cylinder is its double-acting [&hellip;]<\/p>","protected":false},"featured_media":1336,"comment_status":"closed","ping_status":"closed","template":"","meta":{"_et_pb_use_builder":"","_et_pb_old_content":"","_et_gb_content_width":""},"product_brand":[],"product_cat":[39],"product_tag":[41,34],"class_list":{"0":"post-1359","1":"product","2":"type-product","3":"status-publish","4":"has-post-thumbnail","6":"product_cat-adjustable-clevis-type-cylinders","7":"product_tag-adjustable-clevis-type-cylinders","8":"product_tag-hydraulic-cylinder","10":"first","11":"instock","12":"product-type-simple"},"_links":{"self":[{"href":"https:\/\/fmp-components.com\/hu\/wp-json\/wp\/v2\/product\/1359","targetHints":{"allow":["GET"]}}],"collection":[{"href":"https:\/\/fmp-components.com\/hu\/wp-json\/wp\/v2\/product"}],"about":[{"href":"https:\/\/fmp-components.com\/hu\/wp-json\/wp\/v2\/types\/product"}],"replies":[{"embeddable":true,"href":"https:\/\/fmp-components.com\/hu\/wp-json\/wp\/v2\/comments?post=1359"}],"wp:featuredmedia":[{"embeddable":true,"href":"https:\/\/fmp-components.com\/hu\/wp-json\/wp\/v2\/media\/1336"}],"wp:attachment":[{"href":"https:\/\/fmp-components.com\/hu\/wp-json\/wp\/v2\/media?parent=1359"}],"wp:term":[{"taxonomy":"product_brand","embeddable":true,"href":"https:\/\/fmp-components.com\/hu\/wp-json\/wp\/v2\/product_brand?post=1359"},{"taxonomy":"product_cat","embeddable":true,"href":"https:\/\/fmp-components.com\/hu\/wp-json\/wp\/v2\/product_cat?post=1359"},{"taxonomy":"product_tag","embeddable":true,"href":"https:\/\/fmp-components.com\/hu\/wp-json\/wp\/v2\/product_tag?post=1359"}],"curies":[{"name":"munkaf\u00fczet","href":"https:\/\/api.w.org\/{rel}","templated":true}]}}