{"id":1358,"date":"2024-12-23T02:18:57","date_gmt":"2024-12-23T02:18:57","guid":{"rendered":"https:\/\/fmp-components.com\/product\/factory-provide-adjustable-welded-hydraulic-cylinder-for-trailer\/"},"modified":"2024-12-23T03:02:20","modified_gmt":"2024-12-23T03:02:20","slug":"factory-provide-adjustable-welded-hydraulic-cylinder-for-trailer","status":"publish","type":"product","link":"https:\/\/fmp-components.com\/hu\/product\/factory-provide-adjustable-welded-hydraulic-cylinder-for-trailer\/","title":{"rendered":"Gy\u00e1rilag \u00e1ll\u00edthat\u00f3 hegesztett hidraulikus henger p\u00f3tkocsihoz"},"content":{"rendered":"<h2>Gy\u00e1rilag \u00e1ll\u00edthat\u00f3 hegesztett hidraulikus henger p\u00f3tkocsihoz:<\/h2>\n<p>A gy\u00e1rilag biztos\u00edtott \u00e1ll\u00edthat\u00f3 hegesztett hidraulikus henger p\u00f3tkocsikhoz egy olyan term\u00e9k, amelyet a p\u00f3tkocsik szil\u00e1rds\u00e1g\u00e1nak \u00e9s stabilit\u00e1s\u00e1nak biztos\u00edt\u00e1s\u00e1ra terveztek. Hegesztett kialak\u00edt\u00e1s\u00e1nak k\u00f6sz\u00f6nhet\u0151en k\u00e9pes ellen\u00e1llni a nagy nyom\u00e1snak \u00e9s a nagy terhel\u00e9seknek, \u00edgy megb\u00edzhat\u00f3 v\u00e1laszt\u00e1s azok sz\u00e1m\u00e1ra, akiknek tart\u00f3s hidraulikus hengerre van sz\u00fcks\u00e9g\u00fck.<\/p>\n<p>Ez a hidraulikus henger \u00e1ll\u00edthat\u00f3, ami azt jelenti, hogy k\u00f6nnyen adapt\u00e1lhat\u00f3 a k\u00fcl\u00f6nb\u00f6z\u0151 p\u00f3tkocsikhoz \u00e9s azok egyedi ig\u00e9nyeihez. Hidraulikus rendszere sima \u00e9s hat\u00e9kony m\u0171k\u00f6d\u00e9st biztos\u00edt, \u00edgy sz\u00e9les k\u00f6rben k\u00f6nnyen haszn\u00e1lhat\u00f3.<\/p>\n<p>A gy\u00e1rilag biztos\u00edtott, \u00e1ll\u00edthat\u00f3 hegesztett hidraulikus munkahenger p\u00f3tkocsikhoz tart\u00f3s, kiv\u00e1l\u00f3 min\u0151s\u00e9g\u0171, kop\u00e1s- \u00e9s elhaszn\u00e1l\u00f3d\u00e1s\u00e1ll\u00f3 anyagokb\u00f3l k\u00e9sz\u00fclt. Fejlett kialak\u00edt\u00e1s\u00e1nak k\u00f6sz\u00f6nhet\u0151en a legnehezebb k\u00f6r\u00fclm\u00e9nyeknek is ellen\u00e1ll, \u00edgy n\u00e9pszer\u0171 v\u00e1laszt\u00e1s az \u00e9p\u00edt\u0151iparban \u00e9s a mez\u0151gazdas\u00e1gban dolgoz\u00f3k sz\u00e1m\u00e1ra.<\/p>\n<p><img loading=\"lazy\" decoding=\"async\" class=\"alignnone size-full wp-image-1334\" src=\"https:\/\/fmp-components.com\/wp-content\/uploads\/2024\/12\/Adjustable-Clevis-Type-Cylinders-4.webp\" alt=\"\u00c1ll\u00edthat\u00f3 vill\u00e1s hengerek\" width=\"800\" height=\"800\" title=\"\" srcset=\"https:\/\/fmp-components.com\/wp-content\/uploads\/2024\/12\/Adjustable-Clevis-Type-Cylinders-4.webp 800w, https:\/\/fmp-components.com\/wp-content\/uploads\/2024\/12\/Adjustable-Clevis-Type-Cylinders-4-480x480.webp 480w\" sizes=\"(min-width: 0px) and (max-width: 480px) 480px, (min-width: 481px) 800px, 100vw\" \/><\/p>\n<p>\u00d6sszess\u00e9g\u00e9ben a gy\u00e1rilag biztos\u00edtott \u00e1ll\u00edthat\u00f3 hegesztett hidraulikus henger p\u00f3tkocsikhoz egy kiv\u00e1l\u00f3 min\u0151s\u00e9g\u0171 term\u00e9k, amely megb\u00edzhat\u00f3 \u00e9s hat\u00e9kony teljes\u00edtm\u00e9nyt ny\u00fajt. Szil\u00e1rds\u00e1ga \u00e9s tart\u00f3ss\u00e1ga k\u00f6lts\u00e9ghat\u00e9kony v\u00e1laszt\u00e1ss\u00e1 teszi azok sz\u00e1m\u00e1ra, akiknek hossz\u00fa \u00e9lettartam\u00fa hidraulikus hengerre van sz\u00fcks\u00e9g\u00fck p\u00f3tkocsijukhoz.<\/p>\n<table style=\"width: 100%;\" border=\"1\" width=\"100%\" cellspacing=\"0\" cellpadding=\"0\">\n<tbody>\n<tr>\n<th>Term\u00e9k neve<\/th>\n<td>\u00c1ll\u00edthat\u00f3 hegesztett hidraulikus henger p\u00f3tkocsihoz<\/td>\n<\/tr>\n<tr>\n<th>M\u00e1rka<\/th>\n<td>Gy\u00e1ri ell\u00e1t\u00e1s<\/td>\n<\/tr>\n<tr>\n<th>Garancia<\/th>\n<td>1 \u00e9v<\/td>\n<\/tr>\n<tr>\n<th>Alkalmazhat\u00f3 ipar\u00e1gak<\/th>\n<td>G\u00e9pjav\u00edt\u00f3 m\u0171helyek, Mez\u0151gazdas\u00e1g, Energia \u00e9s b\u00e1ny\u00e1szat, G\u00e9pgy\u00e1rt\u00e1s, G\u00e9pgy\u00e1r<\/td>\n<\/tr>\n<tr>\n<th>S\u00faly (KG)<\/th>\n<td>85<\/td>\n<\/tr>\n<tr>\n<th>Vide\u00f3s kimen\u0151 ellen\u0151rz\u00e9s<\/th>\n<td>Felt\u00e9ve<\/td>\n<\/tr>\n<tr>\n<th>G\u00e9ptesztel\u00e9si jelent\u00e9s<\/th>\n<td>Felt\u00e9ve<\/td>\n<\/tr>\n<tr>\n<th>Marketingt\u00edpus<\/th>\n<td>\u00daj term\u00e9k 2023<\/td>\n<\/tr>\n<tr>\n<th>Alapvet\u0151 \u00f6sszetev\u0151k<\/th>\n<td>Csap\u00e1gy, hidraulikus henger<\/td>\n<\/tr>\n<tr>\n<th>Test anyaga<\/th>\n<td>Ac\u00e9l<\/td>\n<\/tr>\n<tr>\n<th>Max. tol\u00f3er\u0151<\/th>\n<td>3000<\/td>\n<\/tr>\n<tr>\n<th>T\u00edpus<\/th>\n<td>\u00c1ll\u00edthat\u00f3 vill\u00e1s t\u00edpus<\/td>\n<\/tr>\n<tr>\n<th>kik\u00f6t\u0151k<\/th>\n<td>G\/SAE\/NPT\/M<\/td>\n<\/tr>\n<tr>\n<th>Max. h\u00faz\u00f3er\u0151<\/th>\n<td>20 tonna<\/td>\n<\/tr>\n<tr>\n<th>Tan\u00fas\u00edtv\u00e1ny<\/th>\n<td>ISO9001:2000<\/td>\n<\/tr>\n<tr>\n<th>Furatm\u00e9ret<\/th>\n<td>2-6 h\u00fcvelyk<\/td>\n<\/tr>\n<tr>\n<th>R\u00fad m\u00e9rete<\/th>\n<td>1,125-4 h\u00fcvelyk<\/td>\n<\/tr>\n<tr>\n<th>Ecsetvon\u00e1s m\u00e9rete<\/th>\n<td>4-100 h\u00fcvelyk<\/td>\n<\/tr>\n<tr>\n<th>Cs\u00edp\u0151m\u00e9ret<\/th>\n<td>0,5-2 h\u00fcvelyk<\/td>\n<\/tr>\n<\/tbody>\n<\/table>\n<h2>Az \u00e1ll\u00edthat\u00f3 kengyeles hengerek el\u0151nyei<\/h2>\n<p>Az \u00e1ll\u00edthat\u00f3 kengyeles hengerek, mint p\u00e9ld\u00e1ul a gy\u00e1rilag biztos\u00edtott \u00e1ll\u00edthat\u00f3 hegesztett hidraulikus hengerek p\u00f3tkocsikhoz, sz\u00e1mos el\u0151nnyel j\u00e1rnak, amelyek \u00e9rt\u00e9kes v\u00e1laszt\u00e1ss\u00e1 teszik \u0151ket k\u00fcl\u00f6nf\u00e9le alkalmaz\u00e1sokhoz. Ebben a cikkben r\u00e9szletesen megvizsg\u00e1ljuk ezen hengerek el\u0151nyeit:<\/p>\n<p>1. Fokozott rugalmass\u00e1g: Az \u00e1ll\u00edthat\u00f3 kengyeles hengerek egyik legfontosabb el\u0151nye, hogy fokozott rugalmass\u00e1got biztos\u00edtanak a hidraulikus rendszerekben. Az \u00e1ll\u00edthat\u00f3 kengyel lehet\u0151v\u00e9 teszi a henger beszerel\u00e9si helyzet\u00e9nek egyszer\u0171 \u00e9s pontos be\u00e1ll\u00edt\u00e1s\u00e1t, ami kulcsfontoss\u00e1g\u00fa lehet olyan helyzetekben, amikor meghat\u00e1rozott m\u00e9reteket vagy sz\u00f6geket kell figyelembe venni. Ez a rugalmass\u00e1g optim\u00e1lis teljes\u00edtm\u00e9nyt \u00e9s illeszked\u00e9st biztos\u00edt sz\u00e1mos alkalmaz\u00e1sban.<\/p>\n<p>2. Fokozott tart\u00f3ss\u00e1g: Az \u00e1ll\u00edthat\u00f3 kengyeles hengereket \u00fagy tervezt\u00e9k, hogy ellen\u00e1lljanak a nagy terhel\u00e9seknek \u00e9s a neh\u00e9z \u00fczemi k\u00f6r\u00fclm\u00e9nyeknek. Ezek a hengerek kiv\u00e1l\u00f3 min\u0151s\u00e9g\u0171 anyagokb\u00f3l, p\u00e9ld\u00e1ul edzett ac\u00e9lb\u00f3l k\u00e9sz\u00fclnek, ami fokozza szil\u00e1rds\u00e1gukat \u00e9s tart\u00f3ss\u00e1gukat. A robusztus konstrukci\u00f3 biztos\u00edtja, hogy a hengerek ellen\u00e1lljanak a folyamatos haszn\u00e1lat megpr\u00f3b\u00e1ltat\u00e1sainak an\u00e9lk\u00fcl, hogy teljes\u00edtm\u00e9ny\u00fck vagy szerkezeti integrit\u00e1suk vesz\u00e9lybe ker\u00fclne.<\/p>\n<p>3. K\u00f6nny\u0171 telep\u00edt\u00e9s \u00e9s karbantart\u00e1s: Az \u00e1ll\u00edthat\u00f3 kengyeles hengerek tov\u00e1bbi el\u0151nye a k\u00f6nny\u0171 telep\u00edt\u00e9s \u00e9s karbantart\u00e1s. Az \u00e1ll\u00edthat\u00f3 kengyeles kialak\u00edt\u00e1s leegyszer\u0171s\u00edti a telep\u00edt\u00e9si folyamatot, lehet\u0151v\u00e9 t\u00e9ve a gyors \u00e9s probl\u00e9mamentes szerel\u00e9st. Ezenk\u00edv\u00fcl a rendszeres karbantart\u00e1s \u00e9s ellen\u0151rz\u00e9s is k\u00f6nnyebb, mivel az \u00e1ll\u00edthat\u00f3 kengyel k\u00f6nny\u0171 hozz\u00e1f\u00e9r\u00e9st biztos\u00edt a henger alkatr\u00e9szeihez, biztos\u00edtva a hat\u00e9kony szervizel\u00e9st \u00e9s minimaliz\u00e1lva az \u00e1ll\u00e1sid\u0151t.<\/p>\n<p>4. Sokoldal\u00fa alkalmaz\u00e1sok: Az \u00e1ll\u00edthat\u00f3 kengyeles hengerek sz\u00e1mos ipar\u00e1gban \u00e9s rendszerben alkalmazhat\u00f3k. Sokoldal\u00fas\u00e1guk alkalmass\u00e1 teszi \u0151ket k\u00fcl\u00f6nf\u00e9le g\u00e9pekhez \u00e9s berendez\u00e9sekhez, bele\u00e9rtve a p\u00f3tkocsikat, mez\u0151gazdas\u00e1gi g\u00e9peket, \u00e9p\u00edt\u0151ipari berendez\u00e9seket \u00e9s egyebeket. A kengyel \u00e1ll\u00edthat\u00f3 jellege lehet\u0151v\u00e9 teszi a testreszab\u00e1st \u00e9s az alkalmazkod\u00e1st a k\u00fcl\u00f6nb\u00f6z\u0151 ig\u00e9nyekhez, \u00edgy ezek a hengerek rendk\u00edv\u00fcl j\u00f3l alkalmazkodnak a k\u00fcl\u00f6nb\u00f6z\u0151 alkalmaz\u00e1sokhoz.<\/p>\n<p>5. Prec\u00edz pozicion\u00e1l\u00e1s: Ezeknek a hengereknek az \u00e1ll\u00edthat\u00f3 kengyeles kialak\u00edt\u00e1sa lehet\u0151v\u00e9 teszi a hidraulikus mechanizmus prec\u00edz pozicion\u00e1l\u00e1s\u00e1t. Ez a pontoss\u00e1g kulcsfontoss\u00e1g\u00fa azokban az alkalmaz\u00e1sokban, ahol pontos be\u00e1ll\u00edt\u00e1sra \u00e9s vez\u00e9rl\u00e9sre van sz\u00fcks\u00e9g, p\u00e9ld\u00e1ul anyagmozgat\u00f3 rendszerekben vagy olyan berendez\u00e9sekben, amelyek hat\u00e9kony m\u0171k\u00f6d\u00e9shez speci\u00e1lis pozicion\u00e1l\u00e1st ig\u00e9nyelnek. A henger beszerel\u00e9si helyzet\u00e9nek finomhangol\u00e1s\u00e1nak k\u00e9pess\u00e9ge optim\u00e1lis teljes\u00edtm\u00e9nyt \u00e9s m\u0171k\u00f6d\u00e9si hat\u00e9konys\u00e1got biztos\u00edt.<\/p>\n<p>\u00d6sszefoglalva, az \u00e1ll\u00edthat\u00f3 kengyeles hengerek, amelyeket a gy\u00e1rilag hegesztett, \u00e1ll\u00edthat\u00f3 hidraulikus henger p\u00f3tkocsikhoz p\u00e9ld\u00e1z, sz\u00e1mos el\u0151nnyel rendelkeznek a rugalmass\u00e1g, a tart\u00f3ss\u00e1g, a k\u00f6nny\u0171 telep\u00edt\u00e9s \u00e9s karbantart\u00e1s, a sokoldal\u00fas\u00e1g \u00e9s a pontos pozicion\u00e1l\u00e1s tekintet\u00e9ben. Ezek a hengerek megb\u00edzhat\u00f3 \u00e9s hat\u00e9kony megold\u00e1st k\u00edn\u00e1lnak k\u00fcl\u00f6nf\u00e9le hidraulikus rendszerekhez \u00e9s alkalmaz\u00e1sokhoz, \u00edgy n\u00e9pszer\u0171 v\u00e1laszt\u00e1ss\u00e1 v\u00e1ltak az ipar\u00e1gban.<img decoding=\"async\" src=\"https:\/\/fmp-components.com\/wp-content\/uploads\/2024\/12\/Adjustable-Clevis-Type-Cylinders5.webp\" alt=\"\u00c1ll\u00edthat\u00f3 kengyeles henger\" width=\"800\" title=\"\"><\/p>\n<h2>\u00c1ll\u00edthat\u00f3 kengyeles hengerek alkalmaz\u00e1sa<\/h2>\n<p>Az \u00e1ll\u00edthat\u00f3 kengyeles hengerek, mint p\u00e9ld\u00e1ul a gy\u00e1rilag biztos\u00edtott \u00e1ll\u00edthat\u00f3 hegesztett hidraulikus hengerek p\u00f3tkocsikhoz, sokoldal\u00fas\u00e1guknak \u00e9s alkalmazkod\u00f3k\u00e9pess\u00e9g\u00fcknek k\u00f6sz\u00f6nhet\u0151en kulcsfontoss\u00e1g\u00fa szerepet j\u00e1tszanak a k\u00fcl\u00f6nb\u00f6z\u0151 ipar\u00e1gakban. Ezeket a speci\u00e1lis hidraulikus hengereket prec\u00edz \u00e9s szab\u00e1lyozott line\u00e1ris mozg\u00e1s biztos\u00edt\u00e1s\u00e1ra tervezt\u00e9k, \u00edgy ide\u00e1lisak sz\u00e9les k\u00f6r\u0171 alkalmaz\u00e1sokhoz. Ebben a blogbejegyz\u00e9sben megvizsg\u00e1ljuk az \u00e1ll\u00edthat\u00f3 kengyeles hengerek f\u0151bb alkalmaz\u00e1sait, \u00e9s r\u00e9szletesen t\u00e1rgyaljuk azok el\u0151nyeit.<\/p>\n<h3>1. Ipari automatiz\u00e1l\u00e1s<\/h3>\n<p>Az \u00e1ll\u00edthat\u00f3 kengyeles hengereket sz\u00e9les k\u00f6rben haszn\u00e1lj\u00e1k ipari automatiz\u00e1l\u00e1si rendszerekben, ahol prec\u00edz \u00e9s szab\u00e1lyozott mozg\u00e1sra van sz\u00fcks\u00e9g. Ezek a hengerek k\u00f6nnyen be\u00e1ll\u00edthat\u00f3k a k\u00edv\u00e1nt l\u00f6kethossz el\u00e9r\u00e9s\u00e9hez, \u00edgy t\u00f6k\u00e9letesek olyan alkalmaz\u00e1sokhoz, mint a sz\u00e1ll\u00edt\u00f3szalag-rendszerek, \u00f6sszeszerel\u0151 sorok \u00e9s robotkarok. A gy\u00e1rilag sz\u00e1ll\u00edtott, \u00e1ll\u00edthat\u00f3, hegesztett hidraulikus henger p\u00f3tkocsikhoz, nagy teherb\u00edr\u00e1s\u00e1val \u00e9s \u00e1ll\u00edthat\u00f3 tulajdons\u00e1gaival hat\u00e9kony \u00e9s megb\u00edzhat\u00f3 m\u0171k\u00f6d\u00e9st biztos\u00edt az ipari automatiz\u00e1l\u00e1sban.<\/p>\n<h3>2. Mez\u0151gazdas\u00e1gi g\u00e9pek<\/h3>\n<p>A mez\u0151gazdas\u00e1gi szektorban az \u00e1ll\u00edthat\u00f3 kengyeles hengerek sz\u00e9les k\u00f6rben alkalmazhat\u00f3k mez\u0151gazdas\u00e1gi g\u00e9pekben. Ezeket a hengereket \u00e1ltal\u00e1ban mez\u0151gazdas\u00e1gi g\u00e9pekben, p\u00e9ld\u00e1ul betakar\u00edt\u00f3g\u00e9pekben, ek\u00e9kben \u00e9s \u00f6nt\u00f6z\u0151rendszerekben haszn\u00e1lj\u00e1k. A henger l\u00f6kethossz\u00e1nak be\u00e1ll\u00edt\u00e1si lehet\u0151s\u00e9ge lehet\u0151v\u00e9 teszi ezen mez\u0151gazdas\u00e1gi g\u00e9pek mozg\u00e1s\u00e1nak pontos szab\u00e1lyoz\u00e1s\u00e1t. A gy\u00e1rilag biztos\u00edtott, p\u00f3tkocsikhoz val\u00f3, \u00e1ll\u00edthat\u00f3, hegesztett hidraulikus henger robusztus konstrukci\u00f3j\u00e1val \u00e9s korr\u00f3zi\u00f3\u00e1ll\u00f3 tulajdons\u00e1gaival optim\u00e1lis teljes\u00edtm\u00e9nyt biztos\u00edt m\u00e9g zord mez\u0151gazdas\u00e1gi k\u00f6rnyezetben is.<\/p>\n<h3>3. \u00c9p\u00edt\u0151ipari berendez\u00e9sek<\/h3>\n<p>Az \u00e1ll\u00edthat\u00f3 kengyeles hengereket sz\u00e9les k\u00f6rben haszn\u00e1lj\u00e1k az \u00e9p\u00edt\u0151iparban is. Ezeket a hengereket gyakran megtal\u00e1lj\u00e1k \u00e9p\u00edt\u0151ipari berendez\u00e9sekben, p\u00e9ld\u00e1ul kotr\u00f3g\u00e9pekben, rakod\u00f3g\u00e9pekben \u00e9s darukban. Ezeknek a hengereknek az \u00e1ll\u00edthat\u00f3s\u00e1ga lehet\u0151v\u00e9 teszi a neh\u00e9z terhek pontos pozicion\u00e1l\u00e1s\u00e1t \u00e9s emel\u00e9s\u00e9t. A gy\u00e1rilag biztos\u00edtott, \u00e1ll\u00edthat\u00f3, hegesztett hidraulikus henger p\u00f3tkocsikhoz, tart\u00f3s konstrukci\u00f3j\u00e1val \u00e9s nagynyom\u00e1s\u00fa k\u00e9pess\u00e9g\u00e9vel, megb\u00edzhat\u00f3s\u00e1got \u00e9s biztons\u00e1got biztos\u00edt a neh\u00e9z \u00e9p\u00edt\u00e9si helysz\u00edneken.<\/p>\n<h3>4. Anyagmozgat\u00e1s<\/h3>\n<p>Az \u00e1ll\u00edthat\u00f3 kengyeles hengereket sz\u00e9les k\u00f6rben alkalmazz\u00e1k az anyagmozgat\u00e1si alkalmaz\u00e1sokban. Ezeket a hengereket olyan berendez\u00e9sekben haszn\u00e1lj\u00e1k, mint a targonc\u00e1k, emel\u0151asztalok \u00e9s sz\u00e1ll\u00edt\u00f3szalag-rendszerek. A hengerek \u00e1ll\u00edthat\u00f3 l\u00f6kethossza lehet\u0151v\u00e9 teszi az anyagok hat\u00e9kony \u00e9s szab\u00e1lyozott mozgat\u00e1s\u00e1t, hozz\u00e1j\u00e1rulva a termel\u00e9kenys\u00e9g \u00e9s a biztons\u00e1g jav\u00edt\u00e1s\u00e1hoz az anyagmozgat\u00e1si m\u0171veletek sor\u00e1n. A gy\u00e1rilag biztos\u00edtott, \u00e1ll\u00edthat\u00f3 hegesztett hidraulikus henger p\u00f3tkocsikhoz, kiv\u00e1l\u00f3 teherb\u00edr\u00e1s\u00e1val \u00e9s \u00e1ll\u00edthat\u00f3 tulajdons\u00e1gaival, n\u00f6veli az anyagmozgat\u00e1si feladatok hat\u00e9konys\u00e1g\u00e1t.<\/p>\n<h3>5. Mobil munkag\u00e9pek<\/h3>\n<p>Az \u00e1ll\u00edthat\u00f3 kengyeles hengereket gyakran haszn\u00e1lj\u00e1k k\u00fcl\u00f6nf\u00e9le mobil munkag\u00e9pekben. Ezek a munkahengerek olyan alkalmaz\u00e1sokban tal\u00e1lhat\u00f3k, mint az aut\u00f3daruk, d\u00f6mperek \u00e9s mez\u0151gazdas\u00e1gi j\u00e1rm\u0171vek. Az \u00e1ll\u00edthat\u00f3 tulajdons\u00e1guk lehet\u0151v\u00e9 teszi a rugalmas pozicion\u00e1l\u00e1st \u00e9s be\u00e1ll\u00edt\u00e1st a k\u00fcl\u00f6nb\u00f6z\u0151 \u00fczemeltet\u00e9si ig\u00e9nyeknek megfelel\u0151en. A gy\u00e1rilag biztos\u00edtott, \u00e1ll\u00edthat\u00f3, hegesztett hidraulikus munkahenger p\u00f3tkocsikhoz, robusztus kialak\u00edt\u00e1s\u00e1val \u00e9s testreszabhat\u00f3 opci\u00f3ival, optim\u00e1lis teljes\u00edtm\u00e9nyt \u00e9s hossz\u00fa \u00e9lettartamot biztos\u00edt a mobil munkag\u00e9pek alkalmaz\u00e1saiban.<\/p>\n<p>\u00d6sszefoglalva, az \u00e1ll\u00edthat\u00f3 kengyeles hengerek, bele\u00e9rtve a gy\u00e1rilag sz\u00e1ll\u00edtott \u00e1ll\u00edthat\u00f3 hegesztett hidraulikus hengereket is p\u00f3tkocsikhoz, rendk\u00edv\u00fcl sokoldal\u00faak \u00e9s sz\u00e9les k\u00f6rben alkalmazhat\u00f3k k\u00fcl\u00f6nb\u00f6z\u0151 ipar\u00e1gakban. \u00c1ll\u00edthat\u00f3 tulajdons\u00e1gaik, robusztus konstrukci\u00f3jukkal \u00e9s prec\u00edz vez\u00e9rl\u00e9s\u00fckkel kombin\u00e1lva n\u00e9lk\u00fcl\u00f6zhetetlenn\u00e9 teszik \u0151ket az ipari automatiz\u00e1l\u00e1sban, a mez\u0151gazdas\u00e1gi g\u00e9pekben, az \u00e9p\u00edt\u0151ipari berendez\u00e9sekben, az anyagmozgat\u00e1sban \u00e9s a mobil munkag\u00e9pekben. A megb\u00edzhat\u00f3 \u00e9s hat\u00e9kony line\u00e1ris mozg\u00e1s biztos\u00edt\u00e1s\u00e1val ezek a hengerek hozz\u00e1j\u00e1rulnak a k\u00fcl\u00f6nb\u00f6z\u0151 alkalmaz\u00e1sok \u00e1ltal\u00e1nos termel\u00e9kenys\u00e9g\u00e9hez \u00e9s biztons\u00e1g\u00e1hoz.<\/p>\n<p><img decoding=\"async\" src=\"https:\/\/fmp-components.com\/wp-content\/uploads\/2024\/12\/Application-of-Adjustable-Clevis-Type-Cylinders.webp\" alt=\"\u00c1ll\u00edthat\u00f3 kengyeles henger\" width=\"800\" title=\"\"><\/p>\n<h3>Az FMP-r\u0151l \u2013 Hidraulikus henger<\/h3>\n<p>Az FMP egy vezet\u0151 v\u00e1llalat, amely \u00e9p\u00edt\u0151ipari g\u00e9palkatr\u00e9szek \u00e9s komplett g\u00e9pek \u00e9rt\u00e9kes\u00edt\u00e9s\u00e9re \u00e9s szervizel\u00e9s\u00e9re specializ\u00e1l\u00f3dott. Kiv\u00e1l\u00f3 min\u0151s\u00e9g\u0171 \u00e9s megb\u00edzhat\u00f3 \u00e9p\u00edt\u0151ipari g\u00e9palkatr\u00e9szeket \u00e9s komplett g\u00e9pmegold\u00e1sokat k\u00edn\u00e1lunk sok\u00e9ves ipar\u00e1gi tapasztalattal \u00e9s professzion\u00e1lis csapattal, Olaszorsz\u00e1gban. C\u00e9g\u00fcnk sz\u00e9les term\u00e9kv\u00e1laszt\u00e9kot k\u00edn\u00e1l, bele\u00e9rtve t\u00f6bbek k\u00f6z\u00f6tt mez\u0151gazdas\u00e1gi g\u00e9pek sebess\u00e9gv\u00e1lt\u00f3it, bolyg\u00f3kerekes sebess\u00e9gv\u00e1lt\u00f3kat, ipari sebess\u00e9gv\u00e1lt\u00f3kat \u00e9s k\u00fcl\u00f6nf\u00e9le \u00e9p\u00edt\u0151ipari g\u00e9palkatr\u00e9szeket.<\/p>\n<p>\u00cdme n\u00e9h\u00e1ny el\u0151nye \u00e9s jellemz\u0151je a hidraulikus henger\u00fcnknek:<\/p>\n<p>1. Kiv\u00e1l\u00f3 min\u0151s\u00e9g\u0171 anyagok: Hidraulikus hengereink kiv\u00e1l\u00f3 min\u0151s\u00e9g\u0171, er\u0151s, tart\u00f3s \u00e9s hossz\u00fa \u00e9lettartam\u00fa anyagokb\u00f3l k\u00e9sz\u00fclnek. Biztos\u00edtjuk, hogy term\u00e9keink megfeleljenek a szigor\u00fa min\u0151s\u00e9gi el\u0151\u00edr\u00e1soknak, \u00e9s \u00fagy tervezt\u00fck \u0151ket, hogy optim\u00e1lis teljes\u00edtm\u00e9nyt ny\u00fajtsanak \u00fcgyfeleinknek.<\/p>\n<p>2. Testreszabhat\u00f3: Testreszabhat\u00f3 hidraulikus hengereket k\u00edn\u00e1lunk, amelyek az \u00fcgyfeleink egyedi ig\u00e9nyeihez igaz\u00edthat\u00f3k. Kiv\u00e1laszthatja az alkalmaz\u00e1s\u00e1nak megfelel\u0151 m\u00e9retet, l\u00f6ketet \u00e9s furat\u00e1tm\u00e9r\u0151t.<\/p>\n<p>3. Sz\u00e9lesk\u00f6r\u0171 alkalmaz\u00e1sok: Hidraulikus henger\u00fcnk sz\u00e1mos alkalmaz\u00e1sban haszn\u00e1lhat\u00f3, bele\u00e9rtve a mez\u0151gazdas\u00e1gi g\u00e9peket, az \u00e9p\u00edt\u0151ipari g\u00e9peket \u00e9s az ipari g\u00e9peket.<\/p>\n<p>4. Okos v\u00e1s\u00e1rl\u00e1si javaslatok: Tapasztalt \u00e9rt\u00e9kes\u00edt\u00e9si csapatunk ismeri az \u00e9p\u00edt\u0151ipari g\u00e9pipar fejl\u0151d\u00e9si trendjeit \u00e9s \u00fcgyf\u00e9lig\u00e9nyeit. Professzion\u00e1lis term\u00e9ktan\u00e1csad\u00e1st \u00e9s intelligens v\u00e1s\u00e1rl\u00e1si javaslatokat tudnak ny\u00fajtani.<\/p>\n<p>5. Hat\u00e9kony logisztika: Hat\u00e9kony logisztikai eloszt\u00e1si rendszerrel rendelkez\u00fcnk annak biztos\u00edt\u00e1s\u00e1ra, hogy \u00fcgyfeleink id\u0151ben \u00e9s pontosan megkapj\u00e1k a sz\u00fcks\u00e9ges alkatr\u00e9szeket.<\/p>\n<p>Az FMP-n\u00e9l elk\u00f6telezettek vagyunk amellett, hogy kiv\u00e1l\u00f3 min\u0151s\u00e9g\u0171, megb\u00edzhat\u00f3 \u00e9s testreszabott hidraulikus hengereket sz\u00e1ll\u00edtsunk, amelyek megfelelnek \u00fcgyfeleink speci\u00e1lis ig\u00e9nyeinek. Csapatunk mindig k\u00e9szen \u00e1ll arra, hogy professzion\u00e1lis \u00e9s hat\u00e9kony szolg\u00e1ltat\u00e1sokat ny\u00fajtson \u00d6nnek. V\u00e1lassza az FMP-t hidraulikus henger besz\u00e1ll\u00edt\u00f3j\u00e1nak, \u00e9s mi a legjobb term\u00e9keket \u00e9s szolg\u00e1ltat\u00e1sokat ny\u00fajtjuk \u00d6nnek.<\/p>\n<p><img decoding=\"async\" src=\"https:\/\/fmp-components.com\/wp-content\/uploads\/2024\/12\/Adjustable-Clevis-Type-Cylinders-6.webp\" alt=\"\u00c1ll\u00edthat\u00f3 kengyeles henger\" width=\"820\" title=\"\"><\/p>\n<h2>GYIK<\/h2>\n<p><strong>K: Kereskedelmi v\u00e1llalat vagy gy\u00e1rt\u00f3?<\/strong><br \/>\nV: Gy\u00e1rt\u00f3k\u00e9nt kiv\u00e1l\u00f3 min\u0151s\u00e9g\u0171 hidraulikus hengereket gy\u00e1rtunk.<\/p>\n<p><strong>K: Mennyi a sz\u00e1ll\u00edt\u00e1si id\u0151?<\/strong><br \/>\nV: Az \u00e1ltal\u00e1nos sz\u00e1ll\u00edt\u00e1si id\u0151 25-35 nap.<\/p>\n<p><strong>K: Biztos\u00edtanak mint\u00e1kat? Ingyenes vagy k\u00fcl\u00f6n fizetend\u0151?<\/strong><br \/>\nV: Biztos\u00edtunk mint\u00e1kat, de ezek nem ingyenesek.<\/p>\n<p><img decoding=\"async\" src=\"https:\/\/img.jiansujichilun.com\/img\/hydrauliccylinders\/T_hydrauliccylinders-4.webp\" alt=\"hidraulikus henger\" width=\"800\" title=\"\"><\/p>\n<p>Szerz\u0151: CX<\/p>","protected":false},"excerpt":{"rendered":"<p>Factory Provide Adjustable Welded Hydraulic Cylinder For Trailer: The Factory Provide Adjustable Welded Hydraulic Cylinder For Trailer is a product designed to provide strength and stability to trailers. With its welded design, it is capable of withstanding high pressure and heavy loads, making it a reliable choice for those in need of a durable hydraulic [&hellip;]<\/p>","protected":false},"featured_media":1340,"comment_status":"closed","ping_status":"closed","template":"","meta":{"_et_pb_use_builder":"","_et_pb_old_content":"","_et_gb_content_width":""},"product_brand":[],"product_cat":[39],"product_tag":[41,34],"class_list":{"0":"post-1358","1":"product","2":"type-product","3":"status-publish","4":"has-post-thumbnail","6":"product_cat-adjustable-clevis-type-cylinders","7":"product_tag-adjustable-clevis-type-cylinders","8":"product_tag-hydraulic-cylinder","10":"first","11":"instock","12":"product-type-simple"},"_links":{"self":[{"href":"https:\/\/fmp-components.com\/hu\/wp-json\/wp\/v2\/product\/1358","targetHints":{"allow":["GET"]}}],"collection":[{"href":"https:\/\/fmp-components.com\/hu\/wp-json\/wp\/v2\/product"}],"about":[{"href":"https:\/\/fmp-components.com\/hu\/wp-json\/wp\/v2\/types\/product"}],"replies":[{"embeddable":true,"href":"https:\/\/fmp-components.com\/hu\/wp-json\/wp\/v2\/comments?post=1358"}],"wp:featuredmedia":[{"embeddable":true,"href":"https:\/\/fmp-components.com\/hu\/wp-json\/wp\/v2\/media\/1340"}],"wp:attachment":[{"href":"https:\/\/fmp-components.com\/hu\/wp-json\/wp\/v2\/media?parent=1358"}],"wp:term":[{"taxonomy":"product_brand","embeddable":true,"href":"https:\/\/fmp-components.com\/hu\/wp-json\/wp\/v2\/product_brand?post=1358"},{"taxonomy":"product_cat","embeddable":true,"href":"https:\/\/fmp-components.com\/hu\/wp-json\/wp\/v2\/product_cat?post=1358"},{"taxonomy":"product_tag","embeddable":true,"href":"https:\/\/fmp-components.com\/hu\/wp-json\/wp\/v2\/product_tag?post=1358"}],"curies":[{"name":"munkaf\u00fczet","href":"https:\/\/api.w.org\/{rel}","templated":true}]}}