{"id":1354,"date":"2024-12-23T02:18:07","date_gmt":"2024-12-23T02:18:07","guid":{"rendered":"https:\/\/fmp-components.com\/product\/hot-sale-double-acting-20-ton-hydraulic-cylinder-welded-hydraulic-cylinder\/"},"modified":"2025-03-18T00:57:00","modified_gmt":"2025-03-18T00:57:00","slug":"hot-sale-double-acting-20-ton-hydraulic-cylinder-welded-hydraulic-cylinder","status":"publish","type":"product","link":"https:\/\/fmp-components.com\/hu\/product\/hot-sale-double-acting-20-ton-hydraulic-cylinder-welded-hydraulic-cylinder\/","title":{"rendered":"Forr\u00f3 elad\u00f3 kett\u0151s m\u0171k\u00f6d\u00e9s\u0171 20 tonn\u00e1s hidraulikus henger hegesztett hidraulikus henger"},"content":{"rendered":"<h2>Bemutatjuk a forr\u00f3 elad\u00e1s\u00fa, kett\u0151s m\u0171k\u00f6d\u00e9s\u0171, 20 tonn\u00e1s hidraulikus hengeres hegesztett hidraulikus hengert:<\/h2>\n<p>A Hot Sale kett\u0151s m\u0171k\u00f6d\u00e9s\u0171, 20 tonn\u00e1s, hegesztett hidraulikus henger egy kiv\u00e1l\u00f3 min\u0151s\u00e9g\u0171 term\u00e9k, amelyet nagy ig\u00e9nybev\u00e9tel\u0171 alkalmaz\u00e1sokhoz terveztek. Kett\u0151s m\u0171k\u00f6d\u00e9s\u0171 kialak\u00edt\u00e1s\u00e1nak k\u00f6sz\u00f6nhet\u0151en hat\u00e9kony \u00e9s megb\u00edzhat\u00f3 m\u0171k\u00f6d\u00e9st biztos\u00edt mind a kitol\u00e1si, mind a visszah\u00faz\u00e1si mozg\u00e1sokban.<\/p>\n<p>Ez a hidraulikus henger a neh\u00e9z k\u00f6r\u00fclm\u00e9nyeknek is ellen\u00e1ll, \u00e9s kiv\u00e9teles teljes\u00edtm\u00e9nyt ny\u00fajt. Robusztus konstrukci\u00f3ja hegesztett hengertestet tartalmaz, amely tart\u00f3ss\u00e1got \u00e9s nagy nyom\u00e1ssal szembeni ellen\u00e1ll\u00e1st biztos\u00edt. A henger maximum 20 tonna er\u0151 el\u0151\u00e1ll\u00edt\u00e1s\u00e1ra k\u00e9pes, \u00edgy alkalmass\u00e1 teszi k\u00fcl\u00f6nf\u00e9le ipari feladatokra.<\/p>\n<p>A Hot Sale kett\u0151s m\u0171k\u00f6d\u00e9s\u0171, 20 tonn\u00e1s, hegesztett hidraulikus hengert a k\u00f6nny\u0171 telep\u00edt\u00e9s \u00e9s haszn\u00e1lat \u00e9rdek\u00e9ben tervezt\u00e9k. Sokoldal\u00fa r\u00f6gz\u00edt\u00e9si st\u00edlussal rendelkezik, amely lehet\u0151v\u00e9 teszi a k\u00fcl\u00f6nb\u00f6z\u0151 rendszerekbe val\u00f3 rugalmas integr\u00e1ci\u00f3t. A hengerhez sz\u00e1mos r\u00fadv\u00e9g \u00e9s szerel\u00e9si tartoz\u00e9k is tartozik, \u00edgy sz\u00e1mos alkalmaz\u00e1ssal kompatibilis.<\/p>\n<p>Biztons\u00e1g \u00e9s hat\u00e9konys\u00e1g szempontj\u00e1b\u00f3l ez a hidraulikus henger kiv\u00e1l\u00f3 min\u0151s\u00e9g\u0171 t\u00f6m\u00edt\u00e9sekkel \u00e9s prec\u00edzi\u00f3s alkatr\u00e9szekkel van felszerelve. Minim\u00e1lis sziv\u00e1rg\u00e1st \u00e9s z\u00f6kken\u0151mentes m\u0171k\u00f6d\u00e9st biztos\u00edt, optimaliz\u00e1lja a teljes\u00edtm\u00e9nyt \u00e9s cs\u00f6kkenti a karbantart\u00e1si ig\u00e9nyeket.<\/p>\n<p>Ak\u00e1r \u00e9p\u00edt\u0151iparban, mez\u0151gazdas\u00e1gban vagy m\u00e1s neh\u00e9ziparban haszn\u00e1lj\u00e1k, a Hot Sale kett\u0151s m\u0171k\u00f6d\u00e9s\u0171, 20 tonn\u00e1s hidraulikus hengerrel ell\u00e1tott hegesztett hidraulikus henger megb\u00edzhat\u00f3 \u00e9s hat\u00e9kony megold\u00e1snak bizonyul. Massz\u00edv konstrukci\u00f3ja, sokoldal\u00fa kialak\u00edt\u00e1sa \u00e9s kiv\u00e1l\u00f3 teljes\u00edtm\u00e9nye kiv\u00e1l\u00f3 v\u00e1laszt\u00e1ss\u00e1 teszi b\u00e1rmilyen hidraulikus rendszerhez.<\/p>\n<p><img loading=\"lazy\" decoding=\"async\" class=\"alignnone size-full wp-image-1334\" src=\"https:\/\/fmp-components.com\/wp-content\/uploads\/2024\/12\/Adjustable-Clevis-Type-Cylinders-4.webp\" alt=\"\u00c1ll\u00edthat\u00f3 vill\u00e1s hengerek\" width=\"800\" height=\"800\" title=\"\" srcset=\"https:\/\/fmp-components.com\/wp-content\/uploads\/2024\/12\/Adjustable-Clevis-Type-Cylinders-4.webp 800w, https:\/\/fmp-components.com\/wp-content\/uploads\/2024\/12\/Adjustable-Clevis-Type-Cylinders-4-480x480.webp 480w\" sizes=\"(min-width: 0px) and (max-width: 480px) 480px, (min-width: 481px) 800px, 100vw\" \/><\/p>\n<p>V\u00e1lassza a forr\u00f3 elad\u00e1s\u00fa, kett\u0151s m\u0171k\u00f6d\u00e9s\u0171, 20 tonn\u00e1s, hegesztett hidraulikus hengert, \u00e9s tapasztalja meg az \u00e1ltala k\u00edn\u00e1lt teljes\u00edtm\u00e9nyt \u00e9s tart\u00f3ss\u00e1got.<\/p>\n<p>Bemutatjuk az \u00fajonnan megjelent, kett\u0151s m\u0171k\u00f6d\u00e9s\u0171, 20 tonn\u00e1s hidraulikus hengert, amely m\u00e1r megv\u00e1s\u00e1rolhat\u00f3. Ez a hegesztett t\u00edpus\u00fa henger kiv\u00e1l\u00f3 tart\u00f3ss\u00e1gra \u00e9s szil\u00e1rds\u00e1gra k\u00e9sz\u00fclt, robusztus konstrukci\u00f3val, kiv\u00e1l\u00f3 min\u0151s\u00e9g\u0171 ac\u00e9lb\u00f3l. Furatm\u00e9rete 2-6 h\u00fcvelyk, r\u00fadm\u00e9rete 1,125-4 h\u00fcvelyk, l\u00f6kethossza pedig 4-100 h\u00fcvelyk, \u00edgy alkalmas k\u00fcl\u00f6nf\u00e9le alkalmaz\u00e1sokhoz olyan ipar\u00e1gakban, mint a g\u00e9pjav\u00edt\u00f3 m\u0171helyek, mez\u0151gazdas\u00e1g, energia \u00e9s b\u00e1ny\u00e1szat, g\u00e9pgy\u00e1rt\u00e1s \u00e9s g\u00e9pgy\u00e1rak. Maxim\u00e1lis tol\u00f3ereje 3000 tonna, maxim\u00e1lis h\u00faz\u00f3ereje pedig 20 tonna, \u00edgy ez a hidraulikus henger nagy teljes\u00edtm\u00e9nyt ny\u00fajt.<\/p>\n<p>Term\u00e9k\u00fcnk az FMP Hydraulic Machinery \u00e1ltal gy\u00e1rtott pr\u00e9mium term\u00e9kek k\u00edn\u00e1lat\u00e1nak r\u00e9sze, amely 2002 \u00f3ta vezet\u0151 szerepl\u0151 az ipar\u00e1gban. Hidraulikus hengerek gy\u00e1rt\u00e1s\u00e1ra \u00e9s exportj\u00e1ra specializ\u00e1l\u00f3dtunk, \u00e9s kiv\u00e1l\u00f3 h\u00edrnevet \u00e9p\u00edtett\u00fcnk ki min\u0151s\u00e9gi term\u00e9keink \u00e9s \u00fcgyf\u00e9lszolg\u00e1latunk ter\u00e9n. Kett\u0151s m\u0171k\u00f6d\u00e9s\u0171, 20 tonn\u00e1s hidraulikus henger\u00fcnk sem kiv\u00e9tel, \u00e9s bizony\u00edtja elk\u00f6telezetts\u00e9g\u00fcnket a legjobb hidraulikus berendez\u00e9sek sz\u00e1ll\u00edt\u00e1sa ir\u00e1nt. 1 \u00e9v garanci\u00e1val rendelkezik a f\u0151 alkatr\u00e9szekre, bele\u00e9rtve a csap\u00e1gyat \u00e9s a hidraulikus hengert, \u00edgy biztos lehet a min\u0151s\u00e9g\u00e9ben \u00e9s a megb\u00edzhat\u00f3s\u00e1g\u00e1ban.<\/p>\n<p>Az \u00fcgyfelek el\u00e9gedetts\u00e9g\u00e9nek biztos\u00edt\u00e1sa \u00e9rdek\u00e9ben minden term\u00e9khez vide\u00f3s kimen\u0151 ellen\u0151rz\u00e9si \u00e9s g\u00e9pteszt-jelent\u00e9st k\u00e9sz\u00edt\u00fcnk. A henger eleg\u00e1ns fekete sz\u00ednben, vas-, r\u00e9tegelt lemez- vagy kartondobozban kaphat\u00f3.<\/p>\n<h2>Az \u00e1ll\u00edthat\u00f3 kengyeles hengerek el\u0151nyei<\/h2>\n<p>Az \u00e1ll\u00edthat\u00f3 kengyeles hengerek, mint p\u00e9ld\u00e1ul a nagykereskedelmi forgalomban kaphat\u00f3 kett\u0151s m\u0171k\u00f6d\u00e9s\u0171 20 tonn\u00e1s hidraulikus henger \u00e9s a hegesztett hidraulikus henger, sz\u00e1mos el\u0151nnyel rendelkeznek a k\u00fcl\u00f6nf\u00e9le ipari alkalmaz\u00e1sokban. Ezeket a hengereket prec\u00edz vez\u00e9rl\u00e9sre \u00e9s megb\u00edzhat\u00f3 teljes\u00edtm\u00e9nyre tervezt\u00e9k, \u00edgy kiv\u00e1l\u00f3 v\u00e1laszt\u00e1st jelentenek sz\u00e1mos hidraulikus rendszerhez.<\/p>\n<ol>\n<li><strong>Fokozott rugalmass\u00e1g:<\/strong> Az \u00e1ll\u00edthat\u00f3 kengyeles hengerek egyik legfontosabb el\u0151nye, hogy nagyobb rugalmass\u00e1got k\u00edn\u00e1lnak a hidraulikus rendszerekben. Az \u00e1ll\u00edthat\u00f3 kengyeles funkci\u00f3nak k\u00f6sz\u00f6nhet\u0151en ezek a hengerek k\u00f6nnyen alkalmazkodnak a k\u00fcl\u00f6nb\u00f6z\u0151 be\u00e9p\u00edt\u00e9si poz\u00edci\u00f3khoz \u00e9s ir\u00e1nyokhoz, ami nagyobb sokoldal\u00fas\u00e1got tesz lehet\u0151v\u00e9 a k\u00fcl\u00f6nf\u00e9le alkalmaz\u00e1sokban.<\/li>\n<li><strong>Optim\u00e1lis teljes\u00edtm\u00e9ny:<\/strong> Az \u00e1ll\u00edthat\u00f3 kengyeles hengereket kifejezetten az optim\u00e1lis teljes\u00edtm\u00e9ny biztos\u00edt\u00e1s\u00e1ra tervezt\u00e9k. Ezeknek a hengereknek a fejlett kialak\u00edt\u00e1sa \u00e9s kivitelez\u00e9se biztos\u00edtja a z\u00f6kken\u0151mentes \u00e9s hat\u00e9kony m\u0171k\u00f6d\u00e9st, ami jobb termel\u00e9kenys\u00e9get \u00e9s cs\u00f6kkentett \u00e1ll\u00e1sid\u0151t eredm\u00e9nyez. A kiv\u00e1l\u00f3 min\u0151s\u00e9g\u0171 anyagok \u00e9s a prec\u00edzi\u00f3s gy\u00e1rt\u00e1si technik\u00e1k haszn\u00e1lata tov\u00e1bb fokozza teljes\u00edtm\u00e9ny\u00fcket \u00e9s megb\u00edzhat\u00f3s\u00e1gukat.<\/li>\n<li><strong>Pontos pozicion\u00e1l\u00e1s:<\/strong> Ezek a munkahengerek prec\u00edz vez\u00e9rl\u00e9s\u00fckr\u0151l \u00e9s pontos pozicion\u00e1l\u00e1si k\u00e9pess\u00e9g\u00fckr\u0151l ismertek. Az \u00e1ll\u00edthat\u00f3 kengyeles kialak\u00edt\u00e1s lehet\u0151v\u00e9 teszi a munkahenger l\u00f6ket\u00e9nek \u00e9s be\u00e9p\u00edt\u00e9si helyzet\u00e9nek finomhangol\u00e1s\u00e1t, lehet\u0151v\u00e9 t\u00e9ve a terhek mozg\u00e1s\u00e1nak \u00e9s pozicion\u00e1l\u00e1s\u00e1nak pontos vez\u00e9rl\u00e9s\u00e9t. Ez a szint\u0171 vez\u00e9rl\u00e9s elengedhetetlen azokban az alkalmaz\u00e1sokban, ahol a pontoss\u00e1g kulcsfontoss\u00e1g\u00fa, p\u00e9ld\u00e1ul az ipari automatiz\u00e1l\u00e1sban \u00e9s az anyagmozgat\u00f3 rendszerekben.<\/li>\n<li><strong>Tart\u00f3s konstrukci\u00f3:<\/strong> Az \u00e1ll\u00edthat\u00f3 kengyeles hengereket \u00fagy tervezt\u00e9k, hogy ellen\u00e1lljanak a neh\u00e9z \u00fczemi k\u00f6r\u00fclm\u00e9nyeknek. Gyakran robusztus anyagokb\u00f3l, p\u00e9ld\u00e1ul nagy szil\u00e1rds\u00e1g\u00fa ac\u00e9lb\u00f3l k\u00e9sz\u00fclnek, ami biztos\u00edtja a tart\u00f3ss\u00e1gukat \u00e9s hossz\u00fa \u00e9lettartamukat. A hegesztett hidraulikus henger k\u00fcl\u00f6n\u00f6sen kiv\u00e1l\u00f3 szerkezeti integrit\u00e1st \u00e9s kop\u00e1s\u00e1ll\u00f3s\u00e1got k\u00edn\u00e1l, \u00edgy alkalmass\u00e1 teszi nagy ig\u00e9nybev\u00e9tel\u0171 alkalmaz\u00e1sokhoz.<\/li>\n<li><strong>K\u00f6nny\u0171 karbantart\u00e1s:<\/strong> Ezeket a hengereket a k\u00f6nny\u0171 karbantart\u00e1s szem el\u0151tt tart\u00e1s\u00e1val tervezt\u00e9k. Gyakran modul\u00e1ris fel\u00e9p\u00edt\u00e9s\u0171ek, ami lehet\u0151v\u00e9 teszi a k\u00f6nny\u0171 sz\u00e9tszerel\u00e9st \u00e9s \u00f6sszeszerel\u00e9st karbantart\u00e1si vagy jav\u00edt\u00e1si feladatok sor\u00e1n. Ezenk\u00edv\u00fcl robusztus konstrukci\u00f3juk minimaliz\u00e1lja a s\u00e9r\u00fcl\u00e9s kock\u00e1zat\u00e1t \u00e9s meghosszabb\u00edtja a karbantart\u00e1si ciklusok k\u00f6z\u00f6tti id\u0151k\u00f6z\u00f6ket, ami alacsonyabb karbantart\u00e1si k\u00f6lts\u00e9geket eredm\u00e9nyez.<\/li>\n<\/ol>\n<p>\u00d6sszess\u00e9g\u00e9ben az \u00e1ll\u00edthat\u00f3 kengyeles hengerek, bele\u00e9rtve a gyorsan cser\u00e9lhet\u0151, kett\u0151s m\u0171k\u00f6d\u00e9s\u0171, 20 tonn\u00e1s hidraulikus hengert \u00e9s a hegesztett hidraulikus hengert is, sz\u00e1mos el\u0151nnyel rendelkeznek a rugalmass\u00e1g, a teljes\u00edtm\u00e9ny, a pozicion\u00e1l\u00e1si pontoss\u00e1g, a tart\u00f3ss\u00e1g \u00e9s a k\u00f6nny\u0171 karbantart\u00e1s tekintet\u00e9ben. Ezek a hengerek l\u00e9tfontoss\u00e1g\u00fa szerepet j\u00e1tszanak a k\u00fcl\u00f6nb\u00f6z\u0151 ipar\u00e1gakban, megb\u00edzhat\u00f3 \u00e9s hat\u00e9kony hidraulikus teljes\u00edtm\u00e9nyt biztos\u00edtva sz\u00e1mos alkalmaz\u00e1shoz.<\/p>\n<p><img decoding=\"async\" src=\"https:\/\/fmp-components.com\/wp-content\/uploads\/2024\/12\/Adjustable-Clevis-Type-Cylinders5.webp\" alt=\"\u00c1ll\u00edthat\u00f3 kengyeles henger\" width=\"800\" title=\"\"><\/p>\n<h2>\u00c1ll\u00edthat\u00f3 kengyeles hengerek alkalmaz\u00e1sa<\/h2>\n<p>Az \u00e1ll\u00edthat\u00f3 kengyeles hengerek sokoldal\u00fa hidraulikus eszk\u00f6z\u00f6k, amelyek sz\u00e9les k\u00f6rben alkalmazhat\u00f3k k\u00fcl\u00f6nf\u00e9le ipar\u00e1gakban. Ezek a hengerek kiv\u00e9teles teljes\u00edtm\u00e9nyt ny\u00fajtanak, \u00e9s az adott ig\u00e9nyeknek megfelel\u0151en \u00e1ll\u00edthat\u00f3k be. Ebben a blogbejegyz\u00e9sben az \u00e1ll\u00edthat\u00f3 kengyeles hengerek k\u00fcl\u00f6nb\u00f6z\u0151 alkalmaz\u00e1sait vizsg\u00e1ljuk meg, \u00e9s r\u00e9szletesebben ismertetj\u00fck egyedi jellemz\u0151iket \u00e9s el\u0151nyeiket.<\/p>\n<h3>1. Ipari automatiz\u00e1l\u00e1s \u00e9s g\u00e9pek<\/h3>\n<p>Az \u00e1ll\u00edthat\u00f3 kengyeles hengerek egyik f\u0151 alkalmaz\u00e1si ter\u00fclete az ipari automatiz\u00e1l\u00e1s \u00e9s a g\u00e9pek gy\u00e1rt\u00e1sa. Ezek a hengerek kulcsszerepet j\u00e1tszanak a k\u00fcl\u00f6nf\u00e9le mechanikus alkatr\u00e9szek, p\u00e9ld\u00e1ul sz\u00e1ll\u00edt\u00f3szalagok, robotkarok \u00e9s \u00f6sszeszerel\u0151 sorok berendez\u00e9seinek mozg\u00e1s\u00e1nak szab\u00e1lyoz\u00e1s\u00e1ban. Prec\u00edz \u00e1ll\u00edthat\u00f3s\u00e1guknak k\u00f6sz\u00f6nhet\u0151en ezek a hengerek biztos\u00edtj\u00e1k a sima \u00e9s pontos m\u0171k\u00f6d\u00e9st, hozz\u00e1j\u00e1rulva a termel\u00e9kenys\u00e9g \u00e9s a hat\u00e9konys\u00e1g n\u00f6vel\u00e9s\u00e9hez.<\/p>\n<h3>2. \u00c9p\u00edt\u0151ipar \u00e9s \u00e9p\u00edt\u0151ipar<\/h3>\n<p>Az \u00e9p\u00edt\u0151ipar \u00e9s a \u00e9p\u00edt\u0151ipar is nagym\u00e9rt\u00e9kben t\u00e1maszkodik az \u00e1ll\u00edthat\u00f3 kengyeles hengerekre. Ezeket a hengereket sz\u00e9les k\u00f6rben haszn\u00e1lj\u00e1k, bele\u00e9rtve a neh\u00e9zg\u00e9peket, p\u00e9ld\u00e1ul darukat, kotr\u00f3g\u00e9peket \u00e9s rakod\u00f3kat. Az \u00e1ll\u00edthat\u00f3 funkci\u00f3 lehet\u0151v\u00e9 teszi a pontos pozicion\u00e1l\u00e1st, \u00edgy ide\u00e1lisak azokhoz a feladatokhoz, amelyek szab\u00e1lyozott emel\u00e9st, tol\u00e1st vagy h\u00faz\u00e1st ig\u00e9nyelnek. Robusztus konstrukci\u00f3juk tart\u00f3ss\u00e1got biztos\u00edt, m\u00e9g kih\u00edv\u00e1st jelent\u0151 \u00e9p\u00edt\u00e9si k\u00f6rnyezetben is.<\/p>\n<h3>3. Mez\u0151gazdas\u00e1gi g\u00e9pek<\/h3>\n<p>A mez\u0151gazdas\u00e1gi g\u00e9pek gyakran hidraulikus teljes\u00edtm\u00e9nyt ig\u00e9nyelnek a k\u00fcl\u00f6nf\u00e9le feladatok hat\u00e9kony elv\u00e9gz\u00e9s\u00e9hez. Az \u00e1ll\u00edthat\u00f3 kengyeles hengereket gyakran haszn\u00e1lj\u00e1k mez\u0151gazdas\u00e1gi berendez\u00e9sekben, p\u00e9ld\u00e1ul traktorokban, betakar\u00edt\u00f3g\u00e9pekben \u00e9s permetez\u0151g\u00e9pekben. Ezek a hengerek hozz\u00e1j\u00e1rulnak a sima \u00e9s szab\u00e1lyozott mozg\u00e1shoz, lehet\u0151v\u00e9 t\u00e9ve a gazd\u00e1lkod\u00f3k sz\u00e1m\u00e1ra, hogy prec\u00edzen v\u00e9gezz\u00e9k el a feladatokat, p\u00e9ld\u00e1ul a peng\u00e9k be\u00e1ll\u00edt\u00e1s\u00e1t, a tartoz\u00e9kok sz\u00f6g\u00e9nek szab\u00e1lyoz\u00e1s\u00e1t, valamint a munkag\u00e9pek emel\u00e9s\u00e9t vagy s\u00fcllyeszt\u00e9s\u00e9t.<\/p>\n<h3>4. Anyagmozgat\u00e1s \u00e9s logisztika<\/h3>\n<p>Az anyagmozgat\u00f3 \u00e9s logisztikai ipar nagym\u00e9rt\u00e9kben t\u00e1maszkodik az \u00e1ll\u00edthat\u00f3 vill\u00e1s hengerekre az emel\u0151- \u00e9s anyagmozgat\u00f3 berendez\u00e9seikhez. Ezeket a hengereket targonc\u00e1kban, raklapemel\u0151kben \u00e9s sz\u00e1ll\u00edt\u00f3szalag-rendszerekben haszn\u00e1lj\u00e1k az \u00e1ruk emel\u00e9s\u00e9nek \u00e9s pozicion\u00e1l\u00e1s\u00e1nak vez\u00e9rl\u00e9s\u00e9re. A henger hossz\u00e1nak \u00e1ll\u00edthat\u00f3s\u00e1ga megk\u00f6nny\u00edti a k\u00fcl\u00f6nb\u00f6z\u0151 rakom\u00e1nym\u00e9retekhez \u00e9s -magass\u00e1gokhoz val\u00f3 alkalmazkod\u00e1st, n\u00f6velve az anyagmozgat\u00e1si folyamat \u00e1ltal\u00e1nos hat\u00e9konys\u00e1g\u00e1t.<\/p>\n<h3>5. Aut\u00f3ipar \u00e9s k\u00f6zleked\u00e9s<\/h3>\n<p>Az \u00e1ll\u00edthat\u00f3 kengyeles hengereket sz\u00e9les k\u00f6rben haszn\u00e1lj\u00e1k az aut\u00f3iparban \u00e9s a sz\u00e1ll\u00edtm\u00e1nyoz\u00e1sban is. Ezek a hengerek l\u00e9tfontoss\u00e1g\u00fa szerepet j\u00e1tszanak a j\u00e1rm\u0171vek felf\u00fcggeszt\u00e9si rendszereiben, biztos\u00edtva a sima \u00e9s k\u00e9nyelmes utaz\u00e1st. Ezenk\u00edv\u00fcl k\u00fcl\u00f6nf\u00e9le j\u00e1rm\u0171alkatr\u00e9szekben, p\u00e9ld\u00e1ul korm\u00e1nyrendszerekben, f\u00e9kekben \u00e9s hidraulikus emel\u0151kben is alkalmazz\u00e1k \u0151ket. Alkalmazkod\u00f3k\u00e9pess\u00e9g\u00fck \u00e9s megb\u00edzhat\u00f3s\u00e1guk n\u00e9lk\u00fcl\u00f6zhetetlenn\u00e9 teszi \u0151ket az optim\u00e1lis teljes\u00edtm\u00e9ny \u00e9s biztons\u00e1g fenntart\u00e1s\u00e1ban az aut\u00f3ipari alkalmaz\u00e1sokban.<\/p>\n<p>\u00d6sszess\u00e9g\u00e9ben az \u00e1ll\u00edthat\u00f3 kengyeles hengerek alkalmaz\u00e1sa sz\u00e1mos ipar\u00e1gra kiterjed, hozz\u00e1j\u00e1rulva a hat\u00e9konys\u00e1g, a pontoss\u00e1g \u00e9s a biztons\u00e1g jav\u00edt\u00e1s\u00e1hoz. Egyed\u00fcl\u00e1ll\u00f3 \u00e1ll\u00edthat\u00f3s\u00e1guk, tart\u00f3s konstrukci\u00f3jukkal kombin\u00e1lva, sz\u00e1mos hidraulikus alkalmaz\u00e1shoz el\u0151ny\u00f6s v\u00e1laszt\u00e1ss\u00e1 teszi \u0151ket.<\/p>\n<p>Kulcsszavak: Forr\u00f3 elad\u00e1s\u00fa kett\u0151s m\u0171k\u00f6d\u00e9s\u0171 20 tonn\u00e1s hidraulikus henger, hegesztett hidraulikus henger<\/p>\n<p><img decoding=\"async\" src=\"https:\/\/fmp-components.com\/wp-content\/uploads\/2024\/12\/Application-of-Adjustable-Clevis-Type-Cylinders.webp\" alt=\"\u00c1ll\u00edthat\u00f3 kengyeles henger\" width=\"800\" title=\"\"><\/p>\n<h3>Az FMP-r\u0151l<\/h3>\n<p>Az FMP egy olyan v\u00e1llalat, amely hidraulikus hengerek gy\u00e1rt\u00e1s\u00e1ra \u00e9s \u00e9rt\u00e9kes\u00edt\u00e9s\u00e9re specializ\u00e1l\u00f3dott. Sok\u00e9ves ipar\u00e1gi tapasztalatunkkal \u00e9s professzion\u00e1lis csapatunkkal kiv\u00e1l\u00f3 min\u0151s\u00e9g\u0171 \u00e9s megb\u00edzhat\u00f3 hidraulikus hengereket biztos\u00edtunk \u00e9p\u00edt\u0151ipari g\u00e9pekhez.<\/p>\n<p><img decoding=\"async\" src=\"https:\/\/fmp-components.com\/wp-content\/uploads\/2024\/12\/Adjustable-Clevis-Type-Cylinders-6.webp\" alt=\"\u00c1ll\u00edthat\u00f3 kengyeles henger\" width=\"816\" title=\"\"><\/p>\n<p>\u00cdme \u00f6t ok, ami\u00e9rt \u00e9rdemes hidraulikus munkahengereinket v\u00e1lasztania:<\/p>\n<ol>\n<li>Sz\u00e9les v\u00e1laszt\u00e9k: \u00c1tfog\u00f3 hidraulikus hengerv\u00e1laszt\u00e9kot k\u00edn\u00e1lunk, bele\u00e9rtve az \u00e1ll\u00edthat\u00f3 kengyeles hengereket, \u00f6sszek\u00f6t\u0151rudas hengereket, hegesztett hengereket, teleszk\u00f3pos hengereket \u00e9s kompakt hengereket. B\u00e1rmilyen \u00e9p\u00edt\u0151ipari g\u00e9pig\u00e9nyre is van sz\u00fcks\u00e9ge, n\u00e1lunk megtal\u00e1lja az \u00d6nnek t\u00f6k\u00e9letes hengert.<\/li>\n<li>Kiv\u00e1l\u00f3 min\u0151s\u00e9g: Minden hidraulikus henger\u00fcnket kiv\u00e1l\u00f3 min\u0151s\u00e9g\u0171 anyagokb\u00f3l gy\u00e1rtjuk, \u00e9s szigor\u00fa min\u0151s\u00e9gellen\u0151rz\u00e9sen es\u00fcnk \u00e1t. Biztos\u00edtjuk, hogy minden henger megfeleljen a szigor\u00fa ipar\u00e1gi szabv\u00e1nyoknak, \u00edgy megb\u00edzhat\u00f3 \u00e9s tart\u00f3s teljes\u00edtm\u00e9nyt ny\u00fajtva.<\/li>\n<li>Testreszab\u00e1s: Meg\u00e9rtj\u00fck, hogy minden \u00e9p\u00edt\u00e9si projektnek egyedi k\u00f6vetelm\u00e9nyei vannak. Ez\u00e9rt k\u00edn\u00e1lunk testreszab\u00e1si lehet\u0151s\u00e9geket hidraulikus hengereinkhez. Legyen sz\u00f3 m\u00e9retr\u0151l, r\u00f6gz\u00edt\u00e9si m\u00f3dr\u00f3l vagy nyom\u00e1sbesorol\u00e1sr\u00f3l, a hengert az \u00d6n egyedi ig\u00e9nyeihez tudjuk igaz\u00edtani.<\/li>\n<li>Szak\u00e9rt\u0151i tan\u00e1csad\u00e1s: Tapasztalt \u00e9rt\u00e9kes\u00edt\u00e9si csapatunk j\u00e1rtas az \u00e9p\u00edt\u0151ipari g\u00e9piparban. Professzion\u00e1lis term\u00e9ktan\u00e1csad\u00e1st tudnak ny\u00fajtani, seg\u00edtve a berendez\u00e9s\u00e9hez megfelel\u0151 hidraulikus henger kiv\u00e1laszt\u00e1s\u00e1t. Elk\u00f6telezettek vagyunk az ir\u00e1nt, hogy megtal\u00e1ljuk \u00fcgyfeleink sz\u00e1m\u00e1ra a legjobb megold\u00e1sokat.<\/li>\n<li>Hat\u00e9kony eloszt\u00e1s: Hat\u00e9kony logisztikai eloszt\u00e1si rendszerrel rendelkez\u00fcnk, amely biztos\u00edtja, hogy hidraulikus hengereit id\u0151ben \u00e9s pontosan megkapja. B\u00edzhat benne, hogy a sz\u00fcks\u00e9ges alkatr\u00e9szeket akkor sz\u00e1ll\u00edtjuk, amikor sz\u00fcks\u00e9ge van r\u00e1juk, minimaliz\u00e1lva ezzel a g\u00e9pei \u00e1ll\u00e1sidej\u00e9t.<\/li>\n<\/ol>\n<p>V\u00e1lassza az FMP-t hidraulikus hengerei ig\u00e9nyeihez, \u00e9s tapasztalja meg a k\u00fcl\u00f6nbs\u00e9get. L\u00e9pjen kapcsolatba vel\u00fcnk m\u00e9g ma, hogy megbesz\u00e9lhess\u00fck, hogyan tudjuk kiel\u00e9g\u00edteni \u00e9p\u00edt\u0151ipari g\u00e9pekkel kapcsolatos ig\u00e9nyeit.<\/p>\n<h3>GYIK<\/h3>\n<p><b>K: Mennyi a kett\u0151s m\u0171k\u00f6d\u00e9s\u0171 20 tonn\u00e1s hidraulikus henger sz\u00e1ll\u00edt\u00e1si ideje? <\/b><br \/>\nV: A tipikus sz\u00e1ll\u00edt\u00e1si id\u0151 25-35 nap.<\/p>\n<p><b>K: El\u00e9rhet\u0151k-e mint\u00e1k a kett\u0151s m\u0171k\u00f6d\u00e9s\u0171 20 tonn\u00e1s hidraulikus hengerb\u0151l? <\/b><br \/>\nV: Igen, biztos\u00edtunk mint\u00e1kat, de ezek nem ingyenesek.<\/p>\n<p><b>K: Gy\u00e1rthat-e az FMP egyedi hidraulikus hengereket? <\/b><br \/>\nV: Term\u00e9szetesen, a mint\u00e1k vagy m\u0171szaki rajzok alapj\u00e1n is tudunk hengereket gy\u00e1rtani. Az \u00d6n ig\u00e9nyei szerint testreszabott form\u00e1kat \u00e9s szerelv\u00e9nyeket tudunk k\u00e9sz\u00edteni.<\/p>\n<p>Szerz\u0151: CX<\/p>","protected":false},"excerpt":{"rendered":"<p>Introducing the Hot Sale Double Acting 20 Ton Hydraulic Cylinder Welded Hydraulic Cylinder: The Hot Sale Double Acting 20 Ton Hydraulic Cylinder Welded Hydraulic Cylinder is a high-quality product designed for heavy-duty applications. With its double-acting design, it offers efficient and reliable operation in both extending and retracting movements. This hydraulic cylinder is built to [&hellip;]<\/p>","protected":false},"featured_media":1338,"comment_status":"closed","ping_status":"closed","template":"","meta":{"_et_pb_use_builder":"","_et_pb_old_content":"","_et_gb_content_width":""},"product_brand":[],"product_cat":[39],"product_tag":[41,34],"class_list":{"0":"post-1354","1":"product","2":"type-product","3":"status-publish","4":"has-post-thumbnail","6":"product_cat-adjustable-clevis-type-cylinders","7":"product_tag-adjustable-clevis-type-cylinders","8":"product_tag-hydraulic-cylinder","10":"first","11":"instock","12":"product-type-simple"},"_links":{"self":[{"href":"https:\/\/fmp-components.com\/hu\/wp-json\/wp\/v2\/product\/1354","targetHints":{"allow":["GET"]}}],"collection":[{"href":"https:\/\/fmp-components.com\/hu\/wp-json\/wp\/v2\/product"}],"about":[{"href":"https:\/\/fmp-components.com\/hu\/wp-json\/wp\/v2\/types\/product"}],"replies":[{"embeddable":true,"href":"https:\/\/fmp-components.com\/hu\/wp-json\/wp\/v2\/comments?post=1354"}],"wp:featuredmedia":[{"embeddable":true,"href":"https:\/\/fmp-components.com\/hu\/wp-json\/wp\/v2\/media\/1338"}],"wp:attachment":[{"href":"https:\/\/fmp-components.com\/hu\/wp-json\/wp\/v2\/media?parent=1354"}],"wp:term":[{"taxonomy":"product_brand","embeddable":true,"href":"https:\/\/fmp-components.com\/hu\/wp-json\/wp\/v2\/product_brand?post=1354"},{"taxonomy":"product_cat","embeddable":true,"href":"https:\/\/fmp-components.com\/hu\/wp-json\/wp\/v2\/product_cat?post=1354"},{"taxonomy":"product_tag","embeddable":true,"href":"https:\/\/fmp-components.com\/hu\/wp-json\/wp\/v2\/product_tag?post=1354"}],"curies":[{"name":"munkaf\u00fczet","href":"https:\/\/api.w.org\/{rel}","templated":true}]}}