{"id":1353,"date":"2024-12-23T02:18:07","date_gmt":"2024-12-23T02:18:07","guid":{"rendered":"https:\/\/fmp-components.com\/product\/professional-adjustable-agriculture-hydraulic-cylinder-for-trailer\/"},"modified":"2024-12-23T03:39:14","modified_gmt":"2024-12-23T03:39:14","slug":"professional-adjustable-agriculture-hydraulic-cylinder-for-trailer","status":"publish","type":"product","link":"https:\/\/fmp-components.com\/hu\/product\/professional-adjustable-agriculture-hydraulic-cylinder-for-trailer\/","title":{"rendered":"Professzion\u00e1lis \u00e1ll\u00edthat\u00f3 mez\u0151gazdas\u00e1gi hidraulikus henger p\u00f3tkocsihoz"},"content":{"rendered":"<h2>Bemutatkozik a professzion\u00e1lis, \u00e1ll\u00edthat\u00f3 mez\u0151gazdas\u00e1gi hidraulikus henger p\u00f3tkocsihoz:<\/h2>\n<p>A professzion\u00e1lis, \u00e1ll\u00edthat\u00f3 mez\u0151gazdas\u00e1gi p\u00f3tkocsi hidraulikus henger egy kiv\u00e1l\u00f3 min\u0151s\u00e9g\u0171 term\u00e9k, amelyet kifejezetten mez\u0151gazdas\u00e1gi c\u00e9lokra terveztek. Ez a hidraulikus henger optim\u00e1lis teljes\u00edtm\u00e9nyt \u00e9s hat\u00e9konys\u00e1got biztos\u00edt a k\u00fcl\u00f6nf\u00e9le p\u00f3tkocsi-alkalmaz\u00e1sokban.<\/p>\n<p>\u00c1ll\u00edthat\u00f3 funkci\u00f3j\u00e1nak k\u00f6sz\u00f6nhet\u0151en ez a henger nagyfok\u00fa sokoldal\u00fas\u00e1got k\u00edn\u00e1l, lehet\u0151v\u00e9 t\u00e9ve a felhaszn\u00e1l\u00f3k sz\u00e1m\u00e1ra, hogy a hossz\u00fas\u00e1got \u00e9s a l\u00f6ketet az ig\u00e9nyeiknek megfelel\u0151en testre szabj\u00e1k. Ez biztos\u00edtja a pontos illeszked\u00e9st \u00e9s a fokozott funkcionalit\u00e1st, \u00edgy ide\u00e1lis v\u00e1laszt\u00e1s a gazd\u00e1lkod\u00f3k \u00e9s a mez\u0151gazdas\u00e1gi szakemberek sz\u00e1m\u00e1ra.<\/p>\n<p>A hidraulikus henger tart\u00f3s anyagokb\u00f3l k\u00e9sz\u00fclt, amelyek ellen\u00e1llnak a neh\u00e9z terepi haszn\u00e1lat k\u00f6vetelm\u00e9nyeinek. Robusztus kialak\u00edt\u00e1sa maxim\u00e1lis szil\u00e1rds\u00e1got \u00e9s hossz\u00fa \u00e9lettartamot biztos\u00edt, megb\u00edzhat\u00f3 teljes\u00edtm\u00e9nyt ny\u00fajtva m\u00e9g kih\u00edv\u00e1st jelent\u0151 k\u00f6r\u00fclm\u00e9nyek k\u00f6z\u00f6tt is.<\/p>\n<p>A professzion\u00e1lis, \u00e1ll\u00edthat\u00f3 mez\u0151gazdas\u00e1gi p\u00f3tkocsi hidraulikus munkahenger fejlett hidraulikus technol\u00f3gi\u00e1val rendelkezik, amely sima \u00e9s k\u00f6vetkezetes m\u0171k\u00f6d\u00e9st biztos\u00edt. Prec\u00edz vez\u00e9rl\u00e9se lehet\u0151v\u00e9 teszi a p\u00f3tkocsi tartoz\u00e9kainak egyszer\u0171 \u00e9s hat\u00e9kony emel\u00e9s\u00e9t \u00e9s s\u00fcllyeszt\u00e9s\u00e9t, biztos\u00edtva a z\u00f6kken\u0151mentes m\u0171k\u00f6d\u00e9st a rakod\u00e1si \u00e9s kirakod\u00e1si feladatok sor\u00e1n.<\/p>\n<p><img loading=\"lazy\" decoding=\"async\" class=\"alignnone size-full wp-image-1334\" src=\"https:\/\/fmp-components.com\/wp-content\/uploads\/2024\/12\/Adjustable-Clevis-Type-Cylinders-4.webp\" alt=\"\u00c1ll\u00edthat\u00f3 vill\u00e1s hengerek\" width=\"800\" height=\"800\" title=\"\" srcset=\"https:\/\/fmp-components.com\/wp-content\/uploads\/2024\/12\/Adjustable-Clevis-Type-Cylinders-4.webp 800w, https:\/\/fmp-components.com\/wp-content\/uploads\/2024\/12\/Adjustable-Clevis-Type-Cylinders-4-480x480.webp 480w\" sizes=\"(min-width: 0px) and (max-width: 480px) 480px, (min-width: 481px) 800px, 100vw\" \/><\/p>\n<p>Ez a hidraulikus henger kiv\u00e9teles megb\u00edzhat\u00f3s\u00e1got \u00e9s biztons\u00e1gi funkci\u00f3kat k\u00edn\u00e1l, bele\u00e9rtve a be\u00e9p\u00edtett t\u00falterhel\u00e9sv\u00e9delmet \u00e9s a korr\u00f3zi\u00f3\u00e1ll\u00f3 bevonatot. Ezek a kieg\u00e9sz\u00edt\u0151 int\u00e9zked\u00e9sek garant\u00e1lj\u00e1k a henger hossz\u00fa \u00e9lettartam\u00e1t, \u00e9s gondoskodnak mind a kezel\u0151, mind a berendez\u00e9s biztons\u00e1g\u00e1r\u00f3l.<\/p>\n<p>\u00d6sszefoglalva, a Professzion\u00e1lis \u00c1ll\u00edthat\u00f3 Mez\u0151gazdas\u00e1gi Hidraulikus Munkahenger P\u00f3tkocsihoz egy els\u0151rang\u00fa term\u00e9k, amely \u00f6tv\u00f6zi a tart\u00f3ss\u00e1got, a sokoldal\u00fas\u00e1got \u00e9s a fejlett hidraulikus technol\u00f3gi\u00e1t. Robusztus kialak\u00edt\u00e1sa, \u00e1ll\u00edthat\u00f3 funkci\u00f3ja \u00e9s megb\u00edzhat\u00f3 teljes\u00edtm\u00e9nye felbecs\u00fclhetetlen \u00e9rt\u00e9k\u0171 eszk\u00f6zz\u00e9 teszi mez\u0151gazdas\u00e1gi alkalmaz\u00e1sokhoz. Ak\u00e1r gazd\u00e1lkod\u00f3, ak\u00e1r a mez\u0151gazdas\u00e1gi \u00e1gazatban dolgoz\u00f3 szakember, ez a hidraulikus munkahenger elengedhetetlen kell\u00e9k a p\u00f3tkocsi felszerel\u00e9s\u00e9hez.<\/p>\n<p>Professzion\u00e1lis, \u00e1ll\u00edthat\u00f3 mez\u0151gazdas\u00e1gi hidraulikus henger\u00fcnk egy cs\u00facskateg\u00f3ri\u00e1s term\u00e9k, amelyre egy \u00e9v garanci\u00e1t v\u00e1llalunk. Sz\u00e1mos ipar\u00e1g sz\u00e1m\u00e1ra alkalmas, bele\u00e9rtve a g\u00e9pjav\u00edt\u00f3 m\u0171helyeket, a mez\u0151gazdas\u00e1got, az energia- \u00e9s b\u00e1ny\u00e1szatot, a g\u00e9pgy\u00e1rt\u00e1st \u00e9s a g\u00e9pgy\u00e1rakat. Ez a hidraulikus henger 104 kg s\u00faly\u00fa, \u00e9s olyan alapvet\u0151 alkatr\u00e9szekb\u0151l k\u00e9sz\u00fclt, mint a csap\u00e1gy \u00e9s a hidraulikus henger. Hidraulikus er\u0151vel m\u0171k\u00f6dik, \u00e9s robusztus ac\u00e9l testb\u0151l k\u00e9sz\u00fclt.<\/p>\n<table style=\"width: 100%;\" border=\"1\" width=\"100%\" cellspacing=\"0\" cellpadding=\"0\">\n<tbody>\n<tr>\n<th>Term\u00e9kt\u00edpus<\/th>\n<td>\u00c1ll\u00edthat\u00f3 kengyeles henger<\/td>\n<\/tr>\n<tr>\n<th>Max. tol\u00f3er\u0151<\/th>\n<td>3000<\/td>\n<\/tr>\n<tr>\n<th>Max. h\u00faz\u00f3er\u0151<\/th>\n<td>20 tonna<\/td>\n<\/tr>\n<tr>\n<th>kik\u00f6t\u0151k<\/th>\n<td>G\/SAE\/NPT\/M<\/td>\n<\/tr>\n<tr>\n<th>Tan\u00fas\u00edtv\u00e1ny<\/th>\n<td>ISO 9001:2000<\/td>\n<\/tr>\n<tr>\n<th>Furatm\u00e9ret<\/th>\n<td>2\u20136 h\u00fcvelyk<\/td>\n<\/tr>\n<tr>\n<th>R\u00fad m\u00e9rete<\/th>\n<td>1,125 \u2013 4 h\u00fcvelyk<\/td>\n<\/tr>\n<tr>\n<th>Ecsetvon\u00e1s m\u00e9rete<\/th>\n<td>4\u2013100 h\u00fcvelyk<\/td>\n<\/tr>\n<tr>\n<th>Cs\u00edp\u0151m\u00e9ret<\/th>\n<td>0,5 \u2013 2 h\u00fcvelyk<\/td>\n<\/tr>\n<tr>\n<th>Sz\u00edn<\/th>\n<td>Fekete<\/td>\n<\/tr>\n<\/tbody>\n<\/table>\n<p>&nbsp;<\/p>\n<h2>Az \u00e1ll\u00edthat\u00f3 kengyeles hengerek el\u0151nyei<\/h2>\n<p>Az \u00e1ll\u00edthat\u00f3 kengyeles hengerek, mint p\u00e9ld\u00e1ul a professzion\u00e1lis, \u00e1ll\u00edthat\u00f3 mez\u0151gazdas\u00e1gi p\u00f3tkocsikhoz val\u00f3 hidraulikus hengerek, sz\u00e1mos el\u0151nnyel rendelkeznek, amelyek kiv\u00e1l\u00f3 v\u00e1laszt\u00e1ss\u00e1 teszik \u0151ket k\u00fcl\u00f6nf\u00e9le alkalmaz\u00e1sokhoz. Ebben a cikkben r\u00e9szletesen megvizsg\u00e1ljuk ezen hidraulikus hengerek el\u0151nyeit.<\/p>\n<h3>Fokozott rugalmass\u00e1g \u00e9s sokoldal\u00fas\u00e1g<\/h3>\n<p>Az \u00e1ll\u00edthat\u00f3 kengyeles hengerek egyik legfontosabb el\u0151nye, hogy fokozott rugalmass\u00e1got \u00e9s sokoldal\u00fas\u00e1got biztos\u00edtanak a k\u00fcl\u00f6nb\u00f6z\u0151 hidraulikus rendszerekben. Ezek a hengerek lehet\u0151v\u00e9 teszik a kengyelcsap helyzet\u00e9nek egyszer\u0171 be\u00e1ll\u00edt\u00e1s\u00e1t, lehet\u0151v\u00e9 t\u00e9ve a kezel\u0151k sz\u00e1m\u00e1ra, hogy a henger l\u00f6kethossz\u00e1t \u00e9s a r\u00f6gz\u00edt\u00e9si lehet\u0151s\u00e9geket testre szabj\u00e1k az optim\u00e1lis teljes\u00edtm\u00e9ny \u00e9rdek\u00e9ben.<\/p>\n<p>A kengyelcsap helyzet\u00e9nek be\u00e1ll\u00edt\u00e1s\u00e1val a henger testreszabhat\u00f3 az adott m\u0171k\u00f6d\u00e9si k\u00f6vetelm\u00e9nyeknek megfelel\u0151en, biztos\u00edtva a hat\u00e9konyabb \u00e9s pontosabb m\u0171k\u00f6d\u00e9st. Ez a rugalmass\u00e1g teszi az \u00e1ll\u00edthat\u00f3 kengyeles hengereket sz\u00e9les k\u00f6r\u0171 alkalmaz\u00e1sokhoz alkalmass\u00e1, bele\u00e9rtve a mez\u0151gazdas\u00e1got, az \u00e9p\u00edt\u0151ipart \u00e9s az ipari g\u00e9peket.<\/p>\n<h3>Fokozott teljes\u00edtm\u00e9ny \u00e9s hat\u00e9konys\u00e1g<\/h3>\n<p>Az \u00e1ll\u00edthat\u00f3 kengyeles hengerek m\u00e1sik jelent\u0151s el\u0151nye a teljes\u00edtm\u00e9ny \u00e9s a hat\u00e9konys\u00e1g jav\u00edt\u00e1s\u00e1nak k\u00e9pess\u00e9ge. Ezeket a hengereket \u00fagy tervezt\u00e9k, hogy a teljes l\u00f6kethosszuk alatt er\u0151teljes \u00e9s \u00e1lland\u00f3 er\u0151t biztos\u00edtsanak, lehet\u0151v\u00e9 t\u00e9ve a z\u00f6kken\u0151mentes \u00e9s megb\u00edzhat\u00f3 m\u0171k\u00f6d\u00e9st ig\u00e9nyl\u0151 k\u00f6r\u00fclm\u00e9nyek k\u00f6z\u00f6tt.<\/p>\n<p>Ezeknek a munkahengereknek az \u00e1ll\u00edthat\u00f3s\u00e1ga lehet\u0151v\u00e9 teszi a kezel\u0151k sz\u00e1m\u00e1ra, hogy optimaliz\u00e1lj\u00e1k a munkahenger teljes\u00edtm\u00e9ny\u00e9t a beszerel\u00e9si poz\u00edci\u00f3 be\u00e1ll\u00edt\u00e1s\u00e1val. Ez a be\u00e1ll\u00edt\u00e1s seg\u00edthet minimaliz\u00e1lni a rendszer terhel\u00e9s\u00e9t, cs\u00f6kkenteni a kop\u00e1st, \u00e9s n\u00f6velni az \u00e1ltal\u00e1nos hat\u00e9konys\u00e1got. Ennek eredm\u00e9nyek\u00e9nt az \u00e1ll\u00edthat\u00f3 kengyeles munkahengerek hozz\u00e1j\u00e1rulnak a termel\u00e9kenys\u00e9g jav\u00edt\u00e1s\u00e1hoz \u00e9s az \u00fczemeltet\u00e9si k\u00f6lts\u00e9gek cs\u00f6kkent\u00e9s\u00e9hez.<\/p>\n<h3>Fokozott biztons\u00e1g \u00e9s tart\u00f3ss\u00e1g<\/h3>\n<p>Az \u00e1ll\u00edthat\u00f3 kengyeles hengereket a biztons\u00e1g \u00e9s a tart\u00f3ss\u00e1g el\u0151t\u00e9rbe helyez\u00e9s\u00e9re tervezt\u00e9k. Ezek a hengerek kiv\u00e1l\u00f3 min\u0151s\u00e9g\u0171 anyagokb\u00f3l k\u00e9sz\u00fclnek, \u00e9s szigor\u00fa tesztel\u00e9sen esnek \u00e1t a megb\u00edzhat\u00f3s\u00e1guk \u00e9s hossz\u00fa \u00e9lettartamuk biztos\u00edt\u00e1sa \u00e9rdek\u00e9ben.<\/p>\n<p>Az \u00e1ll\u00edthat\u00f3 kengyelcsapos kialak\u00edt\u00e1s biztons\u00e1gos csatlakoz\u00e1st biztos\u00edt a henger \u00e9s az alkalmaz\u00e1s k\u00f6z\u00f6tt, minimaliz\u00e1lva a lev\u00e1l\u00e1s vagy meghib\u00e1sod\u00e1s kock\u00e1zat\u00e1t. Ezenk\u00edv\u00fcl az \u00e1ll\u00edthat\u00f3 funkci\u00f3 lehet\u0151v\u00e9 teszi a pontos be\u00e1ll\u00edt\u00e1st \u00e9s a megfelel\u0151 terhel\u00e9seloszt\u00e1st, cs\u00f6kkentve a henger \u00e9s m\u00e1s alkatr\u00e9szek id\u0151 el\u0151tti kop\u00e1s\u00e1nak vagy k\u00e1rosod\u00e1s\u00e1nak es\u00e9ly\u00e9t.<\/p>\n<h3>K\u00f6nny\u0171 telep\u00edt\u00e9s \u00e9s karbantart\u00e1s<\/h3>\n<p>Az \u00e1ll\u00edthat\u00f3 kengyeles hengerek egyszer\u0171 telep\u00edt\u00e9st \u00e9s karbantart\u00e1st k\u00edn\u00e1lnak, \u00edgy praktikus v\u00e1laszt\u00e1st jelentenek sz\u00e1mos ipar\u00e1g sz\u00e1m\u00e1ra. Az \u00e1ll\u00edthat\u00f3 kialak\u00edt\u00e1s lehet\u0151v\u00e9 teszi a henger egyszer\u0171 telep\u00edt\u00e9s\u00e9t \u00e9s r\u00f6gz\u00edt\u00e9si poz\u00edci\u00f3j\u00e1nak be\u00e1ll\u00edt\u00e1s\u00e1t, \u00e9rt\u00e9kes id\u0151t \u00e9s energi\u00e1t takar\u00edtva meg a be\u00e1ll\u00edt\u00e1si folyamat sor\u00e1n.<\/p>\n<p>Tov\u00e1bb\u00e1 ezek a hengerek minim\u00e1lis karbantart\u00e1st ig\u00e9nyelnek robusztus konstrukci\u00f3juk \u00e9s kiv\u00e1l\u00f3 min\u0151s\u00e9g\u0171 alkatr\u00e9szeik miatt. A rendszeres ellen\u0151rz\u00e9s \u00e9s ken\u00e9s \u00e1ltal\u00e1ban elegend\u0151 ahhoz, hogy optim\u00e1lis \u00fczem\u00e1llapotban tarts\u00e1k \u0151ket, cs\u00f6kkentve az \u00e1ll\u00e1sid\u0151t \u00e9s a karbantart\u00e1si k\u00f6lts\u00e9geket.<\/p>\n<p>\u00d6sszefoglalva, a p\u00f3tkocsikhoz val\u00f3 professzion\u00e1lis \u00e1ll\u00edthat\u00f3 mez\u0151gazdas\u00e1gi hidraulikus henger \u00e9s m\u00e1s \u00e1ll\u00edthat\u00f3 kengyeles hengerek jelent\u0151s el\u0151ny\u00f6ket k\u00edn\u00e1lnak a rugalmass\u00e1g, a teljes\u00edtm\u00e9ny, a biztons\u00e1g \u00e9s a k\u00f6nny\u0171 haszn\u00e1lat tekintet\u00e9ben. Egyed\u00fcl\u00e1ll\u00f3 \u00e1ll\u00edthat\u00f3 tulajdons\u00e1guk lehet\u0151v\u00e9 teszi a testreszab\u00e1st, n\u00f6veli sokoldal\u00fas\u00e1gukat \u00e9s alkalmass\u00e1 teszi \u0151ket k\u00fcl\u00f6nf\u00e9le alkalmaz\u00e1sokhoz. A hat\u00e9konys\u00e1g \u00e9s a tart\u00f3ss\u00e1g jav\u00edt\u00e1s\u00e1nak k\u00e9pess\u00e9g\u00e9vel az \u00e1ll\u00edthat\u00f3 kengyeles hengerek \u00e9rt\u00e9kes eszk\u00f6z\u00f6k a modern ipar\u00e1gak hidraulikus rendszereiben.<\/p>\n<p><img decoding=\"async\" src=\"https:\/\/fmp-components.com\/wp-content\/uploads\/2024\/12\/Adjustable-Clevis-Type-Cylinders5.webp\" alt=\"\u00c1ll\u00edthat\u00f3 kengyeles henger\" width=\"800\" title=\"\"><\/p>\n<h2>\u00c1ll\u00edthat\u00f3 kengyeles hengerek alkalmaz\u00e1sa<\/h2>\n<p>Az \u00e1ll\u00edthat\u00f3 kengyeles hengerek, mint p\u00e9ld\u00e1ul a p\u00f3tkocsikhoz val\u00f3 professzion\u00e1lis \u00e1ll\u00edthat\u00f3 mez\u0151gazdas\u00e1gi hidraulikus hengerek, sokoldal\u00fa hidraulikus eszk\u00f6z\u00f6k, amelyeket gyakran haszn\u00e1lnak k\u00fcl\u00f6nf\u00e9le ipar\u00e1gakban. Ezek a hengerek sz\u00e1mos el\u0151nnyel j\u00e1rnak, \u00e9s sz\u00e9les k\u00f6rben alkalmazz\u00e1k \u0151ket k\u00fcl\u00f6nb\u00f6z\u0151 alkalmaz\u00e1sokban. Ebben a cikkben megvizsg\u00e1ljuk az \u00e1ll\u00edthat\u00f3 kengyeles hengerek n\u00e9h\u00e1ny kulcsfontoss\u00e1g\u00fa alkalmaz\u00e1s\u00e1t, valamint azok jelent\u0151s\u00e9g\u00e9t a m\u0171k\u00f6d\u00e9si hat\u00e9konys\u00e1g \u00e9s a termel\u00e9kenys\u00e9g jav\u00edt\u00e1s\u00e1ban.<\/p>\n<h3>1. Ipari automatiz\u00e1l\u00e1s<\/h3>\n<p>Az \u00e1ll\u00edthat\u00f3 kengyeles hengerek kulcsszerepet j\u00e1tszanak az ipari automatiz\u00e1l\u00e1si folyamatokban. A prec\u00edz \u00e9s szab\u00e1lyozott line\u00e1ris mozg\u00e1s biztos\u00edt\u00e1s\u00e1ra val\u00f3 k\u00e9pess\u00e9g\u00fcknek k\u00f6sz\u00f6nhet\u0151en ezeket a hengereket automatiz\u00e1lt g\u00e9pekben haszn\u00e1lj\u00e1k olyan feladatok elv\u00e9gz\u00e9s\u00e9re, mint az anyagmozgat\u00e1s, az \u00f6sszeszerel\u0151 sorok m\u0171k\u00f6dtet\u00e9se \u00e9s a robotikai alkalmaz\u00e1sok. Ezeknek a hengereknek az \u00e1ll\u00edthat\u00f3s\u00e1ga lehet\u0151v\u00e9 teszi a l\u00f6kethossz rugalmass\u00e1g\u00e1t az adott automatiz\u00e1l\u00e1si k\u00f6vetelm\u00e9nyeknek val\u00f3 megfelel\u00e9s \u00e9rdek\u00e9ben, biztos\u00edtva az optim\u00e1lis teljes\u00edtm\u00e9nyt.<\/p>\n<h3>2. \u00c9p\u00edt\u0151ipari berendez\u00e9sek<\/h3>\n<p>Az \u00e9p\u00edt\u0151iparban az \u00e1ll\u00edthat\u00f3 kengyeles hengereket sz\u00e9les k\u00f6rben haszn\u00e1lj\u00e1k k\u00fcl\u00f6nf\u00e9le berendez\u00e9sekben a funkcionalit\u00e1suk fokoz\u00e1sa \u00e9rdek\u00e9ben. Ezeket a hengereket gyakran integr\u00e1lj\u00e1k \u00e9p\u00edt\u0151ipari g\u00e9pekbe, p\u00e9ld\u00e1ul kotr\u00f3g\u00e9pekbe, rakod\u00f3g\u00e9pekbe \u00e9s buld\u00f3zerekbe, hogy megb\u00edzhat\u00f3 \u00e9s nagy teljes\u00edtm\u00e9ny\u0171 hidraulikus er\u0151t biztos\u00edtsanak. A hengerek be\u00e1ll\u00edt\u00e1s\u00e1nak k\u00e9pess\u00e9ge lehet\u0151v\u00e9 teszi a berendez\u00e9sek mozg\u00e1s\u00e1nak pontos vez\u00e9rl\u00e9s\u00e9t, jav\u00edtva a hat\u00e9konys\u00e1got \u00e9s a biztons\u00e1got az \u00e9p\u00edt\u00e9si m\u0171veletek sor\u00e1n.<\/p>\n<h3>3. Mez\u0151gazdas\u00e1gi g\u00e9pek<\/h3>\n<p>A mez\u0151gazdas\u00e1gi szektor nagy hasznot h\u00faz az \u00e1ll\u00edthat\u00f3 kengyeles hengerek alkalmaz\u00e1s\u00e1b\u00f3l. Ezeket a hengereket sz\u00e9les k\u00f6rben haszn\u00e1lj\u00e1k mez\u0151gazdas\u00e1gi g\u00e9pekben, bele\u00e9rtve a traktorokat, betakar\u00edt\u00f3g\u00e9peket \u00e9s \u00f6nt\u00f6z\u0151rendszereket. \u00c1ll\u00edthat\u00f3 l\u00f6kethosszukkal ezek a hengerek lehet\u0151v\u00e9 teszik a gazd\u00e1lkod\u00f3k sz\u00e1m\u00e1ra, hogy a berendez\u00e9s teljes\u00edtm\u00e9ny\u00e9t a k\u00fcl\u00f6nb\u00f6z\u0151 mez\u0151gazdas\u00e1gi feladatokhoz igaz\u00edts\u00e1k. Ak\u00e1r az eke magass\u00e1g\u00e1nak be\u00e1ll\u00edt\u00e1s\u00e1r\u00f3l, ak\u00e1r a betakar\u00edt\u00f3g\u00e9p mozg\u00e1s\u00e1nak vez\u00e9rl\u00e9s\u00e9r\u0151l van sz\u00f3, ezeknek a hengereknek a sokoldal\u00fas\u00e1ga n\u00f6veli a termel\u00e9kenys\u00e9get \u00e9s optim\u00e1lis mez\u0151gazdas\u00e1gi eredm\u00e9nyeket biztos\u00edt.<\/p>\n<h3>4. Anyagmozgat\u00e1s<\/h3>\n<p>Az \u00e1ll\u00edthat\u00f3 kengyeles hengerek jelent\u0151s alkalmaz\u00e1si ter\u00fcletet tal\u00e1lnak az anyagmozgat\u00f3 berendez\u00e9sekben, p\u00e9ld\u00e1ul targonc\u00e1kban, darukban \u00e9s sz\u00e1ll\u00edt\u00f3szalag-rendszerekben. Ezek a hengerek prec\u00edz vez\u00e9rl\u00e9st biztos\u00edtanak a neh\u00e9z terhek emel\u00e9se, s\u00fcllyeszt\u00e9se \u00e9s pozicion\u00e1l\u00e1sa felett. A henger l\u00f6kethossz\u00e1nak be\u00e1ll\u00edt\u00e1s\u00e1val a kezel\u0151k a berendez\u00e9st k\u00fcl\u00f6nb\u00f6z\u0151 m\u00e9ret\u0171, form\u00e1j\u00fa \u00e9s s\u00faly\u00fa terhek kezel\u00e9s\u00e9hez igaz\u00edthatj\u00e1k. Ez a rugalmass\u00e1g n\u00f6veli a m\u0171k\u00f6d\u00e9si hat\u00e9konys\u00e1got, cs\u00f6kkenti az \u00e1ruk k\u00e1rosod\u00e1s\u00e1nak kock\u00e1zat\u00e1t, \u00e9s jav\u00edtja az \u00e1ltal\u00e1nos munkahelyi biztons\u00e1got.<\/p>\n<h3>5. Tengeri \u00e9s tengeri ipar<\/h3>\n<p>A tengeri \u00e9s offshore iparban az \u00e1ll\u00edthat\u00f3 kengyeles hengereket k\u00fcl\u00f6nf\u00e9le alkalmaz\u00e1sokban haszn\u00e1lj\u00e1k. A haj\u00f3\u00e9p\u00edt\u00e9st\u0151l \u00e9s a tengeri f\u00far\u00e1sokt\u00f3l kezdve a v\u00edz alatti m\u0171veletekig ezek a hengerek l\u00e9tfontoss\u00e1g\u00fa szerepet j\u00e1tszanak a hidraulikus rendszerekben. \u00c1ll\u00edthat\u00f3 jelleg\u00fck lehet\u0151v\u00e9 teszi a mozg\u00e1sok pontos vez\u00e9rl\u00e9s\u00e9t kih\u00edv\u00e1st jelent\u0151 tengeri k\u00f6rnyezetben. Ak\u00e1r egy haj\u00f3 korm\u00e1nylap\u00e1tj\u00e1nak sz\u00f6g\u00e9nek be\u00e1ll\u00edt\u00e1s\u00e1r\u00f3l, ak\u00e1r a tengeri f\u00far\u00f3berendez\u00e9sek helyzet\u00e9nek vez\u00e9rl\u00e9s\u00e9r\u0151l van sz\u00f3, ezek a hengerek z\u00f6kken\u0151mentes m\u0171k\u00f6d\u00e9st \u00e9s biztons\u00e1got biztos\u00edtanak a neh\u00e9z tengeri k\u00f6r\u00fclm\u00e9nyek k\u00f6z\u00f6tt.<\/p>\n<p>\u00d6sszess\u00e9g\u00e9ben az \u00e1ll\u00edthat\u00f3 kengyeles hengerek, mint p\u00e9ld\u00e1ul a p\u00f3tkocsikhoz val\u00f3 professzion\u00e1lis \u00e1ll\u00edthat\u00f3 mez\u0151gazdas\u00e1gi hidraulikus hengerek, alkalmaz\u00e1sa k\u00fcl\u00f6nb\u00f6z\u0151 ipar\u00e1gakban elterjedt, \u00e9s kulcsszerepet j\u00e1tszik a m\u0171k\u00f6d\u00e9si hat\u00e9konys\u00e1g \u00e9s a termel\u00e9kenys\u00e9g n\u00f6vel\u00e9s\u00e9ben. Ezeknek a hengereknek a sokoldal\u00fas\u00e1ga \u00e9s \u00e1ll\u00edthat\u00f3s\u00e1ga n\u00e9lk\u00fcl\u00f6zhetetlenn\u00e9 teszi \u0151ket k\u00fcl\u00f6nf\u00e9le alkalmaz\u00e1sokban, prec\u00edz vez\u00e9rl\u00e9st \u00e9s megb\u00edzhat\u00f3 teljes\u00edtm\u00e9nyt biztos\u00edtva. Azzal a k\u00e9pess\u00e9g\u00fckkel, hogy alkalmazkodnak az egyes k\u00f6vetelm\u00e9nyekhez, ezek a hengerek hozz\u00e1j\u00e1rulnak az ipari folyamatok, \u00e9p\u00edt\u00e9si projektek, mez\u0151gazdas\u00e1gi gyakorlatok, anyagmozgat\u00e1si m\u0171veletek \u00e9s tengeri tev\u00e9kenys\u00e9gek \u00e1ltal\u00e1nos siker\u00e9hez.<\/p>\n<p><img decoding=\"async\" src=\"https:\/\/fmp-components.com\/wp-content\/uploads\/2024\/12\/Application-of-Adjustable-Clevis-Type-Cylinders.webp\" alt=\"\u00c1ll\u00edthat\u00f3 kengyeles henger\" width=\"800\" title=\"\"><\/p>\n<h3>Az FMP-r\u0151l<\/h3>\n<p>Az FMP egy vezet\u0151 v\u00e1llalat, amely hidraulikus hengerek gy\u00e1rt\u00e1s\u00e1ra \u00e9s \u00e9rt\u00e9kes\u00edt\u00e9s\u00e9re specializ\u00e1l\u00f3dott. Olaszorsz\u00e1gi k\u00f6zpontunkkal sz\u00e9les v\u00e1laszt\u00e9kban k\u00edn\u00e1lunk kiv\u00e1l\u00f3 min\u0151s\u00e9g\u0171 \u00e9s megb\u00edzhat\u00f3 hidraulikus henger megold\u00e1sokat \u00fcgyfeleinknek, sz\u00e9lesk\u00f6r\u0171 ipar\u00e1gi tapasztalatunkra \u00e9s professzion\u00e1lis csapatunkra t\u00e1maszkodva.<\/p>\n<p><strong>1. V\u00e1ltozatos term\u00e9kk\u00edn\u00e1lat:<\/strong> Term\u00e9kk\u00edn\u00e1latunkban k\u00fcl\u00f6nf\u00e9le alkalmaz\u00e1sokhoz tervezett hidraulikus munkahengerek sz\u00e9les v\u00e1laszt\u00e9ka tal\u00e1lhat\u00f3, \u00edgy biztos\u00edtva, hogy \u00fcgyfeleink egyedi ig\u00e9nyeit is ki tudjuk el\u00e9g\u00edteni.<\/p>\n<p><strong>2. Kiv\u00e1l\u00f3 min\u0151s\u00e9g:<\/strong> Az FMP-n\u00e9l a min\u0151s\u00e9get helyezz\u00fck el\u0151t\u00e9rbe, \u00e9s biztos\u00edtjuk, hogy minden hidraulikus henger\u00fcnk megfeleljen a szigor\u00fa min\u0151s\u00e9gi el\u0151\u00edr\u00e1soknak. Hossz\u00fa t\u00e1v\u00fa \u00e9s stabil kapcsolatokat \u00e9p\u00edtett\u00fcnk ki kiv\u00e1l\u00f3 min\u0151s\u00e9g\u0171 besz\u00e1ll\u00edt\u00f3kkal, mind belf\u00f6ld\u00f6n, mind nemzetk\u00f6zi szinten, hogy garant\u00e1ljuk term\u00e9keink kiv\u00e1l\u00f3s\u00e1g\u00e1t.<\/p>\n<p><strong>3. Szak\u00e9rt\u0151 \u00e9rt\u00e9kes\u00edt\u00e9si csapat:<\/strong> Tapasztalt \u00e9s k\u00e9pzett \u00e9rt\u00e9kes\u00edt\u00e9si csapatunk m\u00e9lyrehat\u00f3 ismeretekkel rendelkezik az \u00e9p\u00edt\u0151ipari g\u00e9piparban. Naprak\u00e9szek a leg\u00fajabb trendekkel kapcsolatban, \u00e9s meg\u00e9rtik az \u00fcgyfelek ig\u00e9nyeit, \u00edgy professzion\u00e1lis term\u00e9ktan\u00e1csad\u00e1st \u00e9s intelligens v\u00e1s\u00e1rl\u00e1si javaslatokat tudnak ny\u00fajtani.<\/p>\n<p><strong>4. Hat\u00e9kony logisztikai disztrib\u00faci\u00f3:<\/strong> Hat\u00e9kony logisztikai eloszt\u00e1si rendszert vezett\u00fcnk be, hogy biztos\u00edtsuk a sz\u00fcks\u00e9ges hidraulikus hengerek id\u0151ben \u00e9s pontosan t\u00f6rt\u00e9n\u0151 kisz\u00e1ll\u00edt\u00e1s\u00e1t \u00fcgyfeleink sz\u00e1m\u00e1ra, cs\u00f6kkentve az \u00e1ll\u00e1sid\u0151t \u00e9s n\u00f6velve a termel\u00e9kenys\u00e9get.<\/p>\n<p><strong>5. Elk\u00f6telezetts\u00e9g az \u00fcgyf\u00e9l-el\u00e9gedetts\u00e9g ir\u00e1nt:<\/strong> Az FMP-n\u00e9l az \u00fcgyfelek el\u00e9gedetts\u00e9g\u00e9t helyezz\u00fck el\u0151t\u00e9rbe. Hossz\u00fa t\u00e1v\u00fa kapcsolatok ki\u00e9p\u00edt\u00e9s\u00e9re t\u00f6reksz\u00fcnk \u00fcgyfeleinkkel kiv\u00e9teles term\u00e9kek sz\u00e1ll\u00edt\u00e1s\u00e1val \u00e9s kiv\u00e1l\u00f3 \u00e9rt\u00e9kes\u00edt\u00e9s ut\u00e1ni t\u00e1mogat\u00e1s ny\u00fajt\u00e1s\u00e1val.<\/p>\n<p><img decoding=\"async\" src=\"https:\/\/fmp-components.com\/wp-content\/uploads\/2024\/12\/Adjustable-Clevis-Type-Cylinders-6.webp\" alt=\"\u00c1ll\u00edthat\u00f3 kengyeles henger\" width=\"815\" title=\"\"><\/p>\n<h2>Gyakran ism\u00e9telt k\u00e9rd\u00e9sek<\/h2>\n<p><strong>K: Milyen ipar\u00e1gakban alkalmazhat\u00f3 az \u00e1ll\u00edthat\u00f3 mez\u0151gazdas\u00e1gi hidraulikus henger?<\/strong><br \/>\nV: K\u00fcl\u00f6nb\u00f6z\u0151 ipar\u00e1gak sz\u00e1m\u00e1ra alkalmas, bele\u00e9rtve a g\u00e9pjav\u00edt\u00f3 m\u0171helyeket, a mez\u0151gazdas\u00e1got, az energia- \u00e9s b\u00e1ny\u00e1szatot, a g\u00e9pgy\u00e1rt\u00e1st \u00e9s a g\u00e9pgy\u00e1rakat.<\/p>\n<p><strong>K: Mekkora az \u00e1ll\u00edthat\u00f3 mez\u0151gazdas\u00e1gi hidraulikus henger maxim\u00e1lis tol\u00f3ereje \u00e9s h\u00faz\u00f3ereje?<\/strong><br \/>\nA: A maxim\u00e1lis tol\u00f3er\u0151 3000, a maxim\u00e1lis h\u00faz\u00f3er\u0151 pedig 20 tonna.<\/p>\n<p><strong>K: Testreszabhat\u00f3-e az \u00e1ll\u00edthat\u00f3 mez\u0151gazdas\u00e1gi hidraulikus henger?<\/strong><br \/>\nV: Igen, testreszab\u00e1si lehet\u0151s\u00e9geket k\u00edn\u00e1lunk az egyes ig\u00e9nyek kiel\u00e9g\u00edt\u00e9s\u00e9re.<\/p>\n<p><img decoding=\"async\" src=\"https:\/\/img.jiansujichilun.com\/img\/hydrauliccylinders\/B_hydrauliccylinders-2.webp\" alt=\"hidraulikus henger\" width=\"800\" title=\"\"><\/p>\n<p>Szerz\u0151: CX<\/p>","protected":false},"excerpt":{"rendered":"<p>Introducing the Professional Adjustable Agriculture Hydraulic Cylinder for Trailer: The Professional Adjustable Agriculture Hydraulic Cylinder for Trailer is a high-quality product designed specifically for agricultural purposes. This hydraulic cylinder is engineered to provide optimal performance and efficiency in various trailer applications. With its adjustable feature, this cylinder offers great versatility, allowing users to customize the [&hellip;]<\/p>","protected":false},"featured_media":1336,"comment_status":"closed","ping_status":"closed","template":"","meta":{"_et_pb_use_builder":"","_et_pb_old_content":"","_et_gb_content_width":""},"product_brand":[],"product_cat":[39],"product_tag":[41,34],"class_list":{"0":"post-1353","1":"product","2":"type-product","3":"status-publish","4":"has-post-thumbnail","6":"product_cat-adjustable-clevis-type-cylinders","7":"product_tag-adjustable-clevis-type-cylinders","8":"product_tag-hydraulic-cylinder","10":"first","11":"instock","12":"product-type-simple"},"_links":{"self":[{"href":"https:\/\/fmp-components.com\/hu\/wp-json\/wp\/v2\/product\/1353","targetHints":{"allow":["GET"]}}],"collection":[{"href":"https:\/\/fmp-components.com\/hu\/wp-json\/wp\/v2\/product"}],"about":[{"href":"https:\/\/fmp-components.com\/hu\/wp-json\/wp\/v2\/types\/product"}],"replies":[{"embeddable":true,"href":"https:\/\/fmp-components.com\/hu\/wp-json\/wp\/v2\/comments?post=1353"}],"wp:featuredmedia":[{"embeddable":true,"href":"https:\/\/fmp-components.com\/hu\/wp-json\/wp\/v2\/media\/1336"}],"wp:attachment":[{"href":"https:\/\/fmp-components.com\/hu\/wp-json\/wp\/v2\/media?parent=1353"}],"wp:term":[{"taxonomy":"product_brand","embeddable":true,"href":"https:\/\/fmp-components.com\/hu\/wp-json\/wp\/v2\/product_brand?post=1353"},{"taxonomy":"product_cat","embeddable":true,"href":"https:\/\/fmp-components.com\/hu\/wp-json\/wp\/v2\/product_cat?post=1353"},{"taxonomy":"product_tag","embeddable":true,"href":"https:\/\/fmp-components.com\/hu\/wp-json\/wp\/v2\/product_tag?post=1353"}],"curies":[{"name":"munkaf\u00fczet","href":"https:\/\/api.w.org\/{rel}","templated":true}]}}