{"id":1351,"date":"2024-12-23T02:18:07","date_gmt":"2024-12-23T02:18:07","guid":{"rendered":"https:\/\/fmp-components.com\/product\/durable-adjustable-truck-hydraulic-piston-cylinder-for-trailer\/"},"modified":"2025-03-18T00:56:23","modified_gmt":"2025-03-18T00:56:23","slug":"durable-adjustable-truck-hydraulic-piston-cylinder-for-trailer","status":"publish","type":"product","link":"https:\/\/fmp-components.com\/hu\/product\/durable-adjustable-truck-hydraulic-piston-cylinder-for-trailer\/","title":{"rendered":"Tart\u00f3s, \u00e1ll\u00edthat\u00f3 teheraut\u00f3 hidraulikus dugatty\u00fas henger p\u00f3tkocsihoz"},"content":{"rendered":"<h2>Bemutatkozik a tart\u00f3s, \u00e1ll\u00edthat\u00f3 teheraut\u00f3-hidraulikus dugatty\u00fas munkahenger p\u00f3tkocsihoz:<\/h2>\n<p>A tart\u00f3s, \u00e1ll\u00edthat\u00f3 teheraut\u00f3 hidraulikus dugatty\u00fas munkahenger p\u00f3tkocsikhoz egy kiv\u00e1l\u00f3 min\u0151s\u00e9g\u0171, megb\u00edzhat\u00f3 term\u00e9k, amelyet a teherfuvaroz\u00e1si \u00e1gazat ig\u00e9nyeinek kiel\u00e9g\u00edt\u00e9s\u00e9re terveztek. Ez a henger kifejezetten a sima \u00e9s hat\u00e9kony m\u0171k\u00f6d\u00e9s biztos\u00edt\u00e1s\u00e1ra k\u00e9sz\u00fclt, garant\u00e1lva az optim\u00e1lis teljes\u00edtm\u00e9nyt p\u00f3tkocsis alkalmaz\u00e1sokhoz.<\/p>\n<p>Tart\u00f3s konstrukci\u00f3j\u00e1nak k\u00f6sz\u00f6nhet\u0151en ez a hidraulikus dugatty\u00fas henger hossz\u00fa \u00e9lettartamra k\u00e9sz\u00fclt. Kiv\u00e1l\u00f3 min\u0151s\u00e9g\u0171 anyagokb\u00f3l k\u00e9sz\u00fclt, amelyek ellen\u00e1llnak a kop\u00e1snak \u00e9s a korr\u00f3zi\u00f3nak, \u00edgy hossz\u00fa \u00e9lettartamot biztos\u00edtanak m\u00e9g zord k\u00f6r\u00fclm\u00e9nyek k\u00f6z\u00f6tt is. A hengert \u00fagy tervezt\u00e9k, hogy ellen\u00e1lljon a nagy terhel\u00e9seknek, \u00e9s id\u0151vel \u00e1lland\u00f3 teljes\u00edtm\u00e9nyt ny\u00fajtson.<\/p>\n<p>A term\u00e9k egyik legfontosabb jellemz\u0151je az \u00e1ll\u00edthat\u00f3s\u00e1ga. A henger k\u00f6nnyen be\u00e1ll\u00edthat\u00f3 k\u00fcl\u00f6nb\u00f6z\u0151 magass\u00e1gokba, lehet\u0151v\u00e9 t\u00e9ve a p\u00f3tkocsik egyedi ig\u00e9nyeinek val\u00f3 megfelel\u00e9st. Ez a rugalmass\u00e1g biztos\u00edtja a pontos illeszked\u00e9st, maximaliz\u00e1lja a hidraulikus rendszer hat\u00e9konys\u00e1g\u00e1t \u00e9s eredm\u00e9nyess\u00e9g\u00e9t.<\/p>\n<p>A tart\u00f3s, \u00e1ll\u00edthat\u00f3 teheraut\u00f3-hidraulikus dugatty\u00fas munkahenger p\u00f3tkocsikhoz kiv\u00e9teles megb\u00edzhat\u00f3s\u00e1g\u00e1r\u00f3l is ismert. \u00dagy tervezt\u00e9k, hogy sima, k\u00f6vetkezetes m\u0171k\u00f6d\u00e9st biztos\u00edtson, minimaliz\u00e1lja az \u00e1ll\u00e1sid\u0151t \u00e9s maximaliz\u00e1lja a termel\u00e9kenys\u00e9get. Ez a megb\u00edzhat\u00f3s\u00e1g kulcsfontoss\u00e1g\u00fa az ig\u00e9nyes teheraut\u00f3-iparban, ahol a hat\u00e9konys\u00e1g \u00e9s a teljes\u00edtm\u00e9ny kiemelked\u0151 fontoss\u00e1g\u00fa.<\/p>\n<p><img loading=\"lazy\" decoding=\"async\" class=\"alignnone size-full wp-image-1334\" src=\"https:\/\/fmp-components.com\/wp-content\/uploads\/2024\/12\/Adjustable-Clevis-Type-Cylinders-4.webp\" alt=\"\u00c1ll\u00edthat\u00f3 vill\u00e1s hengerek\" width=\"800\" height=\"800\" title=\"\" srcset=\"https:\/\/fmp-components.com\/wp-content\/uploads\/2024\/12\/Adjustable-Clevis-Type-Cylinders-4.webp 800w, https:\/\/fmp-components.com\/wp-content\/uploads\/2024\/12\/Adjustable-Clevis-Type-Cylinders-4-480x480.webp 480w\" sizes=\"(min-width: 0px) and (max-width: 480px) 480px, (min-width: 481px) 800px, 100vw\" \/><\/p>\n<p>\u00d6sszefoglalva, a tart\u00f3s, \u00e1ll\u00edthat\u00f3 teheraut\u00f3-hidraulikus dugatty\u00fas munkahenger p\u00f3tkocsikhoz egy kiv\u00e1l\u00f3 min\u0151s\u00e9g\u0171 term\u00e9k, amely tart\u00f3ss\u00e1got, \u00e1ll\u00edthat\u00f3s\u00e1got \u00e9s megb\u00edzhat\u00f3s\u00e1got k\u00edn\u00e1l. \u00dagy tervezt\u00e9k, hogy megfeleljen a teherfuvaroz\u00e1si ipar\u00e1g egyedi ig\u00e9nyeinek, \u00e9s hat\u00e9kony \u00e9s eredm\u00e9nyes hidraulikus m\u0171k\u00f6dtet\u00e9st biztos\u00edtson p\u00f3tkocsis alkalmaz\u00e1sokhoz.<\/p>\n<p>Fedezze fel \u00faj, tart\u00f3s, \u00e1ll\u00edthat\u00f3 teheraut\u00f3 hidraulikus dugatty\u00fas p\u00f3tkocsi henger\u00fcnk kiv\u00e9teles erej\u00e9t \u00e9s tart\u00f3ss\u00e1g\u00e1t. Ez a term\u00e9k t\u00f6k\u00e9letes sz\u00e1mos ipar\u00e1g sz\u00e1m\u00e1ra, bele\u00e9rtve a g\u00e9pjav\u00edt\u00f3 m\u0171helyeket, a mez\u0151gazdas\u00e1got, az energia- \u00e9s b\u00e1ny\u00e1szatot, a g\u00e9pgy\u00e1rt\u00e1st \u00e9s a g\u00e9pgy\u00e1rakat. Standard dugatty\u00fas hengerszerkezet\u00e9nek k\u00f6sz\u00f6nhet\u0151en ennek a hengernek a maxim\u00e1lis tol\u00f3ereje 3000 tonna, maxim\u00e1lis h\u00faz\u00f3ereje pedig 20 tonna, \u00edgy ide\u00e1lis v\u00e1laszt\u00e1s nagy teherb\u00edr\u00e1s\u00fa alkalmaz\u00e1sokhoz. Kiv\u00e1l\u00f3 min\u0151s\u00e9g\u0171 ac\u00e9lb\u00f3l k\u00e9sz\u00fclt, \u00e1ll\u00edthat\u00f3 kengyeles kialak\u00edt\u00e1sa sokoldal\u00fas\u00e1got \u00e9s alkalmazkod\u00f3k\u00e9pess\u00e9get biztos\u00edt, \u00edgy mind standard, mind nem standard alkalmaz\u00e1sokhoz alkalmas. Ezenk\u00edv\u00fcl ez a term\u00e9k ISO9001:2000 tan\u00fas\u00edtv\u00e1nnyal rendelkezik, \u00e9s eleg\u00e1ns fekete kivitelben kaphat\u00f3.<\/p>\n<h2>Az \u00e1ll\u00edthat\u00f3 kengyeles hengerek el\u0151nyei<\/h2>\n<p>Az \u00e1ll\u00edthat\u00f3 kengyeles hengerek egyfajta hidraulikus dugatty\u00fas hengerek, amelyeket k\u00fcl\u00f6nf\u00e9le alkalmaz\u00e1sokban haszn\u00e1lnak, p\u00e9ld\u00e1ul teheraut\u00f3kban \u00e9s p\u00f3tkocsikban. Ezek a hengerek sz\u00e1mos el\u0151nnyel rendelkeznek m\u00e1s t\u00edpus\u00fa hidraulikus hengerekkel szemben, \u00edgy n\u00e9pszer\u0171 v\u00e1laszt\u00e1snak bizonyulnak a m\u00e9rn\u00f6k\u00f6k \u00e9s a gy\u00e1rt\u00f3k k\u00f6r\u00e9ben. \u00cdme n\u00e9h\u00e1ny el\u0151nye az \u00e1ll\u00edthat\u00f3 kengyeles hengereknek:<\/p>\n<h3>Tart\u00f3s<\/h3>\n<p>A tart\u00f3s, \u00e1ll\u00edthat\u00f3 teheraut\u00f3-hidraulikus dugatty\u00fas p\u00f3tkocsikhoz val\u00f3 munkahengereket \u00fagy tervezt\u00e9k, hogy ellen\u00e1lljanak a zord \u00fczemi k\u00f6r\u00fclm\u00e9nyeknek. Kiv\u00e1l\u00f3 min\u0151s\u00e9g\u0171 anyagokb\u00f3l, p\u00e9ld\u00e1ul ac\u00e9lb\u00f3l k\u00e9sz\u00fclnek, ami biztos\u00edtja sz\u00e1mukra a neh\u00e9z feladatok elv\u00e9gz\u00e9s\u00e9hez sz\u00fcks\u00e9ges szil\u00e1rds\u00e1got \u00e9s tart\u00f3ss\u00e1got. Ezenk\u00edv\u00fcl ezeket a munkahengereket gyakran speci\u00e1lis bevonatokkal kezelik, amelyek v\u00e9dik \u0151ket a korr\u00f3zi\u00f3t\u00f3l, a kop\u00e1st\u00f3l \u00e9s egy\u00e9b k\u00e1rosod\u00e1sokt\u00f3l.<\/p>\n<h3>Rugalmass\u00e1g<\/h3>\n<p>Az \u00e1ll\u00edthat\u00f3 kengyeles hengerek egyik f\u0151 el\u0151nye a rugalmass\u00e1guk. Ezek a hengerek az alkalmaz\u00e1snak megfelel\u0151en \u00e1ll\u00edthat\u00f3k, ami nagyobb pontoss\u00e1got \u00e9s szab\u00e1lyozhat\u00f3s\u00e1got tesz lehet\u0151v\u00e9. Ez azt jelenti, hogy sz\u00e9les k\u00f6rben haszn\u00e1lhat\u00f3k, a neh\u00e9z terhek emel\u00e9s\u00e9t\u0151l \u00e9s tol\u00e1s\u00e1t\u00f3l kezdve a g\u00e9pek sebess\u00e9g\u00e9nek szab\u00e1lyoz\u00e1s\u00e1ig.<\/p>\n<h3>Hat\u00e9konys\u00e1g<\/h3>\n<p>Az \u00e1ll\u00edthat\u00f3 kengyeles hengerek rendk\u00edv\u00fcl hat\u00e9konyak, ami azt jelenti, hogy minim\u00e1lis energiabefektet\u00e9ssel k\u00e9pesek magas szinten m\u0171k\u00f6dni. Ez egyedi kialak\u00edt\u00e1suknak k\u00f6sz\u00f6nhet\u0151, amely nagyobb hidraulikus nyom\u00e1st \u00e9s er\u0151t tesz lehet\u0151v\u00e9. Ez a megn\u00f6vekedett hat\u00e9konys\u00e1g alacsonyabb \u00fczemeltet\u00e9si k\u00f6lts\u00e9geket eredm\u00e9nyez, \u00edgy az \u00e1ll\u00edthat\u00f3 kengyeles hengerek k\u00f6lts\u00e9ghat\u00e9kony v\u00e1laszt\u00e1st jelentenek sz\u00e1mos alkalmaz\u00e1shoz.<\/p>\n<h3>Testreszab\u00e1s<\/h3>\n<p>Az \u00e1ll\u00edthat\u00f3 kengyeles hengerek tov\u00e1bbi el\u0151nye a testreszab\u00e1si lehet\u0151s\u00e9gek. Ezek a hengerek az adott alkalmaz\u00e1sokhoz igaz\u00edthat\u00f3k \u00e9s tervezhet\u0151k, ami nagyobb rugalmass\u00e1got \u00e9s testreszabhat\u00f3s\u00e1got tesz lehet\u0151v\u00e9. Ez azt jelenti, hogy a gy\u00e1rt\u00f3k olyan hengereket hozhatnak l\u00e9tre, amelyek az adott ig\u00e9nyeikre vannak szabva, ami jobb teljes\u00edtm\u00e9nyt \u00e9s nagyobb hat\u00e9konys\u00e1got eredm\u00e9nyez.<\/p>\n<p>\u00d6sszefoglalva, az \u00e1ll\u00edthat\u00f3 kengyeles hengerek sz\u00e1mos el\u0151nnyel rendelkeznek m\u00e1s t\u00edpus\u00fa hidraulikus hengerekkel szemben. Tart\u00f3sak, rugalmasak, hat\u00e9konyak \u00e9s testreszabhat\u00f3k, \u00edgy n\u00e9pszer\u0171 v\u00e1laszt\u00e1snak bizonyulnak a m\u00e9rn\u00f6k\u00f6k \u00e9s a gy\u00e1rt\u00f3k k\u00f6r\u00e9ben. A tart\u00f3s, \u00e1ll\u00edthat\u00f3 teheraut\u00f3-hidraulikus dugatty\u00fas henger p\u00f3tkocsikhoz kiv\u00e1l\u00f3 p\u00e9lda az \u00e1ll\u00edthat\u00f3 kengyeles hengerek el\u0151nyeire, kiv\u00e1l\u00f3 teljes\u00edtm\u00e9nyt \u00e9s megb\u00edzhat\u00f3s\u00e1got k\u00edn\u00e1lva neh\u00e9z alkalmaz\u00e1sokban.<img decoding=\"async\" src=\"https:\/\/fmp-components.com\/wp-content\/uploads\/2024\/12\/Adjustable-Clevis-Type-Cylinders5.webp\" alt=\"\u00c1ll\u00edthat\u00f3 kengyeles henger\" width=\"800\" title=\"\"><\/p>\n<h2>\u00c1ll\u00edthat\u00f3 kengyeles hengerek alkalmaz\u00e1sa<\/h2>\n<p>A hidraulikus rendszerek vil\u00e1g\u00e1ban az \u00e1ll\u00edthat\u00f3 kengyeles hengerek haszn\u00e1lata jelent\u0151s n\u00e9pszer\u0171s\u00e9gre tett szert egyedi k\u00e9pess\u00e9geik \u00e9s sokoldal\u00fas\u00e1guk miatt. Ezek a tart\u00f3s, \u00e1ll\u00edthat\u00f3 teheraut\u00f3-hidraulikus dugatty\u00fas hengerek sz\u00e9les k\u00f6rben alkalmazhat\u00f3k k\u00fcl\u00f6nb\u00f6z\u0151 ipar\u00e1gakban, k\u00fcl\u00f6n\u00f6sen a p\u00f3tkocsigy\u00e1rt\u00e1si szektorban. Ebben a cikkben megvizsg\u00e1ljuk ezen hengerek k\u00fcl\u00f6nb\u00f6z\u0151 alkalmaz\u00e1sait, \u00e9s r\u00e9szletesebben megvizsg\u00e1ljuk figyelemre m\u00e9lt\u00f3 tulajdons\u00e1gaikat \u00e9s el\u0151nyeiket.<\/p>\n<h3>1. P\u00f3tkocsi felf\u00fcggeszt\u00e9si rendszerek<\/h3>\n<p>Az \u00e1ll\u00edthat\u00f3 kengyeles hengerek egyik f\u0151 alkalmaz\u00e1si ter\u00fclete a p\u00f3tkocsik felf\u00fcggeszt\u00e9si rendszerei. Ezek a hengerek kulcsszerepet j\u00e1tszanak a p\u00f3tkocsi stabilit\u00e1s\u00e1nak \u00e9s egyens\u00faly\u00e1nak fenntart\u00e1s\u00e1ban, biztos\u00edtva a sima \u00e9s kontroll\u00e1lt menetet. A henger hossz\u00e1nak be\u00e1ll\u00edt\u00e1si k\u00e9pess\u00e9g\u00e9vel a p\u00f3tkocsigy\u00e1rt\u00f3k finomhangolhatj\u00e1k a felf\u00fcggeszt\u00e9si rendszert a p\u00f3tkocsi konkr\u00e9t ig\u00e9nyei szerint. A tart\u00f3s, \u00e1ll\u00edthat\u00f3 teheraut\u00f3 hidraulikus dugatty\u00fas henger p\u00f3tkocsikhoz optim\u00e1lis teljes\u00edtm\u00e9nyt biztos\u00edt, cs\u00f6kkenti a rezg\u00e9seket \u00e9s n\u00f6veli az \u00e1ltal\u00e1nos biztons\u00e1got.<\/p>\n<h3>2. Berakod\u00e1si \u00e9s kirakod\u00e1si m\u0171veletek<\/h3>\n<p>Az \u00e1ll\u00edthat\u00f3 kengyeles hengerek egy m\u00e1sik jelent\u0151s alkalmaz\u00e1si ter\u00fclete a rakod\u00e1si \u00e9s kirakod\u00e1si m\u0171veletek. Ezeket a hengereket hidraulikus emel\u0151rendszerekben haszn\u00e1lj\u00e1k, amelyeket neh\u00e9z terhek prec\u00edz \u00e9s hat\u00e9kony emel\u00e9s\u00e9re terveztek. A henger hossz\u00e1nak be\u00e1ll\u00edt\u00e1s\u00e1val optimaliz\u00e1lhat\u00f3 az emel\u00e9si kapacit\u00e1s \u00e9s a sebess\u00e9g, biztos\u00edtva a biztons\u00e1gos \u00e9s z\u00f6kken\u0151mentes rakod\u00e1si \u00e9s kirakod\u00e1si folyamatokat. Ak\u00e1r rakt\u00e1rakban, logisztikai k\u00f6zpontokban vagy \u00e9p\u00edtkez\u00e9seken van sz\u00f3, a tart\u00f3s, \u00e1ll\u00edthat\u00f3 teheraut\u00f3 hidraulikus dugatty\u00fas hengere felbecs\u00fclhetetlen \u00e9rt\u00e9k\u0171 alkatr\u00e9sznek bizonyul az anyagmozgat\u00e1si m\u0171veletekben.<\/p>\n<h3>3. Mez\u0151gazdas\u00e1gi g\u00e9pek<\/h3>\n<p>A mez\u0151gazdas\u00e1gi g\u00e9pek, mint p\u00e9ld\u00e1ul a traktorok \u00e9s a betakar\u00edt\u00f3g\u00e9pek, gyakran \u00e1ll\u00edthat\u00f3 kengyeles hengerekre t\u00e1maszkodnak k\u00fcl\u00f6nf\u00e9le funkci\u00f3k ell\u00e1t\u00e1s\u00e1ra. Ezeket a hengereket hidraulikus rendszerekben haszn\u00e1lj\u00e1k, amelyek a munkag\u00e9pek, p\u00e9ld\u00e1ul ek\u00e9k, kultiv\u00e1torok \u00e9s permetez\u0151g\u00e9pek mozg\u00e1s\u00e1t szab\u00e1lyozz\u00e1k. A henger hossz\u00e1nak be\u00e1ll\u00edt\u00e1si lehet\u0151s\u00e9ge lehet\u0151v\u00e9 teszi a gazd\u00e1lkod\u00f3k sz\u00e1m\u00e1ra, hogy a g\u00e9peket a k\u00fcl\u00f6nb\u00f6z\u0151 terepviszonyokhoz \u00e9s feladatokhoz igaz\u00edts\u00e1k. Az \u00e1ll\u00edthat\u00f3 teheraut\u00f3 hidraulikus dugatty\u00fas henger tart\u00f3ss\u00e1ga ellen\u00e1ll a mez\u0151gazdas\u00e1gi m\u0171veletek ig\u00e9nyes jelleg\u00e9nek, biztos\u00edtva a megb\u00edzhat\u00f3 teljes\u00edtm\u00e9nyt \u00e9s a megn\u00f6vekedett termel\u00e9kenys\u00e9get.<\/p>\n<h3>4. \u00c9p\u00edt\u0151ipari berendez\u00e9sek<\/h3>\n<p>Az \u00e9p\u00edt\u0151iparban az \u00e1ll\u00edthat\u00f3 kengyeles hengerek sz\u00e9les k\u00f6rben haszn\u00e1latosak k\u00fcl\u00f6nf\u00e9le berendez\u00e9sekben, bele\u00e9rtve a kotr\u00f3g\u00e9peket, buld\u00f3zereket \u00e9s darukat. Ezeket a hengereket hidraulikus rendszerekben haszn\u00e1lj\u00e1k, amelyek a g\u00e9mek, karok \u00e9s tartoz\u00e9kok mozg\u00e1s\u00e1t szab\u00e1lyozz\u00e1k, lehet\u0151v\u00e9 t\u00e9ve a prec\u00edz \u00e9s hat\u00e9kony m\u0171k\u00f6d\u00e9st. A henger hossz\u00e1nak be\u00e1ll\u00edt\u00e1s\u00e1val az \u00e9p\u00edt\u0151ipari munk\u00e1sok optimaliz\u00e1lhatj\u00e1k a berendez\u00e9s teljes\u00edtm\u00e9ny\u00e9t a k\u00fcl\u00f6nb\u00f6z\u0151 feladatokhoz \u00e9s munkak\u00f6r\u00fclm\u00e9nyekhez. A tart\u00f3s, \u00e1ll\u00edthat\u00f3 teheraut\u00f3-hidraulikus dugatty\u00fas henger p\u00f3tkocsikhoz biztos\u00edtja a neh\u00e9z \u00e9p\u00edt\u00e9si k\u00f6rnyezetben megk\u00f6vetelt hossz\u00fa \u00e9lettartamot \u00e9s megb\u00edzhat\u00f3s\u00e1got.<\/p>\n<h3>5. Ipari g\u00e9pek<\/h3>\n<p>Az \u00e1ll\u00edthat\u00f3 kengyeles hengerek sz\u00e9les k\u00f6rben alkalmazhat\u00f3k ipari g\u00e9pekben, p\u00e9ld\u00e1ul pr\u00e9sekben, z\u00faz\u00f3kban \u00e9s sz\u00e1ll\u00edt\u00f3szalag-rendszerekben. Ezek a hengerek elengedhetetlenek a hidraulikus rendszerekben, amelyek nyom\u00f3-, z\u00faz\u00f3- \u00e9s emel\u0151er\u0151ket gener\u00e1lnak \u00e9s szab\u00e1lyoznak. \u00c1ll\u00edthat\u00f3 hosszuknak k\u00f6sz\u00f6nhet\u0151en ezek a hengerek rugalmass\u00e1got \u00e9s alkalmazkod\u00f3k\u00e9pess\u00e9get k\u00edn\u00e1lnak, lehet\u0151v\u00e9 t\u00e9ve a gy\u00e1rt\u00f3k sz\u00e1m\u00e1ra, hogy g\u00e9peiket az adott termel\u00e9si k\u00f6vetelm\u00e9nyeknek megfelel\u0151en testre szabj\u00e1k. A tart\u00f3s, \u00e1ll\u00edthat\u00f3 teheraut\u00f3-hidraulikus dugatty\u00fas henger n\u00f6veli az ipari folyamatok hat\u00e9konys\u00e1g\u00e1t \u00e9s megb\u00edzhat\u00f3s\u00e1g\u00e1t, hozz\u00e1j\u00e1rulva az \u00e1ltal\u00e1nos termel\u00e9kenys\u00e9ghez.<\/p>\n<p>\u00d6sszefoglalva, az \u00e1ll\u00edthat\u00f3 kengyeles hengerek alkalmaz\u00e1sa a k\u00fcl\u00f6nb\u00f6z\u0151 ipar\u00e1gakban, k\u00fcl\u00f6n\u00f6sen a p\u00f3tkocsigy\u00e1rt\u00e1sban, kulcsfontoss\u00e1g\u00fa az optim\u00e1lis teljes\u00edtm\u00e9ny \u00e9s hat\u00e9konys\u00e1g el\u00e9r\u00e9s\u00e9hez. A tart\u00f3s, \u00e1ll\u00edthat\u00f3 teheraut\u00f3 hidraulikus dugatty\u00fas henger p\u00f3tkocsikhoz megb\u00edzhat\u00f3 \u00e9s sokoldal\u00fa alkatr\u00e9szk\u00e9nt szolg\u00e1l, lehet\u0151v\u00e9 t\u00e9ve a prec\u00edz vez\u00e9rl\u00e9st \u00e9s a fokozott biztons\u00e1got a felf\u00fcggeszt\u00e9si rendszerekben, a rakod\u00e1si \u00e9s kirakod\u00e1si m\u0171veletekben, a mez\u0151gazdas\u00e1gi g\u00e9pekben, az \u00e9p\u00edt\u0151ipari berendez\u00e9sekben \u00e9s az ipari g\u00e9pekben. Ezen hengerek \u00e9s egyedi tulajdons\u00e1gaik alkalmaz\u00e1sa a termel\u00e9kenys\u00e9g \u00e9s az \u00e1ltal\u00e1nos siker jav\u00edt\u00e1s\u00e1hoz vezethet a k\u00fcl\u00f6nf\u00e9le alkalmaz\u00e1sokban.<\/p>\n<p><img decoding=\"async\" src=\"https:\/\/fmp-components.com\/wp-content\/uploads\/2024\/12\/Application-of-Adjustable-Clevis-Type-Cylinders.webp\" alt=\"\u00c1ll\u00edthat\u00f3 kengyeles henger\" width=\"800\" title=\"\"><\/p>\n<h3>Az FMP-r\u0151l<\/h3>\n<p>Az FMP egy olyan v\u00e1llalat, amely hidraulikus hengerek gy\u00e1rt\u00e1s\u00e1ra \u00e9s \u00e9rt\u00e9kes\u00edt\u00e9s\u00e9re specializ\u00e1l\u00f3dott. Sok\u00e9ves ipar\u00e1gi tapasztalatunkkal \u00e9s professzion\u00e1lis csapatunkkal elk\u00f6telezettek vagyunk amellett, hogy \u00fcgyfeleinknek kiv\u00e1l\u00f3 min\u0151s\u00e9g\u0171 \u00e9s megb\u00edzhat\u00f3 hidraulikus hengereket biztos\u00edtsunk \u00e9p\u00edt\u0151ipari g\u00e9pekhez.<\/p>\n<p><img decoding=\"async\" src=\"https:\/\/fmp-components.com\/wp-content\/uploads\/2024\/12\/Adjustable-Clevis-Type-Cylinders-6.webp\" alt=\"\u00c1ll\u00edthat\u00f3 kengyeles henger\" width=\"813\" title=\"\"><\/p>\n<p>\u00cdme term\u00e9keink \u00e9s v\u00e1llalatunk \u00f6t f\u0151 el\u0151nye:<\/p>\n<ol>\n<li>Sz\u00e9les term\u00e9kv\u00e1laszt\u00e9k: K\u00fcl\u00f6nb\u00f6z\u0151 t\u00edpus\u00fa \u00e9p\u00edt\u0151ipari g\u00e9pekhez k\u00edn\u00e1lunk hidraulikus hengerek sz\u00e9les v\u00e1laszt\u00e9k\u00e1t, bele\u00e9rtve a mez\u0151gazdas\u00e1gi g\u00e9pek sebess\u00e9gv\u00e1lt\u00f3it, bolyg\u00f3kerekes sebess\u00e9gv\u00e1lt\u00f3kat, ipari sebess\u00e9gv\u00e1lt\u00f3kat \u00e9s mez\u0151gazdas\u00e1gi g\u00e9palkatr\u00e9szeket. Ez lehet\u0151v\u00e9 teszi \u00fcgyfeleink sz\u00e1m\u00e1ra, hogy megtal\u00e1lj\u00e1k az ig\u00e9nyeiknek t\u00f6k\u00e9letesen megfelel\u0151 hidraulikus hengert.<\/li>\n<li>Szigor\u00fa min\u0151s\u00e9gi szabv\u00e1nyok: Hossz\u00fa t\u00e1v\u00fa \u00e9s stabil partners\u00e9geket alak\u00edtunk ki kiv\u00e1l\u00f3 min\u0151s\u00e9g\u0171 belf\u00f6ldi \u00e9s k\u00fclf\u00f6ldi besz\u00e1ll\u00edt\u00f3kkal, \u00edgy biztos\u00edtjuk, hogy minden \u00e1ltalunk sz\u00e1ll\u00edtott hidraulikus henger megfeleljen a szigor\u00fa min\u0151s\u00e9gi el\u0151\u00edr\u00e1soknak. Ez garant\u00e1lja term\u00e9keink tart\u00f3ss\u00e1g\u00e1t, teljes\u00edtm\u00e9ny\u00e9t \u00e9s megb\u00edzhat\u00f3s\u00e1g\u00e1t.<\/li>\n<li>Tapasztalt \u00e9rt\u00e9kes\u00edt\u00e9si csapat: Tapasztalt \u00e9rt\u00e9kes\u00edt\u00e9si csapatunk j\u00f3l ismeri az \u00e9p\u00edt\u0151ipari g\u00e9pipar fejl\u0151d\u00e9si trendjeit \u00e9s \u00fcgyf\u00e9lig\u00e9nyeit. Professzion\u00e1lis term\u00e9ktan\u00e1csad\u00e1st ny\u00fajtanak, \u00e9s intelligens v\u00e1s\u00e1rl\u00e1si javaslatokat tesznek, amelyek minden \u00fcgyf\u00e9l ig\u00e9nyeire szabottak.<\/li>\n<li>Hat\u00e9kony logisztikai eloszt\u00e1s: Hat\u00e9kony logisztikai eloszt\u00e1si rendszert vezett\u00fcnk be annak \u00e9rdek\u00e9ben, hogy \u00fcgyfeleink id\u0151ben \u00e9s pontosan megkapj\u00e1k a sz\u00fcks\u00e9ges hidraulikus hengereket. Ez minimaliz\u00e1lja az \u00e9p\u00edt\u00e9si projektjeikben esetlegesen el\u0151fordul\u00f3 k\u00e9sedelmeket vagy fennakad\u00e1sokat.<\/li>\n<li>\u00dcgyf\u00e9l-el\u00e9gedetts\u00e9g: Az FMP-n\u00e9l az \u00fcgyf\u00e9l-el\u00e9gedetts\u00e9get helyezz\u00fck el\u0151t\u00e9rbe. Arra t\u00f6reksz\u00fcnk, hogy kiv\u00e1l\u00f3 \u00fcgyf\u00e9lszolg\u00e1latot ny\u00fajtsunk megb\u00edzhat\u00f3 term\u00e9kek, gyors seg\u00edts\u00e9gny\u00fajt\u00e1s \u00e9s hat\u00e9kony megold\u00e1sok k\u00edn\u00e1l\u00e1s\u00e1val \u00fcgyfeleink esetleges k\u00e9rd\u00e9seire vagy agg\u00e1lyaira.<\/li>\n<\/ol>\n<p>Az FMP-vel val\u00f3 partners\u00e9g azt jelenti, hogy hozz\u00e1f\u00e9r\u00e9st kap a legjobb min\u0151s\u00e9g\u0171 hidraulikus hengerekhez \u00e9s egy megb\u00edzhat\u00f3 partnerhez az \u00e9p\u00edt\u0151ipari g\u00e9piparban. L\u00e9pjen kapcsolatba vel\u00fcnk m\u00e9g ma, hogy megbesz\u00e9lj\u00fck hidraulikus hengerekkel kapcsolatos ig\u00e9nyeit, \u00e9s megtapasztalja az FMP-vel val\u00f3 egy\u00fcttm\u0171k\u00f6d\u00e9s el\u0151nyeit.<\/p>\n<p><strong>Gyakran Ism\u00e9telt K\u00e9rd\u00e9sek (GYIK)<\/strong><\/p>\n<p><strong>K: Mennyi a term\u00e9keikre vonatkoz\u00f3 j\u00f3t\u00e1ll\u00e1si id\u0151?<\/strong><br \/>\nV: Minden hidraulikus henger\u00fcnkre, bele\u00e9rtve a tart\u00f3s, \u00e1ll\u00edthat\u00f3 teheraut\u00f3-hidraulikus dugatty\u00fas hengert is, 1 \u00e9v garanci\u00e1t v\u00e1llalunk.<\/p>\n<p><strong>K: K\u00edn\u00e1lnak testreszab\u00e1si lehet\u0151s\u00e9geket a hidraulikus hengerekhez?<\/strong><br \/>\nV: Igen, \u00fcgyfeleink egyedi ig\u00e9nyeihez igaz\u00edtott, szem\u00e9lyre szabott megold\u00e1sokat k\u00edn\u00e1lunk. Tov\u00e1bbi inform\u00e1ci\u00f3\u00e9rt k\u00e9rj\u00fck, vegye fel vel\u00fcnk a kapcsolatot.<\/p>\n<p><img decoding=\"async\" src=\"https:\/\/img.jiansujichilun.com\/img\/hydrauliccylinders\/C_hydrauliccylinders-1.webp\" alt=\"hidraulikus henger\" width=\"800\" title=\"\"><\/p>\n<p>Szerz\u0151: CX<\/p>","protected":false},"excerpt":{"rendered":"<p>Introducing the Durable Adjustable Truck Hydraulic Piston Cylinder for Trailer: The Durable Adjustable Truck Hydraulic Piston Cylinder for Trailer is a high-quality, reliable product designed to meet the needs of the trucking industry. This cylinder is specifically engineered to provide smooth and efficient operation, ensuring optimal performance for trailer applications. With its durable construction, this [&hellip;]<\/p>","protected":false},"featured_media":1338,"comment_status":"closed","ping_status":"closed","template":"","meta":{"_et_pb_use_builder":"","_et_pb_old_content":"","_et_gb_content_width":""},"product_brand":[],"product_cat":[39],"product_tag":[41,34],"class_list":{"0":"post-1351","1":"product","2":"type-product","3":"status-publish","4":"has-post-thumbnail","6":"product_cat-adjustable-clevis-type-cylinders","7":"product_tag-adjustable-clevis-type-cylinders","8":"product_tag-hydraulic-cylinder","10":"first","11":"instock","12":"product-type-simple"},"_links":{"self":[{"href":"https:\/\/fmp-components.com\/hu\/wp-json\/wp\/v2\/product\/1351","targetHints":{"allow":["GET"]}}],"collection":[{"href":"https:\/\/fmp-components.com\/hu\/wp-json\/wp\/v2\/product"}],"about":[{"href":"https:\/\/fmp-components.com\/hu\/wp-json\/wp\/v2\/types\/product"}],"replies":[{"embeddable":true,"href":"https:\/\/fmp-components.com\/hu\/wp-json\/wp\/v2\/comments?post=1351"}],"wp:featuredmedia":[{"embeddable":true,"href":"https:\/\/fmp-components.com\/hu\/wp-json\/wp\/v2\/media\/1338"}],"wp:attachment":[{"href":"https:\/\/fmp-components.com\/hu\/wp-json\/wp\/v2\/media?parent=1351"}],"wp:term":[{"taxonomy":"product_brand","embeddable":true,"href":"https:\/\/fmp-components.com\/hu\/wp-json\/wp\/v2\/product_brand?post=1351"},{"taxonomy":"product_cat","embeddable":true,"href":"https:\/\/fmp-components.com\/hu\/wp-json\/wp\/v2\/product_cat?post=1351"},{"taxonomy":"product_tag","embeddable":true,"href":"https:\/\/fmp-components.com\/hu\/wp-json\/wp\/v2\/product_tag?post=1351"}],"curies":[{"name":"munkaf\u00fczet","href":"https:\/\/api.w.org\/{rel}","templated":true}]}}