{"id":1350,"date":"2024-12-23T02:18:07","date_gmt":"2024-12-23T02:18:07","guid":{"rendered":"https:\/\/fmp-components.com\/product\/guaranteed-quality-adjustable-welded-hydraulic-piston-cylinder-for-trailer\/"},"modified":"2024-12-23T03:38:52","modified_gmt":"2024-12-23T03:38:52","slug":"guaranteed-quality-adjustable-welded-hydraulic-piston-cylinder-for-trailer","status":"publish","type":"product","link":"https:\/\/fmp-components.com\/hu\/product\/guaranteed-quality-adjustable-welded-hydraulic-piston-cylinder-for-trailer\/","title":{"rendered":"Garant\u00e1lt min\u0151s\u00e9g\u0171, \u00e1ll\u00edthat\u00f3 hegesztett hidraulikus dugatty\u00fas henger p\u00f3tkocsihoz"},"content":{"rendered":"<h2>Bemutatjuk a garant\u00e1lt min\u0151s\u00e9g\u0171, \u00e1ll\u00edthat\u00f3 hegesztett hidraulikus dugatty\u00fas hengert p\u00f3tkocsihoz:<\/h2>\n<p>A garant\u00e1lt min\u0151s\u00e9g\u0171, \u00e1ll\u00edthat\u00f3 hegesztett hidraulikus dugatty\u00fas henger p\u00f3tkocsikhoz egy nagy teljes\u00edtm\u00e9ny\u0171 hidraulikus alkatr\u00e9sz, amelyet kifejezetten p\u00f3tkocsikhoz terveztek. Fejlett tulajdons\u00e1gainak \u00e9s konstrukci\u00f3j\u00e1nak k\u00f6sz\u00f6nhet\u0151en ez a dugatty\u00fas henger kiv\u00e9teles teljes\u00edtm\u00e9nyt \u00e9s tart\u00f3ss\u00e1got biztos\u00edt.<\/p>\n<p>Ennek a hidraulikus dugatty\u00fas hengernek az egyik legfontosabb jellemz\u0151je az \u00e1ll\u00edthat\u00f3 kialak\u00edt\u00e1sa. Lehet\u0151v\u00e9 teszi a felhaszn\u00e1l\u00f3 sz\u00e1m\u00e1ra, hogy k\u00f6nnyen be\u00e1ll\u00edtsa a hossz\u00fas\u00e1got az adott p\u00f3tkocsi ig\u00e9nyeinek megfelel\u0151en, rugalmass\u00e1got \u00e9s k\u00e9nyelmet biztos\u00edtva. Ak\u00e1r nagy teherb\u00edr\u00e1s\u00fa, ak\u00e1r k\u00f6nny\u0171 teherb\u00edr\u00e1s\u00fa p\u00f3tkocsir\u00f3l van sz\u00f3, ez a dugatty\u00fas henger ennek megfelel\u0151en \u00e1ll\u00edthat\u00f3 az optim\u00e1lis teljes\u00edtm\u00e9ny biztos\u00edt\u00e1sa \u00e9rdek\u00e9ben.<\/p>\n<p>Min\u0151s\u00e9g\u00e9t tekintve ez a term\u00e9k tart\u00f3s haszn\u00e1latra k\u00e9sz\u00fclt. Kiv\u00e1l\u00f3 min\u0151s\u00e9g\u0171 anyagokb\u00f3l k\u00e9sz\u00fclt, amelyek ellen\u00e1llnak a kop\u00e1snak, a korr\u00f3zi\u00f3nak \u00e9s a sz\u00e9ls\u0151s\u00e9ges k\u00f6r\u00fclm\u00e9nyeknek. A henger hegesztett szerkezete biztos\u00edtja a szerkezeti integrit\u00e1st \u00e9s a hossz\u00fa t\u00e1v\u00fa megb\u00edzhat\u00f3s\u00e1got.<\/p>\n<p>Hidraulikus dugatty\u00fas kialak\u00edt\u00e1s\u00e1nak k\u00f6sz\u00f6nhet\u0151en ez a henger er\u0151teljes \u00e9s prec\u00edz emel\u00e9si \u00e9s s\u00fcllyeszt\u00e9si k\u00e9pess\u00e9geket biztos\u00edt. Sima \u00e9s szab\u00e1lyozott mozg\u00e1sokat biztos\u00edt, lehet\u0151v\u00e9 t\u00e9ve a hat\u00e9kony m\u0171k\u00f6d\u00e9st \u00e9s a jobb termel\u00e9kenys\u00e9get. Ak\u00e1r rakom\u00e1ny be- \u00e9s kirakod\u00e1s\u00e1r\u00f3l, ak\u00e1r a p\u00f3tkocsi magass\u00e1g\u00e1nak be\u00e1ll\u00edt\u00e1s\u00e1r\u00f3l van sz\u00f3, ez a dugatty\u00fas henger biztos\u00edtja a sz\u00fcks\u00e9ges teljes\u00edtm\u00e9nyt.<\/p>\n<p>Tov\u00e1bb\u00e1, ezt a hidraulikus dugatty\u00fas hengert a biztons\u00e1g szem el\u0151tt tart\u00e1s\u00e1val tervezt\u00e9k. Megb\u00edzhat\u00f3 t\u00f6m\u00edt\u00e9sekkel \u00e9s szelepekkel rendelkezik, amelyek megakad\u00e1lyozz\u00e1k a sziv\u00e1rg\u00e1sokat \u00e9s biztos\u00edtj\u00e1k a megfelel\u0151 m\u0171k\u00f6d\u00e9st. Ezenk\u00edv\u00fcl nyom\u00e1scs\u00f6kkent\u0151 szeleppel is fel van szerelve, amely megakad\u00e1lyozza a t\u00falterhel\u00e9st \u00e9s megv\u00e9di a hengert a s\u00e9r\u00fcl\u00e9sekt\u0151l.<\/p>\n<p><img loading=\"lazy\" decoding=\"async\" class=\"alignnone size-full wp-image-1334\" src=\"https:\/\/fmp-components.com\/wp-content\/uploads\/2024\/12\/Adjustable-Clevis-Type-Cylinders-4.webp\" alt=\"\u00c1ll\u00edthat\u00f3 vill\u00e1s hengerek\" width=\"800\" height=\"800\" title=\"\" srcset=\"https:\/\/fmp-components.com\/wp-content\/uploads\/2024\/12\/Adjustable-Clevis-Type-Cylinders-4.webp 800w, https:\/\/fmp-components.com\/wp-content\/uploads\/2024\/12\/Adjustable-Clevis-Type-Cylinders-4-480x480.webp 480w\" sizes=\"(min-width: 0px) and (max-width: 480px) 480px, (min-width: 481px) 800px, 100vw\" \/><\/p>\n<p>\u00d6sszefoglalva, a Garant\u00e1lt Min\u0151s\u00e9g\u0171 \u00c1ll\u00edthat\u00f3 Hegesztett Hidraulikus Dugatty\u00fas Henger P\u00f3tkocsihoz egy els\u0151 oszt\u00e1ly\u00fa hidraulikus alkatr\u00e9sz, amely kiemelked\u0151 teljes\u00edtm\u00e9nyt, tart\u00f3ss\u00e1got \u00e9s \u00e1ll\u00edthat\u00f3s\u00e1got k\u00edn\u00e1l. Fejlett tulajdons\u00e1gai \u00e9s konstrukci\u00f3ja ide\u00e1lis v\u00e1laszt\u00e1ss\u00e1 teszi minden t\u00edpus\u00fa p\u00f3tkocsihoz. Ezzel a dugatty\u00fas hengerrel megb\u00edzhat\u00f3 \u00e9s hat\u00e9kony m\u0171k\u00f6d\u00e9sre sz\u00e1m\u00edthat p\u00f3tkocsija ig\u00e9nyeinek kiel\u00e9g\u00edt\u00e9s\u00e9re.<\/p>\n<p>Tapasztalja meg a kiv\u00e1l\u00f3 teljes\u00edtm\u00e9nyt \u00e9s tart\u00f3ss\u00e1got garant\u00e1lt min\u0151s\u00e9g\u0171, hegesztett hidraulikus dugatty\u00fas henger\u00fcnkkel p\u00f3tkocsikhoz. A term\u00e9k \u00faj, \u00e9s 1 \u00e9v garanci\u00e1val rendelkezik. K\u00fcl\u00f6nb\u00f6z\u0151 ipar\u00e1gakban alkalmazhat\u00f3, bele\u00e9rtve a g\u00e9pjav\u00edt\u00f3 m\u0171helyeket, a mez\u0151gazdas\u00e1got, az energia- \u00e9s b\u00e1ny\u00e1szatot, a g\u00e9pgy\u00e1rt\u00e1st \u00e9s a g\u00e9pgy\u00e1rakat. A term\u00e9k s\u00falya 104 kg, \u00e9s vide\u00f3s kimen\u0151 ellen\u0151rz\u00e9ssel \u00e9s g\u00e9pteszt-jelent\u00e9ssel rendelkezik. A 2023-as \u00faj term\u00e9kre meghat\u00e1rozott marketingt\u00edpussal ennek a hidraulikus dugatty\u00fas hengernek a f\u0151 alkot\u00f3elemei a csap\u00e1gy \u00e9s maga a hidraulikus henger. A term\u00e9k megfelel a szabv\u00e1nyos el\u0151\u00edr\u00e1soknak, \u00e9s dugatty\u00fas henger szerkezettel rendelkezik. Hidraulikus er\u0151vel m\u0171k\u00f6dik, ac\u00e9lb\u00f3l k\u00e9sz\u00fclt, \u00e9s maxim\u00e1lisan 3000 tol\u00f3er\u0151t produk\u00e1l. Az \u00e1ll\u00edthat\u00f3 kengyeles hengerek G\/SAE\/NPT\/M csatlakoz\u00f3kkal kompatibilisek, \u00e9s ak\u00e1r 20 tonna s\u00falyt is k\u00e9pesek h\u00fazni.<\/p>\n<p><img decoding=\"async\" src=\"https:\/\/img.jiansujichilun.com\/img\/hydrauliccylinders\/B_hydrauliccylinders-5.webp\" alt=\"hidraulikus henger\" width=\"800\" title=\"\"><\/p>\n<p>Az \u00e1ll\u00edthat\u00f3 hegesztett hidraulikus dugatty\u00fas henger egy kiv\u00e1l\u00f3 m\u00e9rn\u00f6ki munkadarab, amelyet nagy teljes\u00edtm\u00e9nyre \u00e9s hossz\u00fa \u00e9lettartamra terveztek. Mint egy <b>term\u00e9kt\u00edpus,<\/b> A hegesztett hidraulikus hengerek kateg\u00f3ri\u00e1j\u00e1ba tartozik, amelyek robusztuss\u00e1gukr\u00f3l \u00e9s nagy nyom\u00e1s\u00e1ll\u00f3s\u00e1gukr\u00f3l ismertek. A term\u00e9k... <b>specifik\u00e1ci\u00f3k \u00e9s teljes\u00edtm\u00e9nyadatok<\/b> dics\u00e9retesek. Furat\u00e1tm\u00e9r\u0151je 2-6 h\u00fcvelyk, r\u00fad\u00e1tm\u00e9r\u0151je 1,125-4 h\u00fcvelyk. A l\u00f6kethossz 4-100 h\u00fcvelyk k\u00f6z\u00f6tt mozog, a csapszeg m\u00e9rete pedig 0,5-2 h\u00fcvelyk k\u00f6z\u00f6tt van. Ami a k\u00f6vetkez\u0151ket illeti <b>anyagok \u00e9s kivitelez\u00e9si min\u0151s\u00e9g,<\/b> A test anyaga ac\u00e9l \u2013 sz\u00edv\u00f3ss\u00e1g\u00e1r\u00f3l \u00e9s korr\u00f3zi\u00f3\u00e1ll\u00f3s\u00e1g\u00e1r\u00f3l ismert. Ez a hidraulikus dugatty\u00fas henger kiv\u00e1l\u00f3 konstrukci\u00f3s min\u0151s\u00e9get k\u00e9pvisel, az olyan alapvet\u0151 alkatr\u00e9szek, mint a csap\u00e1gy \u00e9s a hidraulikus henger, biztos\u00edtj\u00e1k a z\u00f6kken\u0151mentes m\u0171k\u00f6d\u00e9st. A <b>alkalmaz\u00e1si \u00e9s haszn\u00e1lati esetek<\/b> Ennek a hengernek a felhaszn\u00e1l\u00e1si ter\u00fcletei sz\u00e9lesk\u00f6r\u0171ek, tekintve, hogy sz\u00e1mos ipar\u00e1gban alkalmazhat\u00f3, p\u00e9ld\u00e1ul a g\u00e9pgy\u00e1rt\u00e1sban, a jav\u00edt\u00f3m\u0171helyekben, s\u0151t m\u00e9g a mez\u0151gazdas\u00e1gban, valamint az energia- \u00e9s b\u00e1ny\u00e1szati \u200b\u200bszektorban is.<\/p>\n<h2>Az \u00e1ll\u00edthat\u00f3 kengyeles hengerek el\u0151nyei<\/h2>\n<p>Az \u00e1ll\u00edthat\u00f3 kengyeles hengerek, mint p\u00e9ld\u00e1ul a garant\u00e1lt min\u0151s\u00e9g\u0171, \u00e1ll\u00edthat\u00f3 hegesztett hidraulikus dugatty\u00fas henger p\u00f3tkocsikhoz, sz\u00e1mos kulcsfontoss\u00e1g\u00fa el\u0151nyt k\u00edn\u00e1lnak a k\u00fcl\u00f6nf\u00e9le ipari alkalmaz\u00e1sokban. Ezeket a hengereket prec\u00edz vez\u00e9rl\u00e9sre \u00e9s hat\u00e9kony teljes\u00edtm\u00e9nyre tervezt\u00e9k, \u00edgy n\u00e9pszer\u0171 v\u00e1laszt\u00e1snak sz\u00e1m\u00edtanak a hidraulikus rendszerekben. Ebben a cikkben megvizsg\u00e1ljuk ezeknek a hengereknek az egyedi tulajdons\u00e1gait \u00e9s el\u0151nyeit.<\/p>\n<h3>1. Fokozott rugalmass\u00e1g \u00e9s alkalmazkod\u00f3k\u00e9pess\u00e9g<\/h3>\n<p>Az \u00e1ll\u00edthat\u00f3 kengyeles hengerek egyik f\u0151 el\u0151nye, hogy k\u00e9pesek alkalmazkodni a k\u00fcl\u00f6nb\u00f6z\u0151 \u00fczemi k\u00f6r\u00fclm\u00e9nyekhez. Ezek a hengerek \u00e1ll\u00edthat\u00f3 kengyeles r\u00f6gz\u00edt\u00e9ssel rendelkeznek, amely lehet\u0151v\u00e9 teszi a k\u00f6nny\u0171 testreszab\u00e1st az adott alkalmaz\u00e1si k\u00f6vetelm\u00e9nyeknek megfelel\u0151en. Ez a rugalmass\u00e1g lehet\u0151v\u00e9 teszi, hogy a hengerek sz\u00e9les k\u00f6r\u0171 r\u00f6gz\u00edt\u00e9si konfigur\u00e1ci\u00f3khoz illeszkedjenek, biztos\u00edtva a kompatibilit\u00e1st a k\u00fcl\u00f6nb\u00f6z\u0151 g\u00e9pekkel \u00e9s berendez\u00e9sekkel.<\/p>\n<h3>2. Optim\u00e1lis terhel\u00e9sstabilit\u00e1s \u00e9s -szab\u00e1lyoz\u00e1s<\/h3>\n<p>Az \u00e1ll\u00edthat\u00f3 kengyeles hengerek kialak\u00edt\u00e1sa kiv\u00e1l\u00f3 rakom\u00e1nystabilit\u00e1st \u00e9s -vez\u00e9rl\u00e9st biztos\u00edt. Ezek a hengerek dugatty\u00fas mechanizmust haszn\u00e1lnak, amely lehet\u0151v\u00e9 teszi a neh\u00e9z terhek prec\u00edz mozgat\u00e1s\u00e1t \u00e9s pozicion\u00e1l\u00e1s\u00e1t. A hidraulikus nyom\u00e1s seg\u00edts\u00e9g\u00e9vel a kezel\u0151k be\u00e1ll\u00edthatj\u00e1k a henger l\u00f6ket\u00e9t, \u00e9s szab\u00e1lyozhatj\u00e1k a rakom\u00e1nyra kifejtett sebess\u00e9get \u00e9s er\u0151t. Ez a szint\u0171 vez\u00e9rl\u00e9s biztons\u00e1gos \u00e9s hat\u00e9kony m\u0171k\u00f6d\u00e9st biztos\u00edt, minimaliz\u00e1lva a balesetek \u00e9s a k\u00e1rok kock\u00e1zat\u00e1t.<\/p>\n<h3>3. Nagy tart\u00f3ss\u00e1g \u00e9s hossz\u00fa \u00e9lettartam<\/h3>\n<p>Garant\u00e1lt min\u0151s\u00e9g\u0171, \u00e1ll\u00edthat\u00f3, hegesztett hidraulikus dugatty\u00fas munkahengerek p\u00f3tkocsikhoz, pr\u00e9mium anyagokb\u00f3l \u00e9s fejlett hegeszt\u00e9si technik\u00e1kkal gy\u00e1rtva. Ez a konstrukci\u00f3 biztos\u00edtja a nagy tart\u00f3ss\u00e1got \u00e9s hossz\u00fa \u00e9lettartamot, m\u00e9g ig\u00e9nyes k\u00f6rnyezetben is. Ezeket a munkahengereket \u00fagy tervezt\u00e9k, hogy ellen\u00e1lljanak a nagy terhel\u00e9seknek, a sz\u00e9ls\u0151s\u00e9ges h\u0151m\u00e9rs\u00e9kleteknek \u00e9s a zord munkak\u00f6r\u00fclm\u00e9nyeknek, \u00edgy hossz\u00fa t\u00e1von rendk\u00edv\u00fcl megb\u00edzhat\u00f3ak \u00e9s k\u00f6lts\u00e9ghat\u00e9konyak.<\/p>\n<h3>4. Fokozott termel\u00e9kenys\u00e9g \u00e9s hat\u00e9konys\u00e1g<\/h3>\n<p>Az \u00e1ll\u00edthat\u00f3 kengyeles hengerek hidraulikus rendszerekbe val\u00f3 be\u00e9p\u00edt\u00e9s\u00e9vel a v\u00e1llalkoz\u00e1sok fokozott termel\u00e9kenys\u00e9get \u00e9s hat\u00e9konys\u00e1got tapasztalhatnak. Ezek a hengerek prec\u00edz \u00e9s kontroll\u00e1lt mozg\u00e1sokat tesznek lehet\u0151v\u00e9, cs\u00f6kkentve a hib\u00e1k \u00e9s az ut\u00f3lagos megmunk\u00e1l\u00e1s kock\u00e1zat\u00e1t. A henger l\u00f6ket\u00e9nek \u00e9s sebess\u00e9g\u00e9nek be\u00e1ll\u00edt\u00e1si lehet\u0151s\u00e9ge lehet\u0151v\u00e9 teszi a kezel\u0151k sz\u00e1m\u00e1ra, hogy optimaliz\u00e1lj\u00e1k a m\u0171k\u00f6d\u00e9st a maxim\u00e1lis hat\u00e9konys\u00e1g \u00e9rdek\u00e9ben, v\u00e9gs\u0151 soron jav\u00edtva az \u00e1ltal\u00e1nos termel\u00e9kenys\u00e9get \u00e9s cs\u00f6kkentve az \u00e1ll\u00e1sid\u0151t.<\/p>\n<h3>5. K\u00f6nny\u0171 karbantart\u00e1s \u00e9s szervizelhet\u0151s\u00e9g<\/h3>\n<p>Az \u00e1ll\u00edthat\u00f3 kengyeles hengereket a k\u00f6nny\u0171 karbantart\u00e1s \u00e9s szervizelhet\u0151s\u00e9g szem el\u0151tt tart\u00e1s\u00e1val tervezt\u00e9k. Fel\u00e9p\u00edt\u00e9s\u00fck lehet\u0151v\u00e9 teszi a gyors \u00e9s egyszer\u0171 sz\u00e9tszerel\u00e9st \u00e9s \u00f6sszeszerel\u00e9st, leegyszer\u0171s\u00edtve a rutinszer\u0171 karbantart\u00e1si feladatokat. Ezenk\u00edv\u00fcl ezek a hengerek kiv\u00e1l\u00f3 min\u0151s\u00e9g\u0171 t\u00f6m\u00edt\u00e9sekkel \u00e9s alkatr\u00e9szekkel vannak felszerelve, ami minimaliz\u00e1lja a sziv\u00e1rg\u00e1sok kock\u00e1zat\u00e1t \u00e9s biztos\u00edtja a z\u00f6kken\u0151mentes m\u0171k\u00f6d\u00e9st \u00e9lettartamuk alatt.<\/p>\n<h3>K\u00f6vetkeztet\u00e9s<\/h3>\n<p>A garant\u00e1lt min\u0151s\u00e9g\u0171, \u00e1ll\u00edthat\u00f3 hegesztett hidraulikus dugatty\u00fas munkahenger p\u00f3tkocsikhoz, \u00e1ll\u00edthat\u00f3 kengyeles kialak\u00edt\u00e1s\u00e1val sz\u00e1mos el\u0151nnyel j\u00e1r, amelyek n\u00f6velik a rugalmass\u00e1got, a rakom\u00e1nystabilit\u00e1st, a tart\u00f3ss\u00e1got, a termel\u00e9kenys\u00e9get \u00e9s a karbantart\u00e1s egyszer\u0171s\u00e9g\u00e9t. Ezeknek a hengereknek a hidraulikus rendszerekbe val\u00f3 be\u00e9p\u00edt\u00e9se jelent\u0151sen jav\u00edthatja az \u00e1ltal\u00e1nos teljes\u00edtm\u00e9nyt \u00e9s a m\u0171k\u00f6d\u00e9si hat\u00e9konys\u00e1got. Alkalmazkod\u00f3k\u00e9pess\u00e9g\u00fck \u00e9s pontoss\u00e1guk \u00e9rt\u00e9kes v\u00e1laszt\u00e1ss\u00e1 teszi \u0151ket k\u00fcl\u00f6nf\u00e9le ipari alkalmaz\u00e1sokban.<\/p>\n<p><img decoding=\"async\" src=\"https:\/\/fmp-components.com\/wp-content\/uploads\/2024\/12\/Adjustable-Clevis-Type-Cylinders5.webp\" alt=\"\u00c1ll\u00edthat\u00f3 kengyeles henger\" width=\"800\" title=\"\"><\/p>\n<h2>\u00c1ll\u00edthat\u00f3 kengyeles hengerek alkalmaz\u00e1sa<\/h2>\n<p>Az \u00e1ll\u00edthat\u00f3 kengyeles hengerek, mint p\u00e9ld\u00e1ul a garant\u00e1lt min\u0151s\u00e9g\u0171, \u00e1ll\u00edthat\u00f3 hegesztett hidraulikus dugatty\u00fas hengerek p\u00f3tkocsikhoz, sz\u00e9les k\u00f6rben haszn\u00e1latosak a k\u00fcl\u00f6nb\u00f6z\u0151 ipar\u00e1gakban egyedi tulajdons\u00e1gaik \u00e9s el\u0151nyeik miatt. Ebben a cikkben megvizsg\u00e1ljuk ezen hengerek k\u00fcl\u00f6nb\u00f6z\u0151 alkalmaz\u00e1sait, \u00e9s r\u00e9szletesen megvizsg\u00e1ljuk funkci\u00f3ikat.<\/p>\n<h3>1. Ipari g\u00e9pek<\/h3>\n<p>Az \u00e1ll\u00edthat\u00f3 kengyeles hengerek egyik f\u0151 alkalmaz\u00e1si ter\u00fclete az ipari g\u00e9pek. Ezek a hengerek kulcsszerepet j\u00e1tszanak a k\u00fcl\u00f6nb\u00f6z\u0151 alkatr\u00e9szek mozg\u00e1s\u00e1nak szab\u00e1lyoz\u00e1s\u00e1ban, biztos\u00edtva a sima \u00e9s pontos m\u0171k\u00f6d\u00e9st. \u00c1ll\u00edthat\u00f3 kengyeles kialak\u00edt\u00e1suknak k\u00f6sz\u00f6nhet\u0151en rugalmass\u00e1got k\u00edn\u00e1lnak a k\u00fcl\u00f6nb\u00f6z\u0151 alkatr\u00e9szek felszerel\u00e9s\u00e9ben \u00e9s \u00f6sszekapcsol\u00e1s\u00e1ban, \u00edgy ide\u00e1lisak sz\u00e1mos ipari alkalmaz\u00e1shoz. Az olyan ipar\u00e1gak, mint a gy\u00e1rt\u00e1s, az \u00e9p\u00edt\u0151ipar \u00e9s az anyagmozgat\u00e1s, nagym\u00e9rt\u00e9kben t\u00e1maszkodnak ezekre a hengerekre a g\u00e9pek teljes\u00edtm\u00e9ny\u00e9nek jav\u00edt\u00e1sa \u00e9rdek\u00e9ben.<\/p>\n<h3>2. Mez\u0151gazdas\u00e1gi berendez\u00e9sek<\/h3>\n<p>Az \u00e1ll\u00edthat\u00f3 kengyeles hengereket sz\u00e9les k\u00f6rben alkalmazz\u00e1k a mez\u0151gazdas\u00e1gi szektorban. Lehet\u0151v\u00e9 teszik a mez\u0151gazdas\u00e1gi berendez\u00e9sek, p\u00e9ld\u00e1ul traktorok, betakar\u00edt\u00f3g\u00e9pek \u00e9s ek\u00e9k hat\u00e9kony m\u0171k\u00f6d\u00e9s\u00e9t. Ezek a hengerek biztos\u00edtj\u00e1k a sz\u00fcks\u00e9ges er\u0151t \u00e9s vez\u00e9rl\u00e9st a tartoz\u00e9kok mozg\u00e1s\u00e1hoz, biztos\u00edtva az optim\u00e1lis teljes\u00edtm\u00e9nyt a sz\u00e1nt\u00f3f\u00f6ld\u00f6n. Ak\u00e1r az eke magass\u00e1g\u00e1nak be\u00e1ll\u00edt\u00e1s\u00e1r\u00f3l, ak\u00e1r a betakar\u00edt\u00f3g\u00e9p helyzet\u00e9nek szab\u00e1lyoz\u00e1s\u00e1r\u00f3l van sz\u00f3, ezek a hengerek l\u00e9tfontoss\u00e1g\u00fa szerepet j\u00e1tszanak a mez\u0151gazdas\u00e1gi m\u0171veletek termel\u00e9kenys\u00e9g\u00e9nek \u00e9s hat\u00e9konys\u00e1g\u00e1nak jav\u00edt\u00e1s\u00e1ban.<\/p>\n<h3>3. Mobil berendez\u00e9sek<\/h3>\n<p>Az \u00e1ll\u00edthat\u00f3 kengyeles hengerek egy m\u00e1sik jelent\u0151s alkalmaz\u00e1si ter\u00fclete a mobil berendez\u00e9sek. Ezeket a hengereket \u00e1ltal\u00e1ban j\u00e1rm\u0171vekben, p\u00e9ld\u00e1ul p\u00f3tkocsikban, d\u00f6mperekben \u00e9s darukban haszn\u00e1lj\u00e1k. Lehet\u0151v\u00e9 teszik a k\u00fcl\u00f6nf\u00e9le mozg\u00e1sok, p\u00e9ld\u00e1ul az emel\u00e9s, s\u00fcllyeszt\u00e9s, billent\u00e9s \u00e9s kitol\u00e1s prec\u00edz vez\u00e9rl\u00e9s\u00e9t. Az \u00e1ll\u00edthat\u00f3 kengyeles kialak\u00edt\u00e1s lehet\u0151v\u00e9 teszi a k\u00f6nny\u0171 telep\u00edt\u00e9st \u00e9s be\u00e1ll\u00edt\u00e1st, \u00edgy alkalmass\u00e1 teszi \u0151ket k\u00fcl\u00f6nb\u00f6z\u0151 t\u00edpus\u00fa mobil berendez\u00e9sekhez. Ak\u00e1r egy d\u00f6mper plat\u00f3j\u00e1nak emel\u00e9s\u00e9r\u0151l, ak\u00e1r egy daru g\u00e9mj\u00e9nek vez\u00e9rl\u00e9s\u00e9r\u0151l van sz\u00f3, ezek a hengerek biztos\u00edtj\u00e1k a sz\u00fcks\u00e9ges teljes\u00edtm\u00e9nyt \u00e9s stabilit\u00e1st.<\/p>\n<h3>4. \u00c9p\u00edt\u0151ipari g\u00e9pek<\/h3>\n<p>Az \u00e1ll\u00edthat\u00f3 kengyeles hengerek sz\u00e9les k\u00f6rben haszn\u00e1latosak az \u00e9p\u00edt\u0151iparban. K\u00fcl\u00f6nb\u00f6z\u0151 \u00e9p\u00edt\u0151ipari g\u00e9pekben, p\u00e9ld\u00e1ul kotr\u00f3g\u00e9pekben, buld\u00f3zerekben \u00e9s rakod\u00f3g\u00e9pekben alkalmazz\u00e1k \u0151ket. Ezek a hengerek lehet\u0151v\u00e9 teszik a hidraulikus karok, kanalak \u00e9s tol\u00f3lapok mozg\u00e1s\u00e1nak pontos vez\u00e9rl\u00e9s\u00e9t, lehet\u0151v\u00e9 t\u00e9ve a hat\u00e9kony \u00e1s\u00e1si, tol\u00e1si \u00e9s emel\u00e9si m\u0171veleteket. Garant\u00e1lt min\u0151s\u00e9g\u00fckkel \u00e9s \u00e1ll\u00edthat\u00f3 kialak\u00edt\u00e1sukkal ezek a hengerek ellen\u00e1llnak az \u00e9p\u00edtkez\u00e9sek neh\u00e9z munkak\u00f6r\u00fclm\u00e9nyeinek, \u00e9s hozz\u00e1j\u00e1rulnak a termel\u00e9kenys\u00e9g \u00e9s a biztons\u00e1g n\u00f6vel\u00e9s\u00e9hez.<\/p>\n<h3>5. Anyagmozgat\u00f3 rendszerek<\/h3>\n<p>Az \u00e1ll\u00edthat\u00f3 kengyeles hengerek az anyagmozgat\u00f3 rendszerek szerves r\u00e9sz\u00e9t k\u00e9pezik. Legyen sz\u00f3 sz\u00e1ll\u00edt\u00f3szalag-rendszerr\u0151l vagy emel\u0151mechanizmusr\u00f3l, ezek a hengerek biztos\u00edtj\u00e1k a sz\u00fcks\u00e9ges er\u0151t \u00e9s vez\u00e9rl\u00e9st a t\u00e1rgyak prec\u00edz mozgat\u00e1s\u00e1hoz \u00e9s pozicion\u00e1l\u00e1s\u00e1hoz. \u00c1ll\u00edthat\u00f3 kialak\u00edt\u00e1suk lehet\u0151v\u00e9 teszi a k\u00f6nny\u0171 integr\u00e1ci\u00f3t k\u00fcl\u00f6nb\u00f6z\u0151 anyagmozgat\u00f3 rendszerekbe, n\u00f6velve a m\u0171k\u00f6d\u00e9si hat\u00e9konys\u00e1got rakt\u00e1rakban, eloszt\u00f3k\u00f6zpontokban \u00e9s gy\u00e1rt\u00f3\u00fczemekben. A sz\u00e1ll\u00edt\u00f3szalagok mozg\u00e1s\u00e1nak vez\u00e9rl\u00e9s\u00e9t\u0151l a robotkarok pozicion\u00e1l\u00e1s\u00e1ig ezek a hengerek kulcsfontoss\u00e1g\u00fa szerepet j\u00e1tszanak az anyagmozgat\u00e1si folyamatok korszer\u0171s\u00edt\u00e9s\u00e9ben.<\/p>\n<p>\u00d6sszefoglalva, az \u00e1ll\u00edthat\u00f3 kengyeles hengerek, mint p\u00e9ld\u00e1ul a garant\u00e1lt min\u0151s\u00e9g\u0171, \u00e1ll\u00edthat\u00f3 hegesztett hidraulikus dugatty\u00fas hengerek p\u00f3tkocsikhoz, sokf\u00e9le alkalmaz\u00e1si ter\u00fcleten alkalmazhat\u00f3k a k\u00fcl\u00f6nb\u00f6z\u0151 ipar\u00e1gakban. Egyedi tulajdons\u00e1gaik, bele\u00e9rtve az \u00e1ll\u00edthat\u00f3 kengyeles kialak\u00edt\u00e1st is, sokoldal\u00fav\u00e1 \u00e9s sz\u00e9les k\u00f6r\u0171 feladatokra alkalmass\u00e1 teszik \u0151ket. Legyen sz\u00f3 ipari g\u00e9pekr\u0151l, mez\u0151gazdas\u00e1gi berendez\u00e9sekr\u0151l, mobil j\u00e1rm\u0171vekr\u0151l, \u00e9p\u00edt\u0151ipari g\u00e9pekr\u0151l vagy anyagmozgat\u00f3 rendszerekr\u0151l, ezek a hengerek biztos\u00edtj\u00e1k a sz\u00fcks\u00e9ges er\u0151t, vez\u00e9rl\u00e9st \u00e9s megb\u00edzhat\u00f3s\u00e1got a teljes\u00edtm\u00e9ny optimaliz\u00e1l\u00e1s\u00e1hoz \u00e9s a m\u0171k\u00f6d\u00e9si hat\u00e9konys\u00e1g n\u00f6vel\u00e9s\u00e9hez.<\/p>\n<p><img decoding=\"async\" src=\"https:\/\/fmp-components.com\/wp-content\/uploads\/2024\/12\/Application-of-Adjustable-Clevis-Type-Cylinders.webp\" alt=\"\u00c1ll\u00edthat\u00f3 kengyeles henger\" width=\"800\" title=\"\"><\/p>\n<h3>Az FMP-r\u0151l<\/h3>\n<p>Az FMP egy olyan v\u00e1llalat, amely hidraulikus hengerek gy\u00e1rt\u00e1s\u00e1ra \u00e9s \u00e9rt\u00e9kes\u00edt\u00e9s\u00e9re specializ\u00e1l\u00f3dott. Kiterjedt ipar\u00e1gi tapasztalatunkkal \u00e9s professzion\u00e1lis csapatunkkal kiv\u00e1l\u00f3 min\u0151s\u00e9g\u0171 \u00e9s megb\u00edzhat\u00f3 hidraulikus hengereket biztos\u00edtunk \u00e9p\u00edt\u0151ipari g\u00e9pekhez.<\/p>\n<p>1. Sz\u00e9les term\u00e9kv\u00e1laszt\u00e9k:<\/p>\n<p>Term\u00e9kk\u00edn\u00e1latunkban k\u00fcl\u00f6nf\u00e9le hidraulikus hengerek tal\u00e1lhat\u00f3k \u00e9p\u00edt\u0151ipari g\u00e9pekhez. Ak\u00e1r egyszeres vagy kett\u0151s m\u0171k\u00f6d\u00e9s\u0171 hengerekre, teleszk\u00f3pos hengerekre vagy egyedi tervez\u00e9s\u0171 hengerekre van sz\u00fcks\u00e9ge, n\u00e1lunk megtal\u00e1lja az \u00d6n egyedi ig\u00e9nyeinek megfelel\u0151 t\u00f6k\u00e9letes megold\u00e1st.<\/p>\n<p>2. Kiv\u00e1l\u00f3 min\u0151s\u00e9g\u0171 alkatr\u00e9szek:<\/p>\n<p>Minden hidraulikus henger\u00fcnk kiv\u00e1l\u00f3 min\u0151s\u00e9g\u0171 alkatr\u00e9szekb\u0151l k\u00e9sz\u00fcl. Gy\u00e1rt\u00e1si folyamatunkban a min\u0151s\u00e9get helyezz\u00fck el\u0151t\u00e9rbe, hogy biztos\u00edtsuk term\u00e9keink hossz\u00fa \u00e9lettartam\u00e1t \u00e9s teljes\u00edtm\u00e9ny\u00e9t.<\/p>\n<p>3. Szak\u00e9rtelem \u00e9s konzult\u00e1ci\u00f3:<\/p>\n<p>Tapasztalt \u00e9rt\u00e9kes\u00edt\u00e9si csapatunk j\u00f3l ismeri az \u00e9p\u00edt\u0151ipari g\u00e9pipar fejleszt\u00e9si trendjeit \u00e9s \u00fcgyf\u00e9lig\u00e9nyeit. Professzion\u00e1lis term\u00e9ktan\u00e1csad\u00e1st ny\u00fajtanak, seg\u00edtve a g\u00e9p\u00e9hez megfelel\u0151 hidraulikus henger kiv\u00e1laszt\u00e1s\u00e1t.<\/p>\n<p>4. Megb\u00edzhat\u00f3 ell\u00e1t\u00e1si l\u00e1nc:<\/p>\n<p>Hossz\u00fa t\u00e1v\u00fa \u00e9s stabil egy\u00fcttm\u0171k\u00f6d\u00e9si kapcsolatok kialak\u00edt\u00e1s\u00e1val kiv\u00e1l\u00f3 min\u0151s\u00e9g\u0171 besz\u00e1ll\u00edt\u00f3kkal garant\u00e1ljuk, hogy minden besz\u00e1ll\u00edtott alkatr\u00e9sz megfelel a szigor\u00fa min\u0151s\u00e9gi el\u0151\u00edr\u00e1soknak. Ez biztos\u00edtja hidraulikus hengereink megb\u00edzhat\u00f3s\u00e1g\u00e1t \u00e9s tart\u00f3ss\u00e1g\u00e1t.<\/p>\n<p>5. Hat\u00e9kony logisztika \u00e9s id\u0151ben t\u00f6rt\u00e9n\u0151 sz\u00e1ll\u00edt\u00e1s:<\/p>\n<p>Hat\u00e9kony logisztikai eloszt\u00e1si rendszerrel rendelkez\u00fcnk annak \u00e9rdek\u00e9ben, hogy \u00fcgyfeleink id\u0151ben \u00e9s pontosan megkapj\u00e1k a sz\u00fcks\u00e9ges hidraulikus hengereket. Meg\u00e9rtj\u00fck az \u00e1ll\u00e1sid\u0151 minimaliz\u00e1l\u00e1s\u00e1nak fontoss\u00e1g\u00e1t, \u00e9s c\u00e9lunk a gyors sz\u00e1ll\u00edt\u00e1s.<\/p>\n<p><img decoding=\"async\" src=\"https:\/\/fmp-components.com\/wp-content\/uploads\/2024\/12\/Adjustable-Clevis-Type-Cylinders-6.webp\" alt=\"\u00c1ll\u00edthat\u00f3 kengyeles henger\" width=\"812\" title=\"\"><\/p>\n<h2>Gyakran Ism\u00e9telt K\u00e9rd\u00e9sek:<\/h2>\n<ol>\n<li style=\"list-style-type: none;\">\n<ol>\n<li><b>K: Alkalmasak ezek a hidraulikus dugatty\u00fas hengerek az energia- \u00e9s b\u00e1ny\u00e1szati \u200b\u200biparban val\u00f3 haszn\u00e1latra?<\/b> nn<br \/>\nV: Igen, az \u00e1ll\u00edthat\u00f3 hegesztett hidraulikus dugatty\u00fas henger\u00fcnket \u00fagy tervezt\u00fck, hogy ellen\u00e1lljon a neh\u00e9z k\u00f6r\u00fclm\u00e9nyeknek, \u00edgy alkalmass\u00e1 t\u00e9ve az energia- \u00e9s b\u00e1ny\u00e1szati \u200b\u200biparban val\u00f3 haszn\u00e1latra.<\/li>\n<\/ol>\n<\/li>\n<\/ol>\n<ol>\n<li style=\"list-style-type: none;\">\n<ol>\n<li><b>K: Mekkora a maxim\u00e1lis s\u00faly, amit ez a hidraulikus dugatty\u00fas henger el tud h\u00fazni?<\/b> nn<br \/>\nV: \u00c1ll\u00edthat\u00f3 hegesztett hidraulikus dugatty\u00fas henger\u00fcnk ak\u00e1r 20 tonna s\u00falyt is k\u00e9pes h\u00fazni.<\/li>\n<\/ol>\n<\/li>\n<\/ol>\n<ol>\n<li style=\"list-style-type: none;\">\n<ol>\n<li><b>K: K\u00edn\u00e1lnak-e b\u00e1rmilyen garanci\u00e1t erre a term\u00e9kre?<\/b> nn<br \/>\nV: Igen, az \u00e1ll\u00edthat\u00f3 hegesztett hidraulikus dugatty\u00fas henger\u00fcnkre 1 \u00e9v garanci\u00e1t v\u00e1llalunk a f\u0151 alkatr\u00e9szekre.<\/li>\n<\/ol>\n<\/li>\n<\/ol>\n<p>Szerz\u0151: CX<\/p>","protected":false},"excerpt":{"rendered":"<p>Introducing the Guaranteed Quality Adjustable Welded Hydraulic Piston Cylinder For Trailer: The Guaranteed Quality Adjustable Welded Hydraulic Piston Cylinder For Trailer is a high-performance hydraulic component designed specifically for trailers. With its advanced features and construction, this piston cylinder delivers exceptional performance and durability. One of the key features of this hydraulic piston cylinder is [&hellip;]<\/p>","protected":false},"featured_media":1336,"comment_status":"closed","ping_status":"closed","template":"","meta":{"_et_pb_use_builder":"","_et_pb_old_content":"","_et_gb_content_width":""},"product_brand":[],"product_cat":[39],"product_tag":[41,34],"class_list":{"0":"post-1350","1":"product","2":"type-product","3":"status-publish","4":"has-post-thumbnail","6":"product_cat-adjustable-clevis-type-cylinders","7":"product_tag-adjustable-clevis-type-cylinders","8":"product_tag-hydraulic-cylinder","10":"first","11":"instock","12":"product-type-simple"},"_links":{"self":[{"href":"https:\/\/fmp-components.com\/hu\/wp-json\/wp\/v2\/product\/1350","targetHints":{"allow":["GET"]}}],"collection":[{"href":"https:\/\/fmp-components.com\/hu\/wp-json\/wp\/v2\/product"}],"about":[{"href":"https:\/\/fmp-components.com\/hu\/wp-json\/wp\/v2\/types\/product"}],"replies":[{"embeddable":true,"href":"https:\/\/fmp-components.com\/hu\/wp-json\/wp\/v2\/comments?post=1350"}],"wp:featuredmedia":[{"embeddable":true,"href":"https:\/\/fmp-components.com\/hu\/wp-json\/wp\/v2\/media\/1336"}],"wp:attachment":[{"href":"https:\/\/fmp-components.com\/hu\/wp-json\/wp\/v2\/media?parent=1350"}],"wp:term":[{"taxonomy":"product_brand","embeddable":true,"href":"https:\/\/fmp-components.com\/hu\/wp-json\/wp\/v2\/product_brand?post=1350"},{"taxonomy":"product_cat","embeddable":true,"href":"https:\/\/fmp-components.com\/hu\/wp-json\/wp\/v2\/product_cat?post=1350"},{"taxonomy":"product_tag","embeddable":true,"href":"https:\/\/fmp-components.com\/hu\/wp-json\/wp\/v2\/product_tag?post=1350"}],"curies":[{"name":"munkaf\u00fczet","href":"https:\/\/api.w.org\/{rel}","templated":true}]}}